{"id":2385,"date":"2021-10-08T21:35:27","date_gmt":"2021-10-08T18:35:27","guid":{"rendered":"https:\/\/findvit.com\/?post_type=product&#038;p=2385"},"modified":"2026-02-09T15:59:51","modified_gmt":"2026-02-09T13:59:51","slug":"joninis-cinkas-50-mg-su-72-juros-mineralu-kompleksu-concentrace","status":"publish","type":"product","link":"https:\/\/findvit.com\/et\/produktas\/joninis-cinkas-50-mg-su-72-juros-mineralu-kompleksu-concentrace\/","title":{"rendered":"Trace Minerals ionic Tsink mineraalidega, 59 ml"},"content":{"rendered":"\t\t<div data-elementor-type=\"product-post\" data-elementor-id=\"2385\" class=\"elementor elementor-2385\" data-elementor-post-type=\"product\">\n\t\t\t\t\t\t<section class=\"elementor-section elementor-top-section elementor-element elementor-element-a226a0d elementor-section-boxed elementor-section-height-default elementor-section-height-default\" data-id=\"a226a0d\" data-element_type=\"section\" data-e-type=\"section\">\n\t\t\t\t\t\t<div class=\"elementor-container elementor-column-gap-default\">\n\t\t\t\t\t<div class=\"elementor-column elementor-col-100 elementor-top-column elementor-element elementor-element-4a413bf\" data-id=\"4a413bf\" data-element_type=\"column\" data-e-type=\"column\">\n\t\t\t<div class=\"elementor-widget-wrap elementor-element-populated\">\n\t\t\t\t\t\t<div class=\"elementor-element elementor-element-3117dbb elementor-absolute elementor-hidden-mobile elementor-invisible elementor-widget elementor-widget-image\" data-id=\"3117dbb\" data-element_type=\"widget\" data-e-type=\"widget\" data-settings=\"{&quot;motion_fx_motion_fx_scrolling&quot;:&quot;yes&quot;,&quot;motion_fx_rotateZ_effect&quot;:&quot;yes&quot;,&quot;motion_fx_rotateZ_speed&quot;:{&quot;unit&quot;:&quot;px&quot;,&quot;size&quot;:5,&quot;sizes&quot;:[]},&quot;motion_fx_range&quot;:&quot;viewport&quot;,&quot;_animation&quot;:&quot;fadeIn&quot;,&quot;_position&quot;:&quot;absolute&quot;,&quot;motion_fx_rotateZ_affectedRange&quot;:{&quot;unit&quot;:&quot;%&quot;,&quot;size&quot;:&quot;&quot;,&quot;sizes&quot;:{&quot;start&quot;:0,&quot;end&quot;:100}},&quot;motion_fx_devices&quot;:[&quot;desktop&quot;,&quot;tablet&quot;,&quot;mobile&quot;]}\" data-widget_type=\"image.default\">\n\t\t\t\t<div class=\"elementor-widget-container\">\n\t\t\t\t\t\t\t\t\t\t\t\t\t\t\t<img loading=\"lazy\" loading=\"lazy\" decoding=\"async\" width=\"200\" height=\"200\" src=\"https:\/\/findvit.com\/wp-content\/uploads\/xstore\/xstore-placeholder-1x1.png\" class=\"attachment-full size-full wp-image-1777 lazyload lazyload-simple et-lazyload-fadeIn\" alt=\"Ratukas nuo klausimyno iki vitamino\" data-src=\"https:\/\/findvit.com\/wp-content\/uploads\/2021\/09\/ratukas.svg\" \/>\t\t\t\t\t\t\t\t\t\t\t\t\t\t\t<\/div>\n\t\t\t\t<\/div>\n\t\t\t\t\t<\/div>\n\t\t<\/div>\n\t\t\t\t\t<\/div>\n\t\t<\/section>\n\t\t\t\t<section class=\"elementor-section elementor-top-section elementor-element elementor-element-366c346 elementor-section-boxed elementor-section-height-default elementor-section-height-default\" data-id=\"366c346\" data-element_type=\"section\" data-e-type=\"section\">\n\t\t\t\t\t\t<div class=\"elementor-container elementor-column-gap-no\">\n\t\t\t\t\t<div class=\"elementor-column elementor-col-50 elementor-top-column elementor-element elementor-element-e3154fc\" data-id=\"e3154fc\" data-element_type=\"column\" data-e-type=\"column\">\n\t\t\t<div class=\"elementor-widget-wrap elementor-element-populated\">\n\t\t\t\t\t\t<div class=\"elementor-element elementor-element-51b6270 elementor-widget elementor-widget-heading\" data-id=\"51b6270\" data-element_type=\"widget\" data-e-type=\"widget\" data-widget_type=\"heading.default\">\n\t\t\t\t<div class=\"elementor-widget-container\">\n\t\t\t\t\t<h2 class=\"elementor-heading-title elementor-size-medium\">Trace Minerals joninis Cinkas su mineralais, 59 ml<\/h2>\t\t\t\t<\/div>\n\t\t\t\t<\/div>\n\t\t\t\t<div class=\"elementor-element elementor-element-c233cae elementor-widget elementor-widget-text-editor\" data-id=\"c233cae\" data-element_type=\"widget\" data-e-type=\"widget\" data-widget_type=\"text-editor.default\">\n\t\t\t\t<div class=\"elementor-widget-container\">\n\t\t\t\t\t\t\t\t\t<p>Tai <strong>jonin\u0117s formos <\/strong>skystas Cinkas<strong>, praturtintas Concentrace\u00ae <\/strong>72\u00a0 j\u016bros mineral\u0173 kompleksu.<\/p><p>Cinkas<strong> yra b\u016btinas mineralas<\/strong>, kurio reikia visoms l\u0105stel\u0117ms organizme. Jis yra svarbus daugeliui funkcij\u0173, toki\u0173 kaip:<\/p><ul><li>svarbus normaliai <br \/><strong>r\u016bg\u0161\u010di\u0173 ir \u0161arm\u0173 apykaitai<\/strong><\/li><li>svarbus normaliai <br \/><strong>angliavandeni\u0173 apykaitai<\/strong><\/li><li>svarbus normaliai <br \/><strong>DNR sintezei<\/strong><\/li><li>svarbus normaliam <br \/><strong>vaisingumui ir reprodukcijai<\/strong><\/li><li>svarbus normaliai <br \/><strong>kaul\u0173 b\u016bklei<\/strong> palaikyti<\/li><li>svarbus normaliai <br \/><strong>nag\u0173 b\u016bklei palaikyti<\/strong><\/li><li>svarbus normaliai <br \/>odos ir plauk\u0173 b\u016bklei palaikyti<\/li><\/ul><h3><strong>LENGVA VARTOTI<\/strong><\/h3><p>\u0160is produktas <strong>yra ypatingas<\/strong> d\u0117l savo <strong>subalansuotos<\/strong> skystos formos, kuri <strong>leid\u017eia lengvai<\/strong> reguliuoti dozavim\u0105 pagal j\u016bs\u0173 individualius poreikius.\u00a0<\/p><p>Naudodami <strong>dozavimo pipet\u0119<\/strong>, rekomenduojama vartoti nuo 0,5 ml ir didinti iki 1,25 ml. <strong>\u012e stiklin\u0119 vandens<\/strong> ar sul\u010di\u0173, po valgio.<\/p><h3><strong>I\u0160SISKIRIA I\u0160 KIT\u0172<\/strong><\/h3><p>Skirtingai nuo kit\u0173 cinko form\u0173, skystasis joninis cinkas yra <strong>lengvai priimamas<\/strong> ir neturi joki\u0173 \u0161alutini\u0173 poveiki\u0173.<\/p><p>Skystasis joninis cinkas yra pagamintas i\u0161 nat\u016bralaus \u0161altinio &#8211; J\u016bros vandens koncentrato &#8211; kuris yra praturtintas 50 mg cinko.<\/p><p>\u0160is koncentratas yra <strong>gautas i\u0161 Did\u017eiosios druskos e\u017eero<\/strong>, kuris yra vienas i\u0161 minerali\u0161kiausi\u0173 vandens telkini\u0173 pasaulyje.<\/p><h3><strong>SUDERINTAS SU SVARBIAUSIAIS<\/strong><\/h3><p>Skystasis joninis cinkas taip pat yra suderintas su kitais mikroelementais, kurie padeda geriau priimti ir padaryti naudingesn\u012f.<\/p><h3><strong>DAUGELIUI VERTINGAS<\/strong>\u00a0<\/h3><p><strong>Rekomenduojama taip pat vartoti<\/strong>, \u017emon\u0117ms, kurie propaguoja vegetarin\u0119 ar veganin\u0119 mityb\u0105, n\u0117\u0161\u010diosioms ir \u017eindyv\u0117ms, sergantiems skrand\u017eio ir \u017earnyno ligomis, l\u0117tin\u0117mis inkst\u0173 ligomis, piktnaud\u017eiaujantiems alkoholiu, prastai besimaitinantiems arba \u017emon\u0117ms, turintiems valgymo sutrikim\u0173.<\/p><h3><strong>I\u0160 GAMTOS<\/strong><\/h3><p><b>Joniniai mineralai <\/b>yra sukurti nat\u016bralios gamtos, tokie pat kaip ir maiste esantys <strong>mikroelementai<\/strong>.<\/p><p>Kaip <strong>su\u017einoti,<\/strong> kurie vitaminai, mineralai ar kiti papildai <strong>tinkamiausi \u0161iuo metu<\/strong>? <strong>I\u0161bandyk<\/strong> nemokam\u0105 test\u0105 <a href=\"https:\/\/findvit.com\/testas\/\"><strong>&#8222;Tavo diena&#8221; <\/strong><\/a>!\u00a0 Kur <strong>su\u017einosi<\/strong> organizmo poreikius ir <strong>gausi<\/strong> <strong>asmenin\u0119<\/strong> rekomendacij\u0105!<\/p><h5>\u00a0<\/h5>\t\t\t\t\t\t\t\t<\/div>\n\t\t\t\t<\/div>\n\t\t\t\t\t<\/div>\n\t\t<\/div>\n\t\t\t\t<div class=\"elementor-column elementor-col-50 elementor-top-column elementor-element elementor-element-c89ad6b\" data-id=\"c89ad6b\" data-element_type=\"column\" data-e-type=\"column\">\n\t\t\t<div class=\"elementor-widget-wrap elementor-element-populated\">\n\t\t\t\t\t\t<div class=\"elementor-element elementor-element-2962464 elementor-widget elementor-widget-image\" data-id=\"2962464\" data-element_type=\"widget\" data-e-type=\"widget\" data-widget_type=\"image.default\">\n\t\t\t\t<div class=\"elementor-widget-container\">\n\t\t\t\t\t\t\t\t\t\t\t\t\t\t\t<img loading=\"lazy\" loading=\"lazy\" decoding=\"async\" width=\"900\" height=\"900\" src=\"https:\/\/findvit.com\/wp-content\/uploads\/xstore\/xstore-placeholder-1x1.png\" class=\"attachment-large size-large wp-image-2469 lazyload lazyload-simple et-lazyload-fadeIn\" alt=\"sportas sveikata koliazas\" sizes=\"auto, (max-width: 900px) 100vw, 900px\" data-src=\"https:\/\/findvit.com\/wp-content\/uploads\/2021\/10\/Ko-3-900x900.jpg\" data-srcset=\"https:\/\/findvit.com\/wp-content\/uploads\/2021\/10\/Ko-3-900x900.jpg 900w, https:\/\/findvit.com\/wp-content\/uploads\/2021\/10\/Ko-3-600x600.jpg 600w, https:\/\/findvit.com\/wp-content\/uploads\/2021\/10\/Ko-3-150x150.jpg 150w, https:\/\/findvit.com\/wp-content\/uploads\/2021\/10\/Ko-3-768x768.jpg 768w, https:\/\/findvit.com\/wp-content\/uploads\/2021\/10\/Ko-3-1x1.jpg 1w, https:\/\/findvit.com\/wp-content\/uploads\/2021\/10\/Ko-3-10x10.jpg 10w, https:\/\/findvit.com\/wp-content\/uploads\/2021\/10\/Ko-3-100x100.jpg 100w, https:\/\/findvit.com\/wp-content\/uploads\/2021\/10\/Ko-3.jpg 1000w\" \/>\t\t\t\t\t\t\t\t\t\t\t\t\t\t\t<\/div>\n\t\t\t\t<\/div>\n\t\t\t\t\t<\/div>\n\t\t<\/div>\n\t\t\t\t\t<\/div>\n\t\t<\/section>\n\t\t\t\t<\/div>\n\t\t","protected":false},"excerpt":{"rendered":"<p>Loodusliku p\u00e4ritoluga vedel ioonne tsink. V\u00e4ga oluline on s\u00e4ilitada ilus nahk, juuksed ja k\u00fc\u00fcned. Vajalik igak\u00fclgseks meeste igap\u00e4evaeluks. Tagab tugeva reaktsiooni. See sisaldab maksimaalset tsingi kontsentratsiooni p\u00e4evas - 50 mg. Rikastatud kontsentreeritud ioonsete mikroelementide t\u00e4ieliku spektriga. Mugav doseerimispipett. Kursuse jaoks piisab kuni 48 p\u00e4evast. Kehtib kuni 31.12.2023.<\/p>","protected":false},"featured_media":2681,"comment_status":"open","ping_status":"closed","template":"","meta":{"_acf_changed":false,"inline_featured_image":false},"etheme_brands":[{"term_id":38,"name":"Trace Minerals","slug":"trace-minerals","term_group":0,"term_taxonomy_id":38,"taxonomy":"brand","description":"<h2><strong>Trace minerals<\/strong><\/h2>\r\n\"Trace Minerals\" yra \u017einomas jonini\u0173 mineralini\u0173 papild\u0173 prek\u0117s \u017eenklas, kuriuo pasitikima beveik 50 met\u0173.\r\n\r\n<strong>Gamintojo misija<\/strong>\r\n\r\n\"Trace Minerals\" mato pasaul\u012f, kuriame \u017emon\u0117s yra\r\natsakingi u\u017e savo sveikat\u0105. Laikas, kai visi \u017emon\u0117s yra nori ir gali\r\ngyventi sveikiau. Joniniai mineralai yra pasiekiami visiems norintiems. Daugiau nei 50 met\u0173 \"Trace Minerals\" prek\u0117s \u017eenklo\r\nproduktai visame pasaulyje buvo pripa\u017einti jonini\u0173 produkt\u0173 pradininkais.\r\n\r\nVisus 50 met\u0173 Trace Minerals vertyb\u0117s yra:\r\n\r\n1. Bekompromis\u0117 kokyb\u0117, nuo kurios priklauso \u017emoni\u0173 savijauta.\r\n2. Neprilygstama aptarnavimas, kuris leid\u017eia klientams \u0161ypsotis.\r\n3. Nuolatinis pajam\u0173 augimas diegiant inovacijas ir kuriant produktus.\r\n4. Ugdomieji u\u017esi\u0117mimai.\r\n5. Lyderyst\u0117 savo srities pramon\u0117je.\r\n6. Lojalumas ir s\u0105\u017einingumas patikimiems darbuotojams ir verslo partneriams.\r\n<h3><strong>Garantija<\/strong><\/h3>\r\nGamintojas tiki, kad maisto papildai tur\u0117t\u0173 atne\u0161ti pastebimus\r\nrezultatus. Trace minerals \u012fsipareigojimas siekti pastebim\u0173 rezultat\u0173 yra\r\n\"Trace Minerals research\" filosofija.\r\n\r\nBeveik penkis de\u0161imtme\u010dius \"Trace Minerals\" prek\u0117s \u017eenklo produktai pad\u0117jo \u017emon\u0117ms priimti pagr\u012fstus sprendimus pasirenkant tinkamus produktus. Trce Minerals t\u0119stinis \u012fsipareigojimas yra paprastas: gaminti auk\u0161\u010diausios kokyb\u0117s produktus, paremtus moksliniais tyrimais, pagamintus u\u017e teising\u0105 kain\u0105 ir garantuojama, kad bus\r\npagerinti gyvenimai t\u0173, kurie vartoja kokybi\u0161kus produktus. Trace minerals visada tai dar\u0117 ir toliau t\u0105 darys.\r\n\r\nhttps:\/\/youtu.be\/hbeINVcx5FY?t=77\r\n<h3><strong>Mokslas ir tyrimai<\/strong><\/h3>\r\nGamintojas gavo \u0161e\u0161i\u0173 m\u0117nesi\u0173 klinikinio tyrimo \"ConcenTrace\u00ae\" rezultatus. \"Trace Mineral Drops\", jo pavyzdinis jonini\u0173 mineralinis papildas, kuriame yra visas spektras nat\u016braliai atsirandan\u010di\u0173 mikroelement\u0173.\r\n\r\nDalyviams buvo skiriama po 40 la\u0161\u0173 ConcenTrace\u00ae arba placebo per par\u0105\r\n24 savaites. Tyrime teigiama, kad \"veiksmingum\u0105 objektyviai patvirtino\r\n\u012fvertinti s\u0105nari\u0173 kremzl\u0117s storio, s\u0105nario erdv\u0117s plo\u010dio poky\u010dius\r\nir sinovinio skys\u010dio sud\u0117tis\". 24 savai\u010di\u0173 rezultatai rodo, kad \"ultrasonografija ir sinovinio skys\u010dio tyrimas atskleid\u0117 kremzl\u0117s\r\nstrukt\u016bros pager\u0117jim\u0105\".\r\n\r\n\u0160is preliminarus tyrimas parodo, kad ConcenTrace\u00ae pagerina s\u0105nari\u0173 sveikat\u0105.\r\n<h3><strong>Sertifikatai<\/strong><\/h3>\r\nKokyb\u0117 visada buvo svarbiausias <a href=\"https:\/\/www.traceminerals.com\/\" target=\"_blank\" rel=\"noopener\">\"Trace Minerals\"<\/a> prioritetas. Per daugel\u012f met\u0173\u00a0 akylai tobulino gamybos procesus. Tikima, kad geriausi procesai padeda gaminti geriausius ir sveikiausius produktus. Tai yra pagrindin\u0117 prie\u017eastis, kod\u0117l grie\u017etai kontroliuojama produkt\u0173 kokyb\u0117 ir kod\u0117l turima daugyb\u0117 sertifikat\u0173.\r\n<ul>\r\n \t<li><a href=\"https:\/\/grmalliance.org\/\" target=\"_blank\" rel=\"noopener\">GRMA\/UL GMP Certified<\/a><\/li>\r\n \t<li>GRAS Certified<\/li>\r\n \t<li>BPA Free<\/li>\r\n \t<li>Kosher<\/li>\r\n \t<li>Halal<\/li>\r\n \t<li>Non-GMO Verified<\/li>\r\n \t<li>Transparency<\/li>\r\n<\/ul>","parent":0,"count":19,"filter":"raw"}],"product_brand":[],"product_cat":[63],"product_tag":[91,95,101,121],"class_list":{"0":"post-2385","1":"product","2":"type-product","3":"status-publish","4":"has-post-thumbnail","6":"brand-trace-minerals","7":"product_cat-mineralai","8":"product_tag-imunitetui","9":"product_tag-puikiai-isvaizdai","10":"product_tag-ramiam-miegui","11":"product_tag-zvilgantiems-plaukams","13":"first","14":"outofstock","15":"taxable","16":"shipping-taxable","17":"purchasable","18":"product-type-simple"},"acf":[],"_links":{"self":[{"href":"https:\/\/findvit.com\/et\/wp-json\/wp\/v2\/product\/2385","targetHints":{"allow":["GET"]}}],"collection":[{"href":"https:\/\/findvit.com\/et\/wp-json\/wp\/v2\/product"}],"about":[{"href":"https:\/\/findvit.com\/et\/wp-json\/wp\/v2\/types\/product"}],"replies":[{"embeddable":true,"href":"https:\/\/findvit.com\/et\/wp-json\/wp\/v2\/comments?post=2385"}],"version-history":[{"count":11,"href":"https:\/\/findvit.com\/et\/wp-json\/wp\/v2\/product\/2385\/revisions"}],"predecessor-version":[{"id":18958,"href":"https:\/\/findvit.com\/et\/wp-json\/wp\/v2\/product\/2385\/revisions\/18958"}],"wp:featuredmedia":[{"embeddable":true,"href":"https:\/\/findvit.com\/et\/wp-json\/wp\/v2\/media\/2681"}],"wp:attachment":[{"href":"https:\/\/findvit.com\/et\/wp-json\/wp\/v2\/media?parent=2385"}],"wp:term":[{"taxonomy":"brand","embeddable":true,"href":"https:\/\/findvit.com\/et\/wp-json\/wp\/v2\/etheme_brands?post=2385"},{"taxonomy":"product_brand","embeddable":true,"href":"https:\/\/findvit.com\/et\/wp-json\/wp\/v2\/product_brand?post=2385"},{"taxonomy":"product_cat","embeddable":true,"href":"https:\/\/findvit.com\/et\/wp-json\/wp\/v2\/product_cat?post=2385"},{"taxonomy":"product_tag","embeddable":true,"href":"https:\/\/findvit.com\/et\/wp-json\/wp\/v2\/product_tag?post=2385"}],"curies":[{"name":"wp","href":"https:\/\/api.w.org\/{rel}","templated":true}]}}