{"id":2388,"date":"2021-10-08T21:37:23","date_gmt":"2021-10-08T18:37:23","guid":{"rendered":"https:\/\/findvit.com\/?post_type=product&#038;p=2388"},"modified":"2026-02-09T16:33:59","modified_gmt":"2026-02-09T14:33:59","slug":"naturalus-vitaminas-d3-su-fermentais-ir-probiotikai-vitamin-code","status":"publish","type":"product","link":"https:\/\/findvit.com\/et\/produktas\/naturalus-vitaminas-d3-su-fermentais-ir-probiotikai-vitamin-code\/","title":{"rendered":"Eluaed Vitamiin Kood Raw D3 - Vitamiin D3 2000 kangusega, 60 taimetoidukapslit"},"content":{"rendered":"<div data-elementor-type=\"product-post\" data-elementor-id=\"2388\" class=\"elementor elementor-2388\" data-elementor-post-type=\"product\">\n\t\t\t\t\t\t<section class=\"elementor-section elementor-top-section elementor-element elementor-element-54e5620 elementor-section-boxed elementor-section-height-default elementor-section-height-default\" data-id=\"54e5620\" data-element_type=\"section\">\n\t\t\t\t\t\t<div class=\"elementor-container elementor-column-gap-default\">\n\t\t\t\t\t<div class=\"elementor-column elementor-col-100 elementor-top-column elementor-element elementor-element-85c3046\" data-id=\"85c3046\" data-element_type=\"column\">\n\t\t\t<div class=\"elementor-widget-wrap elementor-element-populated\">\n\t\t\t\t\t\t<div class=\"elementor-element elementor-element-6ae3d17 elementor-absolute elementor-hidden-mobile elementor-invisible elementor-widget elementor-widget-image\" data-id=\"6ae3d17\" data-element_type=\"widget\" data-settings=\"{&quot;motion_fx_motion_fx_scrolling&quot;:&quot;yes&quot;,&quot;motion_fx_rotateZ_effect&quot;:&quot;yes&quot;,&quot;motion_fx_rotateZ_speed&quot;:{&quot;unit&quot;:&quot;px&quot;,&quot;size&quot;:5,&quot;sizes&quot;:[]},&quot;motion_fx_range&quot;:&quot;viewport&quot;,&quot;_animation&quot;:&quot;fadeIn&quot;,&quot;_position&quot;:&quot;absolute&quot;,&quot;motion_fx_rotateZ_affectedRange&quot;:{&quot;unit&quot;:&quot;%&quot;,&quot;size&quot;:&quot;&quot;,&quot;sizes&quot;:{&quot;start&quot;:0,&quot;end&quot;:100}},&quot;motion_fx_devices&quot;:[&quot;desktop&quot;,&quot;tablet&quot;,&quot;mobile&quot;]}\" data-widget_type=\"image.default\">\n\t\t\t\t<div class=\"elementor-widget-container\">\n\t\t\t\t\t\t\t\t\t\t\t\t\t\t\t<img loading=\"lazy\" decoding=\"async\" width=\"200\" height=\"200\" src=\"https:\/\/findvit.com\/wp-content\/uploads\/2021\/09\/ratukas.svg\" class=\"attachment-full size-full wp-image-1777\" alt=\"Ratas ankeedist vitamiinini\" \/>\t\t\t\t\t\t\t\t\t\t\t\t\t\t\t<\/div>\n\t\t\t\t<\/div>\n\t\t\t\t\t<\/div>\n\t\t<\/div>\n\t\t\t\t\t<\/div>\n\t\t<\/section>\n\t\t\t\t<section class=\"elementor-section elementor-top-section elementor-element elementor-element-ee4595d elementor-section-boxed elementor-section-height-default elementor-section-height-default\" data-id=\"ee4595d\" data-element_type=\"section\">\n\t\t\t\t\t\t<div class=\"elementor-container elementor-column-gap-no\">\n\t\t\t\t\t<div class=\"elementor-column elementor-col-50 elementor-top-column elementor-element elementor-element-23de5d4\" data-id=\"23de5d4\" data-element_type=\"column\">\n\t\t\t<div class=\"elementor-widget-wrap elementor-element-populated\">\n\t\t\t\t\t\t<div class=\"elementor-element elementor-element-fcb1be6 elementor-widget elementor-widget-heading\" data-id=\"fcb1be6\" data-element_type=\"widget\" data-widget_type=\"heading.default\">\n\t\t\t\t<div class=\"elementor-widget-container\">\n\t\t\t\t\t<h2 class=\"elementor-heading-title elementor-size-default\">Vitamiinikood RAW D3 2000 IU - 60 kapslit<\/h2>\t\t\t\t<\/div>\n\t\t\t\t<\/div>\n\t\t\t\t<div class=\"elementor-element elementor-element-0088edb elementor-widget elementor-widget-text-editor\" data-id=\"0088edb\" data-element_type=\"widget\" data-widget_type=\"text-editor.default\">\n\t\t\t\t<div class=\"elementor-widget-container\">\n\t\t\t\t\t\t\t\t\t<p>Kui otsite <strong>looduslik ja kvaliteetne<\/strong> D3-vitamiini lisand, Vitamin Code Raw D3 on suurep\u00e4rane valik.<\/p><p>See toode p\u00f5hineb Garden of Life filosoofial, mille eesm\u00e4rk on anda inimestele v\u00f5imalus oma tervise eest hoolitseda <strong>loomulikul ja k\u00f5ikeh\u00f5lmaval viisil<\/strong>.<\/p><h3><strong>ROHKEM KUI D3-VITAMIIN<\/strong><\/h3><p>Toidulisand samuti <strong>rikastatud<\/strong> vitamiinid <strong>23 tervet puu- ja k\u00f6\u00f6giviljast<\/strong>, probiootikumid ja seedeens\u00fc\u00fcmid.<\/p><h3><strong>LOODUSLIK ON HINNATUD<\/strong><\/h3><p>LOODUSLIK (TOORS) t\u00e4hendab, et toidulisandit ei t\u00f6\u00f6delda k\u00f5rgel temperatuuril.<\/p><h3><strong>LIHTNE KASUTADA<\/strong><\/h3><p>Vitamiinikood RAW D3 on kerge ja seda v\u00f5ib v\u00f5tta igal kellaajal, isegi t\u00fchja k\u00f5huga<\/p><p>Esitatakse loodusliku pulbrina kapslites, mida saab avada ja v\u00e4ljastada.<\/p><h3><strong>OHUTUS ON V\u00c4\u00c4RTUSEL<\/strong><\/h3><p>See on suurep\u00e4rane valik neile, kes soovivad enda eest hoolitseda loomulikul viisil, <strong>ilma kunstlike lisanditeta<\/strong>.<\/p><p>Selles <strong>ei mingeid s\u00fcnteetilisi side- ega t\u00e4iteaineid<\/strong>, kunstlikud l\u00f5hna- ja maitseained, magusained, v\u00e4rvained v\u00f5i lisandid.<\/p><h3><strong>OPTIMAALNE PAKEND<\/strong><\/h3><p>60 taimetoidukapslit. 60 p\u00e4eva on piisav. <strong>Tumedas klaasist pakendis.<\/strong><br \/>Sobib taimetoitlastele ja veganitele.<\/p><h3><strong>D-VITAMIINI T\u00c4HTSUS<\/strong><\/h3><ul><li>tavaliselt oluline<strong> kaltsiumi ja fosfori imendumiseks<\/strong>\u00a0<\/li><li><strong>aitab toetada<\/strong> <br \/>normaalne vere kaltsiumisisaldus<\/li><li>oluline<strong> normaalseks luude terviseks<\/strong> toetada<\/li><li>tavaliselt oluline <strong>lihaste funktsioon<\/strong> toetada<\/li><li>tavaliselt oluline <strong>immuuns\u00fcsteemi aktiivsus<\/strong><\/li><\/ul><h3><strong>SUUREP\u00c4RANE TAGASISIDE<\/strong><\/h3><p>See saab oma loomulikkuse ja omaduste kohta lugematul hulgal suurep\u00e4raseid hinnanguid kogu maailmas.<\/p><p>Vitamin Code Raw D3 on ideaalne toidulisand neile, kes soovivad endale parimat ja saada seda v\u00f5imalikult loomulikul viisil.<\/p>\t\t\t\t\t\t\t\t<\/div>\n\t\t\t\t<\/div>\n\t\t\t\t\t<\/div>\n\t\t<\/div>\n\t\t\t\t<div class=\"elementor-column elementor-col-50 elementor-top-column elementor-element elementor-element-7576311\" data-id=\"7576311\" data-element_type=\"column\">\n\t\t\t<div class=\"elementor-widget-wrap elementor-element-populated\">\n\t\t\t\t\t\t<div class=\"elementor-element elementor-element-481e4e7 elementor-widget elementor-widget-image\" data-id=\"481e4e7\" data-element_type=\"widget\" data-widget_type=\"image.default\">\n\t\t\t\t<div class=\"elementor-widget-container\">\n\t\t\t\t\t\t\t\t\t\t\t\t\t\t\t<img loading=\"lazy\" decoding=\"async\" width=\"900\" height=\"900\" src=\"https:\/\/findvit.com\/wp-content\/uploads\/2021\/10\/Ko-7-900x900.jpg\" class=\"attachment-large size-large wp-image-2494\" alt=\"Vaimne t\u00f6\u00f6 on lihtne ja nauditav\" srcset=\"https:\/\/findvit.com\/wp-content\/uploads\/2021\/10\/Ko-7-900x900.jpg 900w, https:\/\/findvit.com\/wp-content\/uploads\/2021\/10\/Ko-7-600x600.jpg 600w, https:\/\/findvit.com\/wp-content\/uploads\/2021\/10\/Ko-7-150x150.jpg 150w, https:\/\/findvit.com\/wp-content\/uploads\/2021\/10\/Ko-7-768x768.jpg 768w, https:\/\/findvit.com\/wp-content\/uploads\/2021\/10\/Ko-7-1x1.jpg 1w, https:\/\/findvit.com\/wp-content\/uploads\/2021\/10\/Ko-7-10x10.jpg 10w, https:\/\/findvit.com\/wp-content\/uploads\/2021\/10\/Ko-7-100x100.jpg 100w, https:\/\/findvit.com\/wp-content\/uploads\/2021\/10\/Ko-7.jpg 1000w\" sizes=\"auto, (max-width: 900px) 100vw, 900px\" \/>\t\t\t\t\t\t\t\t\t\t\t\t\t\t\t<\/div>\n\t\t\t\t<\/div>\n\t\t\t\t\t<\/div>\n\t\t<\/div>\n\t\t\t\t\t<\/div>\n\t\t<\/section>\n\t\t\t\t<\/div>","protected":false},"excerpt":{"rendered":"<p>Garden of life&#039;i vitamiin D3 on looduslik D3-vitamiin, mille tugevus on 2000 R\u00dc. D3-vitamiin on eriti t\u00f5hus ja kiiresti imenduv, kuna see on kombineeritud antioks\u00fcdantide, vitamiinide ja mineraalidega 32 puu- ja k\u00f6\u00f6giviljast. T\u00e4iendatud probiootikumide ja ens\u00fc\u00fcmidega, mis toimivad kofaktoritena, et suurendada organismi imendumist. Sobib tervele perele. Piisab isegi kuni 2 kuu pikkuseks kuuriks.<\/p>","protected":false},"featured_media":2679,"comment_status":"open","ping_status":"closed","template":"","meta":{"_acf_changed":false,"inline_featured_image":false},"etheme_brands":[{"term_id":58,"name":"Garden of Life","slug":"garden-of-life","term_group":0,"term_taxonomy_id":58,"taxonomy":"brand","description":"<h2><strong><a href=\"https:\/\/www.gardenoflife.com\/why-gol\" target=\"_blank\" rel=\"noopener\">Garden of Life<\/a><\/strong><\/h2>\r\nJAV \u012fmon\u0117, kuri yra viena i\u0161 nedaugelio, gaminanti savo produktus 100% i\u0161 nat\u016brali\u0173 ingredient\u0173. Puikiai tinka \u017emon\u0117ms, kuriems labai svarbi produkt\u0173 sud\u0117tis. Visi produktai be GMO. Gamintojas apdovanotas daugeliu kokyb\u0117s sertifikat\u0173, toki\u0173 kaip USDA Organic, Certified Vegan, Certified Gluten-Free, U Kosher ir daugelis kit\u0173. Garden of life kompanija dal\u012f pajam\u0173, gaut\u0173 i\u0161 pardavim\u0173, skiria labdarai, pla\u010diau apra\u0161ytoms gamintojo svetain\u0117je.\r\n\"Garden of Life\" tikslas - suteikti \u017emon\u0117ms galimyb\u0119 tur\u0117ti auk\u0161tos kokyb\u0117s papildus, kurie yra reikalingi gerai sveikatai i\u0161laikyti. Sud\u0117tin\u0117s dalys yra organin\u0117s kilm\u0117s, klini\u0161kai i\u0161tirtos ir atsekamos kilm\u0117s. Gompanija savo gaminiuose nenaudoja sintetini\u0173 pried\u0173, dirbtini\u0173 skoni\u0173 ar da\u017eikli\u0173, ri\u0161ikli\u0173 ar u\u017epild\u0173.\r\nhttps:\/\/youtu.be\/2jbU_WkglKA?t=48\r\n<h3><strong>Neapdirbtas maistas<\/strong><\/h3>\r\n\u017dmogaus k\u016bnas buvo sukurtas valgyti, apdoroti ir gauti maistines med\u017eiagas i\u0161 maisto - tikro, sveiko maisto. Taigi, kai kuriami produktai, pradedama nuo \u017evilgnsio \u012f maist\u0105. Kokie yra \"geri dalykai\" auk\u0161\u010diausios kokyb\u0117s maiste, kurio mums tr\u016bksta m\u016bs\u0173 kasdien\u0117je mityboje? Kuris i\u0161 \u0161i\u0173 maisto produkt\u0173 turi did\u017eiausi\u0105 potencial\u0105 paveikti ir \u012fgalinti ger\u0105 sveikat\u0105?\r\n<h3><strong>Atsekamumas<\/strong><\/h3>\r\nAtsekamumas yra labai svarbus veiksnys, d\u0117l kurio \"Garden of Life\" produktai yra tokie ypatingi. Atsekamumas prasideda nuo \u017einojimo, i\u0161 kur kil\u0119s kiekvienas produkt\u0173 ingredientas, ir susipa\u017einimo su kiekviena kilme: kur jis auginamas; \u016bkininkavimo praktika; kaip elgiasi su \u016bkio darbuotojais \u2013 viskuo.\r\n<h3><strong>\u0160varu yra sveika<\/strong><\/h3>\r\nGarden of life stebi, kas yra \u012fdedama \u012f produktus \u2013 tikri, neapdirbti maisto ingredientai. Bet ties tuo nesustojama. Taip pat labai daug d\u0117mesio skiriama tam, kas i\u0161 \u0161i\u0173 produkt\u0173 i\u0161gaunama. Ir dar kart\u0105 renkamasi\u00a0 \u2013 tikras kokybi\u0161kas maistas. Kompanija naudoja tre\u010di\u0173j\u0173 \u0161ali\u0173\u00a0 sertifikatus, kad \u012frodyt\u0173, jog produktai yra \u0161var\u016bs ir kokybi\u0161ki!\r\n<h3><strong>CO2 neutralumas<\/strong><\/h3>\r\nGarden of life nepaprastai did\u017eiuojasi, kad pasiek\u0117 anglies dioksido neutralum\u0105 2021 m. Bir\u017eelio m\u0117n. CarbonFund.org sertifikuotas \"Carbonfree\u00ae\", \"Garden of Life\" nuo pat \u012fk\u016brimo buvo \u012fsipareigojusi tvarumui.","parent":0,"count":12,"filter":"raw"}],"product_brand":[],"product_cat":[651,63,124],"product_tag":[89,91,96,98],"class_list":{"0":"post-2388","1":"product","2":"type-product","3":"status-publish","4":"has-post-thumbnail","6":"brand-garden-of-life","7":"product_cat-vitaminai-ir-papildai-ziemai","8":"product_cat-mineralai","9":"product_cat-siamsezonui","10":"product_tag-atminciai-ir-koncentracijai","11":"product_tag-imunitetui","12":"product_tag-raumenims","13":"product_tag-tvirtiems-kaulams","15":"first","16":"instock","17":"sale","18":"taxable","19":"shipping-taxable","20":"purchasable","21":"product-type-simple"},"acf":[],"_links":{"self":[{"href":"https:\/\/findvit.com\/et\/wp-json\/wp\/v2\/product\/2388","targetHints":{"allow":["GET"]}}],"collection":[{"href":"https:\/\/findvit.com\/et\/wp-json\/wp\/v2\/product"}],"about":[{"href":"https:\/\/findvit.com\/et\/wp-json\/wp\/v2\/types\/product"}],"replies":[{"embeddable":true,"href":"https:\/\/findvit.com\/et\/wp-json\/wp\/v2\/comments?post=2388"}],"version-history":[{"count":15,"href":"https:\/\/findvit.com\/et\/wp-json\/wp\/v2\/product\/2388\/revisions"}],"predecessor-version":[{"id":18564,"href":"https:\/\/findvit.com\/et\/wp-json\/wp\/v2\/product\/2388\/revisions\/18564"}],"wp:featuredmedia":[{"embeddable":true,"href":"https:\/\/findvit.com\/et\/wp-json\/wp\/v2\/media\/2679"}],"wp:attachment":[{"href":"https:\/\/findvit.com\/et\/wp-json\/wp\/v2\/media?parent=2388"}],"wp:term":[{"taxonomy":"brand","embeddable":true,"href":"https:\/\/findvit.com\/et\/wp-json\/wp\/v2\/etheme_brands?post=2388"},{"taxonomy":"product_brand","embeddable":true,"href":"https:\/\/findvit.com\/et\/wp-json\/wp\/v2\/product_brand?post=2388"},{"taxonomy":"product_cat","embeddable":true,"href":"https:\/\/findvit.com\/et\/wp-json\/wp\/v2\/product_cat?post=2388"},{"taxonomy":"product_tag","embeddable":true,"href":"https:\/\/findvit.com\/et\/wp-json\/wp\/v2\/product_tag?post=2388"}],"curies":[{"name":"wp","href":"https:\/\/api.w.org\/{rel}","templated":true}]}}