{"id":2394,"date":"2021-10-08T21:45:20","date_gmt":"2021-10-08T18:45:20","guid":{"rendered":"https:\/\/findvit.com\/?post_type=product&#038;p=2394"},"modified":"2026-03-19T10:47:11","modified_gmt":"2026-03-19T08:47:11","slug":"gerosios-bakterijos-su-prebiotikais-body-biotics","status":"publish","type":"product","link":"https:\/\/findvit.com\/et\/produktas\/gerosios-bakterijos-su-prebiotikais-body-biotics\/","title":{"rendered":"KIKI Health BODY BIOTICS bioaktyv\u016bs probiotikai su prebiotikais, 30 vegkapsuli\u0173"},"content":{"rendered":"<div data-elementor-type=\"product-post\" data-elementor-id=\"2394\" class=\"elementor elementor-2394\" data-elementor-post-type=\"product\">\n\t\t\t\t\t\t<section class=\"elementor-section elementor-top-section elementor-element elementor-element-ef1f43a elementor-section-boxed elementor-section-height-default elementor-section-height-default\" data-id=\"ef1f43a\" data-element_type=\"section\">\n\t\t\t\t\t\t<div class=\"elementor-container elementor-column-gap-default\">\n\t\t\t\t\t<div class=\"elementor-column elementor-col-100 elementor-top-column elementor-element elementor-element-c7ae5e4\" data-id=\"c7ae5e4\" data-element_type=\"column\">\n\t\t\t<div class=\"elementor-widget-wrap elementor-element-populated\">\n\t\t\t\t\t\t<div class=\"elementor-element elementor-element-25401a1 elementor-absolute elementor-hidden-mobile elementor-invisible elementor-widget elementor-widget-image\" data-id=\"25401a1\" data-element_type=\"widget\" data-settings=\"{&quot;motion_fx_motion_fx_scrolling&quot;:&quot;yes&quot;,&quot;motion_fx_rotateZ_effect&quot;:&quot;yes&quot;,&quot;motion_fx_rotateZ_speed&quot;:{&quot;unit&quot;:&quot;px&quot;,&quot;size&quot;:5,&quot;sizes&quot;:[]},&quot;motion_fx_range&quot;:&quot;viewport&quot;,&quot;_animation&quot;:&quot;fadeIn&quot;,&quot;_position&quot;:&quot;absolute&quot;,&quot;motion_fx_rotateZ_affectedRange&quot;:{&quot;unit&quot;:&quot;%&quot;,&quot;size&quot;:&quot;&quot;,&quot;sizes&quot;:{&quot;start&quot;:0,&quot;end&quot;:100}},&quot;motion_fx_devices&quot;:[&quot;desktop&quot;,&quot;tablet&quot;,&quot;mobile&quot;]}\" data-widget_type=\"image.default\">\n\t\t\t\t<div class=\"elementor-widget-container\">\n\t\t\t\t\t\t\t\t\t\t\t\t\t\t\t<img loading=\"lazy\" decoding=\"async\" width=\"200\" height=\"200\" src=\"https:\/\/findvit.com\/wp-content\/uploads\/2021\/09\/ratukas.svg\" class=\"attachment-full size-full wp-image-1777\" alt=\"Ratas ankeedist vitamiinini\" \/>\t\t\t\t\t\t\t\t\t\t\t\t\t\t\t<\/div>\n\t\t\t\t<\/div>\n\t\t\t\t\t<\/div>\n\t\t<\/div>\n\t\t\t\t\t<\/div>\n\t\t<\/section>\n\t\t\t\t<section class=\"elementor-section elementor-top-section elementor-element elementor-element-781ef52 elementor-section-boxed elementor-section-height-default elementor-section-height-default\" data-id=\"781ef52\" data-element_type=\"section\">\n\t\t\t\t\t\t<div class=\"elementor-container elementor-column-gap-no\">\n\t\t\t\t\t<div class=\"elementor-column elementor-col-50 elementor-top-column elementor-element elementor-element-3ee085a\" data-id=\"3ee085a\" data-element_type=\"column\">\n\t\t\t<div class=\"elementor-widget-wrap elementor-element-populated\">\n\t\t\t\t\t\t<div class=\"elementor-element elementor-element-12464aa elementor-widget elementor-widget-heading\" data-id=\"12464aa\" data-element_type=\"widget\" data-widget_type=\"heading.default\">\n\t\t\t\t<div class=\"elementor-widget-container\">\n\t\t\t\t\t<h2 class=\"elementor-heading-title elementor-size-medium\">KIKI Health BODY BIOTICS bioaktyv\u016bs probiotikai su prebiotikais, 30 vegkapsuli\u0173<\/h2>\t\t\t\t<\/div>\n\t\t\t\t<\/div>\n\t\t\t\t<div class=\"elementor-element elementor-element-9eb7bf6 elementor-widget elementor-widget-text-editor\" data-id=\"9eb7bf6\" data-element_type=\"widget\" data-widget_type=\"text-editor.default\">\n\t\t\t\t<div class=\"elementor-widget-container\">\n\t\t\t\t\t\t\t\t\t<p>Body Biotics\u2122 on see <strong>uuenduslik<\/strong> probiootiline toidulisand, mis p\u00f5hineb viimastel teaduslikel uuringutel soolestiku mikrofloora ja \u00fcldise tervise vahelise seose kohta.<\/p><p>See lisand <strong>pakub elut\u00e4htsaid h\u00e4id baktereid<\/strong>, mis on meie seedes\u00fcsteemi ja \u00fcldise tervise jaoks h\u00e4davajalikud.<\/p><h3><strong>V\u00d5IMAS KOOSTIS<\/strong><\/h3><p>KIKI HEALTH probiootiline kompleks BODY BIOOTIKA<strong>\u00a0 Sobivad koguni 8 olulist ja vajalikku head bakterit.<\/strong><\/p><p>Body Biotics erinevaid h\u00e4id baktereid: <strong>Bacillus Subtilis, Bacillus Licheniformis, <\/strong><strong>Lactobacillus Acidophilus, Lactobacillus Casei, Lactobacillus Plantarum, Lactobacillus Rhamnosus, Lactococcus Lactis, Bifidobacterium Bifidum.<\/strong><\/p><h3><strong>SUUR S\u00dcNERGIA<\/strong><\/h3><p><span style=\"font-size: 16px;\">K\u00f5ik need <\/span><strong style=\"font-size: 16px;\">t\u00e4iendab<\/strong><span style=\"font-size: 16px;\"> iga p\u00e4ev<\/span><span style=\"color: inherit; font-family: inherit; font-size: inherit; font-weight: var( --e-global-typography-text-font-weight ); background-color: var(--et_container-bg-color, transparent);\">\u0113 toitumine eluj\u00f5uliste bakterikultuuridega.<\/span><\/p><p><span style=\"color: inherit; font-family: inherit; font-size: inherit; font-weight: var( --e-global-typography-text-font-weight ); background-color: var(--et_container-bg-color, transparent);\">Niiskesse keskkonda sattunud eluj\u00f5ulised bakterid \u00e4rkavad ellu, hakkavad toituma olemasolevatest prebiootikumidest ja <\/span><span style=\"color: inherit; font-family: inherit; font-size: inherit; font-weight: var( --e-global-typography-text-font-weight ); background-color: var(--et_container-bg-color, transparent);\">korrutada Nii suurendades nende looduslikke kolooniaid.\u00a0<\/span><\/p><h3><strong>HOOLIKALT ETTEVALMISTATUD<\/strong><\/h3><p>Need bakterid on looduslikult deh\u00fcdreeritud (mitte k\u00fclmkuivatatud) ja ootavad reh\u00fcdratatsiooni, et uuesti elada. Nad on resistentsed maohapete suhtes ja v\u00f5ivad j\u00f5uda soolestikku, kus nad koloniseerivad.<\/p><p>Need bakterid sisaldavad ka humiinhapet, mis on nende loomulik toit ning aitab neil kasvada ja toimida.<\/p><p>Shelli kapsel: h\u00fcpromelloos, aitab kaitsta toote koostisosi maohappe kahjuliku m\u00f5ju eest.<\/p><p>Ilma soola, suhkru, p\u00e4rmita,\u00a0<span style=\"color: inherit; font-family: inherit; font-size: inherit; font-weight: var( --e-global-typography-text-font-weight ); background-color: var(--et_container-bg-color, transparent);\">kunstlikud v\u00e4rvained, s\u00e4ilitusained, keemilised lahustid, kunstlikud lisandid v\u00f5i\u00a0<\/span><span style=\"color: inherit; font-family: inherit; font-size: inherit; font-weight: var( --e-global-typography-text-font-weight ); background-color: var(--et_container-bg-color, transparent);\">mis tahes t\u00e4iteaineid.<\/span><\/p><h3><strong>K\u00d5IGE HINNANGUD<\/strong><\/h3><p>Sobib taimetoitlastele ja veganitele.<br \/>Looduslik terviselisand, mis ei sisalda gluteeni ja nisu. GMO-vaba, toksiinivaba, kemikaalivaba.<br \/>See v\u00f5tab aega kuni 30 p\u00e4eva.<\/p><p><span style=\"color: inherit; font-family: inherit; font-size: inherit; font-weight: var( --e-global-typography-text-font-weight ); background-color: var(--et_container-bg-color, transparent);\">Tumedast klaasist kaitsev pakend.<\/span><\/p><h3><strong>Tootja KIKI HEALTH<\/strong><\/h3><p>Uuenduslik ettev\u00f5te, mis loob ainult tervislikke tooteid ilu kasvatamiseks ja keha tugevdamiseks.<\/p><p><strong>Ainult k\u00f5ige puhtamatel koostisosadel on k\u00f5ige t\u00f5husam toime.<\/strong><\/p><p>K\u00f5ik toodete koostises sisalduvad koostisosad on hoolikalt valitud ja eetiliselt t\u00f6\u00f6deldud,\u00a0<span style=\"color: inherit; font-family: inherit; font-size: inherit; font-weight: var( --e-global-typography-text-font-weight ); background-color: var(--et_container-bg-color, transparent);\">t\u00f5hususe ja kasu s\u00e4ilitamiseks ja maksimeerimiseks, tagades samal ajal ja\u00a0<\/span><strong style=\"color: inherit; font-family: inherit; font-size: inherit; background-color: var(--et_container-bg-color, transparent);\">t\u00e4iuslik kasu.<\/strong><\/p><p><span lang=\"lt\"><strong>KIKI TERVISE lubadus<\/strong><br \/><\/span><\/p><ul><li><span lang=\"lt\"><span lang=\"lt\">K\u00f5rgeima kvaliteediga taimsed orgaanilised koostisosad<\/span><\/span><\/li><li><span lang=\"lt\">Eetika, terviklikkus ja puhtus tootmisprotsessis<\/span><\/li><li><span lang=\"lt\">Sertifitseeritud orgaanilised v\u00f5i looduslikud koostisosad<\/span><\/li><li><span lang=\"lt\"><span lang=\"lt\">Ei mingeid j\u00e4releandmisi s\u00fcnteetiliste lisandite, sideainete, t\u00e4iteainete ega muuga<\/span><\/span><span lang=\"lt\">kahjulikud ained.<\/span><\/li><li><span lang=\"lt\">GMO-, gluteeni-, nisuvaba.<br \/><\/span><\/li><\/ul>\t\t\t\t\t\t\t\t<\/div>\n\t\t\t\t<\/div>\n\t\t\t\t\t<\/div>\n\t\t<\/div>\n\t\t\t\t<div class=\"elementor-column elementor-col-50 elementor-top-column elementor-element elementor-element-42d01f9\" data-id=\"42d01f9\" data-element_type=\"column\">\n\t\t\t<div class=\"elementor-widget-wrap elementor-element-populated\">\n\t\t\t\t\t\t<div class=\"elementor-element elementor-element-3232f1d elementor-widget elementor-widget-image\" data-id=\"3232f1d\" data-element_type=\"widget\" data-widget_type=\"image.default\">\n\t\t\t\t<div class=\"elementor-widget-container\">\n\t\t\t\t\t\t\t\t\t\t\t\t\t\t\t<img loading=\"lazy\" decoding=\"async\" width=\"900\" height=\"900\" src=\"https:\/\/findvit.com\/wp-content\/uploads\/2021\/10\/Ko-10-900x900.jpg\" class=\"attachment-large size-large wp-image-2549\" alt=\"\u00d5nnelik perekond kvaliteetsete toidulisanditega\" srcset=\"https:\/\/findvit.com\/wp-content\/uploads\/2021\/10\/Ko-10-900x900.jpg 900w, https:\/\/findvit.com\/wp-content\/uploads\/2021\/10\/Ko-10-600x600.jpg 600w, https:\/\/findvit.com\/wp-content\/uploads\/2021\/10\/Ko-10-150x150.jpg 150w, https:\/\/findvit.com\/wp-content\/uploads\/2021\/10\/Ko-10-768x768.jpg 768w, https:\/\/findvit.com\/wp-content\/uploads\/2021\/10\/Ko-10-1x1.jpg 1w, https:\/\/findvit.com\/wp-content\/uploads\/2021\/10\/Ko-10-10x10.jpg 10w, https:\/\/findvit.com\/wp-content\/uploads\/2021\/10\/Ko-10-100x100.jpg 100w, https:\/\/findvit.com\/wp-content\/uploads\/2021\/10\/Ko-10.jpg 1000w\" sizes=\"auto, (max-width: 900px) 100vw, 900px\" \/>\t\t\t\t\t\t\t\t\t\t\t\t\t\t\t<\/div>\n\t\t\t\t<\/div>\n\t\t\t\t\t<\/div>\n\t\t<\/div>\n\t\t\t\t\t<\/div>\n\t\t<\/section>\n\t\t\t\t<\/div>","protected":false},"excerpt":{"rendered":"<p>Head bakterid Body Biotics firmalt Kiki Health. Elavad probiootikumid t\u00f5husalt <strong>aitab taastada soolestiku tervist<\/strong>. Sisaldab koguni 8 erinevat elusat bakterikultuuri. Koos elusate prebiootikumidega, mis <strong>kaevandatud looduslikust pinnasest<\/strong>, mis on rikas mikroelementide poolest. Elusad probiootikumid koos prebiootikumidega <strong>aitab taastada soolestiku tervet mikrofloorat<\/strong>. Sel viisil <strong>aitab immuunsust<\/strong> muutuda vastupidavamaks v\u00e4lism\u00f5judele ja haigustele. Ohutu klaaspakend. Orgaanilised EL sertifikaadid.<\/p>","protected":false},"featured_media":23295,"comment_status":"open","ping_status":"closed","template":"","meta":{"_acf_changed":false,"inline_featured_image":false},"etheme_brands":[{"term_id":28,"name":"Kiki Health","slug":"kiki-health","term_group":0,"term_taxonomy_id":28,"taxonomy":"brand","description":"<h2><a href=\"https:\/\/kiki-health.com\/about-us\/\" target=\"_blank\" rel=\"noopener\"><strong>KIKI Health<\/strong><\/a><\/h2>\r\nKIKI yra prek\u0117s \u017eenklas, kuriantis novatori\u0161kus maisto papildus.\r\n\r\nKIKI yra pripa\u017eintas ir gerbiamas, kaip sveikos gyvensenos produkt\u0173 ir individualumo bei meistri\u0161kumo standartas.\r\n\r\nKIKI gim\u0117 i\u0161 noro skatinti optimali\u0105 sveikat\u0105 ir gerov\u0119, m\u016bs\u0173 tikslas ir aistra yra \u012fsigyti auk\u0161\u010diausios kokyb\u0117s, grynumo produktus i\u0161 viso pasaulio, kurie pad\u0117t\u0173 gro\u017eiui ir sveikatai.\r\n\r\nNuo pat prad\u017ei\u0173 ir iki \u0161iol KIKI Health niekada nedaro kompromis\u0173 ir nededa pried\u0173 bei naudoja prastesni\u0173 ingredient\u0173 - tik nat\u016bralios 100% veikliosios med\u017eiagos.\r\n\r\nhttps:\/\/youtu.be\/irT0ZUOzBac?t=45\r\n<h3><strong>Nat\u016braliai turtingi <\/strong><strong>vitaminais, mineralais ir b\u016btinomis\u00a0 veikliosiomis med\u017eiagomis<\/strong><\/h3>\r\nDaugelis \"KIKI Health\" produkt\u0173 turintys augalini\u0173 ir maistini\u0173 med\u017eiag\u0173\u00a0 yra sertifikuoti, kaip ekologi\u0161ki.\r\n\r\nI\u0161naudodami stiprias augalin\u0117s kilm\u0117s, nat\u016brali\u0173 ingredient\u0173 galias, kupinas esmini\u0173 augal\u0173 veikli\u0173j\u0173 med\u017eiag\u0173, vitamin\u0173 ir mineral\u0173, kad suteikt\u0173 smegenims, odai ir k\u016bnui neprilygstam\u0105 pagalb\u0105.\r\n\r\nKIKI Health tikslas yra u\u017etikrinti, kad mi\u0161iniuose neb\u016bt\u0173 sintetikos, konservant\u0173, u\u017epild\u0173 ir ri\u0161ikli\u0173, u\u017etikrinant, kad ir toliau gamint\u0173 veiksmingus, \u0161varius ir saugius papildus.\r\n\r\nPagaminta Jungtin\u0117je Karalyst\u0117je i\u0161 \u0161vari\u0173 ir tvari\u0173 ingredient\u0173.\r\n<h3><strong>Atsakingumas<\/strong><\/h3>\r\nU\u017etikrindami, kad produktai b\u016bt\u0173 atsakingai u\u017eauginti, ne tik r\u016bpinamasi aplinka, bet ir garantuojama produkto kokyb\u0119. KIKI Healt specialistai keliauja po pasaul\u012f ie\u0161kodami ekologi\u0161k\u0173, eti\u0161kai gaut\u0173 ingredient\u0173, pasi\u017eymin\u010di\u0173 geresne maistine verte, kartu pad\u0117dami vietos bendruomen\u0117ms klest\u0117ti. Maisto gamybos b\u016bdas yra labai svarbus daugeliui vartotoj\u0173, ir tai kelia susir\u016bpinim\u0105, kur\u012f mes dalijam\u0117s.\r\n<h3><strong>Minimalus apdorojimas<\/strong><\/h3>\r\nNor\u0117dami pasiekti optimal\u0173 biologin\u012f prieinamum\u0105, stengiamasi, kad ingredientai b\u016bt\u0173 kuo ar\u010diau j\u0173 nat\u016bralios b\u016bkl\u0117s. Laikomasi minimalaus perdirbimo ir kontroliuojama temperat\u016bros, i\u0161kart po derliaus nu\u0117mimo, kad b\u016bt\u0173 i\u0161laikoma visa nauda sveikatai ir gyvybi\u0161kai svarbios maistin\u0117s med\u017eiagos.\r\n\r\n<strong>Produktuose n\u0117ra<\/strong>: sintetikos, dirbtini\u0173 da\u017eikli\u0173 ir kvapi\u0173j\u0173 med\u017eiag\u0173, u\u017epild\u0173, ri\u0161ikli\u0173, dengimo med\u017eiag\u0173, lipnum\u0105 reguliuojan\u010di\u0173 med\u017eiag\u0173, cukr\u0173, glitimo, GMO, laktoz\u0117s, konservant\u0173, pagalbini\u0173 med\u017eiag\u0173.\r\n\r\nVisi ingredientai ir galutiniai produktai yra reguliariai tikrinami tre\u010diosios \u0161alies laboratorijoje. U\u017etikrinama, kad kiekviena partija b\u016bt\u0173 i\u0161bandyta d\u0117l sunki\u0173j\u0173 metal\u0173, mikroorganizm\u0173 ir pesticid\u0173 laikantis grie\u017et\u0173 kokyb\u0117s kontrol\u0117s s\u0105lyg\u0173, o rezultatai atitikt\u0173 ES ir JK ribinius reglamentus, \u012fskaitant ekologinio \u016bkininkavimo standartus.","parent":0,"count":28,"filter":"raw"}],"product_brand":[],"product_cat":[646,653,15,124],"product_tag":[],"class_list":{"0":"post-2394","1":"product","2":"type-product","3":"status-publish","4":"has-post-thumbnail","6":"brand-kiki-health","7":"product_cat-papildai-moterims","8":"product_cat-papildai-detoksikacijai","9":"product_cat-produktai","10":"product_cat-siamsezonui","12":"first","13":"instock","14":"sale","15":"taxable","16":"shipping-taxable","17":"purchasable","18":"product-type-simple"},"acf":[],"_links":{"self":[{"href":"https:\/\/findvit.com\/et\/wp-json\/wp\/v2\/product\/2394","targetHints":{"allow":["GET"]}}],"collection":[{"href":"https:\/\/findvit.com\/et\/wp-json\/wp\/v2\/product"}],"about":[{"href":"https:\/\/findvit.com\/et\/wp-json\/wp\/v2\/types\/product"}],"replies":[{"embeddable":true,"href":"https:\/\/findvit.com\/et\/wp-json\/wp\/v2\/comments?post=2394"}],"version-history":[{"count":50,"href":"https:\/\/findvit.com\/et\/wp-json\/wp\/v2\/product\/2394\/revisions"}],"predecessor-version":[{"id":21239,"href":"https:\/\/findvit.com\/et\/wp-json\/wp\/v2\/product\/2394\/revisions\/21239"}],"wp:featuredmedia":[{"embeddable":true,"href":"https:\/\/findvit.com\/et\/wp-json\/wp\/v2\/media\/23295"}],"wp:attachment":[{"href":"https:\/\/findvit.com\/et\/wp-json\/wp\/v2\/media?parent=2394"}],"wp:term":[{"taxonomy":"brand","embeddable":true,"href":"https:\/\/findvit.com\/et\/wp-json\/wp\/v2\/etheme_brands?post=2394"},{"taxonomy":"product_brand","embeddable":true,"href":"https:\/\/findvit.com\/et\/wp-json\/wp\/v2\/product_brand?post=2394"},{"taxonomy":"product_cat","embeddable":true,"href":"https:\/\/findvit.com\/et\/wp-json\/wp\/v2\/product_cat?post=2394"},{"taxonomy":"product_tag","embeddable":true,"href":"https:\/\/findvit.com\/et\/wp-json\/wp\/v2\/product_tag?post=2394"}],"curies":[{"name":"wp","href":"https:\/\/api.w.org\/{rel}","templated":true}]}}