{"id":2396,"date":"2021-10-08T21:47:20","date_gmt":"2021-10-08T18:47:20","guid":{"rendered":"https:\/\/findvit.com\/?post_type=product&#038;p=2396"},"modified":"2024-12-17T17:32:54","modified_gmt":"2024-12-17T15:32:54","slug":"garden-of-life-immune-balance-sinus-imuninei-sistemai-nuo-sinusu-persalimo-60-vegkapsuliu","status":"publish","type":"product","link":"https:\/\/findvit.com\/et\/produktas\/garden-of-life-immune-balance-sinus-imuninei-sistemai-nuo-sinusu-persalimo-60-vegkapsuliu\/","title":{"rendered":"Eluaed IMMUNETASAKAALSIINUS - Immuuns\u00fcsteemi jaoks p\u00f5skkoopa, k\u00fclmetuse vastu, 60 taimekapslit"},"content":{"rendered":"<div data-elementor-type=\"product-post\" data-elementor-id=\"2396\" class=\"elementor elementor-2396\" data-elementor-post-type=\"product\">\n\t\t\t\t\t\t<section class=\"elementor-section elementor-top-section elementor-element elementor-element-f1a629b elementor-section-boxed elementor-section-height-default elementor-section-height-default\" data-id=\"f1a629b\" data-element_type=\"section\">\n\t\t\t\t\t\t<div class=\"elementor-container elementor-column-gap-default\">\n\t\t\t\t\t<div class=\"elementor-column elementor-col-100 elementor-top-column elementor-element elementor-element-fd41c98\" data-id=\"fd41c98\" data-element_type=\"column\">\n\t\t\t<div class=\"elementor-widget-wrap elementor-element-populated\">\n\t\t\t\t\t\t<div class=\"elementor-element elementor-element-3503ca7 elementor-absolute elementor-hidden-mobile elementor-invisible elementor-widget elementor-widget-image\" data-id=\"3503ca7\" data-element_type=\"widget\" data-settings=\"{&quot;motion_fx_motion_fx_scrolling&quot;:&quot;yes&quot;,&quot;motion_fx_rotateZ_effect&quot;:&quot;yes&quot;,&quot;motion_fx_rotateZ_speed&quot;:{&quot;unit&quot;:&quot;px&quot;,&quot;size&quot;:5,&quot;sizes&quot;:[]},&quot;motion_fx_range&quot;:&quot;viewport&quot;,&quot;_animation&quot;:&quot;fadeIn&quot;,&quot;_position&quot;:&quot;absolute&quot;,&quot;motion_fx_rotateZ_affectedRange&quot;:{&quot;unit&quot;:&quot;%&quot;,&quot;size&quot;:&quot;&quot;,&quot;sizes&quot;:{&quot;start&quot;:0,&quot;end&quot;:100}},&quot;motion_fx_devices&quot;:[&quot;desktop&quot;,&quot;tablet&quot;,&quot;mobile&quot;]}\" data-widget_type=\"image.default\">\n\t\t\t\t<div class=\"elementor-widget-container\">\n\t\t\t\t\t\t\t\t\t\t\t\t\t\t\t<img loading=\"lazy\" decoding=\"async\" width=\"200\" height=\"200\" src=\"https:\/\/findvit.com\/wp-content\/uploads\/2021\/09\/ratukas.svg\" class=\"attachment-full size-full wp-image-1777\" alt=\"Ratas ankeedist vitamiinini\" \/>\t\t\t\t\t\t\t\t\t\t\t\t\t\t\t<\/div>\n\t\t\t\t<\/div>\n\t\t\t\t\t<\/div>\n\t\t<\/div>\n\t\t\t\t\t<\/div>\n\t\t<\/section>\n\t\t\t\t<section class=\"elementor-section elementor-top-section elementor-element elementor-element-651f8cc elementor-section-boxed elementor-section-height-default elementor-section-height-default\" data-id=\"651f8cc\" data-element_type=\"section\">\n\t\t\t\t\t\t<div class=\"elementor-container elementor-column-gap-no\">\n\t\t\t\t\t<div class=\"elementor-column elementor-col-50 elementor-top-column elementor-element elementor-element-5386dd4\" data-id=\"5386dd4\" data-element_type=\"column\">\n\t\t\t<div class=\"elementor-widget-wrap elementor-element-populated\">\n\t\t\t\t\t\t<div class=\"elementor-element elementor-element-08573c7 elementor-widget elementor-widget-heading\" data-id=\"08573c7\" data-element_type=\"widget\" data-widget_type=\"heading.default\">\n\t\t\t\t<div class=\"elementor-widget-container\">\n\t\t\t\t\t<h2 class=\"elementor-heading-title elementor-size-default\">Eluaed Herbal Immune Balance Sinus<\/h2>\t\t\t\t<\/div>\n\t\t\t\t<\/div>\n\t\t\t\t<div class=\"elementor-element elementor-element-4324963 elementor-widget elementor-widget-text-editor\" data-id=\"4324963\" data-element_type=\"widget\" data-widget_type=\"text-editor.default\">\n\t\t\t\t<div class=\"elementor-widget-container\">\n\t\t\t\t\t\t\t\t\t<p>Herbal Immune Balance Sinus on saadaval <strong>eksklusiivne<\/strong> Garden of Life toode, mis on loodud pakkuma loomulikku tuge.<\/p><p>See ainulaadne taimne preparaat p\u00f5hineb Wild Crafted Butterburil, mida on testitud ja kinnitatud paljudes uuringutes.<\/p><p>Butterbur on kombineeritud Herbal Immunity Support Blendiga \u2013 8 looduslikku \u00fcrti, probiootikume, ens\u00fc\u00fcme, t\u00e4istoidu vitamiine ja mineraalaineid ning beeta-gl\u00fckaane.<\/p><h3><strong>ANNAB ROHKEM<\/strong><\/h3><p>Taimne immuuntasakaalu sinus <strong>\u00fchendab endas iidsed tarkused<\/strong>, mis on seotud traditsiooniliselt kasutatavate taimedega, p\u00f5neva uue teadusvaldkonnaga, mis on seotud t\u00e4istoidu koostisosadega, nagu fermenteeritud probiootikum Saccharomyces boulardii, ens\u00fc\u00fcmid, tsitruseliste bioflavonoidid ning Vitamin Code\u00ae t\u00e4istoidu vitamiinid ja mineraalid.<\/p><h3><strong>SUUREP\u00c4RANE L\u00c4BIVAATAMINE<\/strong><\/h3><p>Klientide \u00fclevaated n\u00e4itavad, et toode on see, mida paljud otsivad ja avastavad. Head arvustused paistavad teiste seast silma.<\/p><h3><strong>RAHULIK JA USALDUSV\u00c4\u00c4RSNE<\/strong><\/h3><p>&quot;Herbal Immune Balance Sinus&quot; pole mitte ainult <strong>loomulik<\/strong> valik, vaid ka suurep\u00e4rane viis veendumaks, et saate seda, mida vajate.<\/p><p>Selle tootega<strong> v\u00f5ite end rahulikult tunda<\/strong> teades, et hoolitsed enda eest ja teed seda teadusp\u00f5hiselt.<\/p><h3><strong>LIHTNE KASUTADA<\/strong><\/h3><p>Esitatakse loodusliku pulbrina kapslites, mida saab avada ja valada. 60 taimetoidukapslit.<\/p><p>Uurige v\u00e4lja oma vitamiinid ja hankige isiklik soovitus. Tasuta online test <a href=\"https:\/\/findvit.com\/et\/testas\/\"><strong>&quot;Sinu p\u00e4ev&quot;<\/strong><\/a> .<\/p><p>Loe tootja kohta l\u00e4hemalt siit: <a href=\"https:\/\/findvit.com\/et\/gamintojas\/garden-of-life\/\" target=\"_blank\" rel=\"noopener\"><strong>Elu aed<\/strong><\/a><\/p>\t\t\t\t\t\t\t\t<\/div>\n\t\t\t\t<\/div>\n\t\t\t\t\t<\/div>\n\t\t<\/div>\n\t\t\t\t<div class=\"elementor-column elementor-col-50 elementor-top-column elementor-element elementor-element-55d2c83\" data-id=\"55d2c83\" data-element_type=\"column\">\n\t\t\t<div class=\"elementor-widget-wrap elementor-element-populated\">\n\t\t\t\t\t\t<div class=\"elementor-element elementor-element-e3ae89e elementor-widget elementor-widget-image\" data-id=\"e3ae89e\" data-element_type=\"widget\" data-widget_type=\"image.default\">\n\t\t\t\t<div class=\"elementor-widget-container\">\n\t\t\t\t\t\t\t\t\t\t\t\t\t\t\t<img loading=\"lazy\" decoding=\"async\" width=\"900\" height=\"900\" src=\"https:\/\/findvit.com\/wp-content\/uploads\/2021\/10\/Ko-1-900x900.jpg\" class=\"attachment-large size-large wp-image-2461\" alt=\"perekond, kes naudib head tervist looduses kollaa\u017eis\" srcset=\"https:\/\/findvit.com\/wp-content\/uploads\/2021\/10\/Ko-1-900x900.jpg 900w, https:\/\/findvit.com\/wp-content\/uploads\/2021\/10\/Ko-1-600x600.jpg 600w, https:\/\/findvit.com\/wp-content\/uploads\/2021\/10\/Ko-1-150x150.jpg 150w, https:\/\/findvit.com\/wp-content\/uploads\/2021\/10\/Ko-1-768x768.jpg 768w, https:\/\/findvit.com\/wp-content\/uploads\/2021\/10\/Ko-1-1x1.jpg 1w, https:\/\/findvit.com\/wp-content\/uploads\/2021\/10\/Ko-1-10x10.jpg 10w, https:\/\/findvit.com\/wp-content\/uploads\/2021\/10\/Ko-1-100x100.jpg 100w, https:\/\/findvit.com\/wp-content\/uploads\/2021\/10\/Ko-1.jpg 1000w\" sizes=\"auto, (max-width: 900px) 100vw, 900px\" \/>\t\t\t\t\t\t\t\t\t\t\t\t\t\t\t<\/div>\n\t\t\t\t<\/div>\n\t\t\t\t\t<\/div>\n\t\t<\/div>\n\t\t\t\t\t<\/div>\n\t\t<\/section>\n\t\t\t\t<\/div>","protected":false},"excerpt":{"rendered":"<p>Kui teil on p\u00f5sekoopap\u00f5letik, peavalud, nohu v\u00f5i allergiad, soovitame teil proovida Garden of Life Immune Balance Sinust tugeva immuuns\u00fcsteemi jaoks.<\/p>\n<p>See toidulisand on valmistatud taimeekstraktidest, probiootikumidest ja vitamiinidest, mis <strong>annab<\/strong> see on see, mida sa praegu vajad. <strong>Rikkalik ja v\u00e4\u00e4rtuslik koostis<\/strong> pakub loomulikku ja teaduslikult p\u00f5hjendatud tuge pakkudes<strong> mugavust teile<\/strong> iga p\u00e4ev.<\/p>","protected":false},"featured_media":2672,"comment_status":"open","ping_status":"closed","template":"","meta":{"_acf_changed":false,"inline_featured_image":false},"etheme_brands":[{"term_id":58,"name":"Garden of Life","slug":"garden-of-life","term_group":0,"term_taxonomy_id":58,"taxonomy":"brand","description":"<h2><strong><a href=\"https:\/\/www.gardenoflife.com\/why-gol\" target=\"_blank\" rel=\"noopener\">Garden of Life<\/a><\/strong><\/h2>\r\nJAV \u012fmon\u0117, kuri yra viena i\u0161 nedaugelio, gaminanti savo produktus 100% i\u0161 nat\u016brali\u0173 ingredient\u0173. Puikiai tinka \u017emon\u0117ms, kuriems labai svarbi produkt\u0173 sud\u0117tis. Visi produktai be GMO. Gamintojas apdovanotas daugeliu kokyb\u0117s sertifikat\u0173, toki\u0173 kaip USDA Organic, Certified Vegan, Certified Gluten-Free, U Kosher ir daugelis kit\u0173. Garden of life kompanija dal\u012f pajam\u0173, gaut\u0173 i\u0161 pardavim\u0173, skiria labdarai, pla\u010diau apra\u0161ytoms gamintojo svetain\u0117je.\r\n\"Garden of Life\" tikslas - suteikti \u017emon\u0117ms galimyb\u0119 tur\u0117ti auk\u0161tos kokyb\u0117s papildus, kurie yra reikalingi gerai sveikatai i\u0161laikyti. Sud\u0117tin\u0117s dalys yra organin\u0117s kilm\u0117s, klini\u0161kai i\u0161tirtos ir atsekamos kilm\u0117s. Gompanija savo gaminiuose nenaudoja sintetini\u0173 pried\u0173, dirbtini\u0173 skoni\u0173 ar da\u017eikli\u0173, ri\u0161ikli\u0173 ar u\u017epild\u0173.\r\nhttps:\/\/youtu.be\/2jbU_WkglKA?t=48\r\n<h3><strong>Neapdirbtas maistas<\/strong><\/h3>\r\n\u017dmogaus k\u016bnas buvo sukurtas valgyti, apdoroti ir gauti maistines med\u017eiagas i\u0161 maisto - tikro, sveiko maisto. Taigi, kai kuriami produktai, pradedama nuo \u017evilgnsio \u012f maist\u0105. Kokie yra \"geri dalykai\" auk\u0161\u010diausios kokyb\u0117s maiste, kurio mums tr\u016bksta m\u016bs\u0173 kasdien\u0117je mityboje? Kuris i\u0161 \u0161i\u0173 maisto produkt\u0173 turi did\u017eiausi\u0105 potencial\u0105 paveikti ir \u012fgalinti ger\u0105 sveikat\u0105?\r\n<h3><strong>Atsekamumas<\/strong><\/h3>\r\nAtsekamumas yra labai svarbus veiksnys, d\u0117l kurio \"Garden of Life\" produktai yra tokie ypatingi. Atsekamumas prasideda nuo \u017einojimo, i\u0161 kur kil\u0119s kiekvienas produkt\u0173 ingredientas, ir susipa\u017einimo su kiekviena kilme: kur jis auginamas; \u016bkininkavimo praktika; kaip elgiasi su \u016bkio darbuotojais \u2013 viskuo.\r\n<h3><strong>\u0160varu yra sveika<\/strong><\/h3>\r\nGarden of life stebi, kas yra \u012fdedama \u012f produktus \u2013 tikri, neapdirbti maisto ingredientai. Bet ties tuo nesustojama. Taip pat labai daug d\u0117mesio skiriama tam, kas i\u0161 \u0161i\u0173 produkt\u0173 i\u0161gaunama. Ir dar kart\u0105 renkamasi\u00a0 \u2013 tikras kokybi\u0161kas maistas. Kompanija naudoja tre\u010di\u0173j\u0173 \u0161ali\u0173\u00a0 sertifikatus, kad \u012frodyt\u0173, jog produktai yra \u0161var\u016bs ir kokybi\u0161ki!\r\n<h3><strong>CO2 neutralumas<\/strong><\/h3>\r\nGarden of life nepaprastai did\u017eiuojasi, kad pasiek\u0117 anglies dioksido neutralum\u0105 2021 m. Bir\u017eelio m\u0117n. CarbonFund.org sertifikuotas \"Carbonfree\u00ae\", \"Garden of Life\" nuo pat \u012fk\u016brimo buvo \u012fsipareigojusi tvarumui.","parent":0,"count":12,"filter":"raw"}],"product_brand":[],"product_cat":[23,15],"product_tag":[88,91,120],"class_list":{"0":"post-2396","1":"product","2":"type-product","3":"status-publish","4":"has-post-thumbnail","6":"brand-garden-of-life","7":"product_cat-vitaminai","8":"product_cat-produktai","9":"product_tag-aktyviai-organizmo-apykaitai","10":"product_tag-imunitetui","11":"product_tag-organizmo-stiprinimui","13":"first","14":"outofstock","15":"taxable","16":"shipping-taxable","17":"purchasable","18":"product-type-simple"},"acf":[],"_links":{"self":[{"href":"https:\/\/findvit.com\/et\/wp-json\/wp\/v2\/product\/2396","targetHints":{"allow":["GET"]}}],"collection":[{"href":"https:\/\/findvit.com\/et\/wp-json\/wp\/v2\/product"}],"about":[{"href":"https:\/\/findvit.com\/et\/wp-json\/wp\/v2\/types\/product"}],"replies":[{"embeddable":true,"href":"https:\/\/findvit.com\/et\/wp-json\/wp\/v2\/comments?post=2396"}],"version-history":[{"count":20,"href":"https:\/\/findvit.com\/et\/wp-json\/wp\/v2\/product\/2396\/revisions"}],"predecessor-version":[{"id":18954,"href":"https:\/\/findvit.com\/et\/wp-json\/wp\/v2\/product\/2396\/revisions\/18954"}],"wp:featuredmedia":[{"embeddable":true,"href":"https:\/\/findvit.com\/et\/wp-json\/wp\/v2\/media\/2672"}],"wp:attachment":[{"href":"https:\/\/findvit.com\/et\/wp-json\/wp\/v2\/media?parent=2396"}],"wp:term":[{"taxonomy":"brand","embeddable":true,"href":"https:\/\/findvit.com\/et\/wp-json\/wp\/v2\/etheme_brands?post=2396"},{"taxonomy":"product_brand","embeddable":true,"href":"https:\/\/findvit.com\/et\/wp-json\/wp\/v2\/product_brand?post=2396"},{"taxonomy":"product_cat","embeddable":true,"href":"https:\/\/findvit.com\/et\/wp-json\/wp\/v2\/product_cat?post=2396"},{"taxonomy":"product_tag","embeddable":true,"href":"https:\/\/findvit.com\/et\/wp-json\/wp\/v2\/product_tag?post=2396"}],"curies":[{"name":"wp","href":"https:\/\/api.w.org\/{rel}","templated":true}]}}