{"id":3595,"date":"2021-11-13T15:35:58","date_gmt":"2021-11-13T13:35:58","guid":{"rendered":"https:\/\/findvit.com\/?post_type=product&#038;p=3595"},"modified":"2026-02-27T16:28:40","modified_gmt":"2026-02-27T14:28:40","slug":"trace-minerals-skystas-kofermentas-coq10-su-juros-mineralu-kompleksu-118-ml","status":"publish","type":"product","link":"https:\/\/findvit.com\/et\/produktas\/trace-minerals-skystas-kofermentas-coq10-su-juros-mineralu-kompleksu-118-ml\/","title":{"rendered":"Trace Minerals vedel koens\u00fc\u00fcm CoQ10 meremineraalide kompleksiga, 118 ml"},"content":{"rendered":"<div data-elementor-type=\"product-post\" data-elementor-id=\"3595\" class=\"elementor elementor-3595\" data-elementor-post-type=\"product\">\n\t\t\t\t\t\t<section class=\"elementor-section elementor-top-section elementor-element elementor-element-2bbc8e98 elementor-section-boxed elementor-section-height-default elementor-section-height-default\" data-id=\"2bbc8e98\" data-element_type=\"section\">\n\t\t\t\t\t\t<div class=\"elementor-container elementor-column-gap-default\">\n\t\t\t\t\t<div class=\"elementor-column elementor-col-100 elementor-top-column elementor-element elementor-element-3046636a\" data-id=\"3046636a\" data-element_type=\"column\">\n\t\t\t<div class=\"elementor-widget-wrap elementor-element-populated\">\n\t\t\t\t\t\t<div class=\"elementor-element elementor-element-644245f6 elementor-absolute elementor-hidden-mobile elementor-invisible elementor-widget elementor-widget-image\" data-id=\"644245f6\" data-element_type=\"widget\" data-settings=\"{&quot;motion_fx_motion_fx_scrolling&quot;:&quot;yes&quot;,&quot;motion_fx_rotateZ_effect&quot;:&quot;yes&quot;,&quot;motion_fx_rotateZ_speed&quot;:{&quot;unit&quot;:&quot;px&quot;,&quot;size&quot;:5,&quot;sizes&quot;:[]},&quot;motion_fx_range&quot;:&quot;viewport&quot;,&quot;_animation&quot;:&quot;fadeIn&quot;,&quot;_position&quot;:&quot;absolute&quot;,&quot;motion_fx_rotateZ_affectedRange&quot;:{&quot;unit&quot;:&quot;%&quot;,&quot;size&quot;:&quot;&quot;,&quot;sizes&quot;:{&quot;start&quot;:0,&quot;end&quot;:100}},&quot;motion_fx_devices&quot;:[&quot;desktop&quot;,&quot;tablet&quot;,&quot;mobile&quot;]}\" data-widget_type=\"image.default\">\n\t\t\t\t<div class=\"elementor-widget-container\">\n\t\t\t\t\t\t\t\t\t\t\t\t\t\t\t<img loading=\"lazy\" decoding=\"async\" width=\"200\" height=\"200\" src=\"https:\/\/findvit.com\/wp-content\/uploads\/2021\/09\/ratukas.svg\" class=\"attachment-full size-full wp-image-1777\" alt=\"Ratas ankeedist vitamiinini\" \/>\t\t\t\t\t\t\t\t\t\t\t\t\t\t\t<\/div>\n\t\t\t\t<\/div>\n\t\t\t\t\t<\/div>\n\t\t<\/div>\n\t\t\t\t\t<\/div>\n\t\t<\/section>\n\t\t\t\t<section class=\"elementor-section elementor-top-section elementor-element elementor-element-7dcf390b elementor-section-boxed elementor-section-height-default elementor-section-height-default\" data-id=\"7dcf390b\" data-element_type=\"section\">\n\t\t\t\t\t\t<div class=\"elementor-container elementor-column-gap-no\">\n\t\t\t\t\t<div class=\"elementor-column elementor-col-50 elementor-top-column elementor-element elementor-element-2c4c1871\" data-id=\"2c4c1871\" data-element_type=\"column\">\n\t\t\t<div class=\"elementor-widget-wrap elementor-element-populated\">\n\t\t\t\t\t\t<div class=\"elementor-element elementor-element-3d065bde elementor-widget elementor-widget-heading\" data-id=\"3d065bde\" data-element_type=\"widget\" data-widget_type=\"heading.default\">\n\t\t\t\t<div class=\"elementor-widget-container\">\n\t\t\t\t\t<h2 class=\"elementor-heading-title elementor-size-medium\">Koens\u00fc\u00fcm CoQ10 on tugev antioks\u00fcdant<\/h2>\t\t\t\t<\/div>\n\t\t\t\t<\/div>\n\t\t\t\t<div class=\"elementor-element elementor-element-562e1a68 elementor-widget elementor-widget-text-editor\" data-id=\"562e1a68\" data-element_type=\"widget\" data-widget_type=\"text-editor.default\">\n\t\t\t\t<div class=\"elementor-widget-container\">\n\t\t\t\t\t\t\t\t\t<p><strong>Laadige oma rakud t\u00e4is!<\/strong><\/p><p><strong>Annab 100 mg. p\u00e4evam\u00e4\u00e4rad.<\/strong><\/p><p>Vedel CoQ10 on ainulaadne toidulisand, mis mitte ainult <strong>t\u00e4iendab<\/strong> CoQ10 tase organismis, aga ka <strong>annab<\/strong> t\u00e4ielik valik ioonseid mikroelemente.<\/p><p>CoQ10 on vitamiinitaoline aine, mis s\u00fcnteesitakse loomulikult igas keharakus ja on olemas <strong>oluline paljude funktsioonide jaoks<\/strong>.<\/p><p>CoQ10 on saadaval <strong>oluline<\/strong> <strong>antioks\u00fcdant<\/strong>, mis on v\u00f5imas ja k\u00f5rgelt hinnatud.<\/p><p>Saadaval on vedel CoQ10<strong> kergesti seeditav<\/strong>\u00a0 muutes selle suurep\u00e4raseks valikuks neile, kes seda soovivad <strong>t\u00e4iendada<\/strong> oma dieeti selle olulise toidulisandiga.<\/p><p>Lisaks on seda toodet mugav kasutada, kuna see on vedelal kujul ja <strong>on meeldiva maitsega<\/strong>.<\/p><p>Kasutajate \u00fclevaated n\u00e4itavad, et see toode on k\u00f5igi t\u00e4helepanu v\u00e4\u00e4rt.<br \/><br \/><strong>Tegemist on kvaliteetse tootega<\/strong>, mis sisaldab olulisi koostisosi.\u00a0<\/p><p>Vedel CoQ10 on valmistatud kvaliteetsetest koostisosadest ning selle puhtust ja t\u00f5husust on testitud.<\/p><p>Ta on ka seal <strong>gluteenivaba<\/strong>, <strong>ei sisalda kunstlikke v\u00e4rvaineid<\/strong> v\u00f5i s\u00e4ilitusaineid ja on veganis\u00f5bralik.<\/p><p>T\u00e4ienda oma dieeti vedela CoQ10-ga ja tunneta erinevust!<\/p><p>Mineraalidega vedel CoQ10 on eksklusiivne toidulisand, mis <strong>annab teile palju eeliseid<\/strong>. Siin on p\u00f5hjus:<\/p><ul><li>CoQ10 on \u00fcks t\u00e4htsamaid antioks\u00fcdante.<\/li><li>CoQ10 lisamine v\u00f5ib aidata s\u00e4ilitada optimaalset CoQ10 taset.<\/li><li>Mineraalid on olulised mikroelemendid, mis on vajalikud paljude kehas toimuvate protsesside jaoks.<\/li><li>Mineraalidega vedel CoQ10 on rikastatud (ConcenTrace\u00ae) mineraalidega, mis on \u00fcle 72 mineraali ja mikroelemendiga looduslik mineraalide allikas.\u00a0<\/li><\/ul><p><br \/>Mineraalidega vedel CoQ10 on lihtsalt kasutatav toidulisand, mis <strong>hinnatud<\/strong> kontrollitud kvaliteedi t\u00f5ttu.<\/p><p>Lihtsalt raputage pudelit h\u00e4sti ja v\u00f5tke 5 ml (1 teelusikat\u00e4is) p\u00e4evas v\u00f5i vastavalt arsti juhistele.<\/p><p>V\u00f5ite segada vedelat CoQ10 <strong>vee v\u00f5i muu joogiga<\/strong> v\u00f5i tarbige seda lihtsalt puhtal kujul.\u00a0<\/p><p>Kui tahad teada <strong>rohkem<\/strong>, umbes praegu <strong>k\u00f5ige sobivam<\/strong> vitamiine v\u00f5i muid toidulisandeid, tehke test <a href=\"https:\/\/findvit.com\/et\/testas\/\" target=\"_blank\" rel=\"noopener\"><strong>&quot;Sinu p\u00e4ev&quot;<\/strong><\/a> ja saada\u00a0 <strong>isiklik<\/strong> soovitus!<\/p><p style=\"font-weight: 400;\">\u00a0<\/p>\t\t\t\t\t\t\t\t<\/div>\n\t\t\t\t<\/div>\n\t\t\t\t\t<\/div>\n\t\t<\/div>\n\t\t\t\t<div class=\"elementor-column elementor-col-50 elementor-top-column elementor-element elementor-element-662b1ce7\" data-id=\"662b1ce7\" data-element_type=\"column\">\n\t\t\t<div class=\"elementor-widget-wrap elementor-element-populated\">\n\t\t\t\t\t\t<div class=\"elementor-element elementor-element-38a6f19c elementor-widget elementor-widget-image\" data-id=\"38a6f19c\" data-element_type=\"widget\" data-widget_type=\"image.default\">\n\t\t\t\t<div class=\"elementor-widget-container\">\n\t\t\t\t\t\t\t\t\t\t\t\t\t\t\t<img loading=\"lazy\" decoding=\"async\" width=\"900\" height=\"900\" src=\"https:\/\/findvit.com\/wp-content\/uploads\/2021\/10\/Ko-9-900x900.jpg\" class=\"attachment-large size-large wp-image-2465\" alt=\"mees, kes v\u00f5tab mineraale kollase\" srcset=\"https:\/\/findvit.com\/wp-content\/uploads\/2021\/10\/Ko-9-900x900.jpg 900w, https:\/\/findvit.com\/wp-content\/uploads\/2021\/10\/Ko-9-600x600.jpg 600w, https:\/\/findvit.com\/wp-content\/uploads\/2021\/10\/Ko-9-150x150.jpg 150w, https:\/\/findvit.com\/wp-content\/uploads\/2021\/10\/Ko-9-768x768.jpg 768w, https:\/\/findvit.com\/wp-content\/uploads\/2021\/10\/Ko-9-1x1.jpg 1w, https:\/\/findvit.com\/wp-content\/uploads\/2021\/10\/Ko-9-10x10.jpg 10w, https:\/\/findvit.com\/wp-content\/uploads\/2021\/10\/Ko-9-100x100.jpg 100w, https:\/\/findvit.com\/wp-content\/uploads\/2021\/10\/Ko-9.jpg 1000w\" sizes=\"auto, (max-width: 900px) 100vw, 900px\" \/>\t\t\t\t\t\t\t\t\t\t\t\t\t\t\t<\/div>\n\t\t\t\t<\/div>\n\t\t\t\t\t<\/div>\n\t\t<\/div>\n\t\t\t\t\t<\/div>\n\t\t<\/section>\n\t\t\t\t<\/div>","protected":false},"excerpt":{"rendered":"<p>Koens\u00fc\u00fcm CoQ10 on looduslik antioks\u00fcdant! Vedel CoQ10 on maitsev ja annab 100 mg CoQ10 \u00fche kulbi kohta. Valmistatud looduslikest koostisosadest ja ei moodusta kristalle, on see hinnatud. Mugav doseerimispipett.<\/p>","protected":false},"featured_media":3596,"comment_status":"open","ping_status":"closed","template":"","meta":{"_acf_changed":false,"inline_featured_image":false},"etheme_brands":[{"term_id":38,"name":"Trace Minerals","slug":"trace-minerals","term_group":0,"term_taxonomy_id":38,"taxonomy":"brand","description":"<h2><strong>Trace minerals<\/strong><\/h2>\r\n\"Trace Minerals\" yra \u017einomas jonini\u0173 mineralini\u0173 papild\u0173 prek\u0117s \u017eenklas, kuriuo pasitikima beveik 50 met\u0173.\r\n\r\n<strong>Gamintojo misija<\/strong>\r\n\r\n\"Trace Minerals\" mato pasaul\u012f, kuriame \u017emon\u0117s yra\r\natsakingi u\u017e savo sveikat\u0105. Laikas, kai visi \u017emon\u0117s yra nori ir gali\r\ngyventi sveikiau. Joniniai mineralai yra pasiekiami visiems norintiems. Daugiau nei 50 met\u0173 \"Trace Minerals\" prek\u0117s \u017eenklo\r\nproduktai visame pasaulyje buvo pripa\u017einti jonini\u0173 produkt\u0173 pradininkais.\r\n\r\nVisus 50 met\u0173 Trace Minerals vertyb\u0117s yra:\r\n\r\n1. Bekompromis\u0117 kokyb\u0117, nuo kurios priklauso \u017emoni\u0173 savijauta.\r\n2. Neprilygstama aptarnavimas, kuris leid\u017eia klientams \u0161ypsotis.\r\n3. Nuolatinis pajam\u0173 augimas diegiant inovacijas ir kuriant produktus.\r\n4. Ugdomieji u\u017esi\u0117mimai.\r\n5. Lyderyst\u0117 savo srities pramon\u0117je.\r\n6. Lojalumas ir s\u0105\u017einingumas patikimiems darbuotojams ir verslo partneriams.\r\n<h3><strong>Garantija<\/strong><\/h3>\r\nGamintojas tiki, kad maisto papildai tur\u0117t\u0173 atne\u0161ti pastebimus\r\nrezultatus. Trace minerals \u012fsipareigojimas siekti pastebim\u0173 rezultat\u0173 yra\r\n\"Trace Minerals research\" filosofija.\r\n\r\nBeveik penkis de\u0161imtme\u010dius \"Trace Minerals\" prek\u0117s \u017eenklo produktai pad\u0117jo \u017emon\u0117ms priimti pagr\u012fstus sprendimus pasirenkant tinkamus produktus. Trce Minerals t\u0119stinis \u012fsipareigojimas yra paprastas: gaminti auk\u0161\u010diausios kokyb\u0117s produktus, paremtus moksliniais tyrimais, pagamintus u\u017e teising\u0105 kain\u0105 ir garantuojama, kad bus\r\npagerinti gyvenimai t\u0173, kurie vartoja kokybi\u0161kus produktus. Trace minerals visada tai dar\u0117 ir toliau t\u0105 darys.\r\n\r\nhttps:\/\/youtu.be\/hbeINVcx5FY?t=77\r\n<h3><strong>Mokslas ir tyrimai<\/strong><\/h3>\r\nGamintojas gavo \u0161e\u0161i\u0173 m\u0117nesi\u0173 klinikinio tyrimo \"ConcenTrace\u00ae\" rezultatus. \"Trace Mineral Drops\", jo pavyzdinis jonini\u0173 mineralinis papildas, kuriame yra visas spektras nat\u016braliai atsirandan\u010di\u0173 mikroelement\u0173.\r\n\r\nDalyviams buvo skiriama po 40 la\u0161\u0173 ConcenTrace\u00ae arba placebo per par\u0105\r\n24 savaites. Tyrime teigiama, kad \"veiksmingum\u0105 objektyviai patvirtino\r\n\u012fvertinti s\u0105nari\u0173 kremzl\u0117s storio, s\u0105nario erdv\u0117s plo\u010dio poky\u010dius\r\nir sinovinio skys\u010dio sud\u0117tis\". 24 savai\u010di\u0173 rezultatai rodo, kad \"ultrasonografija ir sinovinio skys\u010dio tyrimas atskleid\u0117 kremzl\u0117s\r\nstrukt\u016bros pager\u0117jim\u0105\".\r\n\r\n\u0160is preliminarus tyrimas parodo, kad ConcenTrace\u00ae pagerina s\u0105nari\u0173 sveikat\u0105.\r\n<h3><strong>Sertifikatai<\/strong><\/h3>\r\nKokyb\u0117 visada buvo svarbiausias <a href=\"https:\/\/www.traceminerals.com\/\" target=\"_blank\" rel=\"noopener\">\"Trace Minerals\"<\/a> prioritetas. Per daugel\u012f met\u0173\u00a0 akylai tobulino gamybos procesus. Tikima, kad geriausi procesai padeda gaminti geriausius ir sveikiausius produktus. Tai yra pagrindin\u0117 prie\u017eastis, kod\u0117l grie\u017etai kontroliuojama produkt\u0173 kokyb\u0117 ir kod\u0117l turima daugyb\u0117 sertifikat\u0173.\r\n<ul>\r\n \t<li><a href=\"https:\/\/grmalliance.org\/\" target=\"_blank\" rel=\"noopener\">GRMA\/UL GMP Certified<\/a><\/li>\r\n \t<li>GRAS Certified<\/li>\r\n \t<li>BPA Free<\/li>\r\n \t<li>Kosher<\/li>\r\n \t<li>Halal<\/li>\r\n \t<li>Non-GMO Verified<\/li>\r\n \t<li>Transparency<\/li>\r\n<\/ul>","parent":0,"count":19,"filter":"raw"}],"product_brand":[],"product_cat":[63,113],"product_tag":[88,125,93],"class_list":{"0":"post-3595","1":"product","2":"type-product","3":"status-publish","4":"has-post-thumbnail","6":"brand-trace-minerals","7":"product_cat-mineralai","8":"product_cat-antioksidantai","9":"product_tag-aktyviai-organizmo-apykaitai","10":"product_tag-energijai","11":"product_tag-sveikai-sirdziai","13":"first","14":"instock","15":"sale","16":"taxable","17":"shipping-taxable","18":"purchasable","19":"product-type-simple"},"acf":[],"_links":{"self":[{"href":"https:\/\/findvit.com\/et\/wp-json\/wp\/v2\/product\/3595","targetHints":{"allow":["GET"]}}],"collection":[{"href":"https:\/\/findvit.com\/et\/wp-json\/wp\/v2\/product"}],"about":[{"href":"https:\/\/findvit.com\/et\/wp-json\/wp\/v2\/types\/product"}],"replies":[{"embeddable":true,"href":"https:\/\/findvit.com\/et\/wp-json\/wp\/v2\/comments?post=3595"}],"version-history":[{"count":22,"href":"https:\/\/findvit.com\/et\/wp-json\/wp\/v2\/product\/3595\/revisions"}],"predecessor-version":[{"id":18949,"href":"https:\/\/findvit.com\/et\/wp-json\/wp\/v2\/product\/3595\/revisions\/18949"}],"wp:featuredmedia":[{"embeddable":true,"href":"https:\/\/findvit.com\/et\/wp-json\/wp\/v2\/media\/3596"}],"wp:attachment":[{"href":"https:\/\/findvit.com\/et\/wp-json\/wp\/v2\/media?parent=3595"}],"wp:term":[{"taxonomy":"brand","embeddable":true,"href":"https:\/\/findvit.com\/et\/wp-json\/wp\/v2\/etheme_brands?post=3595"},{"taxonomy":"product_brand","embeddable":true,"href":"https:\/\/findvit.com\/et\/wp-json\/wp\/v2\/product_brand?post=3595"},{"taxonomy":"product_cat","embeddable":true,"href":"https:\/\/findvit.com\/et\/wp-json\/wp\/v2\/product_cat?post=3595"},{"taxonomy":"product_tag","embeddable":true,"href":"https:\/\/findvit.com\/et\/wp-json\/wp\/v2\/product_tag?post=3595"}],"curies":[{"name":"wp","href":"https:\/\/api.w.org\/{rel}","templated":true}]}}