{"id":3764,"date":"2021-11-17T18:35:15","date_gmt":"2021-11-17T16:35:15","guid":{"rendered":"https:\/\/findvit.com\/?post_type=product&#038;p=3764"},"modified":"2026-03-29T19:19:12","modified_gmt":"2026-03-29T16:19:12","slug":"carlson-omega","status":"publish","type":"product","link":"https:\/\/findvit.com\/et\/produktas\/carlson-omega\/","title":{"rendered":"SUPER OMEGA-3 &#8211; norvegi\u0161ki \u017euv\u0173 taukai su Omega-3, didel\u0117 koncentracija, 100+30 kapsuli\u0173"},"content":{"rendered":"<div data-elementor-type=\"product-post\" data-elementor-id=\"3764\" class=\"elementor elementor-3764\" data-elementor-post-type=\"product\">\n\t\t\t\t\t\t<section class=\"elementor-section elementor-top-section elementor-element elementor-element-1374618 elementor-section-boxed elementor-section-height-default elementor-section-height-default\" data-id=\"1374618\" data-element_type=\"section\">\n\t\t\t\t\t\t<div class=\"elementor-container elementor-column-gap-default\">\n\t\t\t\t\t<div class=\"elementor-column elementor-col-100 elementor-top-column elementor-element elementor-element-65d24b2b\" data-id=\"65d24b2b\" data-element_type=\"column\">\n\t\t\t<div class=\"elementor-widget-wrap elementor-element-populated\">\n\t\t\t\t\t\t<div class=\"elementor-element elementor-element-310930d1 elementor-absolute elementor-hidden-mobile elementor-invisible elementor-widget elementor-widget-image\" data-id=\"310930d1\" data-element_type=\"widget\" data-settings=\"{&quot;motion_fx_motion_fx_scrolling&quot;:&quot;yes&quot;,&quot;motion_fx_rotateZ_effect&quot;:&quot;yes&quot;,&quot;motion_fx_rotateZ_speed&quot;:{&quot;unit&quot;:&quot;px&quot;,&quot;size&quot;:5,&quot;sizes&quot;:[]},&quot;motion_fx_range&quot;:&quot;viewport&quot;,&quot;_animation&quot;:&quot;fadeIn&quot;,&quot;_position&quot;:&quot;absolute&quot;,&quot;motion_fx_rotateZ_affectedRange&quot;:{&quot;unit&quot;:&quot;%&quot;,&quot;size&quot;:&quot;&quot;,&quot;sizes&quot;:{&quot;start&quot;:0,&quot;end&quot;:100}},&quot;motion_fx_devices&quot;:[&quot;desktop&quot;,&quot;tablet&quot;,&quot;mobile&quot;]}\" data-widget_type=\"image.default\">\n\t\t\t\t<div class=\"elementor-widget-container\">\n\t\t\t\t\t\t\t\t\t\t\t\t\t\t\t<img loading=\"lazy\" decoding=\"async\" width=\"200\" height=\"200\" src=\"https:\/\/findvit.com\/wp-content\/uploads\/2021\/09\/ratukas.svg\" class=\"attachment-full size-full wp-image-1777\" alt=\"Ratas ankeedist vitamiinini\" \/>\t\t\t\t\t\t\t\t\t\t\t\t\t\t\t<\/div>\n\t\t\t\t<\/div>\n\t\t\t\t\t<\/div>\n\t\t<\/div>\n\t\t\t\t\t<\/div>\n\t\t<\/section>\n\t\t\t\t<section class=\"elementor-section elementor-top-section elementor-element elementor-element-1c9d2c0 elementor-section-boxed elementor-section-height-default elementor-section-height-default\" data-id=\"1c9d2c0\" data-element_type=\"section\">\n\t\t\t\t\t\t<div class=\"elementor-container elementor-column-gap-no\">\n\t\t\t\t\t<div class=\"elementor-column elementor-col-50 elementor-top-column elementor-element elementor-element-1c2641ec\" data-id=\"1c2641ec\" data-element_type=\"column\">\n\t\t\t<div class=\"elementor-widget-wrap elementor-element-populated\">\n\t\t\t\t\t\t<div class=\"elementor-element elementor-element-47a60f12 elementor-widget elementor-widget-heading\" data-id=\"47a60f12\" data-element_type=\"widget\" data-widget_type=\"heading.default\">\n\t\t\t\t<div class=\"elementor-widget-container\">\n\t\t\t\t\t<h2 class=\"elementor-heading-title elementor-size-medium\">SUPER OMEGA-3 &#8211; norvegi\u0161ki \u017euv\u0173 taukai su Omega-3, didel\u0117 koncentracija, 100+30 kapsuli\u0173<\/h2>\t\t\t\t<\/div>\n\t\t\t\t<\/div>\n\t\t\t\t<div class=\"elementor-element elementor-element-32fe367e elementor-widget elementor-widget-text-editor\" data-id=\"32fe367e\" data-element_type=\"widget\" data-widget_type=\"text-editor.default\">\n\t\t\t\t<div class=\"elementor-widget-container\">\n\t\t\t\t\t\t\t\t\t<p>Kujutage ette k\u00f5ige puhtamat ja k\u00fclma Norra vee kingitust \u2013 Carlson Omega-3 Norra kala\u00f5li, mille iga tilk <strong>puhta tervise ja eluj\u00f5u allikas.<\/strong> See ei ole lihtsalt toidulisand, see on osa teie igap\u00e4evasest rutiinist <strong>rikastamine<\/strong>, lubades <strong>tunnetada looduse j\u00f5udu<\/strong> ja <strong>armastus oma keha vastu<\/strong>.<\/p><h3><strong>Carlson Omega-3 Premium kala\u00f5li \u2013 teie tervis loodusega<\/strong><\/h3><p>Aidake oma heaolu parandada metsikust s\u00fcvamere an\u0161oovisest ja sardiinist valmistatud Carlson Omega-3 kala\u00f5liga. See kala\u00f5li on j\u00e4tkusuutlikkuse ja \u00f6koloogia etalon, mis aitab s\u00e4ilitada mitte ainult isiklikku tervist, vaid ka meie planeedi heaolu.<\/p><h2><strong>Globaalne eksklusiivsus<\/strong><\/h2><p>Maksimaalse v\u00e4rskuse tagamiseks hoitakse Carlsoni oomega-3-sid hoolikalt merest kuni poodi. Traditsioonilisi ja s\u00e4\u00e4stvaid meetodeid kasutades hangitakse k\u00f5rgeima kvaliteediga s\u00fcvamere k\u00fclmaveekalu. <strong>Garanteeritud v\u00e4rskus, tugevus ja puhtus, <\/strong>mis on t\u00f5estatud maailma k\u00f5rgeimate standardite ja sertifikaatidega:<img loading=\"lazy\" decoding=\"async\" class=\"alignnone size-medium wp-image-17241\" src=\"https:\/\/findvit.com\/wp-content\/uploads\/2024\/06\/carlson-labs-pasauliniai-standartai-600x600.jpg\" alt=\"Carlson Labsi globaalsed standardid\" width=\"600\" height=\"600\" srcset=\"https:\/\/findvit.com\/wp-content\/uploads\/2024\/06\/carlson-labs-pasauliniai-standartai-600x600.jpg 600w, https:\/\/findvit.com\/wp-content\/uploads\/2024\/06\/carlson-labs-pasauliniai-standartai-900x900.jpg 900w, https:\/\/findvit.com\/wp-content\/uploads\/2024\/06\/carlson-labs-pasauliniai-standartai-150x150.jpg 150w, https:\/\/findvit.com\/wp-content\/uploads\/2024\/06\/carlson-labs-pasauliniai-standartai-768x768.jpg 768w, https:\/\/findvit.com\/wp-content\/uploads\/2024\/06\/carlson-labs-pasauliniai-standartai-400x400.jpg 400w, https:\/\/findvit.com\/wp-content\/uploads\/2024\/06\/carlson-labs-pasauliniai-standartai-100x100.jpg 100w, https:\/\/findvit.com\/wp-content\/uploads\/2024\/06\/carlson-labs-pasauliniai-standartai-1x1.jpg 1w, https:\/\/findvit.com\/wp-content\/uploads\/2024\/06\/carlson-labs-pasauliniai-standartai-10x10.jpg 10w, https:\/\/findvit.com\/wp-content\/uploads\/2024\/06\/carlson-labs-pasauliniai-standartai.jpg 1000w\" sizes=\"auto, (max-width: 600px) 100vw, 600px\" \/><\/p><h3><strong>K\u00f5rge tunnustus<\/strong><\/h3><p><strong>\u00c4\u00e4rmiselt kontsentreeritud ja puhas\u00a0<\/strong> Norra kala\u00f5li, milles <strong>isegi 50%<\/strong>\u00a0 Omega 3 rasvhapped.<\/p><p>Ekstraheeritud an\u0161oovisest, sardiinist jt <strong>vabalt ujuvad kalad<\/strong>. Koos <strong>E-vitamiiniga<\/strong>.\u00a0<\/p><p>Kahes <strong>SUPER OMEGA 3<\/strong> kapsel on \u00fchtlane <strong>600 mg EPR <\/strong>ja <strong>400 mg DHA-d <\/strong>Omega 3 rasvhapped. Ja isegi 2 gr. kala\u00f5li.<\/p><p><strong>DHA<\/strong> tavaliselt oluline<br \/>aju funktsiooni toetamiseks.<br \/><strong>DHA<\/strong> aitab s\u00e4\u00e4sta<br \/>normaalne n\u00e4gemine.<br \/><strong>EPR<\/strong> ja <strong>DHA\u00a0<\/strong> oluline normaalseks s\u00fcdametegevuseks.<\/p><h3><strong>Miks peaksite valima Norra kala\u00f5li - Carlson Omega-3?<\/strong><\/h3><ul><li><strong>Esmaklassilised terviselisandid:<\/strong> Norra kala\u00f5li on igas portsjonis rikastatud EPA ja DHA-ga, asendamatuid Omega-3 rasvhappeid, mis on s\u00fcdame, vaimu ja n\u00e4gemise jaoks elut\u00e4htsad, v\u00f5imaldades teie kehal optimaalselt toimida.<\/li><li><strong>Laitmatu puhtus ja v\u00e4rskus:<\/strong> Meie kala\u00f5li ekstraheeritakse \u00f5rna k\u00fclmpressimise protsessiga, mis ei lase kala\u00f5lil kaotada oma loomulikke omadusi ja ilma kemikaale v\u00f5i s\u00fcnteetilisi lisandeid lisamata. See tagab, et toode on vaba saasteainetest, nagu PCB-d ja raskmetallid, mida sageli leidub teistes madalama kvaliteediga toidulisandites.<\/li><li><strong>J\u00e4tkusuutlikkus on meie s\u00fcdames:<\/strong> P\u00fchendudes keskkonnale, tagame, et meie kala\u00f5lid on sertifitseeritud vastavalt k\u00f5rgeimatele mereressursside kaitse standarditele. Valides Carlsoni, aitate kaasa s\u00e4\u00e4stvatele kalap\u00fc\u00fcgitavadele, mis aitavad s\u00e4ilitada meie ookeane tulevaste p\u00f5lvkondade jaoks.<\/li><li><strong>Meeldiv kasutamine:<\/strong> Meie kala\u00f5li on lihtne tarbida t\u00e4nu selle kapslivormile, mis v\u00f5imaldab teil nautida Omega-3 igap\u00e4evast kasu ilma kalamaitseta.<\/li><\/ul><h3><strong>Positiivne m\u00f5ju.<\/strong><\/h3><p>Eriti <strong>on soovitatav<\/strong> tarbida <strong>neile, kes tegelevad spordiga<\/strong>, aktiivne <strong>vaimne t\u00f6\u00f6<\/strong> t\u00f6\u00f6tavad ja <strong>vanem vanus<\/strong> inimestele.<\/p><h3><strong>Norra kala\u00f5li:<\/strong><\/h3><ul><li><strong>N\u00e4rvis\u00fcsteemi jaoks<\/strong><\/li><li><strong>Immuunsuse jaoks<\/strong><\/li><li><strong>Silmade jaoks<\/strong><\/li><li><strong>Liigeste jaoks<\/strong><\/li><\/ul><p><strong>Puhtus<\/strong> ja <strong>tugev kontsentratsioon<\/strong> on k\u00f5ige olulisemad aspektid, kui me r\u00e4\u00e4gime <strong>Super Omega 3 <\/strong>\u00a0kala\u00f5li, koos <strong>K\u00d5RGE 50% <\/strong>kontsentratsioon. Selle kala\u00f5li jaoks kasutatakse mitmesuguseid v\u00e4ikeseid kalu <strong>ookeanikalad nagu an\u0161oovised, makrell, triibud.\u00a0<\/strong><\/p><p>Kalap\u00fc\u00fck toimub loodusvarasid kahjustamata.<\/p><p><strong>T\u00e4iskasvanutele <\/strong>soovitatav on v\u00f5tta 1 kuni 2 Omega-3 kapslit p\u00e4evas koos toiduga. Prof\u00fclaktilisel kasutamisel tagab see annus optimaalse koguse oomega rasvhappeid <strong>isegi 4 kuud.<\/strong><\/p><p><strong>Mugav kasutada.<\/strong><\/p><p>Kuidas <strong>teada saada<\/strong> mis <strong>veel<\/strong> vitamiinid, mineraalid v\u00f5i rikastavad tooted\u00a0 <strong>hetkel k\u00f5ige sobivam<\/strong>?  Proovige tasuta testi <a href=\"https:\/\/findvit.com\/et\/testas\/\"><strong>&quot;Sinu p\u00e4ev&quot;<\/strong><\/a>ja saada isiklik soovitus. \u00d5pid tundma keha vajadusi ja seda, mis aitab sul end h\u00e4sti tunda!<\/p><h3><strong>Usaldusv\u00e4\u00e4rne kaubam\u00e4rk:<\/strong><\/h3><p>Enam kui 2000 tervishoiut\u00f6\u00f6taja soovituste ja klientide k\u00f5rge rahuloluga paistab Carlson silma Omega-3 toidulisandite liidrina. Meie p\u00fchendumus kvaliteedile, puhtusele ja t\u00f5hususele t\u00e4hendab, et saate turul parima Norra kala<\/p><p>Tootja -<a href=\"https:\/\/findvit.com\/et\/gamintojas\/carlson-lab\/\" target=\"_blank\" rel=\"noopener\"> &quot;Carlson lab&quot;, mis on oma toodete k\u00f5rge kvaliteedi eest v\u00f5itnud mitmeid mainekaid auhindu.<\/a><\/p><p><iframe loading=\"lazy\" title=\"YouTube&#039;i videopleier\" src=\"https:\/\/www.youtube.com\/embed\/OOBEqoMuX-I\" width=\"560\" height=\"315\" frameborder=\"0\" allowfullscreen=\"allowfullscreen\"><\/iframe><\/p><ul><li><strong>Looduslikult looduses kasvatatud kala<\/strong><\/li><li><strong>IFOS ja IGEN mitte-GMO rahvusvahelised sertifikaadid<\/strong><\/li><li><strong>Garanteeritud v\u00e4rskus<\/strong><\/li><li><strong>Tagatud kooskontsentratsioon ja puhtus<\/strong><\/li><\/ul><p>Kasulikku teavet Omega 3 ja kala\u00f5li kohta leiate aadressilt:<\/p><ul><li><strong><a href=\"https:\/\/findvit.com\/et\/omega-3-nauda-verta-zinoti\/\" target=\"_blank\" rel=\"noopener\">Omega-3 eelised: tasub teada<\/a><\/strong><\/li><li><strong><a href=\"https:\/\/findvit.com\/et\/maisto-produktai-kuriuose-yra-labai-daug-omega-3\/\" target=\"_blank\" rel=\"noopener\">V\u00e4ga k\u00f5rge oomega 3 sisaldusega toidud<\/a><\/strong><\/li><\/ul>\t\t\t\t\t\t\t\t<\/div>\n\t\t\t\t<\/div>\n\t\t\t\t\t<\/div>\n\t\t<\/div>\n\t\t\t\t<div class=\"elementor-column elementor-col-50 elementor-top-column elementor-element elementor-element-15f5dfaa\" data-id=\"15f5dfaa\" data-element_type=\"column\">\n\t\t\t<div class=\"elementor-widget-wrap elementor-element-populated\">\n\t\t\t\t\t\t<div class=\"elementor-element elementor-element-434ce479 elementor-widget elementor-widget-image\" data-id=\"434ce479\" data-element_type=\"widget\" data-widget_type=\"image.default\">\n\t\t\t\t<div class=\"elementor-widget-container\">\n\t\t\t\t\t\t\t\t\t\t\t\t\t\t\t<img loading=\"lazy\" decoding=\"async\" width=\"600\" height=\"600\" src=\"https:\/\/findvit.com\/wp-content\/uploads\/2021\/10\/koliazai-17-600x600.jpg\" class=\"attachment-medium size-medium wp-image-3818\" alt=\"Kala\u00f5li omega 3 Perekond lahendab m\u00f5istatuse\" srcset=\"https:\/\/findvit.com\/wp-content\/uploads\/2021\/10\/koliazai-17-600x600.jpg 600w, https:\/\/findvit.com\/wp-content\/uploads\/2021\/10\/koliazai-17-900x900.jpg 900w, https:\/\/findvit.com\/wp-content\/uploads\/2021\/10\/koliazai-17-150x150.jpg 150w, https:\/\/findvit.com\/wp-content\/uploads\/2021\/10\/koliazai-17-768x768.jpg 768w, https:\/\/findvit.com\/wp-content\/uploads\/2021\/10\/koliazai-17-1x1.jpg 1w, https:\/\/findvit.com\/wp-content\/uploads\/2021\/10\/koliazai-17-10x10.jpg 10w, https:\/\/findvit.com\/wp-content\/uploads\/2021\/10\/koliazai-17-100x100.jpg 100w, https:\/\/findvit.com\/wp-content\/uploads\/2021\/10\/koliazai-17-e1637411946168.jpg 1001w\" sizes=\"auto, (max-width: 600px) 100vw, 600px\" \/>\t\t\t\t\t\t\t\t\t\t\t\t\t\t\t<\/div>\n\t\t\t\t<\/div>\n\t\t\t\t\t<\/div>\n\t\t<\/div>\n\t\t\t\t\t<\/div>\n\t\t<\/section>\n\t\t\t\t<\/div>","protected":false},"excerpt":{"rendered":"<p>\u00c4\u00e4rmiselt <strong>kontsentreeritud ja puhas<\/strong> Carlson Lab Norra kala\u00f5li Super Omega-3 kapslites. Suurenenud Omega-3 DHA ja EPA rasvhapete tase. <strong>E-vitamiiniga<\/strong>. Omega-3 happed on olulised ja vajalikud iga p\u00e4ev. EPR ja DHA on normaalses elus olulised<strong> s\u00fcdame aktiivsus<\/strong>. Auhinnatud kala\u00f5li tootja maailmas.<\/p>","protected":false},"featured_media":23290,"comment_status":"open","ping_status":"closed","template":"","meta":{"_acf_changed":false,"inline_featured_image":false},"etheme_brands":[{"term_id":132,"name":"Carlson Lab","slug":"carlson-lab","term_group":0,"term_taxonomy_id":132,"taxonomy":"brand","description":"<h2><a href=\"https:\/\/carlsonlabs.com\/about-us\" target=\"_blank\" rel=\"noopener\"><strong>Carlson labs<\/strong><\/a><\/h2>\r\n<strong>Apdovanojimus pelniusi u\u017e kokyb\u0119 nuo 1965 m.<\/strong>\r\n\r\n\"Carlson Labs\"\u00a0 pasaulyje gerai \u017einoma kokybi\u0161k\u0173 papild\u0173 gamintoja . Gamina tik\u00a0 grynus, kokybi\u0161kus \u017euv\u0173 taukus, vitaminus, mineralus. Kompanija\u00a0 savo veikl\u0105 prad\u0117jo prie\u0161 daugiau nei 50 met\u0173. Yra gavusi pasaulinius apdovanojimus u\u017e savo auk\u0161tos kokyb\u0117s maisto papildus.\r\n\r\nhttps:\/\/youtu.be\/OOBEqoMuX-I?t=32\r\n<h3><strong>Gero skonio Omega-3<\/strong><\/h3>\r\n1980-\u0173j\u0173 prad\u017eioje kompanija pad\u0117jo gaminti omega-3 ir tiekti \u0160iaur\u0117s Amerikos rinkai. Tai dar\u0117 importuodami savo pirmuosius auk\u0161tos kokyb\u0117s, puikaus skonio, tvarius \u017euv\u0173 taukus i\u0161 Norvegijos.\r\n<h3><strong>Kod\u0117l Carlson labs Omega-3<\/strong><\/h3>\r\nM\u016bs\u0173 omega-3 produktai gimsta, akylai stebint vis\u0105 proces\u0105, nuo j\u016bros iki parduotuv\u0117s. \u017duvys gaunamos auk\u0161\u010diausios kokyb\u0117s (giliavanden\u0117s, \u0161alt\u0173j\u0173 vanden\u0173, kurios pagautos tradiciniais, tvariais metodais). Skysti \u017euv\u0173 taukai i\u0161pilstomi \u012f butelius su antioksidantais ir jiems suteikiamas azoto praplovimas, kad b\u016bt\u0173 pa\u0161alintas deguonis ir i\u0161vengta oksidacijos. \u017duv\u0173 taukai kapsuliuojami naudojant tuos pa\u010dius auk\u0161tus standartus. Visi Carlson omega-3 yra i\u0161bandyti FDA registruotoje laboratorijoje d\u0117l \u0161vie\u017eumo ir grynumo.\r\n<h3><strong>\u017duv\u0173 tauk\u0173 formos<\/strong><\/h3>\r\n\u017duv\u0173 taukai paprastai yra trij\u0173 form\u0173: TG (nat\u016bralus trigliceridas), EE (etilo esteris), rTG (reesterintas trigliceridas). Nesvarbu, ar pasirinksite TG, EE ar rTG \u017euv\u0173 taukus, EPR ir DHR kiek\u012f kraujyje galima lengvai padidinti iki optimalaus kiekio, naudojant minimalias paros dozes.\r\n\r\nOmega-3 papildai i\u0161 \u017euv\u0173 tauk\u0173 yra svarb\u016bs papildai, skirti vartoti ilg\u0105 laik\u0105 d\u0117l naudos, susijusios su EPR ir DHR raudon\u0173j\u0173 kraujo k\u016bneli\u0173 koncentracijos. Tinkama, bet kokios formos doz\u0117 gali pad\u0117ti i\u0161laikyti optimal\u0173 omega-3 kiek\u012f kraujyje.\r\n<h3><strong>Kod\u0117l Omega-3<\/strong><\/h3>\r\nYra daugiau nei 30 000 paskelbt\u0173 omega-3 tyrim\u0173, tod\u0117l jie yra vienos i\u0161 labiausiai i\u0161tirt\u0173 maistini\u0173 med\u017eiag\u0173 pasaulyje. Omega-3 suteikia daug svarbios naudos sveikatai, pradedant smegen\u0173 ir \u0161irdies sveikata, baigiant nuotaika ir odos sveikata. Ir jie laikomi \"b\u016btinais\", nes m\u016bs\u0173 k\u016bnas negali j\u0173 pasigaminti, tod\u0117l turime juos gauti i\u0161 savo kasdien\u0117s mitybos. Kadangi dauguma i\u0161 m\u016bs\u0173 nevalgo daug \u017euvies, \u017euv\u0173 tauk\u0173 papildai gali b\u016bti puikus pasirinkimas.\r\n\r\nDaugiau naudingos informacijos apie \u017euv\u0173 tauk\u0173 naud\u0105 galim\u0105 rasti straipsnyje:\r\n\r\n<a href=\"https:\/\/findvit.com\/omega-3-poveikis\/\" target=\"_blank\" rel=\"noopener\">Omega 3 poveikis<\/a>\r\n\r\n<a href=\"https:\/\/findvit.com\/maisto-produktai-kuriuose-yra-labai-daug-omega-3\/\">Maisto produktai, kuriuose yra labai daug omega-3<\/a>\r\n\r\n<a href=\"https:\/\/findvit.com\/omega-3-nauda-verta-zinoti\/\" target=\"_blank\" rel=\"noopener\">Omega-3 nauda: verta \u017einoti<\/a>","parent":0,"count":1,"filter":"raw"}],"product_brand":[],"product_cat":[646,645,651,15,124],"product_tag":[659],"class_list":{"0":"post-3764","1":"product","2":"type-product","3":"status-publish","4":"has-post-thumbnail","6":"brand-carlson-lab","7":"product_cat-papildai-moterims","8":"product_cat-geriausi-papildai-vyrams","9":"product_cat-vitaminai-ir-papildai-ziemai","10":"product_cat-produktai","11":"product_cat-siamsezonui","12":"product_tag-istvermei-groziui-is-vidaus-moterims","14":"first","15":"instock","16":"sale","17":"featured","18":"taxable","19":"shipping-taxable","20":"purchasable","21":"product-type-simple"},"acf":[],"_links":{"self":[{"href":"https:\/\/findvit.com\/et\/wp-json\/wp\/v2\/product\/3764","targetHints":{"allow":["GET"]}}],"collection":[{"href":"https:\/\/findvit.com\/et\/wp-json\/wp\/v2\/product"}],"about":[{"href":"https:\/\/findvit.com\/et\/wp-json\/wp\/v2\/types\/product"}],"replies":[{"embeddable":true,"href":"https:\/\/findvit.com\/et\/wp-json\/wp\/v2\/comments?post=3764"}],"version-history":[{"count":88,"href":"https:\/\/findvit.com\/et\/wp-json\/wp\/v2\/product\/3764\/revisions"}],"predecessor-version":[{"id":21249,"href":"https:\/\/findvit.com\/et\/wp-json\/wp\/v2\/product\/3764\/revisions\/21249"}],"wp:featuredmedia":[{"embeddable":true,"href":"https:\/\/findvit.com\/et\/wp-json\/wp\/v2\/media\/23290"}],"wp:attachment":[{"href":"https:\/\/findvit.com\/et\/wp-json\/wp\/v2\/media?parent=3764"}],"wp:term":[{"taxonomy":"brand","embeddable":true,"href":"https:\/\/findvit.com\/et\/wp-json\/wp\/v2\/etheme_brands?post=3764"},{"taxonomy":"product_brand","embeddable":true,"href":"https:\/\/findvit.com\/et\/wp-json\/wp\/v2\/product_brand?post=3764"},{"taxonomy":"product_cat","embeddable":true,"href":"https:\/\/findvit.com\/et\/wp-json\/wp\/v2\/product_cat?post=3764"},{"taxonomy":"product_tag","embeddable":true,"href":"https:\/\/findvit.com\/et\/wp-json\/wp\/v2\/product_tag?post=3764"}],"curies":[{"name":"wp","href":"https:\/\/api.w.org\/{rel}","templated":true}]}}