{"id":4526,"date":"2021-12-27T18:55:35","date_gmt":"2021-12-27T16:55:35","guid":{"rendered":"https:\/\/findvit.com\/?post_type=product&#038;p=4526"},"modified":"2024-10-03T14:03:51","modified_gmt":"2024-10-03T11:03:51","slug":"enzymedica-digest-probiotics-virskinimo-fermentai-ir-probiotikai-90-vegetarisku-kapsuliu","status":"publish","type":"product","link":"https:\/\/findvit.com\/et\/produktas\/enzymedica-digest-probiotics-virskinimo-fermentai-ir-probiotikai-90-vegetarisku-kapsuliu\/","title":{"rendered":"Enzymedica Digest\u2122 + PROBIOTICS- ens\u00fc\u00fcmide ja probiootikumide kompleks, 90 taimetoidukapslit"},"content":{"rendered":"<div data-elementor-type=\"product-post\" data-elementor-id=\"4526\" class=\"elementor elementor-4526\" data-elementor-post-type=\"product\">\n\t\t\t\t\t\t<section class=\"elementor-section elementor-top-section elementor-element elementor-element-450e271 elementor-section-boxed elementor-section-height-default elementor-section-height-default\" data-id=\"450e271\" data-element_type=\"section\">\n\t\t\t\t\t\t<div class=\"elementor-container elementor-column-gap-default\">\n\t\t\t\t\t<div class=\"elementor-column elementor-col-100 elementor-top-column elementor-element elementor-element-51c6855\" data-id=\"51c6855\" data-element_type=\"column\">\n\t\t\t<div class=\"elementor-widget-wrap elementor-element-populated\">\n\t\t\t\t\t\t<div class=\"elementor-element elementor-element-da4ccd9 elementor-absolute elementor-hidden-mobile elementor-invisible elementor-widget elementor-widget-image\" data-id=\"da4ccd9\" data-element_type=\"widget\" data-settings=\"{&quot;motion_fx_motion_fx_scrolling&quot;:&quot;yes&quot;,&quot;motion_fx_rotateZ_effect&quot;:&quot;yes&quot;,&quot;motion_fx_rotateZ_speed&quot;:{&quot;unit&quot;:&quot;px&quot;,&quot;size&quot;:5,&quot;sizes&quot;:[]},&quot;motion_fx_range&quot;:&quot;viewport&quot;,&quot;_animation&quot;:&quot;fadeIn&quot;,&quot;_position&quot;:&quot;absolute&quot;,&quot;motion_fx_rotateZ_affectedRange&quot;:{&quot;unit&quot;:&quot;%&quot;,&quot;size&quot;:&quot;&quot;,&quot;sizes&quot;:{&quot;start&quot;:0,&quot;end&quot;:100}},&quot;motion_fx_devices&quot;:[&quot;desktop&quot;,&quot;tablet&quot;,&quot;mobile&quot;]}\" data-widget_type=\"image.default\">\n\t\t\t\t<div class=\"elementor-widget-container\">\n\t\t\t\t\t\t\t\t\t\t\t\t\t\t\t<img loading=\"lazy\" decoding=\"async\" width=\"200\" height=\"200\" src=\"https:\/\/findvit.com\/wp-content\/uploads\/2021\/09\/ratukas.svg\" class=\"attachment-full size-full wp-image-1777\" alt=\"Ratas ankeedist vitamiinini\" \/>\t\t\t\t\t\t\t\t\t\t\t\t\t\t\t<\/div>\n\t\t\t\t<\/div>\n\t\t\t\t\t<\/div>\n\t\t<\/div>\n\t\t\t\t\t<\/div>\n\t\t<\/section>\n\t\t\t\t<section class=\"elementor-section elementor-top-section elementor-element elementor-element-b9f63d6 elementor-section-boxed elementor-section-height-default elementor-section-height-default\" data-id=\"b9f63d6\" data-element_type=\"section\">\n\t\t\t\t\t\t<div class=\"elementor-container elementor-column-gap-no\">\n\t\t\t\t\t<div class=\"elementor-column elementor-col-50 elementor-top-column elementor-element elementor-element-4475b85\" data-id=\"4475b85\" data-element_type=\"column\">\n\t\t\t<div class=\"elementor-widget-wrap elementor-element-populated\">\n\t\t\t\t\t\t<div class=\"elementor-element elementor-element-195ab3c elementor-widget elementor-widget-heading\" data-id=\"195ab3c\" data-element_type=\"widget\" data-widget_type=\"heading.default\">\n\t\t\t\t<div class=\"elementor-widget-container\">\n\t\t\t\t\t<h2 class=\"elementor-heading-title elementor-size-medium\">Enzymedica Digest\u2122 + PROBIOTICS- ens\u00fc\u00fcmide ja probiootikumide kompleks, 90 taimetoidukapslit<\/h2>\t\t\t\t<\/div>\n\t\t\t\t<\/div>\n\t\t\t\t<div class=\"elementor-element elementor-element-33a838d elementor-widget elementor-widget-text-editor\" data-id=\"33a838d\" data-element_type=\"widget\" data-widget_type=\"text-editor.default\">\n\t\t\t\t<div class=\"elementor-widget-container\">\n\t\t\t\t\t\t\t\t\t<p><strong>Digest +Probiotics sisaldab ainulaadset Thera-Blendi segu. Selles on tasakaalus koguni 12 erinevat ens\u00fc\u00fcmi ja head bakterit, mis toetavad tervet seedimist. Probiootikumid t\u00e4iendavad igap\u00e4evast dieeti eluj\u00f5uliste bakteritega. <\/strong>Ens\u00fc\u00fcmipuudust v\u00f5ivad p\u00f5hjustada vanus, toitumine ja elustiil. See puudus v\u00f5ib p\u00f5hjustada igasuguseid seedeprobleeme, sealhulgas gaasi, puhitus ja mao\u00e4rritusi. <strong>Thera-Blend<\/strong> sisaldab t\u00f5husaid ens\u00fc\u00fcme nagu <strong>am\u00fclaas, lipaas, tsellulaas ja proteaas<\/strong>. Need ens\u00fc\u00fcmid <strong>lagundab raskesti seeditavaid aineid nagu s\u00fcsivesikud, rasvad, raud ja valgud.*<\/strong><br \/>Enzymedica on patenteeritud <strong>Thera-blend\u2122<\/strong>\u00a0tehnoloogia t\u00e4hendab, et Digest +PROBIOITICS ens\u00fc\u00fcmid on t\u00f5husad kogu kehas <strong>seedetrakti pH-spektris.<\/strong><\/p><h5><strong>*Parandab seedimist *Lahustab rasvu, valke ja s\u00fcsivesikuid *T\u00e4iendab toitumist heade valkudega\u00a0<\/strong><\/h5><p><strong>Mis on ens\u00fc\u00fcmid ja kuidas need toimivad?<\/strong><br \/>Ens\u00fc\u00fcmid vastutavad seedimise eest. Need on looduslikult esinevad <strong>valgud, mis kiirendavad reaktsioone.<\/strong> <strong>K\u00e4\u00e4rita<\/strong>ma meenutan v\u00e4ikseid k\u00e4\u00e4re, mis meid s\u00f6\u00f6vad <strong>&quot;l\u00f5igake&quot; toit v\u00e4iksemateks t\u00fckkideks.<\/strong> Jah<strong> toitainete lihtsam ja parem omastamine.<\/strong><br \/><strong>Kui organismil puuduvad ens\u00fc\u00fcmid, v\u00f5ib raskema toidu lagundamine osutuda keeruliseks, mist\u00f5ttu hakkavad kogunema gaasid, k\u00f5ht l\u00e4heb punni, mao talitlush\u00e4ired ja kogu seedes\u00fcsteem t\u00f6\u00f6tab eba\u00fchtlaselt.<\/strong> Kasutades seda toidulisandit koos ens\u00fc\u00fcmide ja probiootikumidega, paraneb seedeprotsess.<br \/>Ens\u00fc\u00fcmipuudust v\u00f5ib p\u00f5hjustada mitte ainult toitumine v\u00f5i elustiil. <strong>Vananedes hakkab keha loomulikult v\u00e4hem ens\u00fc\u00fcme tootma.<\/strong> K\u00f5igi vajalike toitainete saamine ainu\u00fcksi toidust v\u00f5ib olla keeruline, kuna toidus olevad ens\u00fc\u00fcmid surevad toiduvalmistamise ja k\u00fcpsetamise k\u00e4igus. <strong>Ens\u00fc\u00fcmidega toidulisandite v\u00f5tmine aitab seda puudust k\u00f5rvaldada.<\/strong><br \/>Am\u00fclaas \u2013 lagundab s\u00fcsivesikuid, t\u00e4rklisi ja suhkruid, mis on \u00fclekaalus k\u00f5igis taimsetes toiduainetes (kartul, puuvili, juurvili, teravili).<\/p><p>Lipaas \u2013 aitab seedida rasvaseid toite nagu piimatooted, p\u00e4hklid, \u00f5lid, munad ja liha.<\/p><p>Tsellulaas \u2013 aitab seedida kiudainerikkaid toite nagu brokkoli, spargel ja oad, mis v\u00f5ivad p\u00f5hjustada gaase.<\/p><p>Laktaas \u2013 lagundab suhkru laktoosi gl\u00fckoosiks ja galaktoosiks.<\/p><p>Maltaas \u2013 lagundab suhkrumaltoosi v\u00e4iksemateks gl\u00fckoosi molekulideks.<\/p><p>Kui te pole kindel, millised vitamiinid v\u00f5i muud toidulisandid <strong>hetkel k\u00f5ige sobivam<\/strong>, tehke test <a href=\"https:\/\/findvit.com\/et\/testas\/\"><strong>&quot;Sinu p\u00e4ev&quot;<\/strong><\/a> ja teada saada\u00a0 <strong>isiklik<\/strong> soovitus!<\/p>\t\t\t\t\t\t\t\t<\/div>\n\t\t\t\t<\/div>\n\t\t\t\t\t<\/div>\n\t\t<\/div>\n\t\t\t\t<div class=\"elementor-column elementor-col-50 elementor-top-column elementor-element elementor-element-4cd8d4c\" data-id=\"4cd8d4c\" data-element_type=\"column\">\n\t\t\t<div class=\"elementor-widget-wrap elementor-element-populated\">\n\t\t\t\t\t\t<div class=\"elementor-element elementor-element-126df0d elementor-widget elementor-widget-image\" data-id=\"126df0d\" data-element_type=\"widget\" data-widget_type=\"image.default\">\n\t\t\t\t<div class=\"elementor-widget-container\">\n\t\t\t\t\t\t\t\t\t\t\t\t\t\t\t<img loading=\"lazy\" decoding=\"async\" width=\"900\" height=\"900\" src=\"https:\/\/findvit.com\/wp-content\/uploads\/2021\/10\/Ko-13-900x900.jpg\" class=\"attachment-large size-large wp-image-2498\" alt=\"Ens\u00fc\u00fcmid naistele. Naine teeb joogaharjutusi\" srcset=\"https:\/\/findvit.com\/wp-content\/uploads\/2021\/10\/Ko-13-900x900.jpg 900w, https:\/\/findvit.com\/wp-content\/uploads\/2021\/10\/Ko-13-600x600.jpg 600w, https:\/\/findvit.com\/wp-content\/uploads\/2021\/10\/Ko-13-150x150.jpg 150w, https:\/\/findvit.com\/wp-content\/uploads\/2021\/10\/Ko-13-768x768.jpg 768w, https:\/\/findvit.com\/wp-content\/uploads\/2021\/10\/Ko-13-1x1.jpg 1w, https:\/\/findvit.com\/wp-content\/uploads\/2021\/10\/Ko-13-10x10.jpg 10w, https:\/\/findvit.com\/wp-content\/uploads\/2021\/10\/Ko-13-100x100.jpg 100w, https:\/\/findvit.com\/wp-content\/uploads\/2021\/10\/Ko-13.jpg 1000w\" sizes=\"auto, (max-width: 900px) 100vw, 900px\" \/>\t\t\t\t\t\t\t\t\t\t\t\t\t\t\t<\/div>\n\t\t\t\t<\/div>\n\t\t\t\t\t<\/div>\n\t\t<\/div>\n\t\t\t\t\t<\/div>\n\t\t<\/section>\n\t\t\t\t<\/div>","protected":false},"excerpt":{"rendered":"<p>Unikaalne valem Thera-segu ens\u00fc\u00fcmide ja probiootikumide kompleks. Ens\u00fc\u00fcmid j\u00e4\u00e4vad efektiivseks kogu seedimise ajal ja kogu seedetrakti pH-spektri ulatuses. Koguni 12 erinevat ens\u00fc\u00fcmi ja h\u00e4id baktereid. Kursuse jaoks piisab kuni 90 p\u00e4evast.<\/p>","protected":false},"featured_media":4527,"comment_status":"open","ping_status":"closed","template":"","meta":{"_acf_changed":false,"inline_featured_image":false},"etheme_brands":[{"term_id":57,"name":"Enzymedica","slug":"enzymedica","term_group":0,"term_taxonomy_id":57,"taxonomy":"brand","description":"<h2><a href=\"https:\/\/enzymedica.com\/pages\/explore-our-mission\" target=\"_blank\" rel=\"noopener\">Kiekvienas Enzymedica<\/a> produktas:<\/h2>\r\nhttps:\/\/youtu.be\/3ntanNxUev8?t=2\r\n<h3><strong>\u0160varus<\/strong><\/h3>\r\n\"Enzymedica\" nadoja tik gryniausius nat\u016bralius ingredientus ir siekia, kad produktuose neb\u016bt\u0173 dirbtini\u0173 priemai\u0161\u0173. Gamintojas did\u017eiuojasi, kad yra pirmasis \"Clean Label Project\" sertifikuotas papild\u0173 prek\u0117s \u017eenklas, kurio produktuose n\u0117ra daugiau nei 130 ter\u0161al\u0173. Enzymedica saugo visus gerus ingridientus ir niekada nenaudoja dirbtini\u0173 pried\u0173.\r\n<h3><strong>Nepriklausomai sertifikuotas<\/strong><\/h3>\r\nEnzymedica \u012fsipareigojusi laikytis geros gamybos praktikos. \"Enzymedica\" nepriklausomai audituojama \"NSF International\" kompanijos.\r\n<h3><strong>Tyras<\/strong><\/h3>\r\nKiekviena gamybos partija yra kruop\u0161\u010diai i\u0161testuojama vertinant produkt\u0173 grynum\u0105, tod\u0117l u\u017etikrinama, kad tai, kas yra etiket\u0117je, visada yra buteliuke.\r\n<h3><strong>Orentuotas \u012f gyvenimo b\u016bd\u0105<\/strong><\/h3>\r\nKur tik \u012fmanoma \"Enzymedica\" produktai yra sertifikuojami \"Kosher\" \u017eenklu. Kai tik \u012fmanoma naudojami vegetari\u0161ki ir vegani\u0161ki ingredientai.\r\n<h3><strong>Tvarus<\/strong><\/h3>\r\nPlanetos gerov\u0117 yra tokia pat svarbi kaip ir m\u016bs\u0173, tod\u0117l \"Enzymedica\" mano, kad ekologijos svarba yra neatsiejama verslo dalis ir gyvenimo b\u016bdas. \"LEED-Gold Certified\" b\u016bstin\u0117je yra naudojama saul\u0117s energija, u\u017etikrinant geresn\u0119 ateit\u012f planetai.\r\n<h3><strong>Efektyvus<\/strong><\/h3>\r\nGeriausi papildai n\u0117ra kuriami atsitiktinai. \"Enzymedica\" savaranki\u0161kai tikrina, ar visi j\u0173 produktai atitinka grie\u017etus standartus, ir siekdama pagerinti ingridient\u0173 efektyvum\u0105 suk\u016br\u0117 naujas technologijas, tokias kaip \"Therablend\".\r\n<h3><strong>Socialiai s\u0105moningas<\/strong><\/h3>\r\n\"Enzymedica\" tiki \u017emon\u0117mis ir planeta, ir kiekvianam darbuotojui tai svarbu. Filantropija yra \u012fmon\u0117s pagrindas ir remdami \"People &amp; Planet\" iniciatyvas tai tik patvirtina.","parent":0,"count":8,"filter":"raw"}],"product_brand":[],"product_cat":[118,15],"product_tag":[88,125,126,97],"class_list":{"0":"post-4526","1":"product","2":"type-product","3":"status-publish","4":"has-post-thumbnail","6":"brand-enzymedica","7":"product_cat-fermentai","8":"product_cat-produktai","9":"product_tag-aktyviai-organizmo-apykaitai","10":"product_tag-energijai","11":"product_tag-greitam-virskinimui-ir-salinimui","12":"product_tag-svorio-kontrolei","14":"first","15":"outofstock","16":"taxable","17":"shipping-taxable","18":"purchasable","19":"product-type-simple"},"acf":[],"_links":{"self":[{"href":"https:\/\/findvit.com\/et\/wp-json\/wp\/v2\/product\/4526","targetHints":{"allow":["GET"]}}],"collection":[{"href":"https:\/\/findvit.com\/et\/wp-json\/wp\/v2\/product"}],"about":[{"href":"https:\/\/findvit.com\/et\/wp-json\/wp\/v2\/types\/product"}],"replies":[{"embeddable":true,"href":"https:\/\/findvit.com\/et\/wp-json\/wp\/v2\/comments?post=4526"}],"version-history":[{"count":7,"href":"https:\/\/findvit.com\/et\/wp-json\/wp\/v2\/product\/4526\/revisions"}],"predecessor-version":[{"id":16651,"href":"https:\/\/findvit.com\/et\/wp-json\/wp\/v2\/product\/4526\/revisions\/16651"}],"wp:featuredmedia":[{"embeddable":true,"href":"https:\/\/findvit.com\/et\/wp-json\/wp\/v2\/media\/4527"}],"wp:attachment":[{"href":"https:\/\/findvit.com\/et\/wp-json\/wp\/v2\/media?parent=4526"}],"wp:term":[{"taxonomy":"brand","embeddable":true,"href":"https:\/\/findvit.com\/et\/wp-json\/wp\/v2\/etheme_brands?post=4526"},{"taxonomy":"product_brand","embeddable":true,"href":"https:\/\/findvit.com\/et\/wp-json\/wp\/v2\/product_brand?post=4526"},{"taxonomy":"product_cat","embeddable":true,"href":"https:\/\/findvit.com\/et\/wp-json\/wp\/v2\/product_cat?post=4526"},{"taxonomy":"product_tag","embeddable":true,"href":"https:\/\/findvit.com\/et\/wp-json\/wp\/v2\/product_tag?post=4526"}],"curies":[{"name":"wp","href":"https:\/\/api.w.org\/{rel}","templated":true}]}}