{"id":4542,"date":"2021-12-29T13:34:25","date_gmt":"2021-12-29T11:34:25","guid":{"rendered":"https:\/\/findvit.com\/?post_type=product&#038;p=4542"},"modified":"2026-03-02T15:49:47","modified_gmt":"2026-03-02T13:49:47","slug":"vitamin-code-raw-vitaminas-c-vitamino-c-kompleksas-60","status":"publish","type":"product","link":"https:\/\/findvit.com\/et\/produktas\/vitamin-code-raw-vitaminas-c-vitamino-c-kompleksas-60\/","title":{"rendered":"Garden of life Vitamin Code RAW VITAMINAS C &#8211;  Vitaminas C  visavertis kompleksas su antioksidantais, probiotikais ir fermentais, 60 vegankapsuli\u0173"},"content":{"rendered":"<div data-elementor-type=\"product-post\" data-elementor-id=\"4542\" class=\"elementor elementor-4542\" data-elementor-post-type=\"product\">\n\t\t\t\t\t\t<section class=\"elementor-section elementor-top-section elementor-element elementor-element-befc80d elementor-section-boxed elementor-section-height-default elementor-section-height-default\" data-id=\"befc80d\" data-element_type=\"section\">\n\t\t\t\t\t\t<div class=\"elementor-container elementor-column-gap-default\">\n\t\t\t\t\t<div class=\"elementor-column elementor-col-100 elementor-top-column elementor-element elementor-element-11194a8\" data-id=\"11194a8\" data-element_type=\"column\">\n\t\t\t<div class=\"elementor-widget-wrap elementor-element-populated\">\n\t\t\t\t\t\t<div class=\"elementor-element elementor-element-0d003b4 elementor-absolute elementor-hidden-mobile elementor-invisible elementor-widget elementor-widget-image\" data-id=\"0d003b4\" data-element_type=\"widget\" data-settings=\"{&quot;motion_fx_motion_fx_scrolling&quot;:&quot;yes&quot;,&quot;motion_fx_rotateZ_effect&quot;:&quot;yes&quot;,&quot;motion_fx_rotateZ_speed&quot;:{&quot;unit&quot;:&quot;px&quot;,&quot;size&quot;:5,&quot;sizes&quot;:[]},&quot;motion_fx_range&quot;:&quot;viewport&quot;,&quot;_animation&quot;:&quot;fadeIn&quot;,&quot;_position&quot;:&quot;absolute&quot;,&quot;motion_fx_rotateZ_affectedRange&quot;:{&quot;unit&quot;:&quot;%&quot;,&quot;size&quot;:&quot;&quot;,&quot;sizes&quot;:{&quot;start&quot;:0,&quot;end&quot;:100}},&quot;motion_fx_devices&quot;:[&quot;desktop&quot;,&quot;tablet&quot;,&quot;mobile&quot;]}\" data-widget_type=\"image.default\">\n\t\t\t\t<div class=\"elementor-widget-container\">\n\t\t\t\t\t\t\t\t\t\t\t\t\t\t\t<img loading=\"lazy\" decoding=\"async\" width=\"200\" height=\"200\" src=\"https:\/\/findvit.com\/wp-content\/uploads\/2021\/09\/ratukas.svg\" class=\"attachment-full size-full wp-image-1777\" alt=\"Ratas ankeedist vitamiinini\" \/>\t\t\t\t\t\t\t\t\t\t\t\t\t\t\t<\/div>\n\t\t\t\t<\/div>\n\t\t\t\t\t<\/div>\n\t\t<\/div>\n\t\t\t\t\t<\/div>\n\t\t<\/section>\n\t\t\t\t<section class=\"elementor-section elementor-top-section elementor-element elementor-element-f4a9431 elementor-section-boxed elementor-section-height-default elementor-section-height-default\" data-id=\"f4a9431\" data-element_type=\"section\">\n\t\t\t\t\t\t<div class=\"elementor-container elementor-column-gap-no\">\n\t\t\t\t\t<div class=\"elementor-column elementor-col-50 elementor-top-column elementor-element elementor-element-eeb7dec\" data-id=\"eeb7dec\" data-element_type=\"column\">\n\t\t\t<div class=\"elementor-widget-wrap elementor-element-populated\">\n\t\t\t\t\t\t<div class=\"elementor-element elementor-element-ad26916 elementor-widget elementor-widget-heading\" data-id=\"ad26916\" data-element_type=\"widget\" data-widget_type=\"heading.default\">\n\t\t\t\t<div class=\"elementor-widget-container\">\n\t\t\t\t\t<h2 class=\"elementor-heading-title elementor-size-medium\">Vitamin Code Raw C-vitamiin on looduslik toidulisand, mille eesm\u00e4rk on anda 500 mg C-vitamiini, 60 kapslit.<\/h2>\t\t\t\t<\/div>\n\t\t\t\t<\/div>\n\t\t\t\t<div class=\"elementor-element elementor-element-7587da6 elementor-widget elementor-widget-text-editor\" data-id=\"7587da6\" data-element_type=\"widget\" data-widget_type=\"text-editor.default\">\n\t\t\t\t<div class=\"elementor-widget-container\">\n\t\t\t\t\t\t\t\t\t<p>Kui otsite <strong>loomulik<\/strong> ja <strong>kvaliteet<\/strong> C-vitamiini allikas, Vitamiinikood Toores C-vitamiin on <strong>suurep\u00e4rane valik<\/strong>.<\/p><p>See looduslik C-vitamiin on valmistatud toitudest, mis annavad \u00fchtlase <strong>500 mg<\/strong> C-vitamiini ja <strong>rohkem kui 20<\/strong> mahep\u00f5llumajanduslikult kasvatatud puu- ja k\u00f6\u00f6giviljad.<\/p><p>Vitamiinikood Toores C-vitamiin on v\u00e4ga <strong>hinnatud<\/strong> ja <strong>tunnustatud<\/strong> palju, sest:<\/p><ul><li>C-vitamiin on oluline normaalseks <strong>immuuns\u00fcsteemi aktiivsus<\/strong> <br \/>intensiivse f\u00fc\u00fcsilise aktiivsuse s\u00e4ilitamiseks <br \/>treeningu ajal ja p\u00e4rast seda<\/li><li>C-vitamiin on oluline normaalseks <strong>n\u00e4rvid<\/strong> s\u00fcsteemid <strong>tegevuste jaoks<\/strong><\/li><li>C-vitamiin <strong>aitab v\u00e4hendada <\/strong><br \/><strong>v\u00e4simustunne<\/strong> ja <br \/>v\u00e4simus<\/li><li>C-vitamiin <strong>parandab rauda <\/strong><br \/><strong>imendumine<\/strong><\/li><\/ul><p>See v\u00f5imas lisand ka <strong>on<\/strong> elus <strong>probiootikumid<\/strong> ja <strong>ens\u00fc\u00fcmid<\/strong>, mis veelgi rikastavad ja pakuvad seda, mida me otsime.<\/p><p>Vitamiinikood Toores C-vitamiin ei ole lihtsalt lihtne C-vitamiin. Sellel on terve rida eeliseid. Spetsiaalselt koostatud 500 mg C-vitamiini saamiseks <strong>koos<\/strong> looduslikult esinev <strong>bioflavonoidid<\/strong>.<\/p><p>Bioflavonoidid on taimsed ained, mis aitavad ja rikastavad.<\/p><p>Vitamiinikood Toores C-vitamiin ei ole valmistatud s\u00fcnteetilistest ega isoleeritud ainetest. Ta on <strong>valmistatud tervislikust toidust<\/strong>, mis pakuvad C-vitamiini ja muid looduslikke komponente, mis aitavad.<\/p><p><strong>Tugevalt rikastatud<\/strong>. Komponendid kapslis <strong>sisaldab 23 mahep\u00f5llumajanduslikult kasvatatud puu- ja k\u00f6\u00f6givilja<\/strong>, mis lisavad toetavaid antioks\u00fcdante, vitamiine ja toitaineid.<\/p><p>Nende puu- ja k\u00f6\u00f6giviljade hulka kuuluvad tsitrusviljad, paprikad, spargelkapsas, spinat, petersell ja paljud teised k\u00f5rgelt hinnatud tooted.<\/p><p>Vitamiinikood Toores C-vitamiin ka <strong>on<\/strong> elus <strong>probiootikumid<\/strong> ja <strong>ens\u00fc\u00fcmid<\/strong>,<\/p><p>Vitamiinikood Toores C-vitamiini toodetakse ilma k\u00f5rgeid temperatuure kasutamata ega keemilist t\u00f6\u00f6tlemist, nii et see j\u00e4\u00e4b sellesse <strong>k\u00f5ik looduslikud materjalid<\/strong> ja aktiivsus.<\/p><p>Vitamin Code Raw C-vitamiin on suurep\u00e4rane toidulisand <strong>neile, kes tahavad rohkem saada<\/strong> C-vitamiini ja muid kasulikke aineid looduslikest ja orgaanilistest allikatest.<\/p><p>C-vitamiin on tuntud antioks\u00fcdant, mis annab meile hindamatu v\u00e4\u00e4rtuse.<\/p><p>Vitamiinikood Toores C-vitamiin on kergesti seeditav.<\/p><p>V\u00e4ga palju<strong> mugav kasutada<\/strong>, sest see on pakendatud optimaalse suurusega kapslitesse.\u00a0<\/p><p>Ta on <strong>mitte-GMO<\/strong>, <strong>gluteenivaba. <\/strong>Ideaalne sobivus <strong>veganitele.<\/strong> See ei sisalda kunstlikke lisaaineid, v\u00e4rvaineid, magusaineid ega t\u00e4iteaineid, mida sageli kasutatakse tablettides.<\/p><p>Toitained on mugavates taimsetes kapslites, mida v\u00f5ib v\u00f5tta iga p\u00e4ev v\u00f5i avada ja lisada veele v\u00f5i mahlale.<\/p><p>Kui otsite looduslikku ja kvaliteetset C-vitamiini allikat, on Vitamin Code Raw C-vitamiin suurep\u00e4rane valik.<\/p><p><strong>Looduslik C-vitamiin ja selle eelised<\/strong> on tervishoiut\u00f6\u00f6tajate seas h\u00e4sti tuntud ja hinnatud.\u00a0<\/p><p><strong>Tumedast klaasist kaitsev pakend.<\/strong><\/p><p><strong>See v\u00f5tab aega kuni 60 p\u00e4eva.\u00a0<\/strong><\/p><p>Kui te pole kindel, millised vitamiinid v\u00f5i muud toidulisandid <strong>hetkel k\u00f5ige sobivam<\/strong>, tehke test <a href=\"https:\/\/findvit.com\/et\/testas\/\"><strong>&quot;Sinu p\u00e4ev&quot;<\/strong><\/a> ja teada saada\u00a0 <strong>isiklik<\/strong> soovitus!<\/p><p><a href=\"https:\/\/www.gardenoflife.com\/\" target=\"_blank\" rel=\"noopener\"><strong>&quot;Elu aed&quot;<\/strong><\/a> tootja.<\/p>\t\t\t\t\t\t\t\t<\/div>\n\t\t\t\t<\/div>\n\t\t\t\t\t<\/div>\n\t\t<\/div>\n\t\t\t\t<div class=\"elementor-column elementor-col-50 elementor-top-column elementor-element elementor-element-fbc17a4\" data-id=\"fbc17a4\" data-element_type=\"column\">\n\t\t\t<div class=\"elementor-widget-wrap elementor-element-populated\">\n\t\t\t\t\t\t<div class=\"elementor-element elementor-element-c9cdac8 elementor-widget elementor-widget-image\" data-id=\"c9cdac8\" data-element_type=\"widget\" data-widget_type=\"image.default\">\n\t\t\t\t<div class=\"elementor-widget-container\">\n\t\t\t\t\t\t\t\t\t\t\t\t\t\t\t<img loading=\"lazy\" decoding=\"async\" width=\"900\" height=\"900\" src=\"https:\/\/findvit.com\/wp-content\/uploads\/2021\/10\/Ko-13-900x900.jpg\" class=\"attachment-large size-large wp-image-2498\" alt=\"Ens\u00fc\u00fcmid naistele. Naine teeb joogaharjutusi\" srcset=\"https:\/\/findvit.com\/wp-content\/uploads\/2021\/10\/Ko-13-900x900.jpg 900w, https:\/\/findvit.com\/wp-content\/uploads\/2021\/10\/Ko-13-600x600.jpg 600w, https:\/\/findvit.com\/wp-content\/uploads\/2021\/10\/Ko-13-150x150.jpg 150w, https:\/\/findvit.com\/wp-content\/uploads\/2021\/10\/Ko-13-768x768.jpg 768w, https:\/\/findvit.com\/wp-content\/uploads\/2021\/10\/Ko-13-1x1.jpg 1w, https:\/\/findvit.com\/wp-content\/uploads\/2021\/10\/Ko-13-10x10.jpg 10w, https:\/\/findvit.com\/wp-content\/uploads\/2021\/10\/Ko-13-100x100.jpg 100w, https:\/\/findvit.com\/wp-content\/uploads\/2021\/10\/Ko-13.jpg 1000w\" sizes=\"auto, (max-width: 900px) 100vw, 900px\" \/>\t\t\t\t\t\t\t\t\t\t\t\t\t\t\t<\/div>\n\t\t\t\t<\/div>\n\t\t\t\t\t<\/div>\n\t\t<\/div>\n\t\t\t\t\t<\/div>\n\t\t<\/section>\n\t\t\t\t<\/div>","protected":false},"excerpt":{"rendered":"<p>Vitamin Code Raw C-vitamiin on ainulaadne toidulisand, mida iseloomustab k\u00f5rgeim kvaliteet ja terviklikkus. See h\u00e4mmastav toode on valmistatud mahep\u00f5llumajanduslikult kasvatatud puu- ja k\u00f6\u00f6giviljadest, j\u00e4rgides hoolikalt protsessi, et s\u00e4ilitada looduslikud koens\u00fc\u00fcmid. See on mitte-GMO, gluteenivaba ja sertifitseeritud vegan. Piisab 30-60 p\u00e4evast.<\/p>","protected":false},"featured_media":23328,"comment_status":"open","ping_status":"closed","template":"","meta":{"_acf_changed":false,"inline_featured_image":false},"etheme_brands":[{"term_id":58,"name":"Garden of Life","slug":"garden-of-life","term_group":0,"term_taxonomy_id":58,"taxonomy":"brand","description":"<h2><strong><a href=\"https:\/\/www.gardenoflife.com\/why-gol\" target=\"_blank\" rel=\"noopener\">Garden of Life<\/a><\/strong><\/h2>\r\nJAV \u012fmon\u0117, kuri yra viena i\u0161 nedaugelio, gaminanti savo produktus 100% i\u0161 nat\u016brali\u0173 ingredient\u0173. Puikiai tinka \u017emon\u0117ms, kuriems labai svarbi produkt\u0173 sud\u0117tis. Visi produktai be GMO. Gamintojas apdovanotas daugeliu kokyb\u0117s sertifikat\u0173, toki\u0173 kaip USDA Organic, Certified Vegan, Certified Gluten-Free, U Kosher ir daugelis kit\u0173. Garden of life kompanija dal\u012f pajam\u0173, gaut\u0173 i\u0161 pardavim\u0173, skiria labdarai, pla\u010diau apra\u0161ytoms gamintojo svetain\u0117je.\r\n\"Garden of Life\" tikslas - suteikti \u017emon\u0117ms galimyb\u0119 tur\u0117ti auk\u0161tos kokyb\u0117s papildus, kurie yra reikalingi gerai sveikatai i\u0161laikyti. Sud\u0117tin\u0117s dalys yra organin\u0117s kilm\u0117s, klini\u0161kai i\u0161tirtos ir atsekamos kilm\u0117s. Gompanija savo gaminiuose nenaudoja sintetini\u0173 pried\u0173, dirbtini\u0173 skoni\u0173 ar da\u017eikli\u0173, ri\u0161ikli\u0173 ar u\u017epild\u0173.\r\nhttps:\/\/youtu.be\/2jbU_WkglKA?t=48\r\n<h3><strong>Neapdirbtas maistas<\/strong><\/h3>\r\n\u017dmogaus k\u016bnas buvo sukurtas valgyti, apdoroti ir gauti maistines med\u017eiagas i\u0161 maisto - tikro, sveiko maisto. Taigi, kai kuriami produktai, pradedama nuo \u017evilgnsio \u012f maist\u0105. Kokie yra \"geri dalykai\" auk\u0161\u010diausios kokyb\u0117s maiste, kurio mums tr\u016bksta m\u016bs\u0173 kasdien\u0117je mityboje? Kuris i\u0161 \u0161i\u0173 maisto produkt\u0173 turi did\u017eiausi\u0105 potencial\u0105 paveikti ir \u012fgalinti ger\u0105 sveikat\u0105?\r\n<h3><strong>Atsekamumas<\/strong><\/h3>\r\nAtsekamumas yra labai svarbus veiksnys, d\u0117l kurio \"Garden of Life\" produktai yra tokie ypatingi. Atsekamumas prasideda nuo \u017einojimo, i\u0161 kur kil\u0119s kiekvienas produkt\u0173 ingredientas, ir susipa\u017einimo su kiekviena kilme: kur jis auginamas; \u016bkininkavimo praktika; kaip elgiasi su \u016bkio darbuotojais \u2013 viskuo.\r\n<h3><strong>\u0160varu yra sveika<\/strong><\/h3>\r\nGarden of life stebi, kas yra \u012fdedama \u012f produktus \u2013 tikri, neapdirbti maisto ingredientai. Bet ties tuo nesustojama. Taip pat labai daug d\u0117mesio skiriama tam, kas i\u0161 \u0161i\u0173 produkt\u0173 i\u0161gaunama. Ir dar kart\u0105 renkamasi\u00a0 \u2013 tikras kokybi\u0161kas maistas. Kompanija naudoja tre\u010di\u0173j\u0173 \u0161ali\u0173\u00a0 sertifikatus, kad \u012frodyt\u0173, jog produktai yra \u0161var\u016bs ir kokybi\u0161ki!\r\n<h3><strong>CO2 neutralumas<\/strong><\/h3>\r\nGarden of life nepaprastai did\u017eiuojasi, kad pasiek\u0117 anglies dioksido neutralum\u0105 2021 m. Bir\u017eelio m\u0117n. CarbonFund.org sertifikuotas \"Carbonfree\u00ae\", \"Garden of Life\" nuo pat \u012fk\u016brimo buvo \u012fsipareigojusi tvarumui.","parent":0,"count":12,"filter":"raw"}],"product_brand":[],"product_cat":[646,645,63,15],"product_tag":[660,91,122,93,98],"class_list":{"0":"post-4542","1":"product","2":"type-product","3":"status-publish","4":"has-post-thumbnail","6":"brand-garden-of-life","7":"product_cat-papildai-moterims","8":"product_cat-geriausi-papildai-vyrams","9":"product_cat-mineralai","10":"product_cat-produktai","11":"product_tag-esminiai-vitaminai-moterims","12":"product_tag-imunitetui","13":"product_tag-jaunatviskai-odai","14":"product_tag-sveikai-sirdziai","15":"product_tag-tvirtiems-kaulams","17":"first","18":"instock","19":"sale","20":"taxable","21":"shipping-taxable","22":"purchasable","23":"product-type-simple"},"acf":[],"_links":{"self":[{"href":"https:\/\/findvit.com\/et\/wp-json\/wp\/v2\/product\/4542","targetHints":{"allow":["GET"]}}],"collection":[{"href":"https:\/\/findvit.com\/et\/wp-json\/wp\/v2\/product"}],"about":[{"href":"https:\/\/findvit.com\/et\/wp-json\/wp\/v2\/types\/product"}],"replies":[{"embeddable":true,"href":"https:\/\/findvit.com\/et\/wp-json\/wp\/v2\/comments?post=4542"}],"version-history":[{"count":31,"href":"https:\/\/findvit.com\/et\/wp-json\/wp\/v2\/product\/4542\/revisions"}],"predecessor-version":[{"id":21247,"href":"https:\/\/findvit.com\/et\/wp-json\/wp\/v2\/product\/4542\/revisions\/21247"}],"wp:featuredmedia":[{"embeddable":true,"href":"https:\/\/findvit.com\/et\/wp-json\/wp\/v2\/media\/23328"}],"wp:attachment":[{"href":"https:\/\/findvit.com\/et\/wp-json\/wp\/v2\/media?parent=4542"}],"wp:term":[{"taxonomy":"brand","embeddable":true,"href":"https:\/\/findvit.com\/et\/wp-json\/wp\/v2\/etheme_brands?post=4542"},{"taxonomy":"product_brand","embeddable":true,"href":"https:\/\/findvit.com\/et\/wp-json\/wp\/v2\/product_brand?post=4542"},{"taxonomy":"product_cat","embeddable":true,"href":"https:\/\/findvit.com\/et\/wp-json\/wp\/v2\/product_cat?post=4542"},{"taxonomy":"product_tag","embeddable":true,"href":"https:\/\/findvit.com\/et\/wp-json\/wp\/v2\/product_tag?post=4542"}],"curies":[{"name":"wp","href":"https:\/\/api.w.org\/{rel}","templated":true}]}}