{"id":8912,"date":"2022-07-13T14:53:37","date_gmt":"2022-07-13T11:53:37","guid":{"rendered":"https:\/\/findvit.com\/?post_type=product&#038;p=8912"},"modified":"2026-02-09T15:35:52","modified_gmt":"2026-02-09T13:35:52","slug":"trace-minerals-concentrace-skysti-juros-trace-mineralai-komplekse-237-ml","status":"publish","type":"product","link":"https:\/\/findvit.com\/et\/produktas\/trace-minerals-concentrace-skysti-juros-trace-mineralai-komplekse-237-ml\/","title":{"rendered":"Trace Minerals Concentrace vedel merej\u00e4lgede mineraalide kompleks, 237 ml"},"content":{"rendered":"<div data-elementor-type=\"product-post\" data-elementor-id=\"8912\" class=\"elementor elementor-8912\" data-elementor-post-type=\"product\">\n\t\t\t\t\t\t<section class=\"elementor-section elementor-top-section elementor-element elementor-element-71038adc elementor-section-boxed elementor-section-height-default elementor-section-height-default\" data-id=\"71038adc\" data-element_type=\"section\">\n\t\t\t\t\t\t<div class=\"elementor-container elementor-column-gap-default\">\n\t\t\t\t\t<div class=\"elementor-column elementor-col-100 elementor-top-column elementor-element elementor-element-427c8b01\" data-id=\"427c8b01\" data-element_type=\"column\">\n\t\t\t<div class=\"elementor-widget-wrap\">\n\t\t\t\t\t\t\t<\/div>\n\t\t<\/div>\n\t\t\t\t\t<\/div>\n\t\t<\/section>\n\t\t\t\t<section class=\"elementor-section elementor-top-section elementor-element elementor-element-299a4da0 elementor-section-boxed elementor-section-height-default elementor-section-height-default\" data-id=\"299a4da0\" data-element_type=\"section\">\n\t\t\t\t\t\t<div class=\"elementor-container elementor-column-gap-default\">\n\t\t\t\t\t<div class=\"elementor-column elementor-col-100 elementor-top-column elementor-element elementor-element-c4df8a9\" data-id=\"c4df8a9\" data-element_type=\"column\">\n\t\t\t<div class=\"elementor-widget-wrap elementor-element-populated\">\n\t\t\t\t\t\t<div class=\"elementor-element elementor-element-33f8c9fc elementor-absolute elementor-hidden-mobile elementor-invisible elementor-widget elementor-widget-image\" data-id=\"33f8c9fc\" data-element_type=\"widget\" data-settings=\"{&quot;motion_fx_motion_fx_scrolling&quot;:&quot;yes&quot;,&quot;motion_fx_rotateZ_effect&quot;:&quot;yes&quot;,&quot;motion_fx_rotateZ_speed&quot;:{&quot;unit&quot;:&quot;px&quot;,&quot;size&quot;:5,&quot;sizes&quot;:[]},&quot;motion_fx_range&quot;:&quot;viewport&quot;,&quot;_animation&quot;:&quot;fadeIn&quot;,&quot;_position&quot;:&quot;absolute&quot;,&quot;motion_fx_rotateZ_affectedRange&quot;:{&quot;unit&quot;:&quot;%&quot;,&quot;size&quot;:&quot;&quot;,&quot;sizes&quot;:{&quot;start&quot;:0,&quot;end&quot;:100}},&quot;motion_fx_devices&quot;:[&quot;desktop&quot;,&quot;tablet&quot;,&quot;mobile&quot;]}\" data-widget_type=\"image.default\">\n\t\t\t\t<div class=\"elementor-widget-container\">\n\t\t\t\t\t\t\t\t\t\t\t\t\t\t\t<img loading=\"lazy\" decoding=\"async\" width=\"200\" height=\"200\" src=\"https:\/\/findvit.com\/wp-content\/uploads\/2021\/09\/ratukas.svg\" class=\"attachment-full size-full wp-image-1777\" alt=\"Ratas ankeedist vitamiinini\" \/>\t\t\t\t\t\t\t\t\t\t\t\t\t\t\t<\/div>\n\t\t\t\t<\/div>\n\t\t\t\t\t<\/div>\n\t\t<\/div>\n\t\t\t\t\t<\/div>\n\t\t<\/section>\n\t\t\t\t<section class=\"elementor-section elementor-top-section elementor-element elementor-element-2612b812 elementor-section-boxed elementor-section-height-default elementor-section-height-default\" data-id=\"2612b812\" data-element_type=\"section\">\n\t\t\t\t\t\t<div class=\"elementor-container elementor-column-gap-no\">\n\t\t\t\t\t<div class=\"elementor-column elementor-col-50 elementor-top-column elementor-element elementor-element-22786318\" data-id=\"22786318\" data-element_type=\"column\">\n\t\t\t<div class=\"elementor-widget-wrap elementor-element-populated\">\n\t\t\t\t\t\t<div class=\"elementor-element elementor-element-1fb707a9 elementor-widget elementor-widget-heading\" data-id=\"1fb707a9\" data-element_type=\"widget\" data-widget_type=\"heading.default\">\n\t\t\t\t<div class=\"elementor-widget-container\">\n\t\t\t\t\t<h4 class=\"elementor-heading-title elementor-size-default\">Trace Minerals Concentrace vedel merej\u00e4lgede mineraalide kompleks, 237 ml<\/h4>\t\t\t\t<\/div>\n\t\t\t\t<\/div>\n\t\t\t\t<div class=\"elementor-element elementor-element-2921752e elementor-widget elementor-widget-text-editor\" data-id=\"2921752e\" data-element_type=\"widget\" data-widget_type=\"text-editor.default\">\n\t\t\t\t<div class=\"elementor-widget-container\">\n\t\t\t\t\t\t\t\t\t<p>ConcenTrace\u00ae Trace Mineral Drops on <strong>tugev<\/strong>, t\u00e4iesti looduslik mikroelementide kompleks. See on USA-s m\u00fc\u00fcdav mikrotoitainete lisand #1, mis tagab, et tunnete erinevust.<\/p>\n<h3><strong>Unikaalne valem<\/strong><\/h3>\n<p><strong>Kompleksis on mineraalid tasakaalustatud vastavalt iga pereliikme vajadustele.&nbsp;<\/strong><\/p>\n<p><strong> Nad<\/strong> <strong>loodud loodusliku looduse poolt<\/strong>, seega on samad kui ja <strong>mikroelemendid toidus<\/strong>. Ioonne vorm suurendab veelgi selle kompleksi v\u00e4\u00e4rtust.<\/p>\n<p>ConcenTrace Trace Mineral Drops on valmistatud Great Salt Lake&#039;i veest, mis on <strong>looduslik mineraalide allikas.<\/strong><\/p>\n<p>\u2013 See toode on filtreeritud ja kontsentreeritud spetsiaalse protsessiga, mis s\u00e4ilitab k\u00f5ik looduslikud mineraalid ja mikroelemendid.<\/p>\n<p>\u2013 ConcenTrace Trace Mineral Drops sisaldab <strong>rohkem kui 72<\/strong> mikroelemendid, sealhulgas magneesium, kloriid, kaalium, kaltsium, naatrium, tsink, seleen ja paljud teised.<\/p>\n<p>- Need mikroelemendid on olulised paljude keha funktsioonide jaoks:<\/p>\n<p>- ConcenTrace Trace Mineral Drops on madala naatriumisisaldusega toode, millel ei ole <strong>lisasid pole<\/strong> suhkur, s\u00e4ilitusained v\u00f5i magusained.<\/p>\n<p>\u2013 See toode on veganis\u00f5bralik, kuna ei sisalda loomset p\u00e4ritolu koostisosi.<\/p>\n<p>\u2013 ConcenTrace Trace Mineral Dropsid on lihtne kasutada ja doseerida. Lisage lihtsalt m\u00f5ni tilk oma joogile v\u00f5i toidule ja nautige mineraalide eeliseid.<\/p>\n<p>\u2013 ConcenTrace Trace Mineral Drops on usaldusv\u00e4\u00e4rne ja kvaliteetne toode, mis on <strong>sertifitseeritud<\/strong> GMP ja NSF standardid.<\/p>\n<p>- ConcenTrace Trace Mineral Drops on suurep\u00e4rane valik neile, kes soovivad t\u00e4iendada keha toitainetega ning p\u00f6\u00f6rata t\u00e4helepanu endale ja oma l\u00e4hedastele.<\/p>\n<h3><strong>Tarbimine<\/strong>:&nbsp;<\/h3>\n<p>Joo 10 tilka p\u00e4evas esimese 3 p\u00e4eva jooksul. Suurendage annust 10 tilka v\u00f5rra, kuni j\u00f5uate p\u00e4evaannuseni 40 tilka, mida v\u00f5ite tarbida \u00fcks v\u00f5i kaks korda p\u00e4evas. \u00dcle 3-aastastele lastele kasutada 1 tilk iga 2,3 kg kehakaalu kohta. Toode on ilma lisanditeta, seega soovitame seda mineraalide spetsiifilise maitse mahasurumiseks kasutada koos mahlaga.<\/p>\n<p>Huvi korral umbes seekord isiklikult <strong>k\u00f5ige sobivam<\/strong> vitamiine v\u00f5i muid tugevdavaid tooteid, tehke test <a href=\"https:\/\/findvit.com\/et\/testas\/\"><strong>&quot;Sinu p\u00e4ev&quot;<\/strong><\/a> ja saad teada <strong>isiklik<\/strong> soovitus!<\/p>\t\t\t\t\t\t\t\t<\/div>\n\t\t\t\t<\/div>\n\t\t\t\t\t<\/div>\n\t\t<\/div>\n\t\t\t\t<div class=\"elementor-column elementor-col-50 elementor-top-column elementor-element elementor-element-2f38747d\" data-id=\"2f38747d\" data-element_type=\"column\">\n\t\t\t<div class=\"elementor-widget-wrap elementor-element-populated\">\n\t\t\t\t\t\t<div class=\"elementor-element elementor-element-40415755 elementor-widget elementor-widget-image\" data-id=\"40415755\" data-element_type=\"widget\" data-widget_type=\"image.default\">\n\t\t\t\t<div class=\"elementor-widget-container\">\n\t\t\t\t\t\t\t\t\t\t\t\t\t\t\t<img loading=\"lazy\" decoding=\"async\" width=\"900\" height=\"900\" src=\"https:\/\/findvit.com\/wp-content\/uploads\/2021\/08\/Ko-4-900x900.jpg\" class=\"attachment-large size-large wp-image-2473\" alt=\"\u00d5nnelik perekond vedelate toidulisanditega\" srcset=\"https:\/\/findvit.com\/wp-content\/uploads\/2021\/08\/Ko-4-900x900.jpg 900w, https:\/\/findvit.com\/wp-content\/uploads\/2021\/08\/Ko-4-600x600.jpg 600w, https:\/\/findvit.com\/wp-content\/uploads\/2021\/08\/Ko-4-150x150.jpg 150w, https:\/\/findvit.com\/wp-content\/uploads\/2021\/08\/Ko-4-768x768.jpg 768w, https:\/\/findvit.com\/wp-content\/uploads\/2021\/08\/Ko-4-1x1.jpg 1w, https:\/\/findvit.com\/wp-content\/uploads\/2021\/08\/Ko-4-10x10.jpg 10w, https:\/\/findvit.com\/wp-content\/uploads\/2021\/08\/Ko-4-100x100.jpg 100w, https:\/\/findvit.com\/wp-content\/uploads\/2021\/08\/Ko-4.jpg 1000w\" sizes=\"auto, (max-width: 900px) 100vw, 900px\" \/>\t\t\t\t\t\t\t\t\t\t\t\t\t\t\t<\/div>\n\t\t\t\t<\/div>\n\t\t\t\t\t<\/div>\n\t\t<\/div>\n\t\t\t\t\t<\/div>\n\t\t<\/section>\n\t\t\t\t<\/div>","protected":false},"excerpt":{"rendered":"<p>Trace Minerals ConcenTrace Drops on kontsentreeritud mereline <strong>mineraalide kompleks 72 mikroelemendist<\/strong>. Mineraalide j\u00e4lgi <strong>annab toitumist<\/strong> puuduvad mikroelemendid bioloogiliselt k\u00e4ttesaadaval kujul. Sobib tervele perele. See sobib suurep\u00e4raselt joomiseks sporti tehes, t\u00f6\u00f6tades, looduses viibides v\u00f5i reisides. <strong>100 % looduslik<\/strong> toidu- ja veelisand. Sellest piisab kuni 6 kuuks kuuriks.<\/p>","protected":false},"featured_media":8911,"comment_status":"open","ping_status":"closed","template":"","meta":{"_acf_changed":false,"inline_featured_image":false},"etheme_brands":[{"term_id":38,"name":"Trace Minerals","slug":"trace-minerals","term_group":0,"term_taxonomy_id":38,"taxonomy":"brand","description":"<h2><strong>Trace minerals<\/strong><\/h2>\r\n\"Trace Minerals\" yra \u017einomas jonini\u0173 mineralini\u0173 papild\u0173 prek\u0117s \u017eenklas, kuriuo pasitikima beveik 50 met\u0173.\r\n\r\n<strong>Gamintojo misija<\/strong>\r\n\r\n\"Trace Minerals\" mato pasaul\u012f, kuriame \u017emon\u0117s yra\r\natsakingi u\u017e savo sveikat\u0105. Laikas, kai visi \u017emon\u0117s yra nori ir gali\r\ngyventi sveikiau. Joniniai mineralai yra pasiekiami visiems norintiems. Daugiau nei 50 met\u0173 \"Trace Minerals\" prek\u0117s \u017eenklo\r\nproduktai visame pasaulyje buvo pripa\u017einti jonini\u0173 produkt\u0173 pradininkais.\r\n\r\nVisus 50 met\u0173 Trace Minerals vertyb\u0117s yra:\r\n\r\n1. Bekompromis\u0117 kokyb\u0117, nuo kurios priklauso \u017emoni\u0173 savijauta.\r\n2. Neprilygstama aptarnavimas, kuris leid\u017eia klientams \u0161ypsotis.\r\n3. Nuolatinis pajam\u0173 augimas diegiant inovacijas ir kuriant produktus.\r\n4. Ugdomieji u\u017esi\u0117mimai.\r\n5. Lyderyst\u0117 savo srities pramon\u0117je.\r\n6. Lojalumas ir s\u0105\u017einingumas patikimiems darbuotojams ir verslo partneriams.\r\n<h3><strong>Garantija<\/strong><\/h3>\r\nGamintojas tiki, kad maisto papildai tur\u0117t\u0173 atne\u0161ti pastebimus\r\nrezultatus. Trace minerals \u012fsipareigojimas siekti pastebim\u0173 rezultat\u0173 yra\r\n\"Trace Minerals research\" filosofija.\r\n\r\nBeveik penkis de\u0161imtme\u010dius \"Trace Minerals\" prek\u0117s \u017eenklo produktai pad\u0117jo \u017emon\u0117ms priimti pagr\u012fstus sprendimus pasirenkant tinkamus produktus. Trce Minerals t\u0119stinis \u012fsipareigojimas yra paprastas: gaminti auk\u0161\u010diausios kokyb\u0117s produktus, paremtus moksliniais tyrimais, pagamintus u\u017e teising\u0105 kain\u0105 ir garantuojama, kad bus\r\npagerinti gyvenimai t\u0173, kurie vartoja kokybi\u0161kus produktus. Trace minerals visada tai dar\u0117 ir toliau t\u0105 darys.\r\n\r\nhttps:\/\/youtu.be\/hbeINVcx5FY?t=77\r\n<h3><strong>Mokslas ir tyrimai<\/strong><\/h3>\r\nGamintojas gavo \u0161e\u0161i\u0173 m\u0117nesi\u0173 klinikinio tyrimo \"ConcenTrace\u00ae\" rezultatus. \"Trace Mineral Drops\", jo pavyzdinis jonini\u0173 mineralinis papildas, kuriame yra visas spektras nat\u016braliai atsirandan\u010di\u0173 mikroelement\u0173.\r\n\r\nDalyviams buvo skiriama po 40 la\u0161\u0173 ConcenTrace\u00ae arba placebo per par\u0105\r\n24 savaites. Tyrime teigiama, kad \"veiksmingum\u0105 objektyviai patvirtino\r\n\u012fvertinti s\u0105nari\u0173 kremzl\u0117s storio, s\u0105nario erdv\u0117s plo\u010dio poky\u010dius\r\nir sinovinio skys\u010dio sud\u0117tis\". 24 savai\u010di\u0173 rezultatai rodo, kad \"ultrasonografija ir sinovinio skys\u010dio tyrimas atskleid\u0117 kremzl\u0117s\r\nstrukt\u016bros pager\u0117jim\u0105\".\r\n\r\n\u0160is preliminarus tyrimas parodo, kad ConcenTrace\u00ae pagerina s\u0105nari\u0173 sveikat\u0105.\r\n<h3><strong>Sertifikatai<\/strong><\/h3>\r\nKokyb\u0117 visada buvo svarbiausias <a href=\"https:\/\/www.traceminerals.com\/\" target=\"_blank\" rel=\"noopener\">\"Trace Minerals\"<\/a> prioritetas. Per daugel\u012f met\u0173\u00a0 akylai tobulino gamybos procesus. Tikima, kad geriausi procesai padeda gaminti geriausius ir sveikiausius produktus. Tai yra pagrindin\u0117 prie\u017eastis, kod\u0117l grie\u017etai kontroliuojama produkt\u0173 kokyb\u0117 ir kod\u0117l turima daugyb\u0117 sertifikat\u0173.\r\n<ul>\r\n \t<li><a href=\"https:\/\/grmalliance.org\/\" target=\"_blank\" rel=\"noopener\">GRMA\/UL GMP Certified<\/a><\/li>\r\n \t<li>GRAS Certified<\/li>\r\n \t<li>BPA Free<\/li>\r\n \t<li>Kosher<\/li>\r\n \t<li>Halal<\/li>\r\n \t<li>Non-GMO Verified<\/li>\r\n \t<li>Transparency<\/li>\r\n<\/ul>","parent":0,"count":19,"filter":"raw"}],"product_brand":[],"product_cat":[63,64],"product_tag":[88,125,99,100],"class_list":{"0":"post-8912","1":"product","2":"type-product","3":"status-publish","4":"has-post-thumbnail","6":"brand-trace-minerals","7":"product_cat-mineralai","8":"product_cat-elektrolitai","9":"product_tag-aktyviai-organizmo-apykaitai","10":"product_tag-energijai","11":"product_tag-lankstumui-ir-dregmes-balansui","12":"product_tag-ph-balansui","14":"first","15":"outofstock","16":"taxable","17":"shipping-taxable","18":"purchasable","19":"product-type-simple"},"acf":[],"_links":{"self":[{"href":"https:\/\/findvit.com\/et\/wp-json\/wp\/v2\/product\/8912","targetHints":{"allow":["GET"]}}],"collection":[{"href":"https:\/\/findvit.com\/et\/wp-json\/wp\/v2\/product"}],"about":[{"href":"https:\/\/findvit.com\/et\/wp-json\/wp\/v2\/types\/product"}],"replies":[{"embeddable":true,"href":"https:\/\/findvit.com\/et\/wp-json\/wp\/v2\/comments?post=8912"}],"version-history":[{"count":22,"href":"https:\/\/findvit.com\/et\/wp-json\/wp\/v2\/product\/8912\/revisions"}],"predecessor-version":[{"id":18868,"href":"https:\/\/findvit.com\/et\/wp-json\/wp\/v2\/product\/8912\/revisions\/18868"}],"wp:featuredmedia":[{"embeddable":true,"href":"https:\/\/findvit.com\/et\/wp-json\/wp\/v2\/media\/8911"}],"wp:attachment":[{"href":"https:\/\/findvit.com\/et\/wp-json\/wp\/v2\/media?parent=8912"}],"wp:term":[{"taxonomy":"brand","embeddable":true,"href":"https:\/\/findvit.com\/et\/wp-json\/wp\/v2\/etheme_brands?post=8912"},{"taxonomy":"product_brand","embeddable":true,"href":"https:\/\/findvit.com\/et\/wp-json\/wp\/v2\/product_brand?post=8912"},{"taxonomy":"product_cat","embeddable":true,"href":"https:\/\/findvit.com\/et\/wp-json\/wp\/v2\/product_cat?post=8912"},{"taxonomy":"product_tag","embeddable":true,"href":"https:\/\/findvit.com\/et\/wp-json\/wp\/v2\/product_tag?post=8912"}],"curies":[{"name":"wp","href":"https:\/\/api.w.org\/{rel}","templated":true}]}}