{"id":11268,"date":"2023-02-21T14:26:41","date_gmt":"2023-02-21T12:26:41","guid":{"rendered":"https:\/\/findvit.com\/?page_id=11268"},"modified":"2023-03-11T21:32:54","modified_gmt":"2023-03-11T19:32:54","slug":"registracija","status":"publish","type":"page","link":"https:\/\/findvit.com\/lv\/registracija\/","title":{"rendered":"Re\u0123istr\u0101cija"},"content":{"rendered":"<div class=\"registration-form woocommerce\">\r\n\r\n\t\r\n\t<h2>Re\u0123istr\u0113ties<\/h2>\r\n\r\n\t<form method=\"post\" class=\"register\" action=\"\">\r\n\r\n\t\t\r\n\t\t\r\n\t\t\t<p class=\"woocommerce-FormRow woocommerce-FormRow--wide form-row form-row-wide\">\r\n\t\t\t\t<label for=\"reg_username\">Lietot\u0101jv\u0101rds <span class=\"required\">*<\/span><\/label>\r\n\t\t\t\t<input type=\"text\" class=\"woocommerce-Input woocommerce-Input--text input-text\" name=\"username\" id=\"reg_username\" value=\"\" \/>\r\n\t\t\t<\/p>\r\n\r\n\t\t\r\n\t\t<p class=\"woocommerce-FormRow woocommerce-FormRow--wide form-row form-row-wide\">\r\n\t\t\t<label for=\"reg_email\">E-pasta adrese <span class=\"required\">*<\/span><\/label>\r\n\t\t\t<input type=\"email\" class=\"woocommerce-Input woocommerce-Input--text input-text\" name=\"email\" id=\"reg_email\" value=\"\" \/>\r\n\t\t<\/p>\r\n\r\n\t\t\r\n\t\t\t<p class=\"woocommerce-FormRow woocommerce-FormRow--wide form-row form-row-wide\">\r\n\t\t\t\t<label for=\"reg_password\">Parole <span class=\"required\">*<\/span><\/label>\r\n\t\t\t\t<input type=\"password\" class=\"woocommerce-Input woocommerce-Input--text input-text\" name=\"password\" id=\"reg_password\" \/>\r\n\t\t\t<\/p>\r\n\r\n\t\t\r\n\t\t<!-- Spam Trap -->\r\n\t\t<div style=\"left: -999em; position: absolute;\"><label for=\"trap\">Anti-spam<\/label><input type=\"text\" name=\"email_2\" id=\"trap\" tabindex=\"-1\" autocomplete=\"off\" \/><\/div>\r\n\r\n\t\t\t\t<div class=\"g-recaptcha\" data-sitekey=\"6LdE58gqAAAAAHMv_Jq-aoQTydC6ziJD2YoYSlbs\"><\/div>\r\n\t\t<br\/>\r\n\t\t<wc-order-attribution-inputs><\/wc-order-attribution-inputs><div class=\"woocommerce-privacy-policy-text\"><p>J\u016bsu personas dati tiks izmantoti pas\u016bt\u012bjuma izpildei, pakalpojumu kvalit\u0101tes uzlabo\u0161anai, nodro\u0161in\u0101\u0161anai un citiem m\u0113r\u0137iem. S\u012bk\u0101k m\u016bsu &quot;<a href=\"https:\/\/findvit.com\/lv\/privatumo-politika\/\" class=\"woocommerce-privacy-policy-link\" target=\"_blank\" data-no-translation=\"\" data-trp-gettext=\"\">priv\u0101tuma politika<\/a>&quot;.<\/p>\n<\/div>\t\t\r\n\t\t<p class=\"woocomerce-FormRow form-row\">\r\n\t\t\t<input type=\"hidden\" id=\"woocommerce-register-nonce\" name=\"woocommerce-register-nonce\" value=\"74819a0032\" \/><input type=\"hidden\" name=\"_wp_http_referer\" value=\"\/lv\/wp-json\/wp\/v2\/pages\/11268\" \/>\t\t\t<input type=\"submit\" class=\"woocommerce-Button button\" name=\"register\" value=\"Re\u0123istr\u0113ties\" \/>\r\n\t\t<\/p>\r\n\r\n\t\t<p class=\"woocommerce-simple-registration-login-link\">\r\n\t\t\t<a href=\"https:\/\/findvit.com\/wp-login.php?redirect_to=https%3A%2F%2Ffindvit.com%2Flv%2Fregistracija%2F\">Pieteikties<\/a>\r\n\t\t<\/p>\r\n\r\n\t\t\r\n\t<input type=\"hidden\" name=\"trp-form-language\" value=\"lv\"\/><\/form>\r\n\r\n<\/div>","protected":false},"excerpt":{"rendered":"","protected":false},"author":28,"featured_media":0,"parent":0,"menu_order":0,"comment_status":"closed","ping_status":"closed","template":"","meta":{"_acf_changed":false,"inline_featured_image":false,"footnotes":""},"class_list":["post-11268","page","type-page","status-publish","hentry"],"acf":[],"_links":{"self":[{"href":"https:\/\/findvit.com\/lv\/wp-json\/wp\/v2\/pages\/11268","targetHints":{"allow":["GET"]}}],"collection":[{"href":"https:\/\/findvit.com\/lv\/wp-json\/wp\/v2\/pages"}],"about":[{"href":"https:\/\/findvit.com\/lv\/wp-json\/wp\/v2\/types\/page"}],"author":[{"embeddable":true,"href":"https:\/\/findvit.com\/lv\/wp-json\/wp\/v2\/users\/28"}],"replies":[{"embeddable":true,"href":"https:\/\/findvit.com\/lv\/wp-json\/wp\/v2\/comments?post=11268"}],"version-history":[{"count":1,"href":"https:\/\/findvit.com\/lv\/wp-json\/wp\/v2\/pages\/11268\/revisions"}],"predecessor-version":[{"id":11269,"href":"https:\/\/findvit.com\/lv\/wp-json\/wp\/v2\/pages\/11268\/revisions\/11269"}],"wp:attachment":[{"href":"https:\/\/findvit.com\/lv\/wp-json\/wp\/v2\/media?parent=11268"}],"curies":[{"name":"wp","href":"https:\/\/api.w.org\/{rel}","templated":true}]}}