{"id":2138,"date":"2021-10-02T10:49:34","date_gmt":"2021-10-02T07:49:34","guid":{"rendered":"https:\/\/findvit.com\/?page_id=2138"},"modified":"2023-12-30T15:31:18","modified_gmt":"2023-12-30T13:31:18","slug":"pristatymas","status":"publish","type":"page","link":"https:\/\/findvit.com\/lv\/pristatymas\/","title":{"rendered":"Pieg\u0101de, atgrie\u0161ana"},"content":{"rendered":"<div data-elementor-type=\"wp-page\" data-elementor-id=\"2138\" class=\"elementor elementor-2138\" data-elementor-post-type=\"page\">\n\t\t\t\t\t\t<section class=\"elementor-section elementor-top-section elementor-element elementor-element-50dcd957 elementor-section-boxed elementor-section-height-default elementor-section-height-default\" data-id=\"50dcd957\" data-element_type=\"section\">\n\t\t\t\t\t\t<div class=\"elementor-container elementor-column-gap-no\">\n\t\t\t\t\t<div class=\"elementor-column elementor-col-16 elementor-top-column elementor-element elementor-element-b3493b1\" data-id=\"b3493b1\" data-element_type=\"column\">\n\t\t\t<div class=\"elementor-widget-wrap\">\n\t\t\t\t\t\t\t<\/div>\n\t\t<\/div>\n\t\t\t\t<div class=\"elementor-column elementor-col-66 elementor-top-column elementor-element elementor-element-342a529\" data-id=\"342a529\" data-element_type=\"column\">\n\t\t\t<div class=\"elementor-widget-wrap elementor-element-populated\">\n\t\t\t\t\t\t<div class=\"elementor-element elementor-element-d8c84f0 elementor-widget elementor-widget-heading\" data-id=\"d8c84f0\" data-element_type=\"widget\" data-widget_type=\"heading.default\">\n\t\t\t\t<div class=\"elementor-widget-container\">\n\t\t\t\t\t<h2 class=\"elementor-heading-title elementor-size-default\">Inform\u0101cija par pieg\u0101di:<\/h2>\t\t\t\t<\/div>\n\t\t\t\t<\/div>\n\t\t\t\t<div class=\"elementor-element elementor-element-5ea42184 elementor-widget elementor-widget-text-editor\" data-id=\"5ea42184\" data-element_type=\"widget\" data-widget_type=\"text-editor.default\">\n\t\t\t\t<div class=\"elementor-widget-container\">\n\t\t\t\t\t\t\t\t\t<p style=\"text-align: center;\"><strong>Visas preces noliktav\u0101 tiek nos\u016bt\u012btas 2 dienu laik\u0101 p\u0113c maks\u0101juma sa\u0146em\u0161anas.<\/strong><\/p>\n<h3>Bezmaksas pieg\u0101de<\/h3>\n<p>Ja Iepirkumu groza summa ir maz\u0101ka par 29,99 \u20ac, pre\u010du sagatavo\u0161anas un nos\u016bt\u012b\u0161anas izmaksu seg\u0161anai tiks piem\u0113rota administr\u0113\u0161anas maksa 1,90 \u20ac.<\/p>\n<h3>Pre\u010du pieg\u0101de pakom\u0101tos un pasta noda\u013c\u0101s<\/h3>\n<p>Ja esat izv\u0113l\u0113jies pre\u010du pieg\u0101di uz LP un LP Express, Venipak un Omniva pasta autom\u0101tiem, t\u0101s tiks pieg\u0101d\u0101tas izv\u0113l\u0113tajai precei noteiktaj\u0101 termi\u0146\u0101.<\/p>\n<ul>\n<li><strong>OMNIVA<\/strong> caur pasta noda\u013cu var pas\u016bt\u012bt tikai t\u0101s preces, kas atbilst izm\u0113ra (19 x 35 x 61 cm) un svara (l\u012bdz 10 kg) ierobe\u017eojumiem. Standarta pakalpojuma cena: <strong>1,90 EUR<\/strong><\/li>\n<li><strong>DPD<\/strong> caur pasta noda\u013cu var pas\u016bt\u012bt tikai t\u0101s preces, kas atbilst izm\u0113ra (19 x 35 x 61 cm) un svara (l\u012bdz 10 kg) ierobe\u017eojumiem. Standarta pakalpojuma cena: <strong>1,90 EUR<\/strong><\/li>\n<li><strong>LP Express<\/strong> caur pasta noda\u013cu var pas\u016bt\u012bt tikai t\u0101s preces, kas atbilst izm\u0113ra (19 x 35 x 61 cm) un svara (l\u012bdz 10 kg) ierobe\u017eojumiem. Standarta pakalpojuma cena: <strong>1,90 EUR<\/strong><\/li>\n<\/ul>\n<p><strong>S\u016bt\u012bjumu pieg\u0101de var aiz\u0146emt l\u012bdz 4 darba dien\u0101m, jo palielin\u0101s pasta autom\u0101tu noslogojums.<\/strong><\/p>\n<h3>Pre\u010du pieg\u0101de m\u0101j\u0101s<\/h3>\n<p>Izv\u0113loties \u0161o pieg\u0101des veidu, preci Jums pieg\u0101d\u0101s kurjers. Preces tiek nos\u016bt\u012btas 1-4 darba dienu laik\u0101 p\u0113c maks\u0101juma sa\u0146em\u0161anas. Kurjers ar jums sazin\u0101sies pirms iera\u0161an\u0101s.<\/p>\n<p><strong>Pieg\u0101des cena 3 \u20ac.<\/strong><\/p>\n<p>SVAR\u012aGI: Pieg\u0101de uz Neringu ar kurjeru iesp\u0113jama tikai par atsevi\u0161\u0137u samaksu. Sazinieties ar mums pa nor\u0101d\u012btajiem kontaktiem.<\/p>\n<p>Kurjeri pieg\u0101d\u0101 preces p\u0113c iepriek\u0161 noteikta mar\u0161ruta, t\u0101p\u0113c nav iesp\u0113jas izv\u0113l\u0113ties prec\u012bzu pieg\u0101des laiku, var izv\u0113l\u0113ties tikai v\u0113lamo pieg\u0101des laika interv\u0101lu.<\/p>\n<p><strong>SVAR\u012aGI! Inform\u0113jam, ka vis\u0101 Lietuv\u0101 main\u0101s paku pieg\u0101des k\u0101rt\u012bba.<\/strong><\/p>\n<p>MAKS\u0100JUMS PAR PIRKUMIEM TIKAI AR BANKAS KARTI (COD). Paku sa\u0146\u0113m\u0113ji par prec\u0113m pieg\u0101des laik\u0101 var\u0113s nor\u0113\u0137in\u0101ties tikai ar bankas kart\u0113m. Kurjeri uz laiku nepie\u0146ems skaidru naudu. P\u0101rpratumu gad\u012bjum\u0101 ar Sa\u0146\u0113m\u0113ju, kurjeram tiek dotas ties\u012bbas paku neatst\u0101t.<\/p>\n<h3>Pre\u010du sa\u0146em\u0161ana un s\u016bt\u012bjuma statuss<\/h3>\n<p>Pirc\u0113js ap\u0146emas preces pie\u0146emt pats. Gad\u012bjum\u0101, ja vi\u0146\u0161 pats nevar pie\u0146emt preces, un preces tiek pieg\u0101d\u0101tas uz nor\u0101d\u012bto adresi vai pamatojoties uz citiem pirc\u0113ja sniegtajiem datiem, pirc\u0113jam nav ties\u012bbu izvirz\u012bt pretenzijas pret p\u0101rdev\u0113ju sakar\u0101 ar preces pieg\u0101di. nepareizajai vien\u012bbai.<\/p>\n<p>Pie\u0146emot pas\u016bt\u012bt\u0101s preces, p\u0101rbaudiet, vai prece un\/vai t\u0101s iepakojums nav boj\u0101ts un parakstiet pavadz\u012bmi vai citu s\u016bt\u012bjuma nodo\u0161anas - pie\u0146em\u0161anas dokumentu.<\/p>\n<p>Ja paman\u0101t pakas p\u0101rk\u0101pumu, kurjera kl\u0101tb\u016btn\u0113 rakstiet piez\u012bmes - br\u012bvas formas dokumentu par pakas p\u0101rk\u0101pumiem vai atsakieties pie\u0146emt paku. Ja klients pavadz\u012bmi paraksta bez koment\u0101riem, tiek uzskat\u012bts, ka s\u016bt\u012bjums ir pieg\u0101d\u0101ts neskarts un m\u0113s neuz\u0146emamies atbild\u012bbu par preces boj\u0101jumiem.<\/p>\n<h3>Bezmaksas pieg\u0101des akcija<\/h3>\n<p>Atsevi\u0161\u0137os gad\u012bjumos, ko paredz P\u0101rdev\u0113js, var tikt piem\u0113roti citi bezmaksas pieg\u0101des nosac\u012bjumi. \u0160aj\u0101 gad\u012bjum\u0101 kop\u0101 ar akcijas Bezmaksas pieg\u0101de noteikumiem tiek uzr\u0101d\u012bti aktu\u0101lie \u0161\u012bs akcijas noteikumi un nosac\u012bjumi.<\/p>\n<p>Bezmaksas pieg\u0101di varat izmantot tikai nor\u0101d\u012btaj\u0101 akcijas laik\u0101, par ko inform\u0113jam papildus zi\u0146ojum\u0101 m\u0101jaslap\u0101. Par bezmaksas pieg\u0101des dien\u0101m un nosac\u012bjumiem kluba &quot;Draugu Ratas&quot; biedrus var inform\u0113t atsevi\u0161\u0137i.<\/p>\n<p>Ja neatrad\u0101t atbildi uz savu jaut\u0101jumu, l\u016bdzu, sazinieties ar mums <a href=\"mailto:lietuva@findvit.com\" target=\"_blank\" rel=\"noreferrer noopener\">lietuva@findvit.com<\/a><\/p>\t\t\t\t\t\t\t\t<\/div>\n\t\t\t\t<\/div>\n\t\t\t\t\t<\/div>\n\t\t<\/div>\n\t\t\t\t<div class=\"elementor-column elementor-col-16 elementor-top-column elementor-element elementor-element-21cccf87\" data-id=\"21cccf87\" data-element_type=\"column\">\n\t\t\t<div class=\"elementor-widget-wrap\">\n\t\t\t\t\t\t\t<\/div>\n\t\t<\/div>\n\t\t\t\t\t<\/div>\n\t\t<\/section>\n\t\t\t\t<section class=\"elementor-section elementor-top-section elementor-element elementor-element-55c1a2d elementor-section-boxed elementor-section-height-default elementor-section-height-default\" data-id=\"55c1a2d\" data-element_type=\"section\">\n\t\t\t\t\t\t<div class=\"elementor-container elementor-column-gap-no\">\n\t\t\t\t\t<div class=\"elementor-column elementor-col-16 elementor-top-column elementor-element elementor-element-c724c7e\" data-id=\"c724c7e\" data-element_type=\"column\">\n\t\t\t<div class=\"elementor-widget-wrap\">\n\t\t\t\t\t\t\t<\/div>\n\t\t<\/div>\n\t\t\t\t<div class=\"elementor-column elementor-col-66 elementor-top-column elementor-element elementor-element-bff6e05\" data-id=\"bff6e05\" data-element_type=\"column\">\n\t\t\t<div class=\"elementor-widget-wrap elementor-element-populated\">\n\t\t\t\t\t\t<div class=\"elementor-element elementor-element-5e2aa24 elementor-widget elementor-widget-heading\" data-id=\"5e2aa24\" data-element_type=\"widget\" data-widget_type=\"heading.default\">\n\t\t\t\t<div class=\"elementor-widget-container\">\n\t\t\t\t\t<h2 class=\"elementor-heading-title elementor-size-default\">Inform\u0101cija saist\u012bb\u0101 ar pre\u010du atgrie\u0161anu:<\/h2>\t\t\t\t<\/div>\n\t\t\t\t<\/div>\n\t\t\t\t<div class=\"elementor-element elementor-element-b348e8a elementor-widget elementor-widget-text-editor\" data-id=\"b348e8a\" data-element_type=\"widget\" data-widget_type=\"text-editor.default\">\n\t\t\t\t<div class=\"elementor-widget-container\">\n\t\t\t\t\t\t\t\t\t<h2><strong><span lang=\"lt-LT\">Atgrie\u0161ana un s\u016bdz\u012bbas<\/span><\/strong><\/h2><p><span lang=\"lt-LT\">S\u016bdz\u012bbu iesnieg\u0161ana un neatbilst\u012bgu pre\u010du atgrie\u0161ana.<\/span><\/p><p><span lang=\"lt-LT\">Pretenzijas j\u0101iesniedz 14 dienu laik\u0101 p\u0113c preces sa\u0146em\u0161anas. Ja jums ir k\u0101di jaut\u0101jumi vai probl\u0113mas, l\u016bdzu, zi\u0146ojiet mums pa e-pastu lietuva@findvit.com<\/span><\/p><p><span lang=\"lt-LT\">Ja prece neatbilst pras\u012bb\u0101m vai kvalit\u0101tei, Pirc\u0113jam ir ties\u012bbas piepras\u012bt, lai t\u0101 tiek aizst\u0101ta ar citu kvalitat\u012bvu preci. Ja prece l\u012bdz tam laikam b\u016bs izp\u0101rdota, m\u0113s atmaks\u0101sim naudu. Visas pieg\u0101des izmaksas, kas radu\u0161\u0101s, mainot produktus, sedz FindVit.<\/span><\/p><p><span lang=\"lt-LT\">FindVit garant\u0113, ka sa\u0146emsiet pas\u016bt\u012bt\u0101s un apmaks\u0101t\u0101s preces. Ja noteiktu neparedz\u0113tu apst\u0101k\u013cu d\u0113\u013c FindVit zina, ka pas\u016bt\u012bjuma izpilde var aizkav\u0113ties, Pirc\u0113js par to tiks inform\u0113ts pa e-pastu vai t\u0101lruni.<\/span><\/p><p>Kvalitat\u012bvi (beigusies der\u012bguma termi\u0146\u0161, neboj\u0101ts iepakojums) uztura bag\u0101tin\u0101t\u0101ji nav apmain\u0101mi un neatmaks\u0101jami.<\/p><h2><strong><span lang=\"lt-LT\">Konfidencialit\u0101te un klientu ties\u012bbas<\/span><\/strong><\/h2><p><span lang=\"lt-LT\">UAB Fundatorii neizpau\u017e Pirc\u0113ju personisko inform\u0101ciju tre\u0161aj\u0101m person\u0101m, iz\u0146emot inform\u0101ciju, kas nepiecie\u0161ama pieg\u0101des pakalpojumu snieg\u0161anai. Pirc\u0113jam ir ties\u012bbas piepras\u012bt, lai vi\u0146a dati tiktu dz\u0113sti no FindVit.com datu b\u0101zes.<\/span><\/p><p><span lang=\"lt-LT\">UAB Fundatorii m\u0113r\u0137is ir atrisin\u0101t visus jaut\u0101jumus un p\u0101rpratumus, kas var rasties starp uz\u0146\u0113mumu un pirc\u0113jiem. Ja rodas probl\u0113mas, l\u016bdzu, nekav\u0113joties sazinieties ar mums pa t\u0101lru\u0146a numuru +370-616-91903 vai e-pastu lietuva@findvit.com. M\u0113s atbild\u0113sim 2 darba dienu laik\u0101 vai p\u0113c iesp\u0113jas \u0101tr\u0101k.<br \/><br \/>Paldies par kop\u0101 b\u016b\u0161anu!<\/span><\/p>\t\t\t\t\t\t\t\t<\/div>\n\t\t\t\t<\/div>\n\t\t\t\t\t<\/div>\n\t\t<\/div>\n\t\t\t\t<div class=\"elementor-column elementor-col-16 elementor-top-column elementor-element elementor-element-05739fd\" data-id=\"05739fd\" data-element_type=\"column\">\n\t\t\t<div class=\"elementor-widget-wrap\">\n\t\t\t\t\t\t\t<\/div>\n\t\t<\/div>\n\t\t\t\t\t<\/div>\n\t\t<\/section>\n\t\t\t\t<\/div>","protected":false},"excerpt":{"rendered":"<p>Su pristatymu susijusi informacija: Visos prek\u0117s, esan\u010dios sand\u0117lyje, i\u0161siun\u010diamos per 2 d. d. nuo gauto apmok\u0117jimo. Nemokamas pristatymas Jei Preki\u0173 krep\u0161elio suma yra ma\u017eesn\u0117 nei&#8230;<\/p>","protected":false},"author":1,"featured_media":0,"parent":0,"menu_order":0,"comment_status":"closed","ping_status":"closed","template":"","meta":{"_acf_changed":false,"inline_featured_image":false,"footnotes":""},"class_list":["post-2138","page","type-page","status-publish","hentry"],"acf":[],"_links":{"self":[{"href":"https:\/\/findvit.com\/lv\/wp-json\/wp\/v2\/pages\/2138","targetHints":{"allow":["GET"]}}],"collection":[{"href":"https:\/\/findvit.com\/lv\/wp-json\/wp\/v2\/pages"}],"about":[{"href":"https:\/\/findvit.com\/lv\/wp-json\/wp\/v2\/types\/page"}],"author":[{"embeddable":true,"href":"https:\/\/findvit.com\/lv\/wp-json\/wp\/v2\/users\/1"}],"replies":[{"embeddable":true,"href":"https:\/\/findvit.com\/lv\/wp-json\/wp\/v2\/comments?post=2138"}],"version-history":[{"count":7,"href":"https:\/\/findvit.com\/lv\/wp-json\/wp\/v2\/pages\/2138\/revisions"}],"predecessor-version":[{"id":15787,"href":"https:\/\/findvit.com\/lv\/wp-json\/wp\/v2\/pages\/2138\/revisions\/15787"}],"wp:attachment":[{"href":"https:\/\/findvit.com\/lv\/wp-json\/wp\/v2\/media?parent=2138"}],"curies":[{"name":"wp","href":"https:\/\/api.w.org\/{rel}","templated":true}]}}