{"id":2322,"date":"2021-10-08T19:45:18","date_gmt":"2021-10-08T16:45:18","guid":{"rendered":"https:\/\/findvit.com\/?page_id=2322"},"modified":"2022-06-15T16:23:00","modified_gmt":"2022-06-15T13:23:00","slug":"slapukai","status":"publish","type":"page","link":"https:\/\/findvit.com\/lv\/slapukai\/","title":{"rendered":"S\u012bkdatnes"},"content":{"rendered":"<p><strong>Datu nodo\u0161ana tre\u0161aj\u0101m person\u0101m<\/strong><\/p>\n\n\n\n<p>M\u0113s neizpau\u017eam j\u016bsu personas datus tre\u0161aj\u0101m person\u0101m, ja vien tas nav nepiecie\u0161ams, lai sniegtu jums pakalpojumus, izpild\u012btu j\u016bsu piepras\u012bjumus, m\u016bsu sapr\u0101t\u012bg\u0101m darb\u012bbas vajadz\u012bb\u0101m un\/vai ja tas ir paredz\u0113ts ties\u012bbu aktos. Tas ietver:<\/p>\n\n\n\n<p><strong>M\u016bsu pakalpojumu sniedz\u0113ji: <\/strong>M\u0113s kop\u012bgojam j\u016bsu personas datus ar tre\u0161aj\u0101m person\u0101m, kas sniedz mums pakalpojumus, piem. m\u016bsu IT uztur\u0113\u0161anas nodro\u0161in\u0101t\u0101ji, m\u016bsu viet\u0146u mitin\u0101t\u0101ji<em> hostings<\/em>) pakalpojumu sniedz\u0113jiem, m\u016bsu gr\u0101matved\u012bbas pakalpojumu sniedz\u0113jiem, konsultantiem, juristiem un citiem pre\u010du un pakalpojumu sniedz\u0113jiem. M\u0113s sadarbojamies ar \u0161\u012bm tre\u0161aj\u0101m person\u0101m un nododam t\u0101m j\u016bsu personas datus. M\u0113s nododam J\u016bsu personas datus iepriek\u0161 min\u0113taj\u0101m tre\u0161aj\u0101m person\u0101m tikai tad, ja t\u0101s atbilst m\u016bsu stingraj\u0101m personas datu apstr\u0101des un dro\u0161\u012bbas pras\u012bb\u0101m. M\u0113s kop\u012bgojam j\u016bsu personas datus tikai tikt\u0101l, cik tas ir nepiecie\u0161ams \u0161o tre\u0161o pu\u0161u pakalpojumu snieg\u0161anai.<\/p>\n\n\n\n<p><strong>Ja m\u0113s vai da\u013ca no m\u016bsu darb\u012bbas tiktu p\u0101rdoti, reorganiz\u0113ti vai nodoti citam uz\u0146\u0113mumam: <\/strong>m\u0113s p\u0101rs\u016bt\u012btu personas datus, kas saist\u012bti ar p\u0101rdo\u0161anu vai reorganiz\u0101ciju, cikt\u0101l tie ir tie\u0161i saist\u012bti ar p\u0101rdodam\u0101s vai nododam\u0101s uz\u0146\u0113m\u0113jdarb\u012bbas veik\u0161anu.<\/p>\n\n\n\n<p><strong>Pirmstiesas izmekl\u0113\u0161anas iest\u0101des, tiesas vai citas valsts pilnvarotas instit\u016bcijas: <\/strong>m\u0113s nos\u016bt\u012bsim tiesas, pirmstiesas izmekl\u0113\u0161anas iest\u0101\u017eu vai citu pilnvaroto instit\u016bciju piepras\u012btos personas datus, kad tas ir nepiecie\u0161ams, lai izpild\u012btu m\u016bsu tiesisk\u0101s saist\u012bbas vai ir cits likumdo\u0161an\u0101 noteikts datu nodo\u0161anas pamats.<\/p>\n\n\n\n<p><strong>Audits:<\/strong> m\u0113s p\u0101rs\u016bt\u012bsim personas datus, ja tas b\u016bs nepiecie\u0161ams, lai veiktu finan\u0161u, datu priv\u0101tuma un dro\u0161\u012bbas auditu vai izmekl\u0113tu s\u016bdz\u012bbu vai dro\u0161\u012bbas apdraud\u0113jumu un atbilsto\u0161i rea\u0123\u0113tu uz to.<\/p>\n\n\n\n<p>T\u0101l\u0101k ir sniegts detaliz\u0113ts s\u012bkfailu saraksts:<\/p>\n\n\n\n<figure class=\"wp-block-table\"><table><tbody><tr><td><strong>Nosaukums<\/strong><\/td><td><strong>Izveido\u0161anas br\u012bdis \/ Der\u012bguma termi\u0146\u0161<\/strong><\/td><td><strong>Apraksts<\/strong><\/td><\/tr><\/tbody><\/table><\/figure>","protected":false},"excerpt":{"rendered":"<p>Duomen\u0173 perdavimas tre\u010diosioms \u0161alims Mes nesidaliname J\u016bs\u0173 asmens duomenimis su tre\u010diomis \u0161alimis, nebent to reikt\u0173 teikiant paslaugas Jums, vykdant J\u016bs\u0173 pra\u0161ymus, m\u016bs\u0173 pagr\u012fstiems veiklos vykdymo&#8230;<\/p>","protected":false},"author":1,"featured_media":0,"parent":0,"menu_order":0,"comment_status":"closed","ping_status":"closed","template":"","meta":{"_acf_changed":false,"inline_featured_image":false,"footnotes":""},"class_list":["post-2322","page","type-page","status-publish","hentry"],"acf":[],"_links":{"self":[{"href":"https:\/\/findvit.com\/lv\/wp-json\/wp\/v2\/pages\/2322","targetHints":{"allow":["GET"]}}],"collection":[{"href":"https:\/\/findvit.com\/lv\/wp-json\/wp\/v2\/pages"}],"about":[{"href":"https:\/\/findvit.com\/lv\/wp-json\/wp\/v2\/types\/page"}],"author":[{"embeddable":true,"href":"https:\/\/findvit.com\/lv\/wp-json\/wp\/v2\/users\/1"}],"replies":[{"embeddable":true,"href":"https:\/\/findvit.com\/lv\/wp-json\/wp\/v2\/comments?post=2322"}],"version-history":[{"count":1,"href":"https:\/\/findvit.com\/lv\/wp-json\/wp\/v2\/pages\/2322\/revisions"}],"predecessor-version":[{"id":7715,"href":"https:\/\/findvit.com\/lv\/wp-json\/wp\/v2\/pages\/2322\/revisions\/7715"}],"wp:attachment":[{"href":"https:\/\/findvit.com\/lv\/wp-json\/wp\/v2\/media?parent=2322"}],"curies":[{"name":"wp","href":"https:\/\/api.w.org\/{rel}","templated":true}]}}