{"id":2331,"date":"2021-10-08T20:01:41","date_gmt":"2021-10-08T17:01:41","guid":{"rendered":"https:\/\/findvit.com\/?page_id=2331"},"modified":"2022-06-15T16:21:31","modified_gmt":"2022-06-15T13:21:31","slug":"taisykles","status":"publish","type":"page","link":"https:\/\/findvit.com\/lv\/taisykles\/","title":{"rendered":"Noteikumi"},"content":{"rendered":"<h2 class=\"wp-block-heading\">Pirk\u0161anas un p\u0101rdo\u0161anas noteikumi<\/h2>\n\n\n\n<p>1) Uz FindVit.com elektroniskaj\u0101 veikal\u0101 veiktajiem pirk\u0161anas un p\u0101rdo\u0161anas dar\u012bjumiem attiecas Lietuvas Republikas ties\u012bbu aktu noteikumi.<\/p>\n\n\n\n<p>2) Interneta veikal\u0101 Pre\u010du fotogr\u0101fij\u0101m vai att\u0113lojumiem ir ilustrat\u012bvs raksturs.<\/p>\n\n\n\n<p>3) Pre\u010du iepakojums var at\u0161\u0137irties no interneta veikal\u0101 eso\u0161ajiem.<\/p>\n\n\n\n<p>3) Klienta veiktais pas\u016bt\u012bjums tiek uzskat\u012bts par Klienta v\u0113lmi ieg\u0101d\u0101ties noteiktas preces FindVit.com. P\u0113c tam, kad Klients ir veicis pas\u016bt\u012bjumu pre\u010du ieg\u0101dei no FindVit.com, FindVit.com nos\u016bta Klientam zi\u0146ojumu, kas apstiprina Klienta pas\u016bt\u012bjuma sa\u0146em\u0161anu, kop\u0101 ar visu pas\u016bt\u012bjuma rekviz\u012btu (turpm\u0101k - Pas\u016bt\u012bjuma apstiprin\u0101jums). Pas\u016bt\u012bjuma apstiprin\u0101jums noz\u012bm\u0113, ka FindVit.com ir sa\u0146\u0113mis Klienta pas\u016bt\u012bjumu, ta\u010du tas nav apstiprin\u0101jums Klienta v\u0113lmei ieg\u0101d\u0101ties preces. FindVit.com pie\u0146em tikai Klienta piepras\u012bjumu, bet Klienta pas\u016bt\u012bto pre\u010du pirk\u0161anas-p\u0101rdo\u0161anas dar\u012bjums tiek uzskat\u012bts par nosl\u0113gtu starp Klientu un FindVit.com no br\u012b\u017ea, kad:<br><\/p>\n\n\n\n<ul class=\"wp-block-list\"><li>(a) preces tiek nos\u016bt\u012btas Klientam un FindVit.com inform\u0113 Klientu par to, izmantojot vi\u0146a nor\u0101d\u012btos kontaktus; vai<\/li><li>(b) kad preces tiek pieg\u0101d\u0101tas Findvit.com veikal\u0101 un Klients pa vi\u0146a nor\u0101d\u012btajiem kontaktiem tiek inform\u0113ts par sa\u0146em\u0161anas iesp\u0113ju (turpm\u0101k (a) un (b) kop\u0101 vai atsevi\u0161\u0137i - S\u016bt\u012bjuma apstiprin\u0101jums).<\/li><\/ul>\n\n\n\n<p>Ja Klienta pas\u016bt\u012bjums tiek nos\u016bt\u012bts vair\u0101kos s\u016bt\u012bjumos (s\u016bt\u012bjum\u0101), Klients var sa\u0146emt atsevi\u0161\u0137u S\u016bt\u012bjuma apstiprin\u0101jumu katram s\u016bt\u012bjumam (s\u016bt\u012bjumam) - \u0161aj\u0101 gad\u012bjum\u0101 katram s\u016bt\u012bjumam (s\u016bt\u012bjumam) un katram S\u016bt\u012bjuma apstiprin\u0101jumam un atbilsto\u0161ajam s\u016bt\u012bjumam (pieg\u0101dei) tiks uzskat\u012bti par atsevi\u0161\u0137iem p\u0101rdo\u0161anas dar\u012bjumiem starp L\u012bgumu starp Klientu un Findvit.com par prec\u0113m, kuras Klients ieg\u0101d\u0101jies Findvit.com elektroniskaj\u0101 veikal\u0101. Klientam ir ties\u012bbas jebkur\u0101 laik\u0101 atcelt pas\u016bt\u012bjumu jebkurai precei, pirms tiek nos\u016bt\u012bts pazi\u0146ojums par nos\u016bt\u012b\u0161anas apstiprin\u0101jumu. \u0160\u0101d\u0101 gad\u012bjum\u0101 Findvit.com ap\u0146emas 14 (\u010detrpadsmit) darba dienu laik\u0101 atgriezt Klientam samaks\u0101to naudu.<\/p>\n\n\n\n<p>4) Findvit.com apstr\u0101d\u0101 pirc\u0113ju personas datus saska\u0146\u0101 ar &quot;<a href=\"https:\/\/findvit.com\/lv\/privatumo-politika\/\">Priv\u0101tuma politika<\/a>&quot;.<\/p>\n\n\n\n<p>3) FindVit.com e-veikal\u0101 tiek p\u0101rdotas preces, kuras p\u0101rdod ar\u012b citi p\u0101rdev\u0113ji \u2013 \u0161\u0101du pre\u010du gala p\u0101rdev\u0113ji ir Findvit.com partneri. \u0160aj\u0101 gad\u012bjum\u0101 pas\u016bt\u012bjuma izpilde tiek nodota partnerim (apmaksa, sazi\u0146a ar Klientu, transport\u0113\u0161ana, pre\u010du pieg\u0101de no partnera nor\u0101d\u012bt\u0101s adreses un citi pien\u0101kumi, kas saska\u0146\u0101 ar republikas likumiem pieder p\u0101rdev\u0113jam Lietuvas). Partneris ir atbild\u012bgs par neprecizit\u0101t\u0113m par preci, t\u0101s cenu, daudzumu un citu nepiecie\u0161amo inform\u0101ciju saska\u0146\u0101 ar Lietuvas Republikas ties\u012bbu aktiem. \u0160ie noteikumi, tostarp punkts Nr. 2.<\/p>\n\n\n\n<p>4) Ja Finvit.com svar\u012bgu apst\u0101k\u013cu d\u0113\u013c nevar nodro\u0161in\u0101t Klientam pas\u016bt\u012bto preci, Findvit.com ir ties\u012bbas pied\u0101v\u0101t Klientam analogu vai iesp\u0113ju robe\u017e\u0101s l\u012bdz\u012bgu preci. Ja klients atsak\u0101s pie\u0146emt preci, kas tika pied\u0101v\u0101ta k\u0101 analoga vai l\u012bdz\u012bga, Finvit.com ap\u0146emas 14 (\u010detrpadsmit) darba dienu laik\u0101 atgriezt klientam samaks\u0101to naudu un atcelt klienta pas\u016bt\u012bjumu.<\/p>\n\n\n\n<p>5) Neskatoties uz visiem Findvit.com p\u016bli\u0146iem, iesp\u0113jams, atsevi\u0161\u0137os gad\u012bjumos e-pasts produktiem vietn\u0113 www.findvit.com k\u013c\u016bdas d\u0113\u013c var tikt noteikta nepareiza cena. Finvit.com p\u0101rbauda cenas, apstr\u0101d\u0101jot Klienta veikto pas\u016bt\u012bjumu v\u0113lamo pre\u010du ieg\u0101dei. Ja tiek konstat\u0113ta k\u013c\u016bda, un preces cena faktiski ir augst\u0101ka par interneta veikal\u0101 www.findvit.com nor\u0101d\u012bto, Findvit.com pirms preces nos\u016bt\u012b\u0161anas sazin\u0101s ar Klientu ar vi\u0146a nor\u0101d\u012btajiem kontaktiem un p\u0101rbauda, vai Klients joproj\u0101m v\u0113las ieg\u0101d\u0101ties preci par god\u012bgu cenu, vai ar\u012b v\u0113las atcelt pas\u016bt\u012bjumu, kas veikts konkr\u0113tai precei. Ja pareiz\u0101 preces cena ir zem\u0101ka par interneta veikal\u0101 www.findvit.com nor\u0101d\u012bto, Findvit.com p\u0101rdod preci par zem\u0101ku cenu un nos\u016bta preci Klientam, k\u0101 ar\u012b atgrie\u017e par preci samaks\u0101to virscenu. Klientam 14 (\u010detrpadsmit) darba dienu laik\u0101, ja Klients jau ir p\u0113c preces apmaksas.<\/p>\n\n\n\n<p>6) Pirc\u0113js ir atbild\u012bgs par Preces v\u0113rt\u012bbas samazin\u0101\u0161anos (tai skait\u0101, bet ne tikai, Noteikumu 7.punkt\u0101 noteiktajos gad\u012bjumos), ko izrais\u012bju\u0161as darb\u012bbas, kas nav nepiecie\u0161amas, lai noteiktu preces b\u016bt\u012bbu, \u012bpa\u0161\u012bbas un darb\u012bbu. Produkts. T.i. P\u0101rdev\u0113jam ir ties\u012bbas vienpus\u0113ji samazin\u0101t Pirc\u0113jam atmaks\u0101jamo summu, proporcion\u0101li iepriek\u0161 min\u0113tajam Preces v\u0113rt\u012bbas samazin\u0101jumam.<\/p>\n\n\n\n<p>7) Atgrie\u017eamajai Precei j\u0101b\u016bt neboj\u0101tai, nezaud\u0113jot savu preces izskatu (eti\u0137etes, aizsargpl\u0113vi u.c. neskartai), k\u0101 ar\u012b tai j\u0101b\u016bt nelietotai. Vis\u0101m atgrieztaj\u0101m Prec\u0113m j\u0101b\u016bt ar ori\u0123in\u0101laj\u0101m eti\u0137et\u0113m, aizsargsom\u0101m un tiem pa\u0161iem piederumiem, ar kuriem t\u0101s tika p\u0101rdotas. Atgrie\u017eamajai Precei j\u0101b\u016bt k\u0101rt\u012bg\u0101 ori\u0123in\u0101laj\u0101 iepakojum\u0101 (ar instrukciju un garantijas talonu, ja tie tika pieg\u0101d\u0101ti kop\u0101 ar Preci) t\u0101d\u0101 pa\u0161\u0101 sast\u0101v\u0101 k\u0101 Pirc\u0113ja ieg\u0101d\u0101tajai. Par Preci sa\u0146emt\u0101s d\u0101vanas ir j\u0101atgrie\u017e vienlaic\u012bgi.<\/p>\n\n\n\n<p>6) Klients ir atbild\u012bgs par re\u0123istr\u0101cijas laik\u0101 sniegto datu pareiz\u012bbu. Ja tiek sniegti nepareizi dati, Klienta piek\u013cuve <a href=\"https:\/\/findvit.com\/lv\/\" target=\"_blank\" rel=\"noreferrer noopener\">www.findvit.com<\/a> vietne tiks ierobe\u017eota.<\/p>\n\n\n\n<p>7) Findvit.com ap\u0146emas nenodot tre\u0161aj\u0101m person\u0101m Klienta re\u0123istr\u0101cijas laik\u0101 sniegto konfidenci\u0101lo inform\u0101ciju, iz\u0146emot likumdo\u0161an\u0101 paredz\u0113tos iz\u0146\u0113mumus.<\/p>\n\n\n\n<p>8) Fizisk\u0101m person\u0101m, kas ir vismaz 18 gadus vecas, ir ties\u012bbas ieg\u0101d\u0101ties pied\u0101v\u0101t\u0101s preces Findvit.com interneta veikal\u0101; personas, kas jaun\u0101kas par 18 gadiem ar vec\u0101ku vai aizbild\u0146u piekri\u0161anu; juridisk\u0101m person\u0101m.<\/p>\n\n\n\n<p>9) Aizliegts kop\u0113t, izmantot, izplat\u012bt, reproduc\u0113t lap\u0101 eso\u0161o inform\u0101ciju vai t\u0101s saturu bez Findvit.com vietnes \u012bpa\u0161nieka rakstiskas piekri\u0161anas; izmantot datorprogrammas, kas var kait\u0113t \u0161\u012bs vietnes darbam vai ar cit\u0101m darb\u012bb\u0101m trauc\u0113t Findvit.com sist\u0113mas darb\u012bbu.<\/p>\n\n\n\n<p>10) Klientiem, nor\u0101dot savus datus, j\u0101izmanto lietuvie\u0161u burti. V\u0101rdiem, uzv\u0101rdiem, vietu nosaukumiem j\u0101s\u0101kas ar lielo burtu. J\u0101nor\u0101da prec\u012bza dz\u012bvesvietas adrese \u2013 tas nepiecie\u0161ams ne tikai pieg\u0101d\u0101jot preces, bet ar\u012b veidojot r\u0113\u0137inu.<\/p>\n\n\n\n<p>11) Klientiem re\u0123istr\u0113joties j\u0101nor\u0101da savs t\u0101lru\u0146a numurs. Pirms pirm\u0101 pas\u016bt\u012bjuma nos\u016bt\u012b\u0161anas Varle.lt sazin\u0101s ar Klientiem pa t\u0101lr.<\/p>\n\n\n\n<p>12) Findvit.com patur ties\u012bbas:<\/p>\n\n\n\n<ul class=\"wp-block-list\"><li>labot inform\u0101ciju lap\u0101 - kad par\u0101d\u0101s jauni \u0161o noteikumu punkti, tie st\u0101jas sp\u0113k\u0101 uzreiz p\u0113c to public\u0113\u0161anas;<\/li><li>ierobe\u017eot to Klientu, kuri neiev\u0113ro \u0161os noteikumus, iesp\u0113jas izmantot \u0161o vietni;<\/li><li>veikt retu, speci\u0101lu pre\u010du pas\u016bt\u012bjumus tikai p\u0113c Klienta priek\u0161apmaksas par prec\u0113m sa\u0146em\u0161anas;<\/li><li>ja Klients preci neiz\u0146em no Varle.lt 2 m\u0113ne\u0161u laik\u0101. un, ja ir zin\u0101ms Klienta bankas konta numurs, nauda tiek atgriezta Klientam un prece vairs netiek glab\u0101ta.<\/li><li>ja Klienta bankas konta numurs nav zin\u0101ms, nauda netiek atgriezta. Findvit.com inform\u0113 Klientu par to, izmantojot pieejamos kontaktus, un prece vairs netiek glab\u0101ta.<\/li><li>personas, kuras neiev\u0113ro \u0161os noteikumus vai iesaist\u0101s \u013caunpr\u0101t\u012bg\u0101s darb\u012bb\u0101s, saukt pie juridiskas atbild\u012bbas.<\/li><\/ul>\n\n\n\n<p>13) Klienti, ieg\u0101d\u0101joties preces Findvit.com, apliecina, ka ir iepazinu\u0161ies ar pre\u010du atgrie\u0161anas noteikumiem un garantij\u0101m. (Atgrie\u0161ana un garantijas)<\/p>\n\n\n\n<p>14) Saska\u0146\u0101 ar Lietuvas Republikas PVN likuma koment\u0101ra 79. pantu PVN r\u0113\u0137ini tiek izrakst\u012bti un p\u0101rrakst\u012bti tikai taj\u0101 pa\u0161\u0101 dien\u0101, kad notiek p\u0101rdo\u0161ana. K\u013c\u016bdas kontos tiek labotas tikai k\u0101rt\u0113j\u0101 m\u0113nes\u012b.<\/p>\n\n\n\n<p>15) Klienti apliecina, ka apzin\u0101s savas ties\u012bbas p\u0101rbaud\u012bt ieg\u0101d\u0101to preci sav\u0101k\u0161anas br\u012bd\u012b - tas ir, p\u0101rbaud\u012bt iepakojuma st\u0101vokli, t\u0101 saturu, pre\u010du daudzumu, izm\u0113ru un sortimentu. (Inform\u0101cija par to, k\u0101 r\u012bkoties, ja paman\u0101t probl\u0113mu, pa\u0146emot preci). Ja prece netiek p\u0101rbaud\u012bta sav\u0101k\u0161anas br\u012bd\u012b, Findvit.com ir ties\u012bbas nepie\u0146emt nek\u0101das turpm\u0101kas pretenzijas attiec\u012bb\u0101 uz preci. Klientam ir j\u0101nodro\u0161ina kurjeram visi nepiecie\u0161amie nosac\u012bjumi, lai prece tiktu pareizi pieg\u0101d\u0101ta l\u012bdz sa\u0146\u0113m\u0113jam. Ja sa\u0146\u0113m\u0113js ir nepilngad\u012bgs un Klients ir at\u013c\u0101vis sa\u0146\u0113m\u0113jam preci pie\u0146emt, atbild\u012bba par parakst\u012bto s\u016bt\u012bjumu gulstas uz Klientu.<\/p>\n\n\n\n<p>16) Prece var at\u0161\u0137irties no fotoatt\u0113l\u0101 redzam\u0101s preces. Att\u0113l\u0101 var b\u016bt deta\u013cas, kas nav iek\u013cautas pre\u010du komplekt\u0101.<\/p>\n\n\n\n<p>17) Pre\u010du daudzums ir ierobe\u017eots.<\/p>\n\n\n\n<p>18) Visai inform\u0101cijai par pre\u010du pieejam\u012bbu, pieg\u0101des un pieg\u0101des noteikumiem ir orient\u0113jo\u0161s raksturs, un Findvit.com to neuzskata par oblig\u0101tiem vai garant\u0113tiem pre\u010du pieg\u0101des vai pieg\u0101des noteikumiem Klientam, lai gan Findvit.com, lai gan lai b\u016btu apmierin\u0101ti klienti, parasti pieg\u0101d\u0101 (pieg\u0101d\u0101) preces laik\u0101. Gad\u012bjum\u0101, ja Klienta pas\u016bt\u012bjuma apstr\u0101des laik\u0101 Findvit.com pamana, ka Klienta v\u0113lam\u0101 prece nav pieejama, tiek veiktas \u0161o noteikumu punkt\u0101 Nr. 4.<\/p>\n\n\n\n<p>19) Ja preces cena internet\u0101 un veikal\u0101 nesakr\u012bt, par pareizu uzskat\u0101ma veikala cena.<\/p>\n\n\n\n<p>20) Vietn\u0113 Findvit.com redzam\u0101 produkta cena var jebkur\u0101 laik\u0101 main\u012bties pieg\u0101d\u0101t\u0101ju veikt\u0101s datu sinhroniz\u0101cijas d\u0113\u013c. Datu sinhroniz\u0101cija notiek 24 stundas diennakt\u012b. dien\u0101.<\/p>\n\n\n\n<p>21) Sludin\u0101jumos cenas, daudzumi, cita inform\u0101cija par prec\u0113m var at\u0161\u0137irties datu sinhroniz\u0101cijas d\u0113\u013c, kas notiek 24 stundas diennakt\u012b. dien\u0101, un tas neatbilst Findvit.com vietn\u0113 sniegtajai inform\u0101cijai. Vietn\u0113 Findvit.com sniegt\u0101 inform\u0101cija tiek uzskat\u012bta par pareizu.<\/p>\n\n\n\n<p>22) Piepras\u012bjumu\/s\u016bdz\u012bbu par m\u016bsu interneta veikal\u0101 ieg\u0101d\u0101to preci vai pakalpojumu varat iesniegt Valsts pat\u0113r\u0113t\u0101ju ties\u012bbu aizsardz\u012bbas dienest\u0101 (Vilniaus g. 25, 01402 Vi\u013c\u0146a, e-pasts: tarnyba@vvtat.lt, t\u0101lrunis: 8 5 262 67 51, fakss: ( 8 5) 279 1466, t\u012bmek\u013ca vietn\u0113 <a href=\"https:\/\/www.vvtat.lt\/\" target=\"_blank\" rel=\"noreferrer noopener\">www.vvtat.lt<\/a>, t\u0101s teritori\u0101l\u0101s vien\u012bbas novados - http:\/\/www.vvtat.lt\/index.php?470187665 ) vai aizpildiet pieteikuma anketu EGS platform\u0101 <a href=\"https:\/\/ec.europa.eu\/odr\/\" target=\"_blank\" rel=\"noreferrer noopener\">http:\/\/ec.europa.eu\/odr\/<\/a>. Piez\u012bme. Visos gad\u012bjumos Klienti tiek l\u016bgti vispirms sazin\u0101ties ar Findvit.com<\/p>","protected":false},"excerpt":{"rendered":"<p>Pirk\u0161anas un p\u0101rdo\u0161anas noteikumi 1) Uz FindVit.com elektroniskaj\u0101 veikal\u0101 veiktajiem pirk\u0161anas un p\u0101rdo\u0161anas dar\u012bjumiem attiecas Lietuvas Republikas ties\u012bbu aktu noteikumi. 2) Interneta veikal\u0101 pre\u010du fotogr\u0101fij\u0101m vai att\u0113lojumiem ir ilustrat\u012bvs raksturs....<\/p>","protected":false},"author":1,"featured_media":0,"parent":0,"menu_order":0,"comment_status":"closed","ping_status":"closed","template":"","meta":{"_acf_changed":false,"inline_featured_image":false,"footnotes":""},"class_list":["post-2331","page","type-page","status-publish","hentry"],"acf":[],"_links":{"self":[{"href":"https:\/\/findvit.com\/lv\/wp-json\/wp\/v2\/pages\/2331","targetHints":{"allow":["GET"]}}],"collection":[{"href":"https:\/\/findvit.com\/lv\/wp-json\/wp\/v2\/pages"}],"about":[{"href":"https:\/\/findvit.com\/lv\/wp-json\/wp\/v2\/types\/page"}],"author":[{"embeddable":true,"href":"https:\/\/findvit.com\/lv\/wp-json\/wp\/v2\/users\/1"}],"replies":[{"embeddable":true,"href":"https:\/\/findvit.com\/lv\/wp-json\/wp\/v2\/comments?post=2331"}],"version-history":[{"count":1,"href":"https:\/\/findvit.com\/lv\/wp-json\/wp\/v2\/pages\/2331\/revisions"}],"predecessor-version":[{"id":7714,"href":"https:\/\/findvit.com\/lv\/wp-json\/wp\/v2\/pages\/2331\/revisions\/7714"}],"wp:attachment":[{"href":"https:\/\/findvit.com\/lv\/wp-json\/wp\/v2\/media?parent=2331"}],"curies":[{"name":"wp","href":"https:\/\/api.w.org\/{rel}","templated":true}]}}