{"id":3,"date":"2021-05-06T16:45:53","date_gmt":"2021-05-06T16:45:53","guid":{"rendered":"http:\/\/findvit.com\/?page_id=3"},"modified":"2022-06-20T18:11:21","modified_gmt":"2022-06-20T15:11:21","slug":"privatumo-politika","status":"publish","type":"page","link":"https:\/\/findvit.com\/lv\/privatumo-politika\/","title":{"rendered":"Priv\u0101tuma politika"},"content":{"rendered":"<p><strong>P\u0113d\u0113jo reizi atjaunin\u0101ts 01.08.2021<\/strong><\/p>\n\n\n\n<p>\u0160aj\u0101 priv\u0101tuma politik\u0101 (turpm\u0101k - &quot;Priv\u0101tuma politika&quot; vai &quot;Politika&quot;) ir paskaidrots, k\u0101 UAB &quot;Fundatorii&quot; (turpm\u0101k - &quot;Uz\u0146\u0113mums&quot;, &quot;m\u0113s&quot; vai &quot;m\u0113s&quot;) v\u0101c un izmanto inform\u0101ciju par jums, kad izmantojat k\u0101du no m\u016bsu t\u012bmek\u013ca vietn\u0113m. <a href=\"https:\/\/findvit.com\/lv\/\">www.findvit.com<\/a> (turpm\u0101k tekst\u0101 &quot;Vietne&quot;) vai jebkuru citu m\u016bsu sniegto pakalpojumu (turpm\u0101k tekst\u0101 &quot;Pakalpojumi&quot;).<\/p>\n\n\n\n<p>UAB &quot;Fundatorii&quot; ir ap\u0146\u0113musies sav\u0101 darb\u012bb\u0101 <em>atbild\u012bgi un dro\u0161i<\/em> lai apstr\u0101d\u0101tu j\u016bsu personas datus. Pamatojoties uz \u0161o pamatprincipu, m\u0113s vienm\u0113r cen\u0161amies nodro\u0161in\u0101t pietiekamu j\u016bsu datu aizsardz\u012bbas l\u012bmeni un j\u016bsu ties\u012bbu aizsardz\u012bbu. M\u0113s apstr\u0101d\u0101jam personas datus saska\u0146\u0101 ar \u0161o Priv\u0101tuma politiku, saska\u0146\u0101 ar piem\u0113rojamiem ties\u012bbu aktiem, tostarp Visp\u0101r\u012bgo datu aizsardz\u012bbas regulu (2016\/679) (turpm\u0101k tekst\u0101 &quot;VDAR&quot;) un piem\u0113rojamiem Lietuvas nacion\u0101lajiem datu aizsardz\u012bbas ties\u012bbu aktiem.<\/p>\n\n\n\n<p>Atsauce \u0161aj\u0101 Politik\u0101 uz &quot;J\u016bsu personas datiem&quot; noz\u012bm\u0113 jebkuru inform\u0101ciju, p\u0113c kuras var noteikt J\u016bsu identit\u0101ti (turpm\u0101k tekst\u0101 &quot;Personas dati&quot;).<\/p>\n\n\n\n<p>M\u0113s esam personas datu p\u0101rzinis, uz ko attiecas \u0161\u012b Politika.<\/p>\n\n\n\n<p>M\u0113s izmantojam j\u016bsu personas datus, veicot savas darb\u012bbas un sniedzot jums pakalpojumus. M\u016bsu m\u0113r\u0137is ir apstr\u0101d\u0101t tikai tos J\u016bsu personas datus, kurus J\u016bs mums br\u012bvpr\u0101t\u012bgi sniedz\u0101t p\u0113c detaliz\u0113tas inform\u0101cijas sa\u0146em\u0161anas par datu apstr\u0101des m\u0113r\u0137iem un tos datus, kas nepiecie\u0161ami ar Jums nosl\u0113gto l\u012bgumu izpildei, ties\u012bbu aktu pras\u012bbu \u012bsteno\u0161anai un datu apstr\u0101des veik\u0161anai. m\u016bsu aktivit\u0101tes.<\/p>\n\n\n\n<p>L\u016bdzu, izlasiet \u0161o priv\u0101tuma politiku, lai uzzin\u0101tu, k\u0101 m\u0113s apkopojam, izmantojam, p\u0101rs\u016bt\u0101m un aizsarg\u0101jam j\u016bsu personas datus.<\/p>\n\n\n\n<h2 class=\"wp-block-heading\">Personas datu v\u0101k\u0161ana un izmanto\u0161ana<\/h2>\n\n\n\n<p><strong>1.1. K\u0101du inform\u0101ciju m\u0113s apkopojam<\/strong><\/p>\n\n\n\n<p>M\u0113s apstr\u0101d\u0101jam J\u016bsu personas datus, ja J\u016bs tos mums labpr\u0101t\u012bgi sniedzat, piem. J\u016bsu e-pasts Mr. v\u0113stules ietvaros, pas\u016btot m\u016bsu pakalpojumus, aizpildot veidlapu vietn\u0113 vai sazinoties ar mums pa t\u0101lruni\/SMS. Atsevi\u0161\u0137os gad\u012bjumos m\u0113s jau apstr\u0101d\u0101jam J\u016bsu iepriek\u0161 sniegtos personas datus, piem. ja esat m\u016bsu pa\u0161reiz\u0113jais vai biju\u0161ais klients. M\u0113s apstr\u0101d\u0101sim j\u016bsu sniegtos personas datus saska\u0146\u0101 ar \u0161o politiku un uz mums piem\u0113rojamajiem ties\u012bbu aktiem. J\u016bsu personas dati netiks izmantoti citiem m\u0113r\u0137iem, k\u0101 vien tiem, kas nor\u0101d\u012bti datu sa\u0146em\u0161anas br\u012bd\u012b, ja vien m\u0113s nesa\u0146emsim J\u016bsu papildu piekri\u0161anu vai \u0161\u0101da izmanto\u0161ana nav paredz\u0113ta ties\u012bbu aktos.&nbsp;<\/p>\n\n\n\n<p><strong>1.2 J\u016bsu personas datu apstr\u0101des juridiskais pamats<\/strong><\/p>\n\n\n\n<p>Parasti m\u0113s iev\u0101cam j\u016bsu personas datus tikai tikt\u0101l, cik tas ir nepiecie\u0161ams, lai sniegtu jums pakalpojumus. ES ties\u012bbu akti mums uzliek par pien\u0101kumu inform\u0113t personas, kuru datus m\u0113s apstr\u0101d\u0101jam, par datu apstr\u0101des tiesisko pamatu. Apstr\u0101d\u0101jot j\u016bsu personas datus, m\u0113s pa\u013caujamies uz vienu no \u0161iem juridiskajiem pamatiem:<\/p>\n\n\n\n<p><strong>L\u012bguma izpildes pamats.<\/strong> Tas attiecas uz gad\u012bjumiem, kad j\u016bsu datu apstr\u0101de ir nepiecie\u0161ama, lai izpild\u012btu m\u016bsu saist\u012bbas pret jums saska\u0146\u0101 ar l\u012bgumu, piem. izsniegt Jums atlai\u017eu kupona karti vai veikt\/sa\u0146emt maks\u0101jumu par pakalpojumiem, nos\u016bt\u012bt\/sa\u0146emt preces.<\/p>\n\n\n\n<p><strong>Likumdo\u0161anas pras\u012bbas pamats.<\/strong> Attiecas, kad saska\u0146\u0101 ar likumu vai citiem ties\u012bbu aktiem mums ir pien\u0101kums apstr\u0101d\u0101t j\u016bsu personas datus, piem. nodok\u013cu uzskaites vajadz\u012bb\u0101m sniedzot datus valsts p\u0101rvaldes iest\u0101d\u0113m vai policijai.<\/p>\n\n\n\n<p><strong>Piekri\u0161anas juridiskais pamats.<\/strong> Noteiktos gad\u012bjumos m\u0113s apstr\u0101d\u0101sim j\u016bsu personas datus tikai tad, ja esam iepriek\u0161 sa\u0146\u0113mu\u0161i j\u016bsu piekri\u0161anu. <strong>J\u016bs jebkur\u0101 laik\u0101 varat atsaukt savu piekri\u0161anu datu apstr\u0101dei, sazinoties ar mums uz nor\u0101d\u012bto e-pasta adresi <a href=\"mailto:lietuva@findvit.com\" target=\"_blank\" rel=\"noreferrer noopener\">lietuva@findvit.com<\/a><\/strong><\/p>\n\n\n\n<p><strong>Le\u0123it\u012bmo intere\u0161u juridiskais pamats<\/strong>. M\u0113s apstr\u0101d\u0101sim J\u016bsu personas datus gad\u012bjumos, kad mums ir le\u0123it\u012bmas intereses un \u0161\u0101da datu apstr\u0101de nep\u0101rk\u0101pj J\u016bsu intereses un ties\u012bbu aizsardz\u012bbu.<\/p>\n\n\n\n<p>Iepriek\u0161 min\u0113t\u0101s likum\u012bg\u0101s intereses:<\/p>\n\n\n\n<ul class=\"wp-block-list\"><li>M\u0113s sniedzam inform\u0101ciju par Uz\u0146\u0113muma pakalpojumiem m\u016bsu vietnes apmekl\u0113t\u0101jiem;<\/li><li>M\u0113s cen\u0161amies nov\u0113rst kr\u0101p\u0161anu un noziedz\u012bbu, aizsarg\u0101t savus akt\u012bvus un izmantot\u0101s IT sist\u0113mas;<\/li><li>M\u0113s organiz\u0113jam un uzraug\u0101m izmantojamos rekl\u0101mas risin\u0101jumus;<\/li><li>M\u016bsu m\u0113r\u0137is ir nodro\u0161in\u0101t Sabiedr\u012bbas korporat\u012bvo un sabiedrisko saist\u012bbu izpildi;<\/li><li>M\u0113s nodro\u0161in\u0101m Eiropas Savien\u012bbas Pamatties\u012bbu hartas 16. un 17. pant\u0101 paredz\u0113to ties\u012bbu, tostarp uz\u0146\u0113m\u0113jdarb\u012bbas br\u012bv\u012bbas un ties\u012bbu uz \u012bpa\u0161umu, \u012bsteno\u0161anu.<\/li><\/ul>\n\n\n\n<p>Atsevi\u0161\u0137os gad\u012bjumos m\u016bsu apstr\u0101d\u0101tie personas dati var ietvert \u012bpa\u0161as personas datu kategorijas, t.i., personas datus, kas atkl\u0101j rasi vai etnisko izcelsmi, politiskos uzskatus, reli\u0123isko vai filozofisko p\u0101rliec\u012bbu vai pieder\u012bbu arodbiedr\u012bb\u0101m, k\u0101 ar\u012b \u0123en\u0113tisko datu, biometrisko datu apstr\u0101di, lai konkr\u0113ti identific\u0113tu fizisk\u0101s personas identit\u0101ti, vesel\u012bbas datus vai datus par fizisk\u0101s personas seksu\u0101lo dz\u012bvi un seksu\u0101lo orient\u0101ciju. \u0160os datus m\u0113s apstr\u0101d\u0101jam tikai p\u0113c J\u016bsu piekri\u0161anas sa\u0146em\u0161anas vai ja \u0161\u0101da apstr\u0101de ir paredz\u0113ta ties\u012bbu aktu pras\u012bb\u0101s.<\/p>\n\n\n\n<p><strong>1.3. Autom\u0101tiska personas datu v\u0101k\u0161ana<\/strong><\/p>\n\n\n\n<p>Da\u017eos gad\u012bjumos m\u0113s vai m\u016bsu izmantojamie pakalpojumu sniedz\u0113ji izmantojam s\u012bkfailus. <em>cepumi<\/em>), t\u012bkla datu sav\u0101c\u0113ji (ang. <em>t\u012bmek\u013ca b\u0101ksign\u0101li<\/em>) un citas viedtehnolo\u0123ijas, lai autom\u0101tiski apkopotu noteiktu inform\u0101ciju par jums, kad apmekl\u0113jat m\u016bsu vietni un rakst\u0101t mums e-pastu. pa pastu \u0160\u012bs inform\u0101cijas apkopo\u0161ana pal\u012bdz piel\u0101got m\u016bsu vietni j\u016bsu vajadz\u012bb\u0101m, palielin\u0101t m\u016bsu inform\u0101cijas izplat\u012b\u0161anas inform\u0113t\u012bbu, efektivit\u0101ti un lietder\u012bbu, k\u0101 ar\u012b organiz\u0113t un izsekot m\u016bsu izmantoto rekl\u0101mas risin\u0101jumu efektivit\u0101tei.<\/p>\n\n\n\n<p><strong>1.3.1 IP adreses<\/strong><\/p>\n\n\n\n<p>IP adrese ir numurs, kas tiek pie\u0161\u0137irts j\u016bsu datoram, kad tas izveido savienojumu ar internetu. Tas \u013cauj datoriem un serveriem atpaz\u012bt viens otru un koplietot datus. Kad j\u016bs apmekl\u0113jat m\u016bsu vietni, j\u016bsu IP adrese tiek ierakst\u012bta un izmantota sist\u0113mas diagnostikas un aizsardz\u012bbas nol\u016bkos. IP adrese tiek izmantota ar\u012b, lai izveidotu r\u0101d\u012bt\u0101jus, kas nosaka vietnes trafiku un lietder\u012bbu.<\/p>\n\n\n\n<p><strong>1.3.2. S\u012bkfaili<\/strong><\/p>\n\n\n\n<p>S\u012bkdatnes parasti tiek saglab\u0101tas j\u016bsu dator\u0101 vai cit\u0101 ier\u012bc\u0113, kur\u0101 izveidojat savienojumu ar internetu ikreiz, kad izveidojat savienojumu ar m\u016bsu vietni. Tas \u013cauj mums at\u0161\u0137irt j\u016bsu ier\u012bci no cit\u0101m.<\/p>\n\n\n\n<p>Atsevi\u0161\u0137os gad\u012bjumos p\u0113c vietnes apmekl\u0113juma jums tiks par\u0101d\u012bts informat\u012bvs zi\u0146ojums, kur\u0101 l\u016bgts j\u016bsu piekri\u0161ana s\u012bkdat\u0146u izmanto\u0161anai. Ja j\u016bs nedosiet piekri\u0161anu, j\u016bsu dators un cita ier\u012bce netiks m\u0113r\u0137\u0113ta tie\u0161\u0101 m\u0101rketinga nol\u016bkos. S\u012bkdatnes ir nepiecie\u0161amas, lai vietne darbotos. <em>lietot\u0101ja ievade<\/em>) joproj\u0101m tiks izmantoti, lai nodro\u0161in\u0101tu m\u016bsu vietnes pareizu darb\u012bbu. J\u016bsu izv\u0113le attiec\u012bb\u0101 uz s\u012bkdat\u0146u izmanto\u0161anu tiek saglab\u0101ta atsevi\u0161\u0137\u0101 s\u012bkdatn\u0113 ar der\u012bguma termi\u0146u 90 dienas. Ja v\u0113laties atsaukt savu piekri\u0161anu, varat to izdar\u012bt, not\u012brot s\u012bkfailus sav\u0101 interneta p\u0101rl\u016bkprogramm\u0101.<\/p>\n\n\n\n<p>Liel\u0101k\u0101 da\u013ca interneta p\u0101rl\u016bkprogrammu autom\u0101tiski pie\u0146em un \u013cauj saglab\u0101t s\u012bkfailus, ta\u010du j\u016bs varat main\u012bt p\u0101rl\u016bkprogrammas iestat\u012bjumus un blo\u0137\u0113t s\u012bkfailu izmanto\u0161anu. \u0160ie parametri parasti tiek saglab\u0101ti izv\u0113lnes vienum\u0101 R\u012bki (eng. <em>R\u012bki<\/em>) vai Iestat\u012bjumi (eng. <em>Preferences<\/em>). Varat ar\u012b jebkur\u0101 laik\u0101 selekt\u012bvi dz\u0113st visus s\u012bkfailus vai noteiktas s\u012bkdatnes. Ja izv\u0113laties nepie\u0146emt s\u012bkfailus visp\u0101r, iesp\u0113jams, nevar\u0113sit piek\u013c\u016bt pilnai m\u016bsu vietnes funkcionalit\u0101tei. Pla\u0161\u0101ku inform\u0101ciju par to, k\u0101 p\u0101rvald\u012bt s\u012bkfailu iesp\u0113jas popul\u0101r\u0101kaj\u0101s p\u0101rl\u016bkprogramm\u0101s, var atrast \u0161eit: <a href=\"https:\/\/support.microsoft.com\/en-us\/help\/17442\/windows-internet-explorer-delete-manage-cookies\" target=\"_blank\" rel=\"noreferrer noopener\">Internet Explorer<\/a>, <a href=\"https:\/\/support.google.com\/chrome\/answer\/95647?hl=en\" target=\"_blank\" rel=\"noreferrer noopener\">Chrome<\/a>, <a href=\"https:\/\/support.mozilla.org\/en-US\/kb\/delete-cookies-remove-info-websites-stored\" target=\"_blank\" rel=\"noreferrer noopener\">Firefox<\/a>, <a href=\"https:\/\/support.apple.com\/kb\/PH19214?locale=en_US\" target=\"_blank\" rel=\"noreferrer noopener\">Safari<\/a>, <a href=\"http:\/\/help.opera.com\/Windows\/9.51\/en\/cookies.html\" target=\"_blank\" rel=\"noreferrer noopener\">Opera<\/a>.<\/p>\n\n\n\n<p>Lai papla\u0161in\u0101tu m\u016bsu vietnes funkcionalit\u0101ti, m\u0113s da\u017ek\u0101rt izmantojam tre\u0161o pu\u0161u r\u012bkus un vad\u012bklas. <em>logr\u012bks<\/em>). Parasti \u0161ie r\u012bki un vad\u012bklas saglab\u0101s s\u012bkfailu j\u016bsu dator\u0101 vai ier\u012bc\u0113, lai nodro\u0161in\u0101tu papildu funkcionalit\u0101ti.<\/p>\n\n\n\n<p>S\u012bkdatnes pa\u0161as par sevi nenor\u0101da mums j\u016bsu e-pasta adresi vai cit\u0101di ne\u013cauj mums identific\u0113t j\u016bsu personu. M\u0113s izmantojam da\u017e\u0101dus identifikatorus, tostarp IP adreses, lai nov\u0113rt\u0113tu vietnes darb\u012bbu, bet tikai, lai noteiktu vietnes unik\u0101lo apmekl\u0113t\u0101ju skaitu un lietot\u0101ju \u0123eogr\u0101fisko sadal\u012bjumu, nevis noteiktu konkr\u0113tus lietot\u0101jus.<\/p>\n\n\n\n<p><strong>P\u0100RKL\u0100JOT M\u016aSU T\u012aMEK\u013bA VIETNI, J\u016aS PIEKR\u012aTAT, KA LAPAS DARB\u012aBAI NEPIECIE\u0160AMI S\u012aKDEK\u013bI TIEK SAGLAB\u0100TI J\u016aSU DATOR\u0100 VAI CIT\u0100 IER\u012aC\u0112.<\/strong><\/p>\n\n\n\n<p><strong>1.3.3 T\u012bmek\u013ca b\u0101ksign\u0101li<\/strong><\/p>\n\n\n\n<p>T\u012bmek\u013ca s\u012bkfails ir neliels att\u0113la fails t\u012bmek\u013ca lap\u0101, ko var izmantot, lai apkopotu inform\u0101ciju par apmekl\u0113t\u0101ja datoru, tostarp IP adresi, apmekl\u0113juma laiku, p\u0101rl\u016bkprogrammas veidu un t\u0101 pa\u0161a servera iepriek\u0161 iestat\u012bt\u0101s s\u012bkdatnes. Izmantojot t\u012bmek\u013ca datu apkopot\u0101jus, m\u0113s stingri iev\u0113rojam juridisk\u0101s pras\u012bbas.<\/p>\n\n\n\n<p>M\u0113s vai m\u016bsu pakalpojumu sniedz\u0113ji izmantosim Web Data Collectors, lai nodro\u0161in\u0101tu pareizu s\u012bkfailu p\u0101rvald\u012bbu un noteiktu tre\u0161o pu\u0161u mums sniegto pakalpojumu lietder\u012bbu, piem\u0113ram,. apmekl\u0113t\u0101jus piesaista inform\u0101cijas izplat\u012b\u0161anas, rekl\u0101mas vai darbinieku atlases pakalpojumi.<\/p>\n\n\n\n<p>J\u016bs varat ierobe\u017eot Web Data Collectors funkcionalit\u0101ti, aizliedzot to darb\u012bbai nepiecie\u0161amo s\u012bkdat\u0146u saglab\u0101\u0161anu. \u0160\u0101d\u0101 gad\u012bjum\u0101 Web Data Collector joproj\u0101m var tvert anon\u012bmu apmekl\u0113jumu no noteiktas IP adreses, ta\u010du s\u012bkfailu inform\u0101cija netiks saglab\u0101ta.<\/p>\n\n\n\n<p>Da\u017eos m\u016bsu informat\u012bvajos izdevumos vai cit\u0101 sazi\u0146\u0101 m\u0113s izsekojam adres\u0101tu darb\u012bbas, piem\u0113ram, e-pasts e-pasta atv\u0113r\u0161ana, izmantojot t\u012bmek\u013ca datu sav\u0101c\u0113jus. M\u0113s izmantojam apkopoto inform\u0101ciju, lai noteiktu lietot\u0101ju interesi un uzlabotu lietot\u0101ju apmierin\u0101t\u012bbu n\u0101kotn\u0113.<\/p>\n\n\n\n<p><strong>1.3.4. Atra\u0161an\u0101s r\u012bki<\/strong><\/p>\n\n\n\n<p><em>Kad j\u016bs izmantojat m\u016bsu pakalpojumus, m\u0113s varam apkopot inform\u0101ciju par j\u016bsu datora vai citas ier\u012bces atra\u0161an\u0101s vietu. M\u0113s izmantojam \u0161o inform\u0101ciju, lai lab\u0101k piel\u0101gotu savus pakalpojumus jums.<\/em><\/p>\n\n\n\n<p><strong>1.4. Soci\u0101lo mediju r\u012bki un lietojumprogrammas<\/strong><\/p>\n\n\n\n<p>M\u016bsu t\u012bmek\u013ca lap\u0101s var b\u016bt funkcionalit\u0101te, kas \u013cauj koplietot inform\u0101ciju, izmantojot tre\u0161o pu\u0161u p\u0101rvald\u012bt\u0101s soci\u0101l\u0101s platformas, piem. Instagram pat\u012bk un kop\u012bgo funkcijas. \u0160\u012bs soci\u0101l\u0101s platformas var uzglab\u0101t datus par to, k\u0101 j\u016bs lietojat m\u016bsu vietni. J\u016bsu personas dati, ko sniedzat, izmantojot \u0161\u0101das soci\u0101l\u0101s platformas, bie\u017ei vien var tikt nodoti citiem soci\u0101l\u0101s platformas dal\u012bbniekiem. \u0160\u0101da datu nodo\u0161ana tiek regul\u0113ta soci\u0101l\u0101s platformas p\u0101rvaldnieka priv\u0101tuma politik\u0101. M\u0113s nekontrol\u0113jam, k\u0101 \u0161ie j\u016bsu personas dati tiek apstr\u0101d\u0101ti, un nevaram uz\u0146emties par to nek\u0101du atbild\u012bbu.<\/p>\n\n\n\n<p><strong>1.5 B\u0113rnu personas dati<\/strong><\/p>\n\n\n\n<p>M\u0113s saprotam, cik svar\u012bgi ir pareizi aizsarg\u0101t b\u0113rnu personas datu priv\u0101tumu. M\u016bsu vietne un pakalpojumi nav piem\u0113roti b\u0113rniem, kas jaun\u0101ki par 16 gadiem. M\u0113s nekad m\u0113r\u0137tiec\u012bgi nev\u0101cam un neuzglab\u0101sim inform\u0101ciju par b\u0113rniem, kas jaun\u0101ki par 16 gadiem, ja vien \u0161\u012b inform\u0101cija nav nepiecie\u0161ama, lai sniegtu jums pakalpojumus.<\/p>\n\n\n\n<h2 class=\"wp-block-heading\">Personas datu nodo\u0161ana tre\u0161aj\u0101m person\u0101m<\/h2>\n\n\n\n<p>M\u0113s neizpau\u017eam J\u016bsu personas datus tre\u0161aj\u0101m person\u0101m, ja vien tas nav nepiecie\u0161ams, lai nodro\u0161in\u0101tu Jums pakalpojumu snieg\u0161anu, lai \u012bstenotu J\u016bsu piepras\u012bjumus, m\u016bsu le\u0123it\u012bm\u0101s intereses un biznesa vajadz\u012bbas vai k\u0101 to prasa konkr\u0113ti ties\u012bbu akti. Pla\u0161\u0101ku inform\u0101ciju par tre\u0161o pu\u0161u izmanto\u0161anu varat redz\u0113t, noklik\u0161\u0137inot uz \u0161\u012bs saites.<\/p>\n\n\n\n<p><strong>M\u0113s nenododam j\u016bsu personas datus tre\u0161aj\u0101m person\u0101m, kuras var\u0113tu izmantot \u0161os datus tie\u0161\u0101 m\u0101rketinga nol\u016bkos.<\/strong> <a href=\"https:\/\/findvit.com\/lv\/slapukai\/\"><strong>Las\u012bt vair\u0101k &gt;&gt;<\/strong><\/a><\/p>\n\n\n\n<h2 class=\"wp-block-heading\">J\u016bsu izv\u0113les<\/h2>\n\n\n\n<p>Parasti, kad j\u016bs izmantojat m\u016bsu pakalpojumus, m\u0113s nepiepras\u012bsim jums sniegt personas datus, ja vien tas nav nepiecie\u0161ams pakalpojumu snieg\u0161anai, piem. l\u012bguma nosl\u0113g\u0161anai vai kontakta uztur\u0113\u0161anai ar Jums. Sa\u0146emot j\u016bsu piepras\u012bjumu sniegt jums inform\u0101ciju par m\u016bsu pakalpojumiem, m\u0113s varam l\u016bgt j\u016bs sniegt papildu personas datus. Atsevi\u0161\u0137os gad\u012bjumos m\u0113s varam l\u016bgt j\u016bsu papildu piekri\u0161anu personas datu apstr\u0101dei, un jums ir ties\u012bbas atteikties dot piekri\u0161anu datu apstr\u0101dei \u0161ajos nol\u016bkos. Ja j\u016bs piekr\u012btat noteiktu pakalpojumu vai informat\u012bvo zi\u0146ojumu sa\u0146em\u0161anai, m\u0113s dosim jums iesp\u0113ju jebkur\u0101 laik\u0101 atsaukt \u0161o piekri\u0161anu. Piekri\u0161anas atsauk\u0161anas gad\u012bjum\u0101 m\u0113s cent\u012bsimies p\u0113c iesp\u0113jas \u0101tr\u0101k p\u0101rtraukt J\u016bsu personas datu izmanto\u0161anu piekri\u0161an\u0101 nor\u0101d\u012btajiem m\u0113r\u0137iem.<\/p>\n\n\n\n<p>K\u0101 nor\u0101d\u012bts iepriek\u0161 sada\u013c\u0101 &quot;S\u012bkfaili&quot;, ja v\u0113laties nov\u0113rst izseko\u0161anu, izmantojot s\u012bkfailus m\u016bsu vietn\u0113, varat no\u0146emt s\u012bkfailus no savas t\u012bmek\u013ca p\u0101rl\u016bkprogrammas un nov\u0113rst \u0161\u0101du s\u012bkfailu turpm\u0101ku glab\u0101\u0161anu. \u0160\u0101d\u0101 gad\u012bjum\u0101 atsevi\u0161\u0137as m\u016bsu vietnes funkcijas var nedarboties pareizi.<\/p>\n\n\n\n<h2 class=\"wp-block-heading\">J\u016bsu ties\u012bbas<\/h2>\n\n\n\n<p>Ja m\u0113s apstr\u0101d\u0101jam j\u016bsu personas datus, j\u016bs varat izmantot \u0161\u0101das ties\u012bbas:<\/p>\n\n\n\n<p><strong>Iepaz\u012b\u0161an\u0101s un labo\u0161ana.<\/strong> Jums ir ties\u012bbas piek\u013c\u016bt saviem personas datiem, ko m\u0113s apstr\u0101d\u0101jam. Lai iepaz\u012btos ar m\u016bsu apstr\u0101d\u0101tajiem J\u016bsu personas datiem, J\u016bs varat iesniegt mums piepras\u012bjumu. Ja, izv\u0113rt\u0113jot j\u016bsu piepras\u012bjumu, m\u0113s nolemjam, ka mums ir j\u0101pie\u0161\u0137ir jums \u0161\u0101das ties\u012bbas, m\u0113s sniegsim inform\u0101ciju bez maksas. Lai nodro\u0161in\u0101tu citu personu ties\u012bbu aizsardz\u012bbu un pareizi atbild\u0113tu uz J\u016bsu piepras\u012bjumu, pirms atbildes snieg\u0161anas m\u0113s varam l\u016bgt J\u016bs sniegt personas identifik\u0101cijas inform\u0101ciju un citu inform\u0101ciju par J\u016bsu attiec\u012bb\u0101m ar mums. Ja m\u016bsu apstr\u0101d\u0101tie j\u016bsu dati ir neprec\u012bzi, jums ir ties\u012bbas piepras\u012bt, lai \u0161ie dati tiek laboti.<\/p>\n\n\n\n<p><strong>Ties\u012bbas iebilst pret datu apstr\u0101di.<\/strong> Jums ir ties\u012bbas iebilst, ka m\u0113s apstr\u0101d\u0101jam j\u016bsu personas datus, ja m\u0113s tos vairs nevaram izmantot.<\/p>\n\n\n\n<p><strong>Citas ties\u012bbas.<\/strong> Ja uzskat\u0101t, ka mums nevajadz\u0113tu apstr\u0101d\u0101t j\u016bsu personas datus vai m\u0113s tos glab\u0101jam p\u0101r\u0101k ilgi, jums ir ties\u012bbas piepras\u012bt j\u016bsu personas datu dz\u0113\u0161anu vai to izmanto\u0161anas ierobe\u017eo\u0161anu. Atsevi\u0161\u0137os gad\u012bjumos jums ir ar\u012b ties\u012bbas piepras\u012bt elektroniski saglab\u0101t\u0101s inform\u0101cijas kopiju.<\/p>\n\n\n\n<p>Lai \u012bstenotu savas ties\u012bbas, varat sazin\u0101ties ar mums pa e-pastu. lietuva@findvit.com Sa\u0146emot J\u016bsu piepras\u012bjumu, saska\u0146\u0101 ar sp\u0113k\u0101 eso\u0161ajiem ties\u012bbu aktiem un profesion\u0101lo praksi dar\u012bsim visu iesp\u0113jamo, lai pal\u012bdz\u0113tu \u012bstenot J\u016bsu ties\u012bbas.<\/p>\n\n\n\n<h2 class=\"wp-block-heading\">Datu dro\u0161\u012bba un integrit\u0101te<\/h2>\n\n\n\n<p>Apstr\u0101d\u0101jot j\u016bsu personas datus, m\u0113s izmantojam organizatoriskus un tehniskos datu aizsardz\u012bbas pas\u0101kumus un proced\u016bras, lai aizsarg\u0101tu j\u016bsu personas datus no nelikum\u012bgas nozaud\u0113\u0161anas, \u013caunpr\u0101t\u012bgas izmanto\u0161anas, p\u0101rveido\u0161anas vai izn\u012bcin\u0101\u0161anas. Neskatoties uz m\u016bsu p\u016bl\u0113m, nav iesp\u0113jams \u0146emt v\u0113r\u0101 visus iesp\u0113jamos draudus un garant\u0113t absol\u016btu personas datu dro\u0161\u012bbu. Lai nodro\u0161in\u0101tu maksim\u0101lu personas datu aizsardz\u012bbu, apstr\u0101d\u0101jot J\u016bsu personas datus, piek\u013cuve datiem ir ierobe\u017eota m\u016bsu darbiniekiem, pamatojoties uz \u201cvajadz\u012bbas zin\u0101t\u201d principu. Datu apstr\u0101d\u0101t\u0101ju pien\u0101kums ir iev\u0113rot stingras personas datu apstr\u0101des pras\u012bbas.<\/p>\n\n\n\n<p>M\u0113s dar\u0101m visu iesp\u0113jamo, lai apstr\u0101d\u0101tu j\u016bsu personas datus tikai:<\/p>\n\n\n\n<ol class=\"wp-block-list\"><li>kam\u0113r \u0161\u012b inform\u0101cija ir nepiecie\u0161ama, lai sniegtu jums pakalpojumus vai sniegtu jums inform\u0101ciju;<\/li><li>l\u012bdz br\u012bdim, kad mums \u0161\u012b inform\u0101cija ir j\u0101saglab\u0101 saska\u0146\u0101 ar ties\u012bbu aktiem vai uz\u0146\u0113m\u0113jdarb\u012bbas nepiecie\u0161am\u012bbai, vai l\u012bdz br\u012bdim, kad piepras\u0101t savu personas datu izn\u012bcin\u0101\u0161anu. Konkr\u0113tais datu glab\u0101\u0161anas termi\u0146\u0161 ir atkar\u012bgs no inform\u0101cijas v\u0101k\u0161anas apst\u0101k\u013ciem un inform\u0101cijas izmanto\u0161anas m\u0113r\u0137iem, ta\u010du, \u0146emot v\u0113r\u0101 augst\u0101k min\u0113t\u0101s I)-III) pras\u012bbas, personas dati netiks glab\u0101ti ilg\u0101k par 2 gadiem.<\/li><\/ol>\n\n\n\n<h2 class=\"wp-block-heading\">Saites uz cit\u0101m t\u012bmek\u013ca lap\u0101m<\/h2>\n\n\n\n<p>L\u016bdzu, \u0146emiet v\u0113r\u0101, ka m\u016bsu vietn\u0113 ir saites uz cit\u0101m t\u012bmek\u013ca vietn\u0113m, tostarp tre\u0161o pu\u0161u p\u0101rvald\u012bt\u0101m vietn\u0113m, uz kur\u0101m neattiecas \u0161\u012b konfidencialit\u0101tes politika un kur\u0101m var b\u016bt b\u016btiski at\u0161\u0137ir\u012bgas priv\u0101tuma politikas. Pirms jebk\u0101das personu identific\u0113jo\u0161as inform\u0101cijas iesnieg\u0161anas iesak\u0101m p\u0101rskat\u012bt katras \u0161\u0101das vietnes priv\u0101tuma politiku.<\/p>\n\n\n\n<h2 class=\"wp-block-heading\">Izmai\u0146as \u0161aj\u0101 politik\u0101<\/h2>\n\n\n\n<p>M\u0113s varam p\u0101rskat\u012bt un atjaunin\u0101t \u0161o Priv\u0101tuma politiku, \u0146emot v\u0113r\u0101 m\u016bsu personas datu aizsardz\u012bbas pas\u0101kumus. Katru reizi, kad m\u0113s atjaunin\u0101sim Priv\u0101tuma politiku, m\u0113s atjaunin\u0101sim lauku &quot;P\u0113d\u0113jo reizi atjaunin\u0101ts&quot; politikas aug\u0161pus\u0113. J\u016bs tiksiet inform\u0113ts par izmai\u0146\u0101m Priv\u0101tuma politik\u0101, kas attiecas uz jums, izmantojot parastos sazi\u0146as l\u012bdzek\u013cus starp jums un mums.<\/p>\n\n\n\n<h2 class=\"wp-block-heading\">Priv\u0101tuma politikas \u012bsteno\u0161ana<\/h2>\n\n\n\n<p>M\u0113s esam ap\u0146\u0113mu\u0161ies nodro\u0161in\u0101t j\u016bsu personas datu aizsardz\u012bbu. Ja jums ir k\u0101di jaut\u0101jumi vai nov\u0113rojumi saist\u012bb\u0101 ar j\u016bsu personas datu apstr\u0101di, l\u016bdzu, sazinieties ar mums pa e-pastu. Mr. adrese <a href=\"mailto:lietuva@findvit.com\" target=\"_blank\" rel=\"noreferrer noopener\">lietuva@findvit.com<\/a>. \u0160aj\u0101 adres\u0113 varat ar\u012b iesniegt koment\u0101rus par \u0161o Priv\u0101tuma politiku.<\/p>\n\n\n\n<p>P\u0113c J\u016bsu piepras\u012bjuma sa\u0146em\u0161anas apstiprin\u0101sim piepras\u012bjuma sa\u0146em\u0161anu 14 dienu laik\u0101 un cent\u012bsimies sniegt atbildi viena m\u0113ne\u0161a laik\u0101 p\u0113c piepras\u012bjuma sa\u0146em\u0161anas. Ja J\u016bsu piepras\u012bjums ir sare\u017e\u0123\u012bts vai tobr\u012bd esam sa\u0146\u0113mu\u0161i \u013coti lielu piepras\u012bjumu apjomu, p\u0113c J\u016bs par to inform\u0113\u0161anas varam pagarin\u0101t atbildes uz piepras\u012bjumu termi\u0146u l\u012bdz trim m\u0113ne\u0161iem no piepras\u012bjuma sa\u0146em\u0161anas.<\/p>\n\n\n\n<p>Visbeidzot, jums vienm\u0113r ir ties\u012bbas iesniegt s\u016bdz\u012bbu Valsts datu aizsardz\u012bbas inspekcij\u0101 par neatbilsto\u0161u j\u016bsu datu apstr\u0101di.<\/p>","protected":false},"excerpt":{"rendered":"<p>P\u0113d\u0113jo reizi atjaunin\u0101ts 2021-08-01 \u0160\u012b priv\u0101tuma politika (turpm\u0101k - &quot;Priv\u0101tuma politika&quot; vai &quot;Politika&quot;) izskaidro, k\u0101 UAB &quot;Fundatorii&quot; (turpm\u0101k - &quot;Uz\u0146\u0113mums&quot;, &quot;m\u0113s&quot; vai &quot;m\u0113s&quot;) iev\u0101c un...<\/p>","protected":false},"author":1,"featured_media":0,"parent":0,"menu_order":0,"comment_status":"closed","ping_status":"open","template":"","meta":{"_acf_changed":false,"inline_featured_image":false,"footnotes":""},"class_list":["post-3","page","type-page","status-publish","hentry"],"acf":[],"_links":{"self":[{"href":"https:\/\/findvit.com\/lv\/wp-json\/wp\/v2\/pages\/3","targetHints":{"allow":["GET"]}}],"collection":[{"href":"https:\/\/findvit.com\/lv\/wp-json\/wp\/v2\/pages"}],"about":[{"href":"https:\/\/findvit.com\/lv\/wp-json\/wp\/v2\/types\/page"}],"author":[{"embeddable":true,"href":"https:\/\/findvit.com\/lv\/wp-json\/wp\/v2\/users\/1"}],"replies":[{"embeddable":true,"href":"https:\/\/findvit.com\/lv\/wp-json\/wp\/v2\/comments?post=3"}],"version-history":[{"count":1,"href":"https:\/\/findvit.com\/lv\/wp-json\/wp\/v2\/pages\/3\/revisions"}],"predecessor-version":[{"id":7777,"href":"https:\/\/findvit.com\/lv\/wp-json\/wp\/v2\/pages\/3\/revisions\/7777"}],"wp:attachment":[{"href":"https:\/\/findvit.com\/lv\/wp-json\/wp\/v2\/media?parent=3"}],"curies":[{"name":"wp","href":"https:\/\/api.w.org\/{rel}","templated":true}]}}