{"id":10239,"date":"2022-12-01T10:25:37","date_gmt":"2022-12-01T08:25:37","guid":{"rendered":"https:\/\/findvit.com\/?post_type=product&#038;p=10239"},"modified":"2026-02-23T14:26:58","modified_gmt":"2026-02-23T12:26:58","slug":"kiki-health-superfood-supermaistas","status":"publish","type":"product","link":"https:\/\/findvit.com\/lv\/produktas\/kiki-health-superfood-supermaistas\/","title":{"rendered":"KIKI Health Superfood NATURE&#8217;S LIVING &#8211; Supermaistas visaver\u010diai mitybai &#8211; mineralai, vitaminai ir antioksidantai, 20 gr. milteliai"},"content":{"rendered":"<div data-elementor-type=\"product-post\" data-elementor-id=\"10239\" class=\"elementor elementor-10239\" data-elementor-post-type=\"product\">\n\t\t\t\t\t\t<section class=\"elementor-section elementor-top-section elementor-element elementor-element-a8d6ca7 elementor-section-boxed elementor-section-height-default elementor-section-height-default\" data-id=\"a8d6ca7\" data-element_type=\"section\">\n\t\t\t\t\t\t<div class=\"elementor-container elementor-column-gap-default\">\n\t\t\t\t\t<div class=\"elementor-column elementor-col-100 elementor-top-column elementor-element elementor-element-10aaa05\" data-id=\"10aaa05\" data-element_type=\"column\">\n\t\t\t<div class=\"elementor-widget-wrap elementor-element-populated\">\n\t\t\t\t\t\t<div class=\"elementor-element elementor-element-b4933e1 elementor-absolute elementor-hidden-mobile elementor-invisible elementor-widget elementor-widget-image\" data-id=\"b4933e1\" data-element_type=\"widget\" data-settings=\"{&quot;motion_fx_motion_fx_scrolling&quot;:&quot;yes&quot;,&quot;motion_fx_rotateZ_effect&quot;:&quot;yes&quot;,&quot;motion_fx_rotateZ_speed&quot;:{&quot;unit&quot;:&quot;px&quot;,&quot;size&quot;:5,&quot;sizes&quot;:[]},&quot;motion_fx_range&quot;:&quot;viewport&quot;,&quot;_animation&quot;:&quot;fadeIn&quot;,&quot;_position&quot;:&quot;absolute&quot;,&quot;motion_fx_rotateZ_affectedRange&quot;:{&quot;unit&quot;:&quot;%&quot;,&quot;size&quot;:&quot;&quot;,&quot;sizes&quot;:{&quot;start&quot;:0,&quot;end&quot;:100}},&quot;motion_fx_devices&quot;:[&quot;desktop&quot;,&quot;tablet&quot;,&quot;mobile&quot;]}\" data-widget_type=\"image.default\">\n\t\t\t\t<div class=\"elementor-widget-container\">\n\t\t\t\t\t\t\t\t\t\t\t\t\t\t\t<img loading=\"lazy\" decoding=\"async\" width=\"200\" height=\"200\" src=\"https:\/\/findvit.com\/wp-content\/uploads\/2021\/09\/ratukas.svg\" class=\"attachment-full size-full wp-image-1777\" alt=\"Ritenis no anketas l\u012bdz vitam\u012bnam\" \/>\t\t\t\t\t\t\t\t\t\t\t\t\t\t\t<\/div>\n\t\t\t\t<\/div>\n\t\t\t\t\t<\/div>\n\t\t<\/div>\n\t\t\t\t\t<\/div>\n\t\t<\/section>\n\t\t\t\t<section class=\"elementor-section elementor-top-section elementor-element elementor-element-80fa34a elementor-section-boxed elementor-section-height-default elementor-section-height-default\" data-id=\"80fa34a\" data-element_type=\"section\">\n\t\t\t\t\t\t<div class=\"elementor-container elementor-column-gap-no\">\n\t\t\t\t\t<div class=\"elementor-column elementor-col-50 elementor-top-column elementor-element elementor-element-4b27538\" data-id=\"4b27538\" data-element_type=\"column\">\n\t\t\t<div class=\"elementor-widget-wrap elementor-element-populated\">\n\t\t\t\t\t\t<div class=\"elementor-element elementor-element-69614ed elementor-widget elementor-widget-heading\" data-id=\"69614ed\" data-element_type=\"widget\" data-widget_type=\"heading.default\">\n\t\t\t\t<div class=\"elementor-widget-container\">\n\t\t\t\t\t<h2 class=\"elementor-heading-title elementor-size-medium\">KIKI Health Superfood NATURE&#8217;S LIVING &#8211; Supermaistas visaver\u010diai mitybai &#8211; mineralai, vitaminai ir antioksidantai, 20 gr. milteliai<\/h2>\t\t\t\t<\/div>\n\t\t\t\t<\/div>\n\t\t\t\t<div class=\"elementor-element elementor-element-bb51836 elementor-widget elementor-widget-text-editor\" data-id=\"bb51836\" data-element_type=\"widget\" data-widget_type=\"text-editor.default\">\n\t\t\t\t<div class=\"elementor-widget-container\">\n\t\t\t\t\t\t\t\t\t<p><span style=\"font-weight: 400;\">Superfood ir \u0113diens, kas satur daudz t\u0101 <strong>uzturvielas, vitam\u012bni un miner\u0101lvielas,<\/strong> bet<strong> maz kaloriju.\u00a0 <\/strong><\/span><\/p><p><span style=\"font-weight: 400;\">\u0160is Superfood ir organisks mais\u012bjums no <strong>32 auksti spiests<\/strong> sast\u0101vda\u013cas - dabisko vitam\u012bnu un miner\u0101lvielu avots. Dienas norma - <strong>d\u0101rze\u0146u sula, s\u0101rmaini za\u013cie d\u0101rze\u0146i, j\u016brasz\u0101les - Spirul\u012bna un hlorella.<\/strong> <\/span><\/p><p><span style=\"font-weight: 400;\">Ar fermentiem un probiotik\u0101m. \u016aden\u012b <strong>\u0161\u0137\u012bsto\u0161s, maiga gar\u0161a<\/strong> pulveris. Sh<\/span><span style=\"font-weight: 400;\">M\u016bsdienu pasaul\u0113 da\u017ereiz ir gr\u016bti pat\u0113r\u0113t svaigu p\u0101rtiku, aug\u013cus vai d\u0101rze\u0146us ar pietiekami daudz bar\u012bbas vielu. <\/span><\/p><p><span style=\"font-weight: 400;\">\u0160o iemeslu d\u0113\u013c arvien vair\u0101k cilv\u0113ku vis\u0101 pasaul\u0113 piev\u0113r\u0161as superproduktiem. <\/span>T\u0101d\u0113j\u0101di profilaktiski papildinot savu \u0137ermeni.<\/p><p><span style=\"font-weight: 400;\"> <strong>\u00a0Nature&#039;s Living Superfood<\/strong>\u00a0ir izcils <strong>papildin\u0101jums<\/strong> m\u012b\u013c\u0101kie<strong> kokteilis vai sula <\/strong>sav\u0101 ikdienas rut\u012bn\u0101.\u00a0<\/span><\/p><p><span style=\"font-weight: 400;\"> Lieliski <strong>piem\u0113rots apkais\u012b\u0161anai uz sal\u0101tiem<\/strong> vai citus \u0113dienus. Tas ir \u0101rk\u0101rt\u012bgi<strong> smalks, \u0161\u0137\u012bsto\u0161s pulveris. <\/strong>Tas ir iesp\u0113jams<strong> iz\u0161\u0137\u012bdina sul\u0101, \u016bden\u012b vai iecien\u012bt\u0101kaj\u0101 kokteil\u012b.<\/strong><\/span><\/p><p>Izstr\u0101d\u0101ts, lai apmierin\u0101tu ikviena ikdienas uztura vajadz\u012bbas, jo tas ir izgatavots tikai no augu izcelsmes, bag\u0101tin\u0101ts ar dab\u012bgiem produktiem<strong> probiotikas un fermenti.<\/strong><\/p><p>Lai piepild\u012btos<strong>\u00a0 Spirul\u012bna un hlorella. <\/strong><span style=\"font-weight: 400;\">Visas sast\u0101vda\u013cas ir r\u016bp\u012bgi atlas\u012btas un <strong>l\u012bdzsvarot<\/strong> lai nodro\u0161in\u0101tu maksim\u0101lu <strong>uz\u0146em\u0161ana \u0161\u016bnu l\u012bmen\u012b. <\/strong><\/span><\/p><p><strong>Galven\u0101s akt\u012bv\u0101s sast\u0101vda\u013cas:<\/strong><\/p><ul><li style=\"font-weight: 400;\" aria-level=\"1\">J\u016bras a\u013c\u0123es - <strong>Spirul\u012bna un hlorella<\/strong><\/li><li style=\"font-weight: 400;\" aria-level=\"1\">J\u016bras d\u0101rze\u0146i -\u00a0 <strong>j\u016bras k\u0101posti<\/strong><\/li><li style=\"font-weight: 400;\" aria-level=\"1\"><strong>N\u0101tre, pienene, p\u0113ters\u012b\u013ci<\/strong> lapas<\/li><li style=\"font-weight: 400;\" aria-level=\"1\"><strong>K\u0101posti, broko\u013ci<\/strong><\/li><li style=\"font-weight: 400;\" aria-level=\"1\"><strong>Ingvers un dadzis<\/strong> saknes<\/li><li style=\"font-weight: 400;\" aria-level=\"1\"><strong>Lucerna, mie\u017ei, kvie\u0161i, auzu z\u0101le un za\u013cumi<\/strong><\/li><\/ul><p><span style=\"font-weight: 400;\">P\u0113t\u012bjumi ir pier\u0101d\u012bju\u0161i, ka <strong>superprodukti,<\/strong> augsts antioksidantu un flavono\u012bdu saturs pal\u012bdz daudziem.\u00a0<\/span><\/p><p>Tom\u0113r, lai superfoods b\u016btu v\u0113l izdev\u012bg\u0101ks, vesel\u012bgs un sabalans\u0113ts uzturs ir izdev\u012bgs.<\/p><ul><li>\u00a0<\/li><\/ul><p>Bez s\u0101ls, cukura, rauga, <strong>m\u0101ksl\u012bg\u0101s kr\u0101svielas, konservanti, \u0137\u012bmiskie \u0161\u0137\u012bdin\u0101t\u0101ji, m\u0101ksl\u012bg\u0101s piedevas<\/strong> vai jebk\u0101das pildvielas.<br \/>Piem\u0113rots ve\u0123et\u0101rie\u0161iem un veg\u0101niem. Dabisks vesel\u012bbas papildin\u0101jums <strong>bez glut\u0113na un kvie\u0161iem. Bez \u0122MO, bez toks\u012bniem, bez \u0137\u012bmisk\u0101m viel\u0101m.<\/strong> Tum\u0161\u0101 stikla iepakojum\u0101. Pietiek l\u012bdz <strong>60 dienas<\/strong>.<\/p><p>Izm\u0113\u0123iniet bezmaksas testu <strong>&quot;Tava diena<\/strong>, noskaidrot organisma vajadz\u012bbas un ieg\u016bt <strong>personisks<\/strong> ieteikums!<\/p><p><strong>Ra\u017eot\u0101js KIKI HEALTH<\/strong> ir inovat\u012bvs uz\u0146\u0113mums, kas rada tikai vesel\u012bgus produktus, lai koptu skaistumu un stiprin\u0101tu \u0137ermeni. Vi\u0146i tic tikai tam <strong>t\u012br\u0101kaj\u0101m sast\u0101vda\u013c\u0101m ir visefekt\u012bv\u0101k\u0101 iedarb\u012bba<\/strong>.<\/p><p>Visas produktu sast\u0101v\u0101 eso\u0161\u0101s sast\u0101vda\u013cas ir r\u016bp\u012bgi atlas\u012btas un \u0113tiski apstr\u0101d\u0101tas, lai saglab\u0101tu un maksim\u0101li palielin\u0101tu efektivit\u0101ti un ieguvumus, k\u0101 ar\u012b nodro\u0161in\u0101tu perfektu biopieejam\u012bbu.<\/p><p><iframe loading=\"lazy\" title=\"Total Body Cleanse  with KIKI Health&#039;s Nature&#039;s Living Superfood\" width=\"1170\" height=\"658\" src=\"https:\/\/www.youtube.com\/embed\/FXXbtfEYkFg?start=3&feature=oembed&enablejsapi=1&origin=https:\/\/findvit.com\" frameborder=\"0\" allow=\"accelerometer; autoplay; clipboard-write; encrypted-media; gyroscope; picture-in-picture; web-share\" referrerpolicy=\"strict-origin-when-cross-origin\" allowfullscreen><\/iframe><\/p><p><span lang=\"lt\"><strong>KIKI HEALTH sol\u012bjums<\/strong><br \/><\/span><\/p><ul><li><span lang=\"lt\">Augst\u0101k\u0101s kvalit\u0101tes augu izcelsmes organisk\u0101s sast\u0101vda\u013cas<\/span><\/li><li><span lang=\"lt\">\u0112tika, integrit\u0101te un t\u012br\u012bba ra\u017eo\u0161anas proces\u0101<\/span><\/li><li><span lang=\"lt\">Sertific\u0113tas organiskas vai savva\u013cas sast\u0101vda\u013cas<\/span><\/li><li><span lang=\"lt\">Bez kompromisiem ar sint\u0113tisk\u0101m piedev\u0101m, saistviel\u0101m, pildviel\u0101m vai cit\u0101m kait\u012bg\u0101m viel\u0101m.<\/span><\/li><li><span lang=\"lt\">Nesatur \u0122MO, glut\u0113nu, kvie\u0161us.<br \/><\/span><\/li><\/ul><div>Ja neesat p\u0101rliecin\u0101ts, k\u0101di vitam\u012bni vai citi uztura bag\u0101tin\u0101t\u0101ji\u00a0<strong>\u0161obr\u012bd vispiem\u0113rot\u0101kais<\/strong>, veiciet testu\u00a0<a style=\"background-color: #ffffff; color: #25bf4e;\" href=\"https:\/\/findvit.com\/lv\/testas\/\"><strong>&quot;Tava diena&quot;<\/strong><\/a>\u00a0un uzzini\u00a0\u00a0<strong>personisks<\/strong>\u00a0ieteikums!<span style=\"font-size: 15.96px;\"><br \/><\/span><\/div><p id=\"tw-target-text\" class=\"tw-data-text tw-text-large XcVN5d tw-ta\" dir=\"ltr\" data-placeholder=\"Translation\">\u00a0<\/p>\t\t\t\t\t\t\t\t<\/div>\n\t\t\t\t<\/div>\n\t\t\t\t\t<\/div>\n\t\t<\/div>\n\t\t\t\t<div class=\"elementor-column elementor-col-50 elementor-top-column elementor-element elementor-element-ff0fe06\" data-id=\"ff0fe06\" data-element_type=\"column\">\n\t\t\t<div class=\"elementor-widget-wrap elementor-element-populated\">\n\t\t\t\t\t\t<div class=\"elementor-element elementor-element-0b5bb57 elementor-widget elementor-widget-image\" data-id=\"0b5bb57\" data-element_type=\"widget\" data-widget_type=\"image.default\">\n\t\t\t\t<div class=\"elementor-widget-container\">\n\t\t\t\t\t\t\t\t\t\t\t\t\t\t\t<img loading=\"lazy\" decoding=\"async\" width=\"900\" height=\"900\" src=\"https:\/\/findvit.com\/wp-content\/uploads\/2021\/10\/Ko-2-900x900.jpg\" class=\"attachment-large size-large wp-image-2450\" alt=\"vesel\u012bgas \u0113\u0161anas sievietes kol\u0101\u017ea\" srcset=\"https:\/\/findvit.com\/wp-content\/uploads\/2021\/10\/Ko-2-900x900.jpg 900w, https:\/\/findvit.com\/wp-content\/uploads\/2021\/10\/Ko-2-600x600.jpg 600w, https:\/\/findvit.com\/wp-content\/uploads\/2021\/10\/Ko-2-150x150.jpg 150w, https:\/\/findvit.com\/wp-content\/uploads\/2021\/10\/Ko-2-768x768.jpg 768w, https:\/\/findvit.com\/wp-content\/uploads\/2021\/10\/Ko-2-1x1.jpg 1w, https:\/\/findvit.com\/wp-content\/uploads\/2021\/10\/Ko-2-10x10.jpg 10w, https:\/\/findvit.com\/wp-content\/uploads\/2021\/10\/Ko-2-100x100.jpg 100w, https:\/\/findvit.com\/wp-content\/uploads\/2021\/10\/Ko-2.jpg 1000w\" sizes=\"auto, (max-width: 900px) 100vw, 900px\" \/>\t\t\t\t\t\t\t\t\t\t\t\t\t\t\t<\/div>\n\t\t\t\t<\/div>\n\t\t\t\t\t<\/div>\n\t\t<\/div>\n\t\t\t\t\t<\/div>\n\t\t<\/section>\n\t\t\t\t<\/div>","protected":false},"excerpt":{"rendered":"<p>Superfood vesel\u012bgam uzturam no Kiki Health - vitam\u012bni, miner\u0101lvielas un antioksidanti vesel\u012bbai<strong>.Superfood papildina ikdienas uzturu ar v\u0113rt\u012bgiem vitam\u012bniem un miner\u0101lviel\u0101m, kas pal\u012bdz uztur\u0113t ener\u0123iju, uzlabo gremo\u0161anu un kognit\u012bv\u0101s funkcijas.  Super\u0113diens <\/strong>Aukst\u0101 veid\u0101 tiek apstr\u0101d\u0101ti pat 32 aug\u013ci, ogas un d\u0101rze\u0146i. Ar j\u016bras a\u013c\u0123\u0113m Spirulina un Chlorele, Br\u016bna\u013c\u0123es - dabiskie detoksik\u0101cijas l\u012bdzek\u013ci un joda avoti. Bag\u0101tin\u0101ts ar enz\u012bmiem un probiotik\u0101m. Ieteicams, ja j\u016bs ne\u0113dat brokastis - j\u0101, j\u016bs \u0113dat <strong>j\u016bs nodro\u0161in\u0101siet<\/strong> v\u0113rt\u012bgas uzturvielas. 100 procenti videi draudz\u012bguma, t\u012br\u012bbas un t\u012br\u012bbas garantija. M\u012bksts \u0161\u0137\u012bsto\u0161s pulveris. \u0112rti lietojams \u2013 0,5 t\u0113jkarotes gl\u0101z\u0113 silta \u016bdens vai j\u016bsu iecien\u012bt\u0101k\u0101 koktei\u013ca. Dro\u0161s tum\u0161\u0101 stikla iepakojums.<\/p>","protected":false},"featured_media":23285,"comment_status":"open","ping_status":"closed","template":"","meta":{"_acf_changed":false,"inline_featured_image":false},"etheme_brands":[{"term_id":28,"name":"Kiki Health","slug":"kiki-health","term_group":0,"term_taxonomy_id":28,"taxonomy":"brand","description":"<h2><a href=\"https:\/\/kiki-health.com\/about-us\/\" target=\"_blank\" rel=\"noopener\"><strong>KIKI Health<\/strong><\/a><\/h2>\r\nKIKI yra prek\u0117s \u017eenklas, kuriantis novatori\u0161kus maisto papildus.\r\n\r\nKIKI yra pripa\u017eintas ir gerbiamas, kaip sveikos gyvensenos produkt\u0173 ir individualumo bei meistri\u0161kumo standartas.\r\n\r\nKIKI gim\u0117 i\u0161 noro skatinti optimali\u0105 sveikat\u0105 ir gerov\u0119, m\u016bs\u0173 tikslas ir aistra yra \u012fsigyti auk\u0161\u010diausios kokyb\u0117s, grynumo produktus i\u0161 viso pasaulio, kurie pad\u0117t\u0173 gro\u017eiui ir sveikatai.\r\n\r\nNuo pat prad\u017ei\u0173 ir iki \u0161iol KIKI Health niekada nedaro kompromis\u0173 ir nededa pried\u0173 bei naudoja prastesni\u0173 ingredient\u0173 - tik nat\u016bralios 100% veikliosios med\u017eiagos.\r\n\r\nhttps:\/\/youtu.be\/irT0ZUOzBac?t=45\r\n<h3><strong>Nat\u016braliai turtingi <\/strong><strong>vitaminais, mineralais ir b\u016btinomis\u00a0 veikliosiomis med\u017eiagomis<\/strong><\/h3>\r\nDaugelis \"KIKI Health\" produkt\u0173 turintys augalini\u0173 ir maistini\u0173 med\u017eiag\u0173\u00a0 yra sertifikuoti, kaip ekologi\u0161ki.\r\n\r\nI\u0161naudodami stiprias augalin\u0117s kilm\u0117s, nat\u016brali\u0173 ingredient\u0173 galias, kupinas esmini\u0173 augal\u0173 veikli\u0173j\u0173 med\u017eiag\u0173, vitamin\u0173 ir mineral\u0173, kad suteikt\u0173 smegenims, odai ir k\u016bnui neprilygstam\u0105 pagalb\u0105.\r\n\r\nKIKI Health tikslas yra u\u017etikrinti, kad mi\u0161iniuose neb\u016bt\u0173 sintetikos, konservant\u0173, u\u017epild\u0173 ir ri\u0161ikli\u0173, u\u017etikrinant, kad ir toliau gamint\u0173 veiksmingus, \u0161varius ir saugius papildus.\r\n\r\nPagaminta Jungtin\u0117je Karalyst\u0117je i\u0161 \u0161vari\u0173 ir tvari\u0173 ingredient\u0173.\r\n<h3><strong>Atsakingumas<\/strong><\/h3>\r\nU\u017etikrindami, kad produktai b\u016bt\u0173 atsakingai u\u017eauginti, ne tik r\u016bpinamasi aplinka, bet ir garantuojama produkto kokyb\u0119. KIKI Healt specialistai keliauja po pasaul\u012f ie\u0161kodami ekologi\u0161k\u0173, eti\u0161kai gaut\u0173 ingredient\u0173, pasi\u017eymin\u010di\u0173 geresne maistine verte, kartu pad\u0117dami vietos bendruomen\u0117ms klest\u0117ti. Maisto gamybos b\u016bdas yra labai svarbus daugeliui vartotoj\u0173, ir tai kelia susir\u016bpinim\u0105, kur\u012f mes dalijam\u0117s.\r\n<h3><strong>Minimalus apdorojimas<\/strong><\/h3>\r\nNor\u0117dami pasiekti optimal\u0173 biologin\u012f prieinamum\u0105, stengiamasi, kad ingredientai b\u016bt\u0173 kuo ar\u010diau j\u0173 nat\u016bralios b\u016bkl\u0117s. Laikomasi minimalaus perdirbimo ir kontroliuojama temperat\u016bros, i\u0161kart po derliaus nu\u0117mimo, kad b\u016bt\u0173 i\u0161laikoma visa nauda sveikatai ir gyvybi\u0161kai svarbios maistin\u0117s med\u017eiagos.\r\n\r\n<strong>Produktuose n\u0117ra<\/strong>: sintetikos, dirbtini\u0173 da\u017eikli\u0173 ir kvapi\u0173j\u0173 med\u017eiag\u0173, u\u017epild\u0173, ri\u0161ikli\u0173, dengimo med\u017eiag\u0173, lipnum\u0105 reguliuojan\u010di\u0173 med\u017eiag\u0173, cukr\u0173, glitimo, GMO, laktoz\u0117s, konservant\u0173, pagalbini\u0173 med\u017eiag\u0173.\r\n\r\nVisi ingredientai ir galutiniai produktai yra reguliariai tikrinami tre\u010diosios \u0161alies laboratorijoje. U\u017etikrinama, kad kiekviena partija b\u016bt\u0173 i\u0161bandyta d\u0117l sunki\u0173j\u0173 metal\u0173, mikroorganizm\u0173 ir pesticid\u0173 laikantis grie\u017et\u0173 kokyb\u0117s kontrol\u0117s s\u0105lyg\u0173, o rezultatai atitikt\u0173 ES ir JK ribinius reglamentus, \u012fskaitant ekologinio \u016bkininkavimo standartus.","parent":0,"count":28,"filter":"raw"}],"product_brand":[],"product_cat":[646,653,15],"product_tag":[660],"class_list":{"0":"post-10239","1":"product","2":"type-product","3":"status-publish","4":"has-post-thumbnail","6":"brand-kiki-health","7":"product_cat-papildai-moterims","8":"product_cat-papildai-detoksikacijai","9":"product_cat-produktai","10":"product_tag-esminiai-vitaminai-moterims","12":"first","13":"instock","14":"taxable","15":"shipping-taxable","16":"purchasable","17":"product-type-simple"},"acf":[],"_links":{"self":[{"href":"https:\/\/findvit.com\/lv\/wp-json\/wp\/v2\/product\/10239","targetHints":{"allow":["GET"]}}],"collection":[{"href":"https:\/\/findvit.com\/lv\/wp-json\/wp\/v2\/product"}],"about":[{"href":"https:\/\/findvit.com\/lv\/wp-json\/wp\/v2\/types\/product"}],"replies":[{"embeddable":true,"href":"https:\/\/findvit.com\/lv\/wp-json\/wp\/v2\/comments?post=10239"}],"version-history":[{"count":16,"href":"https:\/\/findvit.com\/lv\/wp-json\/wp\/v2\/product\/10239\/revisions"}],"predecessor-version":[{"id":21256,"href":"https:\/\/findvit.com\/lv\/wp-json\/wp\/v2\/product\/10239\/revisions\/21256"}],"wp:featuredmedia":[{"embeddable":true,"href":"https:\/\/findvit.com\/lv\/wp-json\/wp\/v2\/media\/23285"}],"wp:attachment":[{"href":"https:\/\/findvit.com\/lv\/wp-json\/wp\/v2\/media?parent=10239"}],"wp:term":[{"taxonomy":"brand","embeddable":true,"href":"https:\/\/findvit.com\/lv\/wp-json\/wp\/v2\/etheme_brands?post=10239"},{"taxonomy":"product_brand","embeddable":true,"href":"https:\/\/findvit.com\/lv\/wp-json\/wp\/v2\/product_brand?post=10239"},{"taxonomy":"product_cat","embeddable":true,"href":"https:\/\/findvit.com\/lv\/wp-json\/wp\/v2\/product_cat?post=10239"},{"taxonomy":"product_tag","embeddable":true,"href":"https:\/\/findvit.com\/lv\/wp-json\/wp\/v2\/product_tag?post=10239"}],"curies":[{"name":"wp","href":"https:\/\/api.w.org\/{rel}","templated":true}]}}