{"id":10242,"date":"2022-12-01T10:36:37","date_gmt":"2022-12-01T08:36:37","guid":{"rendered":"https:\/\/findvit.com\/?post_type=product&#038;p=10242"},"modified":"2024-12-17T17:42:03","modified_gmt":"2024-12-17T15:42:03","slug":"trace-minerals-juros-mineralu-kompleksas-90-kapsuliu","status":"publish","type":"product","link":"https:\/\/findvit.com\/lv\/produktas\/trace-minerals-juros-mineralu-kompleksas-90-kapsuliu\/","title":{"rendered":"Trace Minerals Jonu j\u016bras miner\u0101li, 90 kapsulas"},"content":{"rendered":"<div data-elementor-type=\"product-post\" data-elementor-id=\"10242\" class=\"elementor elementor-10242\" data-elementor-post-type=\"product\">\n\t\t\t\t\t\t<section class=\"elementor-section elementor-top-section elementor-element elementor-element-44d1306 elementor-section-boxed elementor-section-height-default elementor-section-height-default\" data-id=\"44d1306\" data-element_type=\"section\">\n\t\t\t\t\t\t<div class=\"elementor-container elementor-column-gap-default\">\n\t\t\t\t\t<div class=\"elementor-column elementor-col-100 elementor-top-column elementor-element elementor-element-1d92f68\" data-id=\"1d92f68\" data-element_type=\"column\">\n\t\t\t<div class=\"elementor-widget-wrap elementor-element-populated\">\n\t\t\t\t\t\t<div class=\"elementor-element elementor-element-ae2133e elementor-absolute elementor-hidden-mobile elementor-invisible elementor-widget elementor-widget-image\" data-id=\"ae2133e\" data-element_type=\"widget\" data-settings=\"{&quot;motion_fx_motion_fx_scrolling&quot;:&quot;yes&quot;,&quot;motion_fx_rotateZ_effect&quot;:&quot;yes&quot;,&quot;motion_fx_rotateZ_speed&quot;:{&quot;unit&quot;:&quot;px&quot;,&quot;size&quot;:5,&quot;sizes&quot;:[]},&quot;motion_fx_range&quot;:&quot;viewport&quot;,&quot;_animation&quot;:&quot;fadeIn&quot;,&quot;_position&quot;:&quot;absolute&quot;,&quot;motion_fx_rotateZ_affectedRange&quot;:{&quot;unit&quot;:&quot;%&quot;,&quot;size&quot;:&quot;&quot;,&quot;sizes&quot;:{&quot;start&quot;:0,&quot;end&quot;:100}},&quot;motion_fx_devices&quot;:[&quot;desktop&quot;,&quot;tablet&quot;,&quot;mobile&quot;]}\" data-widget_type=\"image.default\">\n\t\t\t\t<div class=\"elementor-widget-container\">\n\t\t\t\t\t\t\t\t\t\t\t\t\t\t\t<img loading=\"lazy\" decoding=\"async\" width=\"200\" height=\"200\" src=\"https:\/\/findvit.com\/wp-content\/uploads\/2021\/09\/ratukas.svg\" class=\"attachment-full size-full wp-image-1777\" alt=\"Ritenis no anketas l\u012bdz vitam\u012bnam\" \/>\t\t\t\t\t\t\t\t\t\t\t\t\t\t\t<\/div>\n\t\t\t\t<\/div>\n\t\t\t\t\t<\/div>\n\t\t<\/div>\n\t\t\t\t\t<\/div>\n\t\t<\/section>\n\t\t\t\t<section class=\"elementor-section elementor-top-section elementor-element elementor-element-6410fe1 elementor-section-boxed elementor-section-height-default elementor-section-height-default\" data-id=\"6410fe1\" data-element_type=\"section\">\n\t\t\t\t\t\t<div class=\"elementor-container elementor-column-gap-no\">\n\t\t\t\t\t<div class=\"elementor-column elementor-col-50 elementor-top-column elementor-element elementor-element-21077b0\" data-id=\"21077b0\" data-element_type=\"column\">\n\t\t\t<div class=\"elementor-widget-wrap elementor-element-populated\">\n\t\t\t\t\t\t<div class=\"elementor-element elementor-element-6e79c25 elementor-widget elementor-widget-heading\" data-id=\"6e79c25\" data-element_type=\"widget\" data-widget_type=\"heading.default\">\n\t\t\t\t<div class=\"elementor-widget-container\">\n\t\t\t\t\t<h3 class=\"elementor-heading-title elementor-size-default\">Trace Minerals Jonu j\u016bras miner\u0101li, 90 kapsulas<\/h3>\t\t\t\t<\/div>\n\t\t\t\t<\/div>\n\t\t\t\t<div class=\"elementor-element elementor-element-03f2329 elementor-widget elementor-widget-text-editor\" data-id=\"03f2329\" data-element_type=\"widget\" data-widget_type=\"text-editor.default\">\n\t\t\t\t<div class=\"elementor-widget-container\">\n\t\t\t\t\t\t\t\t\t<p><strong>Koncentr\u0113ts miner\u0101lvielu un akt\u012bvo vielu komplekss. <\/strong>Bag\u0101tin\u0101ts ar Concentrace\u00ae 72 jonu j\u016bras miner\u0101lu kompleksu.<strong> Lucerna magnij\u0101, jod\u0101 un mellen\u0113s. <\/strong>\u00a0<strong>Nodro\u0161ina<\/strong> visnepiecie\u0161am\u0101kais <strong>miner\u0101lvielas<\/strong>, atjauno\u00a0 <strong>elektrol\u012btu l\u012bdzsvars<\/strong>.<br \/>Tie, kas ir sast\u0101v\u0101 <strong>miner\u0101lvielas<\/strong> pal\u012bdz samazin\u0101t un uztur\u0113t norm\u0101lu:<\/p><h5><strong>Samazina nogurumu un nesp\u0113ku *Ener\u0123ijas vielmai\u0146a *Olbaltumvielu sint\u0113ze *Elektrol\u012btu l\u012bdzsvars *Musku\u013cu funkcija *Kaulu st\u0101voklis *Gremo\u0161anas funkcija *Nervu sist\u0113mas darb\u012bba<\/strong><\/h5><p><b>Jonu miner\u0101li <\/b>ir dabas rad\u012bti, t\u0101pat k\u0101 tie, kas atrodami p\u0101rtik\u0101 <strong>mikroelementi<\/strong>. \u0160o biolo\u0123iski akt\u012bvo, \u016bden\u012b \u0161\u0137\u012bsto\u0161o miner\u0101lu veido\u0161an\u0101s prasa vair\u0101kus gadus.\u00a0 <strong>ConcenTrace<\/strong> materi\u0101ls tiek ieg\u016bts no Liel\u0101 S\u0101lsezera. \u0160is ezers ir pies\u0101tin\u0101ts ar miner\u0101liem, kas \u0161eit uzkr\u0101ju\u0161ies t\u016bksto\u0161iem gadu. \u0160is materi\u0101ls paliek apm <strong>72 da\u017e\u0101di miner\u0101li jonu form\u0101.<\/strong> Sakar\u0101 ar miner\u0101lvielu jonu formu nokr\u012bt <strong>tie\u0161i \u0137erme\u0146a \u0161\u016bn\u0101s. Pietiek no 30 l\u012bdz 90 dien\u0101m.<\/strong><\/p><p>K\u0101 <strong>uzzini<\/strong> k\u0101di vitam\u012bni, miner\u0101lvielas vai citas piedevas <strong>\u0161obr\u012bd vispiem\u0113rot\u0101kais<\/strong>?  Izm\u0113\u0123iniet bezmaksas testu <a href=\"https:\/\/findvit.com\/lv\/testas\/\"><strong>&quot;Tava diena&quot;<\/strong><\/a>, noskaidro organisma vajadz\u012bbas un sa\u0146em person\u012bgu ieteikumu!<\/p>\t\t\t\t\t\t\t\t<\/div>\n\t\t\t\t<\/div>\n\t\t\t\t\t<\/div>\n\t\t<\/div>\n\t\t\t\t<div class=\"elementor-column elementor-col-50 elementor-top-column elementor-element elementor-element-cb5f0b4\" data-id=\"cb5f0b4\" data-element_type=\"column\">\n\t\t\t<div class=\"elementor-widget-wrap elementor-element-populated\">\n\t\t\t\t\t\t<div class=\"elementor-element elementor-element-2a7bb1c elementor-widget elementor-widget-image\" data-id=\"2a7bb1c\" data-element_type=\"widget\" data-widget_type=\"image.default\">\n\t\t\t\t<div class=\"elementor-widget-container\">\n\t\t\t\t\t\t\t\t\t\t\t\t\t\t\t<img loading=\"lazy\" decoding=\"async\" width=\"900\" height=\"900\" src=\"https:\/\/findvit.com\/wp-content\/uploads\/2021\/10\/Ko-8-900x900.jpg\" class=\"attachment-large size-large wp-image-2487\" alt=\"Laim\u012bga un sp\u0113c\u012bga sieviete\" srcset=\"https:\/\/findvit.com\/wp-content\/uploads\/2021\/10\/Ko-8-900x900.jpg 900w, https:\/\/findvit.com\/wp-content\/uploads\/2021\/10\/Ko-8-600x600.jpg 600w, https:\/\/findvit.com\/wp-content\/uploads\/2021\/10\/Ko-8-150x150.jpg 150w, https:\/\/findvit.com\/wp-content\/uploads\/2021\/10\/Ko-8-768x768.jpg 768w, https:\/\/findvit.com\/wp-content\/uploads\/2021\/10\/Ko-8-1x1.jpg 1w, https:\/\/findvit.com\/wp-content\/uploads\/2021\/10\/Ko-8-10x10.jpg 10w, https:\/\/findvit.com\/wp-content\/uploads\/2021\/10\/Ko-8-100x100.jpg 100w, https:\/\/findvit.com\/wp-content\/uploads\/2021\/10\/Ko-8.jpg 1000w\" sizes=\"auto, (max-width: 900px) 100vw, 900px\" \/>\t\t\t\t\t\t\t\t\t\t\t\t\t\t\t<\/div>\n\t\t\t\t<\/div>\n\t\t\t\t\t<\/div>\n\t\t<\/div>\n\t\t\t\t\t<\/div>\n\t\t<\/section>\n\t\t\t\t<\/div>","protected":false},"excerpt":{"rendered":"<p>Svar\u012bg\u0101k\u0101s miner\u0101lvielas elektrol\u012btu l\u012bdzsvaram. Uzlabo vitam\u012bnu uzs\u016bk\u0161anos. Regul\u0113 \u0137erme\u0146a mitrumu, uztur pH l\u012bdzsvaru. Ieteicams lietot sporta laik\u0101, Keto uztura l\u012bdzsvaram. 100 % dab\u012bgs un koncentr\u0113ts. Der\u012bgs l\u012bdz 30.06.2023<\/p>","protected":false},"featured_media":10243,"comment_status":"open","ping_status":"closed","template":"","meta":{"_acf_changed":false,"inline_featured_image":false},"etheme_brands":[],"product_brand":[],"product_cat":[64,63],"product_tag":[88,125,99,100],"class_list":{"0":"post-10242","1":"product","2":"type-product","3":"status-publish","4":"has-post-thumbnail","6":"product_cat-elektrolitai","7":"product_cat-mineralai","8":"product_tag-aktyviai-organizmo-apykaitai","9":"product_tag-energijai","10":"product_tag-lankstumui-ir-dregmes-balansui","11":"product_tag-ph-balansui","13":"first","14":"outofstock","15":"taxable","16":"shipping-taxable","17":"purchasable","18":"product-type-simple"},"acf":[],"_links":{"self":[{"href":"https:\/\/findvit.com\/lv\/wp-json\/wp\/v2\/product\/10242","targetHints":{"allow":["GET"]}}],"collection":[{"href":"https:\/\/findvit.com\/lv\/wp-json\/wp\/v2\/product"}],"about":[{"href":"https:\/\/findvit.com\/lv\/wp-json\/wp\/v2\/types\/product"}],"replies":[{"embeddable":true,"href":"https:\/\/findvit.com\/lv\/wp-json\/wp\/v2\/comments?post=10242"}],"version-history":[{"count":4,"href":"https:\/\/findvit.com\/lv\/wp-json\/wp\/v2\/product\/10242\/revisions"}],"predecessor-version":[{"id":12664,"href":"https:\/\/findvit.com\/lv\/wp-json\/wp\/v2\/product\/10242\/revisions\/12664"}],"wp:featuredmedia":[{"embeddable":true,"href":"https:\/\/findvit.com\/lv\/wp-json\/wp\/v2\/media\/10243"}],"wp:attachment":[{"href":"https:\/\/findvit.com\/lv\/wp-json\/wp\/v2\/media?parent=10242"}],"wp:term":[{"taxonomy":"brand","embeddable":true,"href":"https:\/\/findvit.com\/lv\/wp-json\/wp\/v2\/etheme_brands?post=10242"},{"taxonomy":"product_brand","embeddable":true,"href":"https:\/\/findvit.com\/lv\/wp-json\/wp\/v2\/product_brand?post=10242"},{"taxonomy":"product_cat","embeddable":true,"href":"https:\/\/findvit.com\/lv\/wp-json\/wp\/v2\/product_cat?post=10242"},{"taxonomy":"product_tag","embeddable":true,"href":"https:\/\/findvit.com\/lv\/wp-json\/wp\/v2\/product_tag?post=10242"}],"curies":[{"name":"wp","href":"https:\/\/api.w.org\/{rel}","templated":true}]}}