{"id":1137,"date":"2021-10-08T14:24:56","date_gmt":"2021-10-08T11:24:56","guid":{"rendered":"https:\/\/findvit.com\/?post_type=product&#038;p=1137"},"modified":"2026-02-09T16:36:29","modified_gmt":"2026-02-09T14:36:29","slug":"elektrolitai-is-72-joniniu-juros-mineralu-electrolyte-stamina","status":"publish","type":"product","link":"https:\/\/findvit.com\/lv\/produktas\/elektrolitai-is-72-joniniu-juros-mineralu-electrolyte-stamina\/","title":{"rendered":"Trace Minerals Electrolyte Stamina &#8211; Elektrolit\u0173 ir mineral\u0173 kompleksas , 90 table\u010di\u0173"},"content":{"rendered":"<div data-elementor-type=\"product-post\" data-elementor-id=\"1137\" class=\"elementor elementor-1137\" data-elementor-post-type=\"product\">\n\t\t\t\t\t\t<section class=\"elementor-section elementor-top-section elementor-element elementor-element-b90a713 elementor-section-boxed elementor-section-height-default elementor-section-height-default\" data-id=\"b90a713\" data-element_type=\"section\">\n\t\t\t\t\t\t<div class=\"elementor-container elementor-column-gap-default\">\n\t\t\t\t\t<div class=\"elementor-column elementor-col-100 elementor-top-column elementor-element elementor-element-f000bff\" data-id=\"f000bff\" data-element_type=\"column\">\n\t\t\t<div class=\"elementor-widget-wrap elementor-element-populated\">\n\t\t\t\t\t\t<div class=\"elementor-element elementor-element-8e037b8 elementor-absolute elementor-hidden-mobile elementor-invisible elementor-widget elementor-widget-image\" data-id=\"8e037b8\" data-element_type=\"widget\" data-settings=\"{&quot;motion_fx_motion_fx_scrolling&quot;:&quot;yes&quot;,&quot;motion_fx_rotateZ_effect&quot;:&quot;yes&quot;,&quot;motion_fx_rotateZ_speed&quot;:{&quot;unit&quot;:&quot;px&quot;,&quot;size&quot;:5,&quot;sizes&quot;:[]},&quot;motion_fx_range&quot;:&quot;viewport&quot;,&quot;_animation&quot;:&quot;fadeIn&quot;,&quot;_position&quot;:&quot;absolute&quot;,&quot;motion_fx_rotateZ_affectedRange&quot;:{&quot;unit&quot;:&quot;%&quot;,&quot;size&quot;:&quot;&quot;,&quot;sizes&quot;:{&quot;start&quot;:0,&quot;end&quot;:100}},&quot;motion_fx_devices&quot;:[&quot;desktop&quot;,&quot;tablet&quot;,&quot;mobile&quot;]}\" data-widget_type=\"image.default\">\n\t\t\t\t<div class=\"elementor-widget-container\">\n\t\t\t\t\t\t\t\t\t\t\t\t\t\t\t<img loading=\"lazy\" decoding=\"async\" width=\"200\" height=\"200\" src=\"https:\/\/findvit.com\/wp-content\/uploads\/2021\/09\/ratukas.svg\" class=\"attachment-full size-full wp-image-1777\" alt=\"Ritenis no anketas l\u012bdz vitam\u012bnam\" \/>\t\t\t\t\t\t\t\t\t\t\t\t\t\t\t<\/div>\n\t\t\t\t<\/div>\n\t\t\t\t\t<\/div>\n\t\t<\/div>\n\t\t\t\t\t<\/div>\n\t\t<\/section>\n\t\t\t\t<section class=\"elementor-section elementor-top-section elementor-element elementor-element-75b00f1 elementor-section-boxed elementor-section-height-default elementor-section-height-default\" data-id=\"75b00f1\" data-element_type=\"section\">\n\t\t\t\t\t\t<div class=\"elementor-container elementor-column-gap-no\">\n\t\t\t\t\t<div class=\"elementor-column elementor-col-50 elementor-top-column elementor-element elementor-element-421c9ce\" data-id=\"421c9ce\" data-element_type=\"column\">\n\t\t\t<div class=\"elementor-widget-wrap elementor-element-populated\">\n\t\t\t\t\t\t<div class=\"elementor-element elementor-element-17f06a4 elementor-widget elementor-widget-heading\" data-id=\"17f06a4\" data-element_type=\"widget\" data-widget_type=\"heading.default\">\n\t\t\t\t<div class=\"elementor-widget-container\">\n\t\t\t\t\t<h2 class=\"elementor-heading-title elementor-size-medium\">Trace Minerals Electrolyte Stamina &#8211; Elektrolit\u0173 ir mineral\u0173 kompleksas , 90 table\u010di\u0173<\/h2>\t\t\t\t<\/div>\n\t\t\t\t<\/div>\n\t\t\t\t<div class=\"elementor-element elementor-element-dded691 elementor-widget elementor-widget-text-editor\" data-id=\"dded691\" data-element_type=\"widget\" data-widget_type=\"text-editor.default\">\n\t\t\t\t<div class=\"elementor-widget-container\">\n\t\t\t\t\t\t\t\t\t<p><strong>\u00a0Elektrol\u012btu komplekss ar magniju, k\u0101liju, taur\u012bnu, jodu un vitam\u012bnu B6. <\/strong>Bag\u0101tin\u0101ts ar Concentrace\u00ae 72 jonu j\u016bras miner\u0101lu kompleksu. L\u012bdzsvarots<strong> sportam un akt\u012bv\u0101m aktivit\u0101t\u0113m.<\/strong>\u00a0 \u0160\u012bs <strong>Elektrol\u012bti<\/strong> \u013coti svar\u012bgi\u00a0 <strong>sportisti, fiziski akt\u012bvi<\/strong> cilv\u0113ku uzturam.\u00a0 <strong>Nodro\u0161ina<\/strong> visnepiecie\u0161am\u0101kais <strong>miner\u0101lvielas<\/strong>, atjaunojot\u00a0 <strong>elektrol\u012btu l\u012bdzsvars<\/strong>.<br \/>Tie, kas ir sast\u0101v\u0101 <strong>miner\u0101lvielas<\/strong> pal\u012bdz samazin\u0101t un uztur\u0113t norm\u0101lu:<\/p><h5><strong>Samazina nogurumu un nesp\u0113ku *Ener\u0123ijas vielmai\u0146a *Olbaltumvielu sint\u0113ze *Elektrol\u012btu l\u012bdzsvars *Musku\u013cu funkcija *Kaulu st\u0101voklis *Gremo\u0161anas funkcija *Nervu sist\u0113mas darb\u012bba<\/strong><\/h5><p><b>Jonu miner\u0101li <\/b>ir dabas rad\u012bti, t\u0101pat k\u0101 tie, kas atrodami p\u0101rtik\u0101 <strong>mikroelementi<\/strong>. \u0160o biolo\u0123iski akt\u012bvo, \u016bden\u012b \u0161\u0137\u012bsto\u0161o miner\u0101lu veido\u0161an\u0101s prasa vair\u0101kus gadus.\u00a0 <strong>ConcenTrace<\/strong> materi\u0101ls tiek ieg\u016bts no Liel\u0101 S\u0101lsezera. \u0160is ezers ir pies\u0101tin\u0101ts ar miner\u0101liem, kas \u0161eit uzkr\u0101ju\u0161ies t\u016bksto\u0161iem gadu. \u0160is materi\u0101ls paliek apm <strong>72 da\u017e\u0101di miner\u0101li jonu form\u0101.<\/strong> Sakar\u0101 ar miner\u0101lvielu jonu formu nokr\u012bt <strong>tie\u0161i \u0137erme\u0146a \u0161\u016bn\u0101s.\u00a0<\/strong><\/p><p>K\u0101 <strong>uzzini<\/strong> k\u0101di vitam\u012bni, miner\u0101lvielas vai citas piedevas <strong>\u0161obr\u012bd vispiem\u0113rot\u0101kais<\/strong>? Izm\u0113\u0123iniet bezmaksas testu <a href=\"https:\/\/findvit.com\/lv\/testas\/\"><strong>&quot;Tava diena&quot;<\/strong><\/a>, noskaidrot organisma vajadz\u012bbas un ieg\u016bt <strong>personisks<\/strong> ieteikums!<\/p>\t\t\t\t\t\t\t\t<\/div>\n\t\t\t\t<\/div>\n\t\t\t\t\t<\/div>\n\t\t<\/div>\n\t\t\t\t<div class=\"elementor-column elementor-col-50 elementor-top-column elementor-element elementor-element-dfb2062\" data-id=\"dfb2062\" data-element_type=\"column\">\n\t\t\t<div class=\"elementor-widget-wrap elementor-element-populated\">\n\t\t\t\t\t\t<div class=\"elementor-element elementor-element-9034b32 elementor-widget elementor-widget-image\" data-id=\"9034b32\" data-element_type=\"widget\" data-widget_type=\"image.default\">\n\t\t\t\t<div class=\"elementor-widget-container\">\n\t\t\t\t\t\t\t\t\t\t\t\t\t\t\t<img loading=\"lazy\" decoding=\"async\" width=\"900\" height=\"900\" src=\"https:\/\/findvit.com\/wp-content\/uploads\/2021\/10\/koliazai-18-900x900.jpg\" class=\"attachment-large size-large wp-image-3819\" alt=\"kol\u0101\u017ea, V\u012brietis sporto, sp\u0113ka vingrin\u0101jumus\" srcset=\"https:\/\/findvit.com\/wp-content\/uploads\/2021\/10\/koliazai-18-900x900.jpg 900w, https:\/\/findvit.com\/wp-content\/uploads\/2021\/10\/koliazai-18-600x600.jpg 600w, https:\/\/findvit.com\/wp-content\/uploads\/2021\/10\/koliazai-18-150x150.jpg 150w, https:\/\/findvit.com\/wp-content\/uploads\/2021\/10\/koliazai-18-768x768.jpg 768w, https:\/\/findvit.com\/wp-content\/uploads\/2021\/10\/koliazai-18-1x1.jpg 1w, https:\/\/findvit.com\/wp-content\/uploads\/2021\/10\/koliazai-18-10x10.jpg 10w, https:\/\/findvit.com\/wp-content\/uploads\/2021\/10\/koliazai-18-100x100.jpg 100w, https:\/\/findvit.com\/wp-content\/uploads\/2021\/10\/koliazai-18-e1637411983131.jpg 1001w\" sizes=\"auto, (max-width: 900px) 100vw, 900px\" \/>\t\t\t\t\t\t\t\t\t\t\t\t\t\t\t<\/div>\n\t\t\t\t<\/div>\n\t\t\t\t\t<\/div>\n\t\t<\/div>\n\t\t\t\t\t<\/div>\n\t\t<\/section>\n\t\t\t\t<\/div>","protected":false},"excerpt":{"rendered":"<p>Elektrol\u012bti Keto di\u0113tai. Pal\u012bdz ar &quot;keto gripu&quot;. Papildina Keto di\u0113tu ar nepiecie\u0161amajiem elektrol\u012btiem. Lai saglab\u0101tu iztur\u012bbu un ener\u0123iju. Tiem, kam ir fiziskas slodzes, sporta laik\u0101. Ar magniju, kalciju, taur\u012bnu, B6 vitam\u012bnu.<\/p>","protected":false},"featured_media":2702,"comment_status":"open","ping_status":"closed","template":"","meta":{"_acf_changed":false,"inline_featured_image":false},"etheme_brands":[{"term_id":38,"name":"Trace Minerals","slug":"trace-minerals","term_group":0,"term_taxonomy_id":38,"taxonomy":"brand","description":"<h2><strong>Trace minerals<\/strong><\/h2>\r\n\"Trace Minerals\" yra \u017einomas jonini\u0173 mineralini\u0173 papild\u0173 prek\u0117s \u017eenklas, kuriuo pasitikima beveik 50 met\u0173.\r\n\r\n<strong>Gamintojo misija<\/strong>\r\n\r\n\"Trace Minerals\" mato pasaul\u012f, kuriame \u017emon\u0117s yra\r\natsakingi u\u017e savo sveikat\u0105. Laikas, kai visi \u017emon\u0117s yra nori ir gali\r\ngyventi sveikiau. Joniniai mineralai yra pasiekiami visiems norintiems. Daugiau nei 50 met\u0173 \"Trace Minerals\" prek\u0117s \u017eenklo\r\nproduktai visame pasaulyje buvo pripa\u017einti jonini\u0173 produkt\u0173 pradininkais.\r\n\r\nVisus 50 met\u0173 Trace Minerals vertyb\u0117s yra:\r\n\r\n1. Bekompromis\u0117 kokyb\u0117, nuo kurios priklauso \u017emoni\u0173 savijauta.\r\n2. Neprilygstama aptarnavimas, kuris leid\u017eia klientams \u0161ypsotis.\r\n3. Nuolatinis pajam\u0173 augimas diegiant inovacijas ir kuriant produktus.\r\n4. Ugdomieji u\u017esi\u0117mimai.\r\n5. Lyderyst\u0117 savo srities pramon\u0117je.\r\n6. Lojalumas ir s\u0105\u017einingumas patikimiems darbuotojams ir verslo partneriams.\r\n<h3><strong>Garantija<\/strong><\/h3>\r\nGamintojas tiki, kad maisto papildai tur\u0117t\u0173 atne\u0161ti pastebimus\r\nrezultatus. Trace minerals \u012fsipareigojimas siekti pastebim\u0173 rezultat\u0173 yra\r\n\"Trace Minerals research\" filosofija.\r\n\r\nBeveik penkis de\u0161imtme\u010dius \"Trace Minerals\" prek\u0117s \u017eenklo produktai pad\u0117jo \u017emon\u0117ms priimti pagr\u012fstus sprendimus pasirenkant tinkamus produktus. Trce Minerals t\u0119stinis \u012fsipareigojimas yra paprastas: gaminti auk\u0161\u010diausios kokyb\u0117s produktus, paremtus moksliniais tyrimais, pagamintus u\u017e teising\u0105 kain\u0105 ir garantuojama, kad bus\r\npagerinti gyvenimai t\u0173, kurie vartoja kokybi\u0161kus produktus. Trace minerals visada tai dar\u0117 ir toliau t\u0105 darys.\r\n\r\nhttps:\/\/youtu.be\/hbeINVcx5FY?t=77\r\n<h3><strong>Mokslas ir tyrimai<\/strong><\/h3>\r\nGamintojas gavo \u0161e\u0161i\u0173 m\u0117nesi\u0173 klinikinio tyrimo \"ConcenTrace\u00ae\" rezultatus. \"Trace Mineral Drops\", jo pavyzdinis jonini\u0173 mineralinis papildas, kuriame yra visas spektras nat\u016braliai atsirandan\u010di\u0173 mikroelement\u0173.\r\n\r\nDalyviams buvo skiriama po 40 la\u0161\u0173 ConcenTrace\u00ae arba placebo per par\u0105\r\n24 savaites. Tyrime teigiama, kad \"veiksmingum\u0105 objektyviai patvirtino\r\n\u012fvertinti s\u0105nari\u0173 kremzl\u0117s storio, s\u0105nario erdv\u0117s plo\u010dio poky\u010dius\r\nir sinovinio skys\u010dio sud\u0117tis\". 24 savai\u010di\u0173 rezultatai rodo, kad \"ultrasonografija ir sinovinio skys\u010dio tyrimas atskleid\u0117 kremzl\u0117s\r\nstrukt\u016bros pager\u0117jim\u0105\".\r\n\r\n\u0160is preliminarus tyrimas parodo, kad ConcenTrace\u00ae pagerina s\u0105nari\u0173 sveikat\u0105.\r\n<h3><strong>Sertifikatai<\/strong><\/h3>\r\nKokyb\u0117 visada buvo svarbiausias <a href=\"https:\/\/www.traceminerals.com\/\" target=\"_blank\" rel=\"noopener\">\"Trace Minerals\"<\/a> prioritetas. Per daugel\u012f met\u0173\u00a0 akylai tobulino gamybos procesus. Tikima, kad geriausi procesai padeda gaminti geriausius ir sveikiausius produktus. Tai yra pagrindin\u0117 prie\u017eastis, kod\u0117l grie\u017etai kontroliuojama produkt\u0173 kokyb\u0117 ir kod\u0117l turima daugyb\u0117 sertifikat\u0173.\r\n<ul>\r\n \t<li><a href=\"https:\/\/grmalliance.org\/\" target=\"_blank\" rel=\"noopener\">GRMA\/UL GMP Certified<\/a><\/li>\r\n \t<li>GRAS Certified<\/li>\r\n \t<li>BPA Free<\/li>\r\n \t<li>Kosher<\/li>\r\n \t<li>Halal<\/li>\r\n \t<li>Non-GMO Verified<\/li>\r\n \t<li>Transparency<\/li>\r\n<\/ul>","parent":0,"count":19,"filter":"raw"}],"product_brand":[],"product_cat":[64,645,63],"product_tag":[125,90,99,100],"class_list":{"0":"post-1137","1":"product","2":"type-product","3":"status-publish","4":"has-post-thumbnail","6":"brand-trace-minerals","7":"product_cat-elektrolitai","8":"product_cat-geriausi-papildai-vyrams","9":"product_cat-mineralai","10":"product_tag-energijai","11":"product_tag-fizinei-istvermei","12":"product_tag-lankstumui-ir-dregmes-balansui","13":"product_tag-ph-balansui","15":"first","16":"instock","17":"sale","18":"taxable","19":"shipping-taxable","20":"purchasable","21":"product-type-simple"},"acf":[],"_links":{"self":[{"href":"https:\/\/findvit.com\/lv\/wp-json\/wp\/v2\/product\/1137","targetHints":{"allow":["GET"]}}],"collection":[{"href":"https:\/\/findvit.com\/lv\/wp-json\/wp\/v2\/product"}],"about":[{"href":"https:\/\/findvit.com\/lv\/wp-json\/wp\/v2\/types\/product"}],"replies":[{"embeddable":true,"href":"https:\/\/findvit.com\/lv\/wp-json\/wp\/v2\/comments?post=1137"}],"version-history":[{"count":18,"href":"https:\/\/findvit.com\/lv\/wp-json\/wp\/v2\/product\/1137\/revisions"}],"predecessor-version":[{"id":22472,"href":"https:\/\/findvit.com\/lv\/wp-json\/wp\/v2\/product\/1137\/revisions\/22472"}],"wp:featuredmedia":[{"embeddable":true,"href":"https:\/\/findvit.com\/lv\/wp-json\/wp\/v2\/media\/2702"}],"wp:attachment":[{"href":"https:\/\/findvit.com\/lv\/wp-json\/wp\/v2\/media?parent=1137"}],"wp:term":[{"taxonomy":"brand","embeddable":true,"href":"https:\/\/findvit.com\/lv\/wp-json\/wp\/v2\/etheme_brands?post=1137"},{"taxonomy":"product_brand","embeddable":true,"href":"https:\/\/findvit.com\/lv\/wp-json\/wp\/v2\/product_brand?post=1137"},{"taxonomy":"product_cat","embeddable":true,"href":"https:\/\/findvit.com\/lv\/wp-json\/wp\/v2\/product_cat?post=1137"},{"taxonomy":"product_tag","embeddable":true,"href":"https:\/\/findvit.com\/lv\/wp-json\/wp\/v2\/product_tag?post=1137"}],"curies":[{"name":"wp","href":"https:\/\/api.w.org\/{rel}","templated":true}]}}