{"id":1140,"date":"2021-10-08T14:27:41","date_gmt":"2021-10-08T11:27:41","guid":{"rendered":"https:\/\/findvit.com\/?post_type=product&#038;p=1140"},"modified":"2026-02-27T16:33:16","modified_gmt":"2026-02-27T14:33:16","slug":"naturalus-cinkas-su-fermentais-ir-probiotikais-vitamin-code","status":"publish","type":"product","link":"https:\/\/findvit.com\/lv\/produktas\/naturalus-cinkas-su-fermentais-ir-probiotikais-vitamin-code\/","title":{"rendered":"Dz\u012bv\u012bbas d\u0101rzs Vitam\u012bna kods RAW ZINC - Cinks ar C vitam\u012bnu komplekt\u0101 ar antioksidantiem, probiotik\u0101m un fermentiem. Bioakt\u012bvais komplekss 60 d\u0101rze\u0146u kapsulas"},"content":{"rendered":"\t\t<div data-elementor-type=\"product-post\" data-elementor-id=\"1140\" class=\"elementor elementor-1140\" data-elementor-post-type=\"product\">\n\t\t\t\t\t\t<section class=\"elementor-section elementor-top-section elementor-element elementor-element-b246bc4 elementor-section-boxed elementor-section-height-default elementor-section-height-default\" data-id=\"b246bc4\" data-element_type=\"section\" data-e-type=\"section\">\n\t\t\t\t\t\t<div class=\"elementor-container elementor-column-gap-default\">\n\t\t\t\t\t<div class=\"elementor-column elementor-col-100 elementor-top-column elementor-element elementor-element-851dc0c\" data-id=\"851dc0c\" data-element_type=\"column\" data-e-type=\"column\">\n\t\t\t<div class=\"elementor-widget-wrap elementor-element-populated\">\n\t\t\t\t\t\t<div class=\"elementor-element elementor-element-401546e elementor-absolute elementor-hidden-mobile elementor-invisible elementor-widget elementor-widget-image\" data-id=\"401546e\" data-element_type=\"widget\" data-e-type=\"widget\" data-settings=\"{&quot;motion_fx_motion_fx_scrolling&quot;:&quot;yes&quot;,&quot;motion_fx_rotateZ_effect&quot;:&quot;yes&quot;,&quot;motion_fx_rotateZ_speed&quot;:{&quot;unit&quot;:&quot;px&quot;,&quot;size&quot;:5,&quot;sizes&quot;:[]},&quot;motion_fx_range&quot;:&quot;viewport&quot;,&quot;_animation&quot;:&quot;fadeIn&quot;,&quot;_position&quot;:&quot;absolute&quot;,&quot;motion_fx_rotateZ_affectedRange&quot;:{&quot;unit&quot;:&quot;%&quot;,&quot;size&quot;:&quot;&quot;,&quot;sizes&quot;:{&quot;start&quot;:0,&quot;end&quot;:100}},&quot;motion_fx_devices&quot;:[&quot;desktop&quot;,&quot;tablet&quot;,&quot;mobile&quot;]}\" data-widget_type=\"image.default\">\n\t\t\t\t<div class=\"elementor-widget-container\">\n\t\t\t\t\t\t\t\t\t\t\t\t\t\t\t<img loading=\"lazy\" loading=\"lazy\" decoding=\"async\" width=\"200\" height=\"200\" src=\"https:\/\/findvit.com\/wp-content\/uploads\/2021\/09\/ratukas.svg\" class=\"attachment-full size-full wp-image-1777\" alt=\"Ratukas nuo klausimyno iki vitamino\" \/>\t\t\t\t\t\t\t\t\t\t\t\t\t\t\t<\/div>\n\t\t\t\t<\/div>\n\t\t\t\t\t<\/div>\n\t\t<\/div>\n\t\t\t\t\t<\/div>\n\t\t<\/section>\n\t\t\t\t<section class=\"elementor-section elementor-top-section elementor-element elementor-element-8e4d512 elementor-section-boxed elementor-section-height-default elementor-section-height-default\" data-id=\"8e4d512\" data-element_type=\"section\" data-e-type=\"section\">\n\t\t\t\t\t\t<div class=\"elementor-container elementor-column-gap-no\">\n\t\t\t\t\t<div class=\"elementor-column elementor-col-50 elementor-top-column elementor-element elementor-element-68d84eb\" data-id=\"68d84eb\" data-element_type=\"column\" data-e-type=\"column\">\n\t\t\t<div class=\"elementor-widget-wrap elementor-element-populated\">\n\t\t\t\t\t\t<div class=\"elementor-element elementor-element-5c7f917 elementor-widget elementor-widget-heading\" data-id=\"5c7f917\" data-element_type=\"widget\" data-e-type=\"widget\" data-widget_type=\"heading.default\">\n\t\t\t\t<div class=\"elementor-widget-container\">\n\t\t\t\t\t<h2 class=\"elementor-heading-title elementor-size-default\">Garden of life Vitamin Code Nat\u016bralus Cinkas su Vitaminu C<\/h2>\t\t\t\t<\/div>\n\t\t\t\t<\/div>\n\t\t\t\t<div class=\"elementor-element elementor-element-b64de30 elementor-widget elementor-widget-text-editor\" data-id=\"b64de30\" data-element_type=\"widget\" data-e-type=\"widget\" data-widget_type=\"text-editor.default\">\n\t\t\t\t<div class=\"elementor-widget-container\">\n\t\t\t\t\t\t\t\t\t<p>Garden of Life Cinko Papildas su Vitaminu C yra <strong>unikalus<\/strong> maisto papildas, kuris yra pagamintas i\u0161 nat\u016brali\u0173, neapdorot\u0173 vaisi\u0173 ir dar\u017eovi\u0173. <\/p><h3><strong>GAUSI NAUDA<\/strong><\/h3><p>\u0160is produktas yra <strong>gausus cinku ir vitaminu C<\/strong>, kurie yra \u017einomi d\u0117l savo galing\u0173 savybi\u0173.<\/p><p><strong>\u0160is\u00a0 Organinio Cinko su Vitaminu C kompleksas suteikia 30 mg itin veiksmingo cinko<\/strong><br \/><strong>ir 60 mg vitamino C. <\/strong>Tai net 200 % cinko paros normos ir 100 % vitamino C dienos normos.<\/p><p><strong>Praturtintas maistin\u0117mis med\u017eiagomis i\u0161 23<\/strong> visaver\u010di\u0173 vaisi\u0173 ir dar\u017eovi\u0173, mikroelement\u0173 kompleksu,<strong> probiotikais ir vir\u0161kinimo fermentais.<br \/><\/strong><\/p><h3><strong>VERTINAMI PRIVALUMAI<\/strong><\/h3><p>Cinkas dar <strong>vadinamas gro\u017eio mineralu. <\/strong>Taip pat Cinkas yra <strong>esminis mineralas, <\/strong>kuris yra b\u016btinas daugeliui k\u016bno funkcij\u0173:<\/p><ul><li><strong>Cinkas<\/strong> svarbus normaliai <br \/><strong>kaul\u0173 b\u016bklei<\/strong> palaikyti<\/li><li>Cinkas <strong>svarbus<\/strong> normaliai <br \/><strong>plauk\u0173<\/strong> <strong>b\u016bklei<\/strong> palaikyti<\/li><li>Cinkas <strong>svarbus<\/strong> normaliai <br \/><strong>odos<\/strong> <strong>b\u016bklei<\/strong> palaikyti<\/li><\/ul><p>Vitaminas C yra <strong>galingas<\/strong> <strong>antioksidantas<\/strong>, kuris padeda:<\/p><ul><li>Vitaminas C <strong>svarbus<\/strong> normaliam kolageno formavimui ir <br \/>normaliai <strong>kraujagysli\u0173<\/strong> <strong>funkcijai<\/strong><\/li><li>Vitaminas C <strong>svarbus<\/strong> normaliai <strong>nerv\u0173<\/strong> <strong>sistemos veiklai<\/strong><\/li><li>Vitaminas C svarbus normaliai <strong>imunin\u0117s sistemos veiklai<\/strong><\/li><\/ul><p><strong>VITAMIN CODE organiniai<\/strong> maisto papildai gaminami i\u0161 individualiai u\u017eaugint\u0173 visaver\u010di\u0173 vaisi\u0173 ir dar\u017eovi\u0173, pasitelkiant ger\u0173j\u0173 bakterij\u0173<br \/>kultivavim\u0105.Tai <strong>nat\u016bral\u016bs maisto papildai<\/strong>, gaminami <strong>\u017eemesn\u0117je nei 46\u00ba C<\/strong> temperat\u016broje. <br \/><br \/>Savo <strong>sud\u0117tyje turi<\/strong> nat\u016brali\u0173 kofaktori\u0173, gyv\u0173 probiotik\u0173 ir ferment\u0173 \u2013 visai kaip nat\u016bralus ir neapdorotas maistas!<\/p><p>Jame n\u0117ra sintetini\u0173 ri\u0161am\u0173j\u0173 med\u017eiag\u0173 ir u\u017epild\u0173, dirbtini\u0173 kvapi\u0173j\u0173 med\u017eiag\u0173, saldikli\u0173, da\u017eikli\u0173 ar pried\u0173. Pateikiami, kaip nat\u016bral\u016bs milteliai kapsul\u0117se, kurias galima atidaryti i\u0161berti. Net <strong>60\u00a0 <\/strong>vegani\u0161k\u0173 kapsuli\u0173<strong>. Tamsaus stiklo pakuot\u0117je. <\/strong>Tinka <strong>vegetarams ir veganams. <\/strong><strong>U\u017etenka &#8211; 30 <\/strong>dien\u0173<strong>.<\/strong><\/p><h3><strong>PRIPA\u017dINTAS NAT\u016aRALUMAS<\/strong><\/h3><p>Garden of Life Vitamin Code Raw Zinc Vegan Capsul\u0117s yra <strong>RAW<\/strong>, tai rei\u0161kia, kad n\u0117ra apdorotas auk\u0161ta temperat\u016bra, sintetiniais ri\u0161ikliais, pildikliais, dirbtiniais skoniais, saldikliais ar priedais, kuriuos da\u017enai naudoja tablet\u0117se. <br \/><br \/>Produktas yra <strong>sertifikuotas<\/strong> kaip neturintis-GMO, be glitimo ir vegani\u0161kas, tod\u0117l jis yra saugus ir tinkamas visiems, kurie r\u016bpinasi savimi, artimaisiais ir aplinka.<\/p><h3><strong>MALONU IR PATOGU<\/strong><\/h3><p>Produktas yra <strong>patogus<\/strong> vartoti, nes jis yra kapsuli\u0173 pavidalo, kurias galima nuryti su vandeniu arba atidaryti ir sumai\u0161yti su vandeniu ar sultimis.<\/p><p>\u0160is maisto papildas yra lengvai vir\u0161kinamas ir gerai toleruojamas, tod\u0117l jis yra <strong>puikus pasirinkimas visiems<\/strong>, nepriklausomai nuo j\u0173 mitybos reikalavim\u0173 ar sveikatos b\u016bkl\u0117s. Be to, jis yra patogus naudoti &#8211; tiesiog imkite vien\u0105 kapsul\u0119 per dien\u0105 su maistu.<\/p><h3><strong>GERIAUSIAI VERTINAMA<\/strong><\/h3><p><a href=\"https:\/\/findvit.com\/gamintojas\/garden-of-life\/\" target=\"_blank\" rel=\"noopener\">Garden of Life<\/a> yra \u012fsipareigoj\u0119s kurti produktus, kurie yra ne tik sveiki, bet ir eti\u0161ki. Jie dirba su ma\u017eais \u016bkininkais ir gamintojais visame pasaulyje, kad u\u017etikrint\u0173, jog j\u0173 <strong>produktai yra pagaminti atsakingai<\/strong> ir tvariai.<\/p><p>Su Garden of Life Cinko Papildu su Vitaminu C, j\u016bs galite pasitik\u0117ti, kad <strong>gaunate auk\u0161\u010diausios kokyb\u0117s produkt\u0105<\/strong>, kuris pad\u0117s jums pasiekti ir palaikyti tikslus.<\/p><p>Prad\u0117kite savo kelion\u0119 \u012f sveikat\u0105 \u0161iandien su Garden of Life!<\/p><p>\u00a0Vitaminus ir gauk Asmenin\u0119 rekomendacij\u0105.\u00a0 Nemokamas online testas <a href=\"https:\/\/findvit.com\/testas\/\"><strong>\u201cTavo diena\u201d<\/strong><\/a> .<\/p>\t\t\t\t\t\t\t\t<\/div>\n\t\t\t\t<\/div>\n\t\t\t\t\t<\/div>\n\t\t<\/div>\n\t\t\t\t<div class=\"elementor-column elementor-col-50 elementor-top-column elementor-element elementor-element-70ae713\" data-id=\"70ae713\" data-element_type=\"column\" data-e-type=\"column\">\n\t\t\t<div class=\"elementor-widget-wrap elementor-element-populated\">\n\t\t\t\t\t\t<div class=\"elementor-element elementor-element-a6e778c elementor-widget elementor-widget-image\" data-id=\"a6e778c\" data-element_type=\"widget\" data-e-type=\"widget\" data-widget_type=\"image.default\">\n\t\t\t\t<div class=\"elementor-widget-container\">\n\t\t\t\t\t\t\t\t\t\t\t\t\t\t\t<img loading=\"lazy\" loading=\"lazy\" decoding=\"async\" width=\"900\" height=\"900\" src=\"https:\/\/findvit.com\/wp-content\/uploads\/2021\/11\/koliazai-15-900x900.jpg\" class=\"attachment-large size-large wp-image-3823\" alt=\"Gra\u017ei moters oda naudojant papildus\" srcset=\"https:\/\/findvit.com\/wp-content\/uploads\/2021\/11\/koliazai-15-900x900.jpg 900w, https:\/\/findvit.com\/wp-content\/uploads\/2021\/11\/koliazai-15-600x600.jpg 600w, https:\/\/findvit.com\/wp-content\/uploads\/2021\/11\/koliazai-15-150x150.jpg 150w, https:\/\/findvit.com\/wp-content\/uploads\/2021\/11\/koliazai-15-768x768.jpg 768w, https:\/\/findvit.com\/wp-content\/uploads\/2021\/11\/koliazai-15-1x1.jpg 1w, https:\/\/findvit.com\/wp-content\/uploads\/2021\/11\/koliazai-15-10x10.jpg 10w, https:\/\/findvit.com\/wp-content\/uploads\/2021\/11\/koliazai-15-100x100.jpg 100w, https:\/\/findvit.com\/wp-content\/uploads\/2021\/11\/koliazai-15-e1637516776328.jpg 1001w\" sizes=\"auto, (max-width: 900px) 100vw, 900px\" \/>\t\t\t\t\t\t\t\t\t\t\t\t\t\t\t<\/div>\n\t\t\t\t<\/div>\n\t\t\t\t\t<\/div>\n\t\t<\/div>\n\t\t\t\t\t<\/div>\n\t\t<\/section>\n\t\t\t\t<\/div>\n\t\t","protected":false},"excerpt":{"rendered":"<p>Dab\u012bgais cinks ar C vitam\u012bnu - <strong>unik\u0101la<\/strong> uztura bag\u0101tin\u0101t\u0101js ir izgatavots no dab\u012bg\u0101m, nep\u0101rstr\u0101d\u0101t\u0101m izejviel\u0101m, kas ir <strong>bag\u0101ts ar cinku un C vitam\u012bnu<\/strong>. \u0160is produkts ir <strong>ide\u0101la izv\u0113le<\/strong> tiem, kas v\u0113las d\u0101v\u0101t sev izcilu kvalit\u0101ti un dabiskumu. Fermenti un probiotikas kompleks\u0101 papildina v\u0113l vair\u0101k. Bioakt\u012bvie mikroelementi un vitam\u012bni no biolo\u0123iskiem aug\u013ciem un d\u0101rze\u0146iem bag\u0101tina ikdienas uzturu ar v\u0113rt\u012bg\u0101m akt\u012bvaj\u0101m viel\u0101m. Piem\u0113rots visai \u0123imenei.<\/p>","protected":false},"featured_media":2700,"comment_status":"open","ping_status":"closed","template":"","meta":{"_acf_changed":false,"inline_featured_image":false},"etheme_brands":[{"term_id":58,"name":"Garden of Life","slug":"garden-of-life","term_group":0,"term_taxonomy_id":58,"taxonomy":"brand","description":"<h2><strong><a href=\"https:\/\/www.gardenoflife.com\/why-gol\" target=\"_blank\" rel=\"noopener\">Garden of Life<\/a><\/strong><\/h2>\r\nJAV \u012fmon\u0117, kuri yra viena i\u0161 nedaugelio, gaminanti savo produktus 100% i\u0161 nat\u016brali\u0173 ingredient\u0173. Puikiai tinka \u017emon\u0117ms, kuriems labai svarbi produkt\u0173 sud\u0117tis. Visi produktai be GMO. Gamintojas apdovanotas daugeliu kokyb\u0117s sertifikat\u0173, toki\u0173 kaip USDA Organic, Certified Vegan, Certified Gluten-Free, U Kosher ir daugelis kit\u0173. Garden of life kompanija dal\u012f pajam\u0173, gaut\u0173 i\u0161 pardavim\u0173, skiria labdarai, pla\u010diau apra\u0161ytoms gamintojo svetain\u0117je.\r\n\"Garden of Life\" tikslas - suteikti \u017emon\u0117ms galimyb\u0119 tur\u0117ti auk\u0161tos kokyb\u0117s papildus, kurie yra reikalingi gerai sveikatai i\u0161laikyti. Sud\u0117tin\u0117s dalys yra organin\u0117s kilm\u0117s, klini\u0161kai i\u0161tirtos ir atsekamos kilm\u0117s. Gompanija savo gaminiuose nenaudoja sintetini\u0173 pried\u0173, dirbtini\u0173 skoni\u0173 ar da\u017eikli\u0173, ri\u0161ikli\u0173 ar u\u017epild\u0173.\r\nhttps:\/\/youtu.be\/2jbU_WkglKA?t=48\r\n<h3><strong>Neapdirbtas maistas<\/strong><\/h3>\r\n\u017dmogaus k\u016bnas buvo sukurtas valgyti, apdoroti ir gauti maistines med\u017eiagas i\u0161 maisto - tikro, sveiko maisto. Taigi, kai kuriami produktai, pradedama nuo \u017evilgnsio \u012f maist\u0105. Kokie yra \"geri dalykai\" auk\u0161\u010diausios kokyb\u0117s maiste, kurio mums tr\u016bksta m\u016bs\u0173 kasdien\u0117je mityboje? Kuris i\u0161 \u0161i\u0173 maisto produkt\u0173 turi did\u017eiausi\u0105 potencial\u0105 paveikti ir \u012fgalinti ger\u0105 sveikat\u0105?\r\n<h3><strong>Atsekamumas<\/strong><\/h3>\r\nAtsekamumas yra labai svarbus veiksnys, d\u0117l kurio \"Garden of Life\" produktai yra tokie ypatingi. Atsekamumas prasideda nuo \u017einojimo, i\u0161 kur kil\u0119s kiekvienas produkt\u0173 ingredientas, ir susipa\u017einimo su kiekviena kilme: kur jis auginamas; \u016bkininkavimo praktika; kaip elgiasi su \u016bkio darbuotojais \u2013 viskuo.\r\n<h3><strong>\u0160varu yra sveika<\/strong><\/h3>\r\nGarden of life stebi, kas yra \u012fdedama \u012f produktus \u2013 tikri, neapdirbti maisto ingredientai. Bet ties tuo nesustojama. Taip pat labai daug d\u0117mesio skiriama tam, kas i\u0161 \u0161i\u0173 produkt\u0173 i\u0161gaunama. Ir dar kart\u0105 renkamasi\u00a0 \u2013 tikras kokybi\u0161kas maistas. Kompanija naudoja tre\u010di\u0173j\u0173 \u0161ali\u0173\u00a0 sertifikatus, kad \u012frodyt\u0173, jog produktai yra \u0161var\u016bs ir kokybi\u0161ki!\r\n<h3><strong>CO2 neutralumas<\/strong><\/h3>\r\nGarden of life nepaprastai did\u017eiuojasi, kad pasiek\u0117 anglies dioksido neutralum\u0105 2021 m. Bir\u017eelio m\u0117n. CarbonFund.org sertifikuotas \"Carbonfree\u00ae\", \"Garden of Life\" nuo pat \u012fk\u016brimo buvo \u012fsipareigojusi tvarumui.","parent":0,"count":12,"filter":"raw"}],"product_brand":[],"product_cat":[63,124],"product_tag":[91,95,101,121],"class_list":{"0":"post-1140","1":"product","2":"type-product","3":"status-publish","4":"has-post-thumbnail","6":"brand-garden-of-life","7":"product_cat-mineralai","8":"product_cat-siamsezonui","9":"product_tag-imunitetui","10":"product_tag-puikiai-isvaizdai","11":"product_tag-ramiam-miegui","12":"product_tag-zvilgantiems-plaukams","14":"first","15":"instock","16":"sale","17":"taxable","18":"shipping-taxable","19":"purchasable","20":"product-type-simple"},"acf":[],"_links":{"self":[{"href":"https:\/\/findvit.com\/lv\/wp-json\/wp\/v2\/product\/1140","targetHints":{"allow":["GET"]}}],"collection":[{"href":"https:\/\/findvit.com\/lv\/wp-json\/wp\/v2\/product"}],"about":[{"href":"https:\/\/findvit.com\/lv\/wp-json\/wp\/v2\/types\/product"}],"replies":[{"embeddable":true,"href":"https:\/\/findvit.com\/lv\/wp-json\/wp\/v2\/comments?post=1140"}],"version-history":[{"count":23,"href":"https:\/\/findvit.com\/lv\/wp-json\/wp\/v2\/product\/1140\/revisions"}],"predecessor-version":[{"id":18968,"href":"https:\/\/findvit.com\/lv\/wp-json\/wp\/v2\/product\/1140\/revisions\/18968"}],"wp:featuredmedia":[{"embeddable":true,"href":"https:\/\/findvit.com\/lv\/wp-json\/wp\/v2\/media\/2700"}],"wp:attachment":[{"href":"https:\/\/findvit.com\/lv\/wp-json\/wp\/v2\/media?parent=1140"}],"wp:term":[{"taxonomy":"brand","embeddable":true,"href":"https:\/\/findvit.com\/lv\/wp-json\/wp\/v2\/etheme_brands?post=1140"},{"taxonomy":"product_brand","embeddable":true,"href":"https:\/\/findvit.com\/lv\/wp-json\/wp\/v2\/product_brand?post=1140"},{"taxonomy":"product_cat","embeddable":true,"href":"https:\/\/findvit.com\/lv\/wp-json\/wp\/v2\/product_cat?post=1140"},{"taxonomy":"product_tag","embeddable":true,"href":"https:\/\/findvit.com\/lv\/wp-json\/wp\/v2\/product_tag?post=1140"}],"curies":[{"name":"wp","href":"https:\/\/api.w.org\/{rel}","templated":true}]}}