{"id":12510,"date":"2023-04-05T08:18:39","date_gmt":"2023-04-05T05:18:39","guid":{"rendered":"https:\/\/findvit.com\/?post_type=product&#038;p=12510"},"modified":"2026-02-27T16:23:23","modified_gmt":"2026-02-27T14:23:23","slug":"kiki-health-chlorofilas-skystas-chlorofilas-koncentratas-125-ml","status":"publish","type":"product","link":"https:\/\/findvit.com\/lv\/produktas\/kiki-health-chlorofilas-skystas-chlorofilas-koncentratas-125-ml\/","title":{"rendered":"Kiki Health Detoksikuojantis chlorofilas, skystas koncentratas, 125 ml"},"content":{"rendered":"<div data-elementor-type=\"product-post\" data-elementor-id=\"12510\" class=\"elementor elementor-12510\" data-elementor-post-type=\"product\">\n\t\t\t\t\t\t<section class=\"elementor-section elementor-top-section elementor-element elementor-element-1374618 elementor-section-boxed elementor-section-height-default elementor-section-height-default\" data-id=\"1374618\" data-element_type=\"section\">\n\t\t\t\t\t\t<div class=\"elementor-container elementor-column-gap-default\">\n\t\t\t\t\t<div class=\"elementor-column elementor-col-100 elementor-top-column elementor-element elementor-element-65d24b2b\" data-id=\"65d24b2b\" data-element_type=\"column\">\n\t\t\t<div class=\"elementor-widget-wrap elementor-element-populated\">\n\t\t\t\t\t\t<div class=\"elementor-element elementor-element-310930d1 elementor-absolute elementor-hidden-mobile elementor-invisible elementor-widget elementor-widget-image\" data-id=\"310930d1\" data-element_type=\"widget\" data-settings=\"{&quot;motion_fx_motion_fx_scrolling&quot;:&quot;yes&quot;,&quot;motion_fx_rotateZ_effect&quot;:&quot;yes&quot;,&quot;motion_fx_rotateZ_speed&quot;:{&quot;unit&quot;:&quot;px&quot;,&quot;size&quot;:5,&quot;sizes&quot;:[]},&quot;motion_fx_range&quot;:&quot;viewport&quot;,&quot;_animation&quot;:&quot;fadeIn&quot;,&quot;_position&quot;:&quot;absolute&quot;,&quot;motion_fx_rotateZ_affectedRange&quot;:{&quot;unit&quot;:&quot;%&quot;,&quot;size&quot;:&quot;&quot;,&quot;sizes&quot;:{&quot;start&quot;:0,&quot;end&quot;:100}},&quot;motion_fx_devices&quot;:[&quot;desktop&quot;,&quot;tablet&quot;,&quot;mobile&quot;]}\" data-widget_type=\"image.default\">\n\t\t\t\t<div class=\"elementor-widget-container\">\n\t\t\t\t\t\t\t\t\t\t\t\t\t\t\t<img loading=\"lazy\" decoding=\"async\" width=\"200\" height=\"200\" src=\"https:\/\/findvit.com\/wp-content\/uploads\/2021\/09\/ratukas.svg\" class=\"attachment-full size-full wp-image-1777\" alt=\"Ritenis no anketas l\u012bdz vitam\u012bnam\" \/>\t\t\t\t\t\t\t\t\t\t\t\t\t\t\t<\/div>\n\t\t\t\t<\/div>\n\t\t\t\t\t<\/div>\n\t\t<\/div>\n\t\t\t\t\t<\/div>\n\t\t<\/section>\n\t\t\t\t<section class=\"elementor-section elementor-top-section elementor-element elementor-element-1c9d2c0 elementor-section-boxed elementor-section-height-default elementor-section-height-default\" data-id=\"1c9d2c0\" data-element_type=\"section\">\n\t\t\t\t\t\t<div class=\"elementor-container elementor-column-gap-no\">\n\t\t\t\t\t<div class=\"elementor-column elementor-col-50 elementor-top-column elementor-element elementor-element-1c2641ec\" data-id=\"1c2641ec\" data-element_type=\"column\">\n\t\t\t<div class=\"elementor-widget-wrap elementor-element-populated\">\n\t\t\t\t\t\t<div class=\"elementor-element elementor-element-47a60f12 elementor-widget elementor-widget-heading\" data-id=\"47a60f12\" data-element_type=\"widget\" data-widget_type=\"heading.default\">\n\t\t\t\t<div class=\"elementor-widget-container\">\n\t\t\t\t\t<h2 class=\"elementor-heading-title elementor-size-medium\">KIKI Health koncentr\u0113tais hlorofils, 125 ml<\/h2>\t\t\t\t<\/div>\n\t\t\t\t<\/div>\n\t\t\t\t<div class=\"elementor-element elementor-element-32fe367e elementor-widget elementor-widget-text-editor\" data-id=\"32fe367e\" data-element_type=\"widget\" data-widget_type=\"text-editor.default\">\n\t\t\t\t<div class=\"elementor-widget-container\">\n\t\t\t\t\t\t\t\t\t<p>Iepaz\u012bstin\u0101m ar augst\u0101k\u0101s kvalit\u0101tes \u0161\u0137idro hlorofilu, izcilu augu izcelsmes uztura bag\u0101tin\u0101t\u0101ju, kas apzin\u0101s sevi!<\/p><h3><strong>SP\u0112C\u012aGI\u00a0<\/strong><\/h3><p>Izmantojot t\u012bru lucernas augu ekstraktu, \u0161is neticam\u0101 augu b\u0101zes \u0161\u0137idrums nodro\u0161ina l\u012bdz 100 mg hlorofila ekstrakta uz 15 ml porciju.<\/p><p>B\u016btisk\u0101m uzturviel\u0101m bag\u0101tajam hlorofilam ir daudz priek\u0161roc\u012bbu, un tas ir j\u0101iek\u013cauj j\u016bsu ikdienas rut\u012bn\u0101.<\/p><h3><strong>100 % DAB\u012aGI MATERI\u0100LI<\/strong><\/h3><p>Nesatur konservantus, m\u0101ksl\u012bg\u0101s kr\u0101svielas un \u0122MO, KIKI Health Liquid Chlorophyll ir lieliska izv\u0113le veg\u0101niem, ve\u0123et\u0101rie\u0161iem un ikvienam, kas v\u0113las baud\u012bt lab\u0101ko no dabas. es<span style=\"color: var( --e-global-color-text ); font-family: var( --e-global-typography-text-font-family ), Sans-serif; font-size: var( --e-global-typography-text-font-size ); font-weight: var( --e-global-typography-text-font-weight ); background-color: var(--et_container-bg-color, transparent);\">uzturv\u0113rt\u012bba un dabisk\u0101 gar\u0161a.<\/span><\/p><p>Hlorofils ir augu un a\u013c\u0123u za\u013c\u0101s kr\u0101sas dz\u012bv\u012bbas sp\u0113ks, un tam ir b\u016btiska loma, p\u0101rv\u0113r\u0161ot saules gaismu ener\u0123ij\u0101 fotosint\u0113zes laik\u0101.<\/p><p><strong>Dabiski<\/strong>, jo bez glut\u0113na, sojas, rauga, laktozes, ol\u0101m un kvie\u0161iem.<\/p><h3><b>\u0100TRA DARB\u012aBA<\/b><\/h3><p>KIKI Health biolo\u0123iski dzidra hlorofila \u0161\u0137idruma formula nodro\u0161ina optim\u0101lu uzs\u016bk\u0161anos, lai j\u016bs var\u0113tu izjust visu \u0161\u012b neparast\u0101 pigmenta sp\u0113ku.<\/p><p>\u0160is hlorofils ir ne tikai t\u012brs un sp\u0113c\u012bgs, bet ar\u012b neticami viegli lietojams. Pateicoties vienk\u0101r\u0161ajai izlie\u0161anas formai, jums nekad neb\u016bs j\u0101uztraucas par to, ka izt\u0113r\u0113siet ne pilienu \u0161\u012b v\u0113rt\u012bg\u0101 za\u013c\u0101 \u0161\u0137idruma. Vienk\u0101r\u0161i pievienojiet to savam iecien\u012bt\u0101kajam dz\u0113rienam vai pat gardam kokteilim un izbaudiet \u0161\u012b dabas br\u012bnuma priek\u0161roc\u012bbas.<\/p><h3><b>KVALIT\u0100TE GARANT\u0112TA<\/b><\/h3><div>Katra hlorofila partija tiek p\u0101rbaud\u012bta attiec\u012bb\u0101 uz smago met\u0101lu, bakt\u0113riju skaitu, pestic\u012bdiem, mikrobu skaitu, der\u012bguma termi\u0146u un kvalit\u0101ti.<b><br \/><\/b><\/div><p>\u0160\u0137idrais hlorofils tiek ieg\u016bts tikai no\u00a0<strong>augstas kvalit\u0101tes lucerna<\/strong> un sajauc ar att\u012br\u012btu \u016bdeni, lai izveidotu augu izcelsmes, biolo\u0123iski akt\u012bvu \u0161\u0137idrumu.<\/p><h3><strong>ATBALSTA DAB\u012aGU ATT\u012aR\u012a\u0160ANU<\/strong><\/h3><p>Hlorofils tiek uzskat\u012bts par dabisku antioksidantu avotu. Bie\u017ei tiek saukts par dabisko dezodorantu.<\/p><p>\u0160\u0137idrais hlorofils ir <strong>piln\u012bgi dabiski<\/strong> augu izcelsmes \u0161\u0137idrums, kas izmanto augu izcelsmes hlorofila sp\u0113ku un svar\u012bgu uzturvielu daudzumu.<\/p><h3><b>HLOROFILS IR V\u0112RT\u012aGS<\/b><\/h3><p>Hlorofils, saukts <strong>&quot;augu asinis&quot;<\/strong>, ir pigments, ko dabiski ra\u017eo augi un a\u013c\u0123es, pie\u0161\u0137irot tiem to skaisto za\u013co kr\u0101su.<\/p><p>Molekul\u0101r\u0101 l\u012bmen\u012b hlorofils ir gandr\u012bz <strong>identisks hemoglob\u012bnam<\/strong> \u2013 sk\u0101bek\u013ca nes\u0113jam m\u016bsu asin\u012bs.<\/p><p>Hlorofils ir <strong>neto darba sp\u0113kstacija<\/strong>, jo tas atbilst trim iek\u0161\u0113j\u0101s labkl\u0101j\u012bbas pamatpras\u012bb\u0101m,\u00a0<\/p><h3><strong>ESIET UZMAN\u012aGI<\/strong><\/h3><p><strong>Daudz\u0101s<\/strong> \u0161\u0137idrie hlorofila piedevas satur hlorofil\u012bnu, ko ieg\u016bst no n\u0101trija vara s\u0101\u013ciem, t\u0101p\u0113c tie ir da\u013c\u0113ji sint\u0113tiski, kuru izgatavo\u0161ana ir l\u0113t\u0101ka un kalpo ilg\u0101k. Tie satur ar\u012b smar\u017evielas un glicer\u012bnu t\u012bra 100 % hlorofila viet\u0101. \u0160ie produkti nav tas pats, kas t\u012brs bezpiedevu \u0161\u0137idrais hlorofils.<\/p><h3><b>VAR B\u016aT<\/b><\/h3><p>Pasaul\u0113, kur\u0101 vesel\u012bba ir vissvar\u012bg\u0101k\u0101, KIKI hlorofils izce\u013cas k\u0101 uzticams augu izcelsmes p\u0101rtikas avots. Tad k\u0101p\u0113c gaid\u012bt? Izbaudiet patiesi za\u013ca dz\u012bvesveida at\u0161\u0137ir\u012bbu ar m\u016bsu augst\u0101k\u0101s kvalit\u0101tes \u0161\u0137idro hlorofilu jau \u0161odien!<\/p>\t\t\t\t\t\t\t\t<\/div>\n\t\t\t\t<\/div>\n\t\t\t\t\t<\/div>\n\t\t<\/div>\n\t\t\t\t<div class=\"elementor-column elementor-col-50 elementor-top-column elementor-element elementor-element-15f5dfaa\" data-id=\"15f5dfaa\" data-element_type=\"column\">\n\t\t\t<div class=\"elementor-widget-wrap elementor-element-populated\">\n\t\t\t\t\t\t<div class=\"elementor-element elementor-element-434ce479 elementor-widget elementor-widget-image\" data-id=\"434ce479\" data-element_type=\"widget\" data-widget_type=\"image.default\">\n\t\t\t\t<div class=\"elementor-widget-container\">\n\t\t\t\t\t\t\t\t\t\t\t\t\t\t\t<img loading=\"lazy\" decoding=\"async\" width=\"600\" height=\"600\" src=\"https:\/\/findvit.com\/wp-content\/uploads\/2023\/03\/chlorofilas-stiklineje-600x600.jpg\" class=\"attachment-medium size-medium wp-image-11902\" alt=\"Hlorofils stikla kol\u0101\u017e\u0101\" srcset=\"https:\/\/findvit.com\/wp-content\/uploads\/2023\/03\/chlorofilas-stiklineje-600x600.jpg 600w, https:\/\/findvit.com\/wp-content\/uploads\/2023\/03\/chlorofilas-stiklineje-900x900.jpg 900w, https:\/\/findvit.com\/wp-content\/uploads\/2023\/03\/chlorofilas-stiklineje-150x150.jpg 150w, https:\/\/findvit.com\/wp-content\/uploads\/2023\/03\/chlorofilas-stiklineje-768x768.jpg 768w, https:\/\/findvit.com\/wp-content\/uploads\/2023\/03\/chlorofilas-stiklineje-400x400.jpg 400w, https:\/\/findvit.com\/wp-content\/uploads\/2023\/03\/chlorofilas-stiklineje-100x100.jpg 100w, https:\/\/findvit.com\/wp-content\/uploads\/2023\/03\/chlorofilas-stiklineje-1x1.jpg 1w, https:\/\/findvit.com\/wp-content\/uploads\/2023\/03\/chlorofilas-stiklineje-10x10.jpg 10w, https:\/\/findvit.com\/wp-content\/uploads\/2023\/03\/chlorofilas-stiklineje.jpg 1000w\" sizes=\"auto, (max-width: 600px) 100vw, 600px\" \/>\t\t\t\t\t\t\t\t\t\t\t\t\t\t\t<\/div>\n\t\t\t\t<\/div>\n\t\t\t\t\t<\/div>\n\t\t<\/div>\n\t\t\t\t\t<\/div>\n\t\t<\/section>\n\t\t\t\t<\/div>","protected":false},"excerpt":{"rendered":"<p>Liquid Chlorophyll no Kiki Health ir dabisks koncentr\u0113ts augu izcelsmes uztura bag\u0101tin\u0101t\u0101js. Taj\u0101 pat ir 100 mg hlorofila ekstrakta vien\u0101 porcij\u0101. \u0160is \u0161\u0137idrais hlorofils ir t\u012brs un biolo\u0123iski dzidrs. Lieliska uzs\u016bk\u0161an\u0101s un 100 % organiska un t\u012bra. Izbaudiet dabas br\u012bnumu priek\u0161roc\u012bbas!<\/p>","protected":false},"featured_media":23281,"comment_status":"open","ping_status":"closed","template":"","meta":{"_acf_changed":false,"inline_featured_image":false},"etheme_brands":[{"term_id":28,"name":"Kiki Health","slug":"kiki-health","term_group":0,"term_taxonomy_id":28,"taxonomy":"brand","description":"<h2><a href=\"https:\/\/kiki-health.com\/about-us\/\" target=\"_blank\" rel=\"noopener\"><strong>KIKI Health<\/strong><\/a><\/h2>\r\nKIKI yra prek\u0117s \u017eenklas, kuriantis novatori\u0161kus maisto papildus.\r\n\r\nKIKI yra pripa\u017eintas ir gerbiamas, kaip sveikos gyvensenos produkt\u0173 ir individualumo bei meistri\u0161kumo standartas.\r\n\r\nKIKI gim\u0117 i\u0161 noro skatinti optimali\u0105 sveikat\u0105 ir gerov\u0119, m\u016bs\u0173 tikslas ir aistra yra \u012fsigyti auk\u0161\u010diausios kokyb\u0117s, grynumo produktus i\u0161 viso pasaulio, kurie pad\u0117t\u0173 gro\u017eiui ir sveikatai.\r\n\r\nNuo pat prad\u017ei\u0173 ir iki \u0161iol KIKI Health niekada nedaro kompromis\u0173 ir nededa pried\u0173 bei naudoja prastesni\u0173 ingredient\u0173 - tik nat\u016bralios 100% veikliosios med\u017eiagos.\r\n\r\nhttps:\/\/youtu.be\/irT0ZUOzBac?t=45\r\n<h3><strong>Nat\u016braliai turtingi <\/strong><strong>vitaminais, mineralais ir b\u016btinomis\u00a0 veikliosiomis med\u017eiagomis<\/strong><\/h3>\r\nDaugelis \"KIKI Health\" produkt\u0173 turintys augalini\u0173 ir maistini\u0173 med\u017eiag\u0173\u00a0 yra sertifikuoti, kaip ekologi\u0161ki.\r\n\r\nI\u0161naudodami stiprias augalin\u0117s kilm\u0117s, nat\u016brali\u0173 ingredient\u0173 galias, kupinas esmini\u0173 augal\u0173 veikli\u0173j\u0173 med\u017eiag\u0173, vitamin\u0173 ir mineral\u0173, kad suteikt\u0173 smegenims, odai ir k\u016bnui neprilygstam\u0105 pagalb\u0105.\r\n\r\nKIKI Health tikslas yra u\u017etikrinti, kad mi\u0161iniuose neb\u016bt\u0173 sintetikos, konservant\u0173, u\u017epild\u0173 ir ri\u0161ikli\u0173, u\u017etikrinant, kad ir toliau gamint\u0173 veiksmingus, \u0161varius ir saugius papildus.\r\n\r\nPagaminta Jungtin\u0117je Karalyst\u0117je i\u0161 \u0161vari\u0173 ir tvari\u0173 ingredient\u0173.\r\n<h3><strong>Atsakingumas<\/strong><\/h3>\r\nU\u017etikrindami, kad produktai b\u016bt\u0173 atsakingai u\u017eauginti, ne tik r\u016bpinamasi aplinka, bet ir garantuojama produkto kokyb\u0119. KIKI Healt specialistai keliauja po pasaul\u012f ie\u0161kodami ekologi\u0161k\u0173, eti\u0161kai gaut\u0173 ingredient\u0173, pasi\u017eymin\u010di\u0173 geresne maistine verte, kartu pad\u0117dami vietos bendruomen\u0117ms klest\u0117ti. Maisto gamybos b\u016bdas yra labai svarbus daugeliui vartotoj\u0173, ir tai kelia susir\u016bpinim\u0105, kur\u012f mes dalijam\u0117s.\r\n<h3><strong>Minimalus apdorojimas<\/strong><\/h3>\r\nNor\u0117dami pasiekti optimal\u0173 biologin\u012f prieinamum\u0105, stengiamasi, kad ingredientai b\u016bt\u0173 kuo ar\u010diau j\u0173 nat\u016bralios b\u016bkl\u0117s. Laikomasi minimalaus perdirbimo ir kontroliuojama temperat\u016bros, i\u0161kart po derliaus nu\u0117mimo, kad b\u016bt\u0173 i\u0161laikoma visa nauda sveikatai ir gyvybi\u0161kai svarbios maistin\u0117s med\u017eiagos.\r\n\r\n<strong>Produktuose n\u0117ra<\/strong>: sintetikos, dirbtini\u0173 da\u017eikli\u0173 ir kvapi\u0173j\u0173 med\u017eiag\u0173, u\u017epild\u0173, ri\u0161ikli\u0173, dengimo med\u017eiag\u0173, lipnum\u0105 reguliuojan\u010di\u0173 med\u017eiag\u0173, cukr\u0173, glitimo, GMO, laktoz\u0117s, konservant\u0173, pagalbini\u0173 med\u017eiag\u0173.\r\n\r\nVisi ingredientai ir galutiniai produktai yra reguliariai tikrinami tre\u010diosios \u0161alies laboratorijoje. U\u017etikrinama, kad kiekviena partija b\u016bt\u0173 i\u0161bandyta d\u0117l sunki\u0173j\u0173 metal\u0173, mikroorganizm\u0173 ir pesticid\u0173 laikantis grie\u017et\u0173 kokyb\u0117s kontrol\u0117s s\u0105lyg\u0173, o rezultatai atitikt\u0173 ES ir JK ribinius reglamentus, \u012fskaitant ekologinio \u016bkininkavimo standartus.","parent":0,"count":28,"filter":"raw"}],"product_brand":[],"product_cat":[646,653,15],"product_tag":[656],"class_list":{"0":"post-12510","1":"product","2":"type-product","3":"status-publish","4":"has-post-thumbnail","6":"brand-kiki-health","7":"product_cat-papildai-moterims","8":"product_cat-papildai-detoksikacijai","9":"product_cat-produktai","10":"product_tag-moterims-detoksikacija","12":"first","13":"instock","14":"sale","15":"taxable","16":"shipping-taxable","17":"purchasable","18":"product-type-simple"},"acf":[],"_links":{"self":[{"href":"https:\/\/findvit.com\/lv\/wp-json\/wp\/v2\/product\/12510","targetHints":{"allow":["GET"]}}],"collection":[{"href":"https:\/\/findvit.com\/lv\/wp-json\/wp\/v2\/product"}],"about":[{"href":"https:\/\/findvit.com\/lv\/wp-json\/wp\/v2\/types\/product"}],"replies":[{"embeddable":true,"href":"https:\/\/findvit.com\/lv\/wp-json\/wp\/v2\/comments?post=12510"}],"version-history":[{"count":20,"href":"https:\/\/findvit.com\/lv\/wp-json\/wp\/v2\/product\/12510\/revisions"}],"predecessor-version":[{"id":21254,"href":"https:\/\/findvit.com\/lv\/wp-json\/wp\/v2\/product\/12510\/revisions\/21254"}],"wp:featuredmedia":[{"embeddable":true,"href":"https:\/\/findvit.com\/lv\/wp-json\/wp\/v2\/media\/23281"}],"wp:attachment":[{"href":"https:\/\/findvit.com\/lv\/wp-json\/wp\/v2\/media?parent=12510"}],"wp:term":[{"taxonomy":"brand","embeddable":true,"href":"https:\/\/findvit.com\/lv\/wp-json\/wp\/v2\/etheme_brands?post=12510"},{"taxonomy":"product_brand","embeddable":true,"href":"https:\/\/findvit.com\/lv\/wp-json\/wp\/v2\/product_brand?post=12510"},{"taxonomy":"product_cat","embeddable":true,"href":"https:\/\/findvit.com\/lv\/wp-json\/wp\/v2\/product_cat?post=12510"},{"taxonomy":"product_tag","embeddable":true,"href":"https:\/\/findvit.com\/lv\/wp-json\/wp\/v2\/product_tag?post=12510"}],"curies":[{"name":"wp","href":"https:\/\/api.w.org\/{rel}","templated":true}]}}