{"id":12788,"date":"2023-04-24T11:17:54","date_gmt":"2023-04-24T08:17:54","guid":{"rendered":"https:\/\/findvit.com\/?post_type=product&#038;p=12788"},"modified":"2024-10-17T12:45:11","modified_gmt":"2024-10-17T09:45:11","slug":"kiki-health-zeolite-ceolitas-zarnynui-su-aktyvuota-anglimi-kapsules-100-vnt","status":"publish","type":"product","link":"https:\/\/findvit.com\/lv\/produktas\/kiki-health-zeolite-ceolitas-zarnynui-su-aktyvuota-anglimi-kapsules-100-vnt\/","title":{"rendered":"KIKI HEALTH Zeol\u012bts \u2013 ceol\u012bts zarn\u0101m ar aktiv\u0113to ogli, kapsulas 100 gab."},"content":{"rendered":"<div data-elementor-type=\"product-post\" data-elementor-id=\"12788\" class=\"elementor elementor-12788\" data-elementor-post-type=\"product\">\n\t\t\t\t\t\t<section class=\"elementor-section elementor-top-section elementor-element elementor-element-697b9d0e elementor-section-boxed elementor-section-height-default elementor-section-height-default\" data-id=\"697b9d0e\" data-element_type=\"section\">\n\t\t\t\t\t\t<div class=\"elementor-container elementor-column-gap-default\">\n\t\t\t\t\t<div class=\"elementor-column elementor-col-100 elementor-top-column elementor-element elementor-element-20e74427\" data-id=\"20e74427\" data-element_type=\"column\">\n\t\t\t<div class=\"elementor-widget-wrap elementor-element-populated\">\n\t\t\t\t\t\t<div class=\"elementor-element elementor-element-5fb87e4e elementor-absolute elementor-hidden-mobile elementor-invisible elementor-widget elementor-widget-image\" data-id=\"5fb87e4e\" data-element_type=\"widget\" data-settings=\"{&quot;motion_fx_motion_fx_scrolling&quot;:&quot;yes&quot;,&quot;motion_fx_rotateZ_effect&quot;:&quot;yes&quot;,&quot;motion_fx_rotateZ_speed&quot;:{&quot;unit&quot;:&quot;px&quot;,&quot;size&quot;:5,&quot;sizes&quot;:[]},&quot;motion_fx_range&quot;:&quot;viewport&quot;,&quot;_animation&quot;:&quot;fadeIn&quot;,&quot;_position&quot;:&quot;absolute&quot;,&quot;motion_fx_rotateZ_affectedRange&quot;:{&quot;unit&quot;:&quot;%&quot;,&quot;size&quot;:&quot;&quot;,&quot;sizes&quot;:{&quot;start&quot;:0,&quot;end&quot;:100}},&quot;motion_fx_devices&quot;:[&quot;desktop&quot;,&quot;tablet&quot;,&quot;mobile&quot;]}\" data-widget_type=\"image.default\">\n\t\t\t\t<div class=\"elementor-widget-container\">\n\t\t\t\t\t\t\t\t\t\t\t\t\t\t\t<img loading=\"lazy\" decoding=\"async\" width=\"200\" height=\"200\" src=\"https:\/\/findvit.com\/wp-content\/uploads\/2021\/09\/ratukas.svg\" class=\"attachment-full size-full wp-image-1777\" alt=\"Ritenis no anketas l\u012bdz vitam\u012bnam\" \/>\t\t\t\t\t\t\t\t\t\t\t\t\t\t\t<\/div>\n\t\t\t\t<\/div>\n\t\t\t\t\t<\/div>\n\t\t<\/div>\n\t\t\t\t\t<\/div>\n\t\t<\/section>\n\t\t\t\t<section class=\"elementor-section elementor-top-section elementor-element elementor-element-600cef05 elementor-section-boxed elementor-section-height-default elementor-section-height-default\" data-id=\"600cef05\" data-element_type=\"section\">\n\t\t\t\t\t\t<div class=\"elementor-container elementor-column-gap-no\">\n\t\t\t\t\t<div class=\"elementor-column elementor-col-50 elementor-top-column elementor-element elementor-element-48f92489\" data-id=\"48f92489\" data-element_type=\"column\">\n\t\t\t<div class=\"elementor-widget-wrap elementor-element-populated\">\n\t\t\t\t\t\t<div class=\"elementor-element elementor-element-705cac9d elementor-widget elementor-widget-heading\" data-id=\"705cac9d\" data-element_type=\"widget\" data-widget_type=\"heading.default\">\n\t\t\t\t<div class=\"elementor-widget-container\">\n\t\t\t\t\t<h2 class=\"elementor-heading-title elementor-size-default\">KIKI HEALTH Zeol\u012bts \u2013 ceol\u012bts zarn\u0101m ar aktiv\u0113to ogli, kapsulas 100 gab.<\/h2>\t\t\t\t<\/div>\n\t\t\t\t<\/div>\n\t\t\t\t<div class=\"elementor-element elementor-element-40981e23 elementor-widget elementor-widget-text-editor\" data-id=\"40981e23\" data-element_type=\"widget\" data-widget_type=\"text-editor.default\">\n\t\t\t\t<div class=\"elementor-widget-container\">\n\t\t\t\t\t\t\t\t\t<p>Unik\u0101ls uztura bag\u0101tin\u0101t\u0101js ceol\u012bts ar aktiv\u0113to ogli - 100 ve\u0123et\u0101r\u0101s kapsulas<\/p><h3><strong>Lieliska kombin\u0101cija<\/strong><\/h3><p>Kop\u0101 \u0161\u012bs sast\u0101vda\u013cas darbojas siner\u0123iski, lai nodro\u0161in\u0101tu efekt\u012bvu un dabisku regul\u0113\u0161anas veidu.\u00a0<\/p><p>Vai esat noguris no v\u0113dera uzp\u016b\u0161an\u0101s un ne\u0113rt\u012bbas saj\u016btas p\u0113c \u0113\u0161anas?<\/p><h3><strong>Dabiski un efekt\u012bvi<\/strong><\/h3><p>Ceol\u012bts ir dabiski vulk\u0101nisks miner\u0101ls, kas veidojies Turcijas dienvidu Egejas vulk\u0101nisk\u0101 loka re\u0123ion\u0101, veidojies pirms miljoniem gadu, kad sp\u0113c\u012bgi vulk\u0101ni izvirda un izlaida lielu daudzumu s\u0101rmzemju vulk\u0101nisko pelnu.<\/p><p>Da\u013ca pelnu nos\u0113d\u0101s un veidoja biezas pelnu k\u0101rtas, bet p\u0101rsvar\u0101 pelni non\u0101ca j\u016br\u0101 un ezeros.<\/p><p>Ja ezera \u0137\u012bmiskais sast\u0101vs ir piem\u0113rots, vulk\u0101nisko putek\u013cu (pelnu) un \u016bdens \u0137\u012bmiskaj\u0101 reakcij\u0101 veidojas dabiski ceol\u012bti - m\u012bksti, labi struktur\u0113ti ie\u017ei ar iek\u0161\u0113jo strukt\u016bru.<\/p><h3><strong>Sp\u0113c\u012bgs sorbents<\/strong><\/h3><p>Ceol\u012bts ir miner\u0101ls ar b\u016brim l\u012bdz\u012bgu strukt\u016bru, kas sp\u0113j notvert taj\u0101 eso\u0161\u0101s molekulas, jo t\u0101 da\u013ci\u0146as ir \u013coti mikronu lielas (maz\u0101kas par 25 mikroniem).<\/p><p>KIKI Health ceol\u012bts ir dab\u012bgs produkts no dab\u012bg\u0101 miner\u0101la ceol\u012bta; tas var uzs\u016bkt pies\u0101r\u0146ot\u0101jus un toks\u012bnus k\u0101 s\u016bklis un dabiski izvilkt tos.<\/p><h3><strong>\u0112rts lieto\u0161an\u0101<\/strong><\/h3><p>Ikdienas lieto\u0161anai ieteicams dzert, uzdzerot gl\u0101zi \u016bdens. \u0160is pulverveida papildin\u0101jums ir saspiests ve\u0123et\u0101rie\u0161u un veg\u0101nu versij\u0101 <strong>atbilsto\u0161s<\/strong> hipromelozes kapsulas.<\/p><p>Produkts ir <strong>dabisks<\/strong> nesatur glut\u0113nu un kvie\u0161us, nesatur m\u0101ksl\u012bg\u0101s kr\u0101svielas, konservantus, saldin\u0101t\u0101jus vai pildvielas.<\/p><p>Nesagremojamais ceol\u012bts tiek viegli izvad\u012bts ar izk\u0101rn\u012bjumiem caur zarn\u0101m, neapgr\u016btinot vielmai\u0146u.<\/p><h3><strong>Nov\u0113rt\u0113ta kvalit\u0101te<\/strong><\/h3><p>Ceol\u012bts ar aktiv\u0113to ogli izce\u013cas ar to, ka satur augstas kvalit\u0101tes sast\u0101vda\u013cas. Ceol\u012bta pulveris ir dabisks miner\u0101ls, kas darbojas k\u0101 \u013coti efekt\u012bvs absorbents, lai absorb\u0113tu toks\u012bnus un pies\u0101r\u0146ot\u0101jus.\u00a0<\/p><p>Lai v\u0113l vair\u0101k uzlabotu t\u0101 priek\u0161roc\u012bbas, m\u0113s to sajauc\u0101m ar akt\u012bv\u0101s ogles pulveri, kas izgatavots no kokosriekstu \u010daumal\u0101m.<\/p><p>\u0160im sp\u0113c\u012bgajam uztura bag\u0101tin\u0101t\u0101jam ir neticamas \u012bpa\u0161\u012bbas, t\u0101p\u0113c m\u016bsu ceol\u012bts ar aktiv\u0113to ogli ir lieliska izv\u0113le tiem, kas mekl\u0113 dabisku gremo\u0161anas risin\u0101jumu.<\/p><h3><strong>P\u0100RTRAUKT meteorisms<\/strong><\/h3><p>Ne\u013caujiet p\u0101rm\u0113r\u012bgai v\u0113dera uzp\u016b\u0161anai un g\u0101z\u0113m sevi attur\u0113t.<\/p><p>KIKI Health Zeolite ar aktiv\u0113to ogli ir ne tikai efekt\u012bvs, bet ar\u012b \u0113rts lieto\u0161an\u0101.<\/p><h3><strong>Prec\u012bzs ra\u017eot\u0101js<\/strong><\/h3><p>Ra\u017eot\u0101js KIKI Health ir labi paz\u012bstams ar saviem augstas kvalit\u0101tes superproduktiem un uztura bag\u0101tin\u0101t\u0101jiem, un \u0161is produkts ir viens no vi\u0146u lab\u0101kajiem piem\u0113riem. Izmantojot KIKI vesel\u012bbas ceol\u012btu ar aktiv\u0113to ogli, varat b\u016bt p\u0101rliecin\u0101ti, ka ieg\u016bstat vislab\u0101ko<\/p><p>Izm\u0113\u0123iniet ceol\u012btu ar aktiv\u0113to ogli\u00a0\u2014 100\u00a0vegicaps jau \u0161odien un izbaudiet t\u0101 efektu.<\/p>\t\t\t\t\t\t\t\t<\/div>\n\t\t\t\t<\/div>\n\t\t\t\t\t<\/div>\n\t\t<\/div>\n\t\t\t\t<div class=\"elementor-column elementor-col-50 elementor-top-column elementor-element elementor-element-4dd6c130\" data-id=\"4dd6c130\" data-element_type=\"column\">\n\t\t\t<div class=\"elementor-widget-wrap elementor-element-populated\">\n\t\t\t\t\t\t<div class=\"elementor-element elementor-element-7314983a elementor-widget elementor-widget-image\" data-id=\"7314983a\" data-element_type=\"widget\" data-widget_type=\"image.default\">\n\t\t\t\t<div class=\"elementor-widget-container\">\n\t\t\t\t\t\t\t\t\t\t\t\t\t\t\t<img loading=\"lazy\" decoding=\"async\" width=\"900\" height=\"900\" src=\"https:\/\/findvit.com\/wp-content\/uploads\/2023\/04\/zeolite-900x900.jpg\" class=\"attachment-large size-large wp-image-12813\" alt=\"ceol\u012bts dab\u0101\" srcset=\"https:\/\/findvit.com\/wp-content\/uploads\/2023\/04\/zeolite-900x900.jpg 900w, https:\/\/findvit.com\/wp-content\/uploads\/2023\/04\/zeolite-600x600.jpg 600w, https:\/\/findvit.com\/wp-content\/uploads\/2023\/04\/zeolite-150x150.jpg 150w, https:\/\/findvit.com\/wp-content\/uploads\/2023\/04\/zeolite-768x768.jpg 768w, https:\/\/findvit.com\/wp-content\/uploads\/2023\/04\/zeolite-400x400.jpg 400w, https:\/\/findvit.com\/wp-content\/uploads\/2023\/04\/zeolite-100x100.jpg 100w, https:\/\/findvit.com\/wp-content\/uploads\/2023\/04\/zeolite-1x1.jpg 1w, https:\/\/findvit.com\/wp-content\/uploads\/2023\/04\/zeolite-10x10.jpg 10w, https:\/\/findvit.com\/wp-content\/uploads\/2023\/04\/zeolite.jpg 1000w\" sizes=\"auto, (max-width: 900px) 100vw, 900px\" \/>\t\t\t\t\t\t\t\t\t\t\t\t\t\t\t<\/div>\n\t\t\t\t<\/div>\n\t\t\t\t\t<\/div>\n\t\t<\/div>\n\t\t\t\t\t<\/div>\n\t\t<\/section>\n\t\t\t\t<\/div>","protected":false},"excerpt":{"rendered":"<p>Zeol\u012bts ar aktiv\u0113to ogli ir unik\u0101ls uztura bag\u0101tin\u0101t\u0101js, kas ir r\u016bp\u012bgi izstr\u0101d\u0101ts, izmantojot t\u012bru ceol\u012bta klinoptilot\u012btu, dab\u0101 sastopamu vulk\u0101nisku miner\u0101lu no Turcijas Egejas j\u016bras re\u0123iona, un akt\u012bv\u0101s ogles pulveri, kas ir r\u016bp\u012bgi ra\u017eots. Ceol\u012bts ir dabisks sorbents. Viegli lietojams, pat 100 veg\u0101nu kapsulas.<\/p>","protected":false},"featured_media":14258,"comment_status":"open","ping_status":"closed","template":"","meta":{"_acf_changed":false,"inline_featured_image":false},"etheme_brands":[{"term_id":28,"name":"Kiki Health","slug":"kiki-health","term_group":0,"term_taxonomy_id":28,"taxonomy":"brand","description":"<h2><a href=\"https:\/\/kiki-health.com\/about-us\/\" target=\"_blank\" rel=\"noopener\"><strong>KIKI Health<\/strong><\/a><\/h2>\r\nKIKI yra prek\u0117s \u017eenklas, kuriantis novatori\u0161kus maisto papildus.\r\n\r\nKIKI yra pripa\u017eintas ir gerbiamas, kaip sveikos gyvensenos produkt\u0173 ir individualumo bei meistri\u0161kumo standartas.\r\n\r\nKIKI gim\u0117 i\u0161 noro skatinti optimali\u0105 sveikat\u0105 ir gerov\u0119, m\u016bs\u0173 tikslas ir aistra yra \u012fsigyti auk\u0161\u010diausios kokyb\u0117s, grynumo produktus i\u0161 viso pasaulio, kurie pad\u0117t\u0173 gro\u017eiui ir sveikatai.\r\n\r\nNuo pat prad\u017ei\u0173 ir iki \u0161iol KIKI Health niekada nedaro kompromis\u0173 ir nededa pried\u0173 bei naudoja prastesni\u0173 ingredient\u0173 - tik nat\u016bralios 100% veikliosios med\u017eiagos.\r\n\r\nhttps:\/\/youtu.be\/irT0ZUOzBac?t=45\r\n<h3><strong>Nat\u016braliai turtingi <\/strong><strong>vitaminais, mineralais ir b\u016btinomis\u00a0 veikliosiomis med\u017eiagomis<\/strong><\/h3>\r\nDaugelis \"KIKI Health\" produkt\u0173 turintys augalini\u0173 ir maistini\u0173 med\u017eiag\u0173\u00a0 yra sertifikuoti, kaip ekologi\u0161ki.\r\n\r\nI\u0161naudodami stiprias augalin\u0117s kilm\u0117s, nat\u016brali\u0173 ingredient\u0173 galias, kupinas esmini\u0173 augal\u0173 veikli\u0173j\u0173 med\u017eiag\u0173, vitamin\u0173 ir mineral\u0173, kad suteikt\u0173 smegenims, odai ir k\u016bnui neprilygstam\u0105 pagalb\u0105.\r\n\r\nKIKI Health tikslas yra u\u017etikrinti, kad mi\u0161iniuose neb\u016bt\u0173 sintetikos, konservant\u0173, u\u017epild\u0173 ir ri\u0161ikli\u0173, u\u017etikrinant, kad ir toliau gamint\u0173 veiksmingus, \u0161varius ir saugius papildus.\r\n\r\nPagaminta Jungtin\u0117je Karalyst\u0117je i\u0161 \u0161vari\u0173 ir tvari\u0173 ingredient\u0173.\r\n<h3><strong>Atsakingumas<\/strong><\/h3>\r\nU\u017etikrindami, kad produktai b\u016bt\u0173 atsakingai u\u017eauginti, ne tik r\u016bpinamasi aplinka, bet ir garantuojama produkto kokyb\u0119. KIKI Healt specialistai keliauja po pasaul\u012f ie\u0161kodami ekologi\u0161k\u0173, eti\u0161kai gaut\u0173 ingredient\u0173, pasi\u017eymin\u010di\u0173 geresne maistine verte, kartu pad\u0117dami vietos bendruomen\u0117ms klest\u0117ti. Maisto gamybos b\u016bdas yra labai svarbus daugeliui vartotoj\u0173, ir tai kelia susir\u016bpinim\u0105, kur\u012f mes dalijam\u0117s.\r\n<h3><strong>Minimalus apdorojimas<\/strong><\/h3>\r\nNor\u0117dami pasiekti optimal\u0173 biologin\u012f prieinamum\u0105, stengiamasi, kad ingredientai b\u016bt\u0173 kuo ar\u010diau j\u0173 nat\u016bralios b\u016bkl\u0117s. Laikomasi minimalaus perdirbimo ir kontroliuojama temperat\u016bros, i\u0161kart po derliaus nu\u0117mimo, kad b\u016bt\u0173 i\u0161laikoma visa nauda sveikatai ir gyvybi\u0161kai svarbios maistin\u0117s med\u017eiagos.\r\n\r\n<strong>Produktuose n\u0117ra<\/strong>: sintetikos, dirbtini\u0173 da\u017eikli\u0173 ir kvapi\u0173j\u0173 med\u017eiag\u0173, u\u017epild\u0173, ri\u0161ikli\u0173, dengimo med\u017eiag\u0173, lipnum\u0105 reguliuojan\u010di\u0173 med\u017eiag\u0173, cukr\u0173, glitimo, GMO, laktoz\u0117s, konservant\u0173, pagalbini\u0173 med\u017eiag\u0173.\r\n\r\nVisi ingredientai ir galutiniai produktai yra reguliariai tikrinami tre\u010diosios \u0161alies laboratorijoje. U\u017etikrinama, kad kiekviena partija b\u016bt\u0173 i\u0161bandyta d\u0117l sunki\u0173j\u0173 metal\u0173, mikroorganizm\u0173 ir pesticid\u0173 laikantis grie\u017et\u0173 kokyb\u0117s kontrol\u0117s s\u0105lyg\u0173, o rezultatai atitikt\u0173 ES ir JK ribinius reglamentus, \u012fskaitant ekologinio \u016bkininkavimo standartus.","parent":0,"count":28,"filter":"raw"}],"product_brand":[],"product_cat":[15],"product_tag":[126,122,97],"class_list":{"0":"post-12788","1":"product","2":"type-product","3":"status-publish","4":"has-post-thumbnail","6":"brand-kiki-health","7":"product_cat-produktai","8":"product_tag-greitam-virskinimui-ir-salinimui","9":"product_tag-jaunatviskai-odai","10":"product_tag-svorio-kontrolei","12":"first","13":"outofstock","14":"taxable","15":"shipping-taxable","16":"purchasable","17":"product-type-simple"},"acf":[],"_links":{"self":[{"href":"https:\/\/findvit.com\/lv\/wp-json\/wp\/v2\/product\/12788","targetHints":{"allow":["GET"]}}],"collection":[{"href":"https:\/\/findvit.com\/lv\/wp-json\/wp\/v2\/product"}],"about":[{"href":"https:\/\/findvit.com\/lv\/wp-json\/wp\/v2\/types\/product"}],"replies":[{"embeddable":true,"href":"https:\/\/findvit.com\/lv\/wp-json\/wp\/v2\/comments?post=12788"}],"version-history":[{"count":32,"href":"https:\/\/findvit.com\/lv\/wp-json\/wp\/v2\/product\/12788\/revisions"}],"predecessor-version":[{"id":15950,"href":"https:\/\/findvit.com\/lv\/wp-json\/wp\/v2\/product\/12788\/revisions\/15950"}],"wp:featuredmedia":[{"embeddable":true,"href":"https:\/\/findvit.com\/lv\/wp-json\/wp\/v2\/media\/14258"}],"wp:attachment":[{"href":"https:\/\/findvit.com\/lv\/wp-json\/wp\/v2\/media?parent=12788"}],"wp:term":[{"taxonomy":"brand","embeddable":true,"href":"https:\/\/findvit.com\/lv\/wp-json\/wp\/v2\/etheme_brands?post=12788"},{"taxonomy":"product_brand","embeddable":true,"href":"https:\/\/findvit.com\/lv\/wp-json\/wp\/v2\/product_brand?post=12788"},{"taxonomy":"product_cat","embeddable":true,"href":"https:\/\/findvit.com\/lv\/wp-json\/wp\/v2\/product_cat?post=12788"},{"taxonomy":"product_tag","embeddable":true,"href":"https:\/\/findvit.com\/lv\/wp-json\/wp\/v2\/product_tag?post=12788"}],"curies":[{"name":"wp","href":"https:\/\/api.w.org\/{rel}","templated":true}]}}