{"id":12944,"date":"2023-05-02T15:25:03","date_gmt":"2023-05-02T12:25:03","guid":{"rendered":"https:\/\/findvit.com\/?post_type=product&#038;p=12944"},"modified":"2026-02-09T16:29:18","modified_gmt":"2026-02-09T14:29:18","slug":"kiki-health-organic-multi-mushroom-8-grybu-misinys-ekologiskas-60-kaps","status":"publish","type":"product","link":"https:\/\/findvit.com\/lv\/produktas\/kiki-health-organic-multi-mushroom-8-grybu-misinys-ekologiskas-60-kaps\/","title":{"rendered":"KIKI Health Organic Multi-Mushroom &#8211; 8 Funkcini\u0173 Gryb\u0173 ekstrakt\u0173 kompleksas- stipraim imunitetui, 60 vegkapsuli\u0173"},"content":{"rendered":"<div data-elementor-type=\"product-post\" data-elementor-id=\"12944\" class=\"elementor elementor-12944\" data-elementor-post-type=\"product\">\n\t\t\t\t\t\t<section class=\"elementor-section elementor-top-section elementor-element elementor-element-e9886d6 elementor-section-boxed elementor-section-height-default elementor-section-height-default\" data-id=\"e9886d6\" data-element_type=\"section\">\n\t\t\t\t\t\t<div class=\"elementor-container elementor-column-gap-default\">\n\t\t\t\t\t<div class=\"elementor-column elementor-col-100 elementor-top-column elementor-element elementor-element-07134da\" data-id=\"07134da\" data-element_type=\"column\">\n\t\t\t<div class=\"elementor-widget-wrap elementor-element-populated\">\n\t\t\t\t\t\t<div class=\"elementor-element elementor-element-c973584 elementor-absolute elementor-hidden-mobile elementor-invisible elementor-widget elementor-widget-image\" data-id=\"c973584\" data-element_type=\"widget\" data-settings=\"{&quot;motion_fx_motion_fx_scrolling&quot;:&quot;yes&quot;,&quot;motion_fx_rotateZ_effect&quot;:&quot;yes&quot;,&quot;motion_fx_rotateZ_speed&quot;:{&quot;unit&quot;:&quot;px&quot;,&quot;size&quot;:5,&quot;sizes&quot;:[]},&quot;motion_fx_range&quot;:&quot;viewport&quot;,&quot;_animation&quot;:&quot;fadeIn&quot;,&quot;_position&quot;:&quot;absolute&quot;,&quot;motion_fx_rotateZ_affectedRange&quot;:{&quot;unit&quot;:&quot;%&quot;,&quot;size&quot;:&quot;&quot;,&quot;sizes&quot;:{&quot;start&quot;:0,&quot;end&quot;:100}},&quot;motion_fx_devices&quot;:[&quot;desktop&quot;,&quot;tablet&quot;,&quot;mobile&quot;]}\" data-widget_type=\"image.default\">\n\t\t\t\t<div class=\"elementor-widget-container\">\n\t\t\t\t\t\t\t\t\t\t\t\t\t\t\t<img loading=\"lazy\" decoding=\"async\" width=\"200\" height=\"200\" src=\"https:\/\/findvit.com\/wp-content\/uploads\/2021\/09\/ratukas.svg\" class=\"attachment-full size-full wp-image-1777\" alt=\"Ritenis no anketas l\u012bdz vitam\u012bnam\" \/>\t\t\t\t\t\t\t\t\t\t\t\t\t\t\t<\/div>\n\t\t\t\t<\/div>\n\t\t\t\t\t<\/div>\n\t\t<\/div>\n\t\t\t\t\t<\/div>\n\t\t<\/section>\n\t\t\t\t<section class=\"elementor-section elementor-top-section elementor-element elementor-element-f3dde90 elementor-section-boxed elementor-section-height-default elementor-section-height-default\" data-id=\"f3dde90\" data-element_type=\"section\">\n\t\t\t\t\t\t<div class=\"elementor-container elementor-column-gap-no\">\n\t\t\t\t\t<div class=\"elementor-column elementor-col-50 elementor-top-column elementor-element elementor-element-d43d58f\" data-id=\"d43d58f\" data-element_type=\"column\">\n\t\t\t<div class=\"elementor-widget-wrap elementor-element-populated\">\n\t\t\t\t\t\t<div class=\"elementor-element elementor-element-598c60f elementor-widget elementor-widget-heading\" data-id=\"598c60f\" data-element_type=\"widget\" data-widget_type=\"heading.default\">\n\t\t\t\t<div class=\"elementor-widget-container\">\n\t\t\t\t\t<h2 class=\"elementor-heading-title elementor-size-default\">S\u0113\u0146u ekstrakti KIKI Health - Organisks 8 s\u0113\u0146u mais\u012bjums<\/h2>\t\t\t\t<\/div>\n\t\t\t\t<\/div>\n\t\t\t\t<div class=\"elementor-element elementor-element-df9436a elementor-widget elementor-widget-text-editor\" data-id=\"df9436a\" data-element_type=\"widget\" data-widget_type=\"text-editor.default\">\n\t\t\t\t<div class=\"elementor-widget-container\">\n\t\t\t\t\t\t\t\t\t<p>M\u0113s dal\u0101mies ar jums <strong>br\u012bni\u0161\u0137\u012bgs atkl\u0101jums<\/strong> Kiki Health Multi Mushroom Blend ir biolo\u0123isks uztura bag\u0101tin\u0101t\u0101js, kas satur pat 8 da\u017e\u0101du veidu organisk\u0101s s\u0113nes ar daudz\u0101m labv\u0113l\u012bg\u0101m \u012bpa\u0161\u012bb\u0101m.<\/p><p>\u0160is ir j\u016bsu atkl\u0101jumu ce\u013cojums <strong>s\u0113\u0146u dabiskais sp\u0113ks<\/strong>.<\/p><p>\u0160is ekstrakts ir <strong>unik\u0101la siner\u0123ija<\/strong> starp asto\u0146\u0101m da\u017e\u0101d\u0101m organisk\u0101m s\u0113n\u0113m, no kur\u0101m katra ir paz\u012bstama ar sav\u0101m unik\u0101laj\u0101m \u012bpa\u0161\u012bb\u0101m.<\/p><h3><strong>LAIKU P\u0100RBAUD\u012aTS<\/strong><\/h3><p>S\u0113nes ir sena gudr\u012bba un sp\u0113c\u012bgs dabisks l\u012bdzeklis, ko izmanto daudzi tradicion\u0101lo valstu prakti\u0137i.<\/p><h3><strong>SP\u0112C\u012aGS EFEKTS\u00a0<\/strong><\/h3><p>S\u0113nes satur unik\u0101lus savienojumus, ko sauc par beta-glik\u0101niem, kas:<\/p><ul><li>pal\u012bdz atbalst\u012bt <strong>norm\u0101li <\/strong>holester\u012bns <br \/>koncentr\u0101cija asin\u012bs<\/li><li><strong>pal\u012bdz samazin\u0101t palielin\u0101to<\/strong><br \/><strong>glikozes koncentr\u0101cija<\/strong> asin\u012bs t\u016bl\u012bt p\u0113c \u0113\u0161anas<\/li><\/ul><h3><strong>PILN\u012aGI DAB\u012aGI<\/strong><\/h3><p>Kiki Health Multi Mushroom Blend ir lielisks veids, k\u0101 g\u016bt labumu no s\u0113n\u0113m.<\/p><p>\u0160is uztura bag\u0101tin\u0101t\u0101js ir <strong>izgatavots no biolo\u0123iski audz\u0113t\u0101m s\u0113n\u0113m<\/strong>, kuras maigi nosusina un sasmalcina pulver\u012b.<\/p><p><strong>Nav neviena<\/strong> bez pildviel\u0101m vai m\u0101ksl\u012bg\u0101m piedev\u0101m.<\/p><h3><strong>PAT 8 S\u0112NES<\/strong><\/h3><p>Katra kapsula satur 400 mg s\u0113\u0146u mais\u012bjuma, kas satur \u0161\u0101das sugas:<\/p><p>&#8211; <strong>Rei\u0161i<\/strong> \u2013 tiek d\u0113v\u0113ta par &quot;bezgal\u012bg\u0101s dz\u012bves s\u0113ni&quot;, jo tai piem\u012bt sp\u0113c\u012bgas un sen zin\u0101mas \u012bpa\u0161\u012bbas. Reishi mier\u012bgam pr\u0101tam, garast\u0101voklim un miegam.<br \/>&#8211; <strong>\u010caga<\/strong> - sauc par &quot;karalisko s\u0113ni&quot;, jo taj\u0101 ir visvair\u0101k antioksidantu no vis\u0101m s\u0113n\u0113m. Tiek uzskat\u012bts, ka Chaga iedarb\u012bba ir l\u012bdz\u012bga antioksidantu iedarb\u012bbai.\u00a0<br \/>&#8211; <strong>Kordicepss<\/strong> \u2013 tiek saukta par &quot;ener\u0123ijas s\u0113ni&quot;, jo tai ir ar fizisko un gar\u012bgo st\u0101vokli saist\u012btas sp\u0113jas. Kordiceps cirkul\u0101cijai, dzimumtieksmei.<br \/>&#8211; <strong>\u0160itake<\/strong> - tiek d\u0113v\u0113ts par &quot;dz\u012bv\u012bbas eliks\u012bru&quot;, jo satur daudz D un B kompleksa vitam\u012bnu. \u0160itaki kauliem, matiem un nagiem.<br \/>&#8211; <strong>Maitake<\/strong> - sauc par &quot;vesel\u012bbas s\u0113ni&quot;, jo satur daudz beta-glik\u0101nu. Hormonu l\u012bdzsvaram un vielmai\u0146ai.\u00a0<br \/>&#8211; <strong>Lauvas kr\u0113pes<\/strong> - sauc par &quot;smadze\u0146u s\u0113ni&quot;, jo satur daudz nervu aug\u0161anas faktoru. Lauvas kr\u0113pes nerviem, smadzen\u0113m, trauksmei<br \/>&#8211; <strong>Agaricus<\/strong> \u2013 sauc par &quot;dievi\u0161\u0137o s\u0113ni&quot;, jo satur daudz beta-glik\u0101nu un ergosterola, aminosk\u0101bes un vitam\u012bnus. Pret aler\u0123ij\u0101m, imunit\u0101ti, akn\u0101m.<br \/><strong>- Auricularia -<\/strong>\u00a0 s\u0113ne tiek nov\u0113rt\u0113ta k\u0101 sp\u0113c\u012bgs antioksidants. \u0160\u016bn\u0101m holester\u012bns.<\/p><h3><strong>VIEGLI LIETOT<\/strong><\/h3><p>Kiki Health Multi Mushroom Blend ir viegls un piem\u0113rots veg\u0101niem un ve\u0123et\u0101rie\u0161iem.<\/p><p>Tas nesatur nek\u0101das m\u0101ksl\u012bgas piedevas vai kr\u0101svielas. Viena kapsula satur 400 mg s\u0113\u0146u ekstrakta, kas ir vien\u0101ds ar 4 g svaigu s\u0113\u0146u.<\/p><p>Ieteicams lietot vienu kapsulu divas reizes dien\u0101, uzdzerot gl\u0101zi \u016bdens vai cita \u0161\u0137idruma.<\/p><p>\u0160is produkts ir <strong>sertific\u0113ts k\u0101 biolo\u0123isks un atbilst augst\u0101kajiem kvalit\u0101tes standartiem.<\/strong><\/p><h3><strong>LABS IEGUVUMS<\/strong><\/h3><p>Ja v\u0113laties izm\u0113\u0123in\u0101t \u0161o apbr\u012bnojamo produktu un redz\u0113t t\u0101 pozit\u012bvo ietekmi, nevilcinieties un pas\u016btiet to t\u016bl\u012bt.<\/p><p>Tas ir lielisks ieguld\u012bjums j\u016bsu dz\u012bves kvalit\u0101t\u0113. Nepalaidiet gar\u0101m \u0161o unik\u0101lo iesp\u0113ju un esiet viens no pirmajiem, kas atkl\u0101j \u0161\u012b produkta br\u012bnumus.\u00a0<\/p>\t\t\t\t\t\t\t\t<\/div>\n\t\t\t\t<\/div>\n\t\t\t\t\t<\/div>\n\t\t<\/div>\n\t\t\t\t<div class=\"elementor-column elementor-col-50 elementor-top-column elementor-element elementor-element-616bc1c\" data-id=\"616bc1c\" data-element_type=\"column\">\n\t\t\t<div class=\"elementor-widget-wrap elementor-element-populated\">\n\t\t\t\t\t\t<div class=\"elementor-element elementor-element-618f4fb elementor-widget elementor-widget-image\" data-id=\"618f4fb\" data-element_type=\"widget\" data-widget_type=\"image.default\">\n\t\t\t\t<div class=\"elementor-widget-container\">\n\t\t\t\t\t\t\t\t\t\t\t\t\t\t\t<img loading=\"lazy\" decoding=\"async\" width=\"900\" height=\"900\" src=\"https:\/\/findvit.com\/wp-content\/uploads\/2023\/05\/Koliazas-multi-mushroom-900x900.jpg\" class=\"attachment-large size-large wp-image-12957\" alt=\"Kolizaz vair\u0101ku s\u0113\u0146u\" srcset=\"https:\/\/findvit.com\/wp-content\/uploads\/2023\/05\/Koliazas-multi-mushroom-900x900.jpg 900w, https:\/\/findvit.com\/wp-content\/uploads\/2023\/05\/Koliazas-multi-mushroom-600x600.jpg 600w, https:\/\/findvit.com\/wp-content\/uploads\/2023\/05\/Koliazas-multi-mushroom-150x150.jpg 150w, https:\/\/findvit.com\/wp-content\/uploads\/2023\/05\/Koliazas-multi-mushroom-768x768.jpg 768w, https:\/\/findvit.com\/wp-content\/uploads\/2023\/05\/Koliazas-multi-mushroom-400x400.jpg 400w, https:\/\/findvit.com\/wp-content\/uploads\/2023\/05\/Koliazas-multi-mushroom-100x100.jpg 100w, https:\/\/findvit.com\/wp-content\/uploads\/2023\/05\/Koliazas-multi-mushroom-1x1.jpg 1w, https:\/\/findvit.com\/wp-content\/uploads\/2023\/05\/Koliazas-multi-mushroom-10x10.jpg 10w, https:\/\/findvit.com\/wp-content\/uploads\/2023\/05\/Koliazas-multi-mushroom.jpg 1000w\" sizes=\"auto, (max-width: 900px) 100vw, 900px\" \/>\t\t\t\t\t\t\t\t\t\t\t\t\t\t\t<\/div>\n\t\t\t\t<\/div>\n\t\t\t\t\t<\/div>\n\t\t<\/div>\n\t\t\t\t\t<\/div>\n\t\t<\/section>\n\t\t\t\t<\/div>","protected":false},"excerpt":{"rendered":"<p><strong>Unik\u0101ls<\/strong> s\u0113\u0146u ekstrakti gai\u0161am pr\u0101tam un l\u012bdzsvarotam \u0137ermenim. Izbaudiet t\u012bru un koncentr\u0113tu KIKI Health Organic 8 s\u0113\u0146u ekstraktu mais\u012bjumu - <strong>unik\u0101la<\/strong> asto\u0146u organisko s\u0113\u0146u ekstraktu mais\u012bjums, standartiz\u0113ts un <strong>garant\u0113jot efektivit\u0101ti<\/strong> ar 50% beta-glik\u0101nu saturo\u0161iem polisahar\u012bdiem. <strong>Biolo\u0123iski, t\u012bri un t\u012bri, audz\u0113ti ES<\/strong>. Tie ietver Cordyceps, Chaga, Lions Mane, Shiitake, Reishi, Maitake, Agaricus un Auricularia. <strong>Visi<\/strong> s\u0113nes vien\u0101 kapsul\u0101.<\/p>","protected":false},"featured_media":16089,"comment_status":"open","ping_status":"closed","template":"","meta":{"_acf_changed":false,"inline_featured_image":false},"etheme_brands":[{"term_id":28,"name":"Kiki Health","slug":"kiki-health","term_group":0,"term_taxonomy_id":28,"taxonomy":"brand","description":"<h2><a href=\"https:\/\/kiki-health.com\/about-us\/\" target=\"_blank\" rel=\"noopener\"><strong>KIKI Health<\/strong><\/a><\/h2>\r\nKIKI yra prek\u0117s \u017eenklas, kuriantis novatori\u0161kus maisto papildus.\r\n\r\nKIKI yra pripa\u017eintas ir gerbiamas, kaip sveikos gyvensenos produkt\u0173 ir individualumo bei meistri\u0161kumo standartas.\r\n\r\nKIKI gim\u0117 i\u0161 noro skatinti optimali\u0105 sveikat\u0105 ir gerov\u0119, m\u016bs\u0173 tikslas ir aistra yra \u012fsigyti auk\u0161\u010diausios kokyb\u0117s, grynumo produktus i\u0161 viso pasaulio, kurie pad\u0117t\u0173 gro\u017eiui ir sveikatai.\r\n\r\nNuo pat prad\u017ei\u0173 ir iki \u0161iol KIKI Health niekada nedaro kompromis\u0173 ir nededa pried\u0173 bei naudoja prastesni\u0173 ingredient\u0173 - tik nat\u016bralios 100% veikliosios med\u017eiagos.\r\n\r\nhttps:\/\/youtu.be\/irT0ZUOzBac?t=45\r\n<h3><strong>Nat\u016braliai turtingi <\/strong><strong>vitaminais, mineralais ir b\u016btinomis\u00a0 veikliosiomis med\u017eiagomis<\/strong><\/h3>\r\nDaugelis \"KIKI Health\" produkt\u0173 turintys augalini\u0173 ir maistini\u0173 med\u017eiag\u0173\u00a0 yra sertifikuoti, kaip ekologi\u0161ki.\r\n\r\nI\u0161naudodami stiprias augalin\u0117s kilm\u0117s, nat\u016brali\u0173 ingredient\u0173 galias, kupinas esmini\u0173 augal\u0173 veikli\u0173j\u0173 med\u017eiag\u0173, vitamin\u0173 ir mineral\u0173, kad suteikt\u0173 smegenims, odai ir k\u016bnui neprilygstam\u0105 pagalb\u0105.\r\n\r\nKIKI Health tikslas yra u\u017etikrinti, kad mi\u0161iniuose neb\u016bt\u0173 sintetikos, konservant\u0173, u\u017epild\u0173 ir ri\u0161ikli\u0173, u\u017etikrinant, kad ir toliau gamint\u0173 veiksmingus, \u0161varius ir saugius papildus.\r\n\r\nPagaminta Jungtin\u0117je Karalyst\u0117je i\u0161 \u0161vari\u0173 ir tvari\u0173 ingredient\u0173.\r\n<h3><strong>Atsakingumas<\/strong><\/h3>\r\nU\u017etikrindami, kad produktai b\u016bt\u0173 atsakingai u\u017eauginti, ne tik r\u016bpinamasi aplinka, bet ir garantuojama produkto kokyb\u0119. KIKI Healt specialistai keliauja po pasaul\u012f ie\u0161kodami ekologi\u0161k\u0173, eti\u0161kai gaut\u0173 ingredient\u0173, pasi\u017eymin\u010di\u0173 geresne maistine verte, kartu pad\u0117dami vietos bendruomen\u0117ms klest\u0117ti. Maisto gamybos b\u016bdas yra labai svarbus daugeliui vartotoj\u0173, ir tai kelia susir\u016bpinim\u0105, kur\u012f mes dalijam\u0117s.\r\n<h3><strong>Minimalus apdorojimas<\/strong><\/h3>\r\nNor\u0117dami pasiekti optimal\u0173 biologin\u012f prieinamum\u0105, stengiamasi, kad ingredientai b\u016bt\u0173 kuo ar\u010diau j\u0173 nat\u016bralios b\u016bkl\u0117s. Laikomasi minimalaus perdirbimo ir kontroliuojama temperat\u016bros, i\u0161kart po derliaus nu\u0117mimo, kad b\u016bt\u0173 i\u0161laikoma visa nauda sveikatai ir gyvybi\u0161kai svarbios maistin\u0117s med\u017eiagos.\r\n\r\n<strong>Produktuose n\u0117ra<\/strong>: sintetikos, dirbtini\u0173 da\u017eikli\u0173 ir kvapi\u0173j\u0173 med\u017eiag\u0173, u\u017epild\u0173, ri\u0161ikli\u0173, dengimo med\u017eiag\u0173, lipnum\u0105 reguliuojan\u010di\u0173 med\u017eiag\u0173, cukr\u0173, glitimo, GMO, laktoz\u0117s, konservant\u0173, pagalbini\u0173 med\u017eiag\u0173.\r\n\r\nVisi ingredientai ir galutiniai produktai yra reguliariai tikrinami tre\u010diosios \u0161alies laboratorijoje. U\u017etikrinama, kad kiekviena partija b\u016bt\u0173 i\u0161bandyta d\u0117l sunki\u0173j\u0173 metal\u0173, mikroorganizm\u0173 ir pesticid\u0173 laikantis grie\u017et\u0173 kokyb\u0117s kontrol\u0117s s\u0105lyg\u0173, o rezultatai atitikt\u0173 ES ir JK ribinius reglamentus, \u012fskaitant ekologinio \u016bkininkavimo standartus.","parent":0,"count":28,"filter":"raw"}],"product_brand":[],"product_cat":[645,648,63],"product_tag":[125,91,120],"class_list":{"0":"post-12944","1":"product","2":"type-product","3":"status-publish","4":"has-post-thumbnail","6":"brand-kiki-health","7":"product_cat-geriausi-papildai-vyrams","8":"product_cat-naujienos","9":"product_cat-mineralai","10":"product_tag-energijai","11":"product_tag-imunitetui","12":"product_tag-organizmo-stiprinimui","14":"first","15":"instock","16":"featured","17":"taxable","18":"shipping-taxable","19":"purchasable","20":"product-type-simple"},"acf":[],"_links":{"self":[{"href":"https:\/\/findvit.com\/lv\/wp-json\/wp\/v2\/product\/12944","targetHints":{"allow":["GET"]}}],"collection":[{"href":"https:\/\/findvit.com\/lv\/wp-json\/wp\/v2\/product"}],"about":[{"href":"https:\/\/findvit.com\/lv\/wp-json\/wp\/v2\/types\/product"}],"replies":[{"embeddable":true,"href":"https:\/\/findvit.com\/lv\/wp-json\/wp\/v2\/comments?post=12944"}],"version-history":[{"count":22,"href":"https:\/\/findvit.com\/lv\/wp-json\/wp\/v2\/product\/12944\/revisions"}],"predecessor-version":[{"id":22432,"href":"https:\/\/findvit.com\/lv\/wp-json\/wp\/v2\/product\/12944\/revisions\/22432"}],"wp:featuredmedia":[{"embeddable":true,"href":"https:\/\/findvit.com\/lv\/wp-json\/wp\/v2\/media\/16089"}],"wp:attachment":[{"href":"https:\/\/findvit.com\/lv\/wp-json\/wp\/v2\/media?parent=12944"}],"wp:term":[{"taxonomy":"brand","embeddable":true,"href":"https:\/\/findvit.com\/lv\/wp-json\/wp\/v2\/etheme_brands?post=12944"},{"taxonomy":"product_brand","embeddable":true,"href":"https:\/\/findvit.com\/lv\/wp-json\/wp\/v2\/product_brand?post=12944"},{"taxonomy":"product_cat","embeddable":true,"href":"https:\/\/findvit.com\/lv\/wp-json\/wp\/v2\/product_cat?post=12944"},{"taxonomy":"product_tag","embeddable":true,"href":"https:\/\/findvit.com\/lv\/wp-json\/wp\/v2\/product_tag?post=12944"}],"curies":[{"name":"wp","href":"https:\/\/api.w.org\/{rel}","templated":true}]}}