{"id":1392,"date":"2021-08-10T16:50:10","date_gmt":"2021-08-10T13:50:10","guid":{"rendered":"https:\/\/findvit.com\/?post_type=product&#038;p=1392"},"modified":"2024-12-17T17:43:37","modified_gmt":"2024-12-17T15:43:37","slug":"trace-minerals-tabletes-juros-mineralu-kompleksas-90-tableciu","status":"publish","type":"product","link":"https:\/\/findvit.com\/lv\/produktas\/trace-minerals-tabletes-juros-mineralu-kompleksas-90-tableciu\/","title":{"rendered":"Trace Minerals tabletes - J\u016bras miner\u0101lu komplekss, 90 tabletes"},"content":{"rendered":"<div data-elementor-type=\"product-post\" data-elementor-id=\"1392\" class=\"elementor elementor-1392\" data-elementor-post-type=\"product\">\n\t\t\t\t\t\t<section class=\"elementor-section elementor-top-section elementor-element elementor-element-44d1306 elementor-section-boxed elementor-section-height-default elementor-section-height-default\" data-id=\"44d1306\" data-element_type=\"section\">\n\t\t\t\t\t\t<div class=\"elementor-container elementor-column-gap-default\">\n\t\t\t\t\t<div class=\"elementor-column elementor-col-100 elementor-top-column elementor-element elementor-element-1d92f68\" data-id=\"1d92f68\" data-element_type=\"column\">\n\t\t\t<div class=\"elementor-widget-wrap elementor-element-populated\">\n\t\t\t\t\t\t<div class=\"elementor-element elementor-element-ae2133e elementor-absolute elementor-hidden-mobile elementor-invisible elementor-widget elementor-widget-image\" data-id=\"ae2133e\" data-element_type=\"widget\" data-settings=\"{&quot;motion_fx_motion_fx_scrolling&quot;:&quot;yes&quot;,&quot;motion_fx_rotateZ_effect&quot;:&quot;yes&quot;,&quot;motion_fx_rotateZ_speed&quot;:{&quot;unit&quot;:&quot;px&quot;,&quot;size&quot;:5,&quot;sizes&quot;:[]},&quot;motion_fx_range&quot;:&quot;viewport&quot;,&quot;_animation&quot;:&quot;fadeIn&quot;,&quot;_position&quot;:&quot;absolute&quot;,&quot;motion_fx_rotateZ_affectedRange&quot;:{&quot;unit&quot;:&quot;%&quot;,&quot;size&quot;:&quot;&quot;,&quot;sizes&quot;:{&quot;start&quot;:0,&quot;end&quot;:100}},&quot;motion_fx_devices&quot;:[&quot;desktop&quot;,&quot;tablet&quot;,&quot;mobile&quot;]}\" data-widget_type=\"image.default\">\n\t\t\t\t<div class=\"elementor-widget-container\">\n\t\t\t\t\t\t\t\t\t\t\t\t\t\t\t<img loading=\"lazy\" decoding=\"async\" width=\"200\" height=\"200\" src=\"https:\/\/findvit.com\/wp-content\/uploads\/2021\/09\/ratukas.svg\" class=\"attachment-full size-full wp-image-1777\" alt=\"Ritenis no anketas l\u012bdz vitam\u012bnam\" \/>\t\t\t\t\t\t\t\t\t\t\t\t\t\t\t<\/div>\n\t\t\t\t<\/div>\n\t\t\t\t\t<\/div>\n\t\t<\/div>\n\t\t\t\t\t<\/div>\n\t\t<\/section>\n\t\t\t\t<section class=\"elementor-section elementor-top-section elementor-element elementor-element-6410fe1 elementor-section-boxed elementor-section-height-default elementor-section-height-default\" data-id=\"6410fe1\" data-element_type=\"section\">\n\t\t\t\t\t\t<div class=\"elementor-container elementor-column-gap-no\">\n\t\t\t\t\t<div class=\"elementor-column elementor-col-50 elementor-top-column elementor-element elementor-element-21077b0\" data-id=\"21077b0\" data-element_type=\"column\">\n\t\t\t<div class=\"elementor-widget-wrap elementor-element-populated\">\n\t\t\t\t\t\t<div class=\"elementor-element elementor-element-6e79c25 elementor-widget elementor-widget-heading\" data-id=\"6e79c25\" data-element_type=\"widget\" data-widget_type=\"heading.default\">\n\t\t\t\t<div class=\"elementor-widget-container\">\n\t\t\t\t\t<h3 class=\"elementor-heading-title elementor-size-default\">Trace Minerals tabletes - J\u016bras miner\u0101lu komplekss, 90 tabletes<\/h3>\t\t\t\t<\/div>\n\t\t\t\t<\/div>\n\t\t\t\t<div class=\"elementor-element elementor-element-03f2329 elementor-widget elementor-widget-text-editor\" data-id=\"03f2329\" data-element_type=\"widget\" data-widget_type=\"text-editor.default\">\n\t\t\t\t<div class=\"elementor-widget-container\">\n\t\t\t\t\t\t\t\t\t<p><strong>Koncentr\u0113ts miner\u0101lvielu un akt\u012bvo vielu komplekss. <\/strong>Bag\u0101tin\u0101ts ar Concentrace\u00ae 72 jonu j\u016bras miner\u0101lu kompleksu.<strong> Lucerna magnij\u0101, jod\u0101 un mellen\u0113s.<\/strong><\/p><p>\u00a0<strong>Nodro\u0161ina<\/strong> visnepiecie\u0161am\u0101kais <strong>miner\u0101lvielas.<\/strong>\u00a0<br \/><br \/>Trace Minerals Keto Electrolyte Tablets ir augst\u0101k\u0101s kvalit\u0101tes uztura bag\u0101tin\u0101t\u0101js.<br \/><br \/><\/p><p><strong>Labi nov\u0113rt\u0113ts<\/strong>, k\u0101 \u012bpa\u0161i izstr\u0101d\u0101ts uztura bag\u0101tin\u0101t\u0101js ar sp\u0113c\u012bgu elektrol\u012btu formulu.\u00a0<\/p><p>Tabletes ir ar\u012b stiprin\u0101tas <strong>B6 vitam\u012bns<\/strong> un <strong>taur\u012bns<\/strong>, kur:<\/p><ul><li>B6 vitam\u012bns ir svar\u012bgs <br \/>norm\u0101la nervu sist\u0113ma <br \/>aktivit\u0101t\u0113m<\/li><li>B6 vitam\u012bns ir svar\u012bgs <br \/>norm\u0101la psiholo\u0123iska <br \/>lai uztur\u0113tu st\u0101vokli<\/li><li>B6 vitam\u012bns pal\u012bdz <br \/>samazin\u0101t noguruma saj\u016btu<br \/>un nogurums<\/li><\/ul><p>Produkts satur stear\u012bnsk\u0101bi, mikrokrist\u0101lisko celulozi, kroskarmelozes n\u0101triju, hipromelozi, magnija stear\u0101tu. Turkl\u0101t tas satur ar\u012b koncentr\u0113tu pilna spektra jonu mikroelementu kompleksu<\/p><p>Ieteicam\u0101 deva ir 4-6 tabletes dien\u0101, sadalot starp \u0113dienreiz\u0113m. \u012apa\u0161i ieteicams lietot pirms un p\u0113c fizisko aktivit\u0101\u0161u periodiem, k\u0101 ar\u012b liela daudzuma \u0161\u0137idruma dzer\u0161anas.\u00a0\u00a0<\/p><p><b>Jonu miner\u0101li <\/b>ir dabas rad\u012bti, t\u0101pat k\u0101 tie, kas atrodami p\u0101rtik\u0101 <strong>mikroelementi<\/strong>. \u0160o biolo\u0123iski akt\u012bvo, \u016bden\u012b \u0161\u0137\u012bsto\u0161o miner\u0101lu veido\u0161an\u0101s prasa vair\u0101kus gadus.\u00a0<\/p><p><strong>ConcenTrace<\/strong> materi\u0101ls tiek ieg\u016bts no Liel\u0101 S\u0101lsezera. \u0160is ezers ir pies\u0101tin\u0101ts ar miner\u0101liem, kas \u0161eit uzkr\u0101ju\u0161ies t\u016bksto\u0161iem gadu.<\/p><p>\u0160is materi\u0101ls paliek apm <strong>72 da\u017e\u0101di miner\u0101li jonu form\u0101.<\/strong> Miner\u0101lu jonu formas d\u0113\u013c to labi nov\u0113rt\u0113 cilv\u0113ki, kuri to ir lietoju\u0161i.<\/p><p><strong>Pietiek ar 30 l\u012bdz 90 dien\u0101m.<\/strong><\/p><p>K\u0101 <strong>uzzini<\/strong> k\u0101di vitam\u012bni, miner\u0101lvielas vai citas piedevas <strong>\u0161obr\u012bd vispiem\u0113rot\u0101kais<\/strong>?  Izm\u0113\u0123iniet bezmaksas testu <a href=\"https:\/\/findvit.com\/lv\/testas\/\"><strong>&quot;Tava diena&quot;<\/strong><\/a>, noskaidro organisma vajadz\u012bbas un sa\u0146em person\u012bgu ieteikumu!<\/p>\t\t\t\t\t\t\t\t<\/div>\n\t\t\t\t<\/div>\n\t\t\t\t\t<\/div>\n\t\t<\/div>\n\t\t\t\t<div class=\"elementor-column elementor-col-50 elementor-top-column elementor-element elementor-element-cb5f0b4\" data-id=\"cb5f0b4\" data-element_type=\"column\">\n\t\t\t<div class=\"elementor-widget-wrap elementor-element-populated\">\n\t\t\t\t\t\t<div class=\"elementor-element elementor-element-2a7bb1c elementor-widget elementor-widget-image\" data-id=\"2a7bb1c\" data-element_type=\"widget\" data-widget_type=\"image.default\">\n\t\t\t\t<div class=\"elementor-widget-container\">\n\t\t\t\t\t\t\t\t\t\t\t\t\t\t\t<img loading=\"lazy\" decoding=\"async\" width=\"900\" height=\"900\" src=\"https:\/\/findvit.com\/wp-content\/uploads\/2021\/10\/Ko-8-900x900.jpg\" class=\"attachment-large size-large wp-image-2487\" alt=\"Laim\u012bga un sp\u0113c\u012bga sieviete\" srcset=\"https:\/\/findvit.com\/wp-content\/uploads\/2021\/10\/Ko-8-900x900.jpg 900w, https:\/\/findvit.com\/wp-content\/uploads\/2021\/10\/Ko-8-600x600.jpg 600w, https:\/\/findvit.com\/wp-content\/uploads\/2021\/10\/Ko-8-150x150.jpg 150w, https:\/\/findvit.com\/wp-content\/uploads\/2021\/10\/Ko-8-768x768.jpg 768w, https:\/\/findvit.com\/wp-content\/uploads\/2021\/10\/Ko-8-1x1.jpg 1w, https:\/\/findvit.com\/wp-content\/uploads\/2021\/10\/Ko-8-10x10.jpg 10w, https:\/\/findvit.com\/wp-content\/uploads\/2021\/10\/Ko-8-100x100.jpg 100w, https:\/\/findvit.com\/wp-content\/uploads\/2021\/10\/Ko-8.jpg 1000w\" sizes=\"auto, (max-width: 900px) 100vw, 900px\" \/>\t\t\t\t\t\t\t\t\t\t\t\t\t\t\t<\/div>\n\t\t\t\t<\/div>\n\t\t\t\t\t<\/div>\n\t\t<\/div>\n\t\t\t\t\t<\/div>\n\t\t<\/section>\n\t\t\t\t<\/div>","protected":false},"excerpt":{"rendered":"<p>Trace Minerals Tablets \u2013 miner\u0101lu komplekss ar sp\u0113c\u012bgu elektrol\u012btu formulu, kas ir ide\u0101li piem\u0113rots ikvienam, kas iev\u0113ro keto di\u0113tu. Tagad j\u016bs varat ieg\u016bt visu nepiecie\u0161amo elektrol\u012btu kl\u0101stu. Koncentr\u0113ti miner\u0101li: magnijs un jods. Satur n\u0101triju, k\u0101liju, magniju un kalciju. Labi nov\u0113rt\u0113ts. Papildin\u0101jumi ar v\u0113rt\u012bgiem mikroelementiem. 100 % dab\u012bgs.<\/p>","protected":false},"featured_media":2722,"comment_status":"open","ping_status":"closed","template":"","meta":{"_acf_changed":false,"inline_featured_image":false},"etheme_brands":[{"term_id":38,"name":"Trace Minerals","slug":"trace-minerals","term_group":0,"term_taxonomy_id":38,"taxonomy":"brand","description":"<h2><strong>Trace minerals<\/strong><\/h2>\r\n\"Trace Minerals\" yra \u017einomas jonini\u0173 mineralini\u0173 papild\u0173 prek\u0117s \u017eenklas, kuriuo pasitikima beveik 50 met\u0173.\r\n\r\n<strong>Gamintojo misija<\/strong>\r\n\r\n\"Trace Minerals\" mato pasaul\u012f, kuriame \u017emon\u0117s yra\r\natsakingi u\u017e savo sveikat\u0105. Laikas, kai visi \u017emon\u0117s yra nori ir gali\r\ngyventi sveikiau. Joniniai mineralai yra pasiekiami visiems norintiems. Daugiau nei 50 met\u0173 \"Trace Minerals\" prek\u0117s \u017eenklo\r\nproduktai visame pasaulyje buvo pripa\u017einti jonini\u0173 produkt\u0173 pradininkais.\r\n\r\nVisus 50 met\u0173 Trace Minerals vertyb\u0117s yra:\r\n\r\n1. Bekompromis\u0117 kokyb\u0117, nuo kurios priklauso \u017emoni\u0173 savijauta.\r\n2. Neprilygstama aptarnavimas, kuris leid\u017eia klientams \u0161ypsotis.\r\n3. Nuolatinis pajam\u0173 augimas diegiant inovacijas ir kuriant produktus.\r\n4. Ugdomieji u\u017esi\u0117mimai.\r\n5. Lyderyst\u0117 savo srities pramon\u0117je.\r\n6. Lojalumas ir s\u0105\u017einingumas patikimiems darbuotojams ir verslo partneriams.\r\n<h3><strong>Garantija<\/strong><\/h3>\r\nGamintojas tiki, kad maisto papildai tur\u0117t\u0173 atne\u0161ti pastebimus\r\nrezultatus. Trace minerals \u012fsipareigojimas siekti pastebim\u0173 rezultat\u0173 yra\r\n\"Trace Minerals research\" filosofija.\r\n\r\nBeveik penkis de\u0161imtme\u010dius \"Trace Minerals\" prek\u0117s \u017eenklo produktai pad\u0117jo \u017emon\u0117ms priimti pagr\u012fstus sprendimus pasirenkant tinkamus produktus. Trce Minerals t\u0119stinis \u012fsipareigojimas yra paprastas: gaminti auk\u0161\u010diausios kokyb\u0117s produktus, paremtus moksliniais tyrimais, pagamintus u\u017e teising\u0105 kain\u0105 ir garantuojama, kad bus\r\npagerinti gyvenimai t\u0173, kurie vartoja kokybi\u0161kus produktus. Trace minerals visada tai dar\u0117 ir toliau t\u0105 darys.\r\n\r\nhttps:\/\/youtu.be\/hbeINVcx5FY?t=77\r\n<h3><strong>Mokslas ir tyrimai<\/strong><\/h3>\r\nGamintojas gavo \u0161e\u0161i\u0173 m\u0117nesi\u0173 klinikinio tyrimo \"ConcenTrace\u00ae\" rezultatus. \"Trace Mineral Drops\", jo pavyzdinis jonini\u0173 mineralinis papildas, kuriame yra visas spektras nat\u016braliai atsirandan\u010di\u0173 mikroelement\u0173.\r\n\r\nDalyviams buvo skiriama po 40 la\u0161\u0173 ConcenTrace\u00ae arba placebo per par\u0105\r\n24 savaites. Tyrime teigiama, kad \"veiksmingum\u0105 objektyviai patvirtino\r\n\u012fvertinti s\u0105nari\u0173 kremzl\u0117s storio, s\u0105nario erdv\u0117s plo\u010dio poky\u010dius\r\nir sinovinio skys\u010dio sud\u0117tis\". 24 savai\u010di\u0173 rezultatai rodo, kad \"ultrasonografija ir sinovinio skys\u010dio tyrimas atskleid\u0117 kremzl\u0117s\r\nstrukt\u016bros pager\u0117jim\u0105\".\r\n\r\n\u0160is preliminarus tyrimas parodo, kad ConcenTrace\u00ae pagerina s\u0105nari\u0173 sveikat\u0105.\r\n<h3><strong>Sertifikatai<\/strong><\/h3>\r\nKokyb\u0117 visada buvo svarbiausias <a href=\"https:\/\/www.traceminerals.com\/\" target=\"_blank\" rel=\"noopener\">\"Trace Minerals\"<\/a> prioritetas. Per daugel\u012f met\u0173\u00a0 akylai tobulino gamybos procesus. Tikima, kad geriausi procesai padeda gaminti geriausius ir sveikiausius produktus. Tai yra pagrindin\u0117 prie\u017eastis, kod\u0117l grie\u017etai kontroliuojama produkt\u0173 kokyb\u0117 ir kod\u0117l turima daugyb\u0117 sertifikat\u0173.\r\n<ul>\r\n \t<li><a href=\"https:\/\/grmalliance.org\/\" target=\"_blank\" rel=\"noopener\">GRMA\/UL GMP Certified<\/a><\/li>\r\n \t<li>GRAS Certified<\/li>\r\n \t<li>BPA Free<\/li>\r\n \t<li>Kosher<\/li>\r\n \t<li>Halal<\/li>\r\n \t<li>Non-GMO Verified<\/li>\r\n \t<li>Transparency<\/li>\r\n<\/ul>","parent":0,"count":19,"filter":"raw"}],"product_brand":[],"product_cat":[64,63],"product_tag":[88,125,99,100],"class_list":{"0":"post-1392","1":"product","2":"type-product","3":"status-publish","4":"has-post-thumbnail","6":"brand-trace-minerals","7":"product_cat-elektrolitai","8":"product_cat-mineralai","9":"product_tag-aktyviai-organizmo-apykaitai","10":"product_tag-energijai","11":"product_tag-lankstumui-ir-dregmes-balansui","12":"product_tag-ph-balansui","14":"first","15":"outofstock","16":"taxable","17":"shipping-taxable","18":"purchasable","19":"product-type-simple"},"acf":[],"_links":{"self":[{"href":"https:\/\/findvit.com\/lv\/wp-json\/wp\/v2\/product\/1392","targetHints":{"allow":["GET"]}}],"collection":[{"href":"https:\/\/findvit.com\/lv\/wp-json\/wp\/v2\/product"}],"about":[{"href":"https:\/\/findvit.com\/lv\/wp-json\/wp\/v2\/types\/product"}],"replies":[{"embeddable":true,"href":"https:\/\/findvit.com\/lv\/wp-json\/wp\/v2\/comments?post=1392"}],"version-history":[{"count":17,"href":"https:\/\/findvit.com\/lv\/wp-json\/wp\/v2\/product\/1392\/revisions"}],"predecessor-version":[{"id":18975,"href":"https:\/\/findvit.com\/lv\/wp-json\/wp\/v2\/product\/1392\/revisions\/18975"}],"wp:featuredmedia":[{"embeddable":true,"href":"https:\/\/findvit.com\/lv\/wp-json\/wp\/v2\/media\/2722"}],"wp:attachment":[{"href":"https:\/\/findvit.com\/lv\/wp-json\/wp\/v2\/media?parent=1392"}],"wp:term":[{"taxonomy":"brand","embeddable":true,"href":"https:\/\/findvit.com\/lv\/wp-json\/wp\/v2\/etheme_brands?post=1392"},{"taxonomy":"product_brand","embeddable":true,"href":"https:\/\/findvit.com\/lv\/wp-json\/wp\/v2\/product_brand?post=1392"},{"taxonomy":"product_cat","embeddable":true,"href":"https:\/\/findvit.com\/lv\/wp-json\/wp\/v2\/product_cat?post=1392"},{"taxonomy":"product_tag","embeddable":true,"href":"https:\/\/findvit.com\/lv\/wp-json\/wp\/v2\/product_tag?post=1392"}],"curies":[{"name":"wp","href":"https:\/\/api.w.org\/{rel}","templated":true}]}}