{"id":14600,"date":"2023-08-24T13:55:00","date_gmt":"2023-08-24T10:55:00","guid":{"rendered":"https:\/\/findvit.com\/?post_type=product&#038;p=14600"},"modified":"2024-12-17T17:31:06","modified_gmt":"2024-12-17T15:31:06","slug":"skystas-magnis-kalcis-su-cinkas-ir-vitaminu-d3-473-ml","status":"publish","type":"product","link":"https:\/\/findvit.com\/lv\/produktas\/skystas-magnis-kalcis-su-cinkas-ir-vitaminu-d3-473-ml\/","title":{"rendered":"\u0160\u0137idrais magnijs, kalcijs ar cinku un D3 vitam\u012bnu, 473 ml"},"content":{"rendered":"<div data-elementor-type=\"product-post\" data-elementor-id=\"14600\" class=\"elementor elementor-14600\" data-elementor-post-type=\"product\">\n\t\t\t\t\t\t<section class=\"elementor-section elementor-top-section elementor-element elementor-element-1d76dfe elementor-section-boxed elementor-section-height-default elementor-section-height-default\" data-id=\"1d76dfe\" data-element_type=\"section\">\n\t\t\t\t\t\t<div class=\"elementor-container elementor-column-gap-default\">\n\t\t\t\t\t<div class=\"elementor-column elementor-col-100 elementor-top-column elementor-element elementor-element-3e522f6\" data-id=\"3e522f6\" data-element_type=\"column\">\n\t\t\t<div class=\"elementor-widget-wrap elementor-element-populated\">\n\t\t\t\t\t\t<div class=\"elementor-element elementor-element-e03cb18 elementor-absolute elementor-hidden-mobile elementor-invisible elementor-widget elementor-widget-image\" data-id=\"e03cb18\" data-element_type=\"widget\" data-settings=\"{&quot;motion_fx_motion_fx_scrolling&quot;:&quot;yes&quot;,&quot;motion_fx_rotateZ_effect&quot;:&quot;yes&quot;,&quot;motion_fx_rotateZ_speed&quot;:{&quot;unit&quot;:&quot;px&quot;,&quot;size&quot;:5,&quot;sizes&quot;:[]},&quot;motion_fx_range&quot;:&quot;viewport&quot;,&quot;_animation&quot;:&quot;fadeIn&quot;,&quot;_position&quot;:&quot;absolute&quot;,&quot;motion_fx_rotateZ_affectedRange&quot;:{&quot;unit&quot;:&quot;%&quot;,&quot;size&quot;:&quot;&quot;,&quot;sizes&quot;:{&quot;start&quot;:0,&quot;end&quot;:100}},&quot;motion_fx_devices&quot;:[&quot;desktop&quot;,&quot;tablet&quot;,&quot;mobile&quot;]}\" data-widget_type=\"image.default\">\n\t\t\t\t<div class=\"elementor-widget-container\">\n\t\t\t\t\t\t\t\t\t\t\t\t\t\t\t<img loading=\"lazy\" decoding=\"async\" width=\"200\" height=\"200\" src=\"https:\/\/findvit.com\/wp-content\/uploads\/2021\/09\/ratukas.svg\" class=\"attachment-full size-full wp-image-1777\" alt=\"Ritenis no anketas l\u012bdz vitam\u012bnam\" \/>\t\t\t\t\t\t\t\t\t\t\t\t\t\t\t<\/div>\n\t\t\t\t<\/div>\n\t\t\t\t\t<\/div>\n\t\t<\/div>\n\t\t\t\t\t<\/div>\n\t\t<\/section>\n\t\t\t\t<section class=\"elementor-section elementor-top-section elementor-element elementor-element-52bf8f0 elementor-section-boxed elementor-section-height-default elementor-section-height-default\" data-id=\"52bf8f0\" data-element_type=\"section\">\n\t\t\t\t\t\t<div class=\"elementor-container elementor-column-gap-no\">\n\t\t\t\t\t<div class=\"elementor-column elementor-col-50 elementor-top-column elementor-element elementor-element-3868bba\" data-id=\"3868bba\" data-element_type=\"column\">\n\t\t\t<div class=\"elementor-widget-wrap elementor-element-populated\">\n\t\t\t\t\t\t<div class=\"elementor-element elementor-element-76de2e3 elementor-widget elementor-widget-heading\" data-id=\"76de2e3\" data-element_type=\"widget\" data-widget_type=\"heading.default\">\n\t\t\t\t<div class=\"elementor-widget-container\">\n\t\t\t\t\t<h2 class=\"elementor-heading-title elementor-size-default\">Kalcija\/magnija\/cinka komplekss<\/h2>\t\t\t\t<\/div>\n\t\t\t\t<\/div>\n\t\t\t\t<div class=\"elementor-element elementor-element-506b823 elementor-widget elementor-widget-text-editor\" data-id=\"506b823\" data-element_type=\"widget\" data-widget_type=\"text-editor.default\">\n\t\t\t\t<div class=\"elementor-widget-container\">\n\t\t\t\t\t\t\t\t\t<p>\u0160is papildin\u0101jums ir unik\u0101ls, jo tas ir \u0161\u0137idr\u0101 veid\u0101 un sast\u0101v no trim svar\u012bg\u0101m miner\u0101lviel\u0101m \u2013 kalcija, magnija un cinka.<\/p><p>\u0160ie miner\u0101li ir nepiecie\u0161ami <strong>kauli<\/strong>, <strong>musku\u013cus<\/strong>, <strong>nervi<\/strong> un <strong>im\u016bnsist\u0113ma<\/strong> vesel\u012bbu. Turkl\u0101t \u0161is papildin\u0101jums ir bag\u0101tin\u0101ts ar 72 mikroelementiem, kas pal\u012bdz uzlabot miner\u0101lvielu uzs\u016bk\u0161anos un \u0137erme\u0146a l\u012bdzsvaru.<\/p><h3><strong>K\u0101p\u0113c \u0161is papildin\u0101jums ir lab\u0101ks par citiem?<\/strong><\/h3><p>Pirmk\u0101rt, tas ir viegli sagremojams un uzs\u016bcas, jo ir \u0161\u0137idr\u0101 veid\u0101.<\/p><p>Otrk\u0101rt, tas ir dab\u012bgs un nekait\u012bgs, jo ir izgatavots no miner\u0101lu koncentr\u0101tiem, kas ieg\u016bti no Liel\u0101 S\u0101lsezera ASV.<\/p><p>Tre\u0161k\u0101rt, tas ir \u0113rts un ekonomisks, jo tam ir ilgs glab\u0101\u0161anas laiks un nepiecie\u0161ams tikai 1-2 t\u0113jkarotes dien\u0101.<\/p><h3><b>K\u0101 lietot \u0161o papildin\u0101jumu?\u00a0<\/b><\/h3><p>Tas ir \u013coti vienk\u0101r\u0161i \u2013 vienk\u0101r\u0161i sajauc 1-2 t\u0113jkarotes ar \u016bdeni vai citu \u0161\u0137idrumu un izdzer. Vislab\u0101k ir lietot \u0161o piedevu \u0113\u0161anas laik\u0101 vai p\u0113c \u0113\u0161anas. \u0160is papildin\u0101jums ir piem\u0113rots gan v\u012brie\u0161iem, gan sieviet\u0113m, k\u0101 ar\u012b b\u0113rniem no 4 gadu vecuma.<\/p><h3><strong>Paredzamais ieguvums<\/strong><\/h3><p><strong>Kalcijs<\/strong> ir b\u016btiska kaulu un zobu stipr\u012bbai un vesel\u012bbai. Tas ar\u012b pal\u012bdz regul\u0113t asinsspiedienu un musku\u013cu kontrakcijas.<\/p><p><strong> Magnijs<\/strong> veicina nervu un musku\u013cu darb\u012bbu, pal\u012bdz mazin\u0101t stresu un nogurumu, k\u0101 ar\u012b veicina ener\u0123ijas ra\u017eo\u0161anu.<\/p><p><strong>Cinks<\/strong> ir svar\u012bga im\u016bnsist\u0113mas stiprin\u0101\u0161anai, br\u016b\u010du dz\u012b\u0161anai un \u0101das st\u0101voklim, k\u0101 ar\u012b ir iesaist\u012bta daudz\u0101s enz\u012bmu reakcij\u0101s.<\/p><p>\u0160is papildin\u0101jums ir izgatavots no dab\u012bgiem miner\u0101lu avotiem, kas viegli uzs\u016bcas un kuriem nav blakuspar\u0101d\u012bbu. Turkl\u0101t tai ir pat\u012bkama gar\u0161a, kas patiks gan pieaugu\u0161ajiem, gan b\u0113rniem.<\/p><h3><strong>Efekt\u012bva<\/strong><\/h3><p>Liquid Cal\/Mag\/Cinc ir lieliska izv\u0113le tiem, kas v\u0113las uzlabot savu vesel\u012bbu un skaistumu no iek\u0161puses.\u00a0<\/p>\t\t\t\t\t\t\t\t<\/div>\n\t\t\t\t<\/div>\n\t\t\t\t\t<\/div>\n\t\t<\/div>\n\t\t\t\t<div class=\"elementor-column elementor-col-50 elementor-top-column elementor-element elementor-element-47a042c\" data-id=\"47a042c\" data-element_type=\"column\">\n\t\t\t<div class=\"elementor-widget-wrap elementor-element-populated\">\n\t\t\t\t\t\t<div class=\"elementor-element elementor-element-7c5f4cd elementor-widget elementor-widget-image\" data-id=\"7c5f4cd\" data-element_type=\"widget\" data-widget_type=\"image.default\">\n\t\t\t\t<div class=\"elementor-widget-container\">\n\t\t\t\t\t\t\t\t\t\t\t\t\t\t\t<img loading=\"lazy\" decoding=\"async\" width=\"900\" height=\"900\" src=\"https:\/\/findvit.com\/wp-content\/uploads\/2021\/10\/Ko-3-900x900.jpg\" class=\"attachment-large size-large wp-image-2469\" alt=\"sporta vesel\u012bbas kol\u0101\u017ea\" srcset=\"https:\/\/findvit.com\/wp-content\/uploads\/2021\/10\/Ko-3-900x900.jpg 900w, https:\/\/findvit.com\/wp-content\/uploads\/2021\/10\/Ko-3-600x600.jpg 600w, https:\/\/findvit.com\/wp-content\/uploads\/2021\/10\/Ko-3-150x150.jpg 150w, https:\/\/findvit.com\/wp-content\/uploads\/2021\/10\/Ko-3-768x768.jpg 768w, https:\/\/findvit.com\/wp-content\/uploads\/2021\/10\/Ko-3-1x1.jpg 1w, https:\/\/findvit.com\/wp-content\/uploads\/2021\/10\/Ko-3-10x10.jpg 10w, https:\/\/findvit.com\/wp-content\/uploads\/2021\/10\/Ko-3-100x100.jpg 100w, https:\/\/findvit.com\/wp-content\/uploads\/2021\/10\/Ko-3.jpg 1000w\" sizes=\"auto, (max-width: 900px) 100vw, 900px\" \/>\t\t\t\t\t\t\t\t\t\t\t\t\t\t\t<\/div>\n\t\t\t\t<\/div>\n\t\t\t\t\t<\/div>\n\t\t<\/div>\n\t\t\t\t\t<\/div>\n\t\t<\/section>\n\t\t\t\t<\/div>","protected":false},"excerpt":{"rendered":"<p>Magnijs, kalcijs, cinks ar D3 vitam\u012bna mikroelementiem. \u0160\u0137idrais svar\u012bg\u0101kais miner\u0101lu komplekss. Taj\u0101 ir pat 1200 mg kalcija. 600 mg. Magnijs un 15 mg cinka. \u0160\u0101da koncentr\u0113\u0161an\u0101s pal\u012bdz uztur\u0113t stiprus kaulus un musku\u013cus. Saglab\u0101 zobus veselus. Uzlabo matu, nagu un \u0101das kvalit\u0101ti. Pal\u012bdz atsl\u0101bin\u0101ties. Stiprina imunit\u0101ti. Ieteicams augo\u0161am \u0137ermenim, jaunie\u0161iem, sportistiem un senioriem. Pat\u012bkama Pina Colada gar\u0161a. 473 ml.<\/p>","protected":false},"featured_media":2714,"comment_status":"open","ping_status":"closed","template":"","meta":{"_acf_changed":false,"inline_featured_image":false},"etheme_brands":[],"product_brand":[],"product_cat":[63],"product_tag":[90,96,98,121],"class_list":{"0":"post-14600","1":"product","2":"type-product","3":"status-publish","4":"has-post-thumbnail","6":"product_cat-mineralai","7":"product_tag-fizinei-istvermei","8":"product_tag-raumenims","9":"product_tag-tvirtiems-kaulams","10":"product_tag-zvilgantiems-plaukams","12":"first","13":"outofstock","14":"taxable","15":"shipping-taxable","16":"purchasable","17":"product-type-simple"},"acf":[],"_links":{"self":[{"href":"https:\/\/findvit.com\/lv\/wp-json\/wp\/v2\/product\/14600","targetHints":{"allow":["GET"]}}],"collection":[{"href":"https:\/\/findvit.com\/lv\/wp-json\/wp\/v2\/product"}],"about":[{"href":"https:\/\/findvit.com\/lv\/wp-json\/wp\/v2\/types\/product"}],"replies":[{"embeddable":true,"href":"https:\/\/findvit.com\/lv\/wp-json\/wp\/v2\/comments?post=14600"}],"version-history":[{"count":6,"href":"https:\/\/findvit.com\/lv\/wp-json\/wp\/v2\/product\/14600\/revisions"}],"predecessor-version":[{"id":16123,"href":"https:\/\/findvit.com\/lv\/wp-json\/wp\/v2\/product\/14600\/revisions\/16123"}],"wp:featuredmedia":[{"embeddable":true,"href":"https:\/\/findvit.com\/lv\/wp-json\/wp\/v2\/media\/2714"}],"wp:attachment":[{"href":"https:\/\/findvit.com\/lv\/wp-json\/wp\/v2\/media?parent=14600"}],"wp:term":[{"taxonomy":"brand","embeddable":true,"href":"https:\/\/findvit.com\/lv\/wp-json\/wp\/v2\/etheme_brands?post=14600"},{"taxonomy":"product_brand","embeddable":true,"href":"https:\/\/findvit.com\/lv\/wp-json\/wp\/v2\/product_brand?post=14600"},{"taxonomy":"product_cat","embeddable":true,"href":"https:\/\/findvit.com\/lv\/wp-json\/wp\/v2\/product_cat?post=14600"},{"taxonomy":"product_tag","embeddable":true,"href":"https:\/\/findvit.com\/lv\/wp-json\/wp\/v2\/product_tag?post=14600"}],"curies":[{"name":"wp","href":"https:\/\/api.w.org\/{rel}","templated":true}]}}