{"id":14973,"date":"2023-10-17T14:41:25","date_gmt":"2023-10-17T11:41:25","guid":{"rendered":"https:\/\/findvit.com\/?post_type=product&#038;p=14973"},"modified":"2026-02-23T13:50:47","modified_gmt":"2026-02-23T11:50:47","slug":"kiki-health-cognitive-atminciai-ir-smegenu-veiklai-kapsules-60-vnt","status":"publish","type":"product","link":"https:\/\/findvit.com\/lv\/produktas\/kiki-health-cognitive-atminciai-ir-smegenu-veiklai-kapsules-60-vnt\/","title":{"rendered":"KIKI Health COGNITIVE - Atmi\u0146ai un smadze\u0146u darb\u012bbai, bioakt\u012bvs komplekss, 60 d\u0101rze\u0146u kapsulas"},"content":{"rendered":"\t\t<div data-elementor-type=\"product-post\" data-elementor-id=\"14973\" class=\"elementor elementor-14973\" data-elementor-post-type=\"product\">\n\t\t\t\t\t\t<section class=\"elementor-section elementor-top-section elementor-element elementor-element-697b9d0e elementor-section-boxed elementor-section-height-default elementor-section-height-default\" data-id=\"697b9d0e\" data-element_type=\"section\" data-e-type=\"section\">\n\t\t\t\t\t\t<div class=\"elementor-container elementor-column-gap-default\">\n\t\t\t\t\t<div class=\"elementor-column elementor-col-100 elementor-top-column elementor-element elementor-element-20e74427\" data-id=\"20e74427\" data-element_type=\"column\" data-e-type=\"column\">\n\t\t\t<div class=\"elementor-widget-wrap elementor-element-populated\">\n\t\t\t\t\t\t<div class=\"elementor-element elementor-element-5fb87e4e elementor-absolute elementor-hidden-mobile elementor-invisible elementor-widget elementor-widget-image\" data-id=\"5fb87e4e\" data-element_type=\"widget\" data-e-type=\"widget\" data-settings=\"{&quot;motion_fx_motion_fx_scrolling&quot;:&quot;yes&quot;,&quot;motion_fx_rotateZ_effect&quot;:&quot;yes&quot;,&quot;motion_fx_rotateZ_speed&quot;:{&quot;unit&quot;:&quot;px&quot;,&quot;size&quot;:5,&quot;sizes&quot;:[]},&quot;motion_fx_range&quot;:&quot;viewport&quot;,&quot;_animation&quot;:&quot;fadeIn&quot;,&quot;_position&quot;:&quot;absolute&quot;,&quot;motion_fx_rotateZ_affectedRange&quot;:{&quot;unit&quot;:&quot;%&quot;,&quot;size&quot;:&quot;&quot;,&quot;sizes&quot;:{&quot;start&quot;:0,&quot;end&quot;:100}},&quot;motion_fx_devices&quot;:[&quot;desktop&quot;,&quot;tablet&quot;,&quot;mobile&quot;]}\" data-widget_type=\"image.default\">\n\t\t\t\t<div class=\"elementor-widget-container\">\n\t\t\t\t\t\t\t\t\t\t\t\t\t\t\t<img loading=\"lazy\" loading=\"lazy\" decoding=\"async\" width=\"200\" height=\"200\" src=\"https:\/\/findvit.com\/wp-content\/uploads\/2021\/09\/ratukas.svg\" class=\"attachment-full size-full wp-image-1777\" alt=\"Ratukas nuo klausimyno iki vitamino\" \/>\t\t\t\t\t\t\t\t\t\t\t\t\t\t\t<\/div>\n\t\t\t\t<\/div>\n\t\t\t\t\t<\/div>\n\t\t<\/div>\n\t\t\t\t\t<\/div>\n\t\t<\/section>\n\t\t\t\t<section class=\"elementor-section elementor-top-section elementor-element elementor-element-600cef05 elementor-section-boxed elementor-section-height-default elementor-section-height-default\" data-id=\"600cef05\" data-element_type=\"section\" data-e-type=\"section\">\n\t\t\t\t\t\t<div class=\"elementor-container elementor-column-gap-no\">\n\t\t\t\t\t<div class=\"elementor-column elementor-col-50 elementor-top-column elementor-element elementor-element-48f92489\" data-id=\"48f92489\" data-element_type=\"column\" data-e-type=\"column\">\n\t\t\t<div class=\"elementor-widget-wrap elementor-element-populated\">\n\t\t\t\t\t\t<div class=\"elementor-element elementor-element-705cac9d elementor-widget elementor-widget-heading\" data-id=\"705cac9d\" data-element_type=\"widget\" data-e-type=\"widget\" data-widget_type=\"heading.default\">\n\t\t\t\t<div class=\"elementor-widget-container\">\n\t\t\t\t\t<h2 class=\"elementor-heading-title elementor-size-default\">KIKI Health COGNITIVE &#8211; Atmin\u010diai ir smegen\u0173 veiklai, bioaktyvus kompleksas, 60 vegkapsuli\u0173<\/h2>\t\t\t\t<\/div>\n\t\t\t\t<\/div>\n\t\t\t\t<div class=\"elementor-element elementor-element-40981e23 elementor-widget elementor-widget-text-editor\" data-id=\"40981e23\" data-element_type=\"widget\" data-e-type=\"widget\" data-widget_type=\"text-editor.default\">\n\t\t\t\t<div class=\"elementor-widget-container\">\n\t\t\t\t\t\t\t\t\t<p>Unikalus maisto papildas KIKI Health Cognitive kapsul\u0117s yra inovatyvus produktas, sukurtas siekiant <strong>suteikti geriausi\u0105<\/strong> kas tik \u012fmanoma <strong>smegen\u0173 veiklai<\/strong>, <strong>atmin\u010diai<\/strong> ir\u00a0 <strong>atsipalaidavimui<\/strong>, bei <strong>ramybei<\/strong>.<\/p><h3><strong>GERIAUSIA KOKYB\u0116<\/strong><\/h3><p>\u0160is produktas yra pagamintas i\u0161 auk\u0161tos kokyb\u0117s nat\u016brali\u0173 ekstrakt\u0173, adaptogen\u0173 ir nootropik\u0173, kurie yra gars\u016bs d\u0117l ir vertinami bei naudojami protinei veiklai.<\/p><h3><strong>TURTINGA SUD\u0116TIS<\/strong><\/h3><p>Produkte yra:<\/p><ul><li>Brahmi ekstrakto,<\/li><li>Choline,<\/li><li>Organinio Lion\u2019s Mane ekstrakto,<\/li><li>Gotu Kola ekstrakto,<\/li><li>Organin\u0117s kakavos,<\/li><li>J\u016bros dumbli\u0173,<\/li><li>Rozmarino lap\u0173 ekstrakto<\/li><li>Ginkgo lap\u0173 ekstrakto<\/li><\/ul><h3><strong>VERTINAMA NAUDA<\/strong><\/h3><p>\u0160ie ingredientai kartu\u00a0 smegenims ir protinei veiklai, taip pat ramybei kai \u012ftempta aplinka bei atmin\u010diai, kuri svarbi kasdien\u0105.<\/p><h3><strong>UNIKALUMAS<\/strong><\/h3><p>Ypatingas d\u0117mesys \u0161iame produkte skiriamas jodo kiekiui, kuris gaunamas i\u0161 j\u016bros dumbli\u0173.<\/p><p><b>Jodas palaiko<\/b>\u00a0normali\u0105 skydliauk\u0117s hormon\u0173 gamyb\u0105 ir normali\u0105 skydliauk\u0117s funkcij\u0105<\/p><p><b>Jodas prisideda<\/b>\u00a0prie normalios pa\u017einimo funkcijos\u00a0<\/p><h3><strong>PATOGU VARTOTI<\/strong><\/h3><p>KIKI Health Cognitive kapsul\u0117s yra lengvai vartojamos, tereikia i\u0161gerti dvi kapsules per dien\u0105 su stikline vandens arba \u0161alto g\u0117rimo.<\/p><h3><strong>NAT\u016aRALU\u00a0<\/strong><\/h3><p>Produktas yra tinkamas vegetarams ir veganams, be to, jis n\u0117ra testuotas su gyv\u016bnais.<\/p><p>\u0160is produktas yra puikus pasirinkimas tiems, kurie ie\u0161ko nat\u016bralaus b\u016bdo smegen\u0173 veiklai, atmin\u010diai.<\/p><h3><strong>PUIKUS SPRENDIMAS<\/strong><\/h3><p>KIKI Health Cognitive kapsul\u0117s J\u016bs\u0173 \u017evalumui, koncentracijai ir pasirengimui \u012fveikti dienos i\u0161\u0161\u016bkius.<\/p>\t\t\t\t\t\t\t\t<\/div>\n\t\t\t\t<\/div>\n\t\t\t\t\t<\/div>\n\t\t<\/div>\n\t\t\t\t<div class=\"elementor-column elementor-col-50 elementor-top-column elementor-element elementor-element-4dd6c130\" data-id=\"4dd6c130\" data-element_type=\"column\" data-e-type=\"column\">\n\t\t\t<div class=\"elementor-widget-wrap elementor-element-populated\">\n\t\t\t\t\t\t<div class=\"elementor-element elementor-element-7314983a elementor-widget elementor-widget-image\" data-id=\"7314983a\" data-element_type=\"widget\" data-e-type=\"widget\" data-widget_type=\"image.default\">\n\t\t\t\t<div class=\"elementor-widget-container\">\n\t\t\t\t\t\t\t\t\t\t\t\t\t\t\t<img loading=\"lazy\" loading=\"lazy\" decoding=\"async\" width=\"900\" height=\"900\" src=\"https:\/\/findvit.com\/wp-content\/uploads\/2023\/10\/kognityviniai-igudziai-nauda-900x900.jpg\" class=\"attachment-large size-large wp-image-15021\" alt=\"kognityviniai igudziai nauda\" srcset=\"https:\/\/findvit.com\/wp-content\/uploads\/2023\/10\/kognityviniai-igudziai-nauda-900x900.jpg 900w, https:\/\/findvit.com\/wp-content\/uploads\/2023\/10\/kognityviniai-igudziai-nauda-600x600.jpg 600w, https:\/\/findvit.com\/wp-content\/uploads\/2023\/10\/kognityviniai-igudziai-nauda-150x150.jpg 150w, https:\/\/findvit.com\/wp-content\/uploads\/2023\/10\/kognityviniai-igudziai-nauda-768x768.jpg 768w, https:\/\/findvit.com\/wp-content\/uploads\/2023\/10\/kognityviniai-igudziai-nauda-400x400.jpg 400w, https:\/\/findvit.com\/wp-content\/uploads\/2023\/10\/kognityviniai-igudziai-nauda-100x100.jpg 100w, https:\/\/findvit.com\/wp-content\/uploads\/2023\/10\/kognityviniai-igudziai-nauda-1x1.jpg 1w, https:\/\/findvit.com\/wp-content\/uploads\/2023\/10\/kognityviniai-igudziai-nauda-10x10.jpg 10w, https:\/\/findvit.com\/wp-content\/uploads\/2023\/10\/kognityviniai-igudziai-nauda.jpg 1000w\" sizes=\"auto, (max-width: 900px) 100vw, 900px\" \/>\t\t\t\t\t\t\t\t\t\t\t\t\t\t\t<\/div>\n\t\t\t\t<\/div>\n\t\t\t\t\t<\/div>\n\t\t<\/div>\n\t\t\t\t\t<\/div>\n\t\t<\/section>\n\t\t\t\t<\/div>\n\t\t","protected":false},"excerpt":{"rendered":"<p>Kiki Health Cognitive\u00a0\u2014 <strong>atmi\u0146a<\/strong> un <strong>smadze\u0146u darb\u012bba<\/strong>. Tas ir komplekss, kas uzlabo kognit\u012bv\u0101s (kognit\u012bv\u0101s) funkcijas. Satur augstas kvalit\u0101tes bot\u0101niskos ekstraktus, adaptog\u0113nus un nootropus. Kognit\u012bv\u0101s kapsulas satur Brahmi, Lauvas kr\u0113pes, Hol\u012bna, Gotu Kolas un Gingko ekstraktus, kas <strong>atbalsta smadze\u0146u un gar\u012bgo darb\u012bbu<\/strong>, kop\u0101 ar j\u016bras a\u013c\u0123u jodu, kas atbalsta kognit\u012bv\u0101s un neirolo\u0123isk\u0101s funkcijas, kur\u0101m ir b\u016btiska loma gar\u012bgaj\u0101 darb\u012bb\u0101.<\/p>","protected":false},"featured_media":23280,"comment_status":"open","ping_status":"closed","template":"","meta":{"_acf_changed":false,"inline_featured_image":false},"etheme_brands":[{"term_id":28,"name":"Kiki Health","slug":"kiki-health","term_group":0,"term_taxonomy_id":28,"taxonomy":"brand","description":"<h2><a href=\"https:\/\/kiki-health.com\/about-us\/\" target=\"_blank\" rel=\"noopener\"><strong>KIKI Health<\/strong><\/a><\/h2>\r\nKIKI yra prek\u0117s \u017eenklas, kuriantis novatori\u0161kus maisto papildus.\r\n\r\nKIKI yra pripa\u017eintas ir gerbiamas, kaip sveikos gyvensenos produkt\u0173 ir individualumo bei meistri\u0161kumo standartas.\r\n\r\nKIKI gim\u0117 i\u0161 noro skatinti optimali\u0105 sveikat\u0105 ir gerov\u0119, m\u016bs\u0173 tikslas ir aistra yra \u012fsigyti auk\u0161\u010diausios kokyb\u0117s, grynumo produktus i\u0161 viso pasaulio, kurie pad\u0117t\u0173 gro\u017eiui ir sveikatai.\r\n\r\nNuo pat prad\u017ei\u0173 ir iki \u0161iol KIKI Health niekada nedaro kompromis\u0173 ir nededa pried\u0173 bei naudoja prastesni\u0173 ingredient\u0173 - tik nat\u016bralios 100% veikliosios med\u017eiagos.\r\n\r\nhttps:\/\/youtu.be\/irT0ZUOzBac?t=45\r\n<h3><strong>Nat\u016braliai turtingi <\/strong><strong>vitaminais, mineralais ir b\u016btinomis\u00a0 veikliosiomis med\u017eiagomis<\/strong><\/h3>\r\nDaugelis \"KIKI Health\" produkt\u0173 turintys augalini\u0173 ir maistini\u0173 med\u017eiag\u0173\u00a0 yra sertifikuoti, kaip ekologi\u0161ki.\r\n\r\nI\u0161naudodami stiprias augalin\u0117s kilm\u0117s, nat\u016brali\u0173 ingredient\u0173 galias, kupinas esmini\u0173 augal\u0173 veikli\u0173j\u0173 med\u017eiag\u0173, vitamin\u0173 ir mineral\u0173, kad suteikt\u0173 smegenims, odai ir k\u016bnui neprilygstam\u0105 pagalb\u0105.\r\n\r\nKIKI Health tikslas yra u\u017etikrinti, kad mi\u0161iniuose neb\u016bt\u0173 sintetikos, konservant\u0173, u\u017epild\u0173 ir ri\u0161ikli\u0173, u\u017etikrinant, kad ir toliau gamint\u0173 veiksmingus, \u0161varius ir saugius papildus.\r\n\r\nPagaminta Jungtin\u0117je Karalyst\u0117je i\u0161 \u0161vari\u0173 ir tvari\u0173 ingredient\u0173.\r\n<h3><strong>Atsakingumas<\/strong><\/h3>\r\nU\u017etikrindami, kad produktai b\u016bt\u0173 atsakingai u\u017eauginti, ne tik r\u016bpinamasi aplinka, bet ir garantuojama produkto kokyb\u0119. KIKI Healt specialistai keliauja po pasaul\u012f ie\u0161kodami ekologi\u0161k\u0173, eti\u0161kai gaut\u0173 ingredient\u0173, pasi\u017eymin\u010di\u0173 geresne maistine verte, kartu pad\u0117dami vietos bendruomen\u0117ms klest\u0117ti. Maisto gamybos b\u016bdas yra labai svarbus daugeliui vartotoj\u0173, ir tai kelia susir\u016bpinim\u0105, kur\u012f mes dalijam\u0117s.\r\n<h3><strong>Minimalus apdorojimas<\/strong><\/h3>\r\nNor\u0117dami pasiekti optimal\u0173 biologin\u012f prieinamum\u0105, stengiamasi, kad ingredientai b\u016bt\u0173 kuo ar\u010diau j\u0173 nat\u016bralios b\u016bkl\u0117s. Laikomasi minimalaus perdirbimo ir kontroliuojama temperat\u016bros, i\u0161kart po derliaus nu\u0117mimo, kad b\u016bt\u0173 i\u0161laikoma visa nauda sveikatai ir gyvybi\u0161kai svarbios maistin\u0117s med\u017eiagos.\r\n\r\n<strong>Produktuose n\u0117ra<\/strong>: sintetikos, dirbtini\u0173 da\u017eikli\u0173 ir kvapi\u0173j\u0173 med\u017eiag\u0173, u\u017epild\u0173, ri\u0161ikli\u0173, dengimo med\u017eiag\u0173, lipnum\u0105 reguliuojan\u010di\u0173 med\u017eiag\u0173, cukr\u0173, glitimo, GMO, laktoz\u0117s, konservant\u0173, pagalbini\u0173 med\u017eiag\u0173.\r\n\r\nVisi ingredientai ir galutiniai produktai yra reguliariai tikrinami tre\u010diosios \u0161alies laboratorijoje. U\u017etikrinama, kad kiekviena partija b\u016bt\u0173 i\u0161bandyta d\u0117l sunki\u0173j\u0173 metal\u0173, mikroorganizm\u0173 ir pesticid\u0173 laikantis grie\u017et\u0173 kokyb\u0117s kontrol\u0117s s\u0105lyg\u0173, o rezultatai atitikt\u0173 ES ir JK ribinius reglamentus, \u012fskaitant ekologinio \u016bkininkavimo standartus.","parent":0,"count":28,"filter":"raw"}],"product_brand":[],"product_cat":[15],"product_tag":[89,127],"class_list":{"0":"post-14973","1":"product","2":"type-product","3":"status-publish","4":"has-post-thumbnail","6":"brand-kiki-health","7":"product_cat-produktai","8":"product_tag-atminciai-ir-koncentracijai","9":"product_tag-atsipalaidavimui-ir-ramybei","11":"first","12":"instock","13":"sale","14":"taxable","15":"shipping-taxable","16":"purchasable","17":"product-type-simple"},"acf":[],"_links":{"self":[{"href":"https:\/\/findvit.com\/lv\/wp-json\/wp\/v2\/product\/14973","targetHints":{"allow":["GET"]}}],"collection":[{"href":"https:\/\/findvit.com\/lv\/wp-json\/wp\/v2\/product"}],"about":[{"href":"https:\/\/findvit.com\/lv\/wp-json\/wp\/v2\/types\/product"}],"replies":[{"embeddable":true,"href":"https:\/\/findvit.com\/lv\/wp-json\/wp\/v2\/comments?post=14973"}],"version-history":[{"count":12,"href":"https:\/\/findvit.com\/lv\/wp-json\/wp\/v2\/product\/14973\/revisions"}],"predecessor-version":[{"id":18767,"href":"https:\/\/findvit.com\/lv\/wp-json\/wp\/v2\/product\/14973\/revisions\/18767"}],"wp:featuredmedia":[{"embeddable":true,"href":"https:\/\/findvit.com\/lv\/wp-json\/wp\/v2\/media\/23280"}],"wp:attachment":[{"href":"https:\/\/findvit.com\/lv\/wp-json\/wp\/v2\/media?parent=14973"}],"wp:term":[{"taxonomy":"brand","embeddable":true,"href":"https:\/\/findvit.com\/lv\/wp-json\/wp\/v2\/etheme_brands?post=14973"},{"taxonomy":"product_brand","embeddable":true,"href":"https:\/\/findvit.com\/lv\/wp-json\/wp\/v2\/product_brand?post=14973"},{"taxonomy":"product_cat","embeddable":true,"href":"https:\/\/findvit.com\/lv\/wp-json\/wp\/v2\/product_cat?post=14973"},{"taxonomy":"product_tag","embeddable":true,"href":"https:\/\/findvit.com\/lv\/wp-json\/wp\/v2\/product_tag?post=14973"}],"curies":[{"name":"wp","href":"https:\/\/api.w.org\/{rel}","templated":true}]}}