{"id":15415,"date":"2023-11-29T18:46:54","date_gmt":"2023-11-29T16:46:54","guid":{"rendered":"https:\/\/findvit.com\/?post_type=product&#038;p=15415"},"modified":"2026-03-04T17:49:51","modified_gmt":"2026-03-04T15:49:51","slug":"kiki-health-collagen-peptides-kolageno-peptidai-150-kapsuliu","status":"publish","type":"product","link":"https:\/\/findvit.com\/lv\/produktas\/kiki-health-collagen-peptides-kolageno-peptidai-150-kapsuliu\/","title":{"rendered":"KIKI Health Collagen peptides - Kolag\u0113na pept\u012bdi ar aminosk\u0101b\u0113m, bioakt\u012bvs komplekss, 150 kapsulas"},"content":{"rendered":"<div data-elementor-type=\"product-post\" data-elementor-id=\"15415\" class=\"elementor elementor-15415\" data-elementor-post-type=\"product\">\n\t\t\t\t\t\t<section class=\"elementor-section elementor-top-section elementor-element elementor-element-ced0503 elementor-section-boxed elementor-section-height-default elementor-section-height-default\" data-id=\"ced0503\" data-element_type=\"section\">\n\t\t\t\t\t\t<div class=\"elementor-container elementor-column-gap-default\">\n\t\t\t\t\t<div class=\"elementor-column elementor-col-100 elementor-top-column elementor-element elementor-element-7dd31e46\" data-id=\"7dd31e46\" data-element_type=\"column\">\n\t\t\t<div class=\"elementor-widget-wrap elementor-element-populated\">\n\t\t\t\t\t\t<div class=\"elementor-element elementor-element-4247ac42 elementor-absolute elementor-hidden-mobile elementor-invisible elementor-widget elementor-widget-image\" data-id=\"4247ac42\" data-element_type=\"widget\" data-settings=\"{&quot;motion_fx_motion_fx_scrolling&quot;:&quot;yes&quot;,&quot;motion_fx_rotateZ_effect&quot;:&quot;yes&quot;,&quot;motion_fx_rotateZ_speed&quot;:{&quot;unit&quot;:&quot;px&quot;,&quot;size&quot;:5,&quot;sizes&quot;:[]},&quot;motion_fx_range&quot;:&quot;viewport&quot;,&quot;_animation&quot;:&quot;fadeIn&quot;,&quot;_position&quot;:&quot;absolute&quot;,&quot;motion_fx_rotateZ_affectedRange&quot;:{&quot;unit&quot;:&quot;%&quot;,&quot;size&quot;:&quot;&quot;,&quot;sizes&quot;:{&quot;start&quot;:0,&quot;end&quot;:100}},&quot;motion_fx_devices&quot;:[&quot;desktop&quot;,&quot;tablet&quot;,&quot;mobile&quot;]}\" data-widget_type=\"image.default\">\n\t\t\t\t<div class=\"elementor-widget-container\">\n\t\t\t\t\t\t\t\t\t\t\t\t\t\t\t<img loading=\"lazy\" decoding=\"async\" width=\"200\" height=\"200\" src=\"https:\/\/findvit.com\/wp-content\/uploads\/2021\/09\/ratukas.svg\" class=\"attachment-full size-full wp-image-1777\" alt=\"Ritenis no anketas l\u012bdz vitam\u012bnam\" \/>\t\t\t\t\t\t\t\t\t\t\t\t\t\t\t<\/div>\n\t\t\t\t<\/div>\n\t\t\t\t\t<\/div>\n\t\t<\/div>\n\t\t\t\t\t<\/div>\n\t\t<\/section>\n\t\t\t\t<section class=\"elementor-section elementor-top-section elementor-element elementor-element-4a54bd22 elementor-section-boxed elementor-section-height-default elementor-section-height-default\" data-id=\"4a54bd22\" data-element_type=\"section\">\n\t\t\t\t\t\t<div class=\"elementor-container elementor-column-gap-no\">\n\t\t\t\t\t<div class=\"elementor-column elementor-col-50 elementor-top-column elementor-element elementor-element-6f6c23e0\" data-id=\"6f6c23e0\" data-element_type=\"column\">\n\t\t\t<div class=\"elementor-widget-wrap elementor-element-populated\">\n\t\t\t\t\t\t<div class=\"elementor-element elementor-element-17f35b6f elementor-widget elementor-widget-heading\" data-id=\"17f35b6f\" data-element_type=\"widget\" data-widget_type=\"heading.default\">\n\t\t\t\t<div class=\"elementor-widget-container\">\n\t\t\t\t\t<h2 class=\"elementor-heading-title elementor-size-medium\">KIKI HEALTH Kolag\u0113na PEPT\u012aDI- Kolag\u0113na pept\u012bdi, 150 kapsulas<\/h2>\t\t\t\t<\/div>\n\t\t\t\t<\/div>\n\t\t\t\t<div class=\"elementor-element elementor-element-66bc320c elementor-widget elementor-widget-text-editor\" data-id=\"66bc320c\" data-element_type=\"widget\" data-widget_type=\"text-editor.default\">\n\t\t\t\t<div class=\"elementor-widget-container\">\n\t\t\t\t\t\t\t\t\t<p>Tas nav tikai papildin\u0101jums, t\u0101 ir da\u013ca no j\u016bsu ikdienas kop\u0161anas ritu\u0101la, kas \u013cauj<strong> atjaunot un saglab\u0101t jaun\u012bbu!<\/strong><\/p><p><strong>Kolag\u0113ns<\/strong> ir visizplat\u012bt\u0101kais prote\u012bns cilv\u0113ka organism\u0101. Tas ir daudz \u0101d\u0101, kaulos, musku\u013cos, skrim\u0161\u013cos, sait\u0113s un saistaudos.<br \/>Kolag\u0113ns ir prote\u012bns, kas veidojas <strong>savienojumus \u0137ermen\u012b, lai nodro\u0161in\u0101tu iztur\u012bbu, elast\u012bbu un strukt\u016bru.<\/strong><\/p><p>Diem\u017e\u0113l kolag\u0113na ra\u017eo\u0161ana dabiski <strong>samazin\u0101s l\u012bdz ar vecumu.<\/strong><\/p><h3><strong>AUGST\u0100K\u0100S KVALIT\u0100TES SAST\u0100VS<\/strong><\/h3><p><strong>I un III tipa kolag\u0113na pept\u012bdi<\/strong> bag\u0101ts ar Kiki Health pept\u012bdiem. Tas ir ar z\u0101li barotos, br\u012bv\u0101s tur\u0113\u0161anas un gan\u012bb\u0101s audz\u0113tos liellopu kolag\u0113na pept\u012bdu produktos.<\/p><p>\u0160\u012b kolag\u0113na ra\u017eo\u0161anas proces\u0101 tiek izmantotas vismodern\u0101k\u0101s tehnolo\u0123ijas. \u013bauj ra\u017eot <strong>zemas molekulmasas prote\u012bns<\/strong>, lai palielin\u0101tu biopieejam\u012bbu un sagremojam\u012bbu.<\/p><p>Katra kapsula ir izgatavota ar visliel\u0101ko r\u016bp\u012bbu un uzman\u012bbu, nodro\u0161inot, ka sa\u0146emat tikai augst\u0101k\u0101s kvalit\u0101tes produktu.<\/p><h3><strong>PLA\u0160S IETEKMES SPEKTRS<\/strong><\/h3><p>Tas ir paredz\u0113ts ne tikai est\u0113tikai un skaistumam, bet ar\u012b sniedz daudz vair\u0101k:<\/p><p><strong>Norm\u0101lai kolag\u0113na veido\u0161anai un<\/strong><\/p><ul><li><strong>norm\u0101lai asinsvadu darb\u012bbai<\/strong><\/li><li><strong>norm\u0101lai kaulu darb\u012bbai<\/strong><\/li><li><strong>norm\u0101lai skrim\u0161\u013ca darb\u012bbai<\/strong><\/li><li><strong>norm\u0101lai \u0101das darb\u012bbai<\/strong><\/li><\/ul><p><strong>Ra\u017eot\u0101js KIKI HEALTH<\/strong> ir inovat\u012bvs uz\u0146\u0113mums, kas rada tikai vesel\u012bgus produktus, lai koptu skaistumu un stiprin\u0101tu \u0137ermeni.<\/p><h3><strong>VISAS ATBILDES K\u0100P\u0112C IZV\u0112LE<\/strong><\/h3><p>Vi\u0146i tam tic <strong>tikai t\u012br\u0101kaj\u0101m sast\u0101vda\u013c\u0101m ir visefekt\u012bv\u0101k\u0101 iedarb\u012bba.<\/strong><\/p><p>Visas produktos izmantot\u0101s sast\u0101vda\u013cas ir r\u016bp\u012bgi atlas\u012btas un \u0113tiski apstr\u0101d\u0101tas, lai saglab\u0101tu un maksim\u0101li palielin\u0101tu efektivit\u0101ti un ieguvumus, k\u0101 ar\u012b nodro\u0161in\u0101tu <strong>nevainojama kvalit\u0101te.<\/strong><\/p><p><strong>Elast\u012bga doz\u0113\u0161ana<\/strong>: Sp\u0113ja piel\u0101goties individu\u0101laj\u0101m vajadz\u012bb\u0101m.<\/p><p><strong>Augst\u0101k\u0101 kvalit\u0101te<\/strong>: Izgatavots no kolag\u0113na, kas ieg\u016bts ar z\u0101li barotiem, br\u012bvi tur\u0113tiem dz\u012bvniekiem.<\/p><h3><span lang=\"lt\"><strong>KIKI VESEL\u012aBAS SOL\u012aJUMS<\/strong><br \/><\/span><\/h3><ul><li><span lang=\"lt\">Augst\u0101k\u0101s kvalit\u0101tes augu izcelsmes organisk\u0101s sast\u0101vda\u013cas<\/span><\/li><li><span lang=\"lt\">\u0112tika, integrit\u0101te un t\u012br\u012bba ra\u017eo\u0161anas proces\u0101<\/span><\/li><li><span lang=\"lt\">Sertific\u0113tas organiskas vai savva\u013cas sast\u0101vda\u013cas<\/span><\/li><li><span lang=\"lt\">Bez kompromisiem ar sint\u0113tisk\u0101m piedev\u0101m, saistviel\u0101m, pildviel\u0101m vai cit\u0101m kait\u012bg\u0101m viel\u0101m.<\/span><\/li><li><span lang=\"lt\">Nesatur \u0122MO, glut\u0113nu, kvie\u0161us.<\/span><\/li><\/ul><div><span style=\"font-size: 15.96px;\">Uzziniet par person\u012bgajiem vitam\u012bniem un citiem uztura bag\u0101tin\u0101t\u0101jiem, <\/span>\u00a0<strong>\u0161obr\u012bd piem\u0113rot\u0101k\u0101<\/strong>, veiciet testu\u00a0<a style=\"background-color: #ffffff; color: #25bf4e;\" href=\"https:\/\/findvit.com\/lv\/testas\/\"><strong>&quot;Tava diena&quot;<\/strong><\/a>\u00a0<span style=\"font-size: 15.96px;\"><br \/><\/span><\/div><p id=\"tw-target-text\" class=\"tw-data-text tw-text-large XcVN5d tw-ta\" dir=\"ltr\" data-placeholder=\"Translation\">\u00a0<\/p>\t\t\t\t\t\t\t\t<\/div>\n\t\t\t\t<\/div>\n\t\t\t\t\t<\/div>\n\t\t<\/div>\n\t\t\t\t<div class=\"elementor-column elementor-col-50 elementor-top-column elementor-element elementor-element-537c4e55\" data-id=\"537c4e55\" data-element_type=\"column\">\n\t\t\t<div class=\"elementor-widget-wrap elementor-element-populated\">\n\t\t\t\t\t\t<div class=\"elementor-element elementor-element-4dc42886 elementor-widget elementor-widget-image\" data-id=\"4dc42886\" data-element_type=\"widget\" data-widget_type=\"image.default\">\n\t\t\t\t<div class=\"elementor-widget-container\">\n\t\t\t\t\t\t\t\t\t\t\t\t\t\t\t<img loading=\"lazy\" decoding=\"async\" width=\"900\" height=\"900\" src=\"https:\/\/findvit.com\/wp-content\/uploads\/2021\/11\/koliazai-15-900x900.jpg\" class=\"attachment-large size-large wp-image-3823\" alt=\"Skaista sievietes \u0101da, izmantojot uztura bag\u0101tin\u0101t\u0101jus\" srcset=\"https:\/\/findvit.com\/wp-content\/uploads\/2021\/11\/koliazai-15-900x900.jpg 900w, https:\/\/findvit.com\/wp-content\/uploads\/2021\/11\/koliazai-15-600x600.jpg 600w, https:\/\/findvit.com\/wp-content\/uploads\/2021\/11\/koliazai-15-150x150.jpg 150w, https:\/\/findvit.com\/wp-content\/uploads\/2021\/11\/koliazai-15-768x768.jpg 768w, https:\/\/findvit.com\/wp-content\/uploads\/2021\/11\/koliazai-15-1x1.jpg 1w, https:\/\/findvit.com\/wp-content\/uploads\/2021\/11\/koliazai-15-10x10.jpg 10w, https:\/\/findvit.com\/wp-content\/uploads\/2021\/11\/koliazai-15-100x100.jpg 100w, https:\/\/findvit.com\/wp-content\/uploads\/2021\/11\/koliazai-15-e1637516776328.jpg 1001w\" sizes=\"auto, (max-width: 900px) 100vw, 900px\" \/>\t\t\t\t\t\t\t\t\t\t\t\t\t\t\t<\/div>\n\t\t\t\t<\/div>\n\t\t\t\t\t<\/div>\n\t\t<\/div>\n\t\t\t\t\t<\/div>\n\t\t<\/section>\n\t\t\t\t<\/div>","protected":false},"excerpt":{"rendered":"<p>Kolag\u0113na pept\u012bdi - <strong>I un III tipa hidroliz\u0113ts dz\u012bvnieku izcelsmes kolag\u0113ns ar aminosk\u0101b\u0113m<\/strong>. Nepiecie\u0161ams \u0101das, sai\u0161u un saistaudu elast\u012bbai, kaulu un musku\u013cu sp\u0113kam un strukt\u016brai. Pat kompleks\u0101 <strong>9500 mg dabiski audz\u0113ta dz\u012bvnieku izcelsmes kolag\u0113na un 18 aminosk\u0101bes. <\/strong>100 % Organic. Bez jebk\u0101d\u0101m sint\u0113tisk\u0101m piedev\u0101m. 150 gab. kapsulas ilgtsp\u0113j\u012bg\u0101 dzintara stikla iepakojum\u0101.<\/p>","protected":false},"featured_media":23164,"comment_status":"open","ping_status":"closed","template":"","meta":{"_acf_changed":false,"inline_featured_image":false},"etheme_brands":[{"term_id":28,"name":"Kiki Health","slug":"kiki-health","term_group":0,"term_taxonomy_id":28,"taxonomy":"brand","description":"<h2><a href=\"https:\/\/kiki-health.com\/about-us\/\" target=\"_blank\" rel=\"noopener\"><strong>KIKI Health<\/strong><\/a><\/h2>\r\nKIKI yra prek\u0117s \u017eenklas, kuriantis novatori\u0161kus maisto papildus.\r\n\r\nKIKI yra pripa\u017eintas ir gerbiamas, kaip sveikos gyvensenos produkt\u0173 ir individualumo bei meistri\u0161kumo standartas.\r\n\r\nKIKI gim\u0117 i\u0161 noro skatinti optimali\u0105 sveikat\u0105 ir gerov\u0119, m\u016bs\u0173 tikslas ir aistra yra \u012fsigyti auk\u0161\u010diausios kokyb\u0117s, grynumo produktus i\u0161 viso pasaulio, kurie pad\u0117t\u0173 gro\u017eiui ir sveikatai.\r\n\r\nNuo pat prad\u017ei\u0173 ir iki \u0161iol KIKI Health niekada nedaro kompromis\u0173 ir nededa pried\u0173 bei naudoja prastesni\u0173 ingredient\u0173 - tik nat\u016bralios 100% veikliosios med\u017eiagos.\r\n\r\nhttps:\/\/youtu.be\/irT0ZUOzBac?t=45\r\n<h3><strong>Nat\u016braliai turtingi <\/strong><strong>vitaminais, mineralais ir b\u016btinomis\u00a0 veikliosiomis med\u017eiagomis<\/strong><\/h3>\r\nDaugelis \"KIKI Health\" produkt\u0173 turintys augalini\u0173 ir maistini\u0173 med\u017eiag\u0173\u00a0 yra sertifikuoti, kaip ekologi\u0161ki.\r\n\r\nI\u0161naudodami stiprias augalin\u0117s kilm\u0117s, nat\u016brali\u0173 ingredient\u0173 galias, kupinas esmini\u0173 augal\u0173 veikli\u0173j\u0173 med\u017eiag\u0173, vitamin\u0173 ir mineral\u0173, kad suteikt\u0173 smegenims, odai ir k\u016bnui neprilygstam\u0105 pagalb\u0105.\r\n\r\nKIKI Health tikslas yra u\u017etikrinti, kad mi\u0161iniuose neb\u016bt\u0173 sintetikos, konservant\u0173, u\u017epild\u0173 ir ri\u0161ikli\u0173, u\u017etikrinant, kad ir toliau gamint\u0173 veiksmingus, \u0161varius ir saugius papildus.\r\n\r\nPagaminta Jungtin\u0117je Karalyst\u0117je i\u0161 \u0161vari\u0173 ir tvari\u0173 ingredient\u0173.\r\n<h3><strong>Atsakingumas<\/strong><\/h3>\r\nU\u017etikrindami, kad produktai b\u016bt\u0173 atsakingai u\u017eauginti, ne tik r\u016bpinamasi aplinka, bet ir garantuojama produkto kokyb\u0119. KIKI Healt specialistai keliauja po pasaul\u012f ie\u0161kodami ekologi\u0161k\u0173, eti\u0161kai gaut\u0173 ingredient\u0173, pasi\u017eymin\u010di\u0173 geresne maistine verte, kartu pad\u0117dami vietos bendruomen\u0117ms klest\u0117ti. Maisto gamybos b\u016bdas yra labai svarbus daugeliui vartotoj\u0173, ir tai kelia susir\u016bpinim\u0105, kur\u012f mes dalijam\u0117s.\r\n<h3><strong>Minimalus apdorojimas<\/strong><\/h3>\r\nNor\u0117dami pasiekti optimal\u0173 biologin\u012f prieinamum\u0105, stengiamasi, kad ingredientai b\u016bt\u0173 kuo ar\u010diau j\u0173 nat\u016bralios b\u016bkl\u0117s. Laikomasi minimalaus perdirbimo ir kontroliuojama temperat\u016bros, i\u0161kart po derliaus nu\u0117mimo, kad b\u016bt\u0173 i\u0161laikoma visa nauda sveikatai ir gyvybi\u0161kai svarbios maistin\u0117s med\u017eiagos.\r\n\r\n<strong>Produktuose n\u0117ra<\/strong>: sintetikos, dirbtini\u0173 da\u017eikli\u0173 ir kvapi\u0173j\u0173 med\u017eiag\u0173, u\u017epild\u0173, ri\u0161ikli\u0173, dengimo med\u017eiag\u0173, lipnum\u0105 reguliuojan\u010di\u0173 med\u017eiag\u0173, cukr\u0173, glitimo, GMO, laktoz\u0117s, konservant\u0173, pagalbini\u0173 med\u017eiag\u0173.\r\n\r\nVisi ingredientai ir galutiniai produktai yra reguliariai tikrinami tre\u010diosios \u0161alies laboratorijoje. U\u017etikrinama, kad kiekviena partija b\u016bt\u0173 i\u0161bandyta d\u0117l sunki\u0173j\u0173 metal\u0173, mikroorganizm\u0173 ir pesticid\u0173 laikantis grie\u017et\u0173 kokyb\u0117s kontrol\u0117s s\u0105lyg\u0173, o rezultatai atitikt\u0173 ES ir JK ribinius reglamentus, \u012fskaitant ekologinio \u016bkininkavimo standartus.","parent":0,"count":28,"filter":"raw"}],"product_brand":[],"product_cat":[646,645,119,15],"product_tag":[659],"class_list":{"0":"post-15415","1":"product","2":"type-product","3":"status-publish","4":"has-post-thumbnail","6":"brand-kiki-health","7":"product_cat-papildai-moterims","8":"product_cat-geriausi-papildai-vyrams","9":"product_cat-kolagenas","10":"product_cat-produktai","11":"product_tag-istvermei-groziui-is-vidaus-moterims","13":"first","14":"instock","15":"featured","16":"taxable","17":"shipping-taxable","18":"purchasable","19":"product-type-simple"},"acf":[],"_links":{"self":[{"href":"https:\/\/findvit.com\/lv\/wp-json\/wp\/v2\/product\/15415","targetHints":{"allow":["GET"]}}],"collection":[{"href":"https:\/\/findvit.com\/lv\/wp-json\/wp\/v2\/product"}],"about":[{"href":"https:\/\/findvit.com\/lv\/wp-json\/wp\/v2\/types\/product"}],"replies":[{"embeddable":true,"href":"https:\/\/findvit.com\/lv\/wp-json\/wp\/v2\/comments?post=15415"}],"version-history":[{"count":21,"href":"https:\/\/findvit.com\/lv\/wp-json\/wp\/v2\/product\/15415\/revisions"}],"predecessor-version":[{"id":18764,"href":"https:\/\/findvit.com\/lv\/wp-json\/wp\/v2\/product\/15415\/revisions\/18764"}],"wp:featuredmedia":[{"embeddable":true,"href":"https:\/\/findvit.com\/lv\/wp-json\/wp\/v2\/media\/23164"}],"wp:attachment":[{"href":"https:\/\/findvit.com\/lv\/wp-json\/wp\/v2\/media?parent=15415"}],"wp:term":[{"taxonomy":"brand","embeddable":true,"href":"https:\/\/findvit.com\/lv\/wp-json\/wp\/v2\/etheme_brands?post=15415"},{"taxonomy":"product_brand","embeddable":true,"href":"https:\/\/findvit.com\/lv\/wp-json\/wp\/v2\/product_brand?post=15415"},{"taxonomy":"product_cat","embeddable":true,"href":"https:\/\/findvit.com\/lv\/wp-json\/wp\/v2\/product_cat?post=15415"},{"taxonomy":"product_tag","embeddable":true,"href":"https:\/\/findvit.com\/lv\/wp-json\/wp\/v2\/product_tag?post=15415"}],"curies":[{"name":"wp","href":"https:\/\/api.w.org\/{rel}","templated":true}]}}