{"id":15417,"date":"2023-11-29T20:24:11","date_gmt":"2023-11-29T18:24:11","guid":{"rendered":"https:\/\/findvit.com\/?post_type=product&#038;p=15417"},"modified":"2026-03-02T15:12:09","modified_gmt":"2026-03-02T13:12:09","slug":"enzymedica-digest-basic-fermentai-virskinimui-kompleksas-90-vegetarisku-kapsuliu","status":"publish","type":"product","link":"https:\/\/findvit.com\/lv\/produktas\/enzymedica-digest-basic-fermentai-virskinimui-kompleksas-90-vegetarisku-kapsuliu\/","title":{"rendered":"Enzymedica Digest\u2122 Basic - fermenti gremo\u0161anas, aizku\u0146\u0123a dziedzera un zarnu uzlabo\u0161anai, 90 d\u0101rze\u0146u kapsulas"},"content":{"rendered":"<div data-elementor-type=\"product-post\" data-elementor-id=\"15417\" class=\"elementor elementor-15417\" data-elementor-post-type=\"product\">\n\t\t\t\t\t\t<section class=\"elementor-section elementor-top-section elementor-element elementor-element-450e271 elementor-section-boxed elementor-section-height-default elementor-section-height-default\" data-id=\"450e271\" data-element_type=\"section\">\n\t\t\t\t\t\t<div class=\"elementor-container elementor-column-gap-default\">\n\t\t\t\t\t<div class=\"elementor-column elementor-col-100 elementor-top-column elementor-element elementor-element-51c6855\" data-id=\"51c6855\" data-element_type=\"column\">\n\t\t\t<div class=\"elementor-widget-wrap elementor-element-populated\">\n\t\t\t\t\t\t<div class=\"elementor-element elementor-element-da4ccd9 elementor-absolute elementor-hidden-mobile elementor-invisible elementor-widget elementor-widget-image\" data-id=\"da4ccd9\" data-element_type=\"widget\" data-settings=\"{&quot;motion_fx_motion_fx_scrolling&quot;:&quot;yes&quot;,&quot;motion_fx_rotateZ_effect&quot;:&quot;yes&quot;,&quot;motion_fx_rotateZ_speed&quot;:{&quot;unit&quot;:&quot;px&quot;,&quot;size&quot;:5,&quot;sizes&quot;:[]},&quot;motion_fx_range&quot;:&quot;viewport&quot;,&quot;_animation&quot;:&quot;fadeIn&quot;,&quot;_position&quot;:&quot;absolute&quot;,&quot;motion_fx_rotateZ_affectedRange&quot;:{&quot;unit&quot;:&quot;%&quot;,&quot;size&quot;:&quot;&quot;,&quot;sizes&quot;:{&quot;start&quot;:0,&quot;end&quot;:100}},&quot;motion_fx_devices&quot;:[&quot;desktop&quot;,&quot;tablet&quot;,&quot;mobile&quot;]}\" data-widget_type=\"image.default\">\n\t\t\t\t<div class=\"elementor-widget-container\">\n\t\t\t\t\t\t\t\t\t\t\t\t\t\t\t<img loading=\"lazy\" decoding=\"async\" width=\"200\" height=\"200\" src=\"https:\/\/findvit.com\/wp-content\/uploads\/2021\/09\/ratukas.svg\" class=\"attachment-full size-full wp-image-1777\" alt=\"Ritenis no anketas l\u012bdz vitam\u012bnam\" \/>\t\t\t\t\t\t\t\t\t\t\t\t\t\t\t<\/div>\n\t\t\t\t<\/div>\n\t\t\t\t\t<\/div>\n\t\t<\/div>\n\t\t\t\t\t<\/div>\n\t\t<\/section>\n\t\t\t\t<section class=\"elementor-section elementor-top-section elementor-element elementor-element-b9f63d6 elementor-section-boxed elementor-section-height-default elementor-section-height-default\" data-id=\"b9f63d6\" data-element_type=\"section\">\n\t\t\t\t\t\t<div class=\"elementor-container elementor-column-gap-no\">\n\t\t\t\t\t<div class=\"elementor-column elementor-col-50 elementor-top-column elementor-element elementor-element-4475b85\" data-id=\"4475b85\" data-element_type=\"column\">\n\t\t\t<div class=\"elementor-widget-wrap elementor-element-populated\">\n\t\t\t\t\t\t<div class=\"elementor-element elementor-element-195ab3c elementor-widget elementor-widget-heading\" data-id=\"195ab3c\" data-element_type=\"widget\" data-widget_type=\"heading.default\">\n\t\t\t\t<div class=\"elementor-widget-container\">\n\t\t\t\t\t<h2 class=\"elementor-heading-title elementor-size-medium\">Enzymedica Digest\u2122 Basic - fermenti gremo\u0161anas, aizku\u0146\u0123a dziedzera un zarnu uzlabo\u0161anai, 90 d\u0101rze\u0146u kapsulas<\/h2>\t\t\t\t<\/div>\n\t\t\t\t<\/div>\n\t\t\t\t<div class=\"elementor-element elementor-element-33a838d elementor-widget elementor-widget-text-editor\" data-id=\"33a838d\" data-element_type=\"widget\" data-widget_type=\"text-editor.default\">\n\t\t\t\t<div class=\"elementor-widget-container\">\n\t\t\t\t\t\t\t\t\t<p><strong>Gremo\u0161ana ir svar\u012bga<\/strong> process, kur\u0101 p\u0101rtika tiek sadal\u012bta maz\u0101k\u0101s molekul\u0101s, kuras var uz\u0146emt \u0137erme\u0146a \u0161\u016bnas.<\/p><p>Tom\u0113r da\u017ereiz gremo\u0161ana var tikt trauc\u0113ta da\u017e\u0101du iemeslu d\u0113\u013c, piem\u0113ram, stresa, nepareiza uztura, aler\u0123iju vai enz\u012bmu defic\u012bta d\u0113\u013c.<\/p><p>\u0160aj\u0101 gad\u012bjum\u0101 \u0113diens paliek nesagremots un izraisa v\u0113dera uzp\u016b\u0161anos, g\u0101zes, gr\u0113mas un citus nepat\u012bkamus simptomus.<\/p><h3><strong>IZSTR\u0100D\u0100TAS, LAI PAL\u012aDZ\u0112TU<\/strong><\/h3><p>Digest Basic\u00ae ir unik\u0101ls enz\u012bmu papildin\u0101jums, kas ir izstr\u0101d\u0101ts, lai nodro\u0161in\u0101tu maigu saj\u016btu, bet b\u016btu \u013coti efekt\u012bvs.<\/p><p>\u0160is produkts ir ide\u0101li piem\u0113rots tiem, kas mekl\u0113 vieglu, bet vispus\u012bgu pal\u012bgu, lai tiktu gal\u0101 ar da\u017e\u0101d\u0101m nepatik\u0161an\u0101m.<\/p><h3><strong>VIEGLI LIETOT<\/strong><\/h3><p>Lietojiet 1 kapsulu katr\u0101 \u0113dienreiz\u0113. Atkar\u012bb\u0101 no nepiecie\u0161am\u012bbas var lietot vair\u0101k kapsulu.<\/p><h3><strong>TU SA\u0145EMSI SAST\u0100V\u012aBU<\/strong><\/h3><p>Digest Basic satur unik\u0101lu <strong>Thera-Blend <\/strong>fermentu mais\u012bjums.<\/p><p>Taj\u0101 <strong>bilance pat 12 <\/strong>da\u017e\u0101di fermenti:<\/p><p><strong>amil\u0101ze, lip\u0101ze, celul\u0101ze un prote\u0101ze, lakt\u0101ze<\/strong>&#8230;<\/p><p>Piem\u0113ram, uzlabojas lakt\u0101zes enz\u012bms <br \/>laktozes gremo\u0161ana<br \/>person\u0101m, kur\u0101m ir gr\u016bt\u012bbas sagremot laktozi.<\/p><p>Enzymedica ir patent\u0113ta <strong>Thera-blend\u2122<\/strong> tehnolo\u0123ija noz\u012bm\u0113, ka Digest Basic fermenti ir \u012bpa\u0161i izstr\u0101d\u0101ti visam <strong>ku\u0146\u0123a-zarnu trakta pH spektr\u0101.<\/strong><\/p><h3>FERMENTU NOZ\u012aME<\/h3><p>Fermenti ir atbild\u012bgi par gremo\u0161anu. Tie ir dabiski sastopami <strong>olbaltumvielas, kas pa\u0101trina reakcijas.\u00a0<\/strong><\/p><p><strong>Raudz\u0113t<\/strong>es atg\u0101dinu mazas \u0161\u0137\u0113res, kas m\u016bs ap\u0113d <strong>&quot;sagrie\u017e&quot; \u0113dienu maz\u0101kos gabali\u0146os.<\/strong> J\u0101<strong> viegl\u0101ka un lab\u0101ka bar\u012bbas vielu uzs\u016bk\u0161an\u0101s.<\/strong><\/p><p>Ja organism\u0101 tr\u016bkst enz\u012bmu, var b\u016bt gr\u016bti sadal\u012bt smag\u0101ku p\u0101rtiku, t\u0101p\u0113c tas darbojas \u0161\u0101di <span style=\"text-decoration: underline;\">g\u0101zu uzkr\u0101\u0161an\u0101s<\/span>, <span style=\"text-decoration: underline;\">ku\u0146\u0123is piet\u016bkst, ku\u0146\u0123a darb\u012bbas trauc\u0113jumi un visa gremo\u0161anas sist\u0113ma darbojas neregul\u0101ri<\/span>.<\/p><p>Lietojot \u0161o uztura bag\u0101tin\u0101t\u0101ju ar fermentiem un probiotik\u0101m, tiks uzlabots gremo\u0161anas process. Fermentu defic\u012btu var izrais\u012bt ne tikai di\u0113ta vai dz\u012bvesveids.<\/p><p><strong>Pieaugot vecumam, organisms dabiski s\u0101k ra\u017eot maz\u0101k fermentu.<\/strong><\/p><p>Var b\u016bt gr\u016bti ieg\u016bt visas nepiecie\u0161am\u0101s uzturvielas tikai no uztura, jo \u0113diena gatavo\u0161anas un cep\u0161anas laik\u0101 p\u0101rtikas fermenti tiek nogalin\u0101ti.<\/p><h3><strong>PAMATFERMENTI<\/strong><\/h3><p><strong>Amil\u0101ze<\/strong> - sadala og\u013chidr\u0101tus, cieti un cukurus, kas ir p\u0101rsvar\u0101 visos augu izcelsmes produktos (kartupe\u013cos, aug\u013cos, d\u0101rze\u0146os, graudos).<\/p><p><strong>Lip\u0101ze<\/strong> \u2013 pal\u012bdz sagremot taukainu p\u0101rtiku, piem\u0113ram, piena produktus, riekstus, e\u013c\u013cas, olas un ga\u013cu.<\/p><p><strong>Celul\u0101ze<\/strong> \u2013 pal\u012bdz sagremot p\u0101rtiku, kas satur daudz \u0161\u0137iedrvielu, piem\u0113ram, broko\u013cus, spar\u0123e\u013cus un pupi\u0146as, kas var izrais\u012bt g\u0101zes.<\/p><p><strong>Lakt\u0101ze<\/strong> - sadala cukura laktozi glikoz\u0113 un galaktoz\u0113.<\/p><p><strong>Malt\u0101ze<\/strong> - sadala cukura maltozi maz\u0101k\u0101s glikozes molekul\u0101s.<\/p><p>Vair\u0101k noder\u012bgas inform\u0101cijas var atrast:<\/p><p><strong><a href=\"https:\/\/findvit.com\/lv\/paslaptingasis-sveikatos-raktas-fermentai\/\" target=\"_blank\" rel=\"noopener\">Fermenti ir vesel\u012bbas nosl\u0113pums<\/a><\/strong><\/p><p>Ja neesat p\u0101rliecin\u0101ts, kuri citi vitam\u012bni vai citi uztura bag\u0101tin\u0101t\u0101ji \u0161obr\u012bd ir vispiem\u0113rot\u0101kie, veiciet testu <strong><a href=\"https:\/\/findvit.com\/lv\/testas\/\">&quot;Tava diena&quot;<\/a> <\/strong>un sa\u0146emiet person\u012bgu ieteikumu!<\/p>\t\t\t\t\t\t\t\t<\/div>\n\t\t\t\t<\/div>\n\t\t\t\t\t<\/div>\n\t\t<\/div>\n\t\t\t\t<div class=\"elementor-column elementor-col-50 elementor-top-column elementor-element elementor-element-4cd8d4c\" data-id=\"4cd8d4c\" data-element_type=\"column\">\n\t\t\t<div class=\"elementor-widget-wrap elementor-element-populated\">\n\t\t\t\t\t\t<div class=\"elementor-element elementor-element-126df0d elementor-widget elementor-widget-image\" data-id=\"126df0d\" data-element_type=\"widget\" data-widget_type=\"image.default\">\n\t\t\t\t<div class=\"elementor-widget-container\">\n\t\t\t\t\t\t\t\t\t\t\t\t\t\t\t<img loading=\"lazy\" decoding=\"async\" width=\"900\" height=\"900\" src=\"https:\/\/findvit.com\/wp-content\/uploads\/2021\/10\/Ko-13-900x900.jpg\" class=\"attachment-large size-large wp-image-2498\" alt=\"Fermenti sieviet\u0113m. Sieviete veic jogas vingrin\u0101jumus\" srcset=\"https:\/\/findvit.com\/wp-content\/uploads\/2021\/10\/Ko-13-900x900.jpg 900w, https:\/\/findvit.com\/wp-content\/uploads\/2021\/10\/Ko-13-600x600.jpg 600w, https:\/\/findvit.com\/wp-content\/uploads\/2021\/10\/Ko-13-150x150.jpg 150w, https:\/\/findvit.com\/wp-content\/uploads\/2021\/10\/Ko-13-768x768.jpg 768w, https:\/\/findvit.com\/wp-content\/uploads\/2021\/10\/Ko-13-1x1.jpg 1w, https:\/\/findvit.com\/wp-content\/uploads\/2021\/10\/Ko-13-10x10.jpg 10w, https:\/\/findvit.com\/wp-content\/uploads\/2021\/10\/Ko-13-100x100.jpg 100w, https:\/\/findvit.com\/wp-content\/uploads\/2021\/10\/Ko-13.jpg 1000w\" sizes=\"auto, (max-width: 900px) 100vw, 900px\" \/>\t\t\t\t\t\t\t\t\t\t\t\t\t\t\t<\/div>\n\t\t\t\t<\/div>\n\t\t\t\t\t<\/div>\n\t\t<\/div>\n\t\t\t\t\t<\/div>\n\t\t<\/section>\n\t\t\t\t<\/div>","protected":false},"excerpt":{"rendered":"<p>Fermenti gremo\u0161anai. Vai p\u0113c \u0113\u0161anas j\u016btat smagumu vai diskomfortu? Vai v\u0113laties uzlabot savu gremo\u0161anas sist\u0113mu un justies viegl\u0101k? Ja t\u0101, tad <strong>Digest Basic ir paredz\u0113ts jums<\/strong>. \u0160is papildin\u0101jums ir <strong>izstr\u0101d\u0101ts, pamatojoties uz zin\u0101tni<\/strong> un ir izgatavots, izmantojot &quot;<strong>Thera-blend\u2122<\/strong>\u201d tehnolo\u0123ija, kas nodro\u0161ina maksim\u0101lu enz\u012bmu darb\u012bbu. Izbaudiet \u0113dienu bez raiz\u0113m! Digest Basic ir dabisks un dro\u0161s veids, k\u0101 pal\u012bdz\u0113t sev. \u0160is produkts ir izgatavots ar augstas kvalit\u0101tes augu fermentiem!<\/p>","protected":false},"featured_media":23324,"comment_status":"open","ping_status":"closed","template":"","meta":{"_acf_changed":false,"inline_featured_image":false},"etheme_brands":[{"term_id":57,"name":"Enzymedica","slug":"enzymedica","term_group":0,"term_taxonomy_id":57,"taxonomy":"brand","description":"<h2><a href=\"https:\/\/enzymedica.com\/pages\/explore-our-mission\" target=\"_blank\" rel=\"noopener\">Kiekvienas Enzymedica<\/a> produktas:<\/h2>\r\nhttps:\/\/youtu.be\/3ntanNxUev8?t=2\r\n<h3><strong>\u0160varus<\/strong><\/h3>\r\n\"Enzymedica\" nadoja tik gryniausius nat\u016bralius ingredientus ir siekia, kad produktuose neb\u016bt\u0173 dirbtini\u0173 priemai\u0161\u0173. Gamintojas did\u017eiuojasi, kad yra pirmasis \"Clean Label Project\" sertifikuotas papild\u0173 prek\u0117s \u017eenklas, kurio produktuose n\u0117ra daugiau nei 130 ter\u0161al\u0173. Enzymedica saugo visus gerus ingridientus ir niekada nenaudoja dirbtini\u0173 pried\u0173.\r\n<h3><strong>Nepriklausomai sertifikuotas<\/strong><\/h3>\r\nEnzymedica \u012fsipareigojusi laikytis geros gamybos praktikos. \"Enzymedica\" nepriklausomai audituojama \"NSF International\" kompanijos.\r\n<h3><strong>Tyras<\/strong><\/h3>\r\nKiekviena gamybos partija yra kruop\u0161\u010diai i\u0161testuojama vertinant produkt\u0173 grynum\u0105, tod\u0117l u\u017etikrinama, kad tai, kas yra etiket\u0117je, visada yra buteliuke.\r\n<h3><strong>Orentuotas \u012f gyvenimo b\u016bd\u0105<\/strong><\/h3>\r\nKur tik \u012fmanoma \"Enzymedica\" produktai yra sertifikuojami \"Kosher\" \u017eenklu. Kai tik \u012fmanoma naudojami vegetari\u0161ki ir vegani\u0161ki ingredientai.\r\n<h3><strong>Tvarus<\/strong><\/h3>\r\nPlanetos gerov\u0117 yra tokia pat svarbi kaip ir m\u016bs\u0173, tod\u0117l \"Enzymedica\" mano, kad ekologijos svarba yra neatsiejama verslo dalis ir gyvenimo b\u016bdas. \"LEED-Gold Certified\" b\u016bstin\u0117je yra naudojama saul\u0117s energija, u\u017etikrinant geresn\u0119 ateit\u012f planetai.\r\n<h3><strong>Efektyvus<\/strong><\/h3>\r\nGeriausi papildai n\u0117ra kuriami atsitiktinai. \"Enzymedica\" savaranki\u0161kai tikrina, ar visi j\u0173 produktai atitinka grie\u017etus standartus, ir siekdama pagerinti ingridient\u0173 efektyvum\u0105 suk\u016br\u0117 naujas technologijas, tokias kaip \"Therablend\".\r\n<h3><strong>Socialiai s\u0105moningas<\/strong><\/h3>\r\n\"Enzymedica\" tiki \u017emon\u0117mis ir planeta, ir kiekvianam darbuotojui tai svarbu. Filantropija yra \u012fmon\u0117s pagrindas ir remdami \"People &amp; Planet\" iniciatyvas tai tik patvirtina.","parent":0,"count":8,"filter":"raw"}],"product_brand":[],"product_cat":[646,23,118,15],"product_tag":[88,125,126,97,657],"class_list":{"0":"post-15417","1":"product","2":"type-product","3":"status-publish","4":"has-post-thumbnail","6":"brand-enzymedica","7":"product_cat-papildai-moterims","8":"product_cat-vitaminai","9":"product_cat-fermentai","10":"product_cat-produktai","11":"product_tag-aktyviai-organizmo-apykaitai","12":"product_tag-energijai","13":"product_tag-greitam-virskinimui-ir-salinimui","14":"product_tag-svorio-kontrolei","15":"product_tag-virskinimas-mikrobiota-moterims","17":"first","18":"instock","19":"sale","20":"taxable","21":"shipping-taxable","22":"purchasable","23":"product-type-simple"},"acf":[],"_links":{"self":[{"href":"https:\/\/findvit.com\/lv\/wp-json\/wp\/v2\/product\/15417","targetHints":{"allow":["GET"]}}],"collection":[{"href":"https:\/\/findvit.com\/lv\/wp-json\/wp\/v2\/product"}],"about":[{"href":"https:\/\/findvit.com\/lv\/wp-json\/wp\/v2\/types\/product"}],"replies":[{"embeddable":true,"href":"https:\/\/findvit.com\/lv\/wp-json\/wp\/v2\/comments?post=15417"}],"version-history":[{"count":6,"href":"https:\/\/findvit.com\/lv\/wp-json\/wp\/v2\/product\/15417\/revisions"}],"predecessor-version":[{"id":19521,"href":"https:\/\/findvit.com\/lv\/wp-json\/wp\/v2\/product\/15417\/revisions\/19521"}],"wp:featuredmedia":[{"embeddable":true,"href":"https:\/\/findvit.com\/lv\/wp-json\/wp\/v2\/media\/23324"}],"wp:attachment":[{"href":"https:\/\/findvit.com\/lv\/wp-json\/wp\/v2\/media?parent=15417"}],"wp:term":[{"taxonomy":"brand","embeddable":true,"href":"https:\/\/findvit.com\/lv\/wp-json\/wp\/v2\/etheme_brands?post=15417"},{"taxonomy":"product_brand","embeddable":true,"href":"https:\/\/findvit.com\/lv\/wp-json\/wp\/v2\/product_brand?post=15417"},{"taxonomy":"product_cat","embeddable":true,"href":"https:\/\/findvit.com\/lv\/wp-json\/wp\/v2\/product_cat?post=15417"},{"taxonomy":"product_tag","embeddable":true,"href":"https:\/\/findvit.com\/lv\/wp-json\/wp\/v2\/product_tag?post=15417"}],"curies":[{"name":"wp","href":"https:\/\/api.w.org\/{rel}","templated":true}]}}