{"id":15447,"date":"2023-12-03T15:34:04","date_gmt":"2023-12-03T13:34:04","guid":{"rendered":"https:\/\/findvit.com\/?post_type=product&#038;p=15447"},"modified":"2026-03-02T15:42:45","modified_gmt":"2026-03-02T13:42:45","slug":"garden-of-life-vitamin-code-raw-d3-vitaminas-d3-su-fermentais-ir-probiotikais-120-vegetarisku-kapsuliu","status":"publish","type":"product","link":"https:\/\/findvit.com\/lv\/produktas\/garden-of-life-vitamin-code-raw-d3-vitaminas-d3-su-fermentais-ir-probiotikais-120-vegetarisku-kapsuliu\/","title":{"rendered":"Dz\u012bv\u012bbas d\u0101rzs Vitamin Code Raw D3 - D3 vitam\u012bns komplekt\u0101 ar antioksidantiem, fermentiem un probiotik\u0101m. Bioakt\u012bvs komplekss, 120 d\u0101rze\u0146u kapsulas"},"content":{"rendered":"\t\t<div data-elementor-type=\"product-post\" data-elementor-id=\"15447\" class=\"elementor elementor-15447\" data-elementor-post-type=\"product\">\n\t\t\t\t\t\t<section class=\"elementor-section elementor-top-section elementor-element elementor-element-54e5620 elementor-section-boxed elementor-section-height-default elementor-section-height-default\" data-id=\"54e5620\" data-element_type=\"section\" data-e-type=\"section\">\n\t\t\t\t\t\t<div class=\"elementor-container elementor-column-gap-default\">\n\t\t\t\t\t<div class=\"elementor-column elementor-col-100 elementor-top-column elementor-element elementor-element-85c3046\" data-id=\"85c3046\" data-element_type=\"column\" data-e-type=\"column\">\n\t\t\t<div class=\"elementor-widget-wrap elementor-element-populated\">\n\t\t\t\t\t\t<div class=\"elementor-element elementor-element-6ae3d17 elementor-absolute elementor-hidden-mobile elementor-invisible elementor-widget elementor-widget-image\" data-id=\"6ae3d17\" data-element_type=\"widget\" data-e-type=\"widget\" data-settings=\"{&quot;motion_fx_motion_fx_scrolling&quot;:&quot;yes&quot;,&quot;motion_fx_rotateZ_effect&quot;:&quot;yes&quot;,&quot;motion_fx_rotateZ_speed&quot;:{&quot;unit&quot;:&quot;px&quot;,&quot;size&quot;:5,&quot;sizes&quot;:[]},&quot;motion_fx_range&quot;:&quot;viewport&quot;,&quot;_animation&quot;:&quot;fadeIn&quot;,&quot;_position&quot;:&quot;absolute&quot;,&quot;motion_fx_rotateZ_affectedRange&quot;:{&quot;unit&quot;:&quot;%&quot;,&quot;size&quot;:&quot;&quot;,&quot;sizes&quot;:{&quot;start&quot;:0,&quot;end&quot;:100}},&quot;motion_fx_devices&quot;:[&quot;desktop&quot;,&quot;tablet&quot;,&quot;mobile&quot;]}\" data-widget_type=\"image.default\">\n\t\t\t\t<div class=\"elementor-widget-container\">\n\t\t\t\t\t\t\t\t\t\t\t\t\t\t\t<img loading=\"lazy\" loading=\"lazy\" decoding=\"async\" width=\"200\" height=\"200\" src=\"https:\/\/findvit.com\/wp-content\/uploads\/2021\/09\/ratukas.svg\" class=\"attachment-full size-full wp-image-1777\" alt=\"Ratukas nuo klausimyno iki vitamino\" \/>\t\t\t\t\t\t\t\t\t\t\t\t\t\t\t<\/div>\n\t\t\t\t<\/div>\n\t\t\t\t\t<\/div>\n\t\t<\/div>\n\t\t\t\t\t<\/div>\n\t\t<\/section>\n\t\t\t\t<section class=\"elementor-section elementor-top-section elementor-element elementor-element-ee4595d elementor-section-boxed elementor-section-height-default elementor-section-height-default\" data-id=\"ee4595d\" data-element_type=\"section\" data-e-type=\"section\">\n\t\t\t\t\t\t<div class=\"elementor-container elementor-column-gap-no\">\n\t\t\t\t\t<div class=\"elementor-column elementor-col-50 elementor-top-column elementor-element elementor-element-23de5d4\" data-id=\"23de5d4\" data-element_type=\"column\" data-e-type=\"column\">\n\t\t\t<div class=\"elementor-widget-wrap elementor-element-populated\">\n\t\t\t\t\t\t<div class=\"elementor-element elementor-element-fcb1be6 elementor-widget elementor-widget-heading\" data-id=\"fcb1be6\" data-element_type=\"widget\" data-e-type=\"widget\" data-widget_type=\"heading.default\">\n\t\t\t\t<div class=\"elementor-widget-container\">\n\t\t\t\t\t<h2 class=\"elementor-heading-title elementor-size-default\">Vitamin Code Raw D3 - 2000 IU ir net 120 kapsuli\u0173<\/h2>\t\t\t\t<\/div>\n\t\t\t\t<\/div>\n\t\t\t\t<div class=\"elementor-element elementor-element-0088edb elementor-widget elementor-widget-text-editor\" data-id=\"0088edb\" data-element_type=\"widget\" data-e-type=\"widget\" data-widget_type=\"text-editor.default\">\n\t\t\t\t<div class=\"elementor-widget-container\">\n\t\t\t\t\t\t\t\t\t<p><strong>\u201eVitamin Code Raw\u201c D3 \u2013 nat\u016bralus, visavertis vitaminas\u00a0 visai \u0161eimai.<\/strong><\/p><p>Vitamin Code Raw D3 yra unikalus vitamino D3 papildas, kuris turi 23 organi\u0161kai u\u017eaugintus vaisius ir dar\u017eoves.<\/p><p>Kurios <strong>suteikia<\/strong> papildom\u0173 antioksidant\u0173, vitamin\u0173 ir maisting\u0173j\u0173 med\u017eiag\u0173. Be to, jame yra gyv\u0173 <strong>probiotik\u0173<\/strong> ir <strong>ferment\u0173<\/strong>, kurie suteikia dar daugiau.<\/p><p><strong>VITAMIN CODE organiniai<\/strong> maisto papildai gaminami i\u0161 individualiai u\u017eaugint\u0173 visaver\u010di\u0173 vaisi\u0173 ir dar\u017eovi\u0173, pasitelkiant ger\u0173j\u0173 bakterij\u0173 kultivavim\u0105.<\/p><p>Vitamin Code Raw D3 yra skirtas tiems, kurie nori gauti daugiau ir r\u016bpinasi savimi ir artimaisiais.<\/p><p>Tai nat\u016bral\u016bs maisto papildas, gaminamas <strong>\u017eemesn\u0117je nei 46\u00ba C<\/strong> temperat\u016broje.<\/p><p>Savo sud\u0117tyje turi <strong>nat\u016brali\u0173 kofaktori\u0173<\/strong>, <strong>gyv\u0173 probiotik\u0173<\/strong> ir <strong>ferment\u0173<\/strong> \u2013 visai kaip nat\u016bralus ir neapdorotas maistas!<\/p><p>Juose n\u0117ra sintetini\u0173 ri\u0161am\u0173j\u0173 med\u017eiag\u0173 ir u\u017epild\u0173, dirbtini\u0173 kvapi\u0173j\u0173 med\u017eiag\u0173, saldikli\u0173, da\u017eikli\u0173 ar pried\u0173.<\/p><p><strong>Vitaminas D3 labai svarbus ir palaiko sveik\u0105 b\u016bkl\u0119:<\/strong><\/p><ul><li>Vitaminas D svarbus <strong>normaliai kalcio<\/strong> ir fosforo absorbcijai ir (arba) \u012fsisavinimui<\/li><li>Vitaminas D <strong>svarbus<\/strong> normaliai kaul\u0173 b\u016bklei palaikyti<\/li><li>Vitaminas D svarbus normaliai <strong>dant\u0173 b\u016bklei palaikyti<\/strong><\/li><li>Vitaminas D svarbus normaliai <strong>imunin\u0117s<\/strong> <strong>sistemos veiklai<\/strong><\/li><li>Vitaminas D svarbus normaliai <strong>raumen\u0173<\/strong> <strong>funkcijai<\/strong> palaikyti<\/li><\/ul><p>Net <strong>120 <\/strong>nedideli\u0173 vegetari\u0161k\u0173 kapsuli\u0173.<\/p><p><strong>Apsaugan\u010dioje t<\/strong>amsaus stiklo pakuot\u0117je<strong>.<\/strong><\/p><p>Tinka <strong>vegetarams. <\/strong><strong>U\u017etenka &#8211; 120 dien\u0173 \/ 4 m\u0117nesi\u0173 kursui.<\/strong><\/p><p>Naujiena ! Su\u017einok savo Vitaminus ir gauk Asmenin\u0119 rekomendacij\u0105.\u00a0 Nemokamas online testas <a href=\"https:\/\/findvit.com\/testas\/\"><strong>\u201cTavo diena\u201d<\/strong><\/a> .<\/p><p>Daugiau apie gamintoj\u0105 skaityti \u010dia : <a href=\"https:\/\/findvit.com\/gamintojas\/garden-of-life\/\" target=\"_blank\" rel=\"noopener\"><strong>Garden of life<\/strong><\/a><\/p><div>\u00a0<\/div><div><span style=\"font-size: 15.96px;\"><b>\u00a0<\/b><\/span><\/div>\t\t\t\t\t\t\t\t<\/div>\n\t\t\t\t<\/div>\n\t\t\t\t\t<\/div>\n\t\t<\/div>\n\t\t\t\t<div class=\"elementor-column elementor-col-50 elementor-top-column elementor-element elementor-element-7576311\" data-id=\"7576311\" data-element_type=\"column\" data-e-type=\"column\">\n\t\t\t<div class=\"elementor-widget-wrap elementor-element-populated\">\n\t\t\t\t\t\t<div class=\"elementor-element elementor-element-481e4e7 elementor-widget elementor-widget-image\" data-id=\"481e4e7\" data-element_type=\"widget\" data-e-type=\"widget\" data-widget_type=\"image.default\">\n\t\t\t\t<div class=\"elementor-widget-container\">\n\t\t\t\t\t\t\t\t\t\t\t\t\t\t\t<img loading=\"lazy\" loading=\"lazy\" decoding=\"async\" width=\"900\" height=\"900\" src=\"https:\/\/findvit.com\/wp-content\/uploads\/2021\/10\/Ko-7-900x900.jpg\" class=\"attachment-large size-large wp-image-2494\" alt=\"Protinis darbas yra lengvas ir malonus\" srcset=\"https:\/\/findvit.com\/wp-content\/uploads\/2021\/10\/Ko-7-900x900.jpg 900w, https:\/\/findvit.com\/wp-content\/uploads\/2021\/10\/Ko-7-600x600.jpg 600w, https:\/\/findvit.com\/wp-content\/uploads\/2021\/10\/Ko-7-150x150.jpg 150w, https:\/\/findvit.com\/wp-content\/uploads\/2021\/10\/Ko-7-768x768.jpg 768w, https:\/\/findvit.com\/wp-content\/uploads\/2021\/10\/Ko-7-1x1.jpg 1w, https:\/\/findvit.com\/wp-content\/uploads\/2021\/10\/Ko-7-10x10.jpg 10w, https:\/\/findvit.com\/wp-content\/uploads\/2021\/10\/Ko-7-100x100.jpg 100w, https:\/\/findvit.com\/wp-content\/uploads\/2021\/10\/Ko-7.jpg 1000w\" sizes=\"auto, (max-width: 900px) 100vw, 900px\" \/>\t\t\t\t\t\t\t\t\t\t\t\t\t\t\t<\/div>\n\t\t\t\t<\/div>\n\t\t\t\t\t<\/div>\n\t\t<\/div>\n\t\t\t\t\t<\/div>\n\t\t<\/section>\n\t\t\t\t<\/div>\n\t\t","protected":false},"excerpt":{"rendered":"<p>D3 vitam\u012bna kods ir bioakt\u012bvs vitam\u012bns kop\u0101 ar visaptvero\u0161iem antioksidantiem, probiotik\u0101m un fermentiem. Izgatavots ar \u012bpa\u0161u uzman\u012bbu no organiskiem augiem un probiotik\u0101m. Tas ir termiski neapstr\u0101d\u0101ts, bez jebk\u0101d\u0101m piedev\u0101m vai pildviel\u0101m, un katr\u0101 kapsul\u0101 ir 50 mikrogrami (2000 SV) D3 vitam\u012bna. Piem\u0113rots lieto\u0161anai visai \u0123imenei. Pietiek pat kursam l\u012bdz 4 m\u0113ne\u0161iem.<\/p>","protected":false},"featured_media":23327,"comment_status":"open","ping_status":"closed","template":"","meta":{"_acf_changed":false,"inline_featured_image":false},"etheme_brands":[{"term_id":58,"name":"Garden of Life","slug":"garden-of-life","term_group":0,"term_taxonomy_id":58,"taxonomy":"brand","description":"<h2><strong><a href=\"https:\/\/www.gardenoflife.com\/why-gol\" target=\"_blank\" rel=\"noopener\">Garden of Life<\/a><\/strong><\/h2>\r\nJAV \u012fmon\u0117, kuri yra viena i\u0161 nedaugelio, gaminanti savo produktus 100% i\u0161 nat\u016brali\u0173 ingredient\u0173. Puikiai tinka \u017emon\u0117ms, kuriems labai svarbi produkt\u0173 sud\u0117tis. Visi produktai be GMO. Gamintojas apdovanotas daugeliu kokyb\u0117s sertifikat\u0173, toki\u0173 kaip USDA Organic, Certified Vegan, Certified Gluten-Free, U Kosher ir daugelis kit\u0173. Garden of life kompanija dal\u012f pajam\u0173, gaut\u0173 i\u0161 pardavim\u0173, skiria labdarai, pla\u010diau apra\u0161ytoms gamintojo svetain\u0117je.\r\n\"Garden of Life\" tikslas - suteikti \u017emon\u0117ms galimyb\u0119 tur\u0117ti auk\u0161tos kokyb\u0117s papildus, kurie yra reikalingi gerai sveikatai i\u0161laikyti. Sud\u0117tin\u0117s dalys yra organin\u0117s kilm\u0117s, klini\u0161kai i\u0161tirtos ir atsekamos kilm\u0117s. Gompanija savo gaminiuose nenaudoja sintetini\u0173 pried\u0173, dirbtini\u0173 skoni\u0173 ar da\u017eikli\u0173, ri\u0161ikli\u0173 ar u\u017epild\u0173.\r\nhttps:\/\/youtu.be\/2jbU_WkglKA?t=48\r\n<h3><strong>Neapdirbtas maistas<\/strong><\/h3>\r\n\u017dmogaus k\u016bnas buvo sukurtas valgyti, apdoroti ir gauti maistines med\u017eiagas i\u0161 maisto - tikro, sveiko maisto. Taigi, kai kuriami produktai, pradedama nuo \u017evilgnsio \u012f maist\u0105. Kokie yra \"geri dalykai\" auk\u0161\u010diausios kokyb\u0117s maiste, kurio mums tr\u016bksta m\u016bs\u0173 kasdien\u0117je mityboje? Kuris i\u0161 \u0161i\u0173 maisto produkt\u0173 turi did\u017eiausi\u0105 potencial\u0105 paveikti ir \u012fgalinti ger\u0105 sveikat\u0105?\r\n<h3><strong>Atsekamumas<\/strong><\/h3>\r\nAtsekamumas yra labai svarbus veiksnys, d\u0117l kurio \"Garden of Life\" produktai yra tokie ypatingi. Atsekamumas prasideda nuo \u017einojimo, i\u0161 kur kil\u0119s kiekvienas produkt\u0173 ingredientas, ir susipa\u017einimo su kiekviena kilme: kur jis auginamas; \u016bkininkavimo praktika; kaip elgiasi su \u016bkio darbuotojais \u2013 viskuo.\r\n<h3><strong>\u0160varu yra sveika<\/strong><\/h3>\r\nGarden of life stebi, kas yra \u012fdedama \u012f produktus \u2013 tikri, neapdirbti maisto ingredientai. Bet ties tuo nesustojama. Taip pat labai daug d\u0117mesio skiriama tam, kas i\u0161 \u0161i\u0173 produkt\u0173 i\u0161gaunama. Ir dar kart\u0105 renkamasi\u00a0 \u2013 tikras kokybi\u0161kas maistas. Kompanija naudoja tre\u010di\u0173j\u0173 \u0161ali\u0173\u00a0 sertifikatus, kad \u012frodyt\u0173, jog produktai yra \u0161var\u016bs ir kokybi\u0161ki!\r\n<h3><strong>CO2 neutralumas<\/strong><\/h3>\r\nGarden of life nepaprastai did\u017eiuojasi, kad pasiek\u0117 anglies dioksido neutralum\u0105 2021 m. Bir\u017eelio m\u0117n. CarbonFund.org sertifikuotas \"Carbonfree\u00ae\", \"Garden of Life\" nuo pat \u012fk\u016brimo buvo \u012fsipareigojusi tvarumui.","parent":0,"count":12,"filter":"raw"}],"product_brand":[],"product_cat":[646,63,645,124,15],"product_tag":[89,660,91,96,98],"class_list":{"0":"post-15447","1":"product","2":"type-product","3":"status-publish","4":"has-post-thumbnail","6":"brand-garden-of-life","7":"product_cat-papildai-moterims","8":"product_cat-mineralai","9":"product_cat-geriausi-papildai-vyrams","10":"product_cat-siamsezonui","11":"product_cat-produktai","12":"product_tag-atminciai-ir-koncentracijai","13":"product_tag-esminiai-vitaminai-moterims","14":"product_tag-imunitetui","15":"product_tag-raumenims","16":"product_tag-tvirtiems-kaulams","18":"first","19":"instock","20":"sale","21":"taxable","22":"shipping-taxable","23":"purchasable","24":"product-type-simple"},"acf":[],"_links":{"self":[{"href":"https:\/\/findvit.com\/lv\/wp-json\/wp\/v2\/product\/15447","targetHints":{"allow":["GET"]}}],"collection":[{"href":"https:\/\/findvit.com\/lv\/wp-json\/wp\/v2\/product"}],"about":[{"href":"https:\/\/findvit.com\/lv\/wp-json\/wp\/v2\/types\/product"}],"replies":[{"embeddable":true,"href":"https:\/\/findvit.com\/lv\/wp-json\/wp\/v2\/comments?post=15447"}],"version-history":[{"count":19,"href":"https:\/\/findvit.com\/lv\/wp-json\/wp\/v2\/product\/15447\/revisions"}],"predecessor-version":[{"id":18967,"href":"https:\/\/findvit.com\/lv\/wp-json\/wp\/v2\/product\/15447\/revisions\/18967"}],"wp:featuredmedia":[{"embeddable":true,"href":"https:\/\/findvit.com\/lv\/wp-json\/wp\/v2\/media\/23327"}],"wp:attachment":[{"href":"https:\/\/findvit.com\/lv\/wp-json\/wp\/v2\/media?parent=15447"}],"wp:term":[{"taxonomy":"brand","embeddable":true,"href":"https:\/\/findvit.com\/lv\/wp-json\/wp\/v2\/etheme_brands?post=15447"},{"taxonomy":"product_brand","embeddable":true,"href":"https:\/\/findvit.com\/lv\/wp-json\/wp\/v2\/product_brand?post=15447"},{"taxonomy":"product_cat","embeddable":true,"href":"https:\/\/findvit.com\/lv\/wp-json\/wp\/v2\/product_cat?post=15447"},{"taxonomy":"product_tag","embeddable":true,"href":"https:\/\/findvit.com\/lv\/wp-json\/wp\/v2\/product_tag?post=15447"}],"curies":[{"name":"wp","href":"https:\/\/api.w.org\/{rel}","templated":true}]}}