{"id":15632,"date":"2023-12-11T14:00:40","date_gmt":"2023-12-11T12:00:40","guid":{"rendered":"https:\/\/findvit.com\/?post_type=product&#038;p=15632"},"modified":"2026-03-26T17:55:38","modified_gmt":"2026-03-26T15:55:38","slug":"kiki-health-ceolitas-zeolitas-zarnynui-milteliai-60-gr","status":"publish","type":"product","link":"https:\/\/findvit.com\/lv\/produktas\/kiki-health-ceolitas-zeolitas-zarnynui-milteliai-60-gr\/","title":{"rendered":"KIKI Health Zeolitas &#8211; Ceolitas, milteliai, 60"},"content":{"rendered":"<div data-elementor-type=\"product-post\" data-elementor-id=\"15632\" class=\"elementor elementor-15632\" data-elementor-post-type=\"product\">\n\t\t\t\t\t\t<section class=\"elementor-section elementor-top-section elementor-element elementor-element-697b9d0e elementor-section-boxed elementor-section-height-default elementor-section-height-default\" data-id=\"697b9d0e\" data-element_type=\"section\">\n\t\t\t\t\t\t<div class=\"elementor-container elementor-column-gap-default\">\n\t\t\t\t\t<div class=\"elementor-column elementor-col-100 elementor-top-column elementor-element elementor-element-20e74427\" data-id=\"20e74427\" data-element_type=\"column\">\n\t\t\t<div class=\"elementor-widget-wrap elementor-element-populated\">\n\t\t\t\t\t\t<div class=\"elementor-element elementor-element-5fb87e4e elementor-absolute elementor-hidden-mobile elementor-invisible elementor-widget elementor-widget-image\" data-id=\"5fb87e4e\" data-element_type=\"widget\" data-settings=\"{&quot;motion_fx_motion_fx_scrolling&quot;:&quot;yes&quot;,&quot;motion_fx_rotateZ_effect&quot;:&quot;yes&quot;,&quot;motion_fx_rotateZ_speed&quot;:{&quot;unit&quot;:&quot;px&quot;,&quot;size&quot;:5,&quot;sizes&quot;:[]},&quot;motion_fx_range&quot;:&quot;viewport&quot;,&quot;_animation&quot;:&quot;fadeIn&quot;,&quot;_position&quot;:&quot;absolute&quot;,&quot;motion_fx_rotateZ_affectedRange&quot;:{&quot;unit&quot;:&quot;%&quot;,&quot;size&quot;:&quot;&quot;,&quot;sizes&quot;:{&quot;start&quot;:0,&quot;end&quot;:100}},&quot;motion_fx_devices&quot;:[&quot;desktop&quot;,&quot;tablet&quot;,&quot;mobile&quot;]}\" data-widget_type=\"image.default\">\n\t\t\t\t<div class=\"elementor-widget-container\">\n\t\t\t\t\t\t\t\t\t\t\t\t\t\t\t<img loading=\"lazy\" decoding=\"async\" width=\"200\" height=\"200\" src=\"https:\/\/findvit.com\/wp-content\/uploads\/2021\/09\/ratukas.svg\" class=\"attachment-full size-full wp-image-1777\" alt=\"Ritenis no anketas l\u012bdz vitam\u012bnam\" \/>\t\t\t\t\t\t\t\t\t\t\t\t\t\t\t<\/div>\n\t\t\t\t<\/div>\n\t\t\t\t\t<\/div>\n\t\t<\/div>\n\t\t\t\t\t<\/div>\n\t\t<\/section>\n\t\t\t\t<section class=\"elementor-section elementor-top-section elementor-element elementor-element-600cef05 elementor-section-boxed elementor-section-height-default elementor-section-height-default\" data-id=\"600cef05\" data-element_type=\"section\">\n\t\t\t\t\t\t<div class=\"elementor-container elementor-column-gap-no\">\n\t\t\t\t\t<div class=\"elementor-column elementor-col-50 elementor-top-column elementor-element elementor-element-48f92489\" data-id=\"48f92489\" data-element_type=\"column\">\n\t\t\t<div class=\"elementor-widget-wrap elementor-element-populated\">\n\t\t\t\t\t\t<div class=\"elementor-element elementor-element-705cac9d elementor-widget elementor-widget-heading\" data-id=\"705cac9d\" data-element_type=\"widget\" data-widget_type=\"heading.default\">\n\t\t\t\t<div class=\"elementor-widget-container\">\n\t\t\t\t\t<h2 class=\"elementor-heading-title elementor-size-default\">Zeolitas - Ceolitas, milteliai, 60 g<\/h2>\t\t\t\t<\/div>\n\t\t\t\t<\/div>\n\t\t\t\t<div class=\"elementor-element elementor-element-40981e23 elementor-widget elementor-widget-text-editor\" data-id=\"40981e23\" data-element_type=\"widget\" data-widget_type=\"text-editor.default\">\n\t\t\t\t<div class=\"elementor-widget-container\">\n\t\t\t\t\t\t\t\t\t<p>Dabisks risin\u0101jums <strong>vesel\u012bgai gremo\u0161anas sist\u0113mai<\/strong> - ceol\u012bts <strong>zarnu slauc\u012b\u0161ana.<\/strong> Apnicis <strong>v\u0113dera uzp\u016b\u0161an\u0101s un diskomforts p\u0113c \u0113\u0161anas<\/strong>?<\/p><h3><strong>Dabiski un efekt\u012bvi<\/strong><\/h3><p>Ceol\u012btu cilv\u0113ks atkl\u0101ja jau sen. Tas ir dabiski\u00a0 <strong>vulk\u0101niskas izcelsmes miner\u0101ls.\u00a0<\/strong>Veidojies Turcijas dienvidu Egejas vulk\u0101nisk\u0101 loka re\u0123ion\u0101, t\u0101 izveidoj\u0101s pirms miljoniem gadu, kad sp\u0113c\u012bgi vulk\u0101ni izc\u0113l\u0101s un izlaida lielu daudzumu s\u0101rmzemju vulk\u0101nisko pelnu. Da\u013ca pelnu nos\u0113d\u0101s un veidoja biezas pelnu k\u0101rtas, bet p\u0101rsvar\u0101 pelni non\u0101ca j\u016br\u0101 un ezeros. Ja ezera \u0137\u012bmiskais sast\u0101vs ir piem\u0113rots, vulk\u0101nisko putek\u013cu (pelnu) un \u016bdens \u0137\u012bmiskaj\u0101 reakcij\u0101 veidojas dabiski ceol\u012bti - m\u012bksti, labi struktur\u0113ti ie\u017ei ar iek\u0161\u0113jo strukt\u016bru.<\/p><h3><strong>Sp\u0113c\u012bgs sorbents<\/strong><\/h3><p>Ceol\u012bts ir miner\u0101ls ar b\u016brim l\u012bdz\u012bgu strukt\u016bru, kas sp\u0113j notvert taj\u0101 eso\u0161\u0101s molekulas, jo t\u0101 da\u013ci\u0146as ir \u013coti mikronu lielas (maz\u0101kas par 25 mikroniem).<\/p><p>KIKI Health ceol\u012bts ir dabisks produkts no dab\u012bgiem <strong>miner\u0101lu ceol\u012bts<\/strong>; vi\u0146\u0161 var <strong>k\u0101 s\u016bklis, lai absorb\u0113tu pies\u0101r\u0146ot\u0101jus un toks\u012bnus un dabiski izvilktu tos.<\/strong><\/p><h3><strong>\u0112rts lieto\u0161an\u0101<\/strong><\/h3><p>Vienk\u0101r\u0161i <strong>sajauc 1 t\u0113jkaroti gl\u0101z\u0113 \u016bdens un lieto pirms vai p\u0113c \u0113\u0161anas 2 reizes dien\u0101.<\/strong><\/p><p>\u0160o produktu nav ieteicams lietot kop\u0101 ar z\u0101l\u0113m vai uztura bag\u0101tin\u0101t\u0101jiem, jo tas var samazin\u0101t to uzs\u016bk\u0161anos.<\/p><p>Tas ir ar\u012b \u013coti noder\u012bgi dzert <strong>vair\u0101k \u016bdens visas dienas garum\u0101, lai pal\u012bdz\u0113tu organismam izvad\u012bt toks\u012bnus.<\/strong><\/p><h3><strong>Kvalit\u0101te nodro\u0161in\u0101ta<\/strong><\/h3><p>\u0160is produkts ir <strong>dro\u0161i un \u0113rti lietojami<\/strong>. Tam nav smar\u017eas, gar\u0161as vai kr\u0101sas, un tas ir piem\u0113rots veg\u0101niem un ve\u0123et\u0101rie\u0161iem. Tas ir izgatavots no dab\u012bga un t\u012bra ceol\u012bta un akt\u012bv\u0101s ogles pulvera, kas ir <strong>r\u016bp\u012bgi atlas\u012bti un p\u0101rbaud\u012bti<\/strong>. Tas nesatur nek\u0101das pievienotas kr\u0101svielas, konservantus, saldin\u0101t\u0101jus vai citas \u0137\u012bmiskas vielas.<\/p><h3><strong>Nov\u0113rt\u0113ta kvalit\u0101te<\/strong><\/h3><p>Ceol\u012bts izce\u013cas ar to, ka satur augstas kvalit\u0101tes sast\u0101vda\u013cas. Ceol\u012bta pulveris ir dabisks miner\u0101ls, kas darbojas k\u0101 <strong>\u013coti efekt\u012bvs absorbents, kas absorb\u0113 toks\u012bnus un s\u0101r\u0146us.\u00a0<\/strong><\/p><h3><strong>P\u0100RTRAUKT meteorisms<\/strong><\/h3><p>Ne\u013caujiet p\u0101rm\u0113r\u012bgai v\u0113dera uzp\u016b\u0161anai un g\u0101z\u0113m sevi attur\u0113t.<\/p><h3><strong>Prec\u012bzs ra\u017eot\u0101js<\/strong><\/h3><p>Ra\u017eot\u0101js KIKI Health ir labi paz\u012bstams ar saviem augstas kvalit\u0101tes superproduktiem un uztura bag\u0101tin\u0101t\u0101jiem, un \u0161is produkts ir viens no vi\u0146u lab\u0101kajiem piem\u0113riem.\u00a0<\/p><p>Izm\u0113\u0123iniet Kiki Health ceol\u012bta pulveri jau \u0161odien un izbaudiet t\u0101 efektu.<\/p>\t\t\t\t\t\t\t\t<\/div>\n\t\t\t\t<\/div>\n\t\t\t\t\t<\/div>\n\t\t<\/div>\n\t\t\t\t<div class=\"elementor-column elementor-col-50 elementor-top-column elementor-element elementor-element-4dd6c130\" data-id=\"4dd6c130\" data-element_type=\"column\">\n\t\t\t<div class=\"elementor-widget-wrap elementor-element-populated\">\n\t\t\t\t\t\t<div class=\"elementor-element elementor-element-7314983a elementor-widget elementor-widget-image\" data-id=\"7314983a\" data-element_type=\"widget\" data-widget_type=\"image.default\">\n\t\t\t\t<div class=\"elementor-widget-container\">\n\t\t\t\t\t\t\t\t\t\t\t\t\t\t\t<img loading=\"lazy\" decoding=\"async\" width=\"900\" height=\"900\" src=\"https:\/\/findvit.com\/wp-content\/uploads\/2023\/04\/zeolite-900x900.jpg\" class=\"attachment-large size-large wp-image-12813\" alt=\"ceol\u012bts dab\u0101\" srcset=\"https:\/\/findvit.com\/wp-content\/uploads\/2023\/04\/zeolite-900x900.jpg 900w, https:\/\/findvit.com\/wp-content\/uploads\/2023\/04\/zeolite-600x600.jpg 600w, https:\/\/findvit.com\/wp-content\/uploads\/2023\/04\/zeolite-150x150.jpg 150w, https:\/\/findvit.com\/wp-content\/uploads\/2023\/04\/zeolite-768x768.jpg 768w, https:\/\/findvit.com\/wp-content\/uploads\/2023\/04\/zeolite-400x400.jpg 400w, https:\/\/findvit.com\/wp-content\/uploads\/2023\/04\/zeolite-100x100.jpg 100w, https:\/\/findvit.com\/wp-content\/uploads\/2023\/04\/zeolite-1x1.jpg 1w, https:\/\/findvit.com\/wp-content\/uploads\/2023\/04\/zeolite-10x10.jpg 10w, https:\/\/findvit.com\/wp-content\/uploads\/2023\/04\/zeolite.jpg 1000w\" sizes=\"auto, (max-width: 900px) 100vw, 900px\" \/>\t\t\t\t\t\t\t\t\t\t\t\t\t\t\t<\/div>\n\t\t\t\t<\/div>\n\t\t\t\t\t<\/div>\n\t\t<\/div>\n\t\t\t\t\t<\/div>\n\t\t<\/section>\n\t\t\t\t<\/div>","protected":false},"excerpt":{"rendered":"<p><!--more-->Ja j\u016btat, ka j\u016bsu zarnas ir p\u0101rslogotas, smagas un pilnas ar g\u0101z\u0113m, jums ir j\u0101izm\u0113\u0123ina ceol\u012bta pulveris. Var pal\u012bdz\u0113t att\u012br\u012bt zarnas no smagajiem met\u0101liem un toks\u012bniem. Ekolo\u0123iska. Dro\u0161\u0101 dzintara stikla iepakojum\u0101.<\/p>","protected":false},"featured_media":22976,"comment_status":"open","ping_status":"closed","template":"","meta":{"_acf_changed":false,"inline_featured_image":false},"etheme_brands":[{"term_id":28,"name":"Kiki Health","slug":"kiki-health","term_group":0,"term_taxonomy_id":28,"taxonomy":"brand","description":"<h2><a href=\"https:\/\/kiki-health.com\/about-us\/\" target=\"_blank\" rel=\"noopener\"><strong>KIKI Health<\/strong><\/a><\/h2>\r\nKIKI yra prek\u0117s \u017eenklas, kuriantis novatori\u0161kus maisto papildus.\r\n\r\nKIKI yra pripa\u017eintas ir gerbiamas, kaip sveikos gyvensenos produkt\u0173 ir individualumo bei meistri\u0161kumo standartas.\r\n\r\nKIKI gim\u0117 i\u0161 noro skatinti optimali\u0105 sveikat\u0105 ir gerov\u0119, m\u016bs\u0173 tikslas ir aistra yra \u012fsigyti auk\u0161\u010diausios kokyb\u0117s, grynumo produktus i\u0161 viso pasaulio, kurie pad\u0117t\u0173 gro\u017eiui ir sveikatai.\r\n\r\nNuo pat prad\u017ei\u0173 ir iki \u0161iol KIKI Health niekada nedaro kompromis\u0173 ir nededa pried\u0173 bei naudoja prastesni\u0173 ingredient\u0173 - tik nat\u016bralios 100% veikliosios med\u017eiagos.\r\n\r\nhttps:\/\/youtu.be\/irT0ZUOzBac?t=45\r\n<h3><strong>Nat\u016braliai turtingi <\/strong><strong>vitaminais, mineralais ir b\u016btinomis\u00a0 veikliosiomis med\u017eiagomis<\/strong><\/h3>\r\nDaugelis \"KIKI Health\" produkt\u0173 turintys augalini\u0173 ir maistini\u0173 med\u017eiag\u0173\u00a0 yra sertifikuoti, kaip ekologi\u0161ki.\r\n\r\nI\u0161naudodami stiprias augalin\u0117s kilm\u0117s, nat\u016brali\u0173 ingredient\u0173 galias, kupinas esmini\u0173 augal\u0173 veikli\u0173j\u0173 med\u017eiag\u0173, vitamin\u0173 ir mineral\u0173, kad suteikt\u0173 smegenims, odai ir k\u016bnui neprilygstam\u0105 pagalb\u0105.\r\n\r\nKIKI Health tikslas yra u\u017etikrinti, kad mi\u0161iniuose neb\u016bt\u0173 sintetikos, konservant\u0173, u\u017epild\u0173 ir ri\u0161ikli\u0173, u\u017etikrinant, kad ir toliau gamint\u0173 veiksmingus, \u0161varius ir saugius papildus.\r\n\r\nPagaminta Jungtin\u0117je Karalyst\u0117je i\u0161 \u0161vari\u0173 ir tvari\u0173 ingredient\u0173.\r\n<h3><strong>Atsakingumas<\/strong><\/h3>\r\nU\u017etikrindami, kad produktai b\u016bt\u0173 atsakingai u\u017eauginti, ne tik r\u016bpinamasi aplinka, bet ir garantuojama produkto kokyb\u0119. KIKI Healt specialistai keliauja po pasaul\u012f ie\u0161kodami ekologi\u0161k\u0173, eti\u0161kai gaut\u0173 ingredient\u0173, pasi\u017eymin\u010di\u0173 geresne maistine verte, kartu pad\u0117dami vietos bendruomen\u0117ms klest\u0117ti. Maisto gamybos b\u016bdas yra labai svarbus daugeliui vartotoj\u0173, ir tai kelia susir\u016bpinim\u0105, kur\u012f mes dalijam\u0117s.\r\n<h3><strong>Minimalus apdorojimas<\/strong><\/h3>\r\nNor\u0117dami pasiekti optimal\u0173 biologin\u012f prieinamum\u0105, stengiamasi, kad ingredientai b\u016bt\u0173 kuo ar\u010diau j\u0173 nat\u016bralios b\u016bkl\u0117s. Laikomasi minimalaus perdirbimo ir kontroliuojama temperat\u016bros, i\u0161kart po derliaus nu\u0117mimo, kad b\u016bt\u0173 i\u0161laikoma visa nauda sveikatai ir gyvybi\u0161kai svarbios maistin\u0117s med\u017eiagos.\r\n\r\n<strong>Produktuose n\u0117ra<\/strong>: sintetikos, dirbtini\u0173 da\u017eikli\u0173 ir kvapi\u0173j\u0173 med\u017eiag\u0173, u\u017epild\u0173, ri\u0161ikli\u0173, dengimo med\u017eiag\u0173, lipnum\u0105 reguliuojan\u010di\u0173 med\u017eiag\u0173, cukr\u0173, glitimo, GMO, laktoz\u0117s, konservant\u0173, pagalbini\u0173 med\u017eiag\u0173.\r\n\r\nVisi ingredientai ir galutiniai produktai yra reguliariai tikrinami tre\u010diosios \u0161alies laboratorijoje. U\u017etikrinama, kad kiekviena partija b\u016bt\u0173 i\u0161bandyta d\u0117l sunki\u0173j\u0173 metal\u0173, mikroorganizm\u0173 ir pesticid\u0173 laikantis grie\u017et\u0173 kokyb\u0117s kontrol\u0117s s\u0105lyg\u0173, o rezultatai atitikt\u0173 ES ir JK ribinius reglamentus, \u012fskaitant ekologinio \u016bkininkavimo standartus.","parent":0,"count":28,"filter":"raw"}],"product_brand":[],"product_cat":[646,652,653,15],"product_tag":[656],"class_list":{"0":"post-15632","1":"product","2":"type-product","3":"status-publish","4":"has-post-thumbnail","6":"brand-kiki-health","7":"product_cat-papildai-moterims","8":"product_cat-rudens-vitaminai-ir-papildai","9":"product_cat-papildai-detoksikacijai","10":"product_cat-produktai","11":"product_tag-moterims-detoksikacija","13":"first","14":"instock","15":"sale","16":"taxable","17":"shipping-taxable","18":"purchasable","19":"product-type-simple"},"acf":[],"_links":{"self":[{"href":"https:\/\/findvit.com\/lv\/wp-json\/wp\/v2\/product\/15632","targetHints":{"allow":["GET"]}}],"collection":[{"href":"https:\/\/findvit.com\/lv\/wp-json\/wp\/v2\/product"}],"about":[{"href":"https:\/\/findvit.com\/lv\/wp-json\/wp\/v2\/types\/product"}],"replies":[{"embeddable":true,"href":"https:\/\/findvit.com\/lv\/wp-json\/wp\/v2\/comments?post=15632"}],"version-history":[{"count":29,"href":"https:\/\/findvit.com\/lv\/wp-json\/wp\/v2\/product\/15632\/revisions"}],"predecessor-version":[{"id":23431,"href":"https:\/\/findvit.com\/lv\/wp-json\/wp\/v2\/product\/15632\/revisions\/23431"}],"wp:featuredmedia":[{"embeddable":true,"href":"https:\/\/findvit.com\/lv\/wp-json\/wp\/v2\/media\/22976"}],"wp:attachment":[{"href":"https:\/\/findvit.com\/lv\/wp-json\/wp\/v2\/media?parent=15632"}],"wp:term":[{"taxonomy":"brand","embeddable":true,"href":"https:\/\/findvit.com\/lv\/wp-json\/wp\/v2\/etheme_brands?post=15632"},{"taxonomy":"product_brand","embeddable":true,"href":"https:\/\/findvit.com\/lv\/wp-json\/wp\/v2\/product_brand?post=15632"},{"taxonomy":"product_cat","embeddable":true,"href":"https:\/\/findvit.com\/lv\/wp-json\/wp\/v2\/product_cat?post=15632"},{"taxonomy":"product_tag","embeddable":true,"href":"https:\/\/findvit.com\/lv\/wp-json\/wp\/v2\/product_tag?post=15632"}],"curies":[{"name":"wp","href":"https:\/\/api.w.org\/{rel}","templated":true}]}}