{"id":16194,"date":"2024-02-07T14:55:20","date_gmt":"2024-02-07T12:55:20","guid":{"rendered":"https:\/\/findvit.com\/?post_type=product&#038;p=16194"},"modified":"2026-02-27T16:41:01","modified_gmt":"2026-02-27T14:41:01","slug":"jonine-gelezis-skystas-koncentratas-50-ml","status":"publish","type":"product","link":"https:\/\/findvit.com\/lv\/produktas\/jonine-gelezis-skystas-koncentratas-50-ml\/","title":{"rendered":"KIKI Health jonu dzelzs, \u0161\u0137idrs koncentr\u0101ts, 50ml"},"content":{"rendered":"<div data-elementor-type=\"product-post\" data-elementor-id=\"16194\" class=\"elementor elementor-16194\" data-elementor-post-type=\"product\">\n\t\t\t\t\t\t<section class=\"elementor-section elementor-top-section elementor-element elementor-element-a59e448 elementor-section-boxed elementor-section-height-default elementor-section-height-default\" data-id=\"a59e448\" data-element_type=\"section\">\n\t\t\t\t\t\t<div class=\"elementor-container elementor-column-gap-default\">\n\t\t\t\t\t<div class=\"elementor-column elementor-col-100 elementor-top-column elementor-element elementor-element-6ab7f8c\" data-id=\"6ab7f8c\" data-element_type=\"column\">\n\t\t\t<div class=\"elementor-widget-wrap elementor-element-populated\">\n\t\t\t\t\t\t<div class=\"elementor-element elementor-element-275c9dd elementor-absolute elementor-hidden-mobile elementor-invisible elementor-widget elementor-widget-image\" data-id=\"275c9dd\" data-element_type=\"widget\" data-settings=\"{&quot;motion_fx_motion_fx_scrolling&quot;:&quot;yes&quot;,&quot;motion_fx_rotateZ_effect&quot;:&quot;yes&quot;,&quot;motion_fx_rotateZ_speed&quot;:{&quot;unit&quot;:&quot;px&quot;,&quot;size&quot;:5,&quot;sizes&quot;:[]},&quot;motion_fx_range&quot;:&quot;viewport&quot;,&quot;_animation&quot;:&quot;fadeIn&quot;,&quot;_position&quot;:&quot;absolute&quot;,&quot;motion_fx_rotateZ_affectedRange&quot;:{&quot;unit&quot;:&quot;%&quot;,&quot;size&quot;:&quot;&quot;,&quot;sizes&quot;:{&quot;start&quot;:0,&quot;end&quot;:100}},&quot;motion_fx_devices&quot;:[&quot;desktop&quot;,&quot;tablet&quot;,&quot;mobile&quot;]}\" data-widget_type=\"image.default\">\n\t\t\t\t<div class=\"elementor-widget-container\">\n\t\t\t\t\t\t\t\t\t\t\t\t\t\t\t<img loading=\"lazy\" decoding=\"async\" width=\"200\" height=\"200\" src=\"https:\/\/findvit.com\/wp-content\/uploads\/2021\/09\/ratukas.svg\" class=\"attachment-full size-full wp-image-1777\" alt=\"Ritenis no anketas l\u012bdz vitam\u012bnam\" \/>\t\t\t\t\t\t\t\t\t\t\t\t\t\t\t<\/div>\n\t\t\t\t<\/div>\n\t\t\t\t\t<\/div>\n\t\t<\/div>\n\t\t\t\t\t<\/div>\n\t\t<\/section>\n\t\t\t\t<section class=\"elementor-section elementor-top-section elementor-element elementor-element-69545f3 elementor-section-boxed elementor-section-height-default elementor-section-height-default\" data-id=\"69545f3\" data-element_type=\"section\">\n\t\t\t\t\t\t<div class=\"elementor-container elementor-column-gap-no\">\n\t\t\t\t\t<div class=\"elementor-column elementor-col-50 elementor-top-column elementor-element elementor-element-b1440a1\" data-id=\"b1440a1\" data-element_type=\"column\">\n\t\t\t<div class=\"elementor-widget-wrap elementor-element-populated\">\n\t\t\t\t\t\t<div class=\"elementor-element elementor-element-83478ab elementor-widget elementor-widget-heading\" data-id=\"83478ab\" data-element_type=\"widget\" data-widget_type=\"heading.default\">\n\t\t\t\t<div class=\"elementor-widget-container\">\n\t\t\t\t\t<h4 class=\"elementor-heading-title elementor-size-default\">KIKI Health jonu dzelzs, \u0161\u0137idrs koncentr\u0101ts, 50ml<\/h4>\t\t\t\t<\/div>\n\t\t\t\t<\/div>\n\t\t\t\t<div class=\"elementor-element elementor-element-245a362 elementor-widget elementor-widget-text-editor\" data-id=\"245a362\" data-element_type=\"widget\" data-widget_type=\"text-editor.default\">\n\t\t\t\t<div class=\"elementor-widget-container\">\n\t\t\t\t\t\t\t\t\t<p>Jonu dzelzs ir revolucion\u0101rs produkts, kas <strong>dod<\/strong> Jums b\u016btisks miner\u0101ls \u2013 dzelzs \u2013 \u0113rt\u0101 un lab\u0101k\u0101 form\u0101.<\/p><p>Tas ir vair\u0101k nek\u0101 rad\u012bts papildin\u0101jums <strong>izmantojot vismodern\u0101k\u0101s tehnolo\u0123ijas<\/strong>, kas \u013cauj dzelzi p\u0101rv\u0113rst jonu form\u0101.<\/p><p>Tas noz\u012bm\u0113, ka \u0161is gludeklis p\u0113c \u012bpa\u0161\u012bb\u0101m at\u0161\u0137iras no tradicion\u0101lajiem dzelzs piedev\u0101m.<\/p><p>Dzelzs <strong>ir svar\u012bgi<\/strong> un sniedz mums bezgal\u012bgas priek\u0161roc\u012bbas:<\/p><ul><li>Dzelzs parasti ir svar\u012bgs<br \/>ener\u0123ijas metabolisms<\/li><li>Dzelzs parasti ir svar\u012bgs<br \/>sarkan\u0101s asins \u0161\u016bnas<br \/>hematopo\u0113ze un hemoglob\u012bns<br \/>veido\u0161an\u0101s<\/li><li>Dzelzs parasti ir svar\u012bgs<br \/>im\u016bnsist\u0113mas darb\u012bba<\/li><li>Dzelzs pal\u012bdz samazin\u0101t<br \/>noguruma saj\u016bta un<br \/>nogurums<\/li><\/ul><p>Diem\u017e\u0113l da\u017ei cilv\u0113ki ar ikdienas uzturu nesa\u0146em pietiekami daudz dzelzs, kas var izrais\u012bt dzelzs defic\u012bta simptomus.<\/p><p>Liquid Ionic Iron ir lieliska izv\u0113le tiem, kas saprot jonu \u0161\u0137idruma formas kvalit\u0101ti un at\u0161\u0137ir\u012bbu no tradicion\u0101lajiem risin\u0101jumiem.<\/p><p>Noder\u012bgs dzelzs <strong>sa\u0146emt<\/strong> dabisk\u0101kaj\u0101 un efekt\u012bv\u0101kaj\u0101 iesp\u0113jamaj\u0101 veid\u0101.<\/p><h3><strong>TIKAI TEV<\/strong><\/h3><p>\u0160\u012b produkta formula ir rad\u012bta, \u0146emot v\u0113r\u0101 m\u016bsdienu cilv\u0113ka vajadz\u012bbas \u2013 strauja dz\u012bve prasa ne tikai ener\u0123iju, bet ar\u012b \u0101trus, efekt\u012bvus risin\u0101jumus. <strong>Jon\u012bna dzelzs<\/strong> ir viegli lietojams: tikai da\u017eus pilienus \u016bden\u012b vai iecien\u012bt\u0101kaj\u0101 sul\u0101, un jums b\u016bs tas, kas jums visvair\u0101k nepiecie\u0161ams - j\u016bs varat izbaud\u012bt katru mirkli ener\u0123ijas un vitalit\u0101tes pilns.<\/p><h3><strong>AUGST\u0100KIE V\u0112RT\u0112JUMI<\/strong><\/h3><p><strong>Labi nov\u0113rt\u0113ts<\/strong>, jo to ir \u013coti \u0113rti lietot \u2013 vienk\u0101r\u0161i pievienojiet ieteicamo devu savam iecien\u012bt\u0101kajam dz\u0113rienam un izbaudiet \u0161o k\u0101rumu.<\/p><p><strong>Dzelzs<\/strong> \u2013 tas nav tikai elements, tas ir dz\u012bv\u012bbas un ener\u0123ijas simbols!<\/p><h3><strong>NENOV\u0112RT\u0112JAMS IEGUVUMS<\/strong><\/h3><p>Invest\u0113jiet sav\u0101 vesel\u012bb\u0101 ar <strong>J\u0101nis Krist\u012bt\u0101js - <\/strong>\u00a0un lai \u0161is br\u012bnumprodukts paver jaunas iesp\u0113jas dz\u012bv\u012bbai un ener\u0123ijai. Tas nav tikai dzelzs avots \u2013 t\u0101 ir j\u016bsu person\u012bg\u0101 dz\u012bve un ener\u0123ijas revol\u016bcija.<\/p><h3><strong>TIKAI DA\u017dI PILIENI BR\u012aNUMA<\/strong><\/h3><p>Vienk\u0101r\u0161i pievienojiet da\u017eus pilienus <strong>Jonu dzelzs \u2013 vitalit\u0101tes b\u016bt\u012bba<\/strong> uz savu iecien\u012bt\u0101ko dz\u0113rienu un \u013caujiet \u0161ai sp\u0113c\u012bgajai formulai dar\u012bt savu.<\/p><p><strong>Jon\u012bna dzelzs<\/strong> ir piln\u012bgi dab\u012bgs produkts bez jebk\u0101d\u0101m m\u0101ksl\u012bg\u0101m piedev\u0101m, konservantiem vai pildviel\u0101m, t\u0101p\u0113c varat b\u016bt dro\u0161s, ka r\u016bp\u0113jaties par savu vesel\u012bbu ar augst\u0101k\u0101s kvalit\u0101tes produktiem. Tas ir ne tikai ieguld\u012bjums, bet ar\u012b emocion\u0101l\u0101 un psiholo\u0123isk\u0101 labkl\u0101j\u012bba.<\/p><p>Pas\u016bti tagad un <strong>sajust at\u0161\u0137ir\u012bbu<\/strong>!<\/p><p>Ja neesat p\u0101rliecin\u0101ts, k\u0101di vitam\u012bni vai citi uztura bag\u0101tin\u0101t\u0101ji <strong>\u0161obr\u012bd vispiem\u0113rot\u0101kais<\/strong>, veiciet testu <a href=\"https:\/\/findvit.com\/lv\/testas\/\"><strong>&quot;Tava diena&quot;<\/strong> <\/a>un uzzini\u00a0 <strong>personisks<\/strong> ieteikums!<\/p>\t\t\t\t\t\t\t\t<\/div>\n\t\t\t\t<\/div>\n\t\t\t\t\t<\/div>\n\t\t<\/div>\n\t\t\t\t<div class=\"elementor-column elementor-col-50 elementor-top-column elementor-element elementor-element-faf7f2b\" data-id=\"faf7f2b\" data-element_type=\"column\">\n\t\t\t<div class=\"elementor-widget-wrap elementor-element-populated\">\n\t\t\t\t\t\t<div class=\"elementor-element elementor-element-e97e186 elementor-widget elementor-widget-image\" data-id=\"e97e186\" data-element_type=\"widget\" data-widget_type=\"image.default\">\n\t\t\t\t<div class=\"elementor-widget-container\">\n\t\t\t\t\t\t\t\t\t\t\t\t\t\t\t<img loading=\"lazy\" decoding=\"async\" width=\"900\" height=\"900\" src=\"https:\/\/findvit.com\/wp-content\/uploads\/2021\/10\/Ko-3-900x900.jpg\" class=\"attachment-large size-large wp-image-2469\" alt=\"sporta vesel\u012bbas kol\u0101\u017ea\" srcset=\"https:\/\/findvit.com\/wp-content\/uploads\/2021\/10\/Ko-3-900x900.jpg 900w, https:\/\/findvit.com\/wp-content\/uploads\/2021\/10\/Ko-3-600x600.jpg 600w, https:\/\/findvit.com\/wp-content\/uploads\/2021\/10\/Ko-3-150x150.jpg 150w, https:\/\/findvit.com\/wp-content\/uploads\/2021\/10\/Ko-3-768x768.jpg 768w, https:\/\/findvit.com\/wp-content\/uploads\/2021\/10\/Ko-3-1x1.jpg 1w, https:\/\/findvit.com\/wp-content\/uploads\/2021\/10\/Ko-3-10x10.jpg 10w, https:\/\/findvit.com\/wp-content\/uploads\/2021\/10\/Ko-3-100x100.jpg 100w, https:\/\/findvit.com\/wp-content\/uploads\/2021\/10\/Ko-3.jpg 1000w\" sizes=\"auto, (max-width: 900px) 100vw, 900px\" \/>\t\t\t\t\t\t\t\t\t\t\t\t\t\t\t<\/div>\n\t\t\t\t<\/div>\n\t\t\t\t\t<\/div>\n\t\t<\/div>\n\t\t\t\t\t<\/div>\n\t\t<\/section>\n\t\t\t\t<\/div>","protected":false},"excerpt":{"rendered":"<p><strong>Jonu dzelzs - vitalit\u0101tes b\u016bt\u012bba:<\/strong> Dabiska formula tie\u0161i jums. \u0160is <strong>100%<\/strong> dabisko miner\u0101lu koncentr\u0101ts no Zemes, kas bag\u0101tin\u0101ts ar jonu dzelzi, ir b\u016btisks ikvienam, kur\u0161 v\u0113las ieg\u016bt ener\u0123iju un optim\u0101lu asinsrites sist\u0113mu. Neaizst\u0101jams ikdienas uztur\u0101.<\/p>","protected":false},"featured_media":23163,"comment_status":"open","ping_status":"closed","template":"","meta":{"_acf_changed":false,"inline_featured_image":false},"etheme_brands":[{"term_id":28,"name":"Kiki Health","slug":"kiki-health","term_group":0,"term_taxonomy_id":28,"taxonomy":"brand","description":"<h2><a href=\"https:\/\/kiki-health.com\/about-us\/\" target=\"_blank\" rel=\"noopener\"><strong>KIKI Health<\/strong><\/a><\/h2>\r\nKIKI yra prek\u0117s \u017eenklas, kuriantis novatori\u0161kus maisto papildus.\r\n\r\nKIKI yra pripa\u017eintas ir gerbiamas, kaip sveikos gyvensenos produkt\u0173 ir individualumo bei meistri\u0161kumo standartas.\r\n\r\nKIKI gim\u0117 i\u0161 noro skatinti optimali\u0105 sveikat\u0105 ir gerov\u0119, m\u016bs\u0173 tikslas ir aistra yra \u012fsigyti auk\u0161\u010diausios kokyb\u0117s, grynumo produktus i\u0161 viso pasaulio, kurie pad\u0117t\u0173 gro\u017eiui ir sveikatai.\r\n\r\nNuo pat prad\u017ei\u0173 ir iki \u0161iol KIKI Health niekada nedaro kompromis\u0173 ir nededa pried\u0173 bei naudoja prastesni\u0173 ingredient\u0173 - tik nat\u016bralios 100% veikliosios med\u017eiagos.\r\n\r\nhttps:\/\/youtu.be\/irT0ZUOzBac?t=45\r\n<h3><strong>Nat\u016braliai turtingi <\/strong><strong>vitaminais, mineralais ir b\u016btinomis\u00a0 veikliosiomis med\u017eiagomis<\/strong><\/h3>\r\nDaugelis \"KIKI Health\" produkt\u0173 turintys augalini\u0173 ir maistini\u0173 med\u017eiag\u0173\u00a0 yra sertifikuoti, kaip ekologi\u0161ki.\r\n\r\nI\u0161naudodami stiprias augalin\u0117s kilm\u0117s, nat\u016brali\u0173 ingredient\u0173 galias, kupinas esmini\u0173 augal\u0173 veikli\u0173j\u0173 med\u017eiag\u0173, vitamin\u0173 ir mineral\u0173, kad suteikt\u0173 smegenims, odai ir k\u016bnui neprilygstam\u0105 pagalb\u0105.\r\n\r\nKIKI Health tikslas yra u\u017etikrinti, kad mi\u0161iniuose neb\u016bt\u0173 sintetikos, konservant\u0173, u\u017epild\u0173 ir ri\u0161ikli\u0173, u\u017etikrinant, kad ir toliau gamint\u0173 veiksmingus, \u0161varius ir saugius papildus.\r\n\r\nPagaminta Jungtin\u0117je Karalyst\u0117je i\u0161 \u0161vari\u0173 ir tvari\u0173 ingredient\u0173.\r\n<h3><strong>Atsakingumas<\/strong><\/h3>\r\nU\u017etikrindami, kad produktai b\u016bt\u0173 atsakingai u\u017eauginti, ne tik r\u016bpinamasi aplinka, bet ir garantuojama produkto kokyb\u0119. KIKI Healt specialistai keliauja po pasaul\u012f ie\u0161kodami ekologi\u0161k\u0173, eti\u0161kai gaut\u0173 ingredient\u0173, pasi\u017eymin\u010di\u0173 geresne maistine verte, kartu pad\u0117dami vietos bendruomen\u0117ms klest\u0117ti. Maisto gamybos b\u016bdas yra labai svarbus daugeliui vartotoj\u0173, ir tai kelia susir\u016bpinim\u0105, kur\u012f mes dalijam\u0117s.\r\n<h3><strong>Minimalus apdorojimas<\/strong><\/h3>\r\nNor\u0117dami pasiekti optimal\u0173 biologin\u012f prieinamum\u0105, stengiamasi, kad ingredientai b\u016bt\u0173 kuo ar\u010diau j\u0173 nat\u016bralios b\u016bkl\u0117s. Laikomasi minimalaus perdirbimo ir kontroliuojama temperat\u016bros, i\u0161kart po derliaus nu\u0117mimo, kad b\u016bt\u0173 i\u0161laikoma visa nauda sveikatai ir gyvybi\u0161kai svarbios maistin\u0117s med\u017eiagos.\r\n\r\n<strong>Produktuose n\u0117ra<\/strong>: sintetikos, dirbtini\u0173 da\u017eikli\u0173 ir kvapi\u0173j\u0173 med\u017eiag\u0173, u\u017epild\u0173, ri\u0161ikli\u0173, dengimo med\u017eiag\u0173, lipnum\u0105 reguliuojan\u010di\u0173 med\u017eiag\u0173, cukr\u0173, glitimo, GMO, laktoz\u0117s, konservant\u0173, pagalbini\u0173 med\u017eiag\u0173.\r\n\r\nVisi ingredientai ir galutiniai produktai yra reguliariai tikrinami tre\u010diosios \u0161alies laboratorijoje. U\u017etikrinama, kad kiekviena partija b\u016bt\u0173 i\u0161bandyta d\u0117l sunki\u0173j\u0173 metal\u0173, mikroorganizm\u0173 ir pesticid\u0173 laikantis grie\u017et\u0173 kokyb\u0117s kontrol\u0117s s\u0105lyg\u0173, o rezultatai atitikt\u0173 ES ir JK ribinius reglamentus, \u012fskaitant ekologinio \u016bkininkavimo standartus.","parent":0,"count":28,"filter":"raw"}],"product_brand":[],"product_cat":[646,651,63,124],"product_tag":[660],"class_list":{"0":"post-16194","1":"product","2":"type-product","3":"status-publish","4":"has-post-thumbnail","6":"brand-kiki-health","7":"product_cat-papildai-moterims","8":"product_cat-vitaminai-ir-papildai-ziemai","9":"product_cat-mineralai","10":"product_cat-siamsezonui","11":"product_tag-esminiai-vitaminai-moterims","13":"first","14":"instock","15":"sale","16":"taxable","17":"shipping-taxable","18":"purchasable","19":"product-type-simple"},"acf":[],"_links":{"self":[{"href":"https:\/\/findvit.com\/lv\/wp-json\/wp\/v2\/product\/16194","targetHints":{"allow":["GET"]}}],"collection":[{"href":"https:\/\/findvit.com\/lv\/wp-json\/wp\/v2\/product"}],"about":[{"href":"https:\/\/findvit.com\/lv\/wp-json\/wp\/v2\/types\/product"}],"replies":[{"embeddable":true,"href":"https:\/\/findvit.com\/lv\/wp-json\/wp\/v2\/comments?post=16194"}],"version-history":[{"count":13,"href":"https:\/\/findvit.com\/lv\/wp-json\/wp\/v2\/product\/16194\/revisions"}],"predecessor-version":[{"id":18745,"href":"https:\/\/findvit.com\/lv\/wp-json\/wp\/v2\/product\/16194\/revisions\/18745"}],"wp:featuredmedia":[{"embeddable":true,"href":"https:\/\/findvit.com\/lv\/wp-json\/wp\/v2\/media\/23163"}],"wp:attachment":[{"href":"https:\/\/findvit.com\/lv\/wp-json\/wp\/v2\/media?parent=16194"}],"wp:term":[{"taxonomy":"brand","embeddable":true,"href":"https:\/\/findvit.com\/lv\/wp-json\/wp\/v2\/etheme_brands?post=16194"},{"taxonomy":"product_brand","embeddable":true,"href":"https:\/\/findvit.com\/lv\/wp-json\/wp\/v2\/product_brand?post=16194"},{"taxonomy":"product_cat","embeddable":true,"href":"https:\/\/findvit.com\/lv\/wp-json\/wp\/v2\/product_cat?post=16194"},{"taxonomy":"product_tag","embeddable":true,"href":"https:\/\/findvit.com\/lv\/wp-json\/wp\/v2\/product_tag?post=16194"}],"curies":[{"name":"wp","href":"https:\/\/api.w.org\/{rel}","templated":true}]}}