{"id":16319,"date":"2024-02-20T19:24:51","date_gmt":"2024-02-20T17:24:51","guid":{"rendered":"https:\/\/findvit.com\/?post_type=product&#038;p=16319"},"modified":"2026-03-04T17:48:09","modified_gmt":"2026-03-04T15:48:09","slug":"joninis-cinkas-koncentratas-50ml-kiki-health","status":"publish","type":"product","link":"https:\/\/findvit.com\/lv\/produktas\/joninis-cinkas-koncentratas-50ml-kiki-health\/","title":{"rendered":"KIKI Health jonu cinks, \u0161\u0137idrs koncentr\u0101ts, 50ml"},"content":{"rendered":"<div data-elementor-type=\"product-post\" data-elementor-id=\"16319\" class=\"elementor elementor-16319\" data-elementor-post-type=\"product\">\n\t\t\t\t\t\t<section class=\"elementor-section elementor-top-section elementor-element elementor-element-a226a0d elementor-section-boxed elementor-section-height-default elementor-section-height-default\" data-id=\"a226a0d\" data-element_type=\"section\">\n\t\t\t\t\t\t<div class=\"elementor-container elementor-column-gap-default\">\n\t\t\t\t\t<div class=\"elementor-column elementor-col-100 elementor-top-column elementor-element elementor-element-4a413bf\" data-id=\"4a413bf\" data-element_type=\"column\">\n\t\t\t<div class=\"elementor-widget-wrap elementor-element-populated\">\n\t\t\t\t\t\t<div class=\"elementor-element elementor-element-3117dbb elementor-absolute elementor-hidden-mobile elementor-invisible elementor-widget elementor-widget-image\" data-id=\"3117dbb\" data-element_type=\"widget\" data-settings=\"{&quot;motion_fx_motion_fx_scrolling&quot;:&quot;yes&quot;,&quot;motion_fx_rotateZ_effect&quot;:&quot;yes&quot;,&quot;motion_fx_rotateZ_speed&quot;:{&quot;unit&quot;:&quot;px&quot;,&quot;size&quot;:5,&quot;sizes&quot;:[]},&quot;motion_fx_range&quot;:&quot;viewport&quot;,&quot;_animation&quot;:&quot;fadeIn&quot;,&quot;_position&quot;:&quot;absolute&quot;,&quot;motion_fx_rotateZ_affectedRange&quot;:{&quot;unit&quot;:&quot;%&quot;,&quot;size&quot;:&quot;&quot;,&quot;sizes&quot;:{&quot;start&quot;:0,&quot;end&quot;:100}},&quot;motion_fx_devices&quot;:[&quot;desktop&quot;,&quot;tablet&quot;,&quot;mobile&quot;]}\" data-widget_type=\"image.default\">\n\t\t\t\t<div class=\"elementor-widget-container\">\n\t\t\t\t\t\t\t\t\t\t\t\t\t\t\t<img loading=\"lazy\" decoding=\"async\" width=\"200\" height=\"200\" src=\"https:\/\/findvit.com\/wp-content\/uploads\/2021\/09\/ratukas.svg\" class=\"attachment-full size-full wp-image-1777\" alt=\"Ritenis no anketas l\u012bdz vitam\u012bnam\" \/>\t\t\t\t\t\t\t\t\t\t\t\t\t\t\t<\/div>\n\t\t\t\t<\/div>\n\t\t\t\t\t<\/div>\n\t\t<\/div>\n\t\t\t\t\t<\/div>\n\t\t<\/section>\n\t\t\t\t<section class=\"elementor-section elementor-top-section elementor-element elementor-element-366c346 elementor-section-boxed elementor-section-height-default elementor-section-height-default\" data-id=\"366c346\" data-element_type=\"section\">\n\t\t\t\t\t\t<div class=\"elementor-container elementor-column-gap-no\">\n\t\t\t\t\t<div class=\"elementor-column elementor-col-50 elementor-top-column elementor-element elementor-element-e3154fc\" data-id=\"e3154fc\" data-element_type=\"column\">\n\t\t\t<div class=\"elementor-widget-wrap elementor-element-populated\">\n\t\t\t\t\t\t<div class=\"elementor-element elementor-element-51b6270 elementor-widget elementor-widget-heading\" data-id=\"51b6270\" data-element_type=\"widget\" data-widget_type=\"heading.default\">\n\t\t\t\t<div class=\"elementor-widget-container\">\n\t\t\t\t\t<h2 class=\"elementor-heading-title elementor-size-medium\">KIKI Health jonu cinks, \u0161\u0137idrs koncentr\u0101ts, 50ml<\/h2>\t\t\t\t<\/div>\n\t\t\t\t<\/div>\n\t\t\t\t<div class=\"elementor-element elementor-element-c233cae elementor-widget elementor-widget-text-editor\" data-id=\"c233cae\" data-element_type=\"widget\" data-widget_type=\"text-editor.default\">\n\t\t\t\t<div class=\"elementor-widget-container\">\n\t\t\t\t\t\t\t\t\t<p><strong>Jonu cinks<\/strong> ir revolucion\u0101rs papildin\u0101jums, <strong>izveidots<\/strong> lai nodro\u0161in\u0101tu optim\u0101lu cinka daudzumu.<\/p><p>\u0160is unik\u0101lais \u0161\u0137idrais koncentr\u0101ts ir izgatavots no <strong>100% dab\u012bgie miner\u0101li<\/strong>, kas ieg\u016bts tie\u0161i no zemes un sajaukts ar dejoniz\u0113tu \u016bdeni, lai nodro\u0161in\u0101tu \u0101tru un 100% pieejam\u012bbu.<\/p><p>Cinks<strong> ir b\u016btisks miner\u0101ls<\/strong>, kas nepiecie\u0161ama vis\u0101m \u0137erme\u0146a \u0161\u016bn\u0101m. Tas ir svar\u012bgi daudz\u0101m funkcij\u0101m, piem\u0113ram:<\/p><ul><li>svar\u012bgi parasti <br \/><strong>sk\u0101bju-b\u0101zes metabolisms<\/strong><\/li><li>svar\u012bgi parasti <br \/><strong>og\u013chidr\u0101tu metabolisms<\/strong><\/li><li>svar\u012bgi parasti <br \/><strong>DNS sint\u0113zei<\/strong><\/li><li>svar\u012bgi norm\u0101lam <br \/><strong>augl\u012bbu un vairo\u0161anos<\/strong><\/li><li>svar\u012bgi parasti <br \/><strong>kaulu st\u0101voklis<\/strong> atbalst\u012bt<\/li><li>svar\u012bgi parasti <br \/><strong>lai uztur\u0113tu nagu st\u0101vokli<\/strong><\/li><li>svar\u012bgi parasti <br \/>lai uztur\u0113tu \u0101das un matu st\u0101vokli<\/li><\/ul><h3><strong>VIEGLI LIETOT<\/strong><\/h3><p>Vienk\u0101r\u0161i pievienojiet da\u017eus pilienus gl\u0101z\u0113 \u016bdens. \u0160is produkts ir <strong>lieliska izv\u0113le<\/strong> cilv\u0113kiem, kuri v\u0113las papildin\u0101t savu uzturu ar k\u0101du svar\u012bgu mikroelementu, bet nev\u0113las lietot tabletes vai kapsulas.<\/p><p><strong>KIKI Vesel\u012bba Joninis Zincas<\/strong> ir viegls, lai j\u016bs bez kav\u0113\u0161an\u0101s var\u0113tu sajust, ko tas dod.<\/p><p>Izmantojot <strong>doz\u0113\u0161anas pipete<\/strong>, ieteicams lietot no 0,5 ml un palielin\u0101t l\u012bdz 2 ml. <strong>Gl\u0101z\u0113 \u016bdens<\/strong> vai sula, p\u0113c \u0113\u0161anas.<\/p><h3><strong>IZCELIES NO CITIEM<\/strong><\/h3><p>At\u0161\u0137ir\u012bb\u0101 no citiem cinka veidiem \u0161\u0137idrais jonu cinks ir <strong>viegli pie\u0146emts<\/strong> un tam nav blakuspar\u0101d\u012bbu.<\/p><p>\u0160\u0137idrais jonu cinks ir izgatavots no dab\u012bga avota, kas ir bag\u0101tin\u0101ts ar cinku.<\/p><h3><strong>SASKA\u0145OT\u0100S AR SVAR\u012aG\u0100M NOTEIKUMIEM<\/strong><\/h3><p>\u0160\u0137idrais jonu cinks tiek kombin\u0113ts ar\u012b ar citiem mikroelementiem, lai veicin\u0101tu lab\u0101ku uzs\u016bk\u0161anos un ieguvumus.<\/p><h3><strong>V\u0112RT\u012aGA DAUDZIEM<\/strong>\u00a0<\/h3><p><strong>Ieteicams ar\u012b lietot<\/strong>, cilv\u0113ki, kas populariz\u0113 ve\u0123et\u0101ru vai veg\u0101nu di\u0113tu, gr\u016btnieces un sievietes, kas baro b\u0113rnu ar kr\u016bti, cilv\u0113ki ar ku\u0146\u0123a un zarnu slim\u012bb\u0101m, hronisk\u0101m nieru slim\u012bb\u0101m, alkohola lietot\u0101ji, cilv\u0113ki ar nepietiekamu uzturu vai cilv\u0113ki ar \u0113\u0161anas trauc\u0113jumiem.<\/p><h3><strong>NO DABAS<\/strong><\/h3><p><b>Jonu miner\u0101li <\/b>ir dabas rad\u012bti, t\u0101pat k\u0101 tie, kas atrodami p\u0101rtik\u0101 <strong>mikroelementi<\/strong>.<\/p><h3><strong>T\u012aR\u012aBA<\/strong><\/h3><p>Turkl\u0101t \u0161is produkts dabiski nesatur lipekli un kvie\u0161us, bez m\u0101ksl\u012bg\u0101m kr\u0101sviel\u0101m, konservantiem, saldin\u0101t\u0101jiem vai pildviel\u0101m, padarot to par lielisku izv\u0113li tiem, kas mekl\u0113 dabiskus un vesel\u012bgus uztura bag\u0101tin\u0101t\u0101jus.<\/p><p><strong>KIKI vesel\u012bbas jonu cinks<\/strong> ir viegli integr\u0113ts j\u016bsu ikdienas rut\u012bn\u0101, sniedzot jums nepiecie\u0161amo elast\u012bbu un \u0113rt\u012bbas, lai atbalst\u012btu to, ko v\u0113laties.<\/p><h3><strong>AUGST\u0100KIE STANDARTI<\/strong><\/h3><p>Izv\u0113loties <strong>KIKI Vesel\u012bba Joninis Cinkas<\/strong>, j\u016bs izv\u0113laties augst\u0101k\u0101s kvalit\u0101tes produktu, kas ir izstr\u0101d\u0101ts, \u0146emot v\u0113r\u0101 j\u016bsu vajadz\u012bbas.<\/p><p>Tas nav tikai papildin\u0101jums, tas ir ieguld\u012bjums j\u016bsu m\u0113r\u0137os, lai nodro\u0161in\u0101tu, ka sa\u0146emat vajadz\u012bgo cinku.<\/p><h3><strong>IEGUVUMS<\/strong><\/h3><p>Padariet \u0161o dabisko cinka avotu par da\u013cu no savas ikdienas un izbaudiet visas t\u0101 sniegt\u0101s priek\u0161roc\u012bbas.<\/p><p>K\u0101 <strong>uzzini<\/strong> k\u0101di vitam\u012bni, miner\u0101lvielas vai citas piedevas <strong>\u0161obr\u012bd vispiem\u0113rot\u0101kais<\/strong>? <strong>Izm\u0113\u0123iniet to<\/strong> bezmaksas tests <a href=\"https:\/\/findvit.com\/lv\/testas\/\"><strong>&quot;Tava diena&quot; <\/strong><\/a>! kur <strong>j\u016bs uzzin\u0101siet<\/strong> \u0137erme\u0146a vajadz\u012bb\u0101m un <strong>j\u016bs sa\u0146emsiet<\/strong> <strong>personisks<\/strong> ieteikums!<\/p><h5>\u00a0<\/h5>\t\t\t\t\t\t\t\t<\/div>\n\t\t\t\t<\/div>\n\t\t\t\t\t<\/div>\n\t\t<\/div>\n\t\t\t\t<div class=\"elementor-column elementor-col-50 elementor-top-column elementor-element elementor-element-c89ad6b\" data-id=\"c89ad6b\" data-element_type=\"column\">\n\t\t\t<div class=\"elementor-widget-wrap elementor-element-populated\">\n\t\t\t\t\t\t<div class=\"elementor-element elementor-element-2962464 elementor-widget elementor-widget-image\" data-id=\"2962464\" data-element_type=\"widget\" data-widget_type=\"image.default\">\n\t\t\t\t<div class=\"elementor-widget-container\">\n\t\t\t\t\t\t\t\t\t\t\t\t\t\t\t<img loading=\"lazy\" decoding=\"async\" width=\"900\" height=\"900\" src=\"https:\/\/findvit.com\/wp-content\/uploads\/2021\/10\/Ko-3-900x900.jpg\" class=\"attachment-large size-large wp-image-2469\" alt=\"sporta vesel\u012bbas kol\u0101\u017ea\" srcset=\"https:\/\/findvit.com\/wp-content\/uploads\/2021\/10\/Ko-3-900x900.jpg 900w, https:\/\/findvit.com\/wp-content\/uploads\/2021\/10\/Ko-3-600x600.jpg 600w, https:\/\/findvit.com\/wp-content\/uploads\/2021\/10\/Ko-3-150x150.jpg 150w, https:\/\/findvit.com\/wp-content\/uploads\/2021\/10\/Ko-3-768x768.jpg 768w, https:\/\/findvit.com\/wp-content\/uploads\/2021\/10\/Ko-3-1x1.jpg 1w, https:\/\/findvit.com\/wp-content\/uploads\/2021\/10\/Ko-3-10x10.jpg 10w, https:\/\/findvit.com\/wp-content\/uploads\/2021\/10\/Ko-3-100x100.jpg 100w, https:\/\/findvit.com\/wp-content\/uploads\/2021\/10\/Ko-3.jpg 1000w\" sizes=\"auto, (max-width: 900px) 100vw, 900px\" \/>\t\t\t\t\t\t\t\t\t\t\t\t\t\t\t<\/div>\n\t\t\t\t<\/div>\n\t\t\t\t\t<\/div>\n\t\t<\/div>\n\t\t\t\t\t<\/div>\n\t\t<\/section>\n\t\t\t\t<\/div>","protected":false},"excerpt":{"rendered":"<p>Jonu cinks ir 100% dabisks, \u0101tri uzs\u016bcas cinka avots, kas pal\u012bdz uztur\u0113t norm\u0101lu im\u016bnsist\u0113mas darb\u012bbu, \u0101du, matus un nagus. \u0160o koncentr\u0101tu ir viegli lietot, vienk\u0101r\u0161i pievienojiet \u016bdenim da\u017eus pilienus, un j\u016bsu \u0137ermenis tiks apg\u0101d\u0101ts ar svar\u012bgo mikroelementu cinku.<\/p>","protected":false},"featured_media":23162,"comment_status":"open","ping_status":"closed","template":"","meta":{"_acf_changed":false,"inline_featured_image":false},"etheme_brands":[{"term_id":28,"name":"Kiki Health","slug":"kiki-health","term_group":0,"term_taxonomy_id":28,"taxonomy":"brand","description":"<h2><a href=\"https:\/\/kiki-health.com\/about-us\/\" target=\"_blank\" rel=\"noopener\"><strong>KIKI Health<\/strong><\/a><\/h2>\r\nKIKI yra prek\u0117s \u017eenklas, kuriantis novatori\u0161kus maisto papildus.\r\n\r\nKIKI yra pripa\u017eintas ir gerbiamas, kaip sveikos gyvensenos produkt\u0173 ir individualumo bei meistri\u0161kumo standartas.\r\n\r\nKIKI gim\u0117 i\u0161 noro skatinti optimali\u0105 sveikat\u0105 ir gerov\u0119, m\u016bs\u0173 tikslas ir aistra yra \u012fsigyti auk\u0161\u010diausios kokyb\u0117s, grynumo produktus i\u0161 viso pasaulio, kurie pad\u0117t\u0173 gro\u017eiui ir sveikatai.\r\n\r\nNuo pat prad\u017ei\u0173 ir iki \u0161iol KIKI Health niekada nedaro kompromis\u0173 ir nededa pried\u0173 bei naudoja prastesni\u0173 ingredient\u0173 - tik nat\u016bralios 100% veikliosios med\u017eiagos.\r\n\r\nhttps:\/\/youtu.be\/irT0ZUOzBac?t=45\r\n<h3><strong>Nat\u016braliai turtingi <\/strong><strong>vitaminais, mineralais ir b\u016btinomis\u00a0 veikliosiomis med\u017eiagomis<\/strong><\/h3>\r\nDaugelis \"KIKI Health\" produkt\u0173 turintys augalini\u0173 ir maistini\u0173 med\u017eiag\u0173\u00a0 yra sertifikuoti, kaip ekologi\u0161ki.\r\n\r\nI\u0161naudodami stiprias augalin\u0117s kilm\u0117s, nat\u016brali\u0173 ingredient\u0173 galias, kupinas esmini\u0173 augal\u0173 veikli\u0173j\u0173 med\u017eiag\u0173, vitamin\u0173 ir mineral\u0173, kad suteikt\u0173 smegenims, odai ir k\u016bnui neprilygstam\u0105 pagalb\u0105.\r\n\r\nKIKI Health tikslas yra u\u017etikrinti, kad mi\u0161iniuose neb\u016bt\u0173 sintetikos, konservant\u0173, u\u017epild\u0173 ir ri\u0161ikli\u0173, u\u017etikrinant, kad ir toliau gamint\u0173 veiksmingus, \u0161varius ir saugius papildus.\r\n\r\nPagaminta Jungtin\u0117je Karalyst\u0117je i\u0161 \u0161vari\u0173 ir tvari\u0173 ingredient\u0173.\r\n<h3><strong>Atsakingumas<\/strong><\/h3>\r\nU\u017etikrindami, kad produktai b\u016bt\u0173 atsakingai u\u017eauginti, ne tik r\u016bpinamasi aplinka, bet ir garantuojama produkto kokyb\u0119. KIKI Healt specialistai keliauja po pasaul\u012f ie\u0161kodami ekologi\u0161k\u0173, eti\u0161kai gaut\u0173 ingredient\u0173, pasi\u017eymin\u010di\u0173 geresne maistine verte, kartu pad\u0117dami vietos bendruomen\u0117ms klest\u0117ti. Maisto gamybos b\u016bdas yra labai svarbus daugeliui vartotoj\u0173, ir tai kelia susir\u016bpinim\u0105, kur\u012f mes dalijam\u0117s.\r\n<h3><strong>Minimalus apdorojimas<\/strong><\/h3>\r\nNor\u0117dami pasiekti optimal\u0173 biologin\u012f prieinamum\u0105, stengiamasi, kad ingredientai b\u016bt\u0173 kuo ar\u010diau j\u0173 nat\u016bralios b\u016bkl\u0117s. Laikomasi minimalaus perdirbimo ir kontroliuojama temperat\u016bros, i\u0161kart po derliaus nu\u0117mimo, kad b\u016bt\u0173 i\u0161laikoma visa nauda sveikatai ir gyvybi\u0161kai svarbios maistin\u0117s med\u017eiagos.\r\n\r\n<strong>Produktuose n\u0117ra<\/strong>: sintetikos, dirbtini\u0173 da\u017eikli\u0173 ir kvapi\u0173j\u0173 med\u017eiag\u0173, u\u017epild\u0173, ri\u0161ikli\u0173, dengimo med\u017eiag\u0173, lipnum\u0105 reguliuojan\u010di\u0173 med\u017eiag\u0173, cukr\u0173, glitimo, GMO, laktoz\u0117s, konservant\u0173, pagalbini\u0173 med\u017eiag\u0173.\r\n\r\nVisi ingredientai ir galutiniai produktai yra reguliariai tikrinami tre\u010diosios \u0161alies laboratorijoje. U\u017etikrinama, kad kiekviena partija b\u016bt\u0173 i\u0161bandyta d\u0117l sunki\u0173j\u0173 metal\u0173, mikroorganizm\u0173 ir pesticid\u0173 laikantis grie\u017et\u0173 kokyb\u0117s kontrol\u0117s s\u0105lyg\u0173, o rezultatai atitikt\u0173 ES ir JK ribinius reglamentus, \u012fskaitant ekologinio \u016bkininkavimo standartus.","parent":0,"count":28,"filter":"raw"}],"product_brand":[],"product_cat":[646,645,63,15,124],"product_tag":[660,91,95,101,121],"class_list":{"0":"post-16319","1":"product","2":"type-product","3":"status-publish","4":"has-post-thumbnail","6":"brand-kiki-health","7":"product_cat-papildai-moterims","8":"product_cat-geriausi-papildai-vyrams","9":"product_cat-mineralai","10":"product_cat-produktai","11":"product_cat-siamsezonui","12":"product_tag-esminiai-vitaminai-moterims","13":"product_tag-imunitetui","14":"product_tag-puikiai-isvaizdai","15":"product_tag-ramiam-miegui","16":"product_tag-zvilgantiems-plaukams","18":"first","19":"instock","20":"sale","21":"taxable","22":"shipping-taxable","23":"purchasable","24":"product-type-simple"},"acf":[],"_links":{"self":[{"href":"https:\/\/findvit.com\/lv\/wp-json\/wp\/v2\/product\/16319","targetHints":{"allow":["GET"]}}],"collection":[{"href":"https:\/\/findvit.com\/lv\/wp-json\/wp\/v2\/product"}],"about":[{"href":"https:\/\/findvit.com\/lv\/wp-json\/wp\/v2\/types\/product"}],"replies":[{"embeddable":true,"href":"https:\/\/findvit.com\/lv\/wp-json\/wp\/v2\/comments?post=16319"}],"version-history":[{"count":17,"href":"https:\/\/findvit.com\/lv\/wp-json\/wp\/v2\/product\/16319\/revisions"}],"predecessor-version":[{"id":18746,"href":"https:\/\/findvit.com\/lv\/wp-json\/wp\/v2\/product\/16319\/revisions\/18746"}],"wp:featuredmedia":[{"embeddable":true,"href":"https:\/\/findvit.com\/lv\/wp-json\/wp\/v2\/media\/23162"}],"wp:attachment":[{"href":"https:\/\/findvit.com\/lv\/wp-json\/wp\/v2\/media?parent=16319"}],"wp:term":[{"taxonomy":"brand","embeddable":true,"href":"https:\/\/findvit.com\/lv\/wp-json\/wp\/v2\/etheme_brands?post=16319"},{"taxonomy":"product_brand","embeddable":true,"href":"https:\/\/findvit.com\/lv\/wp-json\/wp\/v2\/product_brand?post=16319"},{"taxonomy":"product_cat","embeddable":true,"href":"https:\/\/findvit.com\/lv\/wp-json\/wp\/v2\/product_cat?post=16319"},{"taxonomy":"product_tag","embeddable":true,"href":"https:\/\/findvit.com\/lv\/wp-json\/wp\/v2\/product_tag?post=16319"}],"curies":[{"name":"wp","href":"https:\/\/api.w.org\/{rel}","templated":true}]}}