{"id":1704,"date":"2021-10-08T11:03:21","date_gmt":"2021-10-08T08:03:21","guid":{"rendered":"https:\/\/findvit.com\/?post_type=product&#038;p=1704"},"modified":"2026-04-13T13:56:59","modified_gmt":"2026-04-13T10:56:59","slug":"skysta-jonine-gelezis-su-72-juros-mineralu-kompleksu-concentrace-22-mg","status":"publish","type":"product","link":"https:\/\/findvit.com\/lv\/produktas\/skysta-jonine-gelezis-su-72-juros-mineralu-kompleksu-concentrace-22-mg\/","title":{"rendered":"Trace minerals jonu Dzelzs ar miner\u0101lviel\u0101m, \u0161\u0137idrums 56 ml"},"content":{"rendered":"<div data-elementor-type=\"product-post\" data-elementor-id=\"1704\" class=\"elementor elementor-1704\" data-elementor-post-type=\"product\">\n\t\t\t\t\t\t<section class=\"elementor-section elementor-top-section elementor-element elementor-element-a59e448 elementor-section-boxed elementor-section-height-default elementor-section-height-default\" data-id=\"a59e448\" data-element_type=\"section\">\n\t\t\t\t\t\t<div class=\"elementor-container elementor-column-gap-default\">\n\t\t\t\t\t<div class=\"elementor-column elementor-col-100 elementor-top-column elementor-element elementor-element-6ab7f8c\" data-id=\"6ab7f8c\" data-element_type=\"column\">\n\t\t\t<div class=\"elementor-widget-wrap elementor-element-populated\">\n\t\t\t\t\t\t<div class=\"elementor-element elementor-element-275c9dd elementor-absolute elementor-hidden-mobile elementor-invisible elementor-widget elementor-widget-image\" data-id=\"275c9dd\" data-element_type=\"widget\" data-settings=\"{&quot;motion_fx_motion_fx_scrolling&quot;:&quot;yes&quot;,&quot;motion_fx_rotateZ_effect&quot;:&quot;yes&quot;,&quot;motion_fx_rotateZ_speed&quot;:{&quot;unit&quot;:&quot;px&quot;,&quot;size&quot;:5,&quot;sizes&quot;:[]},&quot;motion_fx_range&quot;:&quot;viewport&quot;,&quot;_animation&quot;:&quot;fadeIn&quot;,&quot;_position&quot;:&quot;absolute&quot;,&quot;motion_fx_rotateZ_affectedRange&quot;:{&quot;unit&quot;:&quot;%&quot;,&quot;size&quot;:&quot;&quot;,&quot;sizes&quot;:{&quot;start&quot;:0,&quot;end&quot;:100}},&quot;motion_fx_devices&quot;:[&quot;desktop&quot;,&quot;tablet&quot;,&quot;mobile&quot;]}\" data-widget_type=\"image.default\">\n\t\t\t\t<div class=\"elementor-widget-container\">\n\t\t\t\t\t\t\t\t\t\t\t\t\t\t\t<img loading=\"lazy\" decoding=\"async\" width=\"200\" height=\"200\" src=\"https:\/\/findvit.com\/wp-content\/uploads\/2021\/09\/ratukas.svg\" class=\"attachment-full size-full wp-image-1777\" alt=\"Ritenis no anketas l\u012bdz vitam\u012bnam\" \/>\t\t\t\t\t\t\t\t\t\t\t\t\t\t\t<\/div>\n\t\t\t\t<\/div>\n\t\t\t\t\t<\/div>\n\t\t<\/div>\n\t\t\t\t\t<\/div>\n\t\t<\/section>\n\t\t\t\t<section class=\"elementor-section elementor-top-section elementor-element elementor-element-69545f3 elementor-section-boxed elementor-section-height-default elementor-section-height-default\" data-id=\"69545f3\" data-element_type=\"section\">\n\t\t\t\t\t\t<div class=\"elementor-container elementor-column-gap-no\">\n\t\t\t\t\t<div class=\"elementor-column elementor-col-50 elementor-top-column elementor-element elementor-element-b1440a1\" data-id=\"b1440a1\" data-element_type=\"column\">\n\t\t\t<div class=\"elementor-widget-wrap elementor-element-populated\">\n\t\t\t\t\t\t<div class=\"elementor-element elementor-element-83478ab elementor-widget elementor-widget-heading\" data-id=\"83478ab\" data-element_type=\"widget\" data-widget_type=\"heading.default\">\n\t\t\t\t<div class=\"elementor-widget-container\">\n\t\t\t\t\t<h4 class=\"elementor-heading-title elementor-size-default\">Trace minerals jonu Dzelzs ar miner\u0101lviel\u0101m, \u0161\u0137idrums 56 ml<\/h4>\t\t\t\t<\/div>\n\t\t\t\t<\/div>\n\t\t\t\t<div class=\"elementor-element elementor-element-245a362 elementor-widget elementor-widget-text-editor\" data-id=\"245a362\" data-element_type=\"widget\" data-widget_type=\"text-editor.default\">\n\t\t\t\t<div class=\"elementor-widget-container\">\n\t\t\t\t\t\t\t\t\t<p>Liquid Ionic Iron ir revolucion\u0101rs produkts, kas <strong>dod<\/strong> Jums b\u016btisks miner\u0101ls \u2013 dzelzs \u2013 \u0113rt\u0101 un lab\u0101k\u0101 form\u0101.<\/p><p>\u0160is labi nov\u0113rt\u0113tais papildin\u0101jums ir izstr\u0101d\u0101ts <strong>izmantojot progres\u012bvas tehnolo\u0123ijas<\/strong>, kas \u013cauj dzelzi p\u0101rv\u0113rst jonu form\u0101.<\/p><p>Tas noz\u012bm\u0113, ka \u0161is dzelzs ir at\u0161\u0137ir\u012bgs un tam ir at\u0161\u0137ir\u012bgas \u012bpa\u0161\u012bbas sal\u012bdzin\u0101jum\u0101 ar tradicion\u0101lajiem dzelzs piedev\u0101m.<\/p><p>Dzelzs <strong>ir svar\u012bgi<\/strong> un sniedz mums bezgal\u012bgas priek\u0161roc\u012bbas:<\/p><ul><li>Dzelzs parasti ir svar\u012bgs <br \/>ener\u0123ijas metabolisms<\/li><li>Dzelzs parasti ir svar\u012bgs <br \/>sarkan\u0101s asins \u0161\u016bnas<br \/>hematopo\u0113ze un hemoglob\u012bns <br \/>veido\u0161an\u0101s<\/li><li>Dzelzs parasti ir svar\u012bgs <br \/>im\u016bnsist\u0113mas darb\u012bba<\/li><li>Dzelzs pal\u012bdz samazin\u0101t <br \/>noguruma saj\u016bta un <br \/>nogurums<\/li><\/ul><p>Diem\u017e\u0113l da\u017ei cilv\u0113ki ar ikdienas uzturu nesa\u0146em pietiekami daudz dzelzs, kas var izrais\u012bt dzelzs defic\u012bta simptomus.<\/p><p>Liquid Ionic Iron ir lieliska izv\u0113le tiem, kas saprot jonu \u0161\u0137idruma formas kvalit\u0101ti un at\u0161\u0137ir\u012bbu no tradicion\u0101lajiem risin\u0101jumiem.<\/p><p>Noder\u012bgs dzelzs <strong>sa\u0146emt<\/strong> dabisk\u0101kaj\u0101 un efekt\u012bv\u0101kaj\u0101 iesp\u0113jamaj\u0101 veid\u0101.<\/p><h3><strong>Augst\u0101kie v\u0113rt\u0113jumi<\/strong><\/h3><p><strong>Labi nov\u0113rt\u0113ts<\/strong>, jo tas ir \u013coti \u0113rti lieto\u0161an\u0101 \u2013 vienk\u0101r\u0161i pievienojiet ieteicamo devu savam iecien\u012bt\u0101kajam dz\u0113rienam un dz\u0113rienam.<\/p><p>Izsekot miner\u0101lvielu \u0161\u0137idrais jonu dzelzs ir izgatavots no dab\u012bg\u0101m sast\u0101vda\u013c\u0101m, un tas nesatur lipekli, nav \u0122MO un ir draudz\u012bgs veg\u0101niem.<\/p><p>Tas noz\u012bm\u0113, ka j\u016bs <strong>varat b\u016bt p\u0101rliecin\u0101ts<\/strong>, lai ieg\u016btu dro\u0161u un vesel\u012bgu produktu.<\/p><p>Turkl\u0101t jonu dzelzi ra\u017eo Trace Minerals Research, miner\u0101lu piedevu l\u012bderis. Tie ir paz\u012bstami ar saviem augstas kvalit\u0101tes produktiem un zin\u0101tniski pamatotiem prepar\u0101tiem.<\/p><p>Atcerieties, ka, lai gan \u0161\u0137idrais jonu dzelzs ir lielisks veids, k\u0101 pievienot dzelzi j\u016bsu uzturam, to nevajadz\u0113tu izmantot k\u0101 vien\u012bgo veidu, k\u0101 \u0101rst\u0113t dzelzs defic\u012btu.<\/p><p>Pirms jebkuru uztura bag\u0101tin\u0101t\u0101ju lieto\u0161anas vienm\u0113r j\u0101konsult\u0113jas ar vesel\u012bbas apr\u016bpes speci\u0101listu.<\/p><p>Pas\u016bti tagad un <strong>sajust at\u0161\u0137ir\u012bbu<\/strong>!<\/p><p>Jonu dzelzs ir bag\u0101tin\u0101ts ar miner\u0101lviel\u0101m, kas padara \u0161o piedevu unik\u0101lu starp visiem uztura bag\u0101tin\u0101t\u0101jiem pasaul\u0113.<\/p><p><b>Jonu miner\u0101li <\/b>ir dabas rad\u012bti, t\u0101pat k\u0101 tie, kas atrodami p\u0101rtik\u0101 <strong>mikroelementi<\/strong>. \u0160o biolo\u0123iski akt\u012bvo, \u016bden\u012b \u0161\u0137\u012bsto\u0161o miner\u0101lu veido\u0161an\u0101s prasa vair\u0101kus gadus.\u00a0 <strong>ConcenTrace<\/strong> materi\u0101ls tiek ieg\u016bts no Liel\u0101 S\u0101lsezera ar \u012bpa\u0161u iztvaiko\u0161anas tehnolo\u0123iju, nekait\u0113jot dabai.<\/p><p>\u0160is ezers ir pies\u0101tin\u0101ts ar miner\u0101liem, kas \u0161eit uzkr\u0101ju\u0161ies t\u016bksto\u0161iem gadu. No ConcenTrace tiek no\u0146emts l\u012bdz 99 % n\u0101trija, atst\u0101jot apm. <strong>72 da\u017e\u0101di miner\u0101li jonu form\u0101.<\/strong>\u00a0<\/p><p>Ja neesat p\u0101rliecin\u0101ts, k\u0101di vitam\u012bni vai citi uztura bag\u0101tin\u0101t\u0101ji <strong>\u0161obr\u012bd vispiem\u0113rot\u0101kais<\/strong>, veiciet testu <a href=\"https:\/\/findvit.com\/lv\/testas\/\"><strong>&quot;Tava diena&quot;<\/strong> <\/a>un uzzini\u00a0 <strong>personisks<\/strong> ieteikums!<\/p>\t\t\t\t\t\t\t\t<\/div>\n\t\t\t\t<\/div>\n\t\t\t\t\t<\/div>\n\t\t<\/div>\n\t\t\t\t<div class=\"elementor-column elementor-col-50 elementor-top-column elementor-element elementor-element-faf7f2b\" data-id=\"faf7f2b\" data-element_type=\"column\">\n\t\t\t<div class=\"elementor-widget-wrap elementor-element-populated\">\n\t\t\t\t\t\t<div class=\"elementor-element elementor-element-e97e186 elementor-widget elementor-widget-image\" data-id=\"e97e186\" data-element_type=\"widget\" data-widget_type=\"image.default\">\n\t\t\t\t<div class=\"elementor-widget-container\">\n\t\t\t\t\t\t\t\t\t\t\t\t\t\t\t<img loading=\"lazy\" decoding=\"async\" width=\"900\" height=\"900\" src=\"https:\/\/findvit.com\/wp-content\/uploads\/2021\/10\/Ko-3-900x900.jpg\" class=\"attachment-large size-large wp-image-2469\" alt=\"sporta vesel\u012bbas kol\u0101\u017ea\" srcset=\"https:\/\/findvit.com\/wp-content\/uploads\/2021\/10\/Ko-3-900x900.jpg 900w, https:\/\/findvit.com\/wp-content\/uploads\/2021\/10\/Ko-3-600x600.jpg 600w, https:\/\/findvit.com\/wp-content\/uploads\/2021\/10\/Ko-3-150x150.jpg 150w, https:\/\/findvit.com\/wp-content\/uploads\/2021\/10\/Ko-3-768x768.jpg 768w, https:\/\/findvit.com\/wp-content\/uploads\/2021\/10\/Ko-3-1x1.jpg 1w, https:\/\/findvit.com\/wp-content\/uploads\/2021\/10\/Ko-3-10x10.jpg 10w, https:\/\/findvit.com\/wp-content\/uploads\/2021\/10\/Ko-3-100x100.jpg 100w, https:\/\/findvit.com\/wp-content\/uploads\/2021\/10\/Ko-3.jpg 1000w\" sizes=\"auto, (max-width: 900px) 100vw, 900px\" \/>\t\t\t\t\t\t\t\t\t\t\t\t\t\t\t<\/div>\n\t\t\t\t<\/div>\n\t\t\t\t\t<\/div>\n\t\t<\/div>\n\t\t\t\t\t<\/div>\n\t\t<\/section>\n\t\t\t\t<\/div>","protected":false},"excerpt":{"rendered":"<p>\u0160\u0137idrais jonu dzelzs ar j\u016bras miner\u0101lu kompleksu. Koncentr\u0113ts, nodro\u0161inot dzelzi jonu, biolo\u0123iski pieejam\u0101 veid\u0101. Piem\u0113rots lieto\u0161anai gr\u016btniec\u0113m un sieviet\u0113m z\u012bd\u012b\u0161anas period\u0101. \u0112rta doz\u0113\u0161anas pipete. Tas aiz\u0146em l\u012bdz 46 dien\u0101m.<\/p>","protected":false},"featured_media":23299,"comment_status":"open","ping_status":"closed","template":"","meta":{"_acf_changed":false,"inline_featured_image":false},"etheme_brands":[{"term_id":38,"name":"Trace Minerals","slug":"trace-minerals","term_group":0,"term_taxonomy_id":38,"taxonomy":"brand","description":"<h2><strong>Trace minerals<\/strong><\/h2>\r\n\"Trace Minerals\" yra \u017einomas jonini\u0173 mineralini\u0173 papild\u0173 prek\u0117s \u017eenklas, kuriuo pasitikima beveik 50 met\u0173.\r\n\r\n<strong>Gamintojo misija<\/strong>\r\n\r\n\"Trace Minerals\" mato pasaul\u012f, kuriame \u017emon\u0117s yra\r\natsakingi u\u017e savo sveikat\u0105. Laikas, kai visi \u017emon\u0117s yra nori ir gali\r\ngyventi sveikiau. Joniniai mineralai yra pasiekiami visiems norintiems. Daugiau nei 50 met\u0173 \"Trace Minerals\" prek\u0117s \u017eenklo\r\nproduktai visame pasaulyje buvo pripa\u017einti jonini\u0173 produkt\u0173 pradininkais.\r\n\r\nVisus 50 met\u0173 Trace Minerals vertyb\u0117s yra:\r\n\r\n1. Bekompromis\u0117 kokyb\u0117, nuo kurios priklauso \u017emoni\u0173 savijauta.\r\n2. Neprilygstama aptarnavimas, kuris leid\u017eia klientams \u0161ypsotis.\r\n3. Nuolatinis pajam\u0173 augimas diegiant inovacijas ir kuriant produktus.\r\n4. Ugdomieji u\u017esi\u0117mimai.\r\n5. Lyderyst\u0117 savo srities pramon\u0117je.\r\n6. Lojalumas ir s\u0105\u017einingumas patikimiems darbuotojams ir verslo partneriams.\r\n<h3><strong>Garantija<\/strong><\/h3>\r\nGamintojas tiki, kad maisto papildai tur\u0117t\u0173 atne\u0161ti pastebimus\r\nrezultatus. Trace minerals \u012fsipareigojimas siekti pastebim\u0173 rezultat\u0173 yra\r\n\"Trace Minerals research\" filosofija.\r\n\r\nBeveik penkis de\u0161imtme\u010dius \"Trace Minerals\" prek\u0117s \u017eenklo produktai pad\u0117jo \u017emon\u0117ms priimti pagr\u012fstus sprendimus pasirenkant tinkamus produktus. Trce Minerals t\u0119stinis \u012fsipareigojimas yra paprastas: gaminti auk\u0161\u010diausios kokyb\u0117s produktus, paremtus moksliniais tyrimais, pagamintus u\u017e teising\u0105 kain\u0105 ir garantuojama, kad bus\r\npagerinti gyvenimai t\u0173, kurie vartoja kokybi\u0161kus produktus. Trace minerals visada tai dar\u0117 ir toliau t\u0105 darys.\r\n\r\nhttps:\/\/youtu.be\/hbeINVcx5FY?t=77\r\n<h3><strong>Mokslas ir tyrimai<\/strong><\/h3>\r\nGamintojas gavo \u0161e\u0161i\u0173 m\u0117nesi\u0173 klinikinio tyrimo \"ConcenTrace\u00ae\" rezultatus. \"Trace Mineral Drops\", jo pavyzdinis jonini\u0173 mineralinis papildas, kuriame yra visas spektras nat\u016braliai atsirandan\u010di\u0173 mikroelement\u0173.\r\n\r\nDalyviams buvo skiriama po 40 la\u0161\u0173 ConcenTrace\u00ae arba placebo per par\u0105\r\n24 savaites. Tyrime teigiama, kad \"veiksmingum\u0105 objektyviai patvirtino\r\n\u012fvertinti s\u0105nari\u0173 kremzl\u0117s storio, s\u0105nario erdv\u0117s plo\u010dio poky\u010dius\r\nir sinovinio skys\u010dio sud\u0117tis\". 24 savai\u010di\u0173 rezultatai rodo, kad \"ultrasonografija ir sinovinio skys\u010dio tyrimas atskleid\u0117 kremzl\u0117s\r\nstrukt\u016bros pager\u0117jim\u0105\".\r\n\r\n\u0160is preliminarus tyrimas parodo, kad ConcenTrace\u00ae pagerina s\u0105nari\u0173 sveikat\u0105.\r\n<h3><strong>Sertifikatai<\/strong><\/h3>\r\nKokyb\u0117 visada buvo svarbiausias <a href=\"https:\/\/www.traceminerals.com\/\" target=\"_blank\" rel=\"noopener\">\"Trace Minerals\"<\/a> prioritetas. Per daugel\u012f met\u0173\u00a0 akylai tobulino gamybos procesus. Tikima, kad geriausi procesai padeda gaminti geriausius ir sveikiausius produktus. Tai yra pagrindin\u0117 prie\u017eastis, kod\u0117l grie\u017etai kontroliuojama produkt\u0173 kokyb\u0117 ir kod\u0117l turima daugyb\u0117 sertifikat\u0173.\r\n<ul>\r\n \t<li><a href=\"https:\/\/grmalliance.org\/\" target=\"_blank\" rel=\"noopener\">GRMA\/UL GMP Certified<\/a><\/li>\r\n \t<li>GRAS Certified<\/li>\r\n \t<li>BPA Free<\/li>\r\n \t<li>Kosher<\/li>\r\n \t<li>Halal<\/li>\r\n \t<li>Non-GMO Verified<\/li>\r\n \t<li>Transparency<\/li>\r\n<\/ul>","parent":0,"count":19,"filter":"raw"}],"product_brand":[],"product_cat":[646,651,15,124],"product_tag":[660],"class_list":{"0":"post-1704","1":"product","2":"type-product","3":"status-publish","4":"has-post-thumbnail","6":"brand-trace-minerals","7":"product_cat-papildai-moterims","8":"product_cat-vitaminai-ir-papildai-ziemai","9":"product_cat-produktai","10":"product_cat-siamsezonui","11":"product_tag-esminiai-vitaminai-moterims","13":"first","14":"instock","15":"sale","16":"taxable","17":"shipping-taxable","18":"purchasable","19":"product-type-simple"},"acf":[],"_links":{"self":[{"href":"https:\/\/findvit.com\/lv\/wp-json\/wp\/v2\/product\/1704","targetHints":{"allow":["GET"]}}],"collection":[{"href":"https:\/\/findvit.com\/lv\/wp-json\/wp\/v2\/product"}],"about":[{"href":"https:\/\/findvit.com\/lv\/wp-json\/wp\/v2\/types\/product"}],"replies":[{"embeddable":true,"href":"https:\/\/findvit.com\/lv\/wp-json\/wp\/v2\/comments?post=1704"}],"version-history":[{"count":17,"href":"https:\/\/findvit.com\/lv\/wp-json\/wp\/v2\/product\/1704\/revisions"}],"predecessor-version":[{"id":18973,"href":"https:\/\/findvit.com\/lv\/wp-json\/wp\/v2\/product\/1704\/revisions\/18973"}],"wp:featuredmedia":[{"embeddable":true,"href":"https:\/\/findvit.com\/lv\/wp-json\/wp\/v2\/media\/23299"}],"wp:attachment":[{"href":"https:\/\/findvit.com\/lv\/wp-json\/wp\/v2\/media?parent=1704"}],"wp:term":[{"taxonomy":"brand","embeddable":true,"href":"https:\/\/findvit.com\/lv\/wp-json\/wp\/v2\/etheme_brands?post=1704"},{"taxonomy":"product_brand","embeddable":true,"href":"https:\/\/findvit.com\/lv\/wp-json\/wp\/v2\/product_brand?post=1704"},{"taxonomy":"product_cat","embeddable":true,"href":"https:\/\/findvit.com\/lv\/wp-json\/wp\/v2\/product_cat?post=1704"},{"taxonomy":"product_tag","embeddable":true,"href":"https:\/\/findvit.com\/lv\/wp-json\/wp\/v2\/product_tag?post=1704"}],"curies":[{"name":"wp","href":"https:\/\/api.w.org\/{rel}","templated":true}]}}