{"id":1706,"date":"2021-10-08T11:10:09","date_gmt":"2021-10-08T08:10:09","guid":{"rendered":"https:\/\/findvit.com\/?post_type=product&#038;p=1706"},"modified":"2024-12-17T17:43:21","modified_gmt":"2024-12-17T15:43:21","slug":"trace-minerals-kalcis-magnis-cinkas-ir-vitaminas-d3-komplekse-su-mineralais-946-ml","status":"publish","type":"product","link":"https:\/\/findvit.com\/lv\/produktas\/trace-minerals-kalcis-magnis-cinkas-ir-vitaminas-d3-komplekse-su-mineralais-946-ml\/","title":{"rendered":"Mikroelementi Kalcijs Magnijs Cinks un D3 vitam\u012bns kompleks\u0101 ar miner\u0101lviel\u0101m, 946 ml"},"content":{"rendered":"<div data-elementor-type=\"product-post\" data-elementor-id=\"1706\" class=\"elementor elementor-1706\" data-elementor-post-type=\"product\">\n\t\t\t\t\t\t<section class=\"elementor-section elementor-top-section elementor-element elementor-element-1d76dfe elementor-section-boxed elementor-section-height-default elementor-section-height-default\" data-id=\"1d76dfe\" data-element_type=\"section\">\n\t\t\t\t\t\t<div class=\"elementor-container elementor-column-gap-default\">\n\t\t\t\t\t<div class=\"elementor-column elementor-col-100 elementor-top-column elementor-element elementor-element-3e522f6\" data-id=\"3e522f6\" data-element_type=\"column\">\n\t\t\t<div class=\"elementor-widget-wrap elementor-element-populated\">\n\t\t\t\t\t\t<div class=\"elementor-element elementor-element-e03cb18 elementor-absolute elementor-hidden-mobile elementor-invisible elementor-widget elementor-widget-image\" data-id=\"e03cb18\" data-element_type=\"widget\" data-settings=\"{&quot;motion_fx_motion_fx_scrolling&quot;:&quot;yes&quot;,&quot;motion_fx_rotateZ_effect&quot;:&quot;yes&quot;,&quot;motion_fx_rotateZ_speed&quot;:{&quot;unit&quot;:&quot;px&quot;,&quot;size&quot;:5,&quot;sizes&quot;:[]},&quot;motion_fx_range&quot;:&quot;viewport&quot;,&quot;_animation&quot;:&quot;fadeIn&quot;,&quot;_position&quot;:&quot;absolute&quot;,&quot;motion_fx_rotateZ_affectedRange&quot;:{&quot;unit&quot;:&quot;%&quot;,&quot;size&quot;:&quot;&quot;,&quot;sizes&quot;:{&quot;start&quot;:0,&quot;end&quot;:100}},&quot;motion_fx_devices&quot;:[&quot;desktop&quot;,&quot;tablet&quot;,&quot;mobile&quot;]}\" data-widget_type=\"image.default\">\n\t\t\t\t<div class=\"elementor-widget-container\">\n\t\t\t\t\t\t\t\t\t\t\t\t\t\t\t<img loading=\"lazy\" decoding=\"async\" width=\"200\" height=\"200\" src=\"https:\/\/findvit.com\/wp-content\/uploads\/2021\/09\/ratukas.svg\" class=\"attachment-full size-full wp-image-1777\" alt=\"Ritenis no anketas l\u012bdz vitam\u012bnam\" \/>\t\t\t\t\t\t\t\t\t\t\t\t\t\t\t<\/div>\n\t\t\t\t<\/div>\n\t\t\t\t\t<\/div>\n\t\t<\/div>\n\t\t\t\t\t<\/div>\n\t\t<\/section>\n\t\t\t\t<section class=\"elementor-section elementor-top-section elementor-element elementor-element-52bf8f0 elementor-section-boxed elementor-section-height-default elementor-section-height-default\" data-id=\"52bf8f0\" data-element_type=\"section\">\n\t\t\t\t\t\t<div class=\"elementor-container elementor-column-gap-no\">\n\t\t\t\t\t<div class=\"elementor-column elementor-col-50 elementor-top-column elementor-element elementor-element-3868bba\" data-id=\"3868bba\" data-element_type=\"column\">\n\t\t\t<div class=\"elementor-widget-wrap elementor-element-populated\">\n\t\t\t\t\t\t<div class=\"elementor-element elementor-element-76de2e3 elementor-widget elementor-widget-heading\" data-id=\"76de2e3\" data-element_type=\"widget\" data-widget_type=\"heading.default\">\n\t\t\t\t<div class=\"elementor-widget-container\">\n\t\t\t\t\t<h2 class=\"elementor-heading-title elementor-size-default\">Kalcija\/magnija\/cinka komplekss<\/h2>\t\t\t\t<\/div>\n\t\t\t\t<\/div>\n\t\t\t\t<div class=\"elementor-element elementor-element-506b823 elementor-widget elementor-widget-text-editor\" data-id=\"506b823\" data-element_type=\"widget\" data-widget_type=\"text-editor.default\">\n\t\t\t\t<div class=\"elementor-widget-container\">\n\t\t\t\t\t\t\t\t\t<p>\u0160is papildin\u0101jums ir unik\u0101ls, jo tas ir \u0161\u0137idr\u0101 veid\u0101 un sast\u0101v no trim svar\u012bg\u0101m miner\u0101lviel\u0101m \u2013 kalcija, magnija un cinka.<\/p><p>Turkl\u0101t \u0161is papildin\u0101jums ir <strong>bag\u0101tin\u0101ts ar 72 mikroelementiem<\/strong>, kas pal\u012bdz uzlabot miner\u0101lvielu uzs\u016bk\u0161anos un \u0137erme\u0146a l\u012bdzsvaru.<\/p><h3><strong>K\u0101p\u0113c tas ir svar\u012bgi?<\/strong><\/h3><p>Ja v\u0113laties uzlabot savu vesel\u012bbu un pa\u0161saj\u016btu, nepiecie\u0161ams pareizais kalcija, magnija un cinka daudzums. \u0160ie miner\u0101li ir nepiecie\u0161ami kaulu, zobu, musku\u013cu un nervu sist\u0113mas darb\u012bbai.<\/p><p>Trace Minerals Liquid Cal\/Mag\/Cinc <strong>ir unik\u0101ls miner\u0101lvielu avots<\/strong>, kas ne tikai atbalsta, bet ar\u012b stiprina tavu \u0137ermeni no iek\u0161puses. \u0160is produkts ir izstr\u0101d\u0101ts, lai nodro\u0161in\u0101tu, ka m\u0113s ieg\u016bstam maksim\u0101lu labumu no katra piliena.<\/p><h3><strong>Miner\u0101lu sp\u0113ks<\/strong><\/h3><p>Kalcijs, magnijs un cinks ir b\u016btiski miner\u0101li, <strong>nepiecie\u0161ams daudz\u0101m \u0137erme\u0146a funkcij\u0101m<\/strong>, tostarp kaulu un musku\u013cu vesel\u012bbu, nervu sist\u0113mas darb\u012bbu un ener\u0123ijas ra\u017eo\u0161anu. \u0160is produkts ne tikai nodro\u0161ina \u0161\u012bs svar\u012bg\u0101s miner\u0101lvielas, bet ar\u012b nodro\u0161ina to daudzumu.<\/p><h3><strong>Jonu mikroelementi:<\/strong><\/h3><p>Vesel\u012bbas speci\u0101listi augstu nov\u0113rt\u0113 unik\u0101lo jonu mikroelementu pievieno\u0161anu. Tas ar\u012b nodro\u0161ina papildu mikroelementus, kas ir \u013coti svar\u012bgi.<\/p><h3><strong>D vitam\u012bns<\/strong><\/h3><p>D vitam\u012bns ir svar\u012bgs kaulu vesel\u012bbai, pal\u012bdz absorb\u0113t kalciju un atbalsta im\u016bnsist\u0113mu. \u0160is vitam\u012bns ir svar\u012bgs visu vecumu cilv\u0113kiem.<\/p><h3><strong>Visaptvero\u0161a apr\u016bpe<\/strong><\/h3><p>Liquid Cal\/Mag\/Cinc ir ne tikai miner\u0101lvielu avots, bet ar\u012b piln\u012bgs produkts, kas paredz\u0113ts visa \u0137erme\u0146a atbalstam. No kauliem l\u012bdz musku\u013ciem, no sirds l\u012bdz nervu sist\u0113mai, \u0161is papildin\u0101jums ir paredz\u0113ts, lai j\u016bs b\u016btu akt\u012bvs un vesels.<\/p><h3><strong>Viegli lietojams<\/strong><\/h3><p>\u0160is produkts ir \u0161\u0137idr\u0101 veid\u0101, nevis table\u0161u vai kapsulu veid\u0101. Tas noz\u012bm\u0113, ka j\u016bs varat viegli doz\u0113t un lietot \u0161o produktu atbilsto\u0161i sav\u0101m vajadz\u012bb\u0101m. J\u016bs varat izmantot \u0161o produktu k\u0101 dz\u0113rienu vai pievienot to savam iecien\u012bt\u0101kajam buljonam vai kokteilim.<\/p><h3><strong>Sertifik\u0101cija un kvalit\u0101te<\/strong><\/h3><p>M\u0113s esam ap\u0146\u0113mu\u0161ies nodro\u0161in\u0101t augst\u0101k\u0101s kvalit\u0101tes produktus. M\u016bsu produkti tiek ra\u017eoti atbilsto\u0161i augst\u0101kajiem standartiem un ir sertific\u0113ti, lai nodro\u0161in\u0101tu j\u016bsu dro\u0161\u012bbu un efektivit\u0101ti.<\/p>\t\t\t\t\t\t\t\t<\/div>\n\t\t\t\t<\/div>\n\t\t\t\t\t<\/div>\n\t\t<\/div>\n\t\t\t\t<div class=\"elementor-column elementor-col-50 elementor-top-column elementor-element elementor-element-47a042c\" data-id=\"47a042c\" data-element_type=\"column\">\n\t\t\t<div class=\"elementor-widget-wrap elementor-element-populated\">\n\t\t\t\t\t\t<div class=\"elementor-element elementor-element-7c5f4cd elementor-widget elementor-widget-image\" data-id=\"7c5f4cd\" data-element_type=\"widget\" data-widget_type=\"image.default\">\n\t\t\t\t<div class=\"elementor-widget-container\">\n\t\t\t\t\t\t\t\t\t\t\t\t\t\t\t<img loading=\"lazy\" decoding=\"async\" width=\"900\" height=\"900\" src=\"https:\/\/findvit.com\/wp-content\/uploads\/2021\/10\/Ko-3-900x900.jpg\" class=\"attachment-large size-large wp-image-2469\" alt=\"sporta vesel\u012bbas kol\u0101\u017ea\" srcset=\"https:\/\/findvit.com\/wp-content\/uploads\/2021\/10\/Ko-3-900x900.jpg 900w, https:\/\/findvit.com\/wp-content\/uploads\/2021\/10\/Ko-3-600x600.jpg 600w, https:\/\/findvit.com\/wp-content\/uploads\/2021\/10\/Ko-3-150x150.jpg 150w, https:\/\/findvit.com\/wp-content\/uploads\/2021\/10\/Ko-3-768x768.jpg 768w, https:\/\/findvit.com\/wp-content\/uploads\/2021\/10\/Ko-3-1x1.jpg 1w, https:\/\/findvit.com\/wp-content\/uploads\/2021\/10\/Ko-3-10x10.jpg 10w, https:\/\/findvit.com\/wp-content\/uploads\/2021\/10\/Ko-3-100x100.jpg 100w, https:\/\/findvit.com\/wp-content\/uploads\/2021\/10\/Ko-3.jpg 1000w\" sizes=\"auto, (max-width: 900px) 100vw, 900px\" \/>\t\t\t\t\t\t\t\t\t\t\t\t\t\t\t<\/div>\n\t\t\t\t<\/div>\n\t\t\t\t\t<\/div>\n\t\t<\/div>\n\t\t\t\t\t<\/div>\n\t\t<\/section>\n\t\t\t\t<\/div>","protected":false},"excerpt":{"rendered":"<p>Mikroelementi Kalcijs Magnijs Cinks ar D3 vitam\u012bnu nav tikai vienk\u0101r\u0161s miner\u0101lvielu avots. \u0160is \u0161\u0137idrais papildin\u0101jums ir paredz\u0113ts <strong>pamatojoties uz p\u0113t\u012bjumiem<\/strong> un l\u012bdzsvarotu, lai sniegtu savam \u0137ermenim to, ko tas mekl\u0113. Ar jonu mikroelementu un D32 vitam\u012bna iek\u013cau\u0161anu formul\u0101 \u0161is produkts k\u013c\u016bst par j\u016bsu kaulu, musku\u013cu un saistaudu neat\u0146emamu sast\u0101vda\u013cu. <strong>Izv\u0113lieties kvalit\u0101ti un zin\u0101tni<\/strong> ar &quot;Trace Minerals&quot; Pat\u012bkama gar\u0161a. 946 ml.<\/p>","protected":false},"featured_media":2714,"comment_status":"open","ping_status":"closed","template":"","meta":{"_acf_changed":false,"inline_featured_image":false},"etheme_brands":[{"term_id":38,"name":"Trace Minerals","slug":"trace-minerals","term_group":0,"term_taxonomy_id":38,"taxonomy":"brand","description":"<h2><strong>Trace minerals<\/strong><\/h2>\r\n\"Trace Minerals\" yra \u017einomas jonini\u0173 mineralini\u0173 papild\u0173 prek\u0117s \u017eenklas, kuriuo pasitikima beveik 50 met\u0173.\r\n\r\n<strong>Gamintojo misija<\/strong>\r\n\r\n\"Trace Minerals\" mato pasaul\u012f, kuriame \u017emon\u0117s yra\r\natsakingi u\u017e savo sveikat\u0105. Laikas, kai visi \u017emon\u0117s yra nori ir gali\r\ngyventi sveikiau. Joniniai mineralai yra pasiekiami visiems norintiems. Daugiau nei 50 met\u0173 \"Trace Minerals\" prek\u0117s \u017eenklo\r\nproduktai visame pasaulyje buvo pripa\u017einti jonini\u0173 produkt\u0173 pradininkais.\r\n\r\nVisus 50 met\u0173 Trace Minerals vertyb\u0117s yra:\r\n\r\n1. Bekompromis\u0117 kokyb\u0117, nuo kurios priklauso \u017emoni\u0173 savijauta.\r\n2. Neprilygstama aptarnavimas, kuris leid\u017eia klientams \u0161ypsotis.\r\n3. Nuolatinis pajam\u0173 augimas diegiant inovacijas ir kuriant produktus.\r\n4. Ugdomieji u\u017esi\u0117mimai.\r\n5. Lyderyst\u0117 savo srities pramon\u0117je.\r\n6. Lojalumas ir s\u0105\u017einingumas patikimiems darbuotojams ir verslo partneriams.\r\n<h3><strong>Garantija<\/strong><\/h3>\r\nGamintojas tiki, kad maisto papildai tur\u0117t\u0173 atne\u0161ti pastebimus\r\nrezultatus. Trace minerals \u012fsipareigojimas siekti pastebim\u0173 rezultat\u0173 yra\r\n\"Trace Minerals research\" filosofija.\r\n\r\nBeveik penkis de\u0161imtme\u010dius \"Trace Minerals\" prek\u0117s \u017eenklo produktai pad\u0117jo \u017emon\u0117ms priimti pagr\u012fstus sprendimus pasirenkant tinkamus produktus. Trce Minerals t\u0119stinis \u012fsipareigojimas yra paprastas: gaminti auk\u0161\u010diausios kokyb\u0117s produktus, paremtus moksliniais tyrimais, pagamintus u\u017e teising\u0105 kain\u0105 ir garantuojama, kad bus\r\npagerinti gyvenimai t\u0173, kurie vartoja kokybi\u0161kus produktus. Trace minerals visada tai dar\u0117 ir toliau t\u0105 darys.\r\n\r\nhttps:\/\/youtu.be\/hbeINVcx5FY?t=77\r\n<h3><strong>Mokslas ir tyrimai<\/strong><\/h3>\r\nGamintojas gavo \u0161e\u0161i\u0173 m\u0117nesi\u0173 klinikinio tyrimo \"ConcenTrace\u00ae\" rezultatus. \"Trace Mineral Drops\", jo pavyzdinis jonini\u0173 mineralinis papildas, kuriame yra visas spektras nat\u016braliai atsirandan\u010di\u0173 mikroelement\u0173.\r\n\r\nDalyviams buvo skiriama po 40 la\u0161\u0173 ConcenTrace\u00ae arba placebo per par\u0105\r\n24 savaites. Tyrime teigiama, kad \"veiksmingum\u0105 objektyviai patvirtino\r\n\u012fvertinti s\u0105nari\u0173 kremzl\u0117s storio, s\u0105nario erdv\u0117s plo\u010dio poky\u010dius\r\nir sinovinio skys\u010dio sud\u0117tis\". 24 savai\u010di\u0173 rezultatai rodo, kad \"ultrasonografija ir sinovinio skys\u010dio tyrimas atskleid\u0117 kremzl\u0117s\r\nstrukt\u016bros pager\u0117jim\u0105\".\r\n\r\n\u0160is preliminarus tyrimas parodo, kad ConcenTrace\u00ae pagerina s\u0105nari\u0173 sveikat\u0105.\r\n<h3><strong>Sertifikatai<\/strong><\/h3>\r\nKokyb\u0117 visada buvo svarbiausias <a href=\"https:\/\/www.traceminerals.com\/\" target=\"_blank\" rel=\"noopener\">\"Trace Minerals\"<\/a> prioritetas. Per daugel\u012f met\u0173\u00a0 akylai tobulino gamybos procesus. Tikima, kad geriausi procesai padeda gaminti geriausius ir sveikiausius produktus. Tai yra pagrindin\u0117 prie\u017eastis, kod\u0117l grie\u017etai kontroliuojama produkt\u0173 kokyb\u0117 ir kod\u0117l turima daugyb\u0117 sertifikat\u0173.\r\n<ul>\r\n \t<li><a href=\"https:\/\/grmalliance.org\/\" target=\"_blank\" rel=\"noopener\">GRMA\/UL GMP Certified<\/a><\/li>\r\n \t<li>GRAS Certified<\/li>\r\n \t<li>BPA Free<\/li>\r\n \t<li>Kosher<\/li>\r\n \t<li>Halal<\/li>\r\n \t<li>Non-GMO Verified<\/li>\r\n \t<li>Transparency<\/li>\r\n<\/ul>","parent":0,"count":19,"filter":"raw"}],"product_brand":[],"product_cat":[63],"product_tag":[90,96,98,121],"class_list":{"0":"post-1706","1":"product","2":"type-product","3":"status-publish","4":"has-post-thumbnail","6":"brand-trace-minerals","7":"product_cat-mineralai","8":"product_tag-fizinei-istvermei","9":"product_tag-raumenims","10":"product_tag-tvirtiems-kaulams","11":"product_tag-zvilgantiems-plaukams","13":"first","14":"outofstock","15":"taxable","16":"shipping-taxable","17":"purchasable","18":"product-type-simple"},"acf":[],"_links":{"self":[{"href":"https:\/\/findvit.com\/lv\/wp-json\/wp\/v2\/product\/1706","targetHints":{"allow":["GET"]}}],"collection":[{"href":"https:\/\/findvit.com\/lv\/wp-json\/wp\/v2\/product"}],"about":[{"href":"https:\/\/findvit.com\/lv\/wp-json\/wp\/v2\/types\/product"}],"replies":[{"embeddable":true,"href":"https:\/\/findvit.com\/lv\/wp-json\/wp\/v2\/comments?post=1706"}],"version-history":[{"count":20,"href":"https:\/\/findvit.com\/lv\/wp-json\/wp\/v2\/product\/1706\/revisions"}],"predecessor-version":[{"id":15084,"href":"https:\/\/findvit.com\/lv\/wp-json\/wp\/v2\/product\/1706\/revisions\/15084"}],"wp:featuredmedia":[{"embeddable":true,"href":"https:\/\/findvit.com\/lv\/wp-json\/wp\/v2\/media\/2714"}],"wp:attachment":[{"href":"https:\/\/findvit.com\/lv\/wp-json\/wp\/v2\/media?parent=1706"}],"wp:term":[{"taxonomy":"brand","embeddable":true,"href":"https:\/\/findvit.com\/lv\/wp-json\/wp\/v2\/etheme_brands?post=1706"},{"taxonomy":"product_brand","embeddable":true,"href":"https:\/\/findvit.com\/lv\/wp-json\/wp\/v2\/product_brand?post=1706"},{"taxonomy":"product_cat","embeddable":true,"href":"https:\/\/findvit.com\/lv\/wp-json\/wp\/v2\/product_cat?post=1706"},{"taxonomy":"product_tag","embeddable":true,"href":"https:\/\/findvit.com\/lv\/wp-json\/wp\/v2\/product_tag?post=1706"}],"curies":[{"name":"wp","href":"https:\/\/api.w.org\/{rel}","templated":true}]}}