{"id":1710,"date":"2021-10-08T07:19:15","date_gmt":"2021-10-08T04:19:15","guid":{"rendered":"https:\/\/findvit.com\/?post_type=product&#038;p=1710"},"modified":"2026-02-27T16:34:09","modified_gmt":"2026-02-27T14:34:09","slug":"garden-of-life-vitamin-code-raw-b-complex-b-vitaminai-kompleksas-60-veganisku-kapsuliu","status":"publish","type":"product","link":"https:\/\/findvit.com\/lv\/produktas\/garden-of-life-vitamin-code-raw-b-complex-b-vitaminai-kompleksas-60-veganisku-kapsuliu\/","title":{"rendered":"Dz\u012bv\u012bbas d\u0101rzs Vitam\u012bnu kods RAW B-COMPLEX \u2013 B grupas vitam\u012bni komplekt\u0101 ar antioksidantiem, probiotik\u0101m un fermentiem. Bioakt\u012bvs komplekss, 60 d\u0101rze\u0146u kapsulas"},"content":{"rendered":"<div data-elementor-type=\"product-post\" data-elementor-id=\"1710\" class=\"elementor elementor-1710\" data-elementor-post-type=\"product\">\n\t\t\t\t\t\t<section class=\"elementor-section elementor-top-section elementor-element elementor-element-05d046e elementor-section-boxed elementor-section-height-default elementor-section-height-default\" data-id=\"05d046e\" data-element_type=\"section\">\n\t\t\t\t\t\t<div class=\"elementor-container elementor-column-gap-default\">\n\t\t\t\t\t<div class=\"elementor-column elementor-col-100 elementor-top-column elementor-element elementor-element-61c2920\" data-id=\"61c2920\" data-element_type=\"column\">\n\t\t\t<div class=\"elementor-widget-wrap elementor-element-populated\">\n\t\t\t\t\t\t<div class=\"elementor-element elementor-element-6d686c1 elementor-absolute elementor-hidden-mobile elementor-invisible elementor-widget elementor-widget-image\" data-id=\"6d686c1\" data-element_type=\"widget\" data-settings=\"{&quot;motion_fx_motion_fx_scrolling&quot;:&quot;yes&quot;,&quot;motion_fx_rotateZ_effect&quot;:&quot;yes&quot;,&quot;motion_fx_rotateZ_speed&quot;:{&quot;unit&quot;:&quot;px&quot;,&quot;size&quot;:5,&quot;sizes&quot;:[]},&quot;motion_fx_range&quot;:&quot;viewport&quot;,&quot;_animation&quot;:&quot;fadeIn&quot;,&quot;_position&quot;:&quot;absolute&quot;,&quot;motion_fx_rotateZ_affectedRange&quot;:{&quot;unit&quot;:&quot;%&quot;,&quot;size&quot;:&quot;&quot;,&quot;sizes&quot;:{&quot;start&quot;:0,&quot;end&quot;:100}},&quot;motion_fx_devices&quot;:[&quot;desktop&quot;,&quot;tablet&quot;,&quot;mobile&quot;]}\" data-widget_type=\"image.default\">\n\t\t\t\t<div class=\"elementor-widget-container\">\n\t\t\t\t\t\t\t\t\t\t\t\t\t\t\t<img loading=\"lazy\" decoding=\"async\" width=\"200\" height=\"200\" src=\"https:\/\/findvit.com\/wp-content\/uploads\/2021\/09\/ratukas.svg\" class=\"attachment-full size-full wp-image-1777\" alt=\"Ritenis no anketas l\u012bdz vitam\u012bnam\" \/>\t\t\t\t\t\t\t\t\t\t\t\t\t\t\t<\/div>\n\t\t\t\t<\/div>\n\t\t\t\t\t<\/div>\n\t\t<\/div>\n\t\t\t\t\t<\/div>\n\t\t<\/section>\n\t\t\t\t<section class=\"elementor-section elementor-top-section elementor-element elementor-element-95568a0 elementor-section-boxed elementor-section-height-default elementor-section-height-default\" data-id=\"95568a0\" data-element_type=\"section\">\n\t\t\t\t\t\t<div class=\"elementor-container elementor-column-gap-no\">\n\t\t\t\t\t<div class=\"elementor-column elementor-col-50 elementor-top-column elementor-element elementor-element-2b1f868\" data-id=\"2b1f868\" data-element_type=\"column\">\n\t\t\t<div class=\"elementor-widget-wrap elementor-element-populated\">\n\t\t\t\t\t\t<div class=\"elementor-element elementor-element-1f81dd4 elementor-widget elementor-widget-heading\" data-id=\"1f81dd4\" data-element_type=\"widget\" data-widget_type=\"heading.default\">\n\t\t\t\t<div class=\"elementor-widget-container\">\n\t\t\t\t\t<h2 class=\"elementor-heading-title elementor-size-medium\">Vitam\u012bnu kods RAW B-Complex - 60 kapsulas<\/h2>\t\t\t\t<\/div>\n\t\t\t\t<\/div>\n\t\t\t\t<div class=\"elementor-element elementor-element-5e6d22d elementor-widget elementor-widget-text-editor\" data-id=\"5e6d22d\" data-element_type=\"widget\" data-widget_type=\"text-editor.default\">\n\t\t\t\t<div class=\"elementor-widget-container\">\n\t\t\t\t\t\t\t\t\t<p>Vitam\u012bnu kods Raw B-Complex ir<strong> ne tikai uztura bag\u0101tin\u0101t\u0101js<\/strong>, bet ar\u012b p\u0101rtiku. \u0160is produkts ir <strong>izgatavots no neapstr\u0101d\u0101tiem, organiskiem un svaigiem<\/strong> augi un aug\u013ci, kas satur visus B vitam\u012bnus.<\/p><p>\u0160ie vitam\u012bni ir \u013coti svar\u012bgi m\u016bsu \u0137ermenim, jo tie ir iesaist\u012bti daudz\u0101s bio\u0137\u012bmisk\u0101s reakcij\u0101s un funkcij\u0101s. Piem\u0113ram:<\/p><p>- B1 vitam\u012bns vai tiam\u012bns <strong>pal\u012bdz sadal\u012bt og\u013chidr\u0101tus<\/strong> un taukus ener\u0123ij\u0101. Tas ar\u012b pal\u012bdz regul\u0113t nervu sist\u0113mu un smadze\u0146u darb\u012bbu.<br \/><br \/>\u2013 B2 vitam\u012bns vai riboflav\u012bns pal\u012bdz atbalst\u012bt <strong>vesel\u012bga \u0101da, acis un g\u013cot\u0101das<\/strong>. Tas ar\u012b pal\u012bdz aizsarg\u0101t \u0161\u016bnas no oksidat\u012bv\u0101 stresa un veicina dzelzs uzs\u016bk\u0161anos.<br \/><br \/>- B3 vitam\u012bns vai niac\u012bns <strong>pal\u012bdz regul\u0113t holester\u012bna l\u012bmeni<\/strong> asin\u012bs un veicina norm\u0101lu asinsvadu darb\u012bbu. Tas ar\u012b pal\u012bdz uztur\u0113t vesel\u012bgu nervu sist\u0113mu un smadze\u0146u darb\u012bbu.<br \/><br \/>- B5 vitam\u012bns vai pantot\u0113nsk\u0101be <strong>pal\u012bdz ra\u017eot hormonus un neiromediatorus<\/strong>. Tas ar\u012b pal\u012bdz sadal\u012bt olbaltumvielas, og\u013chidr\u0101tus un taukus ener\u0123ij\u0101.<br \/><br \/>\u2013 B6 vitam\u012bns jeb piridoks\u012bns pal\u012bdz sintez\u0113t olbaltumvielas un aminosk\u0101bes. Tas ar\u012b pal\u012bdz regul\u0113t hormon\u0101lo l\u012bdzsvaru un <strong>veicina norm\u0101lu nervu un im\u016bnsist\u0113mas darb\u012bbu.<br \/><\/strong><br \/>- B12 vitam\u012bns vai kobalam\u012bns <strong>pal\u012bdz veidot sarkan\u0101s asins \u0161\u016bnas<\/strong> un uztur\u0113t norm\u0101lu asinsriti. Tas ar\u012b pal\u012bdz uztur\u0113t vesel\u012bgu nervu sist\u0113mu un smadze\u0146u darb\u012bbu.<br \/><br \/>\u2013 Biot\u012bns vai H vitam\u012bns pal\u012bdz uztur\u0113t vesel\u012bgu \u0101du, matus un nagus. Vi\u0146\u0161 ar\u012b <strong>pal\u012bdz sadal\u012bt og\u013chidr\u0101tus, taukus<\/strong> un prote\u012bnu ener\u0123ij\u0101.<br \/><br \/>- Folijsk\u0101be vai B9 vitam\u012bns pal\u012bdz sintez\u0113t un labot DNS un RNS. Vi\u0146\u0161 ar\u012b <strong>pal\u012bdz veidot sarkan\u0101s asins \u0161\u016bnas<\/strong> un uztur\u0113t norm\u0101lu asinsriti.<\/p><p>Vitamin Code Raw B-Complex ir unik\u0101ls uztura bag\u0101tin\u0101t\u0101js, jo satur ne tikai B vitam\u012bnus, bet ar\u012b <strong>probiotikas<\/strong>.<br \/><br \/>Probiotikas ir labv\u0113l\u012bgas bakt\u0113rijas, kas dz\u012bvo m\u016bsu zarn\u0101s un pal\u012bdz veicin\u0101t vesel\u012bgu gremo\u0161anu un imunit\u0101ti.<br \/><br \/>\u0160is produkts ir izgatavots no \u012bpa\u0161a raudz\u0113ta d\u0101rze\u0146u mais\u012bjuma, kas satur bar\u012bbas vielas.\u00a0<\/p><p>Vitamin Code Raw B-Complex ir viegli \u0137ermenim, jo tas netiek termiski apstr\u0101d\u0101ts vai konserv\u0113ts.<br \/><br \/>\u0160is produkts nesatur lipekli, soju, piena produktus, \u0122MO un sint\u0113tisk\u0101s piedevas. <br \/><br \/>Vitamin Code Raw B-Complex ir ide\u0101ls uztura bag\u0101tin\u0101t\u0101js tiem, kuri v\u0113las r\u016bp\u0113ties par savu nervu sist\u0113mu, ener\u0123ijas ra\u017eo\u0161anu, \u0101das un matu st\u0101vokli, asins \u0161\u016bnu veido\u0161anos un im\u016bnsist\u0113mu.\u00a0<\/p><p>Tiek pasniegts k\u0101 dab\u012bgs pulveris atveram\u0101s un izdal\u0101m\u0101s kapsul\u0101s.<br \/>60 veg\u0101nu kapsulas. <strong>Tum\u0161\u0101 stikla iepakojum\u0101. Tas aiz\u0146em l\u012bdz 60 dien\u0101m. <\/strong>Piem\u0113rots ve\u0123et\u0101rie\u0161iem un veg\u0101niem.<\/p><p>Jaunumi! Uzziniet savus vitam\u012bnus un sa\u0146emiet personisku ieteikumu. Bezmaksas tie\u0161saistes tests <a href=\"https:\/\/findvit.com\/lv\/testas\/\"><strong>&quot;Tava diena&quot;<\/strong><\/a> .<\/p><p>Vair\u0101k par ra\u017eot\u0101ju lasiet \u0161eit: <a href=\"https:\/\/findvit.com\/lv\/gamintojas\/garden-of-life\/\" target=\"_blank\" rel=\"noopener\"><strong>Dz\u012bves d\u0101rzs<\/strong><\/a><\/p><div>\u00a0<\/div><div><span style=\"font-size: 15.96px;\"><b>\u00a0<\/b><\/span><\/div>\t\t\t\t\t\t\t\t<\/div>\n\t\t\t\t<\/div>\n\t\t\t\t\t<\/div>\n\t\t<\/div>\n\t\t\t\t<div class=\"elementor-column elementor-col-50 elementor-top-column elementor-element elementor-element-fbd1cb7\" data-id=\"fbd1cb7\" data-element_type=\"column\">\n\t\t\t<div class=\"elementor-widget-wrap elementor-element-populated\">\n\t\t\t\t\t\t<div class=\"elementor-element elementor-element-3975653 elementor-widget elementor-widget-image\" data-id=\"3975653\" data-element_type=\"widget\" data-widget_type=\"image.default\">\n\t\t\t\t<div class=\"elementor-widget-container\">\n\t\t\t\t\t\t\t\t\t\t\t\t\t\t\t<img loading=\"lazy\" decoding=\"async\" width=\"900\" height=\"900\" src=\"https:\/\/findvit.com\/wp-content\/uploads\/2021\/10\/Ko-9-900x900.jpg\" class=\"attachment-large size-large wp-image-2465\" alt=\"v\u012brietis, kur\u0161 lieto miner\u0101lus, sabr\u016bk\" srcset=\"https:\/\/findvit.com\/wp-content\/uploads\/2021\/10\/Ko-9-900x900.jpg 900w, https:\/\/findvit.com\/wp-content\/uploads\/2021\/10\/Ko-9-600x600.jpg 600w, https:\/\/findvit.com\/wp-content\/uploads\/2021\/10\/Ko-9-150x150.jpg 150w, https:\/\/findvit.com\/wp-content\/uploads\/2021\/10\/Ko-9-768x768.jpg 768w, https:\/\/findvit.com\/wp-content\/uploads\/2021\/10\/Ko-9-1x1.jpg 1w, https:\/\/findvit.com\/wp-content\/uploads\/2021\/10\/Ko-9-10x10.jpg 10w, https:\/\/findvit.com\/wp-content\/uploads\/2021\/10\/Ko-9-100x100.jpg 100w, https:\/\/findvit.com\/wp-content\/uploads\/2021\/10\/Ko-9.jpg 1000w\" sizes=\"auto, (max-width: 900px) 100vw, 900px\" \/>\t\t\t\t\t\t\t\t\t\t\t\t\t\t\t<\/div>\n\t\t\t\t<\/div>\n\t\t\t\t\t<\/div>\n\t\t<\/div>\n\t\t\t\t\t<\/div>\n\t\t<\/section>\n\t\t\t\t<\/div>","protected":false},"excerpt":{"rendered":"<p>B vitam\u012bni ir dabiski. Ja mekl\u0113jat dabisku un veg\u0101nu veidu, k\u0101 papildin\u0101t savus B vitam\u012bnus, Vitamin Code Raw B-Complex ir lieliska izv\u0113le. \u0160is uztura bag\u0101tin\u0101t\u0101js ir izgatavots no <strong>neapstr\u0101d\u0101ts<\/strong>, <strong>ekolo\u0123isks<\/strong> un <strong>svaigi augi un aug\u013ci<\/strong>, kas satur visus B vitam\u012bnus: B1, B2, B3, B5, B6, B12, biot\u012bnu un folijsk\u0101bi.<br \/>\nTurkl\u0101t \u0161is produkts satur ar\u012b probiotikas.<br \/>\nVitamin Code Raw B-Complex ir ide\u0101ls uztura bag\u0101tin\u0101t\u0101js tiem, kuri v\u0113las pal\u012bdz\u0113t sev vai saviem m\u012b\u013cajiem.<\/p>\n<p>Piem\u0113rots ar\u012b tiem, kuri ir jut\u012bgi pret sint\u0113tiskajiem B grupas vitam\u012bniem.<\/p>","protected":false},"featured_media":2720,"comment_status":"open","ping_status":"closed","template":"","meta":{"_acf_changed":false,"inline_featured_image":false},"etheme_brands":[{"term_id":58,"name":"Garden of Life","slug":"garden-of-life","term_group":0,"term_taxonomy_id":58,"taxonomy":"brand","description":"<h2><strong><a href=\"https:\/\/www.gardenoflife.com\/why-gol\" target=\"_blank\" rel=\"noopener\">Garden of Life<\/a><\/strong><\/h2>\r\nJAV \u012fmon\u0117, kuri yra viena i\u0161 nedaugelio, gaminanti savo produktus 100% i\u0161 nat\u016brali\u0173 ingredient\u0173. Puikiai tinka \u017emon\u0117ms, kuriems labai svarbi produkt\u0173 sud\u0117tis. Visi produktai be GMO. Gamintojas apdovanotas daugeliu kokyb\u0117s sertifikat\u0173, toki\u0173 kaip USDA Organic, Certified Vegan, Certified Gluten-Free, U Kosher ir daugelis kit\u0173. Garden of life kompanija dal\u012f pajam\u0173, gaut\u0173 i\u0161 pardavim\u0173, skiria labdarai, pla\u010diau apra\u0161ytoms gamintojo svetain\u0117je.\r\n\"Garden of Life\" tikslas - suteikti \u017emon\u0117ms galimyb\u0119 tur\u0117ti auk\u0161tos kokyb\u0117s papildus, kurie yra reikalingi gerai sveikatai i\u0161laikyti. Sud\u0117tin\u0117s dalys yra organin\u0117s kilm\u0117s, klini\u0161kai i\u0161tirtos ir atsekamos kilm\u0117s. Gompanija savo gaminiuose nenaudoja sintetini\u0173 pried\u0173, dirbtini\u0173 skoni\u0173 ar da\u017eikli\u0173, ri\u0161ikli\u0173 ar u\u017epild\u0173.\r\nhttps:\/\/youtu.be\/2jbU_WkglKA?t=48\r\n<h3><strong>Neapdirbtas maistas<\/strong><\/h3>\r\n\u017dmogaus k\u016bnas buvo sukurtas valgyti, apdoroti ir gauti maistines med\u017eiagas i\u0161 maisto - tikro, sveiko maisto. Taigi, kai kuriami produktai, pradedama nuo \u017evilgnsio \u012f maist\u0105. Kokie yra \"geri dalykai\" auk\u0161\u010diausios kokyb\u0117s maiste, kurio mums tr\u016bksta m\u016bs\u0173 kasdien\u0117je mityboje? Kuris i\u0161 \u0161i\u0173 maisto produkt\u0173 turi did\u017eiausi\u0105 potencial\u0105 paveikti ir \u012fgalinti ger\u0105 sveikat\u0105?\r\n<h3><strong>Atsekamumas<\/strong><\/h3>\r\nAtsekamumas yra labai svarbus veiksnys, d\u0117l kurio \"Garden of Life\" produktai yra tokie ypatingi. Atsekamumas prasideda nuo \u017einojimo, i\u0161 kur kil\u0119s kiekvienas produkt\u0173 ingredientas, ir susipa\u017einimo su kiekviena kilme: kur jis auginamas; \u016bkininkavimo praktika; kaip elgiasi su \u016bkio darbuotojais \u2013 viskuo.\r\n<h3><strong>\u0160varu yra sveika<\/strong><\/h3>\r\nGarden of life stebi, kas yra \u012fdedama \u012f produktus \u2013 tikri, neapdirbti maisto ingredientai. Bet ties tuo nesustojama. Taip pat labai daug d\u0117mesio skiriama tam, kas i\u0161 \u0161i\u0173 produkt\u0173 i\u0161gaunama. Ir dar kart\u0105 renkamasi\u00a0 \u2013 tikras kokybi\u0161kas maistas. Kompanija naudoja tre\u010di\u0173j\u0173 \u0161ali\u0173\u00a0 sertifikatus, kad \u012frodyt\u0173, jog produktai yra \u0161var\u016bs ir kokybi\u0161ki!\r\n<h3><strong>CO2 neutralumas<\/strong><\/h3>\r\nGarden of life nepaprastai did\u017eiuojasi, kad pasiek\u0117 anglies dioksido neutralum\u0105 2021 m. Bir\u017eelio m\u0117n. CarbonFund.org sertifikuotas \"Carbonfree\u00ae\", \"Garden of Life\" nuo pat \u012fk\u016brimo buvo \u012fsipareigojusi tvarumui.","parent":0,"count":12,"filter":"raw"}],"product_brand":[],"product_cat":[63,124],"product_tag":[89,127,122,121],"class_list":{"0":"post-1710","1":"product","2":"type-product","3":"status-publish","4":"has-post-thumbnail","6":"brand-garden-of-life","7":"product_cat-mineralai","8":"product_cat-siamsezonui","9":"product_tag-atminciai-ir-koncentracijai","10":"product_tag-atsipalaidavimui-ir-ramybei","11":"product_tag-jaunatviskai-odai","12":"product_tag-zvilgantiems-plaukams","14":"first","15":"instock","16":"sale","17":"taxable","18":"shipping-taxable","19":"purchasable","20":"product-type-simple"},"acf":[],"_links":{"self":[{"href":"https:\/\/findvit.com\/lv\/wp-json\/wp\/v2\/product\/1710","targetHints":{"allow":["GET"]}}],"collection":[{"href":"https:\/\/findvit.com\/lv\/wp-json\/wp\/v2\/product"}],"about":[{"href":"https:\/\/findvit.com\/lv\/wp-json\/wp\/v2\/types\/product"}],"replies":[{"embeddable":true,"href":"https:\/\/findvit.com\/lv\/wp-json\/wp\/v2\/comments?post=1710"}],"version-history":[{"count":23,"href":"https:\/\/findvit.com\/lv\/wp-json\/wp\/v2\/product\/1710\/revisions"}],"predecessor-version":[{"id":18974,"href":"https:\/\/findvit.com\/lv\/wp-json\/wp\/v2\/product\/1710\/revisions\/18974"}],"wp:featuredmedia":[{"embeddable":true,"href":"https:\/\/findvit.com\/lv\/wp-json\/wp\/v2\/media\/2720"}],"wp:attachment":[{"href":"https:\/\/findvit.com\/lv\/wp-json\/wp\/v2\/media?parent=1710"}],"wp:term":[{"taxonomy":"brand","embeddable":true,"href":"https:\/\/findvit.com\/lv\/wp-json\/wp\/v2\/etheme_brands?post=1710"},{"taxonomy":"product_brand","embeddable":true,"href":"https:\/\/findvit.com\/lv\/wp-json\/wp\/v2\/product_brand?post=1710"},{"taxonomy":"product_cat","embeddable":true,"href":"https:\/\/findvit.com\/lv\/wp-json\/wp\/v2\/product_cat?post=1710"},{"taxonomy":"product_tag","embeddable":true,"href":"https:\/\/findvit.com\/lv\/wp-json\/wp\/v2\/product_tag?post=1710"}],"curies":[{"name":"wp","href":"https:\/\/api.w.org\/{rel}","templated":true}]}}