{"id":17206,"date":"2024-05-30T16:24:41","date_gmt":"2024-05-30T13:24:41","guid":{"rendered":"https:\/\/findvit.com\/?post_type=product&#038;p=17206"},"modified":"2026-04-02T17:08:26","modified_gmt":"2026-04-02T14:08:26","slug":"kiki-body-biotics-probiotikai-gyvosios-bakterijos-120-vegetarisku-kapsuliu","status":"publish","type":"product","link":"https:\/\/findvit.com\/lv\/produktas\/kiki-body-biotics-probiotikai-gyvosios-bakterijos-120-vegetarisku-kapsuliu\/","title":{"rendered":"KIKI Health BODY BIOTICS bioaktyv\u016bs probiotikai su prebiotikais, 120 vegkapsuli\u0173"},"content":{"rendered":"<div data-elementor-type=\"product-post\" data-elementor-id=\"17206\" class=\"elementor elementor-17206\" data-elementor-post-type=\"product\">\n\t\t\t\t\t\t<section class=\"elementor-section elementor-top-section elementor-element elementor-element-ef1f43a elementor-section-boxed elementor-section-height-default elementor-section-height-default\" data-id=\"ef1f43a\" data-element_type=\"section\">\n\t\t\t\t\t\t<div class=\"elementor-container elementor-column-gap-default\">\n\t\t\t\t\t<div class=\"elementor-column elementor-col-100 elementor-top-column elementor-element elementor-element-c7ae5e4\" data-id=\"c7ae5e4\" data-element_type=\"column\">\n\t\t\t<div class=\"elementor-widget-wrap elementor-element-populated\">\n\t\t\t\t\t\t<div class=\"elementor-element elementor-element-25401a1 elementor-absolute elementor-hidden-mobile elementor-invisible elementor-widget elementor-widget-image\" data-id=\"25401a1\" data-element_type=\"widget\" data-settings=\"{&quot;motion_fx_motion_fx_scrolling&quot;:&quot;yes&quot;,&quot;motion_fx_rotateZ_effect&quot;:&quot;yes&quot;,&quot;motion_fx_rotateZ_speed&quot;:{&quot;unit&quot;:&quot;px&quot;,&quot;size&quot;:5,&quot;sizes&quot;:[]},&quot;motion_fx_range&quot;:&quot;viewport&quot;,&quot;_animation&quot;:&quot;fadeIn&quot;,&quot;_position&quot;:&quot;absolute&quot;,&quot;motion_fx_rotateZ_affectedRange&quot;:{&quot;unit&quot;:&quot;%&quot;,&quot;size&quot;:&quot;&quot;,&quot;sizes&quot;:{&quot;start&quot;:0,&quot;end&quot;:100}},&quot;motion_fx_devices&quot;:[&quot;desktop&quot;,&quot;tablet&quot;,&quot;mobile&quot;]}\" data-widget_type=\"image.default\">\n\t\t\t\t<div class=\"elementor-widget-container\">\n\t\t\t\t\t\t\t\t\t\t\t\t\t\t\t<img loading=\"lazy\" decoding=\"async\" width=\"200\" height=\"200\" src=\"https:\/\/findvit.com\/wp-content\/uploads\/2021\/09\/ratukas.svg\" class=\"attachment-full size-full wp-image-1777\" alt=\"Ritenis no anketas l\u012bdz vitam\u012bnam\" \/>\t\t\t\t\t\t\t\t\t\t\t\t\t\t\t<\/div>\n\t\t\t\t<\/div>\n\t\t\t\t\t<\/div>\n\t\t<\/div>\n\t\t\t\t\t<\/div>\n\t\t<\/section>\n\t\t\t\t<section class=\"elementor-section elementor-top-section elementor-element elementor-element-781ef52 elementor-section-boxed elementor-section-height-default elementor-section-height-default\" data-id=\"781ef52\" data-element_type=\"section\">\n\t\t\t\t\t\t<div class=\"elementor-container elementor-column-gap-no\">\n\t\t\t\t\t<div class=\"elementor-column elementor-col-50 elementor-top-column elementor-element elementor-element-3ee085a\" data-id=\"3ee085a\" data-element_type=\"column\">\n\t\t\t<div class=\"elementor-widget-wrap elementor-element-populated\">\n\t\t\t\t\t\t<div class=\"elementor-element elementor-element-12464aa elementor-widget elementor-widget-heading\" data-id=\"12464aa\" data-element_type=\"widget\" data-widget_type=\"heading.default\">\n\t\t\t\t<div class=\"elementor-widget-container\">\n\t\t\t\t\t<h2 class=\"elementor-heading-title elementor-size-medium\">KIKI Health BODY BIOTICS bioaktyv\u016bs probiotikai su prebiotikais, 120 vegkapsuli\u0173<\/h2>\t\t\t\t<\/div>\n\t\t\t\t<\/div>\n\t\t\t\t<div class=\"elementor-element elementor-element-9eb7bf6 elementor-widget__width-initial elementor-widget elementor-widget-text-editor\" data-id=\"9eb7bf6\" data-element_type=\"widget\" data-widget_type=\"text-editor.default\">\n\t\t\t\t<div class=\"elementor-widget-container\">\n\t\t\t\t\t\t\t\t\t<p>KIKI Health Body Biotics Probiotics ir novatorisks vesel\u012bbas risin\u0101jums, kas izmanto augsnes bakt\u0113riju (SBO) sp\u0113ku, lai <strong>atjaunotu un uztur\u0113tu zarnu mikrofloras l\u012bdzsvaru<\/strong>.<\/p><p>\u0160is <strong>unik\u0101la formula<\/strong> ir izstr\u0101d\u0101ts, pamatojoties uz jaun\u0101kajiem zin\u0101tniskajiem p\u0113t\u012bjumiem, lai nodro\u0161in\u0101tu, ka j\u016bsu zarnas sa\u0146em<strong> viss, kas vi\u0146am vajadz\u012bgs<\/strong> optim\u0101lai veiktsp\u0113jai.<\/p><h3><strong>K\u0100P\u0112C CILV\u0112KI IZV\u0112L\u0112S PROBIOTIKAS<\/strong><\/h3><ul><li><strong>Vitalit\u0101te:<\/strong> Body Biotics probiotikas ir dab\u012bgi \u017e\u0101v\u0113tas (nav liofiliz\u0113tas), t\u0101p\u0113c t\u0101s t\u0101pat k\u0101 dab\u0101 paliek neakt\u012bvas, gaidot, kad t\u0101s tiks lietotas kop\u0101 ar \u016bdeni vai sulu. Tas \u013cauj bakt\u0113rij\u0101m pamosties un s\u0101kt vairoties, tikl\u012bdz t\u0101s non\u0101k zarn\u0101s.<\/li><li><strong>Piel\u0101go\u0161ana:<\/strong> \u0160\u012bs &quot;dz\u012bv\u0101s un plauksto\u0161\u0101s&quot; organismu kult\u016bras ir apm\u0101c\u012btas iztur\u0113t vissmag\u0101kos dabas apst\u0101k\u013cus. Tas noz\u012bm\u0113, ka tie var efekt\u012bvi piel\u0101goties j\u016bsu zarnu videi un nekav\u0113joties s\u0101kt sniegt priek\u0161roc\u012bbas.<\/li><li><strong>Dro\u0161\u012bba:<\/strong>\u00a0Probiotikas Nesatur \u0122MO, toks\u012bnus un \u0137\u012bmiskas vielas, Body Biotics ir dro\u0161s un dabisks veids, k\u0101 uzlabot zarnu vesel\u012bbu bez jebk\u0101d\u0101m blakuspar\u0101d\u012bb\u0101m.<\/li><\/ul><h3><strong>J\u016aS \u0145EMAT SVAR\u012aG\u0100KO<\/strong><\/h3><p>Visi no tiem papildina ikdienas uzturu ar dz\u012bvotsp\u0113j\u012bg\u0101m bakt\u0113riju kult\u016br\u0101m, kas ir nepiecie\u0161amas <strong>vesel\u012bgi mikrobiomi<\/strong> (mikrofloras) atbalsts.\u00a0<\/p><h3><strong>SP\u0112C\u012aGS SAST\u0100VS<\/strong><\/h3><p>\u0160aj\u0101 probiotiku kompleks\u0101 <strong>saska\u0146ots 8 svar\u012bgi <\/strong>un b\u016btiskas lab\u0101s bakt\u0113rijas.<\/p><p>Body Biotics labo bakt\u0113riju da\u017e\u0101d\u012bba: <strong>Bacillus Subtilis, Bacillus Licheniformis, Lactobacillus Acidophilus, Lactobacillus Casei, Lactobacillus Plantarum, Lactobacillus Rhamnosus, Lactococcus Lactis, Bifidobacterium Bifidum.<\/strong><\/p><p><img loading=\"lazy\" decoding=\"async\" class=\"alignnone size-medium wp-image-17227\" src=\"https:\/\/findvit.com\/wp-content\/uploads\/2024\/05\/gerosios-bakterijos-kiki-health-600x600.jpg\" alt=\"lab\u0101s bakt\u0113rijas kiki vesel\u012bbu\" width=\"600\" height=\"600\" srcset=\"https:\/\/findvit.com\/wp-content\/uploads\/2024\/05\/gerosios-bakterijos-kiki-health-600x600.jpg 600w, https:\/\/findvit.com\/wp-content\/uploads\/2024\/05\/gerosios-bakterijos-kiki-health-900x900.jpg 900w, https:\/\/findvit.com\/wp-content\/uploads\/2024\/05\/gerosios-bakterijos-kiki-health-150x150.jpg 150w, https:\/\/findvit.com\/wp-content\/uploads\/2024\/05\/gerosios-bakterijos-kiki-health-768x768.jpg 768w, https:\/\/findvit.com\/wp-content\/uploads\/2024\/05\/gerosios-bakterijos-kiki-health-400x400.jpg 400w, https:\/\/findvit.com\/wp-content\/uploads\/2024\/05\/gerosios-bakterijos-kiki-health-100x100.jpg 100w, https:\/\/findvit.com\/wp-content\/uploads\/2024\/05\/gerosios-bakterijos-kiki-health-1x1.jpg 1w, https:\/\/findvit.com\/wp-content\/uploads\/2024\/05\/gerosios-bakterijos-kiki-health-10x10.jpg 10w, https:\/\/findvit.com\/wp-content\/uploads\/2024\/05\/gerosios-bakterijos-kiki-health.jpg 1000w\" sizes=\"auto, (max-width: 600px) 100vw, 600px\" \/><\/p><h3><strong>DZ\u012aVAS BAKT\u0112RIJAS IR \u013bOTI SVAR\u012aGAS<\/strong><\/h3><p>M\u016bsu m\u016bsdienu vid\u0113, kur\u0101 ir p\u0101rstr\u0101d\u0101ti p\u0101rtikas produkti, stress un antibiotiku lieto\u0161ana, zarnu mikroflora bie\u017ei tiek apdraud\u0113ta, izraisot vesel\u012bbas probl\u0113mas.<\/p><p>Body Biotics pied\u0101v\u0101 dabisku un efekt\u012bvu veidu, k\u0101 atjaunot \u0161o l\u012bdzsvaru, lai j\u016bs var\u0113tu baud\u012bt lab\u0101ku vesel\u012bbu un dz\u012bves kvalit\u0101ti.<\/p><h3><strong>AIZSARG\u0100TS UN T\u012aRS<\/strong><\/h3><p>Shell kapsula: hipromeloze, pal\u012bdz aizsarg\u0101t produkta sast\u0101vda\u013cas no ku\u0146\u0123a sk\u0101bes kait\u012bg\u0101s ietekmes.<\/p><p>Nesatur s\u0101li, cukuru, raugu, m\u0101ksl\u012bg\u0101s kr\u0101svielas, konservantus, \u0137\u012bmiskos \u0161\u0137\u012bdin\u0101t\u0101jus, m\u0101ksl\u012bg\u0101s piedevas vai jebk\u0101da veida pildvielas.<br \/>Piem\u0113rots ve\u0123et\u0101rie\u0161iem un veg\u0101niem. Dabisks vesel\u012bbas papildin\u0101jums, kas nesatur lipekli un kvie\u0161us.<\/p><p>Bez \u0122MO, bez toks\u012bniem, bez \u0137\u012bmisk\u0101m viel\u0101m.<\/p><p>Pietiek l\u012bdz <strong>60 dienas.<\/strong> Tum\u0161\u0101 stikla iepakojum\u0101. <strong>Ja j\u016btama nepiecie\u0161am\u012bba, kursu ieteicams turpin\u0101t.<\/strong><\/p><p><strong>Ra\u017eot\u0101js KIKI HEALTH<\/strong> ir inovat\u012bvs uz\u0146\u0113mums, kas rada tikai vesel\u012bgus produktus, lai koptu skaistumu un stiprin\u0101tu \u0137ermeni. Vi\u0146i tam tic <strong>tikai t\u012br\u0101kaj\u0101m sast\u0101vda\u013c\u0101m ir visefekt\u012bv\u0101k\u0101 iedarb\u012bba.<\/strong> Visas produktos izmantot\u0101s sast\u0101vda\u013cas ir r\u016bp\u012bgi atlas\u012btas un \u0113tiski apstr\u0101d\u0101tas, lai saglab\u0101tu un maksim\u0101li palielin\u0101tu efektivit\u0101ti un ieguvumus, k\u0101 ar\u012b nodro\u0161in\u0101tu <strong>ide\u0101la biolo\u0123isk\u0101 absorbcija.<\/strong><\/p><h3><strong>IZV\u0112LIES TAGAD<\/strong><\/h3><p>KIKI Health probiotikas ir vair\u0101k nek\u0101 tikai probiotikas papildin\u0101jums. Tas ir revolucion\u0101rs veids, k\u0101 uztur\u0113t vesel\u012bbu, izmantojot dabaszin\u0101tnes, lai nodro\u0161in\u0101tu vislab\u0101ko zarnu vesel\u012bbu. Ar Body Biotics j\u016bs varat atjaunot savu zarnu mikrofloru, uzlabot gremo\u0161anu un stiprin\u0101t im\u016bnsist\u0113mu, vienm\u0113r j\u016btoties lab\u0101k un vesel\u012bg\u0101k.<\/p><h3><span lang=\"lt\"><strong>KIKI HEALTH sol\u012bjums<\/strong><br \/><\/span><\/h3><ul><li><span lang=\"lt\">Augst\u0101k\u0101s kvalit\u0101tes augu izcelsmes organisk\u0101s sast\u0101vda\u013cas<\/span><\/li><li><span lang=\"lt\">\u0112tika, integrit\u0101te un t\u012br\u012bba ra\u017eo\u0161anas proces\u0101<\/span><\/li><li><span lang=\"lt\">Sertific\u0113tas organiskas vai savva\u013cas sast\u0101vda\u013cas<\/span><\/li><li><span lang=\"lt\">Bez kompromisiem ar sint\u0113tisk\u0101m piedev\u0101m, saistviel\u0101m, pildviel\u0101m vai cit\u0101m kait\u012bg\u0101m viel\u0101m.<\/span><\/li><li><span lang=\"lt\">Nesatur \u0122MO, glut\u0113nu, kvie\u0161us.<\/span><\/li><\/ul><div>\u00a0<span style=\"color: var( --e-global-color-text ); font-family: var( --e-global-typography-text-font-family ), Sans-serif; font-size: var( --e-global-typography-text-font-size ); font-weight: var( --e-global-typography-text-font-weight ); background-color: var(--et_container-bg-color, transparent);\">Ja neesat p\u0101rliecin\u0101ts, k\u0101di vitam\u012bni vai citi uztura bag\u0101tin\u0101t\u0101ji<\/span><span style=\"color: var( --e-global-color-text ); font-family: var( --e-global-typography-text-font-family ), Sans-serif; font-size: var( --e-global-typography-text-font-size ); font-weight: var( --e-global-typography-text-font-weight ); background-color: var(--et_container-bg-color, transparent);\">\u00a0<\/span><strong style=\"color: var( --e-global-color-text ); font-family: var( --e-global-typography-text-font-family ), Sans-serif; font-size: var( --e-global-typography-text-font-size ); background-color: var(--et_container-bg-color, transparent);\">\u0161obr\u012bd vispiem\u0113rot\u0101kais<\/strong><span style=\"color: var( --e-global-color-text ); font-family: var( --e-global-typography-text-font-family ), Sans-serif; font-size: var( --e-global-typography-text-font-size ); font-weight: var( --e-global-typography-text-font-weight ); background-color: var(--et_container-bg-color, transparent);\">, veiciet testu<\/span><span style=\"color: var( --e-global-color-text ); font-family: var( --e-global-typography-text-font-family ), Sans-serif; font-size: var( --e-global-typography-text-font-size ); font-weight: var( --e-global-typography-text-font-weight ); background-color: var(--et_container-bg-color, transparent);\">\u00a0<\/span><a style=\"font-family: var( --e-global-typography-text-font-family ), Sans-serif; font-size: var( --e-global-typography-text-font-size ); font-weight: var( --e-global-typography-text-font-weight ); background-color: #ffffff; color: #25bf4e;\" href=\"https:\/\/findvit.com\/lv\/testas\/\"><strong>&quot;Tava diena&quot;<\/strong><\/a><span style=\"color: var( --e-global-color-text ); font-family: var( --e-global-typography-text-font-family ), Sans-serif; font-size: var( --e-global-typography-text-font-size ); font-weight: var( --e-global-typography-text-font-weight ); background-color: var(--et_container-bg-color, transparent);\">\u00a0<\/span><span style=\"color: var( --e-global-color-text ); font-family: var( --e-global-typography-text-font-family ), Sans-serif; font-size: var( --e-global-typography-text-font-size ); font-weight: var( --e-global-typography-text-font-weight ); background-color: var(--et_container-bg-color, transparent);\">un uzzini\u00a0<\/span><span style=\"color: var( --e-global-color-text ); font-family: var( --e-global-typography-text-font-family ), Sans-serif; font-size: var( --e-global-typography-text-font-size ); font-weight: var( --e-global-typography-text-font-weight ); background-color: var(--et_container-bg-color, transparent);\">\u00a0<\/span><strong style=\"color: var( --e-global-color-text ); font-family: var( --e-global-typography-text-font-family ), Sans-serif; font-size: var( --e-global-typography-text-font-size ); background-color: var(--et_container-bg-color, transparent);\">personisks<\/strong><span style=\"color: var( --e-global-color-text ); font-family: var( --e-global-typography-text-font-family ), Sans-serif; font-size: var( --e-global-typography-text-font-size ); font-weight: var( --e-global-typography-text-font-weight ); background-color: var(--et_container-bg-color, transparent);\">\u00a0<\/span><span style=\"color: var( --e-global-color-text ); font-family: var( --e-global-typography-text-font-family ), Sans-serif; font-size: var( --e-global-typography-text-font-size ); font-weight: var( --e-global-typography-text-font-weight ); background-color: var(--et_container-bg-color, transparent);\">ieteikums!<\/span><\/div><p id=\"tw-target-text\" class=\"tw-data-text tw-text-large XcVN5d tw-ta\" dir=\"ltr\" data-placeholder=\"Translation\">\u00a0<\/p>\t\t\t\t\t\t\t\t<\/div>\n\t\t\t\t<\/div>\n\t\t\t\t\t<\/div>\n\t\t<\/div>\n\t\t\t\t<div class=\"elementor-column elementor-col-50 elementor-top-column elementor-element elementor-element-42d01f9\" data-id=\"42d01f9\" data-element_type=\"column\">\n\t\t\t<div class=\"elementor-widget-wrap elementor-element-populated\">\n\t\t\t\t\t\t<div class=\"elementor-element elementor-element-3232f1d elementor-widget elementor-widget-image\" data-id=\"3232f1d\" data-element_type=\"widget\" data-widget_type=\"image.default\">\n\t\t\t\t<div class=\"elementor-widget-container\">\n\t\t\t\t\t\t\t\t\t\t\t\t\t\t\t<img loading=\"lazy\" decoding=\"async\" width=\"900\" height=\"900\" src=\"https:\/\/findvit.com\/wp-content\/uploads\/2021\/10\/Ko-10-900x900.jpg\" class=\"attachment-large size-large wp-image-2549\" alt=\"Laim\u012bga \u0123imene ar kvalitat\u012bviem uztura bag\u0101tin\u0101t\u0101jiem\" srcset=\"https:\/\/findvit.com\/wp-content\/uploads\/2021\/10\/Ko-10-900x900.jpg 900w, https:\/\/findvit.com\/wp-content\/uploads\/2021\/10\/Ko-10-600x600.jpg 600w, https:\/\/findvit.com\/wp-content\/uploads\/2021\/10\/Ko-10-150x150.jpg 150w, https:\/\/findvit.com\/wp-content\/uploads\/2021\/10\/Ko-10-768x768.jpg 768w, https:\/\/findvit.com\/wp-content\/uploads\/2021\/10\/Ko-10-1x1.jpg 1w, https:\/\/findvit.com\/wp-content\/uploads\/2021\/10\/Ko-10-10x10.jpg 10w, https:\/\/findvit.com\/wp-content\/uploads\/2021\/10\/Ko-10-100x100.jpg 100w, https:\/\/findvit.com\/wp-content\/uploads\/2021\/10\/Ko-10.jpg 1000w\" sizes=\"auto, (max-width: 900px) 100vw, 900px\" \/>\t\t\t\t\t\t\t\t\t\t\t\t\t\t\t<\/div>\n\t\t\t\t<\/div>\n\t\t\t\t\t<\/div>\n\t\t<\/div>\n\t\t\t\t\t<\/div>\n\t\t<\/section>\n\t\t\t\t<\/div>","protected":false},"excerpt":{"rendered":"<p>Vesel\u012bba s\u0101kas zarn\u0101s. Probiotikas \u0137erme\u0146a biotika - <strong>dabiskas dz\u012bvas bakt\u0113rijas<\/strong> zarnu mikrofloras atjauno\u0161anai. <strong>Efekt\u012bvi atjauno<\/strong> vesel\u012bgas zarnas, pal\u012bdz uztur\u0113t sp\u0113c\u012bgu imunit\u0101ti. <strong>Ieteicams<\/strong> izmanto, lai stiprin\u0101tu organisma iztur\u012bbu pret slim\u012bb\u0101m. Palielin\u0101tais 120 d\u0101rze\u0146u kapsulu iepakojums ir pietiekams visai \u0123imenei. Draudz\u012bgs veg\u0101niem!<\/p>","protected":false},"featured_media":17228,"comment_status":"open","ping_status":"closed","template":"","meta":{"_acf_changed":false,"inline_featured_image":false},"etheme_brands":[{"term_id":28,"name":"Kiki Health","slug":"kiki-health","term_group":0,"term_taxonomy_id":28,"taxonomy":"brand","description":"<h2><a href=\"https:\/\/kiki-health.com\/about-us\/\" target=\"_blank\" rel=\"noopener\"><strong>KIKI Health<\/strong><\/a><\/h2>\r\nKIKI yra prek\u0117s \u017eenklas, kuriantis novatori\u0161kus maisto papildus.\r\n\r\nKIKI yra pripa\u017eintas ir gerbiamas, kaip sveikos gyvensenos produkt\u0173 ir individualumo bei meistri\u0161kumo standartas.\r\n\r\nKIKI gim\u0117 i\u0161 noro skatinti optimali\u0105 sveikat\u0105 ir gerov\u0119, m\u016bs\u0173 tikslas ir aistra yra \u012fsigyti auk\u0161\u010diausios kokyb\u0117s, grynumo produktus i\u0161 viso pasaulio, kurie pad\u0117t\u0173 gro\u017eiui ir sveikatai.\r\n\r\nNuo pat prad\u017ei\u0173 ir iki \u0161iol KIKI Health niekada nedaro kompromis\u0173 ir nededa pried\u0173 bei naudoja prastesni\u0173 ingredient\u0173 - tik nat\u016bralios 100% veikliosios med\u017eiagos.\r\n\r\nhttps:\/\/youtu.be\/irT0ZUOzBac?t=45\r\n<h3><strong>Nat\u016braliai turtingi <\/strong><strong>vitaminais, mineralais ir b\u016btinomis\u00a0 veikliosiomis med\u017eiagomis<\/strong><\/h3>\r\nDaugelis \"KIKI Health\" produkt\u0173 turintys augalini\u0173 ir maistini\u0173 med\u017eiag\u0173\u00a0 yra sertifikuoti, kaip ekologi\u0161ki.\r\n\r\nI\u0161naudodami stiprias augalin\u0117s kilm\u0117s, nat\u016brali\u0173 ingredient\u0173 galias, kupinas esmini\u0173 augal\u0173 veikli\u0173j\u0173 med\u017eiag\u0173, vitamin\u0173 ir mineral\u0173, kad suteikt\u0173 smegenims, odai ir k\u016bnui neprilygstam\u0105 pagalb\u0105.\r\n\r\nKIKI Health tikslas yra u\u017etikrinti, kad mi\u0161iniuose neb\u016bt\u0173 sintetikos, konservant\u0173, u\u017epild\u0173 ir ri\u0161ikli\u0173, u\u017etikrinant, kad ir toliau gamint\u0173 veiksmingus, \u0161varius ir saugius papildus.\r\n\r\nPagaminta Jungtin\u0117je Karalyst\u0117je i\u0161 \u0161vari\u0173 ir tvari\u0173 ingredient\u0173.\r\n<h3><strong>Atsakingumas<\/strong><\/h3>\r\nU\u017etikrindami, kad produktai b\u016bt\u0173 atsakingai u\u017eauginti, ne tik r\u016bpinamasi aplinka, bet ir garantuojama produkto kokyb\u0119. KIKI Healt specialistai keliauja po pasaul\u012f ie\u0161kodami ekologi\u0161k\u0173, eti\u0161kai gaut\u0173 ingredient\u0173, pasi\u017eymin\u010di\u0173 geresne maistine verte, kartu pad\u0117dami vietos bendruomen\u0117ms klest\u0117ti. Maisto gamybos b\u016bdas yra labai svarbus daugeliui vartotoj\u0173, ir tai kelia susir\u016bpinim\u0105, kur\u012f mes dalijam\u0117s.\r\n<h3><strong>Minimalus apdorojimas<\/strong><\/h3>\r\nNor\u0117dami pasiekti optimal\u0173 biologin\u012f prieinamum\u0105, stengiamasi, kad ingredientai b\u016bt\u0173 kuo ar\u010diau j\u0173 nat\u016bralios b\u016bkl\u0117s. Laikomasi minimalaus perdirbimo ir kontroliuojama temperat\u016bros, i\u0161kart po derliaus nu\u0117mimo, kad b\u016bt\u0173 i\u0161laikoma visa nauda sveikatai ir gyvybi\u0161kai svarbios maistin\u0117s med\u017eiagos.\r\n\r\n<strong>Produktuose n\u0117ra<\/strong>: sintetikos, dirbtini\u0173 da\u017eikli\u0173 ir kvapi\u0173j\u0173 med\u017eiag\u0173, u\u017epild\u0173, ri\u0161ikli\u0173, dengimo med\u017eiag\u0173, lipnum\u0105 reguliuojan\u010di\u0173 med\u017eiag\u0173, cukr\u0173, glitimo, GMO, laktoz\u0117s, konservant\u0173, pagalbini\u0173 med\u017eiag\u0173.\r\n\r\nVisi ingredientai ir galutiniai produktai yra reguliariai tikrinami tre\u010diosios \u0161alies laboratorijoje. U\u017etikrinama, kad kiekviena partija b\u016bt\u0173 i\u0161bandyta d\u0117l sunki\u0173j\u0173 metal\u0173, mikroorganizm\u0173 ir pesticid\u0173 laikantis grie\u017et\u0173 kokyb\u0117s kontrol\u0117s s\u0105lyg\u0173, o rezultatai atitikt\u0173 ES ir JK ribinius reglamentus, \u012fskaitant ekologinio \u016bkininkavimo standartus.","parent":0,"count":28,"filter":"raw"}],"product_brand":[],"product_cat":[117,23],"product_tag":[126,91,120],"class_list":{"0":"post-17206","1":"product","2":"type-product","3":"status-publish","4":"has-post-thumbnail","6":"brand-kiki-health","7":"product_cat-probiotikai-kas-tai","8":"product_cat-vitaminai","9":"product_tag-greitam-virskinimui-ir-salinimui","10":"product_tag-imunitetui","11":"product_tag-organizmo-stiprinimui","13":"first","14":"instock","15":"sale","16":"taxable","17":"shipping-taxable","18":"purchasable","19":"product-type-simple"},"acf":[],"_links":{"self":[{"href":"https:\/\/findvit.com\/lv\/wp-json\/wp\/v2\/product\/17206","targetHints":{"allow":["GET"]}}],"collection":[{"href":"https:\/\/findvit.com\/lv\/wp-json\/wp\/v2\/product"}],"about":[{"href":"https:\/\/findvit.com\/lv\/wp-json\/wp\/v2\/types\/product"}],"replies":[{"embeddable":true,"href":"https:\/\/findvit.com\/lv\/wp-json\/wp\/v2\/comments?post=17206"}],"version-history":[{"count":13,"href":"https:\/\/findvit.com\/lv\/wp-json\/wp\/v2\/product\/17206\/revisions"}],"predecessor-version":[{"id":21237,"href":"https:\/\/findvit.com\/lv\/wp-json\/wp\/v2\/product\/17206\/revisions\/21237"}],"wp:featuredmedia":[{"embeddable":true,"href":"https:\/\/findvit.com\/lv\/wp-json\/wp\/v2\/media\/17228"}],"wp:attachment":[{"href":"https:\/\/findvit.com\/lv\/wp-json\/wp\/v2\/media?parent=17206"}],"wp:term":[{"taxonomy":"brand","embeddable":true,"href":"https:\/\/findvit.com\/lv\/wp-json\/wp\/v2\/etheme_brands?post=17206"},{"taxonomy":"product_brand","embeddable":true,"href":"https:\/\/findvit.com\/lv\/wp-json\/wp\/v2\/product_brand?post=17206"},{"taxonomy":"product_cat","embeddable":true,"href":"https:\/\/findvit.com\/lv\/wp-json\/wp\/v2\/product_cat?post=17206"},{"taxonomy":"product_tag","embeddable":true,"href":"https:\/\/findvit.com\/lv\/wp-json\/wp\/v2\/product_tag?post=17206"}],"curies":[{"name":"wp","href":"https:\/\/api.w.org\/{rel}","templated":true}]}}