{"id":17252,"date":"2024-06-01T11:02:19","date_gmt":"2024-06-01T08:02:19","guid":{"rendered":"https:\/\/findvit.com\/?post_type=product&#038;p=17252"},"modified":"2026-02-27T16:07:30","modified_gmt":"2026-02-27T14:07:30","slug":"sex-bomb-vyru-potencijai-gerinti120-kapsuliu","status":"publish","type":"product","link":"https:\/\/findvit.com\/lv\/produktas\/sex-bomb-vyru-potencijai-gerinti120-kapsuliu\/","title":{"rendered":"SEX BOMB, v\u012brie\u0161u potences uzlabo\u0161anai, 120 kapsulas"},"content":{"rendered":"<div data-elementor-type=\"product-post\" data-elementor-id=\"17252\" class=\"elementor elementor-17252\" data-elementor-post-type=\"product\">\n\t\t\t\t\t\t<section class=\"elementor-section elementor-top-section elementor-element elementor-element-cf383a7 elementor-section-boxed elementor-section-height-default elementor-section-height-default\" data-id=\"cf383a7\" data-element_type=\"section\">\n\t\t\t\t\t\t<div class=\"elementor-container elementor-column-gap-default\">\n\t\t\t\t\t<div class=\"elementor-column elementor-col-100 elementor-top-column elementor-element elementor-element-01fee3c\" data-id=\"01fee3c\" data-element_type=\"column\">\n\t\t\t<div class=\"elementor-widget-wrap elementor-element-populated\">\n\t\t\t\t\t\t<div class=\"elementor-element elementor-element-31a961f elementor-absolute elementor-hidden-mobile elementor-invisible elementor-widget elementor-widget-image\" data-id=\"31a961f\" data-element_type=\"widget\" data-settings=\"{&quot;motion_fx_motion_fx_scrolling&quot;:&quot;yes&quot;,&quot;motion_fx_rotateZ_effect&quot;:&quot;yes&quot;,&quot;motion_fx_rotateZ_speed&quot;:{&quot;unit&quot;:&quot;px&quot;,&quot;size&quot;:5,&quot;sizes&quot;:[]},&quot;motion_fx_range&quot;:&quot;viewport&quot;,&quot;_animation&quot;:&quot;fadeIn&quot;,&quot;_position&quot;:&quot;absolute&quot;,&quot;motion_fx_rotateZ_affectedRange&quot;:{&quot;unit&quot;:&quot;%&quot;,&quot;size&quot;:&quot;&quot;,&quot;sizes&quot;:{&quot;start&quot;:0,&quot;end&quot;:100}},&quot;motion_fx_devices&quot;:[&quot;desktop&quot;,&quot;tablet&quot;,&quot;mobile&quot;]}\" data-widget_type=\"image.default\">\n\t\t\t\t<div class=\"elementor-widget-container\">\n\t\t\t\t\t\t\t\t\t\t\t\t\t\t\t<img loading=\"lazy\" decoding=\"async\" width=\"200\" height=\"200\" src=\"https:\/\/findvit.com\/wp-content\/uploads\/2021\/09\/ratukas.svg\" class=\"attachment-full size-full wp-image-1777\" alt=\"Ritenis no anketas l\u012bdz vitam\u012bnam\" \/>\t\t\t\t\t\t\t\t\t\t\t\t\t\t\t<\/div>\n\t\t\t\t<\/div>\n\t\t\t\t\t<\/div>\n\t\t<\/div>\n\t\t\t\t\t<\/div>\n\t\t<\/section>\n\t\t\t\t<section class=\"elementor-section elementor-top-section elementor-element elementor-element-4429778 elementor-section-boxed elementor-section-height-default elementor-section-height-default\" data-id=\"4429778\" data-element_type=\"section\">\n\t\t\t\t\t\t<div class=\"elementor-container elementor-column-gap-no\">\n\t\t\t\t\t<div class=\"elementor-column elementor-col-50 elementor-top-column elementor-element elementor-element-e6ad1e2\" data-id=\"e6ad1e2\" data-element_type=\"column\">\n\t\t\t<div class=\"elementor-widget-wrap elementor-element-populated\">\n\t\t\t\t\t\t<div class=\"elementor-element elementor-element-08402b5 elementor-widget elementor-widget-heading\" data-id=\"08402b5\" data-element_type=\"widget\" data-widget_type=\"heading.default\">\n\t\t\t\t<div class=\"elementor-widget-container\">\n\t\t\t\t\t<h2 class=\"elementor-heading-title elementor-size-default\">Seksa bumba vi\u0146am \u2014 revolucion\u0101rs risin\u0101jums v\u012brie\u0161u potences uzlabo\u0161anai<\/h2>\t\t\t\t<\/div>\n\t\t\t\t<\/div>\n\t\t\t\t<div class=\"elementor-element elementor-element-4a02cf4 elementor-widget elementor-widget-text-editor\" data-id=\"4a02cf4\" data-element_type=\"widget\" data-widget_type=\"text-editor.default\">\n\t\t\t\t<div class=\"elementor-widget-container\">\n\t\t\t\t\t\t\t\t\t<p>Vai j\u016btat, ka j\u016bsu seksu\u0101l\u0101 ener\u0123ija ir nov\u0101jin\u0101ta? <strong>Vai v\u0113laties palielin\u0101t savu potenci un sajust \u012bstu v\u012bri\u0161\u0137o sp\u0113ku?<\/strong> &quot;Sex Bomb for Him&quot; ir dabisks uztura bag\u0101tin\u0101t\u0101js, <strong>\u012bpa\u0161i izstr\u0101d\u0101ts v\u012brie\u0161iem,<\/strong> tiem, kas v\u0113las uzlabot savu seksu\u0101lo vesel\u012bbu un pa\u0161apzi\u0146u.<\/p><h3><strong>K\u0101p\u0113c izv\u0113l\u0113ties &quot;Seksa bumbu vi\u0146am&quot;?<\/strong><\/h3><p>Ir pieejama &quot;Seksa bumba vi\u0146am&quot;. <strong>unik\u0101ls papildin\u0101jums<\/strong>, kas ne tikai uzlabo potenci, bet ar\u012b <strong>pal\u012bdz uztur\u0113t augstu ener\u0123ijas l\u012bmeni<\/strong> un uzlabot visp\u0101r\u0113jo labsaj\u016btu. \u0160is produkts ir izgatavots, izmantojot tikai dab\u012bgas sast\u0101vda\u013cas, kas ir paz\u012bstamas ar savu pozit\u012bvo iedarb\u012bbu<strong> v\u012brie\u0161u vesel\u012bbai.<\/strong><\/p><p><img loading=\"lazy\" decoding=\"async\" class=\"alignnone size-medium wp-image-17275\" src=\"https:\/\/findvit.com\/wp-content\/uploads\/2024\/06\/sex-bomb-vyro-sveikatai-gerinti-600x600.jpg\" alt=\"seksbumba v\u012brie\u0161u vesel\u012bbas uzlabo\u0161anai\" width=\"600\" height=\"600\" srcset=\"https:\/\/findvit.com\/wp-content\/uploads\/2024\/06\/sex-bomb-vyro-sveikatai-gerinti-600x600.jpg 600w, https:\/\/findvit.com\/wp-content\/uploads\/2024\/06\/sex-bomb-vyro-sveikatai-gerinti-900x900.jpg 900w, https:\/\/findvit.com\/wp-content\/uploads\/2024\/06\/sex-bomb-vyro-sveikatai-gerinti-150x150.jpg 150w, https:\/\/findvit.com\/wp-content\/uploads\/2024\/06\/sex-bomb-vyro-sveikatai-gerinti-768x768.jpg 768w, https:\/\/findvit.com\/wp-content\/uploads\/2024\/06\/sex-bomb-vyro-sveikatai-gerinti-400x400.jpg 400w, https:\/\/findvit.com\/wp-content\/uploads\/2024\/06\/sex-bomb-vyro-sveikatai-gerinti-100x100.jpg 100w, https:\/\/findvit.com\/wp-content\/uploads\/2024\/06\/sex-bomb-vyro-sveikatai-gerinti-1x1.jpg 1w, https:\/\/findvit.com\/wp-content\/uploads\/2024\/06\/sex-bomb-vyro-sveikatai-gerinti-10x10.jpg 10w, https:\/\/findvit.com\/wp-content\/uploads\/2024\/06\/sex-bomb-vyro-sveikatai-gerinti.jpg 1000w\" sizes=\"auto, (max-width: 600px) 100vw, 600px\" \/><\/p><h3><strong>Dabiskas sast\u0101vda\u013cas - dabiska iedarb\u012bba<\/strong><\/h3><h4>Dabiskas sast\u0101vda\u013cas - dabiska iedarb\u012bba<\/h4><ol><li style=\"list-style-type: none;\"><ul><li><strong>L-argin\u012bns<\/strong> (210 mg) \u2013 uzlabo asinsriti un stimul\u0113 sl\u0101pek\u013ca oks\u012bda ra\u017eo\u0161anu, kas pal\u012bdz stiprin\u0101t erekciju.<\/li><li><strong>Maca sak\u0146u pulveris<\/strong> (200 mg) - paz\u012bstams k\u0101 &quot;Peru \u017ee\u0146\u0161e\u0146s&quot;, maca sakne ir izmantota gadsimtiem ilgi, lai palielin\u0101tu ener\u0123iju, iztur\u012bbu un libido.<\/li><li><strong>KSM-66 Ashwagandha ekstrakts<\/strong> (200 mg) \u2013 pal\u012bdz mazin\u0101t stresu, uzlabo iztur\u012bbu un veicina vesel\u012bgu testosterona l\u012bmeni.<\/li><li><strong>Fenugreek ekstrakts<\/strong> (105 mg) \u2013 paaugstina libido un atbalsta vesel\u012bgu testosterona l\u012bmeni.<\/li><li><strong>Tribulus Terrestris pulveris<\/strong> (100 mg) \u2013 pal\u012bdz paaugstin\u0101t testosterona l\u012bmeni un uzlabo seksu\u0101lo funkciju.<\/li><li><strong>N\u0101tru ekstrakts<\/strong> (85 mg) \u2013 veicina prostatas vesel\u012bbu un pal\u012bdz uztur\u0113t vesel\u012bgu hormonu l\u012bdzsvaru.<\/li><li><strong>\u017de\u0146\u0161e\u0146a ekstrakts<\/strong> (75 mg) \u2013 stiprina im\u016bnsist\u0113mu, uzlabo fizisko un gar\u012bgo sniegumu un paaugstina libido.<\/li><li><strong>Ingvera ekstrakts<\/strong> (75 mg) \u2013 stimul\u0113 asinsriti un piem\u012bt pretiekaisuma \u012bpa\u0161\u012bbas.<\/li><li><strong>Kakao ekstrakts<\/strong> (50 mg) \u2013 uzlabo garast\u0101vokli un ener\u0123ijas l\u012bmeni.<\/li><li><strong>Selerijas s\u0113klu ekstrakts<\/strong> (25 mg) \u2013 veicina detoksik\u0101ciju un pal\u012bdz uztur\u0113t vesel\u012bgu asinsspiedienu.<\/li><li><strong>Cordyceps sinensis<\/strong> (25 mg) \u2013 uzlabo fizisko aktivit\u0101ti un iztur\u012bbu.<\/li><li><strong>Kvercet\u012bns<\/strong> (25 mg) \u2013 piem\u012bt antioksidanta \u012bpa\u0161\u012bbas un atbalsta im\u016bnsist\u0113mu.<\/li><li><strong>Damiana lapu ekstrakts<\/strong> (25 mg) \u2013 \u0161\u012bs lapas, kas paz\u012bstamas ar sav\u0101m afrodiziaku \u012bpa\u0161\u012bb\u0101m, pal\u012bdz uzlabot seksu\u0101lo vesel\u012bbu un garast\u0101vokli.<\/li><li><strong>B3 vitam\u012bns (niacinam\u012bds)<\/strong> (16 mg) \u2013 atbalsta vesel\u012bgu asinsriti un ener\u0123ijas ra\u017eo\u0161anu.<\/li><\/ul><\/li><\/ol><h3><img loading=\"lazy\" decoding=\"async\" class=\"alignnone size-medium wp-image-17274\" src=\"https:\/\/findvit.com\/wp-content\/uploads\/2024\/06\/sex-bomb-vyro-seksualinei-energijai-gerinti-600x600.jpg\" alt=\"seksbumba v\u012brie\u0161a seksu\u0101l\u0101s ener\u0123ijas uzlabo\u0161anai\" width=\"600\" height=\"600\" srcset=\"https:\/\/findvit.com\/wp-content\/uploads\/2024\/06\/sex-bomb-vyro-seksualinei-energijai-gerinti-600x600.jpg 600w, https:\/\/findvit.com\/wp-content\/uploads\/2024\/06\/sex-bomb-vyro-seksualinei-energijai-gerinti-900x900.jpg 900w, https:\/\/findvit.com\/wp-content\/uploads\/2024\/06\/sex-bomb-vyro-seksualinei-energijai-gerinti-150x150.jpg 150w, https:\/\/findvit.com\/wp-content\/uploads\/2024\/06\/sex-bomb-vyro-seksualinei-energijai-gerinti-768x768.jpg 768w, https:\/\/findvit.com\/wp-content\/uploads\/2024\/06\/sex-bomb-vyro-seksualinei-energijai-gerinti-400x400.jpg 400w, https:\/\/findvit.com\/wp-content\/uploads\/2024\/06\/sex-bomb-vyro-seksualinei-energijai-gerinti-100x100.jpg 100w, https:\/\/findvit.com\/wp-content\/uploads\/2024\/06\/sex-bomb-vyro-seksualinei-energijai-gerinti-1x1.jpg 1w, https:\/\/findvit.com\/wp-content\/uploads\/2024\/06\/sex-bomb-vyro-seksualinei-energijai-gerinti-10x10.jpg 10w, https:\/\/findvit.com\/wp-content\/uploads\/2024\/06\/sex-bomb-vyro-seksualinei-energijai-gerinti.jpg 1000w\" sizes=\"auto, (max-width: 600px) 100vw, 600px\" \/><\/h3><h3><strong>K\u0101 darbojas seksa bumba vi\u0146am?<\/strong><\/h3><p>&quot;Seksbumba vi\u0146am&quot; darbojas kompleksi, nostiprinot \u0137ermeni un pr\u0101tu. Dabisk\u0101s sast\u0101vda\u013cas darbojas siner\u0123iski, lai uzlabotu asinsriti, palielin\u0101tu ener\u0123iju un iztur\u012bbu, k\u0101 ar\u012b palielin\u0101tu dzimumtieksmi. Regul\u0101ra \u0161\u012b uztura bag\u0101tin\u0101t\u0101ja lieto\u0161ana var pal\u012bdz\u0113t jums justies jaun\u0101kam, sp\u0113c\u012bg\u0101kam un p\u0101rliecin\u0101t\u0101kam.<\/p><h3><strong>Lieto\u0161anas instrukcija<\/strong><\/h3><p>Ieteicams lietot 2 kapsulas dien\u0101, v\u0113lams pirms gul\u0113tie\u0161anas. Lai ieg\u016btu lab\u0101kos rezult\u0101tus, regul\u0101ri lietojiet uztura bag\u0101tin\u0101t\u0101ju vismaz 30 dienas.<\/p><h3><strong>Klientu atsauksmes<\/strong><\/h3><p>V\u012brie\u0161i, kuri izm\u0113\u0123in\u0101ja &quot;Sex Bomb for Him&quot;, paman\u012bja b\u016btisku savas sp\u0113jas uzlabo\u0161anos un vair\u0101k ener\u0123ijas ikdienas aktivit\u0101t\u0113s. Vi\u0146u pa\u0161apzi\u0146a un visp\u0101r\u0113j\u0101 labkl\u0101j\u012bba iev\u0113rojami uzlaboj\u0101s.<\/p><h3><strong>Pas\u016bti tagad!<\/strong><\/h3><p>Nepalaidiet gar\u0101m iesp\u0113ju atjaunot savu potenci dabisk\u0101 un efekt\u012bv\u0101 veid\u0101. Pas\u016btiet Vi\u0146am Sex Bomb \u0161odien un s\u0101ciet savu ce\u013cojumu uz lab\u0101ku seksu\u0101lo vesel\u012bbu un dz\u012bves kvalit\u0101ti!<\/p>\t\t\t\t\t\t\t\t<\/div>\n\t\t\t\t<\/div>\n\t\t\t\t\t<\/div>\n\t\t<\/div>\n\t\t\t\t<div class=\"elementor-column elementor-col-50 elementor-top-column elementor-element elementor-element-b79009e\" data-id=\"b79009e\" data-element_type=\"column\">\n\t\t\t<div class=\"elementor-widget-wrap elementor-element-populated\">\n\t\t\t\t\t\t<div class=\"elementor-element elementor-element-5a38e94 elementor-widget elementor-widget-image\" data-id=\"5a38e94\" data-element_type=\"widget\" data-widget_type=\"image.default\">\n\t\t\t\t<div class=\"elementor-widget-container\">\n\t\t\t\t\t\t\t\t\t\t\t\t\t\t\t<img loading=\"lazy\" decoding=\"async\" width=\"900\" height=\"900\" src=\"https:\/\/findvit.com\/wp-content\/uploads\/2024\/06\/papildai-vyro-potencijai-gerinti-900x900.jpg\" class=\"attachment-large size-large wp-image-17262\" alt=\"uztura bag\u0101tin\u0101t\u0101ji v\u012brie\u0161u potences uzlabo\u0161anai\" srcset=\"https:\/\/findvit.com\/wp-content\/uploads\/2024\/06\/papildai-vyro-potencijai-gerinti-900x900.jpg 900w, https:\/\/findvit.com\/wp-content\/uploads\/2024\/06\/papildai-vyro-potencijai-gerinti-600x600.jpg 600w, https:\/\/findvit.com\/wp-content\/uploads\/2024\/06\/papildai-vyro-potencijai-gerinti-150x150.jpg 150w, https:\/\/findvit.com\/wp-content\/uploads\/2024\/06\/papildai-vyro-potencijai-gerinti-768x768.jpg 768w, https:\/\/findvit.com\/wp-content\/uploads\/2024\/06\/papildai-vyro-potencijai-gerinti-400x400.jpg 400w, https:\/\/findvit.com\/wp-content\/uploads\/2024\/06\/papildai-vyro-potencijai-gerinti-100x100.jpg 100w, https:\/\/findvit.com\/wp-content\/uploads\/2024\/06\/papildai-vyro-potencijai-gerinti-1x1.jpg 1w, https:\/\/findvit.com\/wp-content\/uploads\/2024\/06\/papildai-vyro-potencijai-gerinti-10x10.jpg 10w, https:\/\/findvit.com\/wp-content\/uploads\/2024\/06\/papildai-vyro-potencijai-gerinti.jpg 1000w\" sizes=\"auto, (max-width: 900px) 100vw, 900px\" \/>\t\t\t\t\t\t\t\t\t\t\t\t\t\t\t<\/div>\n\t\t\t\t<\/div>\n\t\t\t\t\t<\/div>\n\t\t<\/div>\n\t\t\t\t\t<\/div>\n\t\t<\/section>\n\t\t\t\t<\/div>","protected":false},"excerpt":{"rendered":"<p>Atbr\u012bvojiet savu iek\u0161\u0113jo sp\u0113ku ar Sex Bomb for Him, papildin\u0101jumu v\u012brie\u0161iem <strong>lai uzlabotu potenci<\/strong>. Tas ir dabisks j\u016bsu l\u0113mums <strong>seksu\u0101lajai vesel\u012bbai un ener\u0123ijai<\/strong>.<\/p>","protected":false},"featured_media":17276,"comment_status":"open","ping_status":"closed","template":"","meta":{"_acf_changed":false,"inline_featured_image":false},"etheme_brands":[{"term_id":644,"name":"Applied Nutrition","slug":"applied-nutrition","term_group":0,"term_taxonomy_id":644,"taxonomy":"brand","description":"","parent":0,"count":3,"filter":"raw"}],"product_brand":[],"product_cat":[645,124],"product_tag":[125,91,120],"class_list":{"0":"post-17252","1":"product","2":"type-product","3":"status-publish","4":"has-post-thumbnail","6":"brand-applied-nutrition","7":"product_cat-geriausi-papildai-vyrams","8":"product_cat-siamsezonui","9":"product_tag-energijai","10":"product_tag-imunitetui","11":"product_tag-organizmo-stiprinimui","13":"first","14":"instock","15":"sale","16":"taxable","17":"shipping-taxable","18":"purchasable","19":"product-type-simple"},"acf":[],"_links":{"self":[{"href":"https:\/\/findvit.com\/lv\/wp-json\/wp\/v2\/product\/17252","targetHints":{"allow":["GET"]}}],"collection":[{"href":"https:\/\/findvit.com\/lv\/wp-json\/wp\/v2\/product"}],"about":[{"href":"https:\/\/findvit.com\/lv\/wp-json\/wp\/v2\/types\/product"}],"replies":[{"embeddable":true,"href":"https:\/\/findvit.com\/lv\/wp-json\/wp\/v2\/comments?post=17252"}],"version-history":[{"count":25,"href":"https:\/\/findvit.com\/lv\/wp-json\/wp\/v2\/product\/17252\/revisions"}],"predecessor-version":[{"id":21720,"href":"https:\/\/findvit.com\/lv\/wp-json\/wp\/v2\/product\/17252\/revisions\/21720"}],"wp:featuredmedia":[{"embeddable":true,"href":"https:\/\/findvit.com\/lv\/wp-json\/wp\/v2\/media\/17276"}],"wp:attachment":[{"href":"https:\/\/findvit.com\/lv\/wp-json\/wp\/v2\/media?parent=17252"}],"wp:term":[{"taxonomy":"brand","embeddable":true,"href":"https:\/\/findvit.com\/lv\/wp-json\/wp\/v2\/etheme_brands?post=17252"},{"taxonomy":"product_brand","embeddable":true,"href":"https:\/\/findvit.com\/lv\/wp-json\/wp\/v2\/product_brand?post=17252"},{"taxonomy":"product_cat","embeddable":true,"href":"https:\/\/findvit.com\/lv\/wp-json\/wp\/v2\/product_cat?post=17252"},{"taxonomy":"product_tag","embeddable":true,"href":"https:\/\/findvit.com\/lv\/wp-json\/wp\/v2\/product_tag?post=17252"}],"curies":[{"name":"wp","href":"https:\/\/api.w.org\/{rel}","templated":true}]}}