{"id":17931,"date":"2024-07-21T09:34:30","date_gmt":"2024-07-21T06:34:30","guid":{"rendered":"https:\/\/findvit.com\/?post_type=product&#038;p=17931"},"modified":"2026-02-27T16:08:09","modified_gmt":"2026-02-27T14:08:09","slug":"kiki-health-ekologiski-kakavos-milteliai-150-g-jusu-dienos-pradzios-magija","status":"publish","type":"product","link":"https:\/\/findvit.com\/lv\/produktas\/kiki-health-ekologiski-kakavos-milteliai-150-g-jusu-dienos-pradzios-magija\/","title":{"rendered":"KIKI Health Organic Kakao no Peru, 150 g."},"content":{"rendered":"\t\t<div data-elementor-type=\"product-post\" data-elementor-id=\"17931\" class=\"elementor elementor-17931\" data-elementor-post-type=\"product\">\n\t\t\t\t\t\t<section class=\"elementor-section elementor-top-section elementor-element elementor-element-a226a0d elementor-section-boxed elementor-section-height-default elementor-section-height-default\" data-id=\"a226a0d\" data-element_type=\"section\" data-e-type=\"section\">\n\t\t\t\t\t\t<div class=\"elementor-container elementor-column-gap-default\">\n\t\t\t\t\t<div class=\"elementor-column elementor-col-100 elementor-top-column elementor-element elementor-element-4a413bf\" data-id=\"4a413bf\" data-element_type=\"column\" data-e-type=\"column\">\n\t\t\t<div class=\"elementor-widget-wrap elementor-element-populated\">\n\t\t\t\t\t\t<div class=\"elementor-element elementor-element-3117dbb elementor-absolute elementor-hidden-mobile elementor-invisible elementor-widget elementor-widget-image\" data-id=\"3117dbb\" data-element_type=\"widget\" data-e-type=\"widget\" data-settings=\"{&quot;motion_fx_motion_fx_scrolling&quot;:&quot;yes&quot;,&quot;motion_fx_rotateZ_effect&quot;:&quot;yes&quot;,&quot;motion_fx_rotateZ_speed&quot;:{&quot;unit&quot;:&quot;px&quot;,&quot;size&quot;:5,&quot;sizes&quot;:[]},&quot;motion_fx_range&quot;:&quot;viewport&quot;,&quot;_animation&quot;:&quot;fadeIn&quot;,&quot;_position&quot;:&quot;absolute&quot;,&quot;motion_fx_rotateZ_affectedRange&quot;:{&quot;unit&quot;:&quot;%&quot;,&quot;size&quot;:&quot;&quot;,&quot;sizes&quot;:{&quot;start&quot;:0,&quot;end&quot;:100}},&quot;motion_fx_devices&quot;:[&quot;desktop&quot;,&quot;tablet&quot;,&quot;mobile&quot;]}\" data-widget_type=\"image.default\">\n\t\t\t\t<div class=\"elementor-widget-container\">\n\t\t\t\t\t\t\t\t\t\t\t\t\t\t\t<img loading=\"lazy\" loading=\"lazy\" decoding=\"async\" width=\"200\" height=\"200\" src=\"https:\/\/findvit.com\/wp-content\/uploads\/2021\/09\/ratukas.svg\" class=\"attachment-full size-full wp-image-1777\" alt=\"Ratukas nuo klausimyno iki vitamino\" \/>\t\t\t\t\t\t\t\t\t\t\t\t\t\t\t<\/div>\n\t\t\t\t<\/div>\n\t\t\t\t\t<\/div>\n\t\t<\/div>\n\t\t\t\t\t<\/div>\n\t\t<\/section>\n\t\t\t\t<section class=\"elementor-section elementor-top-section elementor-element elementor-element-366c346 elementor-section-boxed elementor-section-height-default elementor-section-height-default\" data-id=\"366c346\" data-element_type=\"section\" data-e-type=\"section\">\n\t\t\t\t\t\t<div class=\"elementor-container elementor-column-gap-no\">\n\t\t\t\t\t<div class=\"elementor-column elementor-col-50 elementor-top-column elementor-element elementor-element-e3154fc\" data-id=\"e3154fc\" data-element_type=\"column\" data-e-type=\"column\">\n\t\t\t<div class=\"elementor-widget-wrap elementor-element-populated\">\n\t\t\t\t\t\t<div class=\"elementor-element elementor-element-51b6270 elementor-widget elementor-widget-heading\" data-id=\"51b6270\" data-element_type=\"widget\" data-e-type=\"widget\" data-widget_type=\"heading.default\">\n\t\t\t\t<div class=\"elementor-widget-container\">\n\t\t\t\t\t<h2 class=\"elementor-heading-title elementor-size-medium\">KIKI Health Ekologi\u0161ki Kakavos Milteliai: Atraskite Gamtos Stipryb\u0119<\/h2>\t\t\t\t<\/div>\n\t\t\t\t<\/div>\n\t\t\t\t<div class=\"elementor-element elementor-element-c233cae elementor-widget elementor-widget-text-editor\" data-id=\"c233cae\" data-element_type=\"widget\" data-e-type=\"widget\" data-widget_type=\"text-editor.default\">\n\t\t\t\t<div class=\"elementor-widget-container\">\n\t\t\t\t\t\t\t\t\t<h3><strong>GYVYBINGUMO \u0160ALTINIS:<\/strong><\/h3><p>KIKI Health ekologi\u0161ki kakavos milteliai pagaminti i\u0161 nesmulkint\u0173 ir negr\u016bdint\u0173 kokybi\u0161k\u0173 kakavos pupeli\u0173, \u0161velniai d\u017eiovint\u0173 ir apdorot\u0173 \u017eemoje temperat\u016broje, kad i\u0161saugot\u0173<strong> gyvybi\u0161kai svarbius<\/strong> maistinius komponentus. \u0160is <strong>\u0161velnus<\/strong> apdorojimas u\u017etikrina, kad milteliuose i\u0161likt\u0173 <strong>maksimalus antioksidant\u0173, mineral\u0173 ir vitamin\u0173 kiekis<\/strong>, suteikiantis jums ne tik skon\u012f, bet ir <strong>energij\u0105 visai dienai<\/strong>.<\/p><h3><strong>SKONIO IR KVAPO HARMONIJA:<\/strong><\/h3><p>Ekologi\u0161ki kakavos milteliai \u2013 tai kulinarin\u0117s puok\u0161t\u0117s epicentras, kuris<strong> suvilioja ne tik skoniu, bet ir kvapu<\/strong>. \u0160i\u0173 milteli\u0173 sodrus, gilus kakavos aromatas <strong>su\u017eadins j\u016bs\u0173 jausmus<\/strong>, o skonis atne\u0161 <strong>prisiminimus<\/strong> apie tikr\u0105, neapdorot\u0105 kakav\u0105, kurios skonio gylis ir \u0161velnumas neprilygstamas. Kiekvienas \u0161auk\u0161tas \u0161i\u0173 kakavos milteli\u0173 yra lyg \u0161vent\u0117 j\u016bs\u0173 l\u016bpoms, atskleid\u017eiantis turting\u0105 ir kompleksi\u0161k\u0105 nat\u016bralios kakavos profil\u012f, kuris nepaliks abejing\u0173.<\/p><p>\u012e \u0161\u012f nuostab\u0173 skon\u012f ir kvap\u0105 <strong>\u012fsilieja nat\u016brali\u0173 kakavos pupeli\u0173 malonumas<\/strong>, kurios auginamos ekologi\u0161kai, be joki\u0173 sintetini\u0173 tr\u0105\u0161\u0173 ar chemikal\u0173, leid\u017eiant gamtai reik\u0161tis jos pa\u010dios s\u0105lygomis. \u0160i autenti\u0161kumo ir skonio simfonija kuria ne tik gastronomin\u012f, bet ir <strong>emocin\u012f patyrim\u0105<\/strong>, kuris paver\u010dia bet kok\u012f j\u016bs\u0173 virtuv\u0117s eksperiment\u0105 tikra \u0161vente.<\/p><h3><strong>UNIKALI HARMONIJA:<\/strong><\/h3><p class=\"cvGsUA direction-ltr align-start para-style-body\"><span class=\"OYPEnA font-feature-liga-off font-feature-clig-off font-feature-calt-off text-decoration-none text-strikethrough-none\">Kiki kakavos milteliai gaunami i\u0161 Peru pupeli\u0173. Auginam\u0173 vulkanin\u0117je dirvoje, <strong>turin\u010dioje<\/strong> <strong>daug<\/strong> mineralini\u0173 med\u017eiag\u0173, <\/span><span class=\"OYPEnA font-feature-liga-off font-feature-clig-off font-feature-calt-off text-decoration-none text-strikethrough-none\">auk\u0161tai <strong>And\u0173 kaln\u0173 sl\u0117niuose<\/strong>.<\/span><\/p><p class=\"cvGsUA direction-ltr align-start para-style-body\"><span class=\"OYPEnA font-feature-liga-off font-feature-clig-off font-feature-calt-off text-decoration-none text-strikethrough-none\">Neskrudintos pupel\u0117s d\u017eiovinamos <strong>nat\u016braliu b\u016bdu<\/strong> \u2013 saul\u0117je, \u017eemesn\u0117je <strong>nei 46\u00b0C<\/strong> temperat\u016broje.<\/span><\/p><p class=\"cvGsUA direction-ltr align-start para-style-body\"><span class=\"OYPEnA font-feature-liga-off font-feature-clig-off font-feature-calt-off text-decoration-none text-strikethrough-none\">Taip \u0161i kakava i\u0161laiko gryniausi\u0105 savo form\u0105, <strong>neprarasdama maistini\u0173<\/strong> med\u017eiag\u0173 &#8211; gele\u017eies, vario, magnio, kalio ir antioksidant\u0173.<\/span><\/p><h3><strong>NAT\u016aRALIAI PAKELIA NUOTAIK\u0104:<\/strong><\/h3><p>Moksliniai tyrimai rodo, kad kakava padeda gerinti nuotaik\u0105 d\u0117l savo turtingo feniletilamino (PEA) \u2013 vadinamojo \u201emeil\u0117s chemikalo\u201c, kuris nat\u016braliai randamas smegenyse ir <strong>skatina jausm\u0173 ger\u0117jim\u0105<\/strong>. M\u016bs\u0173 kakavos milteliai gali pad\u0117ti jums jaustis laimingesniais ir energingesniais.<\/p><h3><strong>\u0160IRDIES DRAUGAS:<\/strong><\/h3><p>Kakavos milteliai yra <strong>puikus magnio \u0161altinis<\/strong> \u2013 mineralo, kuris yra b\u016btinas \u0161irdies sveikatai ir normaliai raumen\u0173 funkcijai. Taip pat jie yra gaus\u016bs flavonoidais, kurie padeda palaikyti kraujagysli\u0173 sveikat\u0105.<\/p><h3><strong>PUIKUS ANTIOKSIDANT\u0172 \u0160ALTINIS:<\/strong><\/h3><p>KIKI Health kakavos milteliai gali pasigirti dideliu antioksidant\u0173 kiekiu, pralenkian\u010diu net \u012fprast\u0105 \u017eali\u0105j\u0105 arbat\u0105 ar m\u0117lyn\u0117s, taip <strong>apsaugodami j\u016bs\u0173 k\u016bn\u0105<\/strong> nuo laisv\u0173j\u0173 radikal\u0173, kurie prisideda prie sen\u0117jimo ir lig\u0173 proceso.<\/p><h3><strong>UNIVERSALUMAS J\u016aS\u0172 VIRTUV\u0116JE:<\/strong><\/h3><p>\u0160ie milteliai yra nepaprastai universal\u016bs &#8211; Nuostabius kakavos miltelius naudokite savo m\u0117gstamose recept\u016brose ar tiesiog <strong>prid\u0117kite<\/strong> <strong>prie rytinio kokteilio<\/strong> ar \u0161ilto g\u0117rimo, kad kiekvienas gurk\u0161nis tapt\u0173 ne tik sveikatai naudingas, bet ir <strong>nepaprastai malonus.<\/strong><\/p><p>Pagardinkite ne tik desertus, bet ir \u012fvairius kar\u0161tuosius patiekalus, <strong>praturtinant<\/strong> juos ne\u012ftik\u0117tinu <strong>skoniu<\/strong> ir <strong>sveikata<\/strong>.<\/p><h3><strong>AUTENTI\u0160KAS IR EKOLOGI\u0160KAS PASIRINKIMAS:<\/strong><\/h3><p>M\u016bs\u0173 <strong>produkto autenti\u0161kum\u0105 garantuoja<\/strong> sertifikavimas kaip ekologi\u0161kas produktas, be joki\u0173 chemini\u0173 tr\u0105\u0161\u0173 ar pesticid\u0173, u\u017etikrinantis, kad gaunate tik geriausi\u0105, k\u0105 si\u016blo gamta.<\/p><p>KIKI Health ekologi\u0161ki kakavos milteliai \u2013 <strong>tai \u0161iuolaikinio \u017emogaus pasirinkimas<\/strong>, siekiant ne tik malonumo, bet ir sveikatos kiekvien\u0105 dien\u0105. Leiskite \u0161iam produkto \u0161velnumui ir gausiai naudai tapti dalimi j\u016bs\u0173 kasdienyb\u0117s, ir atraskite gyvenimo skon\u012f naujai!<\/p><p><img loading=\"lazy\" loading=\"lazy\" decoding=\"async\" class=\"alignnone wp-image-17489 size-full\" src=\"https:\/\/findvit.com\/wp-content\/uploads\/2024\/06\/lions-mane-grybas-rankose-simb.jpg\" alt=\"eko zenklas1\" width=\"500\" height=\"288\" srcset=\"https:\/\/findvit.com\/wp-content\/uploads\/2024\/06\/lions-mane-grybas-rankose-simb.jpg 500w, https:\/\/findvit.com\/wp-content\/uploads\/2024\/06\/lions-mane-grybas-rankose-simb-1x1.jpg 1w, https:\/\/findvit.com\/wp-content\/uploads\/2024\/06\/lions-mane-grybas-rankose-simb-10x6.jpg 10w\" sizes=\"auto, (max-width: 500px) 100vw, 500px\" \/><\/p><p>Kaip <strong>su\u017einoti,<\/strong> kurie vitaminai, mineralai ar kiti papildai <strong>tinkamiausi \u0161iuo metu<\/strong>? <strong>I\u0161bandyk<\/strong> nemokam\u0105 test\u0105 <a href=\"https:\/\/findvit.com\/testas\/\"><strong>&#8222;Tavo diena&#8221; <\/strong><\/a>!\u00a0 Kur <strong>su\u017einosi<\/strong> organizmo poreikius ir <strong>gausi<\/strong> <strong>asmenin\u0119<\/strong> rekomendacij\u0105!<\/p><h5>\u00a0<\/h5>\t\t\t\t\t\t\t\t<\/div>\n\t\t\t\t<\/div>\n\t\t\t\t\t<\/div>\n\t\t<\/div>\n\t\t\t\t<div class=\"elementor-column elementor-col-50 elementor-top-column elementor-element elementor-element-c89ad6b\" data-id=\"c89ad6b\" data-element_type=\"column\" data-e-type=\"column\">\n\t\t\t<div class=\"elementor-widget-wrap elementor-element-populated\">\n\t\t\t\t\t\t<div class=\"elementor-element elementor-element-2962464 elementor-widget elementor-widget-image\" data-id=\"2962464\" data-element_type=\"widget\" data-e-type=\"widget\" data-widget_type=\"image.default\">\n\t\t\t\t<div class=\"elementor-widget-container\">\n\t\t\t\t\t\t\t\t\t\t\t\t\t\t\t<img loading=\"lazy\" loading=\"lazy\" decoding=\"async\" width=\"900\" height=\"900\" src=\"https:\/\/findvit.com\/wp-content\/uploads\/2024\/07\/kiki-health-1-900x900.jpg\" class=\"attachment-large size-large wp-image-18005\" alt=\"kiki health kakava koliazas\" srcset=\"https:\/\/findvit.com\/wp-content\/uploads\/2024\/07\/kiki-health-1-900x900.jpg 900w, https:\/\/findvit.com\/wp-content\/uploads\/2024\/07\/kiki-health-1-600x600.jpg 600w, https:\/\/findvit.com\/wp-content\/uploads\/2024\/07\/kiki-health-1-150x150.jpg 150w, https:\/\/findvit.com\/wp-content\/uploads\/2024\/07\/kiki-health-1-768x768.jpg 768w, https:\/\/findvit.com\/wp-content\/uploads\/2024\/07\/kiki-health-1-400x400.jpg 400w, https:\/\/findvit.com\/wp-content\/uploads\/2024\/07\/kiki-health-1-100x100.jpg 100w, https:\/\/findvit.com\/wp-content\/uploads\/2024\/07\/kiki-health-1-1x1.jpg 1w, https:\/\/findvit.com\/wp-content\/uploads\/2024\/07\/kiki-health-1-10x10.jpg 10w, https:\/\/findvit.com\/wp-content\/uploads\/2024\/07\/kiki-health-1.jpg 1000w\" sizes=\"auto, (max-width: 900px) 100vw, 900px\" \/>\t\t\t\t\t\t\t\t\t\t\t\t\t\t\t<\/div>\n\t\t\t\t<\/div>\n\t\t\t\t\t<\/div>\n\t\t<\/div>\n\t\t\t\t\t<\/div>\n\t\t<\/section>\n\t\t\t\t<\/div>\n\t\t","protected":false},"excerpt":{"rendered":"<p>Ies\u0101ciet savu dienu ar maigumu, ko j\u016btat tikai tad, kad pamostaties p\u0113c lab\u0101k\u0101 miega. KIKI Health organiskais kakao pulveris nav tikai vienk\u0101r\u0161s p\u0101rtikas produkts. \u0160is <strong>ritu\u0101ls<\/strong>, kas <strong>bag\u0101tina katru dienu<\/strong> dabisks <strong>ar prieku<\/strong> un <strong>harmonija<\/strong>. Izveidot<strong> \u012bpa\u0161s br\u012bdis sev<\/strong> ar \u0161o arom\u0101tisko un bag\u0101t\u012bgo produktu.<\/p>","protected":false},"featured_media":17944,"comment_status":"open","ping_status":"closed","template":"","meta":{"_acf_changed":false,"inline_featured_image":false},"etheme_brands":[{"term_id":28,"name":"Kiki Health","slug":"kiki-health","term_group":0,"term_taxonomy_id":28,"taxonomy":"brand","description":"<h2><a href=\"https:\/\/kiki-health.com\/about-us\/\" target=\"_blank\" rel=\"noopener\"><strong>KIKI Health<\/strong><\/a><\/h2>\r\nKIKI yra prek\u0117s \u017eenklas, kuriantis novatori\u0161kus maisto papildus.\r\n\r\nKIKI yra pripa\u017eintas ir gerbiamas, kaip sveikos gyvensenos produkt\u0173 ir individualumo bei meistri\u0161kumo standartas.\r\n\r\nKIKI gim\u0117 i\u0161 noro skatinti optimali\u0105 sveikat\u0105 ir gerov\u0119, m\u016bs\u0173 tikslas ir aistra yra \u012fsigyti auk\u0161\u010diausios kokyb\u0117s, grynumo produktus i\u0161 viso pasaulio, kurie pad\u0117t\u0173 gro\u017eiui ir sveikatai.\r\n\r\nNuo pat prad\u017ei\u0173 ir iki \u0161iol KIKI Health niekada nedaro kompromis\u0173 ir nededa pried\u0173 bei naudoja prastesni\u0173 ingredient\u0173 - tik nat\u016bralios 100% veikliosios med\u017eiagos.\r\n\r\nhttps:\/\/youtu.be\/irT0ZUOzBac?t=45\r\n<h3><strong>Nat\u016braliai turtingi <\/strong><strong>vitaminais, mineralais ir b\u016btinomis\u00a0 veikliosiomis med\u017eiagomis<\/strong><\/h3>\r\nDaugelis \"KIKI Health\" produkt\u0173 turintys augalini\u0173 ir maistini\u0173 med\u017eiag\u0173\u00a0 yra sertifikuoti, kaip ekologi\u0161ki.\r\n\r\nI\u0161naudodami stiprias augalin\u0117s kilm\u0117s, nat\u016brali\u0173 ingredient\u0173 galias, kupinas esmini\u0173 augal\u0173 veikli\u0173j\u0173 med\u017eiag\u0173, vitamin\u0173 ir mineral\u0173, kad suteikt\u0173 smegenims, odai ir k\u016bnui neprilygstam\u0105 pagalb\u0105.\r\n\r\nKIKI Health tikslas yra u\u017etikrinti, kad mi\u0161iniuose neb\u016bt\u0173 sintetikos, konservant\u0173, u\u017epild\u0173 ir ri\u0161ikli\u0173, u\u017etikrinant, kad ir toliau gamint\u0173 veiksmingus, \u0161varius ir saugius papildus.\r\n\r\nPagaminta Jungtin\u0117je Karalyst\u0117je i\u0161 \u0161vari\u0173 ir tvari\u0173 ingredient\u0173.\r\n<h3><strong>Atsakingumas<\/strong><\/h3>\r\nU\u017etikrindami, kad produktai b\u016bt\u0173 atsakingai u\u017eauginti, ne tik r\u016bpinamasi aplinka, bet ir garantuojama produkto kokyb\u0119. KIKI Healt specialistai keliauja po pasaul\u012f ie\u0161kodami ekologi\u0161k\u0173, eti\u0161kai gaut\u0173 ingredient\u0173, pasi\u017eymin\u010di\u0173 geresne maistine verte, kartu pad\u0117dami vietos bendruomen\u0117ms klest\u0117ti. Maisto gamybos b\u016bdas yra labai svarbus daugeliui vartotoj\u0173, ir tai kelia susir\u016bpinim\u0105, kur\u012f mes dalijam\u0117s.\r\n<h3><strong>Minimalus apdorojimas<\/strong><\/h3>\r\nNor\u0117dami pasiekti optimal\u0173 biologin\u012f prieinamum\u0105, stengiamasi, kad ingredientai b\u016bt\u0173 kuo ar\u010diau j\u0173 nat\u016bralios b\u016bkl\u0117s. Laikomasi minimalaus perdirbimo ir kontroliuojama temperat\u016bros, i\u0161kart po derliaus nu\u0117mimo, kad b\u016bt\u0173 i\u0161laikoma visa nauda sveikatai ir gyvybi\u0161kai svarbios maistin\u0117s med\u017eiagos.\r\n\r\n<strong>Produktuose n\u0117ra<\/strong>: sintetikos, dirbtini\u0173 da\u017eikli\u0173 ir kvapi\u0173j\u0173 med\u017eiag\u0173, u\u017epild\u0173, ri\u0161ikli\u0173, dengimo med\u017eiag\u0173, lipnum\u0105 reguliuojan\u010di\u0173 med\u017eiag\u0173, cukr\u0173, glitimo, GMO, laktoz\u0117s, konservant\u0173, pagalbini\u0173 med\u017eiag\u0173.\r\n\r\nVisi ingredientai ir galutiniai produktai yra reguliariai tikrinami tre\u010diosios \u0161alies laboratorijoje. U\u017etikrinama, kad kiekviena partija b\u016bt\u0173 i\u0161bandyta d\u0117l sunki\u0173j\u0173 metal\u0173, mikroorganizm\u0173 ir pesticid\u0173 laikantis grie\u017et\u0173 kokyb\u0117s kontrol\u0117s s\u0105lyg\u0173, o rezultatai atitikt\u0173 ES ir JK ribinius reglamentus, \u012fskaitant ekologinio \u016bkininkavimo standartus.","parent":0,"count":28,"filter":"raw"}],"product_brand":[],"product_cat":[63],"product_tag":[],"class_list":{"0":"post-17931","1":"product","2":"type-product","3":"status-publish","4":"has-post-thumbnail","6":"brand-kiki-health","7":"product_cat-mineralai","9":"first","10":"outofstock","11":"taxable","12":"shipping-taxable","13":"purchasable","14":"product-type-simple"},"acf":[],"_links":{"self":[{"href":"https:\/\/findvit.com\/lv\/wp-json\/wp\/v2\/product\/17931","targetHints":{"allow":["GET"]}}],"collection":[{"href":"https:\/\/findvit.com\/lv\/wp-json\/wp\/v2\/product"}],"about":[{"href":"https:\/\/findvit.com\/lv\/wp-json\/wp\/v2\/types\/product"}],"replies":[{"embeddable":true,"href":"https:\/\/findvit.com\/lv\/wp-json\/wp\/v2\/comments?post=17931"}],"version-history":[{"count":20,"href":"https:\/\/findvit.com\/lv\/wp-json\/wp\/v2\/product\/17931\/revisions"}],"predecessor-version":[{"id":18732,"href":"https:\/\/findvit.com\/lv\/wp-json\/wp\/v2\/product\/17931\/revisions\/18732"}],"wp:featuredmedia":[{"embeddable":true,"href":"https:\/\/findvit.com\/lv\/wp-json\/wp\/v2\/media\/17944"}],"wp:attachment":[{"href":"https:\/\/findvit.com\/lv\/wp-json\/wp\/v2\/media?parent=17931"}],"wp:term":[{"taxonomy":"brand","embeddable":true,"href":"https:\/\/findvit.com\/lv\/wp-json\/wp\/v2\/etheme_brands?post=17931"},{"taxonomy":"product_brand","embeddable":true,"href":"https:\/\/findvit.com\/lv\/wp-json\/wp\/v2\/product_brand?post=17931"},{"taxonomy":"product_cat","embeddable":true,"href":"https:\/\/findvit.com\/lv\/wp-json\/wp\/v2\/product_cat?post=17931"},{"taxonomy":"product_tag","embeddable":true,"href":"https:\/\/findvit.com\/lv\/wp-json\/wp\/v2\/product_tag?post=17931"}],"curies":[{"name":"wp","href":"https:\/\/api.w.org\/{rel}","templated":true}]}}