{"id":17947,"date":"2024-07-21T11:32:53","date_gmt":"2024-07-21T08:32:53","guid":{"rendered":"https:\/\/findvit.com\/?post_type=product&#038;p=17947"},"modified":"2026-03-29T15:59:25","modified_gmt":"2026-03-29T12:59:25","slug":"kiki-health-magnesium-oil-purskiamas-magnis-jusu-gyvenimo-palydovas","status":"publish","type":"product","link":"https:\/\/findvit.com\/lv\/produktas\/kiki-health-magnesium-oil-purskiamas-magnis-jusu-gyvenimo-palydovas\/","title":{"rendered":"KIKI Health Magnesium Oil - Izsmidzin\u0101ms magnijs musku\u013ciem ar miner\u0101lviel\u0101m, 125 ml."},"content":{"rendered":"<div data-elementor-type=\"product-post\" data-elementor-id=\"17947\" class=\"elementor elementor-17947\" data-elementor-post-type=\"product\">\n\t\t\t\t\t\t<section class=\"elementor-section elementor-top-section elementor-element elementor-element-697b9d0e elementor-section-boxed elementor-section-height-default elementor-section-height-default\" data-id=\"697b9d0e\" data-element_type=\"section\">\n\t\t\t\t\t\t<div class=\"elementor-container elementor-column-gap-default\">\n\t\t\t\t\t<div class=\"elementor-column elementor-col-100 elementor-top-column elementor-element elementor-element-20e74427\" data-id=\"20e74427\" data-element_type=\"column\">\n\t\t\t<div class=\"elementor-widget-wrap elementor-element-populated\">\n\t\t\t\t\t\t<div class=\"elementor-element elementor-element-5fb87e4e elementor-absolute elementor-hidden-mobile elementor-invisible elementor-widget elementor-widget-image\" data-id=\"5fb87e4e\" data-element_type=\"widget\" data-settings=\"{&quot;motion_fx_motion_fx_scrolling&quot;:&quot;yes&quot;,&quot;motion_fx_rotateZ_effect&quot;:&quot;yes&quot;,&quot;motion_fx_rotateZ_speed&quot;:{&quot;unit&quot;:&quot;px&quot;,&quot;size&quot;:5,&quot;sizes&quot;:[]},&quot;motion_fx_range&quot;:&quot;viewport&quot;,&quot;_animation&quot;:&quot;fadeIn&quot;,&quot;_position&quot;:&quot;absolute&quot;,&quot;motion_fx_rotateZ_affectedRange&quot;:{&quot;unit&quot;:&quot;%&quot;,&quot;size&quot;:&quot;&quot;,&quot;sizes&quot;:{&quot;start&quot;:0,&quot;end&quot;:100}},&quot;motion_fx_devices&quot;:[&quot;desktop&quot;,&quot;tablet&quot;,&quot;mobile&quot;]}\" data-widget_type=\"image.default\">\n\t\t\t\t<div class=\"elementor-widget-container\">\n\t\t\t\t\t\t\t\t\t\t\t\t\t\t\t<img loading=\"lazy\" decoding=\"async\" width=\"200\" height=\"200\" src=\"https:\/\/findvit.com\/wp-content\/uploads\/2021\/09\/ratukas.svg\" class=\"attachment-full size-full wp-image-1777\" alt=\"Ritenis no anketas l\u012bdz vitam\u012bnam\" \/>\t\t\t\t\t\t\t\t\t\t\t\t\t\t\t<\/div>\n\t\t\t\t<\/div>\n\t\t\t\t\t<\/div>\n\t\t<\/div>\n\t\t\t\t\t<\/div>\n\t\t<\/section>\n\t\t\t\t<section class=\"elementor-section elementor-top-section elementor-element elementor-element-600cef05 elementor-section-boxed elementor-section-height-default elementor-section-height-default\" data-id=\"600cef05\" data-element_type=\"section\">\n\t\t\t\t\t\t<div class=\"elementor-container elementor-column-gap-no\">\n\t\t\t\t\t<div class=\"elementor-column elementor-col-50 elementor-top-column elementor-element elementor-element-48f92489\" data-id=\"48f92489\" data-element_type=\"column\">\n\t\t\t<div class=\"elementor-widget-wrap elementor-element-populated\">\n\t\t\t\t\t\t<div class=\"elementor-element elementor-element-705cac9d elementor-widget elementor-widget-heading\" data-id=\"705cac9d\" data-element_type=\"widget\" data-widget_type=\"heading.default\">\n\t\t\t\t<div class=\"elementor-widget-container\">\n\t\t\t\t\t<h2 class=\"elementor-heading-title elementor-size-default\">ATJAUNOJIET \u0136ERME\u0145A RELAKS\u0100CIJU AR KIKI HEALTH MAG\u0145IJA E\u013b\u013bAS SPREJU<\/h2>\t\t\t\t<\/div>\n\t\t\t\t<\/div>\n\t\t\t\t<div class=\"elementor-element elementor-element-40981e23 elementor-widget elementor-widget-text-editor\" data-id=\"40981e23\" data-element_type=\"widget\" data-widget_type=\"text-editor.default\">\n\t\t\t\t<div class=\"elementor-widget-container\">\n\t\t\t\t\t\t\t\t\t<h3><b>J\u016aSU ENER\u0122IJA VAIRS NAV SAPNIS: ATKL\u0100JIET JAUNO SP\u0112KAS AVOTU<\/b><\/h3><p>Atz\u012bsim \u2013 reiz\u0113m \u0161\u0137iet, ka ikdienas dz\u012bves temps p\u0101rsniedz m\u016bsu ener\u0123ijas rezerves. M\u0113s <b>m\u0113s visi v\u0113lamies vair\u0101k<\/b>: vair\u0101k aktivit\u0101tes, vair\u0101k laika ar \u0123imeni, liel\u0101ka produktivit\u0101te darb\u0101.<\/p><p>Bet, kad \u0137ermenis saka, ka es vairs nevaru, atbilde ir \u0161eit - <strong>KIKI Health Magnesium Oil Spray<\/strong>. T\u0101 nav vienk\u0101r\u0161a relaks\u0101cija p\u0113c smagas dienas. Tas ir tavs slepenais ierocis pret nogurumu, stresu un ener\u0123ijas tr\u016bkumu, \u013caujot va\u013cu <b>izbaudi katru mirkli<\/b> nej\u016btot \u0137erme\u0146a smagumu.<\/p><h3><strong>ATBR\u012aVOJIES NO NOguruma: ATKL\u0100JIET ATP\u016aTAS AVOTU<\/strong><\/h3><p>Viena no m\u016bsu liel\u0101kaj\u0101m bail\u0113m ir kontroles zaud\u0113\u0161ana p\u0101r past\u0101v\u012bgu nogurumu un psiholo\u0123isko stresu. <strong>KIKI Health Magnesium Oil Spray<\/strong> pal\u012bdz viegli p\u0101rvar\u0113t \u0161\u012bs bailes, nodro\u0161inot <b>t\u016bl\u012bt\u0113ja relaks\u0101cija<\/b>. Izsmidzin\u0101ta tie\u0161i uz \u0101das, magnija e\u013c\u013ca \u0101tri, uzreiz uzs\u016bcas <b>samazinot musku\u013cu sasprindzin\u0101jumu<\/b> un veicinot relaks\u0101ciju.<\/p><h3><strong>SVAR\u012aGS ATKL\u0100JUMS: AUTENTISKS LABKL\u0100J\u012aBAS AVOTS<\/strong><\/h3><p>Visi grib m\u016bs <b>justies veselam<\/b>, ener\u0123isks un dz\u012bvespriec\u012bgs. Bet da\u017ereiz ir gr\u016bti atrast produktus, kas ne tikai sola, bet ar\u012b patie\u0161\u0101m darbojas. M\u016bsu klienti apstiprina - <strong>KIKI Health Magnesium Oil Spray<\/strong> ir tie\u0161i kura produkts <b>j\u016bs mekl\u0113j\u0101t<\/b>. Tas ne tikai efekt\u012bvi samazina musku\u013cu s\u0101pes vai uzlabo miegu, bet ar\u012b <b>dod <\/b>ilgtermi\u0146a emocion\u0101lais gandar\u012bjums, kura tik \u013coti pietr\u016bkst m\u016bsdienu steidz\u012bgaj\u0101 dz\u012bv\u0113.<\/p><h3><strong>JAUNS VAKARA RITU\u0100LS: GUL\u0112 TIK DZI\u013bI, K\u0100 V\u0112L<\/strong><\/h3><p>Iedom\u0101jieties atn\u0101k\u0161anu m\u0101j\u0101s p\u0113c garas un nogurdino\u0161as dienas. J\u016bsu \u0137ermenis un pr\u0101ts kliedz p\u0113c atp\u016btas. J\u016bs pa\u0146emat pudeli <strong>KIKI Health Magnesium Oil Spray<\/strong>, j\u016bs vair\u0101kas reizes izsmidzin\u0101t uz k\u0101j\u0101m un te\u013ciem. <b>Maigs<\/b>, <b>pat\u012bkami <\/b>e\u013c\u013cas saj\u016bta, viegla nomierino\u0161a tirp\u0161ana uz \u0101das un klusums. Dr\u012bz vien sajut\u012bsi, k\u0101 <b>spriedze atst\u0101j j\u016bsu \u0137ermeni<\/b>, un domas nomierin\u0101s. <b>Gul\u0113t <\/b>k\u013c\u016bst <b>dzi\u013c\u0101k<\/b>, un no r\u012bta tu pamosties spirgts un gatavs jaunai dienai. \u0160is ritu\u0101ls k\u013c\u016bst par j\u016bsu ikdienas rut\u012bnu <b>apmierin\u0101t\u012bba <\/b>un <b>sirdsmieru <\/b>avots.<\/p><h3><strong>DIENAS DEVA J\u016aSU LABSAJ\u016aTAI<\/strong><\/h3><p><strong>KIKI Health Magnesium Oil Spray<\/strong> nav vienk\u0101r\u0161s produkts \u2013 tas ir ikdienas ieguld\u012bjums tav\u0101 labkl\u0101j\u012bb\u0101. Ar \u0161o aerosolu j\u016bs neesat viens <b>tu uzlabo sav\u0113jo <\/b>fiziskais <b>st\u0101vokli<\/b>, bet ar\u012b <b>tu stiprin\u0101si <\/b>psiholo\u0123isks <b>notur\u012bba<\/b>, m\u0101coties maigi un efekt\u012bvi r\u016bp\u0113ties par sevi. Uzaiciniet \u0161o produktu sav\u0101 dz\u012bv\u0113 un \u013caujiet tam k\u013c\u016bt par j\u016bsu mieru un <b>ener\u0123ijas avots<\/b>.<\/p><h3><strong>PRODUKTA EKSKLUZ\u012aVS RAKSTUROJUMS: DABA UN ZIN\u0100TNE ROKU ROK\u0100<\/strong><\/h3><p>M\u016bs\u0113jie <strong>KIKI Health Magnesium Oil Spray<\/strong> ir vair\u0101k nek\u0101 tikai magnija avots. \u0160\u012b produkta unikalit\u0101te ir t\u0101da <b>unik\u0101la kombin\u0101cija <\/b>starp t\u012bru, dabiski ieg\u016btu magniju un zin\u0101tniski pier\u0101d\u012btiem prepar\u0101tiem, kas <b>nodro\u0161ina <\/b>optim\u0101ls <b>absorbcija <\/b>un efektivit\u0101ti. R\u016bp\u012bgi atlas\u012bti magnija s\u0101\u013ci tiek ieg\u016bti no senajiem Zeh\u0161teinas j\u016bras dz\u012bl\u0113m, kas ir slavena ar savu senatn\u012bgo, nepies\u0101r\u0146oto un \u0101rk\u0101rt\u012bgi <b>t\u012brs <\/b>magnijs <b>kvalit\u0101tes l\u012bmenis<\/b>.<\/p><h3><b>J\u016aT\u012aTIES LABI \u2013 SUPER\u012aGI<\/b><\/h3><p>Dz\u012bvo dz\u012bvi piln\u012bb\u0101 bez kompromisiem ar <strong>KIKI Health Magnesium Oil Spray<\/strong>. M\u016bsu produkts ir paredz\u0113ts jums - <b>m\u016bsdienu cilv\u0113kam<\/b>, kas v\u0113las ne tikai dz\u012bvot, bet ar\u012b <b>baud\u012bt <\/b>katru dz\u012bvi <b>mirklis <\/b>ar smaidu. Izmantojiet \u0161o apbr\u012bnojamo produktu un saj\u016btiet, k\u0101 katra t\u0101 da\u013ca sniedz jums ieguld\u012bjumu <b>person\u012bg\u0101 laime <\/b>un <b>labkl\u0101j\u012bbu<\/b>.<\/p><p><img loading=\"lazy\" decoding=\"async\" class=\"alignnone size-medium wp-image-17971\" src=\"https:\/\/findvit.com\/wp-content\/uploads\/2024\/07\/kiki-kealth-puskiamas-magnis-ir-jo-naudos-600x600.jpg\" alt=\"kiki kealth injic\u0113jamais magnijs un t\u0101 priek\u0161roc\u012bbas\" width=\"600\" height=\"600\" srcset=\"https:\/\/findvit.com\/wp-content\/uploads\/2024\/07\/kiki-kealth-puskiamas-magnis-ir-jo-naudos-600x600.jpg 600w, https:\/\/findvit.com\/wp-content\/uploads\/2024\/07\/kiki-kealth-puskiamas-magnis-ir-jo-naudos-900x900.jpg 900w, https:\/\/findvit.com\/wp-content\/uploads\/2024\/07\/kiki-kealth-puskiamas-magnis-ir-jo-naudos-150x150.jpg 150w, https:\/\/findvit.com\/wp-content\/uploads\/2024\/07\/kiki-kealth-puskiamas-magnis-ir-jo-naudos-768x768.jpg 768w, https:\/\/findvit.com\/wp-content\/uploads\/2024\/07\/kiki-kealth-puskiamas-magnis-ir-jo-naudos-400x400.jpg 400w, https:\/\/findvit.com\/wp-content\/uploads\/2024\/07\/kiki-kealth-puskiamas-magnis-ir-jo-naudos-100x100.jpg 100w, https:\/\/findvit.com\/wp-content\/uploads\/2024\/07\/kiki-kealth-puskiamas-magnis-ir-jo-naudos-1x1.jpg 1w, https:\/\/findvit.com\/wp-content\/uploads\/2024\/07\/kiki-kealth-puskiamas-magnis-ir-jo-naudos-10x10.jpg 10w, https:\/\/findvit.com\/wp-content\/uploads\/2024\/07\/kiki-kealth-puskiamas-magnis-ir-jo-naudos.jpg 1000w\" sizes=\"auto, (max-width: 600px) 100vw, 600px\" \/><\/p>\t\t\t\t\t\t\t\t<\/div>\n\t\t\t\t<\/div>\n\t\t\t\t\t<\/div>\n\t\t<\/div>\n\t\t\t\t<div class=\"elementor-column elementor-col-50 elementor-top-column elementor-element elementor-element-4dd6c130\" data-id=\"4dd6c130\" data-element_type=\"column\">\n\t\t\t<div class=\"elementor-widget-wrap elementor-element-populated\">\n\t\t\t\t\t\t<div class=\"elementor-element elementor-element-7314983a elementor-widget elementor-widget-image\" data-id=\"7314983a\" data-element_type=\"widget\" data-widget_type=\"image.default\">\n\t\t\t\t<div class=\"elementor-widget-container\">\n\t\t\t\t\t\t\t\t\t\t\t\t\t\t\t<img decoding=\"async\" src=\"https:\/\/findvit.com\/wp-content\/uploads\/2024\/07\/magnis-koliazas-kiki-health.jpg\" title=\"\" alt=\"magnija kolag\u0113na kiki vesel\u012bba\" loading=\"lazy\" \/>\t\t\t\t\t\t\t\t\t\t\t\t\t\t\t<\/div>\n\t\t\t\t<\/div>\n\t\t\t\t\t<\/div>\n\t\t<\/div>\n\t\t\t\t\t<\/div>\n\t\t<\/section>\n\t\t\t\t<\/div>","protected":false},"excerpt":{"rendered":"<p>Atp\u016btieties un atjaunojiet savu ener\u0123iju ar <strong>KIKI Health Magnesium Oil Spray<\/strong>. Katrs no \u0161iem <strong>unik\u0101la<\/strong> aerosola lieto\u0161ana ir tikpat maiga, bet <strong>sp\u0113c\u012bgs saj\u016btu apsk\u0101viens<\/strong>, kas <strong>atgrie\u017eas<\/strong> tev <strong>atslodzes prieks<\/strong>, <strong>ener\u0123iju<\/strong> un <strong>sirdsmieru<\/strong>. \u0160is <strong>dab\u012bgais eliks\u012brs<\/strong>, kas izgatavots no magnija s\u0101\u013ciem, kas ieg\u016bti no zemes dz\u012bl\u0113m, ir <strong>g\u0101d\u012bgs<\/strong> \u017eests sev - ka katrs <strong>diena<\/strong> b\u016btu <strong>pilns ar<\/strong> <strong>sp\u0113kus<\/strong> un <strong>pretest\u012bba<\/strong> stresam.<\/p>","protected":false},"featured_media":17979,"comment_status":"open","ping_status":"closed","template":"","meta":{"_acf_changed":false,"inline_featured_image":false},"etheme_brands":[{"term_id":28,"name":"Kiki Health","slug":"kiki-health","term_group":0,"term_taxonomy_id":28,"taxonomy":"brand","description":"<h2><a href=\"https:\/\/kiki-health.com\/about-us\/\" target=\"_blank\" rel=\"noopener\"><strong>KIKI Health<\/strong><\/a><\/h2>\r\nKIKI yra prek\u0117s \u017eenklas, kuriantis novatori\u0161kus maisto papildus.\r\n\r\nKIKI yra pripa\u017eintas ir gerbiamas, kaip sveikos gyvensenos produkt\u0173 ir individualumo bei meistri\u0161kumo standartas.\r\n\r\nKIKI gim\u0117 i\u0161 noro skatinti optimali\u0105 sveikat\u0105 ir gerov\u0119, m\u016bs\u0173 tikslas ir aistra yra \u012fsigyti auk\u0161\u010diausios kokyb\u0117s, grynumo produktus i\u0161 viso pasaulio, kurie pad\u0117t\u0173 gro\u017eiui ir sveikatai.\r\n\r\nNuo pat prad\u017ei\u0173 ir iki \u0161iol KIKI Health niekada nedaro kompromis\u0173 ir nededa pried\u0173 bei naudoja prastesni\u0173 ingredient\u0173 - tik nat\u016bralios 100% veikliosios med\u017eiagos.\r\n\r\nhttps:\/\/youtu.be\/irT0ZUOzBac?t=45\r\n<h3><strong>Nat\u016braliai turtingi <\/strong><strong>vitaminais, mineralais ir b\u016btinomis\u00a0 veikliosiomis med\u017eiagomis<\/strong><\/h3>\r\nDaugelis \"KIKI Health\" produkt\u0173 turintys augalini\u0173 ir maistini\u0173 med\u017eiag\u0173\u00a0 yra sertifikuoti, kaip ekologi\u0161ki.\r\n\r\nI\u0161naudodami stiprias augalin\u0117s kilm\u0117s, nat\u016brali\u0173 ingredient\u0173 galias, kupinas esmini\u0173 augal\u0173 veikli\u0173j\u0173 med\u017eiag\u0173, vitamin\u0173 ir mineral\u0173, kad suteikt\u0173 smegenims, odai ir k\u016bnui neprilygstam\u0105 pagalb\u0105.\r\n\r\nKIKI Health tikslas yra u\u017etikrinti, kad mi\u0161iniuose neb\u016bt\u0173 sintetikos, konservant\u0173, u\u017epild\u0173 ir ri\u0161ikli\u0173, u\u017etikrinant, kad ir toliau gamint\u0173 veiksmingus, \u0161varius ir saugius papildus.\r\n\r\nPagaminta Jungtin\u0117je Karalyst\u0117je i\u0161 \u0161vari\u0173 ir tvari\u0173 ingredient\u0173.\r\n<h3><strong>Atsakingumas<\/strong><\/h3>\r\nU\u017etikrindami, kad produktai b\u016bt\u0173 atsakingai u\u017eauginti, ne tik r\u016bpinamasi aplinka, bet ir garantuojama produkto kokyb\u0119. KIKI Healt specialistai keliauja po pasaul\u012f ie\u0161kodami ekologi\u0161k\u0173, eti\u0161kai gaut\u0173 ingredient\u0173, pasi\u017eymin\u010di\u0173 geresne maistine verte, kartu pad\u0117dami vietos bendruomen\u0117ms klest\u0117ti. Maisto gamybos b\u016bdas yra labai svarbus daugeliui vartotoj\u0173, ir tai kelia susir\u016bpinim\u0105, kur\u012f mes dalijam\u0117s.\r\n<h3><strong>Minimalus apdorojimas<\/strong><\/h3>\r\nNor\u0117dami pasiekti optimal\u0173 biologin\u012f prieinamum\u0105, stengiamasi, kad ingredientai b\u016bt\u0173 kuo ar\u010diau j\u0173 nat\u016bralios b\u016bkl\u0117s. Laikomasi minimalaus perdirbimo ir kontroliuojama temperat\u016bros, i\u0161kart po derliaus nu\u0117mimo, kad b\u016bt\u0173 i\u0161laikoma visa nauda sveikatai ir gyvybi\u0161kai svarbios maistin\u0117s med\u017eiagos.\r\n\r\n<strong>Produktuose n\u0117ra<\/strong>: sintetikos, dirbtini\u0173 da\u017eikli\u0173 ir kvapi\u0173j\u0173 med\u017eiag\u0173, u\u017epild\u0173, ri\u0161ikli\u0173, dengimo med\u017eiag\u0173, lipnum\u0105 reguliuojan\u010di\u0173 med\u017eiag\u0173, cukr\u0173, glitimo, GMO, laktoz\u0117s, konservant\u0173, pagalbini\u0173 med\u017eiag\u0173.\r\n\r\nVisi ingredientai ir galutiniai produktai yra reguliariai tikrinami tre\u010diosios \u0161alies laboratorijoje. U\u017etikrinama, kad kiekviena partija b\u016bt\u0173 i\u0161bandyta d\u0117l sunki\u0173j\u0173 metal\u0173, mikroorganizm\u0173 ir pesticid\u0173 laikantis grie\u017et\u0173 kokyb\u0117s kontrol\u0117s s\u0105lyg\u0173, o rezultatai atitikt\u0173 ES ir JK ribinius reglamentus, \u012fskaitant ekologinio \u016bkininkavimo standartus.","parent":0,"count":28,"filter":"raw"}],"product_brand":[],"product_cat":[646,645,63,15],"product_tag":[650,660,96],"class_list":{"0":"post-17947","1":"product","2":"type-product","3":"status-publish","4":"has-post-thumbnail","6":"brand-kiki-health","7":"product_cat-papildai-moterims","8":"product_cat-geriausi-papildai-vyrams","9":"product_cat-mineralai","10":"product_cat-produktai","11":"product_tag-atsipalaidavimui","12":"product_tag-esminiai-vitaminai-moterims","13":"product_tag-raumenims","15":"first","16":"instock","17":"sale","18":"taxable","19":"shipping-taxable","20":"purchasable","21":"product-type-simple"},"acf":[],"_links":{"self":[{"href":"https:\/\/findvit.com\/lv\/wp-json\/wp\/v2\/product\/17947","targetHints":{"allow":["GET"]}}],"collection":[{"href":"https:\/\/findvit.com\/lv\/wp-json\/wp\/v2\/product"}],"about":[{"href":"https:\/\/findvit.com\/lv\/wp-json\/wp\/v2\/types\/product"}],"replies":[{"embeddable":true,"href":"https:\/\/findvit.com\/lv\/wp-json\/wp\/v2\/comments?post=17947"}],"version-history":[{"count":17,"href":"https:\/\/findvit.com\/lv\/wp-json\/wp\/v2\/product\/17947\/revisions"}],"predecessor-version":[{"id":18731,"href":"https:\/\/findvit.com\/lv\/wp-json\/wp\/v2\/product\/17947\/revisions\/18731"}],"wp:featuredmedia":[{"embeddable":true,"href":"https:\/\/findvit.com\/lv\/wp-json\/wp\/v2\/media\/17979"}],"wp:attachment":[{"href":"https:\/\/findvit.com\/lv\/wp-json\/wp\/v2\/media?parent=17947"}],"wp:term":[{"taxonomy":"brand","embeddable":true,"href":"https:\/\/findvit.com\/lv\/wp-json\/wp\/v2\/etheme_brands?post=17947"},{"taxonomy":"product_brand","embeddable":true,"href":"https:\/\/findvit.com\/lv\/wp-json\/wp\/v2\/product_brand?post=17947"},{"taxonomy":"product_cat","embeddable":true,"href":"https:\/\/findvit.com\/lv\/wp-json\/wp\/v2\/product_cat?post=17947"},{"taxonomy":"product_tag","embeddable":true,"href":"https:\/\/findvit.com\/lv\/wp-json\/wp\/v2\/product_tag?post=17947"}],"curies":[{"name":"wp","href":"https:\/\/api.w.org\/{rel}","templated":true}]}}