{"id":1949,"date":"2021-10-08T12:38:36","date_gmt":"2021-10-08T09:38:36","guid":{"rendered":"https:\/\/findvit.com\/?post_type=product&#038;p=1949"},"modified":"2025-06-02T16:49:20","modified_gmt":"2025-06-02T13:49:20","slug":"trace-minerals-skysti-vitaminai-imunitetui-su-mineralais-887-ml","status":"publish","type":"product","link":"https:\/\/findvit.com\/lv\/produktas\/trace-minerals-skysti-vitaminai-imunitetui-su-mineralais-887-ml\/","title":{"rendered":"Trace Minerals \u0161\u0137idrums Vitam\u012bni imunit\u0101tei ar Minerals, 887 ml"},"content":{"rendered":"\t\t<div data-elementor-type=\"product-post\" data-elementor-id=\"1949\" class=\"elementor elementor-1949\" data-elementor-post-type=\"product\">\n\t\t\t\t\t\t<section class=\"elementor-section elementor-top-section elementor-element elementor-element-e9886d6 elementor-section-boxed elementor-section-height-default elementor-section-height-default\" data-id=\"e9886d6\" data-element_type=\"section\" data-e-type=\"section\">\n\t\t\t\t\t\t<div class=\"elementor-container elementor-column-gap-default\">\n\t\t\t\t\t<div class=\"elementor-column elementor-col-100 elementor-top-column elementor-element elementor-element-07134da\" data-id=\"07134da\" data-element_type=\"column\" data-e-type=\"column\">\n\t\t\t<div class=\"elementor-widget-wrap elementor-element-populated\">\n\t\t\t\t\t\t<div class=\"elementor-element elementor-element-c973584 elementor-absolute elementor-hidden-mobile elementor-invisible elementor-widget elementor-widget-image\" data-id=\"c973584\" data-element_type=\"widget\" data-e-type=\"widget\" data-settings=\"{&quot;motion_fx_motion_fx_scrolling&quot;:&quot;yes&quot;,&quot;motion_fx_rotateZ_effect&quot;:&quot;yes&quot;,&quot;motion_fx_rotateZ_speed&quot;:{&quot;unit&quot;:&quot;px&quot;,&quot;size&quot;:5,&quot;sizes&quot;:[]},&quot;motion_fx_range&quot;:&quot;viewport&quot;,&quot;_animation&quot;:&quot;fadeIn&quot;,&quot;_position&quot;:&quot;absolute&quot;,&quot;motion_fx_rotateZ_affectedRange&quot;:{&quot;unit&quot;:&quot;%&quot;,&quot;size&quot;:&quot;&quot;,&quot;sizes&quot;:{&quot;start&quot;:0,&quot;end&quot;:100}},&quot;motion_fx_devices&quot;:[&quot;desktop&quot;,&quot;tablet&quot;,&quot;mobile&quot;]}\" data-widget_type=\"image.default\">\n\t\t\t\t<div class=\"elementor-widget-container\">\n\t\t\t\t\t\t\t\t\t\t\t\t\t\t\t<img loading=\"lazy\" loading=\"lazy\" decoding=\"async\" width=\"200\" height=\"200\" src=\"https:\/\/findvit.com\/wp-content\/uploads\/2021\/09\/ratukas.svg\" class=\"attachment-full size-full wp-image-1777\" alt=\"Ratukas nuo klausimyno iki vitamino\" \/>\t\t\t\t\t\t\t\t\t\t\t\t\t\t\t<\/div>\n\t\t\t\t<\/div>\n\t\t\t\t\t<\/div>\n\t\t<\/div>\n\t\t\t\t\t<\/div>\n\t\t<\/section>\n\t\t\t\t<section class=\"elementor-section elementor-top-section elementor-element elementor-element-f3dde90 elementor-section-boxed elementor-section-height-default elementor-section-height-default\" data-id=\"f3dde90\" data-element_type=\"section\" data-e-type=\"section\">\n\t\t\t\t\t\t<div class=\"elementor-container elementor-column-gap-no\">\n\t\t\t\t\t<div class=\"elementor-column elementor-col-50 elementor-top-column elementor-element elementor-element-d43d58f\" data-id=\"d43d58f\" data-element_type=\"column\" data-e-type=\"column\">\n\t\t\t<div class=\"elementor-widget-wrap elementor-element-populated\">\n\t\t\t\t\t\t<div class=\"elementor-element elementor-element-598c60f elementor-widget elementor-widget-heading\" data-id=\"598c60f\" data-element_type=\"widget\" data-e-type=\"widget\" data-widget_type=\"heading.default\">\n\t\t\t\t<div class=\"elementor-widget-container\">\n\t\t\t\t\t<h2 class=\"elementor-heading-title elementor-size-default\">Trace Minerals  Vitamin\u0173 ir Mineral\u0173 kompleksas<\/h2>\t\t\t\t<\/div>\n\t\t\t\t<\/div>\n\t\t\t\t<div class=\"elementor-element elementor-element-df9436a elementor-widget elementor-widget-text-editor\" data-id=\"df9436a\" data-element_type=\"widget\" data-e-type=\"widget\" data-widget_type=\"text-editor.default\">\n\t\t\t\t<div class=\"elementor-widget-container\">\n\t\t\t\t\t\t\t\t\t<p><strong>Multivitamin\u0173 ir mineral\u0173 papildas, kuris yra sukurtas atsi\u017evelgiant \u012f vyr\u0173 ir moter\u0173 mitybos poreikius.<br \/><br \/><\/strong>Vertinamas vitamin\u0173 ir mineral\u0173 kompleksas praturtintas ConcenTrace joniniais j\u016bros mineralais. Pagamintas naudojant auk\u0161tos kokyb\u0117s ingredientus ir yra idealus pasirinkimas tiems, kurie nori papildyti vitaminais ir mineralais.<strong><br \/><\/strong><\/p><h3><strong>TURTINGA SUD\u0116TIS<\/strong><\/h3><p>\u0160is papildas sud\u0117tyje <strong>turi daugiau nei 90<\/strong> maisting\u0173j\u0173 med\u017eiag\u0173, kurios skirtos Jums.<\/p><p>Tarp j\u0173 yra B grup\u0117s vitaminai:<br \/>Vitaminas B12 svarbus <strong>normaliai nerv\u0173 sistemos <\/strong><br \/><strong>veiklai<\/strong>.<br \/><br \/>Riboflavinas padeda<strong> ma\u017einti <\/strong><br \/><strong>pavargimo jausm\u0105<\/strong> ir <br \/>nuovarg\u012f <br \/><br \/>Taip pat yra antioksidantai, tokie kaip vitaminai C, kuris\u00a0svarbus normaliai <strong>imunin\u0117s sistemos veiklai<\/strong> <br \/>palaikyti intensyvaus fizinio <br \/>kr\u016bvio metu ir po jo<br \/><br \/>Vitaminas E <strong>padeda apsaugoti l\u0105steles<\/strong> nuo oksidacin\u0117s <br \/>pa\u017eaidos.<\/p><p>\u017dinoma dar sud\u0117tyje prie vis\u0173 vitamin\u0173 suteikiamos naudos dar yra mineralai, kurie suteikia dar didesn\u0117s vert\u0117.<\/p><h3><strong>UNIKALUS<\/strong><\/h3><p>\u0160is papildas taip pat yra unikalus d\u0117l to, kad jame yra 72+ jonizuot\u0173 mikroelement\u0173 ir makroelement\u0173, kurie yra gauti i\u0161 Did\u017eiojo druskos e\u017eero vandens. <br \/>Jonizuoti mikroelementai yra labai vertinami d\u0117l savo savybi\u0173. <br \/>Tarp \u0161i\u0173 mikroelement\u0173 yra magnis, kalcis, gele\u017eis, jodas, chromas ir kt.<\/p><p><span style=\"font-weight: 400;\"><strong>Patartina<\/strong> kai:\u00a0<\/span><span style=\"font-weight: 400;\"> jau\u010diamas energijos tr\u016bkumas, tr\u016bkstant mineral\u0173 mityboje. <\/span><span style=\"font-weight: 400;\"><strong>Padeda<\/strong> sustipr\u0117ti ir atgauti j\u0117gas, padidina imuniteto apsaug\u0105.\u00a0<\/span><br \/><strong>Vitaminai ir Mineralai svarb\u016bs, apsaugo ir padeda<\/strong> palaikyti normali\u0105 \u0161i\u0173 sistem\u0173 b\u016bkl\u0119 ir funkcijas:<\/p><h3><strong>MALONUS VARTOTI<\/strong><\/h3><p>\u0160is papildas yra skanus ir lengvai vartojamas. Turtingas vaisi\u0173 skonis yra malonus ir skanus gerti.<br \/><br \/>Vienoje porcijoje (30 ml) yra 30 kalorij\u0173, 7 g angliavandeni\u0173 ir 0 g baltym\u0173. Rekomenduojama vartoti po 1-2 valg. \u0160. (15-30 ml) per dien\u0105 su sultimis ar vandens stikline.\u00a0 Gerai supurtyti prie\u0161 vartojim\u0105. Atidarius laikytis \u0161aldytuve!<\/p><p>Jei nori su\u017einoti <strong>daugiau<\/strong>, apie \u0161iuo metu <strong>tinkamiausius<\/strong> vitaminus ar kitus papildus, \u00a0atlik test\u0105 <a href=\"https:\/\/findvit.com\/testas\/\"><strong>&#8222;Tavo diena&#8221;<\/strong><\/a> ir gauk\u00a0 <strong>asmenin\u0119<\/strong> rekomendacij\u0105!<\/p>\t\t\t\t\t\t\t\t<\/div>\n\t\t\t\t<\/div>\n\t\t\t\t\t<\/div>\n\t\t<\/div>\n\t\t\t\t<div class=\"elementor-column elementor-col-50 elementor-top-column elementor-element elementor-element-616bc1c\" data-id=\"616bc1c\" data-element_type=\"column\" data-e-type=\"column\">\n\t\t\t<div class=\"elementor-widget-wrap elementor-element-populated\">\n\t\t\t\t\t\t<div class=\"elementor-element elementor-element-618f4fb elementor-widget elementor-widget-image\" data-id=\"618f4fb\" data-element_type=\"widget\" data-e-type=\"widget\" data-widget_type=\"image.default\">\n\t\t\t\t<div class=\"elementor-widget-container\">\n\t\t\t\t\t\t\t\t\t\t\t\t\t\t\t<img loading=\"lazy\" loading=\"lazy\" decoding=\"async\" width=\"900\" height=\"900\" src=\"https:\/\/findvit.com\/wp-content\/uploads\/2021\/10\/Ko-6-900x900.jpg\" class=\"attachment-large size-large wp-image-2480\" alt=\"Laiminga \u0161eima, kai visi sveiki\" srcset=\"https:\/\/findvit.com\/wp-content\/uploads\/2021\/10\/Ko-6-900x900.jpg 900w, https:\/\/findvit.com\/wp-content\/uploads\/2021\/10\/Ko-6-600x600.jpg 600w, https:\/\/findvit.com\/wp-content\/uploads\/2021\/10\/Ko-6-150x150.jpg 150w, https:\/\/findvit.com\/wp-content\/uploads\/2021\/10\/Ko-6-768x768.jpg 768w, https:\/\/findvit.com\/wp-content\/uploads\/2021\/10\/Ko-6-1x1.jpg 1w, https:\/\/findvit.com\/wp-content\/uploads\/2021\/10\/Ko-6-10x10.jpg 10w, https:\/\/findvit.com\/wp-content\/uploads\/2021\/10\/Ko-6-100x100.jpg 100w, https:\/\/findvit.com\/wp-content\/uploads\/2021\/10\/Ko-6.jpg 1000w\" sizes=\"auto, (max-width: 900px) 100vw, 900px\" \/>\t\t\t\t\t\t\t\t\t\t\t\t\t\t\t<\/div>\n\t\t\t\t<\/div>\n\t\t\t\t\t<\/div>\n\t\t<\/div>\n\t\t\t\t\t<\/div>\n\t\t<\/section>\n\t\t\t\t<\/div>\n\t\t","protected":false},"excerpt":{"rendered":"<p>Vitam\u012bni imunit\u0101tes stiprin\u0101\u0161anai kop\u0101 ar Miner\u0101lviel\u0101m. Sp\u0113c\u012bgs komplekss im\u016bnsist\u0113mas stiprin\u0101\u0161anai un organisma atjauno\u0161anai p\u0113c slim\u012bbas. Satur visus nepiecie\u0161amos vitam\u012bnus un miner\u0101lvielas. Pat\u012bkama gar\u0161a. Piem\u0113rots visai \u0123imenei. 887 ml. jaudu Gada laik\u0101 ieteicams lietot vair\u0101kus kop\u0101, lai nodro\u0161in\u0101tu organismu ar nepiecie\u0161amajiem vitam\u012bniem un miner\u0101lviel\u0101m.<\/p>","protected":false},"featured_media":2706,"comment_status":"open","ping_status":"closed","template":"","meta":{"_acf_changed":false,"inline_featured_image":false},"etheme_brands":[{"term_id":38,"name":"Trace Minerals","slug":"trace-minerals","term_group":0,"term_taxonomy_id":38,"taxonomy":"brand","description":"<h2><strong>Trace minerals<\/strong><\/h2>\r\n\"Trace Minerals\" yra \u017einomas jonini\u0173 mineralini\u0173 papild\u0173 prek\u0117s \u017eenklas, kuriuo pasitikima beveik 50 met\u0173.\r\n\r\n<strong>Gamintojo misija<\/strong>\r\n\r\n\"Trace Minerals\" mato pasaul\u012f, kuriame \u017emon\u0117s yra\r\natsakingi u\u017e savo sveikat\u0105. Laikas, kai visi \u017emon\u0117s yra nori ir gali\r\ngyventi sveikiau. Joniniai mineralai yra pasiekiami visiems norintiems. Daugiau nei 50 met\u0173 \"Trace Minerals\" prek\u0117s \u017eenklo\r\nproduktai visame pasaulyje buvo pripa\u017einti jonini\u0173 produkt\u0173 pradininkais.\r\n\r\nVisus 50 met\u0173 Trace Minerals vertyb\u0117s yra:\r\n\r\n1. Bekompromis\u0117 kokyb\u0117, nuo kurios priklauso \u017emoni\u0173 savijauta.\r\n2. Neprilygstama aptarnavimas, kuris leid\u017eia klientams \u0161ypsotis.\r\n3. Nuolatinis pajam\u0173 augimas diegiant inovacijas ir kuriant produktus.\r\n4. Ugdomieji u\u017esi\u0117mimai.\r\n5. Lyderyst\u0117 savo srities pramon\u0117je.\r\n6. Lojalumas ir s\u0105\u017einingumas patikimiems darbuotojams ir verslo partneriams.\r\n<h3><strong>Garantija<\/strong><\/h3>\r\nGamintojas tiki, kad maisto papildai tur\u0117t\u0173 atne\u0161ti pastebimus\r\nrezultatus. Trace minerals \u012fsipareigojimas siekti pastebim\u0173 rezultat\u0173 yra\r\n\"Trace Minerals research\" filosofija.\r\n\r\nBeveik penkis de\u0161imtme\u010dius \"Trace Minerals\" prek\u0117s \u017eenklo produktai pad\u0117jo \u017emon\u0117ms priimti pagr\u012fstus sprendimus pasirenkant tinkamus produktus. Trce Minerals t\u0119stinis \u012fsipareigojimas yra paprastas: gaminti auk\u0161\u010diausios kokyb\u0117s produktus, paremtus moksliniais tyrimais, pagamintus u\u017e teising\u0105 kain\u0105 ir garantuojama, kad bus\r\npagerinti gyvenimai t\u0173, kurie vartoja kokybi\u0161kus produktus. Trace minerals visada tai dar\u0117 ir toliau t\u0105 darys.\r\n\r\nhttps:\/\/youtu.be\/hbeINVcx5FY?t=77\r\n<h3><strong>Mokslas ir tyrimai<\/strong><\/h3>\r\nGamintojas gavo \u0161e\u0161i\u0173 m\u0117nesi\u0173 klinikinio tyrimo \"ConcenTrace\u00ae\" rezultatus. \"Trace Mineral Drops\", jo pavyzdinis jonini\u0173 mineralinis papildas, kuriame yra visas spektras nat\u016braliai atsirandan\u010di\u0173 mikroelement\u0173.\r\n\r\nDalyviams buvo skiriama po 40 la\u0161\u0173 ConcenTrace\u00ae arba placebo per par\u0105\r\n24 savaites. Tyrime teigiama, kad \"veiksmingum\u0105 objektyviai patvirtino\r\n\u012fvertinti s\u0105nari\u0173 kremzl\u0117s storio, s\u0105nario erdv\u0117s plo\u010dio poky\u010dius\r\nir sinovinio skys\u010dio sud\u0117tis\". 24 savai\u010di\u0173 rezultatai rodo, kad \"ultrasonografija ir sinovinio skys\u010dio tyrimas atskleid\u0117 kremzl\u0117s\r\nstrukt\u016bros pager\u0117jim\u0105\".\r\n\r\n\u0160is preliminarus tyrimas parodo, kad ConcenTrace\u00ae pagerina s\u0105nari\u0173 sveikat\u0105.\r\n<h3><strong>Sertifikatai<\/strong><\/h3>\r\nKokyb\u0117 visada buvo svarbiausias <a href=\"https:\/\/www.traceminerals.com\/\" target=\"_blank\" rel=\"noopener\">\"Trace Minerals\"<\/a> prioritetas. Per daugel\u012f met\u0173\u00a0 akylai tobulino gamybos procesus. Tikima, kad geriausi procesai padeda gaminti geriausius ir sveikiausius produktus. Tai yra pagrindin\u0117 prie\u017eastis, kod\u0117l grie\u017etai kontroliuojama produkt\u0173 kokyb\u0117 ir kod\u0117l turima daugyb\u0117 sertifikat\u0173.\r\n<ul>\r\n \t<li><a href=\"https:\/\/grmalliance.org\/\" target=\"_blank\" rel=\"noopener\">GRMA\/UL GMP Certified<\/a><\/li>\r\n \t<li>GRAS Certified<\/li>\r\n \t<li>BPA Free<\/li>\r\n \t<li>Kosher<\/li>\r\n \t<li>Halal<\/li>\r\n \t<li>Non-GMO Verified<\/li>\r\n \t<li>Transparency<\/li>\r\n<\/ul>","parent":0,"count":19,"filter":"raw"}],"product_brand":[],"product_cat":[23],"product_tag":[125,91,120],"class_list":{"0":"post-1949","1":"product","2":"type-product","3":"status-publish","4":"has-post-thumbnail","6":"brand-trace-minerals","7":"product_cat-vitaminai","8":"product_tag-energijai","9":"product_tag-imunitetui","10":"product_tag-organizmo-stiprinimui","12":"first","13":"outofstock","14":"taxable","15":"shipping-taxable","16":"purchasable","17":"product-type-simple"},"acf":[],"_links":{"self":[{"href":"https:\/\/findvit.com\/lv\/wp-json\/wp\/v2\/product\/1949","targetHints":{"allow":["GET"]}}],"collection":[{"href":"https:\/\/findvit.com\/lv\/wp-json\/wp\/v2\/product"}],"about":[{"href":"https:\/\/findvit.com\/lv\/wp-json\/wp\/v2\/types\/product"}],"replies":[{"embeddable":true,"href":"https:\/\/findvit.com\/lv\/wp-json\/wp\/v2\/comments?post=1949"}],"version-history":[{"count":15,"href":"https:\/\/findvit.com\/lv\/wp-json\/wp\/v2\/product\/1949\/revisions"}],"predecessor-version":[{"id":15157,"href":"https:\/\/findvit.com\/lv\/wp-json\/wp\/v2\/product\/1949\/revisions\/15157"}],"wp:featuredmedia":[{"embeddable":true,"href":"https:\/\/findvit.com\/lv\/wp-json\/wp\/v2\/media\/2706"}],"wp:attachment":[{"href":"https:\/\/findvit.com\/lv\/wp-json\/wp\/v2\/media?parent=1949"}],"wp:term":[{"taxonomy":"brand","embeddable":true,"href":"https:\/\/findvit.com\/lv\/wp-json\/wp\/v2\/etheme_brands?post=1949"},{"taxonomy":"product_brand","embeddable":true,"href":"https:\/\/findvit.com\/lv\/wp-json\/wp\/v2\/product_brand?post=1949"},{"taxonomy":"product_cat","embeddable":true,"href":"https:\/\/findvit.com\/lv\/wp-json\/wp\/v2\/product_cat?post=1949"},{"taxonomy":"product_tag","embeddable":true,"href":"https:\/\/findvit.com\/lv\/wp-json\/wp\/v2\/product_tag?post=1949"}],"curies":[{"name":"wp","href":"https:\/\/api.w.org\/{rel}","templated":true}]}}