{"id":21387,"date":"2025-03-13T12:31:58","date_gmt":"2025-03-13T10:31:58","guid":{"rendered":"https:\/\/findvit.com\/?post_type=product&#038;p=21387"},"modified":"2026-03-02T16:30:22","modified_gmt":"2026-03-02T14:30:22","slug":"r1-womens-active-vitaminai-moterims-kompleksas-energijai-ir-hormonams-60-tableciu","status":"publish","type":"product","link":"https:\/\/findvit.com\/lv\/produktas\/r1-womens-active-vitaminai-moterims-kompleksas-energijai-ir-hormonams-60-tableciu\/","title":{"rendered":"R1 Women&#8217;s active Vitaminai Moterims &#8211; hormoninei sistemai ir energijai, 60 table\u010di\u0173"},"content":{"rendered":"\t\t<div data-elementor-type=\"product-post\" data-elementor-id=\"21387\" class=\"elementor elementor-21387\" data-elementor-post-type=\"product\">\n\t\t\t\t\t\t<section class=\"elementor-section elementor-top-section elementor-element elementor-element-cf383a7 elementor-section-boxed elementor-section-height-default elementor-section-height-default\" data-id=\"cf383a7\" data-element_type=\"section\" data-e-type=\"section\">\n\t\t\t\t\t\t<div class=\"elementor-container elementor-column-gap-default\">\n\t\t\t\t\t<div class=\"elementor-column elementor-col-100 elementor-top-column elementor-element elementor-element-01fee3c\" data-id=\"01fee3c\" data-element_type=\"column\" data-e-type=\"column\">\n\t\t\t<div class=\"elementor-widget-wrap elementor-element-populated\">\n\t\t\t\t\t\t<div class=\"elementor-element elementor-element-31a961f elementor-absolute elementor-hidden-mobile elementor-invisible elementor-widget elementor-widget-image\" data-id=\"31a961f\" data-element_type=\"widget\" data-e-type=\"widget\" data-settings=\"{&quot;motion_fx_motion_fx_scrolling&quot;:&quot;yes&quot;,&quot;motion_fx_rotateZ_effect&quot;:&quot;yes&quot;,&quot;motion_fx_rotateZ_speed&quot;:{&quot;unit&quot;:&quot;px&quot;,&quot;size&quot;:5,&quot;sizes&quot;:[]},&quot;motion_fx_range&quot;:&quot;viewport&quot;,&quot;_animation&quot;:&quot;fadeIn&quot;,&quot;_position&quot;:&quot;absolute&quot;,&quot;motion_fx_rotateZ_affectedRange&quot;:{&quot;unit&quot;:&quot;%&quot;,&quot;size&quot;:&quot;&quot;,&quot;sizes&quot;:{&quot;start&quot;:0,&quot;end&quot;:100}},&quot;motion_fx_devices&quot;:[&quot;desktop&quot;,&quot;tablet&quot;,&quot;mobile&quot;]}\" data-widget_type=\"image.default\">\n\t\t\t\t<div class=\"elementor-widget-container\">\n\t\t\t\t\t\t\t\t\t\t\t\t\t\t\t<img loading=\"lazy\" loading=\"lazy\" decoding=\"async\" width=\"200\" height=\"200\" src=\"https:\/\/findvit.com\/wp-content\/uploads\/2021\/09\/ratukas.svg\" class=\"attachment-full size-full wp-image-1777\" alt=\"Ratukas nuo klausimyno iki vitamino\" \/>\t\t\t\t\t\t\t\t\t\t\t\t\t\t\t<\/div>\n\t\t\t\t<\/div>\n\t\t\t\t\t<\/div>\n\t\t<\/div>\n\t\t\t\t\t<\/div>\n\t\t<\/section>\n\t\t\t\t<section class=\"elementor-section elementor-top-section elementor-element elementor-element-4429778 elementor-section-boxed elementor-section-height-default elementor-section-height-default\" data-id=\"4429778\" data-element_type=\"section\" data-e-type=\"section\">\n\t\t\t\t\t\t<div class=\"elementor-container elementor-column-gap-no\">\n\t\t\t\t\t<div class=\"elementor-column elementor-col-50 elementor-top-column elementor-element elementor-element-e6ad1e2\" data-id=\"e6ad1e2\" data-element_type=\"column\" data-e-type=\"column\">\n\t\t\t<div class=\"elementor-widget-wrap elementor-element-populated\">\n\t\t\t\t\t\t<div class=\"elementor-element elementor-element-08402b5 elementor-widget elementor-widget-heading\" data-id=\"08402b5\" data-element_type=\"widget\" data-e-type=\"widget\" data-widget_type=\"heading.default\">\n\t\t\t\t<div class=\"elementor-widget-container\">\n\t\t\t\t\t<h2 class=\"elementor-heading-title elementor-size-default\">R1 Women's active Vitaminai Moterims- supermaistas su probiotikais<\/h2>\t\t\t\t<\/div>\n\t\t\t\t<\/div>\n\t\t\t\t<div class=\"elementor-element elementor-element-4a02cf4 elementor-widget elementor-widget-text-editor\" data-id=\"4a02cf4\" data-element_type=\"widget\" data-e-type=\"widget\" data-widget_type=\"text-editor.default\">\n\t\t\t\t<div class=\"elementor-widget-container\">\n\t\t\t\t\t\t\t\t\t<p>\u00a0R1 Women&#8217;s Active lifestyle &#8211; specialist\u0173\u00a0 subalansuotos\u00a0 veikliosios med\u017eiagos stiprintan\u010dios moter\u012f ir suteikian\u010dios pasitik\u0117jimo.<\/p><h3><strong>Kod\u0117l R1 Women&#8217;s Active Lifestyle Supermaistas?<\/strong><\/h3><ul><li><p><strong>Subalansuoti b\u016btent moterims vitamin\u0173 kompleksas<\/strong>: Unikalioje formul\u0117je\u00a0 svarbiausi vitaminai moter\u0173\u00a0 savijautai.<\/p><\/li><li><p><strong>Mineralai<\/strong>:\u00a0 kalcis, magnis, cinkas ir gele\u017eis- padeda palaikyti stiprius kaulus, sveik\u0105 imunin\u0119 sistem\u0105 ir optimali\u0105 energijos gamyb\u0105.<\/p><\/li><li><p><strong>Nat\u016bral\u016bs Ekstraktai:<\/strong><\/p><ul><li>Dong Quai \u0161aknies milteliai, Chaste Tree vaisi\u0173 ekstraktas, Spanguoli\u0173 vaisi\u0173 milteliai \u2013 <strong>Palaiko hormon\u0173 balans\u0105 ir moter\u0173 sveikat\u0105. <\/strong><\/li><li>\u00a0ka\u0161tono s\u0117kl\u0173 ekstraktas, \u0161luotel\u0117s \u0161akn\u0173 ekstraktas \u2013 <b>Palaiko kraujotak\u0105 ir ma\u017eina koj\u0173 sunkum\u0105.<\/b><\/li><\/ul><p><strong>Antioksidantai:<\/strong><\/p><ul><li>Alfa lipoin\u0117 r\u016bg\u0161tis, Vynuogi\u0173 s\u0117kl\u0173 ekstraktas, Liuteinas, Zeaksantinas \u2013 <b>Padeda apsaugoti l\u0105steles nuo \u017ealos ir palaiko aki\u0173 sveikat\u0105.<\/b><\/li><\/ul><\/li><\/ul><ul class=\"m-0 py-1 pl-4 pr-0 list-disc\"><li><strong>N\u0117ra kalorij\u0173<\/strong><\/li><li><strong>N\u0117ra cukraus<\/strong><\/li><li><strong>N\u0117ra draud\u017eiam\u0173j\u0173 med\u017eiag\u0173<\/strong><\/li><\/ul><h4><strong>Ryto prad\u017eia<\/strong><\/h4><p>Ryt\u0105 j\u016bs\u0173 k\u016bnas reikalauja maisting\u0173j\u0173 med\u017eiag\u0173, kad prad\u0117tum\u0117te dien\u0105 energingai. R1 Women&#8217;s active lifestyle vitaminas B12, gele\u017eis ir folio r\u016bg\u0161tis, padeda kovoti su nuovargiu ir palaiko j\u016bs\u0173 energijos lyg\u012f.<\/p><h4><strong>Vidudienio energija<\/strong><\/h4><p>Vidurdien\u012f da\u017enai pradedame jausti nuovarg\u012f, ta\u010diau \u0161ie vitaminai padeda i\u0161laikyti auk\u0161t\u0105 energijos lyg\u012f vis\u0105 dien\u0105. Vitaminas C ir cinkas stiprina imunin\u0119 sistem\u0105, o vitaminai B6 ir niacinas u\u017etikrina nuolatin\u012f energijos tiekim\u0105.<\/p><h4><strong>Popiet\u0117s atsigavimas<\/strong><\/h4><p>Po piet\u0173 da\u017enai jau\u010diame nuovarg\u012f ir suma\u017e\u0117jus\u012f d\u0117mesio lyg\u012f. Magnis ir kalcis padeda palaikyti sveikus kaulus ir raumenis, leid\u017eiant i\u0161likti aktyvioms ir \u017evaloms.<\/p><h4><strong>Vakaro ramyb\u0117<\/strong><\/h4><p>Vakarui at\u0117jus, j\u016bs\u0173 k\u016bnui reikia atsipalaiduoti ir atsigauti. Inozitolis ir sojos izoflavonai padeda suma\u017einti stres\u0105 ir gerina mieg\u0105, suteikdami jums ramyb\u0117s ir atsipalaidavimo jausm\u0105 prie\u0161 einant miegoti.<\/p><h3><strong>Pagrindiniai vitaminai ir mineralai:<\/strong><\/h3><ul><li><p><strong>Vitaminas A (Retinyl Acetate)<\/strong>: 1000 mcg \u2013 Padeda palaikyti sveik\u0105 od\u0105, akis ir imunin\u0119 sistem\u0105.<\/p><\/li><li><p><strong>Vitaminas C (Ascorbic Acid)<\/strong>: 300 mg \u2013 Stiprus antioksidantas, kuris padeda kovoti su laisvaisiais radikalais ir palaikyti imunin\u0119 sistem\u0105.<\/p><\/li><li><p><strong>Vitaminas D (Cholecalciferol)<\/strong>: 40 mcg \u2013 Svarbus kaul\u0173 sveikatai ir kalcio absorbcijai.<\/p><\/li><li><p><strong>Vitaminas E (D-Alpha Tocopheryl Succinate)<\/strong>: 100 mg \u2013 Apsaugo l\u0105steles nuo oksidacinio streso.<\/p><\/li><li><p><strong>Vitaminas K (Phytonadione)<\/strong>: 120 mcg \u2013 Svarbus kraujo kre\u0161\u0117jimui ir kaul\u0173 sveikatai.<\/p><\/li><li><p><strong>B grup\u0117s Vitaminai (B1, B2, B6, B12, Niacinamide, Pantothenic Acid, Folate)<\/strong>: Padeda palaikyti energijos lyg\u012f, nerv\u0173 sistem\u0105 ir raudon\u0173j\u0173 kraujo k\u016bneli\u0173 gamyb\u0105.<\/p><\/li><li><p><strong>Mineralai<\/strong>:<\/p><ul><li><strong>Kalcis (Calcium Carbonate)<\/strong>: 150 mg \u2013 Palaiko stiprius kaulus ir dantis.<\/li><li><strong>Gele\u017eis (Ferrous Fumarate)<\/strong>: 18 mg \u2013 Padeda kovoti su nuovargiu.<\/li><li><strong>Cinkas (Zinc Oxide)<\/strong>: 15 mg \u2013 Palaiko sveik\u0105 imunin\u0119 sistem\u0105.<\/li><li><strong>Manganas, Selenas, Varis<\/strong> ir <strong>Molybdenas<\/strong> \u2013 Kiekvienas i\u0161 j\u0173 turi unikali\u0173 privalum\u0173 j\u016bs\u0173 sveikatai.<\/li><\/ul><\/li><\/ul>\t\t\t\t\t\t\t\t<\/div>\n\t\t\t\t<\/div>\n\t\t\t\t\t<\/div>\n\t\t<\/div>\n\t\t\t\t<div class=\"elementor-column elementor-col-50 elementor-top-column elementor-element elementor-element-b79009e\" data-id=\"b79009e\" data-element_type=\"column\" data-e-type=\"column\">\n\t\t\t<div class=\"elementor-widget-wrap elementor-element-populated\">\n\t\t\t\t\t\t<div class=\"elementor-element elementor-element-5a38e94 elementor-widget elementor-widget-image\" data-id=\"5a38e94\" data-element_type=\"widget\" data-e-type=\"widget\" data-widget_type=\"image.default\">\n\t\t\t\t<div class=\"elementor-widget-container\">\n\t\t\t\t\t\t\t\t\t\t\t\t\t\t\t<img loading=\"lazy\" loading=\"lazy\" decoding=\"async\" width=\"900\" height=\"720\" src=\"https:\/\/findvit.com\/wp-content\/uploads\/2025\/03\/Womens-active2-900x720.png\" class=\"attachment-large size-large wp-image-21452\" alt=\"\" srcset=\"https:\/\/findvit.com\/wp-content\/uploads\/2025\/03\/Womens-active2-900x720.png 900w, https:\/\/findvit.com\/wp-content\/uploads\/2025\/03\/Womens-active2-600x480.png 600w, https:\/\/findvit.com\/wp-content\/uploads\/2025\/03\/Womens-active2-768x614.png 768w, https:\/\/findvit.com\/wp-content\/uploads\/2025\/03\/Womens-active2-15x12.png 15w, https:\/\/findvit.com\/wp-content\/uploads\/2025\/03\/Womens-active2-1x1.png 1w, https:\/\/findvit.com\/wp-content\/uploads\/2025\/03\/Womens-active2-10x8.png 10w, https:\/\/findvit.com\/wp-content\/uploads\/2025\/03\/Womens-active2.png 1000w\" sizes=\"auto, (max-width: 900px) 100vw, 900px\">\t\t\t\t\t\t\t\t\t\t\t\t\t\t\t<\/div>\n\t\t\t\t<\/div>\n\t\t\t\t\t<\/div>\n\t\t<\/div>\n\t\t\t\t\t<\/div>\n\t\t<\/section>\n\t\t\t\t<\/div>\n\t\t","protected":false},"excerpt":{"rendered":"<p>R1 Women&#8217;s Multi vitaminai Active Lifestyle \u2013 specialist\u0173 suk\u016brtas pilnaverti\u0161kas kompleksas moteriai. Daug dirban\u010diai, sportuojan\u010diai ir aktyviai moteriai labai svarbu u\u017etikrinti j\u0105 balansuojan\u010di\u0173 maistini\u0173 med\u017eiag\u0173 poreik\u012f. Jame 25 svarbiausi vitaminai, mineralai, elektrolitai.\u00a0 40\u00a0 aktyvi\u0173 med\u017eiag\u0173, antioksidant\u0173, augalini\u0173 adaptogen\u0173, botanini\u0173 ekstrakt\u0173. <b>Viskas ko reikia Moters balansui ir aktyviam gyenimo b\u016bdui!<\/b><\/p>","protected":false},"featured_media":23330,"comment_status":"open","ping_status":"closed","template":"","meta":{"_acf_changed":false,"inline_featured_image":false},"etheme_brands":[{"term_id":647,"name":"Rule One","slug":"rule-one","term_group":0,"term_taxonomy_id":647,"taxonomy":"brand","description":"","parent":0,"count":3,"filter":"raw"}],"product_brand":[],"product_cat":[646,651,124],"product_tag":[659],"class_list":{"0":"post-21387","1":"product","2":"type-product","3":"status-publish","4":"has-post-thumbnail","6":"brand-rule-one","7":"product_cat-papildai-moterims","8":"product_cat-vitaminai-ir-papildai-ziemai","9":"product_cat-siamsezonui","10":"product_tag-istvermei-groziui-is-vidaus-moterims","12":"first","13":"instock","14":"sale","15":"featured","16":"taxable","17":"shipping-taxable","18":"purchasable","19":"product-type-simple"},"acf":[],"_links":{"self":[{"href":"https:\/\/findvit.com\/lv\/wp-json\/wp\/v2\/product\/21387","targetHints":{"allow":["GET"]}}],"collection":[{"href":"https:\/\/findvit.com\/lv\/wp-json\/wp\/v2\/product"}],"about":[{"href":"https:\/\/findvit.com\/lv\/wp-json\/wp\/v2\/types\/product"}],"replies":[{"embeddable":true,"href":"https:\/\/findvit.com\/lv\/wp-json\/wp\/v2\/comments?post=21387"}],"version-history":[{"count":21,"href":"https:\/\/findvit.com\/lv\/wp-json\/wp\/v2\/product\/21387\/revisions"}],"predecessor-version":[{"id":22465,"href":"https:\/\/findvit.com\/lv\/wp-json\/wp\/v2\/product\/21387\/revisions\/22465"}],"wp:featuredmedia":[{"embeddable":true,"href":"https:\/\/findvit.com\/lv\/wp-json\/wp\/v2\/media\/23330"}],"wp:attachment":[{"href":"https:\/\/findvit.com\/lv\/wp-json\/wp\/v2\/media?parent=21387"}],"wp:term":[{"taxonomy":"brand","embeddable":true,"href":"https:\/\/findvit.com\/lv\/wp-json\/wp\/v2\/etheme_brands?post=21387"},{"taxonomy":"product_brand","embeddable":true,"href":"https:\/\/findvit.com\/lv\/wp-json\/wp\/v2\/product_brand?post=21387"},{"taxonomy":"product_cat","embeddable":true,"href":"https:\/\/findvit.com\/lv\/wp-json\/wp\/v2\/product_cat?post=21387"},{"taxonomy":"product_tag","embeddable":true,"href":"https:\/\/findvit.com\/lv\/wp-json\/wp\/v2\/product_tag?post=21387"}],"curies":[{"name":"wp","href":"https:\/\/api.w.org\/{rel}","templated":true}]}}