{"id":2354,"date":"2021-10-08T20:51:45","date_gmt":"2021-10-08T17:51:45","guid":{"rendered":"https:\/\/findvit.com\/?post_type=product&#038;p=2354"},"modified":"2026-02-09T16:35:37","modified_gmt":"2026-02-09T14:35:37","slug":"elektrolitai-is-72-joniniu-juros-mineralu-keto-electrolyte","status":"publish","type":"product","link":"https:\/\/findvit.com\/lv\/produktas\/elektrolitai-is-72-joniniu-juros-mineralu-keto-electrolyte\/","title":{"rendered":"Trace Minerals Electrolyte Keto \u2013 elektrol\u012bti ar j\u016bras miner\u0101liem, 90 tabletes"},"content":{"rendered":"<div data-elementor-type=\"product-post\" data-elementor-id=\"2354\" class=\"elementor elementor-2354\" data-elementor-post-type=\"product\">\n\t\t\t\t\t\t<section class=\"elementor-section elementor-top-section elementor-element elementor-element-5ef5566 elementor-section-boxed elementor-section-height-default elementor-section-height-default\" data-id=\"5ef5566\" data-element_type=\"section\">\n\t\t\t\t\t\t<div class=\"elementor-container elementor-column-gap-default\">\n\t\t\t\t\t<div class=\"elementor-column elementor-col-100 elementor-top-column elementor-element elementor-element-5dc01c8\" data-id=\"5dc01c8\" data-element_type=\"column\">\n\t\t\t<div class=\"elementor-widget-wrap elementor-element-populated\">\n\t\t\t\t\t\t<div class=\"elementor-element elementor-element-4893d69 elementor-absolute elementor-hidden-mobile elementor-invisible elementor-widget elementor-widget-image\" data-id=\"4893d69\" data-element_type=\"widget\" data-settings=\"{&quot;motion_fx_motion_fx_scrolling&quot;:&quot;yes&quot;,&quot;motion_fx_rotateZ_effect&quot;:&quot;yes&quot;,&quot;motion_fx_rotateZ_speed&quot;:{&quot;unit&quot;:&quot;px&quot;,&quot;size&quot;:5,&quot;sizes&quot;:[]},&quot;motion_fx_range&quot;:&quot;viewport&quot;,&quot;_animation&quot;:&quot;fadeIn&quot;,&quot;_position&quot;:&quot;absolute&quot;,&quot;motion_fx_rotateZ_affectedRange&quot;:{&quot;unit&quot;:&quot;%&quot;,&quot;size&quot;:&quot;&quot;,&quot;sizes&quot;:{&quot;start&quot;:0,&quot;end&quot;:100}},&quot;motion_fx_devices&quot;:[&quot;desktop&quot;,&quot;tablet&quot;,&quot;mobile&quot;]}\" data-widget_type=\"image.default\">\n\t\t\t\t<div class=\"elementor-widget-container\">\n\t\t\t\t\t\t\t\t\t\t\t\t\t\t\t<img loading=\"lazy\" decoding=\"async\" width=\"200\" height=\"200\" src=\"https:\/\/findvit.com\/wp-content\/uploads\/2021\/09\/ratukas.svg\" class=\"attachment-full size-full wp-image-1777\" alt=\"Ritenis no anketas l\u012bdz vitam\u012bnam\" \/>\t\t\t\t\t\t\t\t\t\t\t\t\t\t\t<\/div>\n\t\t\t\t<\/div>\n\t\t\t\t\t<\/div>\n\t\t<\/div>\n\t\t\t\t\t<\/div>\n\t\t<\/section>\n\t\t\t\t<section class=\"elementor-section elementor-top-section elementor-element elementor-element-bbd6715 elementor-section-boxed elementor-section-height-default elementor-section-height-default\" data-id=\"bbd6715\" data-element_type=\"section\">\n\t\t\t\t\t\t<div class=\"elementor-container elementor-column-gap-no\">\n\t\t\t\t\t<div class=\"elementor-column elementor-col-50 elementor-top-column elementor-element elementor-element-ee0d1a1\" data-id=\"ee0d1a1\" data-element_type=\"column\">\n\t\t\t<div class=\"elementor-widget-wrap elementor-element-populated\">\n\t\t\t\t\t\t<div class=\"elementor-element elementor-element-d7d8310 elementor-widget elementor-widget-heading\" data-id=\"d7d8310\" data-element_type=\"widget\" data-widget_type=\"heading.default\">\n\t\t\t\t<div class=\"elementor-widget-container\">\n\t\t\t\t\t<h2 class=\"elementor-heading-title elementor-size-default\">Trace Minerals Electrolyte Keto \u2013 elektrol\u012bti ar j\u016bras miner\u0101liem, 90 tabletes<\/h2>\t\t\t\t<\/div>\n\t\t\t\t<\/div>\n\t\t\t\t<div class=\"elementor-element elementor-element-94e7815 elementor-widget elementor-widget-text-editor\" data-id=\"94e7815\" data-element_type=\"widget\" data-widget_type=\"text-editor.default\">\n\t\t\t\t<div class=\"elementor-widget-container\">\n\t\t\t\t\t\t\t\t\t<p>Ir pieejamas Trace Minerals Research miner\u0101lu tabletes <strong>unik\u0101ls miner\u0101lvielu papildin\u0101jums<\/strong>, kas paredz\u0113ts, lai aizst\u0101tu t\u0101s miner\u0101lvielas, kuru tr\u016bkst m\u016bsdienu uztur\u0101.<\/p><p>\u0160\u012bs tabletes ir izgatavotas no <strong>ConcenTrace<\/strong>, kas ir patent\u0113ts miner\u0101lu komplekss, kas ieg\u016bts no Liel\u0101 S\u0101lsezera \u016bdens.<\/p><p>ConcenTrace sast\u0101v no <strong>vair\u0101k nek\u0101 70<\/strong> miner\u0101lvielas un mikroelementi, kas nepiecie\u0161ami organisma funkcij\u0101m un vesel\u012bbai.<\/p><p>Turkl\u0101t \u0161\u012bm tablet\u0113m ir pievienotas t\u0101das svar\u012bgas sast\u0101vda\u013cas k\u0101 <strong>C vitam\u012bns<\/strong> un <strong>elektrol\u012bti<\/strong>, kas ir \u0101rk\u0101rt\u012bgi svar\u012bgi.<\/p><p>Trace Minerals Research miner\u0101lu tabletes ir dabiskas, bez pievienotiem konservantiem, aromatiz\u0113t\u0101jiem vai saldin\u0101t\u0101jiem.<\/p><p>\u0160\u012bs tabletes varat lietot katru dienu, uzdzerot lielu daudzumu \u016bdens.\u00a0<\/p><p><strong> Bag\u0101tin\u0101ts, jo Concentrace\u00ae satur pat 72 jonu j\u016bras miner\u0101lus. <\/strong>\u00a0 \u00a0\u00a0<\/p><p><strong>Nodro\u0161ina<\/strong> visnepiecie\u0161am\u0101kais <strong>miner\u0101lvielas.<\/strong>\u00a0<\/p><p><strong>Labi nov\u0113rt\u0113ts<\/strong>, jo tas ir \u012bpa\u0161i izstr\u0101d\u0101ts uztura bag\u0101tin\u0101t\u0101js ar sp\u0113c\u012bgu formulu.\u00a0<\/p><p>Produkts satur stear\u012bnsk\u0101bi, mikrokrist\u0101lisko celulozi, kroskarmelozes n\u0101triju, hipromelozi, magnija stear\u0101tu.<\/p><p>Turkl\u0101t tas satur ar\u012b koncentr\u0113tu pilna spektra jonu mikroelementu kompleksu.<\/p><p><b>Jonu miner\u0101li <\/b>ir dabas rad\u012bti, t\u0101pat k\u0101 tie, kas atrodami p\u0101rtik\u0101 <strong>mikroelementi<\/strong>. \u0160o biolo\u0123iski akt\u012bvo, \u016bden\u012b \u0161\u0137\u012bsto\u0161o miner\u0101lu veido\u0161an\u0101s prasa vair\u0101kus gadus.\u00a0<\/p><p><strong>ConcenTrace<\/strong> materi\u0101ls tiek ieg\u016bts no Liel\u0101 S\u0101lsezera. \u0160is ezers ir pies\u0101tin\u0101ts ar miner\u0101liem, kas \u0161eit uzkr\u0101ju\u0161ies t\u016bksto\u0161iem gadu.<\/p><p>\u0160is materi\u0101ls paliek apm <strong>72 da\u017e\u0101di miner\u0101li jonu form\u0101.<\/strong> Labi nov\u0113rt\u0113ju\u0161i cilv\u0113ki, kuri to ir izmantoju\u0161i.<\/p><p>No \u0161\u012bm tablet\u0113m ir iz\u0146emts gandr\u012bz 99% n\u0101trija, lai t\u0101s gar\u0161otu v\u0113l lab\u0101k.<\/p><p><strong>Pietiek ar 30 l\u012bdz 90 dien\u0101m.<\/strong><\/p><p>K\u0101 <strong>uzzini<\/strong> k\u0101di vitam\u012bni, miner\u0101lvielas vai citas piedevas <strong>\u0161obr\u012bd vispiem\u0113rot\u0101kais<\/strong>?  Izm\u0113\u0123iniet bezmaksas testu <a href=\"https:\/\/findvit.com\/lv\/testas\/\"><strong>&quot;Tava diena&quot;<\/strong><\/a>, noskaidro organisma vajadz\u012bbas un sa\u0146em person\u012bgu ieteikumu!<\/p>\t\t\t\t\t\t\t\t<\/div>\n\t\t\t\t<\/div>\n\t\t\t\t\t<\/div>\n\t\t<\/div>\n\t\t\t\t<div class=\"elementor-column elementor-col-50 elementor-top-column elementor-element elementor-element-32c8dee\" data-id=\"32c8dee\" data-element_type=\"column\">\n\t\t\t<div class=\"elementor-widget-wrap elementor-element-populated\">\n\t\t\t\t\t\t<div class=\"elementor-element elementor-element-86c5064 elementor-widget elementor-widget-image\" data-id=\"86c5064\" data-element_type=\"widget\" data-widget_type=\"image.default\">\n\t\t\t\t<div class=\"elementor-widget-container\">\n\t\t\t\t\t\t\t\t\t\t\t\t\t\t\t<img loading=\"lazy\" decoding=\"async\" width=\"900\" height=\"900\" src=\"https:\/\/findvit.com\/wp-content\/uploads\/2021\/10\/Ko-8-900x900.jpg\" class=\"attachment-large size-large wp-image-2487\" alt=\"Laim\u012bga un sp\u0113c\u012bga sieviete\" srcset=\"https:\/\/findvit.com\/wp-content\/uploads\/2021\/10\/Ko-8-900x900.jpg 900w, https:\/\/findvit.com\/wp-content\/uploads\/2021\/10\/Ko-8-600x600.jpg 600w, https:\/\/findvit.com\/wp-content\/uploads\/2021\/10\/Ko-8-150x150.jpg 150w, https:\/\/findvit.com\/wp-content\/uploads\/2021\/10\/Ko-8-768x768.jpg 768w, https:\/\/findvit.com\/wp-content\/uploads\/2021\/10\/Ko-8-1x1.jpg 1w, https:\/\/findvit.com\/wp-content\/uploads\/2021\/10\/Ko-8-10x10.jpg 10w, https:\/\/findvit.com\/wp-content\/uploads\/2021\/10\/Ko-8-100x100.jpg 100w, https:\/\/findvit.com\/wp-content\/uploads\/2021\/10\/Ko-8.jpg 1000w\" sizes=\"auto, (max-width: 900px) 100vw, 900px\" \/>\t\t\t\t\t\t\t\t\t\t\t\t\t\t\t<\/div>\n\t\t\t\t<\/div>\n\t\t\t\t\t<\/div>\n\t\t<\/div>\n\t\t\t\t\t<\/div>\n\t\t<\/section>\n\t\t\t\t<\/div>","protected":false},"excerpt":{"rendered":"<p>Sabalans\u0113ts elektrol\u012btu komplekss keto uzturam. Ar taur\u012bnu, B6 vitam\u012bnu un j\u016bras k\u0101postu. Bag\u0101tin\u0101ts ar dabisko j\u016bras miner\u0101lu kompleksu.<\/p>","protected":false},"featured_media":2694,"comment_status":"open","ping_status":"closed","template":"","meta":{"_acf_changed":false,"inline_featured_image":false},"etheme_brands":[{"term_id":38,"name":"Trace Minerals","slug":"trace-minerals","term_group":0,"term_taxonomy_id":38,"taxonomy":"brand","description":"<h2><strong>Trace minerals<\/strong><\/h2>\r\n\"Trace Minerals\" yra \u017einomas jonini\u0173 mineralini\u0173 papild\u0173 prek\u0117s \u017eenklas, kuriuo pasitikima beveik 50 met\u0173.\r\n\r\n<strong>Gamintojo misija<\/strong>\r\n\r\n\"Trace Minerals\" mato pasaul\u012f, kuriame \u017emon\u0117s yra\r\natsakingi u\u017e savo sveikat\u0105. Laikas, kai visi \u017emon\u0117s yra nori ir gali\r\ngyventi sveikiau. Joniniai mineralai yra pasiekiami visiems norintiems. Daugiau nei 50 met\u0173 \"Trace Minerals\" prek\u0117s \u017eenklo\r\nproduktai visame pasaulyje buvo pripa\u017einti jonini\u0173 produkt\u0173 pradininkais.\r\n\r\nVisus 50 met\u0173 Trace Minerals vertyb\u0117s yra:\r\n\r\n1. Bekompromis\u0117 kokyb\u0117, nuo kurios priklauso \u017emoni\u0173 savijauta.\r\n2. Neprilygstama aptarnavimas, kuris leid\u017eia klientams \u0161ypsotis.\r\n3. Nuolatinis pajam\u0173 augimas diegiant inovacijas ir kuriant produktus.\r\n4. Ugdomieji u\u017esi\u0117mimai.\r\n5. Lyderyst\u0117 savo srities pramon\u0117je.\r\n6. Lojalumas ir s\u0105\u017einingumas patikimiems darbuotojams ir verslo partneriams.\r\n<h3><strong>Garantija<\/strong><\/h3>\r\nGamintojas tiki, kad maisto papildai tur\u0117t\u0173 atne\u0161ti pastebimus\r\nrezultatus. Trace minerals \u012fsipareigojimas siekti pastebim\u0173 rezultat\u0173 yra\r\n\"Trace Minerals research\" filosofija.\r\n\r\nBeveik penkis de\u0161imtme\u010dius \"Trace Minerals\" prek\u0117s \u017eenklo produktai pad\u0117jo \u017emon\u0117ms priimti pagr\u012fstus sprendimus pasirenkant tinkamus produktus. Trce Minerals t\u0119stinis \u012fsipareigojimas yra paprastas: gaminti auk\u0161\u010diausios kokyb\u0117s produktus, paremtus moksliniais tyrimais, pagamintus u\u017e teising\u0105 kain\u0105 ir garantuojama, kad bus\r\npagerinti gyvenimai t\u0173, kurie vartoja kokybi\u0161kus produktus. Trace minerals visada tai dar\u0117 ir toliau t\u0105 darys.\r\n\r\nhttps:\/\/youtu.be\/hbeINVcx5FY?t=77\r\n<h3><strong>Mokslas ir tyrimai<\/strong><\/h3>\r\nGamintojas gavo \u0161e\u0161i\u0173 m\u0117nesi\u0173 klinikinio tyrimo \"ConcenTrace\u00ae\" rezultatus. \"Trace Mineral Drops\", jo pavyzdinis jonini\u0173 mineralinis papildas, kuriame yra visas spektras nat\u016braliai atsirandan\u010di\u0173 mikroelement\u0173.\r\n\r\nDalyviams buvo skiriama po 40 la\u0161\u0173 ConcenTrace\u00ae arba placebo per par\u0105\r\n24 savaites. Tyrime teigiama, kad \"veiksmingum\u0105 objektyviai patvirtino\r\n\u012fvertinti s\u0105nari\u0173 kremzl\u0117s storio, s\u0105nario erdv\u0117s plo\u010dio poky\u010dius\r\nir sinovinio skys\u010dio sud\u0117tis\". 24 savai\u010di\u0173 rezultatai rodo, kad \"ultrasonografija ir sinovinio skys\u010dio tyrimas atskleid\u0117 kremzl\u0117s\r\nstrukt\u016bros pager\u0117jim\u0105\".\r\n\r\n\u0160is preliminarus tyrimas parodo, kad ConcenTrace\u00ae pagerina s\u0105nari\u0173 sveikat\u0105.\r\n<h3><strong>Sertifikatai<\/strong><\/h3>\r\nKokyb\u0117 visada buvo svarbiausias <a href=\"https:\/\/www.traceminerals.com\/\" target=\"_blank\" rel=\"noopener\">\"Trace Minerals\"<\/a> prioritetas. Per daugel\u012f met\u0173\u00a0 akylai tobulino gamybos procesus. Tikima, kad geriausi procesai padeda gaminti geriausius ir sveikiausius produktus. Tai yra pagrindin\u0117 prie\u017eastis, kod\u0117l grie\u017etai kontroliuojama produkt\u0173 kokyb\u0117 ir kod\u0117l turima daugyb\u0117 sertifikat\u0173.\r\n<ul>\r\n \t<li><a href=\"https:\/\/grmalliance.org\/\" target=\"_blank\" rel=\"noopener\">GRMA\/UL GMP Certified<\/a><\/li>\r\n \t<li>GRAS Certified<\/li>\r\n \t<li>BPA Free<\/li>\r\n \t<li>Kosher<\/li>\r\n \t<li>Halal<\/li>\r\n \t<li>Non-GMO Verified<\/li>\r\n \t<li>Transparency<\/li>\r\n<\/ul>","parent":0,"count":19,"filter":"raw"}],"product_brand":[],"product_cat":[64,652,63,15],"product_tag":[125,90,181,99,100],"class_list":{"0":"post-2354","1":"product","2":"type-product","3":"status-publish","4":"has-post-thumbnail","6":"brand-trace-minerals","7":"product_cat-elektrolitai","8":"product_cat-rudens-vitaminai-ir-papildai","9":"product_cat-mineralai","10":"product_cat-produktai","11":"product_tag-energijai","12":"product_tag-fizinei-istvermei","13":"product_tag-keto","14":"product_tag-lankstumui-ir-dregmes-balansui","15":"product_tag-ph-balansui","17":"first","18":"instock","19":"sale","20":"taxable","21":"shipping-taxable","22":"purchasable","23":"product-type-simple"},"acf":[],"_links":{"self":[{"href":"https:\/\/findvit.com\/lv\/wp-json\/wp\/v2\/product\/2354","targetHints":{"allow":["GET"]}}],"collection":[{"href":"https:\/\/findvit.com\/lv\/wp-json\/wp\/v2\/product"}],"about":[{"href":"https:\/\/findvit.com\/lv\/wp-json\/wp\/v2\/types\/product"}],"replies":[{"embeddable":true,"href":"https:\/\/findvit.com\/lv\/wp-json\/wp\/v2\/comments?post=2354"}],"version-history":[{"count":15,"href":"https:\/\/findvit.com\/lv\/wp-json\/wp\/v2\/product\/2354\/revisions"}],"predecessor-version":[{"id":14641,"href":"https:\/\/findvit.com\/lv\/wp-json\/wp\/v2\/product\/2354\/revisions\/14641"}],"wp:featuredmedia":[{"embeddable":true,"href":"https:\/\/findvit.com\/lv\/wp-json\/wp\/v2\/media\/2694"}],"wp:attachment":[{"href":"https:\/\/findvit.com\/lv\/wp-json\/wp\/v2\/media?parent=2354"}],"wp:term":[{"taxonomy":"brand","embeddable":true,"href":"https:\/\/findvit.com\/lv\/wp-json\/wp\/v2\/etheme_brands?post=2354"},{"taxonomy":"product_brand","embeddable":true,"href":"https:\/\/findvit.com\/lv\/wp-json\/wp\/v2\/product_brand?post=2354"},{"taxonomy":"product_cat","embeddable":true,"href":"https:\/\/findvit.com\/lv\/wp-json\/wp\/v2\/product_cat?post=2354"},{"taxonomy":"product_tag","embeddable":true,"href":"https:\/\/findvit.com\/lv\/wp-json\/wp\/v2\/product_tag?post=2354"}],"curies":[{"name":"wp","href":"https:\/\/api.w.org\/{rel}","templated":true}]}}