{"id":2361,"date":"2021-10-08T21:01:24","date_gmt":"2021-10-08T18:01:24","guid":{"rendered":"https:\/\/findvit.com\/?post_type=product&#038;p=2361"},"modified":"2026-03-02T15:56:09","modified_gmt":"2026-03-02T13:56:09","slug":"garden-of-life-vitamin-code-raw-vitamin-c-vitaminas-c-kompleksas120-veganisku-kapsuliu","status":"publish","type":"product","link":"https:\/\/findvit.com\/lv\/produktas\/garden-of-life-vitamin-code-raw-vitamin-c-vitaminas-c-kompleksas120-veganisku-kapsuliu\/","title":{"rendered":"Dz\u012bv\u012bbas d\u0101rzs Vitam\u012bna kods RAW VITAMIN C \u2013 C vitam\u012bns komplekt\u0101 ar antioksidantiem, probiotik\u0101m un fermentiem. Bioakt\u012bvs komplekss, 120 d\u0101rze\u0146u kapsulas"},"content":{"rendered":"<div data-elementor-type=\"product-post\" data-elementor-id=\"2361\" class=\"elementor elementor-2361\" data-elementor-post-type=\"product\">\n\t\t\t\t\t\t<section class=\"elementor-section elementor-top-section elementor-element elementor-element-befc80d elementor-section-boxed elementor-section-height-default elementor-section-height-default\" data-id=\"befc80d\" data-element_type=\"section\">\n\t\t\t\t\t\t<div class=\"elementor-container elementor-column-gap-default\">\n\t\t\t\t\t<div class=\"elementor-column elementor-col-100 elementor-top-column elementor-element elementor-element-11194a8\" data-id=\"11194a8\" data-element_type=\"column\">\n\t\t\t<div class=\"elementor-widget-wrap elementor-element-populated\">\n\t\t\t\t\t\t<div class=\"elementor-element elementor-element-0d003b4 elementor-absolute elementor-hidden-mobile elementor-invisible elementor-widget elementor-widget-image\" data-id=\"0d003b4\" data-element_type=\"widget\" data-settings=\"{&quot;motion_fx_motion_fx_scrolling&quot;:&quot;yes&quot;,&quot;motion_fx_rotateZ_effect&quot;:&quot;yes&quot;,&quot;motion_fx_rotateZ_speed&quot;:{&quot;unit&quot;:&quot;px&quot;,&quot;size&quot;:5,&quot;sizes&quot;:[]},&quot;motion_fx_range&quot;:&quot;viewport&quot;,&quot;_animation&quot;:&quot;fadeIn&quot;,&quot;_position&quot;:&quot;absolute&quot;,&quot;motion_fx_rotateZ_affectedRange&quot;:{&quot;unit&quot;:&quot;%&quot;,&quot;size&quot;:&quot;&quot;,&quot;sizes&quot;:{&quot;start&quot;:0,&quot;end&quot;:100}},&quot;motion_fx_devices&quot;:[&quot;desktop&quot;,&quot;tablet&quot;,&quot;mobile&quot;]}\" data-widget_type=\"image.default\">\n\t\t\t\t<div class=\"elementor-widget-container\">\n\t\t\t\t\t\t\t\t\t\t\t\t\t\t\t<img loading=\"lazy\" decoding=\"async\" width=\"200\" height=\"200\" src=\"https:\/\/findvit.com\/wp-content\/uploads\/2021\/09\/ratukas.svg\" class=\"attachment-full size-full wp-image-1777\" alt=\"Ritenis no anketas l\u012bdz vitam\u012bnam\" \/>\t\t\t\t\t\t\t\t\t\t\t\t\t\t\t<\/div>\n\t\t\t\t<\/div>\n\t\t\t\t\t<\/div>\n\t\t<\/div>\n\t\t\t\t\t<\/div>\n\t\t<\/section>\n\t\t\t\t<section class=\"elementor-section elementor-top-section elementor-element elementor-element-f4a9431 elementor-section-boxed elementor-section-height-default elementor-section-height-default\" data-id=\"f4a9431\" data-element_type=\"section\">\n\t\t\t\t\t\t<div class=\"elementor-container elementor-column-gap-no\">\n\t\t\t\t\t<div class=\"elementor-column elementor-col-50 elementor-top-column elementor-element elementor-element-eeb7dec\" data-id=\"eeb7dec\" data-element_type=\"column\">\n\t\t\t<div class=\"elementor-widget-wrap elementor-element-populated\">\n\t\t\t\t\t\t<div class=\"elementor-element elementor-element-ad26916 elementor-widget elementor-widget-heading\" data-id=\"ad26916\" data-element_type=\"widget\" data-widget_type=\"heading.default\">\n\t\t\t\t<div class=\"elementor-widget-container\">\n\t\t\t\t\t<h2 class=\"elementor-heading-title elementor-size-medium\">Vitam\u012bna kods RAW C vitam\u012bns - dab\u012bgs, C vitam\u012bns<\/h2>\t\t\t\t<\/div>\n\t\t\t\t<\/div>\n\t\t\t\t<div class=\"elementor-element elementor-element-7587da6 elementor-widget elementor-widget-text-editor\" data-id=\"7587da6\" data-element_type=\"widget\" data-widget_type=\"text-editor.default\">\n\t\t\t\t<div class=\"elementor-widget-container\">\n\t\t\t\t\t\t\t\t\t<p>Vitam\u012bna kods RAW C vitam\u012bns ir ne tikai C vitam\u012bns, bet ar\u012b <strong>viss citu uzturvielu komplekss<\/strong>, kas pal\u012bdz stiprin\u0101t C vitam\u012bna darb\u012bbu un atbalsta j\u016bsu vajadz\u012bbas.<\/p><p>\u0160is C vitam\u012bns ir <strong>ieg\u016bts no 23 biolo\u0123iskiem aug\u013ciem un d\u0101rze\u0146iem<\/strong>, piem\u0113ram, acerolas \u0137ir\u0161i, greipfr\u016bti, citroni, papaijas, broko\u013ci, spin\u0101ti u.c., kas nodro\u0161ina dabisku C vitam\u012bna formu.<\/p><p><span style=\"font-weight: 400;\">\u0160im kompleksam ir pat\u00a0 <strong>500 mg <\/strong>pilnv\u0113rt\u012bgs C vitam\u012bns.<\/span><\/p><h3><strong>V\u0112L VAIR\u0100K<\/strong><\/h3><p>Turkl\u0101t \u0161is C vitam\u012bns ir <strong>bag\u0101tin\u0101ts ar bioflavono\u012bdiem<\/strong> - vielas no augu pigmentu grupas, kas pal\u012bdz C vitam\u012bnam.<\/p><p>Bioflavono\u012bdu priek\u0161roc\u012bbas ir pla\u0161i apspriestas un nov\u0113rt\u0113tas vesel\u012bbas apr\u016bpes speci\u0101listu vid\u016b.<\/p><h3><strong>SMAGI PAPILDIN\u0100TS<\/strong><\/h3><p>Vitam\u012bna kods RAW C vitam\u012bns sast\u0101v ar\u012b no <strong>probiotikas un fermenti<\/strong>, kas nepiecie\u0161amas norm\u0101lai gremo\u0161anas un im\u016bnsist\u0113mas darb\u012bbai.<\/p><p>Probiotikas ir labv\u0113l\u012bgas bakt\u0113rijas, kas dz\u012bvo zarn\u0101s un kur\u0101m ir svar\u012bga loma organism\u0101.\u00a0<\/p><p>Fermenti ir olbaltumvielas, kas kataliz\u0113 bio\u0137\u012bmisk\u0101s reakcijas organism\u0101 un pal\u012bdz sadal\u012bt og\u013chidr\u0101tus, taukus un olbaltumvielas vienk\u0101r\u0161\u0101k\u0101s molekul\u0101s, kuras var izmantot k\u0101 ener\u0123ijas avotu vai \u0161\u016bnu celtniec\u012bbas blokus.<\/p><h3><strong>PROTAMS<\/strong><\/h3><p><span style=\"font-weight: 400;\"><strong>\u00a0<\/strong><\/span><span style=\"font-weight: 400;\">VITAMIN CODE uztura bag\u0101tin\u0101t\u0101ji ir izgatavoti no individu\u0101li audz\u0113tiem <strong>veseli aug\u013ci un d\u0101rze\u0146i ar labo bakt\u0113riju pal\u012bdz\u012bbu\u00a0<\/strong><\/span><strong>audz\u0113\u0161ana.\u00a0<\/strong><\/p><p><span style=\"font-weight: 400;\">Tie ir dab\u012bgi uztura bag\u0101tin\u0101t\u0101ji, kas ra\u017eoti temperat\u016br\u0101 zem 46\u00baC. T\u0101 sast\u0101v\u0101 ir <strong>dabiskie kofaktori, dz\u012bv\u0101s probiotikas un fermenti<\/strong> - glu\u017ei k\u0101 dab\u012bga un neapstr\u0101d\u0101ta p\u0101rtika! <\/span><\/p><p><span style=\"font-weight: 400;\">Taj\u0101 <strong>nav sint\u0113tisko saistvielu vai pildvielu, <\/strong>k\u0101 ar\u012b m\u0101ksl\u012bg\u0101s gar\u0161as, saldin\u0101t\u0101jus, kr\u0101svielas vai piedevas.<\/span><\/p><h3><strong>\u0112RTA LIETO\u0160ANAI<\/strong><\/h3><p>Tiek pasniegts k\u0101 dab\u012bgs pulveris atveram\u0101s un izdal\u0101m\u0101s kapsul\u0101s. <strong>Tum\u0161\u0101 stikla iepakojum\u0101.<\/strong> <strong>Pietiek no 60-120 dien\u0101m. <\/strong><span style=\"font-weight: 400;\">Piem\u0113rots ve\u0123et\u0101rie\u0161iem un veg\u0101niem.<br \/><\/span><\/p><h3><strong>NOV\u0112RT\u0112TAS PRIEK\u0160ROC\u012aBAS<\/strong><\/h3><p>C vitam\u012bns ir svar\u012bgs un pal\u012bdz uztur\u0113t norm\u0101lu \u0161\u0101du sist\u0113mu st\u0101vokli un darb\u012bbu:<\/p><ul><li>norm\u0101lai <strong>kolag\u0113na veido\u0161anai<\/strong><\/li><li>norm\u0101li <strong>asinsvadu funkcija<\/strong><\/li><li><strong>Im\u016bn\u0101s sist\u0113mas<\/strong> darb\u012bbas atbalstam<\/li><li>ener\u0123\u0113tiskie materi\u0101li<br \/><strong>apgroz\u012bjums<\/strong><\/li><li><strong>psiholo\u0123iskais st\u0101voklis<\/strong> <br \/>atbalst\u012bt<\/li><li>im\u016bnsist\u0113mas darb\u012bba<\/li><li><strong>pal\u012bdz aizsarg\u0101t \u0161\u016bnas<\/strong> no oksidat\u012bv\u0101m <br \/>sp\u0113le<\/li><li><strong>pal\u012bdz<\/strong> lai samazin\u0101tu <br \/>noguruma saj\u016bta un <br \/>nogurums<\/li><li><strong>uzlabojas<\/strong> dzelzs <br \/>absorbcija<\/li><\/ul><div>Ja neesat p\u0101rliecin\u0101ts, k\u0101di vitam\u012bni vai citi uztura bag\u0101tin\u0101t\u0101ji\u00a0<strong>\u0161obr\u012bd vispiem\u0113rot\u0101kais<\/strong>, veiciet testu\u00a0<a style=\"background-color: #ffffff; color: #25bf4e;\" href=\"https:\/\/findvit.com\/lv\/testas\/\"><strong>&quot;Tava diena&quot;<\/strong><\/a>\u00a0un uzzini\u00a0\u00a0<strong>personisks<\/strong>\u00a0ieteikums!<b><br \/><\/b><\/div>\t\t\t\t\t\t\t\t<\/div>\n\t\t\t\t<\/div>\n\t\t\t\t\t<\/div>\n\t\t<\/div>\n\t\t\t\t<div class=\"elementor-column elementor-col-50 elementor-top-column elementor-element elementor-element-fbc17a4\" data-id=\"fbc17a4\" data-element_type=\"column\">\n\t\t\t<div class=\"elementor-widget-wrap elementor-element-populated\">\n\t\t\t\t\t\t<div class=\"elementor-element elementor-element-c9cdac8 elementor-widget elementor-widget-image\" data-id=\"c9cdac8\" data-element_type=\"widget\" data-widget_type=\"image.default\">\n\t\t\t\t<div class=\"elementor-widget-container\">\n\t\t\t\t\t\t\t\t\t\t\t\t\t\t\t<img loading=\"lazy\" decoding=\"async\" width=\"900\" height=\"900\" src=\"https:\/\/findvit.com\/wp-content\/uploads\/2021\/10\/Ko-13-900x900.jpg\" class=\"attachment-large size-large wp-image-2498\" alt=\"Fermenti sieviet\u0113m. Sieviete veic jogas vingrin\u0101jumus\" srcset=\"https:\/\/findvit.com\/wp-content\/uploads\/2021\/10\/Ko-13-900x900.jpg 900w, https:\/\/findvit.com\/wp-content\/uploads\/2021\/10\/Ko-13-600x600.jpg 600w, https:\/\/findvit.com\/wp-content\/uploads\/2021\/10\/Ko-13-150x150.jpg 150w, https:\/\/findvit.com\/wp-content\/uploads\/2021\/10\/Ko-13-768x768.jpg 768w, https:\/\/findvit.com\/wp-content\/uploads\/2021\/10\/Ko-13-1x1.jpg 1w, https:\/\/findvit.com\/wp-content\/uploads\/2021\/10\/Ko-13-10x10.jpg 10w, https:\/\/findvit.com\/wp-content\/uploads\/2021\/10\/Ko-13-100x100.jpg 100w, https:\/\/findvit.com\/wp-content\/uploads\/2021\/10\/Ko-13.jpg 1000w\" sizes=\"auto, (max-width: 900px) 100vw, 900px\" \/>\t\t\t\t\t\t\t\t\t\t\t\t\t\t\t<\/div>\n\t\t\t\t<\/div>\n\t\t\t\t\t<\/div>\n\t\t<\/div>\n\t\t\t\t\t<\/div>\n\t\t<\/section>\n\t\t\t\t<\/div>","protected":false},"excerpt":{"rendered":"<p>C vitam\u012bns - ja j\u016bs to mekl\u0113jat <strong>dab\u012bgs un \u012bsts C vitam\u012bns<\/strong> avots, kas atbilst j\u016bsu vajadz\u012bb\u0101m Vitam\u012bna kods RAW C vitam\u012bns ir pieejams<strong> lieliska izv\u0113le.<\/strong> \u0160is C vitam\u012bns ir ieg\u016bts no organiskiem aug\u013ciem un d\u0101rze\u0146iem, kas ir neapstr\u0101d\u0101ti un nesatur m\u0101ksl\u012bgas piedevas vai konservantus. \u0136ermenis jums pateiks paldies, jo uztura bag\u0101tin\u0101t\u0101js sast\u0101v no dz\u012bv\u0101m probiotik\u0101m un fermentiem, kas tiek augstu nov\u0113rt\u0113ti. Ir pieejams ar\u012b vitam\u012bna kods RAW C vitam\u012bns <strong>bag\u0101ts ar antioksidantiem<\/strong>, kas ir nov\u0113rt\u0113ti un ieteicami.<\/p>","protected":false},"featured_media":23329,"comment_status":"open","ping_status":"closed","template":"","meta":{"_acf_changed":false,"inline_featured_image":false},"etheme_brands":[{"term_id":58,"name":"Garden of Life","slug":"garden-of-life","term_group":0,"term_taxonomy_id":58,"taxonomy":"brand","description":"<h2><strong><a href=\"https:\/\/www.gardenoflife.com\/why-gol\" target=\"_blank\" rel=\"noopener\">Garden of Life<\/a><\/strong><\/h2>\r\nJAV \u012fmon\u0117, kuri yra viena i\u0161 nedaugelio, gaminanti savo produktus 100% i\u0161 nat\u016brali\u0173 ingredient\u0173. Puikiai tinka \u017emon\u0117ms, kuriems labai svarbi produkt\u0173 sud\u0117tis. Visi produktai be GMO. Gamintojas apdovanotas daugeliu kokyb\u0117s sertifikat\u0173, toki\u0173 kaip USDA Organic, Certified Vegan, Certified Gluten-Free, U Kosher ir daugelis kit\u0173. Garden of life kompanija dal\u012f pajam\u0173, gaut\u0173 i\u0161 pardavim\u0173, skiria labdarai, pla\u010diau apra\u0161ytoms gamintojo svetain\u0117je.\r\n\"Garden of Life\" tikslas - suteikti \u017emon\u0117ms galimyb\u0119 tur\u0117ti auk\u0161tos kokyb\u0117s papildus, kurie yra reikalingi gerai sveikatai i\u0161laikyti. Sud\u0117tin\u0117s dalys yra organin\u0117s kilm\u0117s, klini\u0161kai i\u0161tirtos ir atsekamos kilm\u0117s. Gompanija savo gaminiuose nenaudoja sintetini\u0173 pried\u0173, dirbtini\u0173 skoni\u0173 ar da\u017eikli\u0173, ri\u0161ikli\u0173 ar u\u017epild\u0173.\r\nhttps:\/\/youtu.be\/2jbU_WkglKA?t=48\r\n<h3><strong>Neapdirbtas maistas<\/strong><\/h3>\r\n\u017dmogaus k\u016bnas buvo sukurtas valgyti, apdoroti ir gauti maistines med\u017eiagas i\u0161 maisto - tikro, sveiko maisto. Taigi, kai kuriami produktai, pradedama nuo \u017evilgnsio \u012f maist\u0105. Kokie yra \"geri dalykai\" auk\u0161\u010diausios kokyb\u0117s maiste, kurio mums tr\u016bksta m\u016bs\u0173 kasdien\u0117je mityboje? Kuris i\u0161 \u0161i\u0173 maisto produkt\u0173 turi did\u017eiausi\u0105 potencial\u0105 paveikti ir \u012fgalinti ger\u0105 sveikat\u0105?\r\n<h3><strong>Atsekamumas<\/strong><\/h3>\r\nAtsekamumas yra labai svarbus veiksnys, d\u0117l kurio \"Garden of Life\" produktai yra tokie ypatingi. Atsekamumas prasideda nuo \u017einojimo, i\u0161 kur kil\u0119s kiekvienas produkt\u0173 ingredientas, ir susipa\u017einimo su kiekviena kilme: kur jis auginamas; \u016bkininkavimo praktika; kaip elgiasi su \u016bkio darbuotojais \u2013 viskuo.\r\n<h3><strong>\u0160varu yra sveika<\/strong><\/h3>\r\nGarden of life stebi, kas yra \u012fdedama \u012f produktus \u2013 tikri, neapdirbti maisto ingredientai. Bet ties tuo nesustojama. Taip pat labai daug d\u0117mesio skiriama tam, kas i\u0161 \u0161i\u0173 produkt\u0173 i\u0161gaunama. Ir dar kart\u0105 renkamasi\u00a0 \u2013 tikras kokybi\u0161kas maistas. Kompanija naudoja tre\u010di\u0173j\u0173 \u0161ali\u0173\u00a0 sertifikatus, kad \u012frodyt\u0173, jog produktai yra \u0161var\u016bs ir kokybi\u0161ki!\r\n<h3><strong>CO2 neutralumas<\/strong><\/h3>\r\nGarden of life nepaprastai did\u017eiuojasi, kad pasiek\u0117 anglies dioksido neutralum\u0105 2021 m. Bir\u017eelio m\u0117n. CarbonFund.org sertifikuotas \"Carbonfree\u00ae\", \"Garden of Life\" nuo pat \u012fk\u016brimo buvo \u012fsipareigojusi tvarumui.","parent":0,"count":12,"filter":"raw"}],"product_brand":[],"product_cat":[645,646,63,15],"product_tag":[660,91,122,93,98],"class_list":{"0":"post-2361","1":"product","2":"type-product","3":"status-publish","4":"has-post-thumbnail","6":"brand-garden-of-life","7":"product_cat-geriausi-papildai-vyrams","8":"product_cat-papildai-moterims","9":"product_cat-mineralai","10":"product_cat-produktai","11":"product_tag-esminiai-vitaminai-moterims","12":"product_tag-imunitetui","13":"product_tag-jaunatviskai-odai","14":"product_tag-sveikai-sirdziai","15":"product_tag-tvirtiems-kaulams","17":"first","18":"instock","19":"sale","20":"taxable","21":"shipping-taxable","22":"purchasable","23":"product-type-simple"},"acf":[],"_links":{"self":[{"href":"https:\/\/findvit.com\/lv\/wp-json\/wp\/v2\/product\/2361","targetHints":{"allow":["GET"]}}],"collection":[{"href":"https:\/\/findvit.com\/lv\/wp-json\/wp\/v2\/product"}],"about":[{"href":"https:\/\/findvit.com\/lv\/wp-json\/wp\/v2\/types\/product"}],"replies":[{"embeddable":true,"href":"https:\/\/findvit.com\/lv\/wp-json\/wp\/v2\/comments?post=2361"}],"version-history":[{"count":13,"href":"https:\/\/findvit.com\/lv\/wp-json\/wp\/v2\/product\/2361\/revisions"}],"predecessor-version":[{"id":19267,"href":"https:\/\/findvit.com\/lv\/wp-json\/wp\/v2\/product\/2361\/revisions\/19267"}],"wp:featuredmedia":[{"embeddable":true,"href":"https:\/\/findvit.com\/lv\/wp-json\/wp\/v2\/media\/23329"}],"wp:attachment":[{"href":"https:\/\/findvit.com\/lv\/wp-json\/wp\/v2\/media?parent=2361"}],"wp:term":[{"taxonomy":"brand","embeddable":true,"href":"https:\/\/findvit.com\/lv\/wp-json\/wp\/v2\/etheme_brands?post=2361"},{"taxonomy":"product_brand","embeddable":true,"href":"https:\/\/findvit.com\/lv\/wp-json\/wp\/v2\/product_brand?post=2361"},{"taxonomy":"product_cat","embeddable":true,"href":"https:\/\/findvit.com\/lv\/wp-json\/wp\/v2\/product_cat?post=2361"},{"taxonomy":"product_tag","embeddable":true,"href":"https:\/\/findvit.com\/lv\/wp-json\/wp\/v2\/product_tag?post=2361"}],"curies":[{"name":"wp","href":"https:\/\/api.w.org\/{rel}","templated":true}]}}