{"id":2365,"date":"2021-10-08T21:07:28","date_gmt":"2021-10-08T18:07:28","guid":{"rendered":"https:\/\/findvit.com\/?post_type=product&#038;p=2365"},"modified":"2026-02-27T15:48:27","modified_gmt":"2026-02-27T13:48:27","slug":"kiki-organic-chlorella","status":"publish","type":"product","link":"https:\/\/findvit.com\/lv\/produktas\/kiki-organic-chlorella\/","title":{"rendered":"KIKI Health Organic Chlorella - Detoksik\u0101cijas hlorella, 200 tabletes"},"content":{"rendered":"<div data-elementor-type=\"product-post\" data-elementor-id=\"2365\" class=\"elementor elementor-2365\" data-elementor-post-type=\"product\">\n\t\t\t\t\t\t<section class=\"elementor-section elementor-top-section elementor-element elementor-element-453cf2c elementor-section-boxed elementor-section-height-default elementor-section-height-default\" data-id=\"453cf2c\" data-element_type=\"section\">\n\t\t\t\t\t\t<div class=\"elementor-container elementor-column-gap-default\">\n\t\t\t\t\t<div class=\"elementor-column elementor-col-100 elementor-top-column elementor-element elementor-element-61f9c3b\" data-id=\"61f9c3b\" data-element_type=\"column\">\n\t\t\t<div class=\"elementor-widget-wrap elementor-element-populated\">\n\t\t\t\t\t\t<div class=\"elementor-element elementor-element-9ebd7b7 elementor-absolute elementor-hidden-mobile elementor-invisible elementor-widget elementor-widget-image\" data-id=\"9ebd7b7\" data-element_type=\"widget\" data-settings=\"{&quot;motion_fx_motion_fx_scrolling&quot;:&quot;yes&quot;,&quot;motion_fx_rotateZ_effect&quot;:&quot;yes&quot;,&quot;motion_fx_rotateZ_speed&quot;:{&quot;unit&quot;:&quot;px&quot;,&quot;size&quot;:5,&quot;sizes&quot;:[]},&quot;motion_fx_range&quot;:&quot;viewport&quot;,&quot;_animation&quot;:&quot;fadeIn&quot;,&quot;_position&quot;:&quot;absolute&quot;,&quot;motion_fx_rotateZ_affectedRange&quot;:{&quot;unit&quot;:&quot;%&quot;,&quot;size&quot;:&quot;&quot;,&quot;sizes&quot;:{&quot;start&quot;:0,&quot;end&quot;:100}},&quot;motion_fx_devices&quot;:[&quot;desktop&quot;,&quot;tablet&quot;,&quot;mobile&quot;]}\" data-widget_type=\"image.default\">\n\t\t\t\t<div class=\"elementor-widget-container\">\n\t\t\t\t\t\t\t\t\t\t\t\t\t\t\t<img loading=\"lazy\" decoding=\"async\" width=\"200\" height=\"200\" src=\"https:\/\/findvit.com\/wp-content\/uploads\/2021\/09\/ratukas.svg\" class=\"attachment-full size-full wp-image-1777\" alt=\"Ritenis no anketas l\u012bdz vitam\u012bnam\" \/>\t\t\t\t\t\t\t\t\t\t\t\t\t\t\t<\/div>\n\t\t\t\t<\/div>\n\t\t\t\t\t<\/div>\n\t\t<\/div>\n\t\t\t\t\t<\/div>\n\t\t<\/section>\n\t\t\t\t<section class=\"elementor-section elementor-top-section elementor-element elementor-element-84dee63 elementor-section-boxed elementor-section-height-default elementor-section-height-default\" data-id=\"84dee63\" data-element_type=\"section\">\n\t\t\t\t\t\t<div class=\"elementor-container elementor-column-gap-no\">\n\t\t\t\t\t<div class=\"elementor-column elementor-col-50 elementor-top-column elementor-element elementor-element-4fd3b0d\" data-id=\"4fd3b0d\" data-element_type=\"column\">\n\t\t\t<div class=\"elementor-widget-wrap elementor-element-populated\">\n\t\t\t\t\t\t<div class=\"elementor-element elementor-element-19af53a elementor-widget elementor-widget-heading\" data-id=\"19af53a\" data-element_type=\"widget\" data-widget_type=\"heading.default\">\n\t\t\t\t<div class=\"elementor-widget-container\">\n\t\t\t\t\t<h3 class=\"elementor-heading-title elementor-size-default\">KIKI Health Organic Chlorella - Detoksik\u0101cijas hlorella, 200 tabletes<\/h3>\t\t\t\t<\/div>\n\t\t\t\t<\/div>\n\t\t\t\t<div class=\"elementor-element elementor-element-bafd21d elementor-widget elementor-widget-text-editor\" data-id=\"bafd21d\" data-element_type=\"widget\" data-widget_type=\"text-editor.default\">\n\t\t\t\t<div class=\"elementor-widget-container\">\n\t\t\t\t\t\t\t\t\t<p><strong>KIKI HEALTH Organisk\u0101 hlorella \u2013 100% dab\u012bg\u0101 hlorella.<\/strong><\/p><p>\u0160\u012bs j\u016bras un sald\u016bdens a\u013c\u0123es uztur\u0101 izmanto jau kop\u0161 seniem laikiem (actekos, senaj\u0101 Jap\u0101n\u0101 un \u0136\u012bn\u0101). T\u0101 ra\u017eo ener\u0123iju no saules, izmantojot fotosint\u0113zi.<\/p><p>Tas ir bag\u0101ts ar da\u017e\u0101d\u0101m uzturviel\u0101m, kuru kombin\u0101cija ir sabalans\u0113ta t\u0101, lai t\u0101 lieliski atbilstu vajadz\u012bb\u0101m.<\/p><p><strong>Lielisks hlorofila avots.\u00a0<\/strong><\/p><p><strong>Hlorella satur:<\/strong><\/p><ul><li><strong> dzelzs<\/strong><\/li><li><strong>vitam\u012bns B12 <\/strong><\/li><li><strong>olbaltumvielas<\/strong><\/li><\/ul><p>Hlorella ir paz\u012bstama ar sav\u0101m unik\u0101laj\u0101m \u012bpa\u0161\u012bb\u0101m. Tie ir viens no lab\u0101kajiem dabiskajiem B12 vitam\u012bna avotiem, kas ir nepiecie\u0161ams norm\u0101lai nervu sist\u0113mas darb\u012bbai un ener\u0123ijas ra\u017eo\u0161anai. Turkl\u0101t hlorella ir bag\u0101ta ar olbaltumviel\u0101m, jo olbaltumvielas pal\u012bdz veidot musku\u013cu masu un olbaltumvielas ir svar\u012bgas norm\u0101lai darb\u012bbai <br \/>lai saglab\u0101tu kaulu st\u0101vokli, un taj\u0101 eso\u0161\u0101s \u0161\u0137iedras v\u0113l vair\u0101k bag\u0101tina sast\u0101vu.<\/p><p>\u0160is uztura bag\u0101tin\u0101t\u0101js ir ar\u012b labs joda un dzelzs avots. Jods parasti ir svar\u012bgs <br \/>ener\u0123ijas metabolismam un Dzelzs ir svar\u012bgs norm\u0101lai darb\u012bbai <br \/>sk\u0101bek\u013ca transport\u0113\u0161anai organism\u0101.<\/p><p>\u0160is uztura bag\u0101tin\u0101t\u0101js ir ra\u017eots atbilsto\u0161i augst\u0101kajiem kvalit\u0101tes standartiem. Tas ir 100% organisks, nesatur \u0122MO, sint\u0113tisk\u0101s piedevas, lipekli un piem\u0113rots ve\u0123et\u0101rie\u0161iem. Turkl\u0101t tas tiek dro\u0161i uzglab\u0101ts tum\u0161\u0101 stikla iepakojum\u0101, lai saglab\u0101tu visas t\u0101 der\u012bg\u0101s \u012bpa\u0161\u012bbas.<\/p><p>KIKI HEALTH Organisk\u0101 hlorella ir ne tikai uztura bag\u0101tin\u0101t\u0101js, bet ar\u012b lielisks veids, k\u0101 pie\u0161\u0137irt sev dabiskumu. Ieg\u016bstiet to \u0161odien un saj\u016btiet at\u0161\u0137ir\u012bbu!<\/p><p><br \/>Viegli norijamas tabletes, kur\u0101s Chorella pulveris ir vienk\u0101r\u0161i saspiests table\u0161u form\u0101.<\/p><p><br \/><strong>Nesatur glut\u0113nu vai kvie\u0161us. Bez m\u0101ksl\u012bg\u0101m kr\u0101sviel\u0101m, konservantiem, saldin\u0101t\u0101jiem un p\u0101rtikas piedev\u0101m. Tum\u0161\u0101 stikla iepakojums.<\/strong><\/p><p><strong>Ra\u017eot\u0101js KIKI HEALTH<\/strong> ir inovat\u012bvs uz\u0146\u0113mums, kas rada <strong>tikai kvalitat\u012bvi un dab\u012bgi produkti. <\/strong>\u00a0Vi\u0146i tam tic <strong>tikai t\u012br\u0101kaj\u0101m sast\u0101vda\u013c\u0101m ir visefekt\u012bv\u0101k\u0101 iedarb\u012bba.<\/strong><\/p><p>Visas produktos iek\u013caut\u0101s sast\u0101vda\u013cas ir r\u016bp\u012bgi atlas\u012btas un \u0113tiski apstr\u0101d\u0101tas, lai saglab\u0101tu un maksim\u0101li palielin\u0101tu efektivit\u0101ti un ieguvumus, k\u0101 ar\u012b nodro\u0161in\u0101tu vislab\u0101kos rezult\u0101tus.<\/p><p><span lang=\"lt\"><strong>KIKI HEALTH sol\u012bjums<\/strong><br \/><\/span><\/p><ul><li><span lang=\"lt\">Augst\u0101k\u0101s kvalit\u0101tes augu izcelsmes organisk\u0101s sast\u0101vda\u013cas<\/span><\/li><li><span lang=\"lt\">\u0112tika, integrit\u0101te un t\u012br\u012bba ra\u017eo\u0161anas proces\u0101<\/span><\/li><li><span lang=\"lt\">Sertific\u0113tas organiskas vai savva\u013cas sast\u0101vda\u013cas<\/span><\/li><li><span lang=\"lt\">Bez kompromisiem ar sint\u0113tisk\u0101m piedev\u0101m, saistviel\u0101m, pildviel\u0101m vai cit\u0101m kait\u012bg\u0101m viel\u0101m.<\/span><\/li><li><span lang=\"lt\">Nesatur \u0122MO, glut\u0113nu, kvie\u0161us.<br \/><\/span><\/li><\/ul><div>Ja neesat p\u0101rliecin\u0101ts, k\u0101di vitam\u012bni vai citi uztura bag\u0101tin\u0101t\u0101ji\u00a0<strong>\u0161obr\u012bd vispiem\u0113rot\u0101kais<\/strong>, veiciet testu\u00a0<a style=\"background-color: #ffffff; color: #25bf4e;\" href=\"https:\/\/findvit.com\/lv\/testas\/\"><strong>&quot;Tava diena&quot;<\/strong><\/a>\u00a0un uzzini\u00a0\u00a0<strong>personisks<\/strong>\u00a0ieteikums!<span style=\"font-size: 15.96px;\"><br \/><\/span><\/div><div>\u00a0<\/div><div><p>\u00a0<\/p><p>\u00a0<\/p><\/div><p id=\"tw-target-text\" class=\"tw-data-text tw-text-large XcVN5d tw-ta\" dir=\"ltr\" data-placeholder=\"Translation\">\u00a0<\/p>\t\t\t\t\t\t\t\t<\/div>\n\t\t\t\t<\/div>\n\t\t\t\t\t<\/div>\n\t\t<\/div>\n\t\t\t\t<div class=\"elementor-column elementor-col-50 elementor-top-column elementor-element elementor-element-9cfeb07\" data-id=\"9cfeb07\" data-element_type=\"column\">\n\t\t\t<div class=\"elementor-widget-wrap elementor-element-populated\">\n\t\t\t\t\t\t<div class=\"elementor-element elementor-element-7e4b0eb elementor-widget elementor-widget-image\" data-id=\"7e4b0eb\" data-element_type=\"widget\" data-widget_type=\"image.default\">\n\t\t\t\t<div class=\"elementor-widget-container\">\n\t\t\t\t\t\t\t\t\t\t\t\t\t\t\t<img loading=\"lazy\" decoding=\"async\" width=\"900\" height=\"900\" src=\"https:\/\/findvit.com\/wp-content\/uploads\/2021\/11\/koliazai-19-900x900.jpg\" class=\"attachment-large size-large wp-image-3827\" alt=\"Kol\u0101\u017ea, dab\u012bgi piedevas no dabas\" srcset=\"https:\/\/findvit.com\/wp-content\/uploads\/2021\/11\/koliazai-19-900x900.jpg 900w, https:\/\/findvit.com\/wp-content\/uploads\/2021\/11\/koliazai-19-600x600.jpg 600w, https:\/\/findvit.com\/wp-content\/uploads\/2021\/11\/koliazai-19-150x150.jpg 150w, https:\/\/findvit.com\/wp-content\/uploads\/2021\/11\/koliazai-19-768x768.jpg 768w, https:\/\/findvit.com\/wp-content\/uploads\/2021\/11\/koliazai-19-1x1.jpg 1w, https:\/\/findvit.com\/wp-content\/uploads\/2021\/11\/koliazai-19-10x10.jpg 10w, https:\/\/findvit.com\/wp-content\/uploads\/2021\/11\/koliazai-19-100x100.jpg 100w, https:\/\/findvit.com\/wp-content\/uploads\/2021\/11\/koliazai-19-e1637516813177.jpg 1001w\" sizes=\"auto, (max-width: 900px) 100vw, 900px\" \/>\t\t\t\t\t\t\t\t\t\t\t\t\t\t\t<\/div>\n\t\t\t\t<\/div>\n\t\t\t\t\t<\/div>\n\t\t<\/div>\n\t\t\t\t\t<\/div>\n\t\t<\/section>\n\t\t\t\t<\/div>","protected":false},"excerpt":{"rendered":"<p>100% organisk\u0101s hlorellas tabletes. Lieliska izv\u0113le<strong>\u00a0pat 500 mg<\/strong> katr\u0101 Joda un hlorofila avots. Dro\u0161i uzglab\u0101t tum\u0161\u0101 stikla trauk\u0101. Pietiekami l\u012bdz 3 m\u0113ne\u0161iem.<\/p>","protected":false},"featured_media":23297,"comment_status":"open","ping_status":"closed","template":"","meta":{"_acf_changed":false,"inline_featured_image":false},"etheme_brands":[{"term_id":28,"name":"Kiki Health","slug":"kiki-health","term_group":0,"term_taxonomy_id":28,"taxonomy":"brand","description":"<h2><a href=\"https:\/\/kiki-health.com\/about-us\/\" target=\"_blank\" rel=\"noopener\"><strong>KIKI Health<\/strong><\/a><\/h2>\r\nKIKI yra prek\u0117s \u017eenklas, kuriantis novatori\u0161kus maisto papildus.\r\n\r\nKIKI yra pripa\u017eintas ir gerbiamas, kaip sveikos gyvensenos produkt\u0173 ir individualumo bei meistri\u0161kumo standartas.\r\n\r\nKIKI gim\u0117 i\u0161 noro skatinti optimali\u0105 sveikat\u0105 ir gerov\u0119, m\u016bs\u0173 tikslas ir aistra yra \u012fsigyti auk\u0161\u010diausios kokyb\u0117s, grynumo produktus i\u0161 viso pasaulio, kurie pad\u0117t\u0173 gro\u017eiui ir sveikatai.\r\n\r\nNuo pat prad\u017ei\u0173 ir iki \u0161iol KIKI Health niekada nedaro kompromis\u0173 ir nededa pried\u0173 bei naudoja prastesni\u0173 ingredient\u0173 - tik nat\u016bralios 100% veikliosios med\u017eiagos.\r\n\r\nhttps:\/\/youtu.be\/irT0ZUOzBac?t=45\r\n<h3><strong>Nat\u016braliai turtingi <\/strong><strong>vitaminais, mineralais ir b\u016btinomis\u00a0 veikliosiomis med\u017eiagomis<\/strong><\/h3>\r\nDaugelis \"KIKI Health\" produkt\u0173 turintys augalini\u0173 ir maistini\u0173 med\u017eiag\u0173\u00a0 yra sertifikuoti, kaip ekologi\u0161ki.\r\n\r\nI\u0161naudodami stiprias augalin\u0117s kilm\u0117s, nat\u016brali\u0173 ingredient\u0173 galias, kupinas esmini\u0173 augal\u0173 veikli\u0173j\u0173 med\u017eiag\u0173, vitamin\u0173 ir mineral\u0173, kad suteikt\u0173 smegenims, odai ir k\u016bnui neprilygstam\u0105 pagalb\u0105.\r\n\r\nKIKI Health tikslas yra u\u017etikrinti, kad mi\u0161iniuose neb\u016bt\u0173 sintetikos, konservant\u0173, u\u017epild\u0173 ir ri\u0161ikli\u0173, u\u017etikrinant, kad ir toliau gamint\u0173 veiksmingus, \u0161varius ir saugius papildus.\r\n\r\nPagaminta Jungtin\u0117je Karalyst\u0117je i\u0161 \u0161vari\u0173 ir tvari\u0173 ingredient\u0173.\r\n<h3><strong>Atsakingumas<\/strong><\/h3>\r\nU\u017etikrindami, kad produktai b\u016bt\u0173 atsakingai u\u017eauginti, ne tik r\u016bpinamasi aplinka, bet ir garantuojama produkto kokyb\u0119. KIKI Healt specialistai keliauja po pasaul\u012f ie\u0161kodami ekologi\u0161k\u0173, eti\u0161kai gaut\u0173 ingredient\u0173, pasi\u017eymin\u010di\u0173 geresne maistine verte, kartu pad\u0117dami vietos bendruomen\u0117ms klest\u0117ti. Maisto gamybos b\u016bdas yra labai svarbus daugeliui vartotoj\u0173, ir tai kelia susir\u016bpinim\u0105, kur\u012f mes dalijam\u0117s.\r\n<h3><strong>Minimalus apdorojimas<\/strong><\/h3>\r\nNor\u0117dami pasiekti optimal\u0173 biologin\u012f prieinamum\u0105, stengiamasi, kad ingredientai b\u016bt\u0173 kuo ar\u010diau j\u0173 nat\u016bralios b\u016bkl\u0117s. Laikomasi minimalaus perdirbimo ir kontroliuojama temperat\u016bros, i\u0161kart po derliaus nu\u0117mimo, kad b\u016bt\u0173 i\u0161laikoma visa nauda sveikatai ir gyvybi\u0161kai svarbios maistin\u0117s med\u017eiagos.\r\n\r\n<strong>Produktuose n\u0117ra<\/strong>: sintetikos, dirbtini\u0173 da\u017eikli\u0173 ir kvapi\u0173j\u0173 med\u017eiag\u0173, u\u017epild\u0173, ri\u0161ikli\u0173, dengimo med\u017eiag\u0173, lipnum\u0105 reguliuojan\u010di\u0173 med\u017eiag\u0173, cukr\u0173, glitimo, GMO, laktoz\u0117s, konservant\u0173, pagalbini\u0173 med\u017eiag\u0173.\r\n\r\nVisi ingredientai ir galutiniai produktai yra reguliariai tikrinami tre\u010diosios \u0161alies laboratorijoje. U\u017etikrinama, kad kiekviena partija b\u016bt\u0173 i\u0161bandyta d\u0117l sunki\u0173j\u0173 metal\u0173, mikroorganizm\u0173 ir pesticid\u0173 laikantis grie\u017et\u0173 kokyb\u0117s kontrol\u0117s s\u0105lyg\u0173, o rezultatai atitikt\u0173 ES ir JK ribinius reglamentus, \u012fskaitant ekologinio \u016bkininkavimo standartus.","parent":0,"count":28,"filter":"raw"}],"product_brand":[],"product_cat":[646,15],"product_tag":[656],"class_list":{"0":"post-2365","1":"product","2":"type-product","3":"status-publish","4":"has-post-thumbnail","6":"brand-kiki-health","7":"product_cat-papildai-moterims","8":"product_cat-produktai","9":"product_tag-moterims-detoksikacija","11":"first","12":"instock","13":"sale","14":"taxable","15":"shipping-taxable","16":"purchasable","17":"product-type-simple"},"acf":[],"_links":{"self":[{"href":"https:\/\/findvit.com\/lv\/wp-json\/wp\/v2\/product\/2365","targetHints":{"allow":["GET"]}}],"collection":[{"href":"https:\/\/findvit.com\/lv\/wp-json\/wp\/v2\/product"}],"about":[{"href":"https:\/\/findvit.com\/lv\/wp-json\/wp\/v2\/types\/product"}],"replies":[{"embeddable":true,"href":"https:\/\/findvit.com\/lv\/wp-json\/wp\/v2\/comments?post=2365"}],"version-history":[{"count":13,"href":"https:\/\/findvit.com\/lv\/wp-json\/wp\/v2\/product\/2365\/revisions"}],"predecessor-version":[{"id":18962,"href":"https:\/\/findvit.com\/lv\/wp-json\/wp\/v2\/product\/2365\/revisions\/18962"}],"wp:featuredmedia":[{"embeddable":true,"href":"https:\/\/findvit.com\/lv\/wp-json\/wp\/v2\/media\/23297"}],"wp:attachment":[{"href":"https:\/\/findvit.com\/lv\/wp-json\/wp\/v2\/media?parent=2365"}],"wp:term":[{"taxonomy":"brand","embeddable":true,"href":"https:\/\/findvit.com\/lv\/wp-json\/wp\/v2\/etheme_brands?post=2365"},{"taxonomy":"product_brand","embeddable":true,"href":"https:\/\/findvit.com\/lv\/wp-json\/wp\/v2\/product_brand?post=2365"},{"taxonomy":"product_cat","embeddable":true,"href":"https:\/\/findvit.com\/lv\/wp-json\/wp\/v2\/product_cat?post=2365"},{"taxonomy":"product_tag","embeddable":true,"href":"https:\/\/findvit.com\/lv\/wp-json\/wp\/v2\/product_tag?post=2365"}],"curies":[{"name":"wp","href":"https:\/\/api.w.org\/{rel}","templated":true}]}}