{"id":2381,"date":"2021-10-08T21:31:13","date_gmt":"2021-10-08T18:31:13","guid":{"rendered":"https:\/\/findvit.com\/?post_type=product&#038;p=2381"},"modified":"2026-04-14T21:08:46","modified_gmt":"2026-04-14T18:08:46","slug":"trace-minerals-mega-magnis-400-mg-skystas-su-mineralais-118-ml","status":"publish","type":"product","link":"https:\/\/findvit.com\/lv\/produktas\/trace-minerals-mega-magnis-400-mg-skystas-su-mineralais-118-ml\/","title":{"rendered":"Trace Minerals Mega Magnesium 400 mg. \u0160\u0137idrums ar miner\u0101lviel\u0101m, 118 ml."},"content":{"rendered":"<div data-elementor-type=\"product-post\" data-elementor-id=\"2381\" class=\"elementor elementor-2381\" data-elementor-post-type=\"product\">\n\t\t\t\t\t\t<section class=\"elementor-section elementor-top-section elementor-element elementor-element-9c9d058 elementor-section-boxed elementor-section-height-default elementor-section-height-default\" data-id=\"9c9d058\" data-element_type=\"section\">\n\t\t\t\t\t\t<div class=\"elementor-container elementor-column-gap-default\">\n\t\t\t\t\t<div class=\"elementor-column elementor-col-100 elementor-top-column elementor-element elementor-element-deb3d60\" data-id=\"deb3d60\" data-element_type=\"column\">\n\t\t\t<div class=\"elementor-widget-wrap elementor-element-populated\">\n\t\t\t\t\t\t<div class=\"elementor-element elementor-element-bf9abbf elementor-absolute elementor-hidden-mobile elementor-invisible elementor-widget elementor-widget-image\" data-id=\"bf9abbf\" data-element_type=\"widget\" data-settings=\"{&quot;motion_fx_motion_fx_scrolling&quot;:&quot;yes&quot;,&quot;motion_fx_rotateZ_effect&quot;:&quot;yes&quot;,&quot;motion_fx_rotateZ_speed&quot;:{&quot;unit&quot;:&quot;px&quot;,&quot;size&quot;:5,&quot;sizes&quot;:[]},&quot;motion_fx_range&quot;:&quot;viewport&quot;,&quot;_animation&quot;:&quot;fadeIn&quot;,&quot;_position&quot;:&quot;absolute&quot;,&quot;motion_fx_rotateZ_affectedRange&quot;:{&quot;unit&quot;:&quot;%&quot;,&quot;size&quot;:&quot;&quot;,&quot;sizes&quot;:{&quot;start&quot;:0,&quot;end&quot;:100}},&quot;motion_fx_devices&quot;:[&quot;desktop&quot;,&quot;tablet&quot;,&quot;mobile&quot;]}\" data-widget_type=\"image.default\">\n\t\t\t\t<div class=\"elementor-widget-container\">\n\t\t\t\t\t\t\t\t\t\t\t\t\t\t\t<img loading=\"lazy\" decoding=\"async\" width=\"200\" height=\"200\" src=\"https:\/\/findvit.com\/wp-content\/uploads\/2021\/09\/ratukas.svg\" class=\"attachment-full size-full wp-image-1777\" alt=\"Ritenis no anketas l\u012bdz vitam\u012bnam\" \/>\t\t\t\t\t\t\t\t\t\t\t\t\t\t\t<\/div>\n\t\t\t\t<\/div>\n\t\t\t\t\t<\/div>\n\t\t<\/div>\n\t\t\t\t\t<\/div>\n\t\t<\/section>\n\t\t\t\t<section class=\"elementor-section elementor-top-section elementor-element elementor-element-1177870 elementor-section-boxed elementor-section-height-default elementor-section-height-default\" data-id=\"1177870\" data-element_type=\"section\">\n\t\t\t\t\t\t<div class=\"elementor-container elementor-column-gap-no\">\n\t\t\t\t\t<div class=\"elementor-column elementor-col-50 elementor-top-column elementor-element elementor-element-dbcfb5c\" data-id=\"dbcfb5c\" data-element_type=\"column\">\n\t\t\t<div class=\"elementor-widget-wrap elementor-element-populated\">\n\t\t\t\t\t\t<div class=\"elementor-element elementor-element-af3c10c elementor-widget elementor-widget-heading\" data-id=\"af3c10c\" data-element_type=\"widget\" data-widget_type=\"heading.default\">\n\t\t\t\t<div class=\"elementor-widget-container\">\n\t\t\t\t\t<h2 class=\"elementor-heading-title elementor-size-medium\">Trace Minerals Mega Magnesium 400 mg. \u0160\u0137idrums ar miner\u0101lviel\u0101m, 118 ml.<\/h2>\t\t\t\t<\/div>\n\t\t\t\t<\/div>\n\t\t\t\t<div class=\"elementor-element elementor-element-9f79a7d elementor-widget elementor-widget-text-editor\" data-id=\"9f79a7d\" data-element_type=\"widget\" data-widget_type=\"text-editor.default\">\n\t\t\t\t<div class=\"elementor-widget-container\">\n\t\t\t\t\t\t\t\t\t<p><strong>Mega-Meg magnijs ir dabisks koncentr\u0113ta magnija un miner\u0101lvielu avots.\u00a0<\/strong><\/p><p>Ir pieejams Mega-Mag <strong>unik\u0101la<\/strong> produkts, kas \u0113rt\u0101 un efekt\u012bv\u0101 veid\u0101 nodro\u0161ina jums pareizo magnija devu.<\/p><p>Viens piliens Mega-Mag <strong>dod<\/strong> 100 mg magnija hlor\u012bda, kas ir viena no visvair\u0101k absorb\u0113jamaj\u0101m magnija form\u0101m.<\/p><p>Magnijs<strong> ir nepiecie\u0161ams<\/strong> daudz\u0101m \u0137erme\u0146a funkcij\u0101m un procesiem. Magnijs ir ceturtais visbie\u017e\u0101k sastopamais miner\u0101ls organism\u0101 un ir iesaist\u012bts vair\u0101k nek\u0101 300 bio\u0137\u012bmisk\u0101s reakcij\u0101s.\u00a0<\/p><p>Magnijs ir kl\u0101t<strong> augsti nov\u0113rt\u0113ts<\/strong> un tiek pla\u0161i izmantots \u0161\u0101du b\u016btisku iemeslu d\u0113\u013c:<\/p><ul><li>Magnijs pal\u012bdz samazin\u0101t <br \/>noguruma saj\u016bta un <br \/>nogurums<\/li><\/ul><p>Magnijs ir izcils un labi atpaz\u012bstams elektrol\u012btu pasaul\u0113, jo:<\/p><ul><li>Magnijs pal\u012bdz uztur\u0113t <br \/>elektrol\u012btu l\u012bdzsvars<\/li><\/ul><p>M\u0113s visi v\u0113lamies justies labi p\u0113c smagas darba dienas <strong>atp\u016bsties<\/strong>. T\u0101p\u0113c viens no risin\u0101jumiem var b\u016bt Mega-mag:<\/p><ul><li>Magnijs parasti ir svar\u012bgs <br \/>nervu sist\u0113mas darb\u012bba<\/li><li>Magnijs parasti ir svar\u012bgs <br \/>psiholo\u0123isk\u0101 st\u0101vok\u013ca uztur\u0113\u0161anai<\/li><\/ul><p>Svar\u012bgi ir sp\u0113c\u012bgi musku\u013ci un kauli <strong>veselam cilv\u0113kam<\/strong> da\u013ca<\/p><ul><li>Magnijs parasti ir svar\u012bgs <br \/>musku\u013cu funkcija<\/li><li>Magnijs parasti ir svar\u012bgs <br \/>lai saglab\u0101tu kaulu vesel\u012bbu<\/li><\/ul><p>Pateicoties \u0161\u012bm magnija \u012bpa\u0161\u012bb\u0101m, sportisti bie\u017ei papildina organismu ar magniju.<\/p><p>Mega-Mag ir ne tikai <strong>lieliski<\/strong> magnija avots, bet ar\u012b pilna spektra jonu mikroelementu avots, kas ieg\u016bts no J\u016btas j\u016bras.<\/p><p>\u0160ie mikroelementi <strong>ir nepiecie\u0161ami<\/strong> organisma l\u012bdzsvaram un optim\u0101lai funkcion\u0113\u0161anai, jo piedal\u0101s daudz\u0101s bio\u0137\u012bmisk\u0101s reakcij\u0101s.\u00a0<\/p><p>Mega-Mag satur t\u0101dus mikroelementus k\u0101 k\u0101lijs, kalcijs, cinks, dzelzs, sel\u0113ns, jods utt.<\/p><p>Mega-Mag ir viegli lietojams un doz\u0113jams produkts, ko varat pievienot savam iecien\u012bt\u0101kajam dz\u0113rienam vai \u0161\u0137idrumam. Ieteicams lietot 1-4 pilienus dien\u0101 vai saska\u0146\u0101 ar \u0101rsta nor\u0101d\u012bjumiem.<\/p><p>Ir pieejams Mega-Mag <strong>dro\u0161i un dabiski<\/strong> produkts, kas nesatur nek\u0101das m\u0101ksl\u012bgas piedevas vai konservantus.<\/p><p>Mega-Mag ir paredz\u0113ts ikvienam, kur\u0161 saprot kvalit\u0101ti, nov\u0113rt\u0113 dabiskumu un r\u016bp\u0113jas par savu un savu tuvinieku labsaj\u016btu.\u00a0<\/p><p>Cilv\u0113ka \u0137ermenis nera\u017eo magniju, t\u0101p\u0113c tas ir j\u0101papildina.<\/p><p>Pieaugu\u0161ajiem <strong>magnija dienas norma ir 300-400 mg<\/strong>.\u00a0<\/p><p>\u00a0<b>Jonu miner\u0101li <\/b>tiek rad\u012bti <strong>dabiskas dabas<\/strong>, t\u0101di pa\u0161i k\u0101 p\u0101rtik\u0101 <strong>mikroelementi<\/strong>. \u0160o biolo\u0123iski akt\u012bvo, \u016bden\u012b \u0161\u0137\u012bsto\u0161o miner\u0101lu veido\u0161an\u0101s prasa vair\u0101kus gadus. Ieg\u016bts no Liel\u0101 S\u0101lsezera, pies\u0101tin\u0101ts ar miner\u0101liem, kas \u0161eit uzkr\u0101ju\u0161ies t\u016bksto\u0161iem gadu.\u00a0\u00a0<\/p><p>Ja neesat p\u0101rliecin\u0101ts, k\u0101di vitam\u012bni vai citi uztura bag\u0101tin\u0101t\u0101ji <strong>\u0161obr\u012bd vispiem\u0113rot\u0101kais<\/strong>, veiciet testu <a href=\"https:\/\/findvit.com\/lv\/testas\/\"><strong>&quot;Tava diena&quot;<\/strong><\/a> un uzzini\u00a0 <strong>personisks<\/strong> ieteikums!<\/p>\t\t\t\t\t\t\t\t<\/div>\n\t\t\t\t<\/div>\n\t\t\t\t\t<\/div>\n\t\t<\/div>\n\t\t\t\t<div class=\"elementor-column elementor-col-50 elementor-top-column elementor-element elementor-element-17d5a24\" data-id=\"17d5a24\" data-element_type=\"column\">\n\t\t\t<div class=\"elementor-widget-wrap elementor-element-populated\">\n\t\t\t\t\t\t<div class=\"elementor-element elementor-element-defd72a elementor-widget elementor-widget-image\" data-id=\"defd72a\" data-element_type=\"widget\" data-widget_type=\"image.default\">\n\t\t\t\t<div class=\"elementor-widget-container\">\n\t\t\t\t\t\t\t\t\t\t\t\t\t\t\t<img loading=\"lazy\" decoding=\"async\" width=\"900\" height=\"900\" src=\"https:\/\/findvit.com\/wp-content\/uploads\/2021\/10\/Ko-3-900x900.jpg\" class=\"attachment-large size-large wp-image-2469\" alt=\"sporta vesel\u012bbas kol\u0101\u017ea\" srcset=\"https:\/\/findvit.com\/wp-content\/uploads\/2021\/10\/Ko-3-900x900.jpg 900w, https:\/\/findvit.com\/wp-content\/uploads\/2021\/10\/Ko-3-600x600.jpg 600w, https:\/\/findvit.com\/wp-content\/uploads\/2021\/10\/Ko-3-150x150.jpg 150w, https:\/\/findvit.com\/wp-content\/uploads\/2021\/10\/Ko-3-768x768.jpg 768w, https:\/\/findvit.com\/wp-content\/uploads\/2021\/10\/Ko-3-1x1.jpg 1w, https:\/\/findvit.com\/wp-content\/uploads\/2021\/10\/Ko-3-10x10.jpg 10w, https:\/\/findvit.com\/wp-content\/uploads\/2021\/10\/Ko-3-100x100.jpg 100w, https:\/\/findvit.com\/wp-content\/uploads\/2021\/10\/Ko-3.jpg 1000w\" sizes=\"auto, (max-width: 900px) 100vw, 900px\" \/>\t\t\t\t\t\t\t\t\t\t\t\t\t\t\t<\/div>\n\t\t\t\t<\/div>\n\t\t\t\t\t<\/div>\n\t\t<\/div>\n\t\t\t\t\t<\/div>\n\t\t<\/section>\n\t\t\t\t<\/div>","protected":false},"excerpt":{"rendered":"<p>Mikroelementi Mega magnijs ir \u0161\u0137idrais magnijs. Ar dab\u012bgiem miner\u0101liem. Lielisks magnija avots. Maksim\u0101l\u0101 koncentr\u0101cija 400 mg. Labi uzs\u016bcas organism\u0101. Lietojot pirms gul\u0113tie\u0161anas, tas uzlabo miega kvalit\u0101ti. lietojot no r\u012bta - palielina ener\u0123iju. \u0112rta doz\u0113\u0161anas pipete. Pietiek kursam l\u012bdz 4 m\u0113ne\u0161iem.<\/p>","protected":false},"featured_media":22964,"comment_status":"open","ping_status":"closed","template":"","meta":{"_acf_changed":false,"inline_featured_image":false},"etheme_brands":[{"term_id":38,"name":"Trace Minerals","slug":"trace-minerals","term_group":0,"term_taxonomy_id":38,"taxonomy":"brand","description":"<h2><strong>Trace minerals<\/strong><\/h2>\r\n\"Trace Minerals\" yra \u017einomas jonini\u0173 mineralini\u0173 papild\u0173 prek\u0117s \u017eenklas, kuriuo pasitikima beveik 50 met\u0173.\r\n\r\n<strong>Gamintojo misija<\/strong>\r\n\r\n\"Trace Minerals\" mato pasaul\u012f, kuriame \u017emon\u0117s yra\r\natsakingi u\u017e savo sveikat\u0105. Laikas, kai visi \u017emon\u0117s yra nori ir gali\r\ngyventi sveikiau. Joniniai mineralai yra pasiekiami visiems norintiems. Daugiau nei 50 met\u0173 \"Trace Minerals\" prek\u0117s \u017eenklo\r\nproduktai visame pasaulyje buvo pripa\u017einti jonini\u0173 produkt\u0173 pradininkais.\r\n\r\nVisus 50 met\u0173 Trace Minerals vertyb\u0117s yra:\r\n\r\n1. Bekompromis\u0117 kokyb\u0117, nuo kurios priklauso \u017emoni\u0173 savijauta.\r\n2. Neprilygstama aptarnavimas, kuris leid\u017eia klientams \u0161ypsotis.\r\n3. Nuolatinis pajam\u0173 augimas diegiant inovacijas ir kuriant produktus.\r\n4. Ugdomieji u\u017esi\u0117mimai.\r\n5. Lyderyst\u0117 savo srities pramon\u0117je.\r\n6. Lojalumas ir s\u0105\u017einingumas patikimiems darbuotojams ir verslo partneriams.\r\n<h3><strong>Garantija<\/strong><\/h3>\r\nGamintojas tiki, kad maisto papildai tur\u0117t\u0173 atne\u0161ti pastebimus\r\nrezultatus. Trace minerals \u012fsipareigojimas siekti pastebim\u0173 rezultat\u0173 yra\r\n\"Trace Minerals research\" filosofija.\r\n\r\nBeveik penkis de\u0161imtme\u010dius \"Trace Minerals\" prek\u0117s \u017eenklo produktai pad\u0117jo \u017emon\u0117ms priimti pagr\u012fstus sprendimus pasirenkant tinkamus produktus. Trce Minerals t\u0119stinis \u012fsipareigojimas yra paprastas: gaminti auk\u0161\u010diausios kokyb\u0117s produktus, paremtus moksliniais tyrimais, pagamintus u\u017e teising\u0105 kain\u0105 ir garantuojama, kad bus\r\npagerinti gyvenimai t\u0173, kurie vartoja kokybi\u0161kus produktus. Trace minerals visada tai dar\u0117 ir toliau t\u0105 darys.\r\n\r\nhttps:\/\/youtu.be\/hbeINVcx5FY?t=77\r\n<h3><strong>Mokslas ir tyrimai<\/strong><\/h3>\r\nGamintojas gavo \u0161e\u0161i\u0173 m\u0117nesi\u0173 klinikinio tyrimo \"ConcenTrace\u00ae\" rezultatus. \"Trace Mineral Drops\", jo pavyzdinis jonini\u0173 mineralinis papildas, kuriame yra visas spektras nat\u016braliai atsirandan\u010di\u0173 mikroelement\u0173.\r\n\r\nDalyviams buvo skiriama po 40 la\u0161\u0173 ConcenTrace\u00ae arba placebo per par\u0105\r\n24 savaites. Tyrime teigiama, kad \"veiksmingum\u0105 objektyviai patvirtino\r\n\u012fvertinti s\u0105nari\u0173 kremzl\u0117s storio, s\u0105nario erdv\u0117s plo\u010dio poky\u010dius\r\nir sinovinio skys\u010dio sud\u0117tis\". 24 savai\u010di\u0173 rezultatai rodo, kad \"ultrasonografija ir sinovinio skys\u010dio tyrimas atskleid\u0117 kremzl\u0117s\r\nstrukt\u016bros pager\u0117jim\u0105\".\r\n\r\n\u0160is preliminarus tyrimas parodo, kad ConcenTrace\u00ae pagerina s\u0105nari\u0173 sveikat\u0105.\r\n<h3><strong>Sertifikatai<\/strong><\/h3>\r\nKokyb\u0117 visada buvo svarbiausias <a href=\"https:\/\/www.traceminerals.com\/\" target=\"_blank\" rel=\"noopener\">\"Trace Minerals\"<\/a> prioritetas. Per daugel\u012f met\u0173\u00a0 akylai tobulino gamybos procesus. Tikima, kad geriausi procesai padeda gaminti geriausius ir sveikiausius produktus. Tai yra pagrindin\u0117 prie\u017eastis, kod\u0117l grie\u017etai kontroliuojama produkt\u0173 kokyb\u0117 ir kod\u0117l turima daugyb\u0117 sertifikat\u0173.\r\n<ul>\r\n \t<li><a href=\"https:\/\/grmalliance.org\/\" target=\"_blank\" rel=\"noopener\">GRMA\/UL GMP Certified<\/a><\/li>\r\n \t<li>GRAS Certified<\/li>\r\n \t<li>BPA Free<\/li>\r\n \t<li>Kosher<\/li>\r\n \t<li>Halal<\/li>\r\n \t<li>Non-GMO Verified<\/li>\r\n \t<li>Transparency<\/li>\r\n<\/ul>","parent":0,"count":19,"filter":"raw"}],"product_brand":[],"product_cat":[63,646,645,651,15],"product_tag":[127,125,101,96,93],"class_list":{"0":"post-2381","1":"product","2":"type-product","3":"status-publish","4":"has-post-thumbnail","6":"brand-trace-minerals","7":"product_cat-mineralai","8":"product_cat-papildai-moterims","9":"product_cat-geriausi-papildai-vyrams","10":"product_cat-vitaminai-ir-papildai-ziemai","11":"product_cat-produktai","12":"product_tag-atsipalaidavimui-ir-ramybei","13":"product_tag-energijai","14":"product_tag-ramiam-miegui","15":"product_tag-raumenims","16":"product_tag-sveikai-sirdziai","18":"first","19":"instock","20":"sale","21":"taxable","22":"shipping-taxable","23":"purchasable","24":"product-type-simple"},"acf":[],"_links":{"self":[{"href":"https:\/\/findvit.com\/lv\/wp-json\/wp\/v2\/product\/2381","targetHints":{"allow":["GET"]}}],"collection":[{"href":"https:\/\/findvit.com\/lv\/wp-json\/wp\/v2\/product"}],"about":[{"href":"https:\/\/findvit.com\/lv\/wp-json\/wp\/v2\/types\/product"}],"replies":[{"embeddable":true,"href":"https:\/\/findvit.com\/lv\/wp-json\/wp\/v2\/comments?post=2381"}],"version-history":[{"count":17,"href":"https:\/\/findvit.com\/lv\/wp-json\/wp\/v2\/product\/2381\/revisions"}],"predecessor-version":[{"id":22269,"href":"https:\/\/findvit.com\/lv\/wp-json\/wp\/v2\/product\/2381\/revisions\/22269"}],"wp:featuredmedia":[{"embeddable":true,"href":"https:\/\/findvit.com\/lv\/wp-json\/wp\/v2\/media\/22964"}],"wp:attachment":[{"href":"https:\/\/findvit.com\/lv\/wp-json\/wp\/v2\/media?parent=2381"}],"wp:term":[{"taxonomy":"brand","embeddable":true,"href":"https:\/\/findvit.com\/lv\/wp-json\/wp\/v2\/etheme_brands?post=2381"},{"taxonomy":"product_brand","embeddable":true,"href":"https:\/\/findvit.com\/lv\/wp-json\/wp\/v2\/product_brand?post=2381"},{"taxonomy":"product_cat","embeddable":true,"href":"https:\/\/findvit.com\/lv\/wp-json\/wp\/v2\/product_cat?post=2381"},{"taxonomy":"product_tag","embeddable":true,"href":"https:\/\/findvit.com\/lv\/wp-json\/wp\/v2\/product_tag?post=2381"}],"curies":[{"name":"wp","href":"https:\/\/api.w.org\/{rel}","templated":true}]}}