{"id":2385,"date":"2021-10-08T21:35:27","date_gmt":"2021-10-08T18:35:27","guid":{"rendered":"https:\/\/findvit.com\/?post_type=product&#038;p=2385"},"modified":"2026-02-09T15:59:51","modified_gmt":"2026-02-09T13:59:51","slug":"joninis-cinkas-50-mg-su-72-juros-mineralu-kompleksu-concentrace","status":"publish","type":"product","link":"https:\/\/findvit.com\/lv\/produktas\/joninis-cinkas-50-mg-su-72-juros-mineralu-kompleksu-concentrace\/","title":{"rendered":"Trace Minerals jonu cinks ar miner\u0101lviel\u0101m, 59 ml"},"content":{"rendered":"<div data-elementor-type=\"product-post\" data-elementor-id=\"2385\" class=\"elementor elementor-2385\" data-elementor-post-type=\"product\">\n\t\t\t\t\t\t<section class=\"elementor-section elementor-top-section elementor-element elementor-element-a226a0d elementor-section-boxed elementor-section-height-default elementor-section-height-default\" data-id=\"a226a0d\" data-element_type=\"section\">\n\t\t\t\t\t\t<div class=\"elementor-container elementor-column-gap-default\">\n\t\t\t\t\t<div class=\"elementor-column elementor-col-100 elementor-top-column elementor-element elementor-element-4a413bf\" data-id=\"4a413bf\" data-element_type=\"column\">\n\t\t\t<div class=\"elementor-widget-wrap elementor-element-populated\">\n\t\t\t\t\t\t<div class=\"elementor-element elementor-element-3117dbb elementor-absolute elementor-hidden-mobile elementor-invisible elementor-widget elementor-widget-image\" data-id=\"3117dbb\" data-element_type=\"widget\" data-settings=\"{&quot;motion_fx_motion_fx_scrolling&quot;:&quot;yes&quot;,&quot;motion_fx_rotateZ_effect&quot;:&quot;yes&quot;,&quot;motion_fx_rotateZ_speed&quot;:{&quot;unit&quot;:&quot;px&quot;,&quot;size&quot;:5,&quot;sizes&quot;:[]},&quot;motion_fx_range&quot;:&quot;viewport&quot;,&quot;_animation&quot;:&quot;fadeIn&quot;,&quot;_position&quot;:&quot;absolute&quot;,&quot;motion_fx_rotateZ_affectedRange&quot;:{&quot;unit&quot;:&quot;%&quot;,&quot;size&quot;:&quot;&quot;,&quot;sizes&quot;:{&quot;start&quot;:0,&quot;end&quot;:100}},&quot;motion_fx_devices&quot;:[&quot;desktop&quot;,&quot;tablet&quot;,&quot;mobile&quot;]}\" data-widget_type=\"image.default\">\n\t\t\t\t<div class=\"elementor-widget-container\">\n\t\t\t\t\t\t\t\t\t\t\t\t\t\t\t<img loading=\"lazy\" decoding=\"async\" width=\"200\" height=\"200\" src=\"https:\/\/findvit.com\/wp-content\/uploads\/2021\/09\/ratukas.svg\" class=\"attachment-full size-full wp-image-1777\" alt=\"Ritenis no anketas l\u012bdz vitam\u012bnam\" \/>\t\t\t\t\t\t\t\t\t\t\t\t\t\t\t<\/div>\n\t\t\t\t<\/div>\n\t\t\t\t\t<\/div>\n\t\t<\/div>\n\t\t\t\t\t<\/div>\n\t\t<\/section>\n\t\t\t\t<section class=\"elementor-section elementor-top-section elementor-element elementor-element-366c346 elementor-section-boxed elementor-section-height-default elementor-section-height-default\" data-id=\"366c346\" data-element_type=\"section\">\n\t\t\t\t\t\t<div class=\"elementor-container elementor-column-gap-no\">\n\t\t\t\t\t<div class=\"elementor-column elementor-col-50 elementor-top-column elementor-element elementor-element-e3154fc\" data-id=\"e3154fc\" data-element_type=\"column\">\n\t\t\t<div class=\"elementor-widget-wrap elementor-element-populated\">\n\t\t\t\t\t\t<div class=\"elementor-element elementor-element-51b6270 elementor-widget elementor-widget-heading\" data-id=\"51b6270\" data-element_type=\"widget\" data-widget_type=\"heading.default\">\n\t\t\t\t<div class=\"elementor-widget-container\">\n\t\t\t\t\t<h2 class=\"elementor-heading-title elementor-size-medium\">Trace Minerals jonu cinks ar miner\u0101lviel\u0101m, 59 ml<\/h2>\t\t\t\t<\/div>\n\t\t\t\t<\/div>\n\t\t\t\t<div class=\"elementor-element elementor-element-c233cae elementor-widget elementor-widget-text-editor\" data-id=\"c233cae\" data-element_type=\"widget\" data-widget_type=\"text-editor.default\">\n\t\t\t\t<div class=\"elementor-widget-container\">\n\t\t\t\t\t\t\t\t\t<p>\u0160is <strong>jonu forma <\/strong>\u0161\u0137idrais cinks<strong>, bag\u0101tin\u0101ts ar Concentrace\u00ae <\/strong>72 j\u016bras miner\u0101lu komplekss.<\/p><p>Cinks<strong> ir b\u016btisks miner\u0101ls<\/strong>, kas nepiecie\u0161ama vis\u0101m \u0137erme\u0146a \u0161\u016bn\u0101m. Tas ir svar\u012bgi daudz\u0101m funkcij\u0101m, piem\u0113ram:<\/p><ul><li>svar\u012bgi parasti <br \/><strong>sk\u0101bju-b\u0101zes metabolisms<\/strong><\/li><li>svar\u012bgi parasti <br \/><strong>og\u013chidr\u0101tu metabolisms<\/strong><\/li><li>svar\u012bgi parasti <br \/><strong>DNS sint\u0113zei<\/strong><\/li><li>svar\u012bgi norm\u0101lam <br \/><strong>augl\u012bbu un vairo\u0161anos<\/strong><\/li><li>svar\u012bgi parasti <br \/><strong>kaulu st\u0101voklis<\/strong> atbalst\u012bt<\/li><li>svar\u012bgi parasti <br \/><strong>lai uztur\u0113tu nagu st\u0101vokli<\/strong><\/li><li>svar\u012bgi parasti <br \/>lai uztur\u0113tu \u0101das un matu st\u0101vokli<\/li><\/ul><h3><strong>VIEGLI LIETOT<\/strong><\/h3><p>\u0160is produkts <strong>ir \u012bpa\u0161s<\/strong> vi\u0146a pa\u0161a d\u0113\u013c <strong>l\u012bdzsvarots<\/strong> \u0161\u0137idr\u0101 veid\u0101, kas <strong>padara to vieglu<\/strong> piel\u0101gojiet devu atbilsto\u0161i j\u016bsu individu\u0101laj\u0101m vajadz\u012bb\u0101m.\u00a0<\/p><p>Izmantojot <strong>doz\u0113\u0161anas pipete<\/strong>, ieteicams lietot no 0,5 ml un palielin\u0101t l\u012bdz 1,25 ml. <strong>Gl\u0101z\u0113 \u016bdens<\/strong> vai sula, p\u0113c \u0113\u0161anas.<\/p><h3><strong>IZCELIES NO CITIEM<\/strong><\/h3><p>At\u0161\u0137ir\u012bb\u0101 no citiem cinka veidiem \u0161\u0137idrais jonu cinks ir <strong>viegli pie\u0146emts<\/strong> un tam nav blakuspar\u0101d\u012bbu.<\/p><p>\u0160\u0137idrais jonu cinks ir izgatavots no dabiska avota - j\u016bras \u016bdens koncentr\u0101ta, kas ir bag\u0101tin\u0101ts ar 50 mg cinka.<\/p><p>\u0160is koncentr\u0101ts ir <strong>ieg\u016bts no Liel\u0101 S\u0101lsezera<\/strong>, kas ir viena no visvair\u0101k miner\u0101l\u016bdens tilpn\u0113m pasaul\u0113.<\/p><h3><strong>SASKA\u0145OT\u0100S AR SVAR\u012aG\u0100M NOTEIKUMIEM<\/strong><\/h3><p>\u0160\u0137idrais jonu cinks tiek kombin\u0113ts ar\u012b ar citiem mikroelementiem, lai veicin\u0101tu lab\u0101ku uzs\u016bk\u0161anos un ieguvumus.<\/p><h3><strong>V\u0112RT\u012aGA DAUDZIEM<\/strong>\u00a0<\/h3><p><strong>Ieteicams ar\u012b lietot<\/strong>, cilv\u0113ki, kas populariz\u0113 ve\u0123et\u0101ru vai veg\u0101nu di\u0113tu, gr\u016btnieces un sievietes, kas baro b\u0113rnu ar kr\u016bti, cilv\u0113ki ar ku\u0146\u0123a un zarnu slim\u012bb\u0101m, hronisk\u0101m nieru slim\u012bb\u0101m, alkohola lietot\u0101ji, cilv\u0113ki ar nepietiekamu uzturu vai cilv\u0113ki ar \u0113\u0161anas trauc\u0113jumiem.<\/p><h3><strong>NO DABAS<\/strong><\/h3><p><b>Jonu miner\u0101li <\/b>ir dabas rad\u012bti, t\u0101pat k\u0101 tie, kas atrodami p\u0101rtik\u0101 <strong>mikroelementi<\/strong>.<\/p><p>K\u0101 <strong>uzzini<\/strong> k\u0101di vitam\u012bni, miner\u0101lvielas vai citas piedevas <strong>\u0161obr\u012bd vispiem\u0113rot\u0101kais<\/strong>? <strong>Izm\u0113\u0123iniet to<\/strong> bezmaksas tests <a href=\"https:\/\/findvit.com\/lv\/testas\/\"><strong>&quot;Tava diena&quot; <\/strong><\/a>! kur <strong>j\u016bs uzzin\u0101siet<\/strong> \u0137erme\u0146a vajadz\u012bb\u0101m un <strong>j\u016bs sa\u0146emsiet<\/strong> <strong>personisks<\/strong> ieteikums!<\/p><h5>\u00a0<\/h5>\t\t\t\t\t\t\t\t<\/div>\n\t\t\t\t<\/div>\n\t\t\t\t\t<\/div>\n\t\t<\/div>\n\t\t\t\t<div class=\"elementor-column elementor-col-50 elementor-top-column elementor-element elementor-element-c89ad6b\" data-id=\"c89ad6b\" data-element_type=\"column\">\n\t\t\t<div class=\"elementor-widget-wrap elementor-element-populated\">\n\t\t\t\t\t\t<div class=\"elementor-element elementor-element-2962464 elementor-widget elementor-widget-image\" data-id=\"2962464\" data-element_type=\"widget\" data-widget_type=\"image.default\">\n\t\t\t\t<div class=\"elementor-widget-container\">\n\t\t\t\t\t\t\t\t\t\t\t\t\t\t\t<img loading=\"lazy\" decoding=\"async\" width=\"900\" height=\"900\" src=\"https:\/\/findvit.com\/wp-content\/uploads\/2021\/10\/Ko-3-900x900.jpg\" class=\"attachment-large size-large wp-image-2469\" alt=\"sporta vesel\u012bbas kol\u0101\u017ea\" srcset=\"https:\/\/findvit.com\/wp-content\/uploads\/2021\/10\/Ko-3-900x900.jpg 900w, https:\/\/findvit.com\/wp-content\/uploads\/2021\/10\/Ko-3-600x600.jpg 600w, https:\/\/findvit.com\/wp-content\/uploads\/2021\/10\/Ko-3-150x150.jpg 150w, https:\/\/findvit.com\/wp-content\/uploads\/2021\/10\/Ko-3-768x768.jpg 768w, https:\/\/findvit.com\/wp-content\/uploads\/2021\/10\/Ko-3-1x1.jpg 1w, https:\/\/findvit.com\/wp-content\/uploads\/2021\/10\/Ko-3-10x10.jpg 10w, https:\/\/findvit.com\/wp-content\/uploads\/2021\/10\/Ko-3-100x100.jpg 100w, https:\/\/findvit.com\/wp-content\/uploads\/2021\/10\/Ko-3.jpg 1000w\" sizes=\"auto, (max-width: 900px) 100vw, 900px\" \/>\t\t\t\t\t\t\t\t\t\t\t\t\t\t\t<\/div>\n\t\t\t\t<\/div>\n\t\t\t\t\t<\/div>\n\t\t<\/div>\n\t\t\t\t\t<\/div>\n\t\t<\/section>\n\t\t\t\t<\/div>","protected":false},"excerpt":{"rendered":"<p>Dabas izcelsmes \u0161\u0137idrais jonu cinks. Ir \u013coti svar\u012bgi saglab\u0101t skaistu \u0101du, matus un nagus. Nepiecie\u0161ams vispus\u012bgai v\u012brie\u0161u ikdienai. Nodro\u0161ina sp\u0113c\u012bgu reakciju. Tas satur maksim\u0101lo cinka koncentr\u0101ciju dien\u0101 - 50 mg. Bag\u0101tin\u0101ts ar pilnu koncentr\u0113tu jonu mikroelementu spektru. \u0112rta doz\u0113\u0161anas pipete. Kursam pietiek l\u012bdz 48 dien\u0101m. Der\u012bgs l\u012bdz 31.12.2023.<\/p>","protected":false},"featured_media":2681,"comment_status":"open","ping_status":"closed","template":"","meta":{"_acf_changed":false,"inline_featured_image":false},"etheme_brands":[{"term_id":38,"name":"Trace Minerals","slug":"trace-minerals","term_group":0,"term_taxonomy_id":38,"taxonomy":"brand","description":"<h2><strong>Trace minerals<\/strong><\/h2>\r\n\"Trace Minerals\" yra \u017einomas jonini\u0173 mineralini\u0173 papild\u0173 prek\u0117s \u017eenklas, kuriuo pasitikima beveik 50 met\u0173.\r\n\r\n<strong>Gamintojo misija<\/strong>\r\n\r\n\"Trace Minerals\" mato pasaul\u012f, kuriame \u017emon\u0117s yra\r\natsakingi u\u017e savo sveikat\u0105. Laikas, kai visi \u017emon\u0117s yra nori ir gali\r\ngyventi sveikiau. Joniniai mineralai yra pasiekiami visiems norintiems. Daugiau nei 50 met\u0173 \"Trace Minerals\" prek\u0117s \u017eenklo\r\nproduktai visame pasaulyje buvo pripa\u017einti jonini\u0173 produkt\u0173 pradininkais.\r\n\r\nVisus 50 met\u0173 Trace Minerals vertyb\u0117s yra:\r\n\r\n1. Bekompromis\u0117 kokyb\u0117, nuo kurios priklauso \u017emoni\u0173 savijauta.\r\n2. Neprilygstama aptarnavimas, kuris leid\u017eia klientams \u0161ypsotis.\r\n3. Nuolatinis pajam\u0173 augimas diegiant inovacijas ir kuriant produktus.\r\n4. Ugdomieji u\u017esi\u0117mimai.\r\n5. Lyderyst\u0117 savo srities pramon\u0117je.\r\n6. Lojalumas ir s\u0105\u017einingumas patikimiems darbuotojams ir verslo partneriams.\r\n<h3><strong>Garantija<\/strong><\/h3>\r\nGamintojas tiki, kad maisto papildai tur\u0117t\u0173 atne\u0161ti pastebimus\r\nrezultatus. Trace minerals \u012fsipareigojimas siekti pastebim\u0173 rezultat\u0173 yra\r\n\"Trace Minerals research\" filosofija.\r\n\r\nBeveik penkis de\u0161imtme\u010dius \"Trace Minerals\" prek\u0117s \u017eenklo produktai pad\u0117jo \u017emon\u0117ms priimti pagr\u012fstus sprendimus pasirenkant tinkamus produktus. Trce Minerals t\u0119stinis \u012fsipareigojimas yra paprastas: gaminti auk\u0161\u010diausios kokyb\u0117s produktus, paremtus moksliniais tyrimais, pagamintus u\u017e teising\u0105 kain\u0105 ir garantuojama, kad bus\r\npagerinti gyvenimai t\u0173, kurie vartoja kokybi\u0161kus produktus. Trace minerals visada tai dar\u0117 ir toliau t\u0105 darys.\r\n\r\nhttps:\/\/youtu.be\/hbeINVcx5FY?t=77\r\n<h3><strong>Mokslas ir tyrimai<\/strong><\/h3>\r\nGamintojas gavo \u0161e\u0161i\u0173 m\u0117nesi\u0173 klinikinio tyrimo \"ConcenTrace\u00ae\" rezultatus. \"Trace Mineral Drops\", jo pavyzdinis jonini\u0173 mineralinis papildas, kuriame yra visas spektras nat\u016braliai atsirandan\u010di\u0173 mikroelement\u0173.\r\n\r\nDalyviams buvo skiriama po 40 la\u0161\u0173 ConcenTrace\u00ae arba placebo per par\u0105\r\n24 savaites. Tyrime teigiama, kad \"veiksmingum\u0105 objektyviai patvirtino\r\n\u012fvertinti s\u0105nari\u0173 kremzl\u0117s storio, s\u0105nario erdv\u0117s plo\u010dio poky\u010dius\r\nir sinovinio skys\u010dio sud\u0117tis\". 24 savai\u010di\u0173 rezultatai rodo, kad \"ultrasonografija ir sinovinio skys\u010dio tyrimas atskleid\u0117 kremzl\u0117s\r\nstrukt\u016bros pager\u0117jim\u0105\".\r\n\r\n\u0160is preliminarus tyrimas parodo, kad ConcenTrace\u00ae pagerina s\u0105nari\u0173 sveikat\u0105.\r\n<h3><strong>Sertifikatai<\/strong><\/h3>\r\nKokyb\u0117 visada buvo svarbiausias <a href=\"https:\/\/www.traceminerals.com\/\" target=\"_blank\" rel=\"noopener\">\"Trace Minerals\"<\/a> prioritetas. Per daugel\u012f met\u0173\u00a0 akylai tobulino gamybos procesus. Tikima, kad geriausi procesai padeda gaminti geriausius ir sveikiausius produktus. Tai yra pagrindin\u0117 prie\u017eastis, kod\u0117l grie\u017etai kontroliuojama produkt\u0173 kokyb\u0117 ir kod\u0117l turima daugyb\u0117 sertifikat\u0173.\r\n<ul>\r\n \t<li><a href=\"https:\/\/grmalliance.org\/\" target=\"_blank\" rel=\"noopener\">GRMA\/UL GMP Certified<\/a><\/li>\r\n \t<li>GRAS Certified<\/li>\r\n \t<li>BPA Free<\/li>\r\n \t<li>Kosher<\/li>\r\n \t<li>Halal<\/li>\r\n \t<li>Non-GMO Verified<\/li>\r\n \t<li>Transparency<\/li>\r\n<\/ul>","parent":0,"count":19,"filter":"raw"}],"product_brand":[],"product_cat":[63],"product_tag":[91,95,101,121],"class_list":{"0":"post-2385","1":"product","2":"type-product","3":"status-publish","4":"has-post-thumbnail","6":"brand-trace-minerals","7":"product_cat-mineralai","8":"product_tag-imunitetui","9":"product_tag-puikiai-isvaizdai","10":"product_tag-ramiam-miegui","11":"product_tag-zvilgantiems-plaukams","13":"first","14":"outofstock","15":"taxable","16":"shipping-taxable","17":"purchasable","18":"product-type-simple"},"acf":[],"_links":{"self":[{"href":"https:\/\/findvit.com\/lv\/wp-json\/wp\/v2\/product\/2385","targetHints":{"allow":["GET"]}}],"collection":[{"href":"https:\/\/findvit.com\/lv\/wp-json\/wp\/v2\/product"}],"about":[{"href":"https:\/\/findvit.com\/lv\/wp-json\/wp\/v2\/types\/product"}],"replies":[{"embeddable":true,"href":"https:\/\/findvit.com\/lv\/wp-json\/wp\/v2\/comments?post=2385"}],"version-history":[{"count":11,"href":"https:\/\/findvit.com\/lv\/wp-json\/wp\/v2\/product\/2385\/revisions"}],"predecessor-version":[{"id":18958,"href":"https:\/\/findvit.com\/lv\/wp-json\/wp\/v2\/product\/2385\/revisions\/18958"}],"wp:featuredmedia":[{"embeddable":true,"href":"https:\/\/findvit.com\/lv\/wp-json\/wp\/v2\/media\/2681"}],"wp:attachment":[{"href":"https:\/\/findvit.com\/lv\/wp-json\/wp\/v2\/media?parent=2385"}],"wp:term":[{"taxonomy":"brand","embeddable":true,"href":"https:\/\/findvit.com\/lv\/wp-json\/wp\/v2\/etheme_brands?post=2385"},{"taxonomy":"product_brand","embeddable":true,"href":"https:\/\/findvit.com\/lv\/wp-json\/wp\/v2\/product_brand?post=2385"},{"taxonomy":"product_cat","embeddable":true,"href":"https:\/\/findvit.com\/lv\/wp-json\/wp\/v2\/product_cat?post=2385"},{"taxonomy":"product_tag","embeddable":true,"href":"https:\/\/findvit.com\/lv\/wp-json\/wp\/v2\/product_tag?post=2385"}],"curies":[{"name":"wp","href":"https:\/\/api.w.org\/{rel}","templated":true}]}}