{"id":2388,"date":"2021-10-08T21:37:23","date_gmt":"2021-10-08T18:37:23","guid":{"rendered":"https:\/\/findvit.com\/?post_type=product&#038;p=2388"},"modified":"2026-02-09T16:33:59","modified_gmt":"2026-02-09T14:33:59","slug":"naturalus-vitaminas-d3-su-fermentais-ir-probiotikai-vitamin-code","status":"publish","type":"product","link":"https:\/\/findvit.com\/lv\/produktas\/naturalus-vitaminas-d3-su-fermentais-ir-probiotikai-vitamin-code\/","title":{"rendered":"Dz\u012bv\u012bbas d\u0101rzs Vitamin Code Raw D3 - D3 vitam\u012bns 2000 stipruma, 60 ve\u0123et\u0101r\u0101s kapsulas"},"content":{"rendered":"\t\t<div data-elementor-type=\"product-post\" data-elementor-id=\"2388\" class=\"elementor elementor-2388\" data-elementor-post-type=\"product\">\n\t\t\t\t\t\t<section class=\"elementor-section elementor-top-section elementor-element elementor-element-54e5620 elementor-section-boxed elementor-section-height-default elementor-section-height-default\" data-id=\"54e5620\" data-element_type=\"section\" data-e-type=\"section\">\n\t\t\t\t\t\t<div class=\"elementor-container elementor-column-gap-default\">\n\t\t\t\t\t<div class=\"elementor-column elementor-col-100 elementor-top-column elementor-element elementor-element-85c3046\" data-id=\"85c3046\" data-element_type=\"column\" data-e-type=\"column\">\n\t\t\t<div class=\"elementor-widget-wrap elementor-element-populated\">\n\t\t\t\t\t\t<div class=\"elementor-element elementor-element-6ae3d17 elementor-absolute elementor-hidden-mobile elementor-invisible elementor-widget elementor-widget-image\" data-id=\"6ae3d17\" data-element_type=\"widget\" data-e-type=\"widget\" data-settings=\"{&quot;motion_fx_motion_fx_scrolling&quot;:&quot;yes&quot;,&quot;motion_fx_rotateZ_effect&quot;:&quot;yes&quot;,&quot;motion_fx_rotateZ_speed&quot;:{&quot;unit&quot;:&quot;px&quot;,&quot;size&quot;:5,&quot;sizes&quot;:[]},&quot;motion_fx_range&quot;:&quot;viewport&quot;,&quot;_animation&quot;:&quot;fadeIn&quot;,&quot;_position&quot;:&quot;absolute&quot;,&quot;motion_fx_rotateZ_affectedRange&quot;:{&quot;unit&quot;:&quot;%&quot;,&quot;size&quot;:&quot;&quot;,&quot;sizes&quot;:{&quot;start&quot;:0,&quot;end&quot;:100}},&quot;motion_fx_devices&quot;:[&quot;desktop&quot;,&quot;tablet&quot;,&quot;mobile&quot;]}\" data-widget_type=\"image.default\">\n\t\t\t\t<div class=\"elementor-widget-container\">\n\t\t\t\t\t\t\t\t\t\t\t\t\t\t\t<img loading=\"lazy\" loading=\"lazy\" decoding=\"async\" width=\"200\" height=\"200\" src=\"https:\/\/findvit.com\/wp-content\/uploads\/2021\/09\/ratukas.svg\" class=\"attachment-full size-full wp-image-1777\" alt=\"Ratukas nuo klausimyno iki vitamino\" \/>\t\t\t\t\t\t\t\t\t\t\t\t\t\t\t<\/div>\n\t\t\t\t<\/div>\n\t\t\t\t\t<\/div>\n\t\t<\/div>\n\t\t\t\t\t<\/div>\n\t\t<\/section>\n\t\t\t\t<section class=\"elementor-section elementor-top-section elementor-element elementor-element-ee4595d elementor-section-boxed elementor-section-height-default elementor-section-height-default\" data-id=\"ee4595d\" data-element_type=\"section\" data-e-type=\"section\">\n\t\t\t\t\t\t<div class=\"elementor-container elementor-column-gap-no\">\n\t\t\t\t\t<div class=\"elementor-column elementor-col-50 elementor-top-column elementor-element elementor-element-23de5d4\" data-id=\"23de5d4\" data-element_type=\"column\" data-e-type=\"column\">\n\t\t\t<div class=\"elementor-widget-wrap elementor-element-populated\">\n\t\t\t\t\t\t<div class=\"elementor-element elementor-element-fcb1be6 elementor-widget elementor-widget-heading\" data-id=\"fcb1be6\" data-element_type=\"widget\" data-e-type=\"widget\" data-widget_type=\"heading.default\">\n\t\t\t\t<div class=\"elementor-widget-container\">\n\t\t\t\t\t<h2 class=\"elementor-heading-title elementor-size-default\">Vitamin Code RAW D3 2000 IU - 60 Kapsul\u0117s<\/h2>\t\t\t\t<\/div>\n\t\t\t\t<\/div>\n\t\t\t\t<div class=\"elementor-element elementor-element-0088edb elementor-widget elementor-widget-text-editor\" data-id=\"0088edb\" data-element_type=\"widget\" data-e-type=\"widget\" data-widget_type=\"text-editor.default\">\n\t\t\t\t<div class=\"elementor-widget-container\">\n\t\t\t\t\t\t\t\t\t<p>Jei ie\u0161kote <strong>nat\u016bralaus ir kokybi\u0161ko<\/strong> vitamino D3 papildo, Vitamin Code Raw D3 yra puikus pasirinkimas.<\/p><p>\u0160is produktas yra sukurtas, remiantis \u201eGarden of Life\u201c filosofija, kuri siekia suteikti \u017emon\u0117ms galimyb\u0119 r\u016bpintis savo sveikata <strong>nat\u016braliu ir visapusi\u0161ku b\u016bdu<\/strong>.<\/p><h3><strong>DAUGIAU NEI VITAMINAS D3<\/strong><\/h3><p>Maisto papildas taip pat <strong>praturtintas<\/strong> vitaminais <strong>i\u0161 23 visaver\u010di\u0173 vaisi\u0173 ir dar\u017eovi\u0173<\/strong>, probiotikais ir vir\u0161kinimo fermentais.<\/p><h3><strong>VERTINAMAS NAT\u016aRALUMAS<\/strong><\/h3><p>NAT\u016aRALUS (RAW) rei\u0161kia, kad maisto papildas n\u0117ra apdorotas auk\u0161toje temperat\u016broje.<\/p><h3><strong>LENGVA VARTOTI<\/strong><\/h3><p>Vitamin Code RAW D3 yra lengvas ir gali b\u016bti vartojamas bet kuriuo paros metu, net tu\u0161\u010diu skrand\u017eiu<\/p><p>Pateikiami, kaip nat\u016bral\u016bs milteliai kapsul\u0117se, kurias galima atidaryti i\u0161berti.<\/p><h3><strong>VERTINAMAS SAUGUMAS<\/strong><\/h3><p>Tai puikus pasirinkimas tiems, kurie nori pasir\u016bpinti savimi nat\u016braliu b\u016bdu, <strong>be joki\u0173 dirbtini\u0173 pried\u0173<\/strong>.<\/p><p>Jame <strong>n\u0117ra sintetini\u0173 ri\u0161am\u0173j\u0173 med\u017eiag\u0173 ir u\u017epild\u0173<\/strong>, dirbtini\u0173 kvapi\u0173j\u0173 med\u017eiag\u0173, saldikli\u0173, da\u017eikli\u0173 ar pried\u0173.<\/p><h3><strong>OPTIMALI PAKUOT\u0116<\/strong><\/h3><p>60 vegetari\u0161k\u0173 kapsuli\u0173. U\u017etenka &#8211; 60 dien\u0173. <strong>Tamsaus stiklo pakuot\u0117je.<\/strong><br \/>Tinka vegetarams ir veganams.<\/p><h3><strong>VITAMINO D SVARBA<\/strong><\/h3><ul><li>svarbus normaliai<strong> kalcio ir fosforo absorbcijai<\/strong>\u00a0<\/li><li><strong>padeda palaikyti<\/strong> <br \/>normali\u0105 kalcio koncentracij\u0105 kraujyje<\/li><li>svarbus<strong> normaliai kaul\u0173 b\u016bklei<\/strong> palaikyti<\/li><li>svarbus normaliai <strong>raumen\u0173 funkcijai<\/strong> palaikyti<\/li><li>svarbus normaliai <strong>imunin\u0117s sistemos veiklai<\/strong><\/li><\/ul><h3><strong>PUIK\u016aS ATSILIEPIMAI<\/strong><\/h3><p>Pasaulyje sulaukianti begalias puiki\u0173 atsiliepim\u0173 u\u017e savo nat\u016bralum\u0105 ir savybes.<\/p><p>Vitamin Code Raw D3 yra idealus papildas tiems, kurie nori sau geriausio ir tai tur\u0117ti kuo nat\u016bralesniu b\u016bdu.<\/p>\t\t\t\t\t\t\t\t<\/div>\n\t\t\t\t<\/div>\n\t\t\t\t\t<\/div>\n\t\t<\/div>\n\t\t\t\t<div class=\"elementor-column elementor-col-50 elementor-top-column elementor-element elementor-element-7576311\" data-id=\"7576311\" data-element_type=\"column\" data-e-type=\"column\">\n\t\t\t<div class=\"elementor-widget-wrap elementor-element-populated\">\n\t\t\t\t\t\t<div class=\"elementor-element elementor-element-481e4e7 elementor-widget elementor-widget-image\" data-id=\"481e4e7\" data-element_type=\"widget\" data-e-type=\"widget\" data-widget_type=\"image.default\">\n\t\t\t\t<div class=\"elementor-widget-container\">\n\t\t\t\t\t\t\t\t\t\t\t\t\t\t\t<img loading=\"lazy\" loading=\"lazy\" decoding=\"async\" width=\"900\" height=\"900\" src=\"https:\/\/findvit.com\/wp-content\/uploads\/2021\/10\/Ko-7-900x900.jpg\" class=\"attachment-large size-large wp-image-2494\" alt=\"Protinis darbas yra lengvas ir malonus\" srcset=\"https:\/\/findvit.com\/wp-content\/uploads\/2021\/10\/Ko-7-900x900.jpg 900w, https:\/\/findvit.com\/wp-content\/uploads\/2021\/10\/Ko-7-600x600.jpg 600w, https:\/\/findvit.com\/wp-content\/uploads\/2021\/10\/Ko-7-150x150.jpg 150w, https:\/\/findvit.com\/wp-content\/uploads\/2021\/10\/Ko-7-768x768.jpg 768w, https:\/\/findvit.com\/wp-content\/uploads\/2021\/10\/Ko-7-1x1.jpg 1w, https:\/\/findvit.com\/wp-content\/uploads\/2021\/10\/Ko-7-10x10.jpg 10w, https:\/\/findvit.com\/wp-content\/uploads\/2021\/10\/Ko-7-100x100.jpg 100w, https:\/\/findvit.com\/wp-content\/uploads\/2021\/10\/Ko-7.jpg 1000w\" sizes=\"auto, (max-width: 900px) 100vw, 900px\" \/>\t\t\t\t\t\t\t\t\t\t\t\t\t\t\t<\/div>\n\t\t\t\t<\/div>\n\t\t\t\t\t<\/div>\n\t\t<\/div>\n\t\t\t\t\t<\/div>\n\t\t<\/section>\n\t\t\t\t<\/div>\n\t\t","protected":false},"excerpt":{"rendered":"<p>D3 vitam\u012bns no Garden of life ir dab\u012bgs D3 vitam\u012bns ar stiprumu 2000 SV. D3 vitam\u012bns ir \u012bpa\u0161i efekt\u012bvs un \u0101tri uzs\u016bcas, jo ir apvienots ar antioksidantiem, vitam\u012bniem un miner\u0101lviel\u0101m no 32 aug\u013ciem un d\u0101rze\u0146iem. Papildin\u0101ts ar probiotik\u0101m un fermentiem, kas darbojas k\u0101 kofaktori, lai palielin\u0101tu \u0137erme\u0146a uzs\u016bk\u0161anos. Piem\u0113rots visai \u0123imenei. Pietiek pat kursam l\u012bdz 2 m\u0113ne\u0161iem.<\/p>","protected":false},"featured_media":2679,"comment_status":"open","ping_status":"closed","template":"","meta":{"_acf_changed":false,"inline_featured_image":false},"etheme_brands":[{"term_id":58,"name":"Garden of Life","slug":"garden-of-life","term_group":0,"term_taxonomy_id":58,"taxonomy":"brand","description":"<h2><strong><a href=\"https:\/\/www.gardenoflife.com\/why-gol\" target=\"_blank\" rel=\"noopener\">Garden of Life<\/a><\/strong><\/h2>\r\nJAV \u012fmon\u0117, kuri yra viena i\u0161 nedaugelio, gaminanti savo produktus 100% i\u0161 nat\u016brali\u0173 ingredient\u0173. Puikiai tinka \u017emon\u0117ms, kuriems labai svarbi produkt\u0173 sud\u0117tis. Visi produktai be GMO. Gamintojas apdovanotas daugeliu kokyb\u0117s sertifikat\u0173, toki\u0173 kaip USDA Organic, Certified Vegan, Certified Gluten-Free, U Kosher ir daugelis kit\u0173. Garden of life kompanija dal\u012f pajam\u0173, gaut\u0173 i\u0161 pardavim\u0173, skiria labdarai, pla\u010diau apra\u0161ytoms gamintojo svetain\u0117je.\r\n\"Garden of Life\" tikslas - suteikti \u017emon\u0117ms galimyb\u0119 tur\u0117ti auk\u0161tos kokyb\u0117s papildus, kurie yra reikalingi gerai sveikatai i\u0161laikyti. Sud\u0117tin\u0117s dalys yra organin\u0117s kilm\u0117s, klini\u0161kai i\u0161tirtos ir atsekamos kilm\u0117s. Gompanija savo gaminiuose nenaudoja sintetini\u0173 pried\u0173, dirbtini\u0173 skoni\u0173 ar da\u017eikli\u0173, ri\u0161ikli\u0173 ar u\u017epild\u0173.\r\nhttps:\/\/youtu.be\/2jbU_WkglKA?t=48\r\n<h3><strong>Neapdirbtas maistas<\/strong><\/h3>\r\n\u017dmogaus k\u016bnas buvo sukurtas valgyti, apdoroti ir gauti maistines med\u017eiagas i\u0161 maisto - tikro, sveiko maisto. Taigi, kai kuriami produktai, pradedama nuo \u017evilgnsio \u012f maist\u0105. Kokie yra \"geri dalykai\" auk\u0161\u010diausios kokyb\u0117s maiste, kurio mums tr\u016bksta m\u016bs\u0173 kasdien\u0117je mityboje? Kuris i\u0161 \u0161i\u0173 maisto produkt\u0173 turi did\u017eiausi\u0105 potencial\u0105 paveikti ir \u012fgalinti ger\u0105 sveikat\u0105?\r\n<h3><strong>Atsekamumas<\/strong><\/h3>\r\nAtsekamumas yra labai svarbus veiksnys, d\u0117l kurio \"Garden of Life\" produktai yra tokie ypatingi. Atsekamumas prasideda nuo \u017einojimo, i\u0161 kur kil\u0119s kiekvienas produkt\u0173 ingredientas, ir susipa\u017einimo su kiekviena kilme: kur jis auginamas; \u016bkininkavimo praktika; kaip elgiasi su \u016bkio darbuotojais \u2013 viskuo.\r\n<h3><strong>\u0160varu yra sveika<\/strong><\/h3>\r\nGarden of life stebi, kas yra \u012fdedama \u012f produktus \u2013 tikri, neapdirbti maisto ingredientai. Bet ties tuo nesustojama. Taip pat labai daug d\u0117mesio skiriama tam, kas i\u0161 \u0161i\u0173 produkt\u0173 i\u0161gaunama. Ir dar kart\u0105 renkamasi\u00a0 \u2013 tikras kokybi\u0161kas maistas. Kompanija naudoja tre\u010di\u0173j\u0173 \u0161ali\u0173\u00a0 sertifikatus, kad \u012frodyt\u0173, jog produktai yra \u0161var\u016bs ir kokybi\u0161ki!\r\n<h3><strong>CO2 neutralumas<\/strong><\/h3>\r\nGarden of life nepaprastai did\u017eiuojasi, kad pasiek\u0117 anglies dioksido neutralum\u0105 2021 m. Bir\u017eelio m\u0117n. CarbonFund.org sertifikuotas \"Carbonfree\u00ae\", \"Garden of Life\" nuo pat \u012fk\u016brimo buvo \u012fsipareigojusi tvarumui.","parent":0,"count":12,"filter":"raw"}],"product_brand":[],"product_cat":[651,63,124],"product_tag":[89,91,96,98],"class_list":{"0":"post-2388","1":"product","2":"type-product","3":"status-publish","4":"has-post-thumbnail","6":"brand-garden-of-life","7":"product_cat-vitaminai-ir-papildai-ziemai","8":"product_cat-mineralai","9":"product_cat-siamsezonui","10":"product_tag-atminciai-ir-koncentracijai","11":"product_tag-imunitetui","12":"product_tag-raumenims","13":"product_tag-tvirtiems-kaulams","15":"first","16":"instock","17":"sale","18":"taxable","19":"shipping-taxable","20":"purchasable","21":"product-type-simple"},"acf":[],"_links":{"self":[{"href":"https:\/\/findvit.com\/lv\/wp-json\/wp\/v2\/product\/2388","targetHints":{"allow":["GET"]}}],"collection":[{"href":"https:\/\/findvit.com\/lv\/wp-json\/wp\/v2\/product"}],"about":[{"href":"https:\/\/findvit.com\/lv\/wp-json\/wp\/v2\/types\/product"}],"replies":[{"embeddable":true,"href":"https:\/\/findvit.com\/lv\/wp-json\/wp\/v2\/comments?post=2388"}],"version-history":[{"count":15,"href":"https:\/\/findvit.com\/lv\/wp-json\/wp\/v2\/product\/2388\/revisions"}],"predecessor-version":[{"id":18564,"href":"https:\/\/findvit.com\/lv\/wp-json\/wp\/v2\/product\/2388\/revisions\/18564"}],"wp:featuredmedia":[{"embeddable":true,"href":"https:\/\/findvit.com\/lv\/wp-json\/wp\/v2\/media\/2679"}],"wp:attachment":[{"href":"https:\/\/findvit.com\/lv\/wp-json\/wp\/v2\/media?parent=2388"}],"wp:term":[{"taxonomy":"brand","embeddable":true,"href":"https:\/\/findvit.com\/lv\/wp-json\/wp\/v2\/etheme_brands?post=2388"},{"taxonomy":"product_brand","embeddable":true,"href":"https:\/\/findvit.com\/lv\/wp-json\/wp\/v2\/product_brand?post=2388"},{"taxonomy":"product_cat","embeddable":true,"href":"https:\/\/findvit.com\/lv\/wp-json\/wp\/v2\/product_cat?post=2388"},{"taxonomy":"product_tag","embeddable":true,"href":"https:\/\/findvit.com\/lv\/wp-json\/wp\/v2\/product_tag?post=2388"}],"curies":[{"name":"wp","href":"https:\/\/api.w.org\/{rel}","templated":true}]}}