{"id":2390,"date":"2021-10-08T21:39:35","date_gmt":"2021-10-08T18:39:35","guid":{"rendered":"https:\/\/findvit.com\/?post_type=product&#038;p=2390"},"modified":"2024-09-23T18:35:39","modified_gmt":"2024-09-23T15:35:39","slug":"fulvine-rugstis-su-joniniu-juros-mineralu-kompleksu-concentrace","status":"publish","type":"product","link":"https:\/\/findvit.com\/lv\/produktas\/fulvine-rugstis-su-joniniu-juros-mineralu-kompleksu-concentrace\/","title":{"rendered":"Trace minerals liquid Fulvosk\u0101be ar miner\u0101lviel\u0101m, 59 m"},"content":{"rendered":"<div data-elementor-type=\"product-post\" data-elementor-id=\"2390\" class=\"elementor elementor-2390\" data-elementor-post-type=\"product\">\n\t\t\t\t\t\t<section class=\"elementor-section elementor-top-section elementor-element elementor-element-04e3ece elementor-section-boxed elementor-section-height-default elementor-section-height-default\" data-id=\"04e3ece\" data-element_type=\"section\">\n\t\t\t\t\t\t<div class=\"elementor-container elementor-column-gap-default\">\n\t\t\t\t\t<div class=\"elementor-column elementor-col-100 elementor-top-column elementor-element elementor-element-e9e096d\" data-id=\"e9e096d\" data-element_type=\"column\">\n\t\t\t<div class=\"elementor-widget-wrap elementor-element-populated\">\n\t\t\t\t\t\t<div class=\"elementor-element elementor-element-a0d61e9 elementor-absolute elementor-hidden-mobile elementor-invisible elementor-widget elementor-widget-image\" data-id=\"a0d61e9\" data-element_type=\"widget\" data-settings=\"{&quot;motion_fx_motion_fx_scrolling&quot;:&quot;yes&quot;,&quot;motion_fx_rotateZ_effect&quot;:&quot;yes&quot;,&quot;motion_fx_rotateZ_speed&quot;:{&quot;unit&quot;:&quot;px&quot;,&quot;size&quot;:5,&quot;sizes&quot;:[]},&quot;motion_fx_range&quot;:&quot;viewport&quot;,&quot;_animation&quot;:&quot;fadeIn&quot;,&quot;_position&quot;:&quot;absolute&quot;,&quot;motion_fx_rotateZ_affectedRange&quot;:{&quot;unit&quot;:&quot;%&quot;,&quot;size&quot;:&quot;&quot;,&quot;sizes&quot;:{&quot;start&quot;:0,&quot;end&quot;:100}},&quot;motion_fx_devices&quot;:[&quot;desktop&quot;,&quot;tablet&quot;,&quot;mobile&quot;]}\" data-widget_type=\"image.default\">\n\t\t\t\t<div class=\"elementor-widget-container\">\n\t\t\t\t\t\t\t\t\t\t\t\t\t\t\t<img loading=\"lazy\" decoding=\"async\" width=\"200\" height=\"200\" src=\"https:\/\/findvit.com\/wp-content\/uploads\/2021\/09\/ratukas.svg\" class=\"attachment-full size-full wp-image-1777\" alt=\"Ritenis no anketas l\u012bdz vitam\u012bnam\" \/>\t\t\t\t\t\t\t\t\t\t\t\t\t\t\t<\/div>\n\t\t\t\t<\/div>\n\t\t\t\t\t<\/div>\n\t\t<\/div>\n\t\t\t\t\t<\/div>\n\t\t<\/section>\n\t\t\t\t<section class=\"elementor-section elementor-top-section elementor-element elementor-element-bf61da0 elementor-section-boxed elementor-section-height-default elementor-section-height-default\" data-id=\"bf61da0\" data-element_type=\"section\">\n\t\t\t\t\t\t<div class=\"elementor-container elementor-column-gap-no\">\n\t\t\t\t\t<div class=\"elementor-column elementor-col-50 elementor-top-column elementor-element elementor-element-766e900\" data-id=\"766e900\" data-element_type=\"column\">\n\t\t\t<div class=\"elementor-widget-wrap elementor-element-populated\">\n\t\t\t\t\t\t<div class=\"elementor-element elementor-element-3f0bd7e elementor-widget elementor-widget-heading\" data-id=\"3f0bd7e\" data-element_type=\"widget\" data-widget_type=\"heading.default\">\n\t\t\t\t<div class=\"elementor-widget-container\">\n\t\t\t\t\t<h2 class=\"elementor-heading-title elementor-size-medium\">Trace Minerals \u0160\u0137idr\u0101 fulvo sk\u0101be <\/h2>\t\t\t\t<\/div>\n\t\t\t\t<\/div>\n\t\t\t\t<div class=\"elementor-element elementor-element-348f1af elementor-widget elementor-widget-text-editor\" data-id=\"348f1af\" data-element_type=\"widget\" data-widget_type=\"text-editor.default\">\n\t\t\t\t<div class=\"elementor-widget-container\">\n\t\t\t\t\t\t\t\t\t<p>\u0160\u012b fulvosk\u0101be ar jonu miner\u0101liem to <strong>dabisks<\/strong>, <strong>koncentr\u0113ts<\/strong>, biolo\u0123isks uztura bag\u0101tin\u0101t\u0101js, kas ieg\u016bts no augsnes.<\/p><p>Ionic Fulvic Acid tika rad\u012bts ar m\u0113r\u0137i pal\u012bdz\u0113t un atbalst\u012bt to, kas mums visiem ir tik svar\u012bgs.<\/p><h3><strong>K\u0100P\u0112C TAS IR SVAR\u012aGI<\/strong><\/h3><p>- M\u0113s gribam <strong>regul\u0113jiet pH<\/strong> l\u012bdzsvaru. Svar\u012bgi ir regul\u0113t sk\u0101bumu organism\u0101, kas var izrais\u012bt daudzas vesel\u012bbas probl\u0113mas, piem\u0113ram, iekaisumus, osteoporozi, artr\u012btu u.c.<br \/><br \/>\u2013 Darbojas aktiviz\u0113tas un uztur\u0113tas im\u016bn\u0101s \u0161\u016bnas <strong>aizsarg\u0101jot \u0137ermeni<\/strong> pret infekcij\u0101m, v\u012brusiem un bakt\u0113rij\u0101m.<br \/><br \/>- Akt\u012bva zarnu mikroflora, t\u0101s aug\u0161ana un l\u012bdzsvars, j\u0101 <strong>uzlabo p\u0101rtikas gremo\u0161anu<\/strong> un apropri\u0101ciju. Turkl\u0101t tas pal\u012bdz samazin\u0101t aizciet\u0113jumus, v\u0113dera uzp\u016b\u0161anos un g\u0101zes veido\u0161anos.<br \/><br \/>- toks\u012bnu un smago met\u0101lu izvad\u012b\u0161ana no organisma, <strong>aizsarg\u0101 aknas, nieres<\/strong> un citi org\u0101ni no boj\u0101jumiem.<\/p><p>\u2013 \u0160\u016bnu dal\u012b\u0161an\u0101s un aug\u0161ana, veicina audu un org\u0101nu atjauno\u0161anos un dziedin\u0101\u0161anu.<\/p><h3><strong>PILN\u012aGI DAB\u012aGI<\/strong><\/h3><p>Fulv\u012bnsk\u0101be ir <strong>dabisks<\/strong> un <strong>organisks,<\/strong> ir izstr\u0101d\u0101ts, pamatojoties uz zin\u0101tniskiem p\u0113t\u012bjumiem, un ir izgatavots no augst\u0101k\u0101s kvalit\u0101tes sast\u0101vda\u013c\u0101m, lai nodro\u0161in\u0101tu vislab\u0101kos rezult\u0101tus.<\/p><h3><strong>LAB\u0100K NOV\u0112RT\u0112TS<\/strong><\/h3><p>Izmantojot jonu fulvosk\u0101bi, j\u016bs ieguld\u0101t sev\u012b un esat lieliska izv\u0113le tiem, kuri mekl\u0113 dabiskus veidus, k\u0101 sasniegt savus un savu tuvinieku m\u0113r\u0137us.<br \/><br \/>To cilv\u0113ku skaits, kuri lietoju\u0161i Fulvic Acid un uzrakst\u012bju\u0161i lab\u0101k\u0101s atsauksmes vis\u0101 pasaul\u0113, strauji pieaug.<\/p><p><strong>JONU \u012aPA\u0160\u012aBAS<\/strong><\/p><p><b>Jonu miner\u0101li <\/b>ir dabas rad\u012bti, t\u0101pat k\u0101 tie, kas atrodami p\u0101rtik\u0101 <strong>mikroelementi<\/strong>.<\/p><p>\u0160o biolo\u0123iski akt\u012bvo, \u016bden\u012b \u0161\u0137\u012bsto\u0161o miner\u0101lu veido\u0161an\u0101s prasa vair\u0101kus gadus. Ieg\u016bts no Liel\u0101 S\u0101lsezera. \u0160is ezers ir pies\u0101tin\u0101ts ar miner\u0101liem, kas \u0161eit uzkr\u0101ju\u0161ies t\u016bksto\u0161iem gadu. Atg\u016btaj\u0101 materi\u0101l\u0101 apm <strong>72 da\u017e\u0101di miner\u0101li jonu form\u0101.<\/strong><\/p><p>\u00a0Trace Minerals Research\u00ae fulv\u012bnsk\u0101be sniedz jums un j\u016bsu m\u012b\u013cajiem to, ko v\u0113laties.<\/p><h3><strong>VIEGLI LIETOT<\/strong><\/h3><p><strong>Pat\u0113ri\u0146\u0161<\/strong>: m\u0113s iesak\u0101m to izmantot <strong>1 ml dien\u0101 no r\u012bta, 30 min\u016btes. pirms \u0113\u0161anas gl\u0101z\u0113 \u016bdens.<\/strong> Pirms lieto\u0161anas labi sakratiet. Neglab\u0101t ledusskap\u012b.<\/p><p>Vair\u0101k par fulv\u012bnsk\u0101bes noz\u012bmi varat uzzin\u0101t \u0161eit:<br \/><strong><a href=\"https:\/\/findvit.com\/lv\/fulvine-rugstis-nauda-zmogaus-sveikatai-straipsnis\/\" target=\"_blank\" rel=\"noopener\">Fulv\u012bnsk\u0101be un t\u0101s priek\u0161roc\u012bbas<\/a><a href=\"https:\/\/findvit.com\/lv\/fulvine-rugstis-nauda-zmogaus-sveikatai-straipsnis\/\" target=\"_blank\" rel=\"noopener\"> cilv\u0113ku vesel\u012bbu<\/a><\/strong><\/p><h3><strong>ATZ\u012aST\u012aTS RA\u017dOT\u0100JS<\/strong><\/h3><p><strong><a href=\"https:\/\/findvit.com\/lv\/gamintojas\/trace-minerals\/\" target=\"_blank\" rel=\"noopener\">Trace Minerals<\/a><\/strong> ra\u017eot\u0101js pasaul\u0113 ir paz\u012bstams un nov\u0113rt\u0113ts ar izcilo miner\u0101lu kvalit\u0101ti.<\/p><p><strong>To var uzzin\u0101t bez maksas<\/strong>, par person\u012bgi\u00a0 <strong>vispiem\u0113rot\u0101kais<\/strong> vitam\u012bni, miner\u0101lvielas p\u0113c bezmaksas testa pabeig\u0161anas -<br \/><a href=\"https:\/\/findvit.com\/lv\/testas\/\" target=\"_blank\" rel=\"noopener\"><strong>&quot;Tava diena&quot;<\/strong><\/a>\u00a0<\/p>\t\t\t\t\t\t\t\t<\/div>\n\t\t\t\t<\/div>\n\t\t\t\t\t<\/div>\n\t\t<\/div>\n\t\t\t\t<div class=\"elementor-column elementor-col-50 elementor-top-column elementor-element elementor-element-b23d5d7\" data-id=\"b23d5d7\" data-element_type=\"column\">\n\t\t\t<div class=\"elementor-widget-wrap elementor-element-populated\">\n\t\t\t\t\t\t<div class=\"elementor-element elementor-element-88c87c1 elementor-widget elementor-widget-image\" data-id=\"88c87c1\" data-element_type=\"widget\" data-widget_type=\"image.default\">\n\t\t\t\t<div class=\"elementor-widget-container\">\n\t\t\t\t\t\t\t\t\t\t\t\t\t\t\t<img loading=\"lazy\" decoding=\"async\" width=\"900\" height=\"900\" src=\"https:\/\/findvit.com\/wp-content\/uploads\/2021\/08\/Ko-4-900x900.jpg\" class=\"attachment-large size-large wp-image-2473\" alt=\"Laim\u012bga \u0123imene ar \u0161\u0137idriem uztura bag\u0101tin\u0101t\u0101jiem\" srcset=\"https:\/\/findvit.com\/wp-content\/uploads\/2021\/08\/Ko-4-900x900.jpg 900w, https:\/\/findvit.com\/wp-content\/uploads\/2021\/08\/Ko-4-600x600.jpg 600w, https:\/\/findvit.com\/wp-content\/uploads\/2021\/08\/Ko-4-150x150.jpg 150w, https:\/\/findvit.com\/wp-content\/uploads\/2021\/08\/Ko-4-768x768.jpg 768w, https:\/\/findvit.com\/wp-content\/uploads\/2021\/08\/Ko-4-1x1.jpg 1w, https:\/\/findvit.com\/wp-content\/uploads\/2021\/08\/Ko-4-10x10.jpg 10w, https:\/\/findvit.com\/wp-content\/uploads\/2021\/08\/Ko-4-100x100.jpg 100w, https:\/\/findvit.com\/wp-content\/uploads\/2021\/08\/Ko-4.jpg 1000w\" sizes=\"auto, (max-width: 900px) 100vw, 900px\" \/>\t\t\t\t\t\t\t\t\t\t\t\t\t\t\t<\/div>\n\t\t\t\t<\/div>\n\t\t\t\t\t<\/div>\n\t\t<\/div>\n\t\t\t\t\t<\/div>\n\t\t<\/section>\n\t\t\t\t<\/div>","protected":false},"excerpt":{"rendered":"<p>Tas ir ne tikai papildin\u0101jums, bet ar\u012b j\u016bsu sabiedrotais. <strong>Nodro\u0161ina<\/strong> pat 250mg fulvosk\u0101bes. <strong>Bag\u0101tin\u0101ts<\/strong> koncentr\u0113ti, pilna spektra jonu mikroelementi. Fulv\u012bnsk\u0101be var pal\u012bdz\u0113t atbalst\u012bt dz\u012bv\u012bbai svar\u012bgas funkcijas.<\/p>","protected":false},"featured_media":2677,"comment_status":"open","ping_status":"closed","template":"","meta":{"_acf_changed":false,"inline_featured_image":false},"etheme_brands":[{"term_id":38,"name":"Trace Minerals","slug":"trace-minerals","term_group":0,"term_taxonomy_id":38,"taxonomy":"brand","description":"<h2><strong>Trace minerals<\/strong><\/h2>\r\n\"Trace Minerals\" yra \u017einomas jonini\u0173 mineralini\u0173 papild\u0173 prek\u0117s \u017eenklas, kuriuo pasitikima beveik 50 met\u0173.\r\n\r\n<strong>Gamintojo misija<\/strong>\r\n\r\n\"Trace Minerals\" mato pasaul\u012f, kuriame \u017emon\u0117s yra\r\natsakingi u\u017e savo sveikat\u0105. Laikas, kai visi \u017emon\u0117s yra nori ir gali\r\ngyventi sveikiau. Joniniai mineralai yra pasiekiami visiems norintiems. Daugiau nei 50 met\u0173 \"Trace Minerals\" prek\u0117s \u017eenklo\r\nproduktai visame pasaulyje buvo pripa\u017einti jonini\u0173 produkt\u0173 pradininkais.\r\n\r\nVisus 50 met\u0173 Trace Minerals vertyb\u0117s yra:\r\n\r\n1. Bekompromis\u0117 kokyb\u0117, nuo kurios priklauso \u017emoni\u0173 savijauta.\r\n2. Neprilygstama aptarnavimas, kuris leid\u017eia klientams \u0161ypsotis.\r\n3. Nuolatinis pajam\u0173 augimas diegiant inovacijas ir kuriant produktus.\r\n4. Ugdomieji u\u017esi\u0117mimai.\r\n5. Lyderyst\u0117 savo srities pramon\u0117je.\r\n6. Lojalumas ir s\u0105\u017einingumas patikimiems darbuotojams ir verslo partneriams.\r\n<h3><strong>Garantija<\/strong><\/h3>\r\nGamintojas tiki, kad maisto papildai tur\u0117t\u0173 atne\u0161ti pastebimus\r\nrezultatus. Trace minerals \u012fsipareigojimas siekti pastebim\u0173 rezultat\u0173 yra\r\n\"Trace Minerals research\" filosofija.\r\n\r\nBeveik penkis de\u0161imtme\u010dius \"Trace Minerals\" prek\u0117s \u017eenklo produktai pad\u0117jo \u017emon\u0117ms priimti pagr\u012fstus sprendimus pasirenkant tinkamus produktus. Trce Minerals t\u0119stinis \u012fsipareigojimas yra paprastas: gaminti auk\u0161\u010diausios kokyb\u0117s produktus, paremtus moksliniais tyrimais, pagamintus u\u017e teising\u0105 kain\u0105 ir garantuojama, kad bus\r\npagerinti gyvenimai t\u0173, kurie vartoja kokybi\u0161kus produktus. Trace minerals visada tai dar\u0117 ir toliau t\u0105 darys.\r\n\r\nhttps:\/\/youtu.be\/hbeINVcx5FY?t=77\r\n<h3><strong>Mokslas ir tyrimai<\/strong><\/h3>\r\nGamintojas gavo \u0161e\u0161i\u0173 m\u0117nesi\u0173 klinikinio tyrimo \"ConcenTrace\u00ae\" rezultatus. \"Trace Mineral Drops\", jo pavyzdinis jonini\u0173 mineralinis papildas, kuriame yra visas spektras nat\u016braliai atsirandan\u010di\u0173 mikroelement\u0173.\r\n\r\nDalyviams buvo skiriama po 40 la\u0161\u0173 ConcenTrace\u00ae arba placebo per par\u0105\r\n24 savaites. Tyrime teigiama, kad \"veiksmingum\u0105 objektyviai patvirtino\r\n\u012fvertinti s\u0105nari\u0173 kremzl\u0117s storio, s\u0105nario erdv\u0117s plo\u010dio poky\u010dius\r\nir sinovinio skys\u010dio sud\u0117tis\". 24 savai\u010di\u0173 rezultatai rodo, kad \"ultrasonografija ir sinovinio skys\u010dio tyrimas atskleid\u0117 kremzl\u0117s\r\nstrukt\u016bros pager\u0117jim\u0105\".\r\n\r\n\u0160is preliminarus tyrimas parodo, kad ConcenTrace\u00ae pagerina s\u0105nari\u0173 sveikat\u0105.\r\n<h3><strong>Sertifikatai<\/strong><\/h3>\r\nKokyb\u0117 visada buvo svarbiausias <a href=\"https:\/\/www.traceminerals.com\/\" target=\"_blank\" rel=\"noopener\">\"Trace Minerals\"<\/a> prioritetas. Per daugel\u012f met\u0173\u00a0 akylai tobulino gamybos procesus. Tikima, kad geriausi procesai padeda gaminti geriausius ir sveikiausius produktus. Tai yra pagrindin\u0117 prie\u017eastis, kod\u0117l grie\u017etai kontroliuojama produkt\u0173 kokyb\u0117 ir kod\u0117l turima daugyb\u0117 sertifikat\u0173.\r\n<ul>\r\n \t<li><a href=\"https:\/\/grmalliance.org\/\" target=\"_blank\" rel=\"noopener\">GRMA\/UL GMP Certified<\/a><\/li>\r\n \t<li>GRAS Certified<\/li>\r\n \t<li>BPA Free<\/li>\r\n \t<li>Kosher<\/li>\r\n \t<li>Halal<\/li>\r\n \t<li>Non-GMO Verified<\/li>\r\n \t<li>Transparency<\/li>\r\n<\/ul>","parent":0,"count":19,"filter":"raw"}],"product_brand":[],"product_cat":[63],"product_tag":[88,126,99,100],"class_list":{"0":"post-2390","1":"product","2":"type-product","3":"status-publish","4":"has-post-thumbnail","6":"brand-trace-minerals","7":"product_cat-mineralai","8":"product_tag-aktyviai-organizmo-apykaitai","9":"product_tag-greitam-virskinimui-ir-salinimui","10":"product_tag-lankstumui-ir-dregmes-balansui","11":"product_tag-ph-balansui","13":"first","14":"outofstock","15":"taxable","16":"shipping-taxable","17":"purchasable","18":"product-type-simple"},"acf":[],"_links":{"self":[{"href":"https:\/\/findvit.com\/lv\/wp-json\/wp\/v2\/product\/2390","targetHints":{"allow":["GET"]}}],"collection":[{"href":"https:\/\/findvit.com\/lv\/wp-json\/wp\/v2\/product"}],"about":[{"href":"https:\/\/findvit.com\/lv\/wp-json\/wp\/v2\/types\/product"}],"replies":[{"embeddable":true,"href":"https:\/\/findvit.com\/lv\/wp-json\/wp\/v2\/comments?post=2390"}],"version-history":[{"count":28,"href":"https:\/\/findvit.com\/lv\/wp-json\/wp\/v2\/product\/2390\/revisions"}],"predecessor-version":[{"id":18563,"href":"https:\/\/findvit.com\/lv\/wp-json\/wp\/v2\/product\/2390\/revisions\/18563"}],"wp:featuredmedia":[{"embeddable":true,"href":"https:\/\/findvit.com\/lv\/wp-json\/wp\/v2\/media\/2677"}],"wp:attachment":[{"href":"https:\/\/findvit.com\/lv\/wp-json\/wp\/v2\/media?parent=2390"}],"wp:term":[{"taxonomy":"brand","embeddable":true,"href":"https:\/\/findvit.com\/lv\/wp-json\/wp\/v2\/etheme_brands?post=2390"},{"taxonomy":"product_brand","embeddable":true,"href":"https:\/\/findvit.com\/lv\/wp-json\/wp\/v2\/product_brand?post=2390"},{"taxonomy":"product_cat","embeddable":true,"href":"https:\/\/findvit.com\/lv\/wp-json\/wp\/v2\/product_cat?post=2390"},{"taxonomy":"product_tag","embeddable":true,"href":"https:\/\/findvit.com\/lv\/wp-json\/wp\/v2\/product_tag?post=2390"}],"curies":[{"name":"wp","href":"https:\/\/api.w.org\/{rel}","templated":true}]}}