{"id":3454,"date":"2021-11-08T21:18:55","date_gmt":"2021-11-08T19:18:55","guid":{"rendered":"https:\/\/findvit.com\/?post_type=product&#038;p=3454"},"modified":"2025-09-29T10:16:25","modified_gmt":"2025-09-29T07:16:25","slug":"trace-minerals-skystas-juros-mineralu-kompleksas-59-ml","status":"publish","type":"product","link":"https:\/\/findvit.com\/lv\/produktas\/trace-minerals-skystas-juros-mineralu-kompleksas-59-ml\/","title":{"rendered":"Trace Minerals \u0161\u0137idrais j\u016bras miner\u0101lu komplekss, 59 ml"},"content":{"rendered":"<div data-elementor-type=\"product-post\" data-elementor-id=\"3454\" class=\"elementor elementor-3454\" data-elementor-post-type=\"product\">\n\t\t\t\t\t\t<section class=\"elementor-section elementor-top-section elementor-element elementor-element-2e9b4cf elementor-section-boxed elementor-section-height-default elementor-section-height-default\" data-id=\"2e9b4cf\" data-element_type=\"section\">\n\t\t\t\t\t\t<div class=\"elementor-container elementor-column-gap-default\">\n\t\t\t\t\t<div class=\"elementor-column elementor-col-100 elementor-top-column elementor-element elementor-element-4c143d9\" data-id=\"4c143d9\" data-element_type=\"column\">\n\t\t\t<div class=\"elementor-widget-wrap elementor-element-populated\">\n\t\t\t\t\t\t<div class=\"elementor-element elementor-element-29b0e29 elementor-absolute elementor-hidden-mobile elementor-invisible elementor-widget elementor-widget-image\" data-id=\"29b0e29\" data-element_type=\"widget\" data-settings=\"{&quot;motion_fx_motion_fx_scrolling&quot;:&quot;yes&quot;,&quot;motion_fx_rotateZ_effect&quot;:&quot;yes&quot;,&quot;motion_fx_rotateZ_speed&quot;:{&quot;unit&quot;:&quot;px&quot;,&quot;size&quot;:5,&quot;sizes&quot;:[]},&quot;motion_fx_range&quot;:&quot;viewport&quot;,&quot;_animation&quot;:&quot;fadeIn&quot;,&quot;_position&quot;:&quot;absolute&quot;,&quot;motion_fx_rotateZ_affectedRange&quot;:{&quot;unit&quot;:&quot;%&quot;,&quot;size&quot;:&quot;&quot;,&quot;sizes&quot;:{&quot;start&quot;:0,&quot;end&quot;:100}},&quot;motion_fx_devices&quot;:[&quot;desktop&quot;,&quot;tablet&quot;,&quot;mobile&quot;]}\" data-widget_type=\"image.default\">\n\t\t\t\t<div class=\"elementor-widget-container\">\n\t\t\t\t\t\t\t\t\t\t\t\t\t\t\t<img loading=\"lazy\" decoding=\"async\" width=\"200\" height=\"200\" src=\"https:\/\/findvit.com\/wp-content\/uploads\/2021\/09\/ratukas.svg\" class=\"attachment-full size-full wp-image-1777\" alt=\"Ritenis no anketas l\u012bdz vitam\u012bnam\" \/>\t\t\t\t\t\t\t\t\t\t\t\t\t\t\t<\/div>\n\t\t\t\t<\/div>\n\t\t\t\t\t<\/div>\n\t\t<\/div>\n\t\t\t\t\t<\/div>\n\t\t<\/section>\n\t\t\t\t<section class=\"elementor-section elementor-top-section elementor-element elementor-element-00b4155 elementor-section-boxed elementor-section-height-default elementor-section-height-default\" data-id=\"00b4155\" data-element_type=\"section\">\n\t\t\t\t\t\t<div class=\"elementor-container elementor-column-gap-no\">\n\t\t\t\t\t<div class=\"elementor-column elementor-col-50 elementor-top-column elementor-element elementor-element-40432ef\" data-id=\"40432ef\" data-element_type=\"column\">\n\t\t\t<div class=\"elementor-widget-wrap elementor-element-populated\">\n\t\t\t\t\t\t<div class=\"elementor-element elementor-element-969ab7a elementor-widget elementor-widget-heading\" data-id=\"969ab7a\" data-element_type=\"widget\" data-widget_type=\"heading.default\">\n\t\t\t\t<div class=\"elementor-widget-container\">\n\t\t\t\t\t<h2 class=\"elementor-heading-title elementor-size-medium\">Trace Minerals \u0161\u0137idrais j\u016bras miner\u0101lu komplekss, 59 ml<\/h2>\t\t\t\t<\/div>\n\t\t\t\t<\/div>\n\t\t\t\t<div class=\"elementor-element elementor-element-7dc5475 elementor-widget elementor-widget-text-editor\" data-id=\"7dc5475\" data-element_type=\"widget\" data-widget_type=\"text-editor.default\">\n\t\t\t\t<div class=\"elementor-widget-container\">\n\t\t\t\t\t\t\t\t\t<p>Ir pieejami Koncentr\u0101cijas Trace Mineral Drops <strong>unik\u0101ls produkts<\/strong>, ko ieg\u016bst no Dzi\u013c\u0101 ezera \u016bdens. Dzi\u013c\u0161 ezers <strong>\u016bdens ir viens no t\u012br\u0101kajiem un miner\u0101l\u016bde\u0146iem pasaul\u0113<\/strong>.<\/p><p>Vanuo veidojas no lietus un sniega, kas pl\u016bst cauri vulk\u0101niskajiem ie\u017eiem t\u016bksto\u0161iem gadu un <strong>pies\u0101tin\u0101ts<\/strong> tas ar miner\u0101lviel\u0101m un mikroelementiem.<\/p><p>\u0160is \u016bdens ir dabiski koncentr\u0113ts un veido 0,5% no kop\u0113j\u0101 ezera tilpuma.<\/p><p>Koncentr\u0101cijas Trace Mineral Drops <strong>ir \u0161\u012b \u016bdens ekstrakts<\/strong>, kas tiek atdal\u012bts no s\u0101ls un cit\u0101m viel\u0101m, izmantojot \u012bpa\u0161u tehnolo\u0123iju.<\/p><h3><strong>NEAPRAKSTS P\u0100RVALST\u012aBA<\/strong><\/h3><p>\u0160is produkts ir <strong>\u013coti koncentr\u0113ts<\/strong> un <strong>satur vair\u0101k nek\u0101 72 miner\u0101lus<\/strong> un mikroelementi, piem\u0113ram, kalcijs, magnijs, dzelzs, cinks, sel\u0113ns, jods, hroms utt.<\/p><p>\u0160ie miner\u0101li ir nepiecie\u0161ami m\u016bsu \u0137ermenim, un tiem ir daudz noder\u012bgu \u012bpa\u0161\u012bbu.\u00a0<\/p><h3><strong>\u013bOTI NOV\u0112RT\u0112TS<\/strong><\/h3><p>Concentrace, kam uzticams un augstu v\u0113rt\u0113jumu ir nov\u0113rt\u0113ju\u0161i cilv\u0113ki vis\u0101 pasaul\u0113, iepriecina cilv\u0113kus, nodro\u0161inot vi\u0146iem gaid\u012btos rezult\u0101tus.<\/p><h3><strong>\u0112RTA LIETO\u0160ANAI<\/strong><\/h3><p>Concentrace Trace Mineral Drops ir pieejams \u0161\u0137idr\u0101 veid\u0101. J\u016bs varat pievienot \u0161o papildin\u0101jumu savam iecien\u012bt\u0101kajam dz\u0113rienam vai \u0113dienam un katru dienu ieg\u016bt visas nepiecie\u0161am\u0101s miner\u0101lvielas.<\/p><p>Lieliski piem\u0113rots dz\u0113r\u0101jam ar \u016bdeni vai miner\u0101lu gl\u0101zi. Lietojiet vienu vai divas reizes dien\u0101.<\/p><p>Ieteicam\u0101 deva ir 1-2 pilieni uz 1 kg \u0137erme\u0146a svara dien\u0101.<\/p><h3><strong>AUGST\u0100K\u0100 KVALIT\u0100TE<\/strong><\/h3><p>\u0160is produkts ir dro\u0161s un tam nav blakuspar\u0101d\u012bbu. <br \/><br \/>Tas ir piem\u0113rots visiem cilv\u0113kiem, pat tiem, kam ir aler\u0123ija vai nepanes\u012bba.<\/p><p>Concentrace Trace Mineral Drops ir sertific\u0113ti un laboratoriski p\u0101rbaud\u012bti, lai atbilstu augst\u0101kajiem kvalit\u0101tes standartiem.<\/p><p>Ja v\u0113laties <strong>dot sev vai saviem m\u012b\u013cajiem vair\u0101k<\/strong>, pas\u016bti Concentrace Trace Mineral Drops t\u016bl\u012bt un saj\u016bti at\u0161\u0137ir\u012bbu. <\/p><p>Ja neesat p\u0101rliecin\u0101ts, k\u0101di vitam\u012bni vai citi uztura bag\u0101tin\u0101t\u0101ji\u00a0<strong>\u0161obr\u012bd vispiem\u0113rot\u0101kais<\/strong>, veiciet testu\u00a0<a style=\"background-color: #ffffff; color: #25bf4e;\" href=\"https:\/\/findvit.com\/lv\/testas\/\"><strong>&quot;Tava diena&quot;<\/strong><\/a>\u00a0un uzzini\u00a0\u00a0<strong>personisks<\/strong>\u00a0ieteikums!<\/p>\t\t\t\t\t\t\t\t<\/div>\n\t\t\t\t<\/div>\n\t\t\t\t\t<\/div>\n\t\t<\/div>\n\t\t\t\t<div class=\"elementor-column elementor-col-50 elementor-top-column elementor-element elementor-element-e1f8e61\" data-id=\"e1f8e61\" data-element_type=\"column\">\n\t\t\t<div class=\"elementor-widget-wrap elementor-element-populated\">\n\t\t\t\t\t\t<div class=\"elementor-element elementor-element-f99ebcc elementor-widget elementor-widget-image\" data-id=\"f99ebcc\" data-element_type=\"widget\" data-widget_type=\"image.default\">\n\t\t\t\t<div class=\"elementor-widget-container\">\n\t\t\t\t\t\t\t\t\t\t\t\t\t\t\t<img loading=\"lazy\" decoding=\"async\" width=\"900\" height=\"900\" src=\"https:\/\/findvit.com\/wp-content\/uploads\/2021\/08\/Ko-4-900x900.jpg\" class=\"attachment-large size-large wp-image-2473\" alt=\"Laim\u012bga \u0123imene ar \u0161\u0137idriem uztura bag\u0101tin\u0101t\u0101jiem\" srcset=\"https:\/\/findvit.com\/wp-content\/uploads\/2021\/08\/Ko-4-900x900.jpg 900w, https:\/\/findvit.com\/wp-content\/uploads\/2021\/08\/Ko-4-600x600.jpg 600w, https:\/\/findvit.com\/wp-content\/uploads\/2021\/08\/Ko-4-150x150.jpg 150w, https:\/\/findvit.com\/wp-content\/uploads\/2021\/08\/Ko-4-768x768.jpg 768w, https:\/\/findvit.com\/wp-content\/uploads\/2021\/08\/Ko-4-1x1.jpg 1w, https:\/\/findvit.com\/wp-content\/uploads\/2021\/08\/Ko-4-10x10.jpg 10w, https:\/\/findvit.com\/wp-content\/uploads\/2021\/08\/Ko-4-100x100.jpg 100w, https:\/\/findvit.com\/wp-content\/uploads\/2021\/08\/Ko-4.jpg 1000w\" sizes=\"auto, (max-width: 900px) 100vw, 900px\" \/>\t\t\t\t\t\t\t\t\t\t\t\t\t\t\t<\/div>\n\t\t\t\t<\/div>\n\t\t\t\t\t<\/div>\n\t\t<\/div>\n\t\t\t\t\t<\/div>\n\t\t<\/section>\n\t\t\t\t<\/div>","protected":false},"excerpt":{"rendered":"<p>Vai zin\u0101j\u0101t, ka liel\u0101kajai da\u013cai cilv\u0113ku tr\u016bkst miner\u0101lvielu? Trace Minerals Concentrate \u2013 \u0161is <strong>svar\u012bgu mikro un makro elementu komplekss<\/strong>. Elektrol\u012btu l\u012bdzsvaram - akt\u012bva sporta laik\u0101 un Keto di\u0113t\u0101. Piem\u0113rots visai \u0123imenei. Bag\u0101tin\u0101s j\u016bsu dzeramo \u016bdeni ar j\u016bras miner\u0101liem. Pietiek ar 48 dien\u0101m.<\/p>","protected":false},"featured_media":2696,"comment_status":"open","ping_status":"closed","template":"","meta":{"_acf_changed":false,"inline_featured_image":false},"etheme_brands":[{"term_id":38,"name":"Trace Minerals","slug":"trace-minerals","term_group":0,"term_taxonomy_id":38,"taxonomy":"brand","description":"<h2><strong>Trace minerals<\/strong><\/h2>\r\n\"Trace Minerals\" yra \u017einomas jonini\u0173 mineralini\u0173 papild\u0173 prek\u0117s \u017eenklas, kuriuo pasitikima beveik 50 met\u0173.\r\n\r\n<strong>Gamintojo misija<\/strong>\r\n\r\n\"Trace Minerals\" mato pasaul\u012f, kuriame \u017emon\u0117s yra\r\natsakingi u\u017e savo sveikat\u0105. Laikas, kai visi \u017emon\u0117s yra nori ir gali\r\ngyventi sveikiau. Joniniai mineralai yra pasiekiami visiems norintiems. Daugiau nei 50 met\u0173 \"Trace Minerals\" prek\u0117s \u017eenklo\r\nproduktai visame pasaulyje buvo pripa\u017einti jonini\u0173 produkt\u0173 pradininkais.\r\n\r\nVisus 50 met\u0173 Trace Minerals vertyb\u0117s yra:\r\n\r\n1. Bekompromis\u0117 kokyb\u0117, nuo kurios priklauso \u017emoni\u0173 savijauta.\r\n2. Neprilygstama aptarnavimas, kuris leid\u017eia klientams \u0161ypsotis.\r\n3. Nuolatinis pajam\u0173 augimas diegiant inovacijas ir kuriant produktus.\r\n4. Ugdomieji u\u017esi\u0117mimai.\r\n5. Lyderyst\u0117 savo srities pramon\u0117je.\r\n6. Lojalumas ir s\u0105\u017einingumas patikimiems darbuotojams ir verslo partneriams.\r\n<h3><strong>Garantija<\/strong><\/h3>\r\nGamintojas tiki, kad maisto papildai tur\u0117t\u0173 atne\u0161ti pastebimus\r\nrezultatus. Trace minerals \u012fsipareigojimas siekti pastebim\u0173 rezultat\u0173 yra\r\n\"Trace Minerals research\" filosofija.\r\n\r\nBeveik penkis de\u0161imtme\u010dius \"Trace Minerals\" prek\u0117s \u017eenklo produktai pad\u0117jo \u017emon\u0117ms priimti pagr\u012fstus sprendimus pasirenkant tinkamus produktus. Trce Minerals t\u0119stinis \u012fsipareigojimas yra paprastas: gaminti auk\u0161\u010diausios kokyb\u0117s produktus, paremtus moksliniais tyrimais, pagamintus u\u017e teising\u0105 kain\u0105 ir garantuojama, kad bus\r\npagerinti gyvenimai t\u0173, kurie vartoja kokybi\u0161kus produktus. Trace minerals visada tai dar\u0117 ir toliau t\u0105 darys.\r\n\r\nhttps:\/\/youtu.be\/hbeINVcx5FY?t=77\r\n<h3><strong>Mokslas ir tyrimai<\/strong><\/h3>\r\nGamintojas gavo \u0161e\u0161i\u0173 m\u0117nesi\u0173 klinikinio tyrimo \"ConcenTrace\u00ae\" rezultatus. \"Trace Mineral Drops\", jo pavyzdinis jonini\u0173 mineralinis papildas, kuriame yra visas spektras nat\u016braliai atsirandan\u010di\u0173 mikroelement\u0173.\r\n\r\nDalyviams buvo skiriama po 40 la\u0161\u0173 ConcenTrace\u00ae arba placebo per par\u0105\r\n24 savaites. Tyrime teigiama, kad \"veiksmingum\u0105 objektyviai patvirtino\r\n\u012fvertinti s\u0105nari\u0173 kremzl\u0117s storio, s\u0105nario erdv\u0117s plo\u010dio poky\u010dius\r\nir sinovinio skys\u010dio sud\u0117tis\". 24 savai\u010di\u0173 rezultatai rodo, kad \"ultrasonografija ir sinovinio skys\u010dio tyrimas atskleid\u0117 kremzl\u0117s\r\nstrukt\u016bros pager\u0117jim\u0105\".\r\n\r\n\u0160is preliminarus tyrimas parodo, kad ConcenTrace\u00ae pagerina s\u0105nari\u0173 sveikat\u0105.\r\n<h3><strong>Sertifikatai<\/strong><\/h3>\r\nKokyb\u0117 visada buvo svarbiausias <a href=\"https:\/\/www.traceminerals.com\/\" target=\"_blank\" rel=\"noopener\">\"Trace Minerals\"<\/a> prioritetas. Per daugel\u012f met\u0173\u00a0 akylai tobulino gamybos procesus. Tikima, kad geriausi procesai padeda gaminti geriausius ir sveikiausius produktus. Tai yra pagrindin\u0117 prie\u017eastis, kod\u0117l grie\u017etai kontroliuojama produkt\u0173 kokyb\u0117 ir kod\u0117l turima daugyb\u0117 sertifikat\u0173.\r\n<ul>\r\n \t<li><a href=\"https:\/\/grmalliance.org\/\" target=\"_blank\" rel=\"noopener\">GRMA\/UL GMP Certified<\/a><\/li>\r\n \t<li>GRAS Certified<\/li>\r\n \t<li>BPA Free<\/li>\r\n \t<li>Kosher<\/li>\r\n \t<li>Halal<\/li>\r\n \t<li>Non-GMO Verified<\/li>\r\n \t<li>Transparency<\/li>\r\n<\/ul>","parent":0,"count":19,"filter":"raw"}],"product_brand":[],"product_cat":[63,64],"product_tag":[88,125,99,100],"class_list":{"0":"post-3454","1":"product","2":"type-product","3":"status-publish","4":"has-post-thumbnail","6":"brand-trace-minerals","7":"product_cat-mineralai","8":"product_cat-elektrolitai","9":"product_tag-aktyviai-organizmo-apykaitai","10":"product_tag-energijai","11":"product_tag-lankstumui-ir-dregmes-balansui","12":"product_tag-ph-balansui","14":"first","15":"outofstock","16":"taxable","17":"shipping-taxable","18":"purchasable","19":"product-type-simple"},"acf":[],"_links":{"self":[{"href":"https:\/\/findvit.com\/lv\/wp-json\/wp\/v2\/product\/3454","targetHints":{"allow":["GET"]}}],"collection":[{"href":"https:\/\/findvit.com\/lv\/wp-json\/wp\/v2\/product"}],"about":[{"href":"https:\/\/findvit.com\/lv\/wp-json\/wp\/v2\/types\/product"}],"replies":[{"embeddable":true,"href":"https:\/\/findvit.com\/lv\/wp-json\/wp\/v2\/comments?post=3454"}],"version-history":[{"count":15,"href":"https:\/\/findvit.com\/lv\/wp-json\/wp\/v2\/product\/3454\/revisions"}],"predecessor-version":[{"id":18952,"href":"https:\/\/findvit.com\/lv\/wp-json\/wp\/v2\/product\/3454\/revisions\/18952"}],"wp:featuredmedia":[{"embeddable":true,"href":"https:\/\/findvit.com\/lv\/wp-json\/wp\/v2\/media\/2696"}],"wp:attachment":[{"href":"https:\/\/findvit.com\/lv\/wp-json\/wp\/v2\/media?parent=3454"}],"wp:term":[{"taxonomy":"brand","embeddable":true,"href":"https:\/\/findvit.com\/lv\/wp-json\/wp\/v2\/etheme_brands?post=3454"},{"taxonomy":"product_brand","embeddable":true,"href":"https:\/\/findvit.com\/lv\/wp-json\/wp\/v2\/product_brand?post=3454"},{"taxonomy":"product_cat","embeddable":true,"href":"https:\/\/findvit.com\/lv\/wp-json\/wp\/v2\/product_cat?post=3454"},{"taxonomy":"product_tag","embeddable":true,"href":"https:\/\/findvit.com\/lv\/wp-json\/wp\/v2\/product_tag?post=3454"}],"curies":[{"name":"wp","href":"https:\/\/api.w.org\/{rel}","templated":true}]}}