{"id":3595,"date":"2021-11-13T15:35:58","date_gmt":"2021-11-13T13:35:58","guid":{"rendered":"https:\/\/findvit.com\/?post_type=product&#038;p=3595"},"modified":"2026-02-27T16:28:40","modified_gmt":"2026-02-27T14:28:40","slug":"trace-minerals-skystas-kofermentas-coq10-su-juros-mineralu-kompleksu-118-ml","status":"publish","type":"product","link":"https:\/\/findvit.com\/lv\/produktas\/trace-minerals-skystas-kofermentas-coq10-su-juros-mineralu-kompleksu-118-ml\/","title":{"rendered":"Trace Minerals \u0161\u0137idrums Koenz\u012bms CoQ10 ar j\u016bras miner\u0101lu kompleksu, 118 ml"},"content":{"rendered":"<div data-elementor-type=\"product-post\" data-elementor-id=\"3595\" class=\"elementor elementor-3595\" data-elementor-post-type=\"product\">\n\t\t\t\t\t\t<section class=\"elementor-section elementor-top-section elementor-element elementor-element-2bbc8e98 elementor-section-boxed elementor-section-height-default elementor-section-height-default\" data-id=\"2bbc8e98\" data-element_type=\"section\">\n\t\t\t\t\t\t<div class=\"elementor-container elementor-column-gap-default\">\n\t\t\t\t\t<div class=\"elementor-column elementor-col-100 elementor-top-column elementor-element elementor-element-3046636a\" data-id=\"3046636a\" data-element_type=\"column\">\n\t\t\t<div class=\"elementor-widget-wrap elementor-element-populated\">\n\t\t\t\t\t\t<div class=\"elementor-element elementor-element-644245f6 elementor-absolute elementor-hidden-mobile elementor-invisible elementor-widget elementor-widget-image\" data-id=\"644245f6\" data-element_type=\"widget\" data-settings=\"{&quot;motion_fx_motion_fx_scrolling&quot;:&quot;yes&quot;,&quot;motion_fx_rotateZ_effect&quot;:&quot;yes&quot;,&quot;motion_fx_rotateZ_speed&quot;:{&quot;unit&quot;:&quot;px&quot;,&quot;size&quot;:5,&quot;sizes&quot;:[]},&quot;motion_fx_range&quot;:&quot;viewport&quot;,&quot;_animation&quot;:&quot;fadeIn&quot;,&quot;_position&quot;:&quot;absolute&quot;,&quot;motion_fx_rotateZ_affectedRange&quot;:{&quot;unit&quot;:&quot;%&quot;,&quot;size&quot;:&quot;&quot;,&quot;sizes&quot;:{&quot;start&quot;:0,&quot;end&quot;:100}},&quot;motion_fx_devices&quot;:[&quot;desktop&quot;,&quot;tablet&quot;,&quot;mobile&quot;]}\" data-widget_type=\"image.default\">\n\t\t\t\t<div class=\"elementor-widget-container\">\n\t\t\t\t\t\t\t\t\t\t\t\t\t\t\t<img loading=\"lazy\" decoding=\"async\" width=\"200\" height=\"200\" src=\"https:\/\/findvit.com\/wp-content\/uploads\/2021\/09\/ratukas.svg\" class=\"attachment-full size-full wp-image-1777\" alt=\"Ritenis no anketas l\u012bdz vitam\u012bnam\" \/>\t\t\t\t\t\t\t\t\t\t\t\t\t\t\t<\/div>\n\t\t\t\t<\/div>\n\t\t\t\t\t<\/div>\n\t\t<\/div>\n\t\t\t\t\t<\/div>\n\t\t<\/section>\n\t\t\t\t<section class=\"elementor-section elementor-top-section elementor-element elementor-element-7dcf390b elementor-section-boxed elementor-section-height-default elementor-section-height-default\" data-id=\"7dcf390b\" data-element_type=\"section\">\n\t\t\t\t\t\t<div class=\"elementor-container elementor-column-gap-no\">\n\t\t\t\t\t<div class=\"elementor-column elementor-col-50 elementor-top-column elementor-element elementor-element-2c4c1871\" data-id=\"2c4c1871\" data-element_type=\"column\">\n\t\t\t<div class=\"elementor-widget-wrap elementor-element-populated\">\n\t\t\t\t\t\t<div class=\"elementor-element elementor-element-3d065bde elementor-widget elementor-widget-heading\" data-id=\"3d065bde\" data-element_type=\"widget\" data-widget_type=\"heading.default\">\n\t\t\t\t<div class=\"elementor-widget-container\">\n\t\t\t\t\t<h2 class=\"elementor-heading-title elementor-size-medium\">Koenz\u012bms CoQ10 ir sp\u0113c\u012bgs antioksidants<\/h2>\t\t\t\t<\/div>\n\t\t\t\t<\/div>\n\t\t\t\t<div class=\"elementor-element elementor-element-562e1a68 elementor-widget elementor-widget-text-editor\" data-id=\"562e1a68\" data-element_type=\"widget\" data-widget_type=\"text-editor.default\">\n\t\t\t\t<div class=\"elementor-widget-container\">\n\t\t\t\t\t\t\t\t\t<p><strong>Uzl\u0101d\u0113 savas \u0161\u016bnas!<\/strong><\/p><p><strong>Nodro\u0161ina 100 mg. dienas likmes.<\/strong><\/p><p>\u0160\u0137idrais CoQ10 ir unik\u0101ls uztura bag\u0101tin\u0101t\u0101js, kas ne tikai <strong>papildina<\/strong> CoQ10 l\u012bmenis organism\u0101, bet ar\u012b <strong>nodro\u0161ina<\/strong> pilns jonu mikroelementu kl\u0101sts.<\/p><p>CoQ10 ir vitam\u012bniem l\u012bdz\u012bga viela, kas dabiski tiek sintez\u0113ta katr\u0101 \u0137erme\u0146a \u0161\u016bn\u0101 un atrodas <strong>svar\u012bgi daudz\u0101m funkcij\u0101m<\/strong>.<\/p><p>Ir pieejams CoQ10 <strong>svar\u012bgi<\/strong> <strong>antioksidants<\/strong>, kas ir sp\u0113c\u012bgs un augsti nov\u0113rt\u0113ts.<\/p><p>Ir pieejams \u0161\u0137idrais CoQ10<strong> viegli sagremojams<\/strong>\u00a0 padarot to par lielisku izv\u0113li tiem, kas to v\u0113las <strong>papildin\u0101t<\/strong> di\u0113tu ar \u0161o svar\u012bgo uztura bag\u0101tin\u0101t\u0101ju.<\/p><p>Turkl\u0101t \u0161o produktu ir \u0113rti lietot, jo tas ir \u0161\u0137idr\u0101 veid\u0101 un <strong>ir pat\u012bkama gar\u0161a<\/strong>.<\/p><p>Lietot\u0101ju atsauksmes liecina, ka \u0161is produkts ir ikviena uzman\u012bbas v\u0113rts.<br \/><br \/><strong>\u0160is ir augstas kvalit\u0101tes produkts<\/strong>, kas satur svar\u012bgas sast\u0101vda\u013cas.\u00a0<\/p><p>\u0160\u0137idrais CoQ10 ir izgatavots no augstas kvalit\u0101tes sast\u0101vda\u013c\u0101m, un tam ir p\u0101rbaud\u012bta t\u012br\u012bba un iedarb\u012bba.<\/p><p>Vi\u0146\u0161 ar\u012b tur ir <strong>bez lipek\u013ca<\/strong>, <strong>nesatur m\u0101ksl\u012bg\u0101s kr\u0101svielas<\/strong> nesatur konservantus un ir draudz\u012bgs veg\u0101niem.<\/p><p>Papildiniet savu uzturu ar Liquid CoQ10 un saj\u016btiet at\u0161\u0137ir\u012bbu!<\/p><p>\u0160\u0137idrais CoQ10 ar miner\u0101lviel\u0101m ir ekskluz\u012bvs uztura bag\u0101tin\u0101t\u0101js, kas <strong>sniedz jums daudz priek\u0161roc\u012bbu<\/strong>. L\u016bk, k\u0101p\u0113c:<\/p><ul><li>CoQ10 ir viens no svar\u012bg\u0101kajiem antioksidantiem.<\/li><li>CoQ10 papildin\u0101\u0161ana var pal\u012bdz\u0113t uztur\u0113t optim\u0101lu CoQ10 l\u012bmeni.<\/li><li>Miner\u0101lvielas ir b\u016btiski mikroelementi, kas nepiecie\u0161ami daudziem \u0137erme\u0146a procesiem.<\/li><li>\u0160\u0137idrais CoQ10 ar miner\u0101liem ir bag\u0101tin\u0101ts ar miner\u0101lviel\u0101m no (ConcenTrace\u00ae), kas ir dabisks miner\u0101lu avots ar vair\u0101k nek\u0101 72 miner\u0101lviel\u0101m un mikroelementiem.\u00a0<\/li><\/ul><p><br \/>\u0160\u0137idrais CoQ10 ar miner\u0101lviel\u0101m ir viegli lietojams uztura bag\u0101tin\u0101t\u0101js, kas <strong>nov\u0113rt\u0113ts<\/strong> p\u0101rbaud\u012btas kvalit\u0101tes d\u0113\u013c.<\/p><p>Vienk\u0101r\u0161i labi sakratiet pudeli un lietojiet 5 ml (1 t\u0113jkarote) dien\u0101 vai k\u0101 nor\u0101d\u012bjis \u0101rsts.<\/p><p>J\u016bs varat sajaukt \u0161\u0137idru CoQ10 <strong>ar \u016bdeni vai citu dz\u0113rienu<\/strong> vai vienk\u0101r\u0161i pat\u0113r\u0113jiet to t\u012br\u0101 veid\u0101.\u00a0<\/p><p>Ja v\u0113laties zin\u0101t <strong>vair\u0101k<\/strong>, aptuveni \u0161obr\u012bd <strong>vispiem\u0113rot\u0101kais<\/strong> vitam\u012bnus vai citus uztura bag\u0101tin\u0101t\u0101jus, veiciet testu <a href=\"https:\/\/findvit.com\/lv\/testas\/\" target=\"_blank\" rel=\"noopener\"><strong>&quot;Tava diena&quot;<\/strong><\/a> un sa\u0146emt\u00a0 <strong>personisks<\/strong> ieteikums!<\/p><p style=\"font-weight: 400;\">\u00a0<\/p>\t\t\t\t\t\t\t\t<\/div>\n\t\t\t\t<\/div>\n\t\t\t\t\t<\/div>\n\t\t<\/div>\n\t\t\t\t<div class=\"elementor-column elementor-col-50 elementor-top-column elementor-element elementor-element-662b1ce7\" data-id=\"662b1ce7\" data-element_type=\"column\">\n\t\t\t<div class=\"elementor-widget-wrap elementor-element-populated\">\n\t\t\t\t\t\t<div class=\"elementor-element elementor-element-38a6f19c elementor-widget elementor-widget-image\" data-id=\"38a6f19c\" data-element_type=\"widget\" data-widget_type=\"image.default\">\n\t\t\t\t<div class=\"elementor-widget-container\">\n\t\t\t\t\t\t\t\t\t\t\t\t\t\t\t<img loading=\"lazy\" decoding=\"async\" width=\"900\" height=\"900\" src=\"https:\/\/findvit.com\/wp-content\/uploads\/2021\/10\/Ko-9-900x900.jpg\" class=\"attachment-large size-large wp-image-2465\" alt=\"v\u012brietis, kur\u0161 lieto miner\u0101lus, sabr\u016bk\" srcset=\"https:\/\/findvit.com\/wp-content\/uploads\/2021\/10\/Ko-9-900x900.jpg 900w, https:\/\/findvit.com\/wp-content\/uploads\/2021\/10\/Ko-9-600x600.jpg 600w, https:\/\/findvit.com\/wp-content\/uploads\/2021\/10\/Ko-9-150x150.jpg 150w, https:\/\/findvit.com\/wp-content\/uploads\/2021\/10\/Ko-9-768x768.jpg 768w, https:\/\/findvit.com\/wp-content\/uploads\/2021\/10\/Ko-9-1x1.jpg 1w, https:\/\/findvit.com\/wp-content\/uploads\/2021\/10\/Ko-9-10x10.jpg 10w, https:\/\/findvit.com\/wp-content\/uploads\/2021\/10\/Ko-9-100x100.jpg 100w, https:\/\/findvit.com\/wp-content\/uploads\/2021\/10\/Ko-9.jpg 1000w\" sizes=\"auto, (max-width: 900px) 100vw, 900px\" \/>\t\t\t\t\t\t\t\t\t\t\t\t\t\t\t<\/div>\n\t\t\t\t<\/div>\n\t\t\t\t\t<\/div>\n\t\t<\/div>\n\t\t\t\t\t<\/div>\n\t\t<\/section>\n\t\t\t\t<\/div>","protected":false},"excerpt":{"rendered":"<p>Koenz\u012bms CoQ10 ir dabisks antioksidants! \u0160\u0137idrais CoQ10 ir gar\u0161\u012bgs un nodro\u0161ina 100 mg CoQ10 katr\u0101 kausi\u0146\u0101. Izgatavots no dab\u012bg\u0101m sast\u0101vda\u013c\u0101m un neveido krist\u0101lus, tas tiek nov\u0113rt\u0113ts. \u0112rta doz\u0113\u0161anas pipete.<\/p>","protected":false},"featured_media":3596,"comment_status":"open","ping_status":"closed","template":"","meta":{"_acf_changed":false,"inline_featured_image":false},"etheme_brands":[{"term_id":38,"name":"Trace Minerals","slug":"trace-minerals","term_group":0,"term_taxonomy_id":38,"taxonomy":"brand","description":"<h2><strong>Trace minerals<\/strong><\/h2>\r\n\"Trace Minerals\" yra \u017einomas jonini\u0173 mineralini\u0173 papild\u0173 prek\u0117s \u017eenklas, kuriuo pasitikima beveik 50 met\u0173.\r\n\r\n<strong>Gamintojo misija<\/strong>\r\n\r\n\"Trace Minerals\" mato pasaul\u012f, kuriame \u017emon\u0117s yra\r\natsakingi u\u017e savo sveikat\u0105. Laikas, kai visi \u017emon\u0117s yra nori ir gali\r\ngyventi sveikiau. Joniniai mineralai yra pasiekiami visiems norintiems. Daugiau nei 50 met\u0173 \"Trace Minerals\" prek\u0117s \u017eenklo\r\nproduktai visame pasaulyje buvo pripa\u017einti jonini\u0173 produkt\u0173 pradininkais.\r\n\r\nVisus 50 met\u0173 Trace Minerals vertyb\u0117s yra:\r\n\r\n1. Bekompromis\u0117 kokyb\u0117, nuo kurios priklauso \u017emoni\u0173 savijauta.\r\n2. Neprilygstama aptarnavimas, kuris leid\u017eia klientams \u0161ypsotis.\r\n3. Nuolatinis pajam\u0173 augimas diegiant inovacijas ir kuriant produktus.\r\n4. Ugdomieji u\u017esi\u0117mimai.\r\n5. Lyderyst\u0117 savo srities pramon\u0117je.\r\n6. Lojalumas ir s\u0105\u017einingumas patikimiems darbuotojams ir verslo partneriams.\r\n<h3><strong>Garantija<\/strong><\/h3>\r\nGamintojas tiki, kad maisto papildai tur\u0117t\u0173 atne\u0161ti pastebimus\r\nrezultatus. Trace minerals \u012fsipareigojimas siekti pastebim\u0173 rezultat\u0173 yra\r\n\"Trace Minerals research\" filosofija.\r\n\r\nBeveik penkis de\u0161imtme\u010dius \"Trace Minerals\" prek\u0117s \u017eenklo produktai pad\u0117jo \u017emon\u0117ms priimti pagr\u012fstus sprendimus pasirenkant tinkamus produktus. Trce Minerals t\u0119stinis \u012fsipareigojimas yra paprastas: gaminti auk\u0161\u010diausios kokyb\u0117s produktus, paremtus moksliniais tyrimais, pagamintus u\u017e teising\u0105 kain\u0105 ir garantuojama, kad bus\r\npagerinti gyvenimai t\u0173, kurie vartoja kokybi\u0161kus produktus. Trace minerals visada tai dar\u0117 ir toliau t\u0105 darys.\r\n\r\nhttps:\/\/youtu.be\/hbeINVcx5FY?t=77\r\n<h3><strong>Mokslas ir tyrimai<\/strong><\/h3>\r\nGamintojas gavo \u0161e\u0161i\u0173 m\u0117nesi\u0173 klinikinio tyrimo \"ConcenTrace\u00ae\" rezultatus. \"Trace Mineral Drops\", jo pavyzdinis jonini\u0173 mineralinis papildas, kuriame yra visas spektras nat\u016braliai atsirandan\u010di\u0173 mikroelement\u0173.\r\n\r\nDalyviams buvo skiriama po 40 la\u0161\u0173 ConcenTrace\u00ae arba placebo per par\u0105\r\n24 savaites. Tyrime teigiama, kad \"veiksmingum\u0105 objektyviai patvirtino\r\n\u012fvertinti s\u0105nari\u0173 kremzl\u0117s storio, s\u0105nario erdv\u0117s plo\u010dio poky\u010dius\r\nir sinovinio skys\u010dio sud\u0117tis\". 24 savai\u010di\u0173 rezultatai rodo, kad \"ultrasonografija ir sinovinio skys\u010dio tyrimas atskleid\u0117 kremzl\u0117s\r\nstrukt\u016bros pager\u0117jim\u0105\".\r\n\r\n\u0160is preliminarus tyrimas parodo, kad ConcenTrace\u00ae pagerina s\u0105nari\u0173 sveikat\u0105.\r\n<h3><strong>Sertifikatai<\/strong><\/h3>\r\nKokyb\u0117 visada buvo svarbiausias <a href=\"https:\/\/www.traceminerals.com\/\" target=\"_blank\" rel=\"noopener\">\"Trace Minerals\"<\/a> prioritetas. Per daugel\u012f met\u0173\u00a0 akylai tobulino gamybos procesus. Tikima, kad geriausi procesai padeda gaminti geriausius ir sveikiausius produktus. Tai yra pagrindin\u0117 prie\u017eastis, kod\u0117l grie\u017etai kontroliuojama produkt\u0173 kokyb\u0117 ir kod\u0117l turima daugyb\u0117 sertifikat\u0173.\r\n<ul>\r\n \t<li><a href=\"https:\/\/grmalliance.org\/\" target=\"_blank\" rel=\"noopener\">GRMA\/UL GMP Certified<\/a><\/li>\r\n \t<li>GRAS Certified<\/li>\r\n \t<li>BPA Free<\/li>\r\n \t<li>Kosher<\/li>\r\n \t<li>Halal<\/li>\r\n \t<li>Non-GMO Verified<\/li>\r\n \t<li>Transparency<\/li>\r\n<\/ul>","parent":0,"count":19,"filter":"raw"}],"product_brand":[],"product_cat":[113,63],"product_tag":[88,125,93],"class_list":{"0":"post-3595","1":"product","2":"type-product","3":"status-publish","4":"has-post-thumbnail","6":"brand-trace-minerals","7":"product_cat-antioksidantai","8":"product_cat-mineralai","9":"product_tag-aktyviai-organizmo-apykaitai","10":"product_tag-energijai","11":"product_tag-sveikai-sirdziai","13":"first","14":"instock","15":"sale","16":"taxable","17":"shipping-taxable","18":"purchasable","19":"product-type-simple"},"acf":[],"_links":{"self":[{"href":"https:\/\/findvit.com\/lv\/wp-json\/wp\/v2\/product\/3595","targetHints":{"allow":["GET"]}}],"collection":[{"href":"https:\/\/findvit.com\/lv\/wp-json\/wp\/v2\/product"}],"about":[{"href":"https:\/\/findvit.com\/lv\/wp-json\/wp\/v2\/types\/product"}],"replies":[{"embeddable":true,"href":"https:\/\/findvit.com\/lv\/wp-json\/wp\/v2\/comments?post=3595"}],"version-history":[{"count":22,"href":"https:\/\/findvit.com\/lv\/wp-json\/wp\/v2\/product\/3595\/revisions"}],"predecessor-version":[{"id":18949,"href":"https:\/\/findvit.com\/lv\/wp-json\/wp\/v2\/product\/3595\/revisions\/18949"}],"wp:featuredmedia":[{"embeddable":true,"href":"https:\/\/findvit.com\/lv\/wp-json\/wp\/v2\/media\/3596"}],"wp:attachment":[{"href":"https:\/\/findvit.com\/lv\/wp-json\/wp\/v2\/media?parent=3595"}],"wp:term":[{"taxonomy":"brand","embeddable":true,"href":"https:\/\/findvit.com\/lv\/wp-json\/wp\/v2\/etheme_brands?post=3595"},{"taxonomy":"product_brand","embeddable":true,"href":"https:\/\/findvit.com\/lv\/wp-json\/wp\/v2\/product_brand?post=3595"},{"taxonomy":"product_cat","embeddable":true,"href":"https:\/\/findvit.com\/lv\/wp-json\/wp\/v2\/product_cat?post=3595"},{"taxonomy":"product_tag","embeddable":true,"href":"https:\/\/findvit.com\/lv\/wp-json\/wp\/v2\/product_tag?post=3595"}],"curies":[{"name":"wp","href":"https:\/\/api.w.org\/{rel}","templated":true}]}}