{"id":3779,"date":"2021-11-17T18:52:57","date_gmt":"2021-11-17T16:52:57","guid":{"rendered":"https:\/\/findvit.com\/?post_type=product&#038;p=3779"},"modified":"2026-02-20T09:12:51","modified_gmt":"2026-02-20T07:12:51","slug":"marine-collagen-beauty-blend-kolagenas-odai-ir-plaukams-su-hialuronu-ir-vitaminu-c-milteliai","status":"publish","type":"product","link":"https:\/\/findvit.com\/lv\/produktas\/marine-collagen-beauty-blend-kolagenas-odai-ir-plaukams-su-hialuronu-ir-vitaminu-c-milteliai\/","title":{"rendered":"Marine Collagen BEAUTY BLEND &#8211; kolagenas odai ir plaukams su hialuronu ir vitaminu C, milteliai"},"content":{"rendered":"<div data-elementor-type=\"product-post\" data-elementor-id=\"3779\" class=\"elementor elementor-3779\" data-elementor-post-type=\"product\">\n\t\t\t\t\t\t<section class=\"elementor-section elementor-top-section elementor-element elementor-element-ced0503 elementor-section-boxed elementor-section-height-default elementor-section-height-default\" data-id=\"ced0503\" data-element_type=\"section\">\n\t\t\t\t\t\t<div class=\"elementor-container elementor-column-gap-default\">\n\t\t\t\t\t<div class=\"elementor-column elementor-col-100 elementor-top-column elementor-element elementor-element-7dd31e46\" data-id=\"7dd31e46\" data-element_type=\"column\">\n\t\t\t<div class=\"elementor-widget-wrap elementor-element-populated\">\n\t\t\t\t\t\t<div class=\"elementor-element elementor-element-4247ac42 elementor-absolute elementor-hidden-mobile elementor-invisible elementor-widget elementor-widget-image\" data-id=\"4247ac42\" data-element_type=\"widget\" data-settings=\"{&quot;motion_fx_motion_fx_scrolling&quot;:&quot;yes&quot;,&quot;motion_fx_rotateZ_effect&quot;:&quot;yes&quot;,&quot;motion_fx_rotateZ_speed&quot;:{&quot;unit&quot;:&quot;px&quot;,&quot;size&quot;:5,&quot;sizes&quot;:[]},&quot;motion_fx_range&quot;:&quot;viewport&quot;,&quot;_animation&quot;:&quot;fadeIn&quot;,&quot;_position&quot;:&quot;absolute&quot;,&quot;motion_fx_rotateZ_affectedRange&quot;:{&quot;unit&quot;:&quot;%&quot;,&quot;size&quot;:&quot;&quot;,&quot;sizes&quot;:{&quot;start&quot;:0,&quot;end&quot;:100}},&quot;motion_fx_devices&quot;:[&quot;desktop&quot;,&quot;tablet&quot;,&quot;mobile&quot;]}\" data-widget_type=\"image.default\">\n\t\t\t\t<div class=\"elementor-widget-container\">\n\t\t\t\t\t\t\t\t\t\t\t\t\t\t\t<img loading=\"lazy\" decoding=\"async\" width=\"200\" height=\"200\" src=\"https:\/\/findvit.com\/wp-content\/uploads\/2021\/09\/ratukas.svg\" class=\"attachment-full size-full wp-image-1777\" alt=\"Ritenis no anketas l\u012bdz vitam\u012bnam\" \/>\t\t\t\t\t\t\t\t\t\t\t\t\t\t\t<\/div>\n\t\t\t\t<\/div>\n\t\t\t\t\t<\/div>\n\t\t<\/div>\n\t\t\t\t\t<\/div>\n\t\t<\/section>\n\t\t\t\t<section class=\"elementor-section elementor-top-section elementor-element elementor-element-4a54bd22 elementor-section-boxed elementor-section-height-default elementor-section-height-default\" data-id=\"4a54bd22\" data-element_type=\"section\">\n\t\t\t\t\t\t<div class=\"elementor-container elementor-column-gap-no\">\n\t\t\t\t\t<div class=\"elementor-column elementor-col-50 elementor-top-column elementor-element elementor-element-6f6c23e0\" data-id=\"6f6c23e0\" data-element_type=\"column\">\n\t\t\t<div class=\"elementor-widget-wrap elementor-element-populated\">\n\t\t\t\t\t\t<div class=\"elementor-element elementor-element-17f35b6f elementor-widget elementor-widget-heading\" data-id=\"17f35b6f\" data-element_type=\"widget\" data-widget_type=\"heading.default\">\n\t\t\t\t<div class=\"elementor-widget-container\">\n\t\t\t\t\t<h2 class=\"elementor-heading-title elementor-size-medium\">KIKI Beauty Blend Collagen - dabisks papildin\u0101jums j\u016bsu skaistumam<\/h2>\t\t\t\t<\/div>\n\t\t\t\t<\/div>\n\t\t\t\t<div class=\"elementor-element elementor-element-66bc320c elementor-widget elementor-widget-text-editor\" data-id=\"66bc320c\" data-element_type=\"widget\" data-widget_type=\"text-editor.default\">\n\t\t\t\t<div class=\"elementor-widget-container\">\n\t\t\t\t\t\t\t\t\t<p><strong>KIKI HEALTH BEAUTY Blend - <\/strong>tas ir bag\u0101tin\u0101ts ar dab\u012bg\u0101m sast\u0101vda\u013c\u0101m <strong>skaistums<\/strong>\u00a0<strong> komplekss \u0101dai.<\/strong><\/p><p>Kolag\u0113ns ir viens no svar\u012bg\u0101kajiem m\u016bsu \u0137erme\u0146a prote\u012bniem, kas veido aptuveni 30% no kop\u0113j\u0101 prote\u012bna un aptuveni 70% \u0101das prote\u012bnu.<\/p><p>Turkl\u0101t m\u016bsu \u0101da ir pak\u013cauta daudziem \u0101r\u0113jiem faktoriem, piem\u0113ram, saules gaismai, pies\u0101r\u0146ojumam, stresam un nepareizam uzturam, kas v\u0113l vair\u0101k boj\u0101 kolag\u0113na \u0161\u016bnas un veicina br\u012bvo radik\u0101\u013cu veido\u0161anos.<\/p><p><strong>T\u0101p\u0113c ir izveidota uzlabota formula, kas apvieno hialuronsk\u0101bi, dabisko C vitam\u012bnu un j\u016bras kolag\u0113nu.<\/strong><\/p><p>Eso\u0161ais\u00a0<strong>C vitam\u012bns<\/strong>\u00a0svar\u012bgi\u00a0<strong>norm\u0101lai kolag\u0113na veido\u0161anai un<\/strong><\/p><ul><li><strong>norm\u0101lai asinsvadu darb\u012bbai<\/strong><\/li><li><strong>norm\u0101lai kaulu darb\u012bbai<\/strong><\/li><li><strong>norm\u0101lai skrim\u0161\u013ca darb\u012bbai<\/strong><\/li><li><strong>norm\u0101lai \u0101das darb\u012bbai<\/strong><\/li><\/ul><p>Ar vecumu samazin\u0101s organisma sp\u0113ja ra\u017eot hialuronsk\u0101bi un kolag\u0113nu.\u00a0\u00a0<\/p><p><strong>Kolag\u0113na tr\u016bkums<\/strong> var b\u016bt kust\u012bbu trauc\u0113jumi, <strong>loc\u012btavu st\u012bvuma, muguras s\u0101pju, grumbu, celul\u012bta, \u0101das mitrin\u0101\u0161anas un tvirtuma c\u0113lonis.\u00a0<\/strong><\/p><p>KIKI Beauty Blend Collagen ir viegli sagremojams un gar\u0161\u012bgs \u2013 vienk\u0101r\u0161i sajauciet vienu t\u0113jkaroti ar \u016bdeni, sulu vai sm\u016btiju un izbaudiet savas \u0101das skaistumu!<\/p><p>Hidroliz\u0113ts noz\u012bm\u0113, ka kolag\u0113ns tiek sadal\u012bts maz\u0101k\u0101s molekul\u0101s - pept\u012bdos, kurus organisms viegl\u0101k sagremo un absorb\u0113.<\/p><p>Eso\u0161ais <strong>Hialurons <\/strong>ir pla\u0161i paz\u012bstams un nov\u0113rt\u0113ts ar sav\u0101m labv\u0113l\u012bgaj\u0101m \u012bpa\u0161\u012bb\u0101m un sp\u0113ju saist\u012bties ar \u016bdens molekul\u0101m.<\/p><p>\u0160is kalog\u0113ns tiek ieg\u016bts no ilgtsp\u0113j\u012bgi audz\u0113t\u0101m savva\u013cas ziv\u012bm, piem\u0113ram, menc\u0101m, pik\u0161\u0101m, j\u016bras zeltplekst\u0113m un glieme\u017eiem, net\u0101lu no Francijas krasta, atbild\u012bg\u0101 zvejniec\u012bb\u0101, ko sertific\u0113jusi MSC.\u00a0<\/p><p>Izmantojot \u0161o produktu, j\u016bs varat b\u016bt p\u0101rliecin\u0101ti, ka pie\u0161\u0137irat savam \u0137ermenim augst\u0101k\u0101s kvalit\u0101tes sast\u0101vda\u013cas.<\/p><p>M\u016bsu KIKI Health Marine Collagen Beauty Blend ir lieliska izv\u0113le tiem, kam r\u016bp sava \u0101da <strong>izskats<\/strong>, <strong>saj\u016bta<\/strong>.<\/p>\t\t\t\t\t\t\t\t<\/div>\n\t\t\t\t<\/div>\n\t\t\t\t\t<\/div>\n\t\t<\/div>\n\t\t\t\t<div class=\"elementor-column elementor-col-50 elementor-top-column elementor-element elementor-element-537c4e55\" data-id=\"537c4e55\" data-element_type=\"column\">\n\t\t\t<div class=\"elementor-widget-wrap elementor-element-populated\">\n\t\t\t\t\t\t<div class=\"elementor-element elementor-element-4dc42886 elementor-widget elementor-widget-image\" data-id=\"4dc42886\" data-element_type=\"widget\" data-widget_type=\"image.default\">\n\t\t\t\t<div class=\"elementor-widget-container\">\n\t\t\t\t\t\t\t\t\t\t\t\t\t\t\t<img loading=\"lazy\" decoding=\"async\" width=\"900\" height=\"900\" src=\"https:\/\/findvit.com\/wp-content\/uploads\/2021\/11\/koliazai-15-900x900.jpg\" class=\"attachment-large size-large wp-image-3823\" alt=\"Skaista sievietes \u0101da, izmantojot uztura bag\u0101tin\u0101t\u0101jus\" srcset=\"https:\/\/findvit.com\/wp-content\/uploads\/2021\/11\/koliazai-15-900x900.jpg 900w, https:\/\/findvit.com\/wp-content\/uploads\/2021\/11\/koliazai-15-600x600.jpg 600w, https:\/\/findvit.com\/wp-content\/uploads\/2021\/11\/koliazai-15-150x150.jpg 150w, https:\/\/findvit.com\/wp-content\/uploads\/2021\/11\/koliazai-15-768x768.jpg 768w, https:\/\/findvit.com\/wp-content\/uploads\/2021\/11\/koliazai-15-1x1.jpg 1w, https:\/\/findvit.com\/wp-content\/uploads\/2021\/11\/koliazai-15-10x10.jpg 10w, https:\/\/findvit.com\/wp-content\/uploads\/2021\/11\/koliazai-15-100x100.jpg 100w, https:\/\/findvit.com\/wp-content\/uploads\/2021\/11\/koliazai-15-e1637516776328.jpg 1001w\" sizes=\"auto, (max-width: 900px) 100vw, 900px\" \/>\t\t\t\t\t\t\t\t\t\t\t\t\t\t\t<\/div>\n\t\t\t\t<\/div>\n\t\t\t\t\t<\/div>\n\t\t<\/div>\n\t\t\t\t\t<\/div>\n\t\t<\/section>\n\t\t\t\t<\/div>","protected":false},"excerpt":{"rendered":"<p>Kolagenas\u00a0 stangriai odai\u00a0 ir gra\u017eiems plaukams. Stiprina nagus, plaukus ir skaitina od\u0105 i\u0161 vidaus. Puikios sud\u0117ties kompleksas kasdieniai gro\u017eio rutinai palaikyti. Hialuronio r\u016bg\u0161ti ir Vitaminu C i\u0161 nat\u016brali\u0173 Acai ir Camu Camu uog\u0173 u\u017etikrina produkto grynum\u0105 ir nat\u016bralum\u0105. Specialistai rekomenduoja vartoti\u00a0 \u0161\u012f kolagen\u0105 vakare prie\u0161 mieg\u0105.<\/p>","protected":false},"featured_media":3780,"comment_status":"open","ping_status":"closed","template":"","meta":{"_acf_changed":false,"inline_featured_image":false},"etheme_brands":[{"term_id":28,"name":"Kiki Health","slug":"kiki-health","term_group":0,"term_taxonomy_id":28,"taxonomy":"brand","description":"<h2><a href=\"https:\/\/kiki-health.com\/about-us\/\" target=\"_blank\" rel=\"noopener\"><strong>KIKI Health<\/strong><\/a><\/h2>\r\nKIKI yra prek\u0117s \u017eenklas, kuriantis novatori\u0161kus maisto papildus.\r\n\r\nKIKI yra pripa\u017eintas ir gerbiamas, kaip sveikos gyvensenos produkt\u0173 ir individualumo bei meistri\u0161kumo standartas.\r\n\r\nKIKI gim\u0117 i\u0161 noro skatinti optimali\u0105 sveikat\u0105 ir gerov\u0119, m\u016bs\u0173 tikslas ir aistra yra \u012fsigyti auk\u0161\u010diausios kokyb\u0117s, grynumo produktus i\u0161 viso pasaulio, kurie pad\u0117t\u0173 gro\u017eiui ir sveikatai.\r\n\r\nNuo pat prad\u017ei\u0173 ir iki \u0161iol KIKI Health niekada nedaro kompromis\u0173 ir nededa pried\u0173 bei naudoja prastesni\u0173 ingredient\u0173 - tik nat\u016bralios 100% veikliosios med\u017eiagos.\r\n\r\nhttps:\/\/youtu.be\/irT0ZUOzBac?t=45\r\n<h3><strong>Nat\u016braliai turtingi <\/strong><strong>vitaminais, mineralais ir b\u016btinomis\u00a0 veikliosiomis med\u017eiagomis<\/strong><\/h3>\r\nDaugelis \"KIKI Health\" produkt\u0173 turintys augalini\u0173 ir maistini\u0173 med\u017eiag\u0173\u00a0 yra sertifikuoti, kaip ekologi\u0161ki.\r\n\r\nI\u0161naudodami stiprias augalin\u0117s kilm\u0117s, nat\u016brali\u0173 ingredient\u0173 galias, kupinas esmini\u0173 augal\u0173 veikli\u0173j\u0173 med\u017eiag\u0173, vitamin\u0173 ir mineral\u0173, kad suteikt\u0173 smegenims, odai ir k\u016bnui neprilygstam\u0105 pagalb\u0105.\r\n\r\nKIKI Health tikslas yra u\u017etikrinti, kad mi\u0161iniuose neb\u016bt\u0173 sintetikos, konservant\u0173, u\u017epild\u0173 ir ri\u0161ikli\u0173, u\u017etikrinant, kad ir toliau gamint\u0173 veiksmingus, \u0161varius ir saugius papildus.\r\n\r\nPagaminta Jungtin\u0117je Karalyst\u0117je i\u0161 \u0161vari\u0173 ir tvari\u0173 ingredient\u0173.\r\n<h3><strong>Atsakingumas<\/strong><\/h3>\r\nU\u017etikrindami, kad produktai b\u016bt\u0173 atsakingai u\u017eauginti, ne tik r\u016bpinamasi aplinka, bet ir garantuojama produkto kokyb\u0119. KIKI Healt specialistai keliauja po pasaul\u012f ie\u0161kodami ekologi\u0161k\u0173, eti\u0161kai gaut\u0173 ingredient\u0173, pasi\u017eymin\u010di\u0173 geresne maistine verte, kartu pad\u0117dami vietos bendruomen\u0117ms klest\u0117ti. Maisto gamybos b\u016bdas yra labai svarbus daugeliui vartotoj\u0173, ir tai kelia susir\u016bpinim\u0105, kur\u012f mes dalijam\u0117s.\r\n<h3><strong>Minimalus apdorojimas<\/strong><\/h3>\r\nNor\u0117dami pasiekti optimal\u0173 biologin\u012f prieinamum\u0105, stengiamasi, kad ingredientai b\u016bt\u0173 kuo ar\u010diau j\u0173 nat\u016bralios b\u016bkl\u0117s. Laikomasi minimalaus perdirbimo ir kontroliuojama temperat\u016bros, i\u0161kart po derliaus nu\u0117mimo, kad b\u016bt\u0173 i\u0161laikoma visa nauda sveikatai ir gyvybi\u0161kai svarbios maistin\u0117s med\u017eiagos.\r\n\r\n<strong>Produktuose n\u0117ra<\/strong>: sintetikos, dirbtini\u0173 da\u017eikli\u0173 ir kvapi\u0173j\u0173 med\u017eiag\u0173, u\u017epild\u0173, ri\u0161ikli\u0173, dengimo med\u017eiag\u0173, lipnum\u0105 reguliuojan\u010di\u0173 med\u017eiag\u0173, cukr\u0173, glitimo, GMO, laktoz\u0117s, konservant\u0173, pagalbini\u0173 med\u017eiag\u0173.\r\n\r\nVisi ingredientai ir galutiniai produktai yra reguliariai tikrinami tre\u010diosios \u0161alies laboratorijoje. U\u017etikrinama, kad kiekviena partija b\u016bt\u0173 i\u0161bandyta d\u0117l sunki\u0173j\u0173 metal\u0173, mikroorganizm\u0173 ir pesticid\u0173 laikantis grie\u017et\u0173 kokyb\u0117s kontrol\u0117s s\u0105lyg\u0173, o rezultatai atitikt\u0173 ES ir JK ribinius reglamentus, \u012fskaitant ekologinio \u016bkininkavimo standartus.","parent":0,"count":28,"filter":"raw"}],"product_brand":[],"product_cat":[119,646],"product_tag":[122,95,94],"class_list":{"0":"post-3779","1":"product","2":"type-product","3":"status-publish","4":"has-post-thumbnail","6":"brand-kiki-health","7":"product_cat-kolagenas","8":"product_cat-papildai-moterims","9":"product_tag-jaunatviskai-odai","10":"product_tag-puikiai-isvaizdai","11":"product_tag-sanariams-ir-kremzlems","13":"first","14":"instock","15":"sale","16":"taxable","17":"shipping-taxable","18":"purchasable","19":"product-type-simple"},"acf":[],"_links":{"self":[{"href":"https:\/\/findvit.com\/lv\/wp-json\/wp\/v2\/product\/3779","targetHints":{"allow":["GET"]}}],"collection":[{"href":"https:\/\/findvit.com\/lv\/wp-json\/wp\/v2\/product"}],"about":[{"href":"https:\/\/findvit.com\/lv\/wp-json\/wp\/v2\/types\/product"}],"replies":[{"embeddable":true,"href":"https:\/\/findvit.com\/lv\/wp-json\/wp\/v2\/comments?post=3779"}],"version-history":[{"count":20,"href":"https:\/\/findvit.com\/lv\/wp-json\/wp\/v2\/product\/3779\/revisions"}],"predecessor-version":[{"id":22478,"href":"https:\/\/findvit.com\/lv\/wp-json\/wp\/v2\/product\/3779\/revisions\/22478"}],"wp:featuredmedia":[{"embeddable":true,"href":"https:\/\/findvit.com\/lv\/wp-json\/wp\/v2\/media\/3780"}],"wp:attachment":[{"href":"https:\/\/findvit.com\/lv\/wp-json\/wp\/v2\/media?parent=3779"}],"wp:term":[{"taxonomy":"brand","embeddable":true,"href":"https:\/\/findvit.com\/lv\/wp-json\/wp\/v2\/etheme_brands?post=3779"},{"taxonomy":"product_brand","embeddable":true,"href":"https:\/\/findvit.com\/lv\/wp-json\/wp\/v2\/product_brand?post=3779"},{"taxonomy":"product_cat","embeddable":true,"href":"https:\/\/findvit.com\/lv\/wp-json\/wp\/v2\/product_cat?post=3779"},{"taxonomy":"product_tag","embeddable":true,"href":"https:\/\/findvit.com\/lv\/wp-json\/wp\/v2\/product_tag?post=3779"}],"curies":[{"name":"wp","href":"https:\/\/api.w.org\/{rel}","templated":true}]}}