{"id":3787,"date":"2021-11-17T19:06:47","date_gmt":"2021-11-17T17:06:47","guid":{"rendered":"https:\/\/findvit.com\/?post_type=product&#038;p=3787"},"modified":"2024-12-17T17:41:33","modified_gmt":"2024-12-17T15:41:33","slug":"trace-minerals-stipriausias-vitaminas-d3-su-mineralais-473ml","status":"publish","type":"product","link":"https:\/\/findvit.com\/lv\/produktas\/trace-minerals-stipriausias-vitaminas-d3-su-mineralais-473ml\/","title":{"rendered":"Izsekot miner\u0101lvielas sp\u0113c\u012bg\u0101kais D3 vitam\u012bns ar miner\u0101lviel\u0101m, \u0161\u0137idrs, 473ml."},"content":{"rendered":"<div data-elementor-type=\"product-post\" data-elementor-id=\"3787\" class=\"elementor elementor-3787\" data-elementor-post-type=\"product\">\n\t\t\t\t\t\t<section class=\"elementor-section elementor-top-section elementor-element elementor-element-5ab5dc54 elementor-section-boxed elementor-section-height-default elementor-section-height-default\" data-id=\"5ab5dc54\" data-element_type=\"section\">\n\t\t\t\t\t\t<div class=\"elementor-container elementor-column-gap-default\">\n\t\t\t\t\t<div class=\"elementor-column elementor-col-100 elementor-top-column elementor-element elementor-element-153546a5\" data-id=\"153546a5\" data-element_type=\"column\">\n\t\t\t<div class=\"elementor-widget-wrap elementor-element-populated\">\n\t\t\t\t\t\t<div class=\"elementor-element elementor-element-38fe6174 elementor-absolute elementor-hidden-mobile elementor-invisible elementor-widget elementor-widget-image\" data-id=\"38fe6174\" data-element_type=\"widget\" data-settings=\"{&quot;motion_fx_motion_fx_scrolling&quot;:&quot;yes&quot;,&quot;motion_fx_rotateZ_effect&quot;:&quot;yes&quot;,&quot;motion_fx_rotateZ_speed&quot;:{&quot;unit&quot;:&quot;px&quot;,&quot;size&quot;:5,&quot;sizes&quot;:[]},&quot;motion_fx_range&quot;:&quot;viewport&quot;,&quot;_animation&quot;:&quot;fadeIn&quot;,&quot;_position&quot;:&quot;absolute&quot;,&quot;motion_fx_rotateZ_affectedRange&quot;:{&quot;unit&quot;:&quot;%&quot;,&quot;size&quot;:&quot;&quot;,&quot;sizes&quot;:{&quot;start&quot;:0,&quot;end&quot;:100}},&quot;motion_fx_devices&quot;:[&quot;desktop&quot;,&quot;tablet&quot;,&quot;mobile&quot;]}\" data-widget_type=\"image.default\">\n\t\t\t\t<div class=\"elementor-widget-container\">\n\t\t\t\t\t\t\t\t\t\t\t\t\t\t\t<img loading=\"lazy\" decoding=\"async\" width=\"200\" height=\"200\" src=\"https:\/\/findvit.com\/wp-content\/uploads\/2021\/09\/ratukas.svg\" class=\"attachment-full size-full wp-image-1777\" alt=\"Ritenis no anketas l\u012bdz vitam\u012bnam\" \/>\t\t\t\t\t\t\t\t\t\t\t\t\t\t\t<\/div>\n\t\t\t\t<\/div>\n\t\t\t\t\t<\/div>\n\t\t<\/div>\n\t\t\t\t\t<\/div>\n\t\t<\/section>\n\t\t\t\t<section class=\"elementor-section elementor-top-section elementor-element elementor-element-7a044d49 elementor-section-boxed elementor-section-height-default elementor-section-height-default\" data-id=\"7a044d49\" data-element_type=\"section\">\n\t\t\t\t\t\t<div class=\"elementor-container elementor-column-gap-no\">\n\t\t\t\t\t<div class=\"elementor-column elementor-col-50 elementor-top-column elementor-element elementor-element-706c3e67\" data-id=\"706c3e67\" data-element_type=\"column\">\n\t\t\t<div class=\"elementor-widget-wrap elementor-element-populated\">\n\t\t\t\t\t\t<div class=\"elementor-element elementor-element-77a6c0b7 elementor-widget elementor-widget-heading\" data-id=\"77a6c0b7\" data-element_type=\"widget\" data-widget_type=\"heading.default\">\n\t\t\t\t<div class=\"elementor-widget-container\">\n\t\t\t\t\t<h2 class=\"elementor-heading-title elementor-size-medium\">Izsekot miner\u0101lviel\u0101m sp\u0113c\u012bgs \u0161\u0137idrs D3 vitam\u012bns ar miner\u0101lviel\u0101m!<\/h2>\t\t\t\t<\/div>\n\t\t\t\t<\/div>\n\t\t\t\t<div class=\"elementor-element elementor-element-5d0e1234 elementor-widget elementor-widget-text-editor\" data-id=\"5d0e1234\" data-element_type=\"widget\" data-widget_type=\"text-editor.default\">\n\t\t\t\t<div class=\"elementor-widget-container\">\n\t\t\t\t\t\t\t\t\t<p>Ir pieejams \u0161\u0137idrais D3 vitam\u012bns <strong>augstas kvalit\u0101tes p\u0101rtika<\/strong> papildin\u0101jums, kas nodro\u0161ina 125mcg <strong>(5000\u00a0SV)<\/strong> D3 vitam\u012bna vien\u0101 porcij\u0101.<\/p><p>\u0160is produkts ir pieejams ar\u012b <strong>bag\u0101tin\u0101ts<\/strong> ar koncentr\u0113tu pilna spektra jonu mikroelementu kompleksu.\u00a0<\/p><p>D3 vitam\u012bns ir<strong> \u013coti svar\u012bgi m\u016bsu \u0137ermenim<\/strong>, jo:<\/p><ul><li>D vitam\u012bns parasti ir svar\u012bgs <strong>kalcija un fosfora uzs\u016bk\u0161anai<\/strong> un\/vai asimil\u0101cija<\/li><li>D vitam\u012bns parasti ir svar\u012bgs <strong>kaulu st\u0101voklis<\/strong> atbalst\u012bt<\/li><li>D vitam\u012bns parasti ir svar\u012bgs <strong>musku\u013cu funkcija<\/strong> atbalst\u012bt<\/li><li>D vitam\u012bns parasti ir svar\u012bgs <strong>lai uztur\u0113tu zobu st\u0101vokli<\/strong><\/li><li>D vitam\u012bns parasti ir svar\u012bgs <strong>im\u016bnsist\u0113mas darb\u012bba<\/strong><\/li><\/ul><p>\u0160is produkts ir izgatavots no <strong>augstas kvalit\u0101tes<\/strong> sast\u0101vda\u013cas un nav pievienotas m\u0101ksl\u012bgas piedevas vai konservanti.<\/p><p>Vi\u0146\u0161 ar\u012b tur ir <strong>bez lipek\u013ca<\/strong>, t\u0101p\u0113c to var lietot cilv\u0113ki, kuriem ir aler\u0123ija pret lipekli vai kuri iev\u0113ro bezglut\u0113na di\u0113tu.<\/p><p>\u0160\u0137idrais D3 vitam\u012bns ir lieliska izv\u0113le cilv\u0113kiem, kuri to v\u0113las <strong>papildin\u0101t<\/strong> j\u016bsu uzturs ar D3 vitam\u012bnu un mikroelementiem.<\/p><p>\u013boti daudz <strong>\u0113rti un pat\u012bkami<\/strong> izmantojiet, jo \u0161is produkts ir \u0161\u0137idr\u0101 veid\u0101, t\u0101p\u0113c to var viegli sajaukt ar \u016bdeni vai iecien\u012bt\u0101ko dz\u0113rienu.<\/p><p>Lieto\u0161anas ieteikums: R\u016bp\u012bgi sakratiet. \u0145em 1 \u0113damkaroti dien\u0101, var sajaukt ar \u016bdeni vai iecien\u012bt\u0101ko dz\u0113rienu. Nav ieteicams z\u012bdai\u0146iem. P\u0113c atv\u0113r\u0161anas uzglab\u0101t ledusskap\u012b.<\/p><p>Klientu atsauksmes liecina, ka \u0161is produkts ir<strong> augsti nov\u0113rt\u0113ts<\/strong> augst\u0101s kvalit\u0101tes, \u012bpa\u0161\u012bbu d\u0113\u013c.<\/p><p>Turkl\u0101t klienti to iesaka saviem radiniekiem.<\/p><p><strong>Pievienojiet to<\/strong> \u0160\u0137idrais D3 vitam\u012bns ar mikroelementiem<strong> j\u016bsu ikdienas uztur\u0101<\/strong> un izbaudi t\u0101s priek\u0161roc\u012bbas.<\/p><p>Pas\u016btiet t\u016bl\u012bt un s\u0101ciet baud\u012bt visas \u0161\u012b lielisk\u0101 produkta priek\u0161roc\u012bbas.<\/p><p><b>Lieto\u0161ana:\u00a0<\/b> Pa\u0146emiet 10 ml (2 t\u0113jkarotes) gl\u0101z\u0113 \u016bdens vai sulas p\u0113c \u0113\u0161anas.\u00a0<strong>Br\u012bdin\u0101jumi:<\/strong> Pirms lieto\u0161anas pudeli sakratiet. P\u0113c atv\u0113r\u0161anas uzglab\u0101t ledusskap\u012b.<\/p><p>K\u0101 <strong>uzzini<\/strong> k\u0101di vitam\u012bni, miner\u0101lvielas vai citas piedevas <strong>\u0161obr\u012bd vispiem\u0113rot\u0101kais<\/strong>?\u00a0 \u00a0<strong>Izm\u0113\u0123iniet to<\/strong> bezmaksas tests <strong><a href=\"https:\/\/findvit.com\/lv\/testas\/\">&quot;Tava diena&quot;<\/a>!\u00a0<\/strong> kur <strong>j\u016bs uzzin\u0101siet<\/strong> \u0137erme\u0146a vajadz\u012bb\u0101m un <strong>j\u016bs sa\u0146emsiet<\/strong> <strong>personisks<\/strong> ieteikums!<\/p>\t\t\t\t\t\t\t\t<\/div>\n\t\t\t\t<\/div>\n\t\t\t\t\t<\/div>\n\t\t<\/div>\n\t\t\t\t<div class=\"elementor-column elementor-col-50 elementor-top-column elementor-element elementor-element-6c7d7bbe\" data-id=\"6c7d7bbe\" data-element_type=\"column\">\n\t\t\t<div class=\"elementor-widget-wrap elementor-element-populated\">\n\t\t\t\t\t\t<div class=\"elementor-element elementor-element-33373021 elementor-widget elementor-widget-image\" data-id=\"33373021\" data-element_type=\"widget\" data-widget_type=\"image.default\">\n\t\t\t\t<div class=\"elementor-widget-container\">\n\t\t\t\t\t\t\t\t\t\t\t\t\t\t\t<img loading=\"lazy\" decoding=\"async\" width=\"900\" height=\"900\" src=\"https:\/\/findvit.com\/wp-content\/uploads\/2021\/10\/Ko-6-900x900.jpg\" class=\"attachment-large size-large wp-image-2480\" alt=\"Laim\u012bga \u0123imene, kad visi ir veseli\" srcset=\"https:\/\/findvit.com\/wp-content\/uploads\/2021\/10\/Ko-6-900x900.jpg 900w, https:\/\/findvit.com\/wp-content\/uploads\/2021\/10\/Ko-6-600x600.jpg 600w, https:\/\/findvit.com\/wp-content\/uploads\/2021\/10\/Ko-6-150x150.jpg 150w, https:\/\/findvit.com\/wp-content\/uploads\/2021\/10\/Ko-6-768x768.jpg 768w, https:\/\/findvit.com\/wp-content\/uploads\/2021\/10\/Ko-6-1x1.jpg 1w, https:\/\/findvit.com\/wp-content\/uploads\/2021\/10\/Ko-6-10x10.jpg 10w, https:\/\/findvit.com\/wp-content\/uploads\/2021\/10\/Ko-6-100x100.jpg 100w, https:\/\/findvit.com\/wp-content\/uploads\/2021\/10\/Ko-6.jpg 1000w\" sizes=\"auto, (max-width: 900px) 100vw, 900px\" \/>\t\t\t\t\t\t\t\t\t\t\t\t\t\t\t<\/div>\n\t\t\t\t<\/div>\n\t\t\t\t\t<\/div>\n\t\t<\/div>\n\t\t\t\t\t<\/div>\n\t\t<\/section>\n\t\t\t\t<\/div>","protected":false},"excerpt":{"rendered":"<p>Sp\u0113c\u012bg\u0101kais D vitam\u012bns ir lielisks D3 vitam\u012bna avots un bag\u0101t\u012bgs mikroelementu komplekss. \u0160\u0137idra, pat\u012bkama gar\u0161a.<\/p>\n<p>Maksim\u0101l\u0101 koncentr\u0101cija ir pat 5000TV. Kursam pietiek ar 30 l\u012bdz 60 dien\u0101m.<\/p>","protected":false},"featured_media":3788,"comment_status":"open","ping_status":"closed","template":"","meta":{"_acf_changed":false,"inline_featured_image":false},"etheme_brands":[{"term_id":38,"name":"Trace Minerals","slug":"trace-minerals","term_group":0,"term_taxonomy_id":38,"taxonomy":"brand","description":"<h2><strong>Trace minerals<\/strong><\/h2>\r\n\"Trace Minerals\" yra \u017einomas jonini\u0173 mineralini\u0173 papild\u0173 prek\u0117s \u017eenklas, kuriuo pasitikima beveik 50 met\u0173.\r\n\r\n<strong>Gamintojo misija<\/strong>\r\n\r\n\"Trace Minerals\" mato pasaul\u012f, kuriame \u017emon\u0117s yra\r\natsakingi u\u017e savo sveikat\u0105. Laikas, kai visi \u017emon\u0117s yra nori ir gali\r\ngyventi sveikiau. Joniniai mineralai yra pasiekiami visiems norintiems. Daugiau nei 50 met\u0173 \"Trace Minerals\" prek\u0117s \u017eenklo\r\nproduktai visame pasaulyje buvo pripa\u017einti jonini\u0173 produkt\u0173 pradininkais.\r\n\r\nVisus 50 met\u0173 Trace Minerals vertyb\u0117s yra:\r\n\r\n1. Bekompromis\u0117 kokyb\u0117, nuo kurios priklauso \u017emoni\u0173 savijauta.\r\n2. Neprilygstama aptarnavimas, kuris leid\u017eia klientams \u0161ypsotis.\r\n3. Nuolatinis pajam\u0173 augimas diegiant inovacijas ir kuriant produktus.\r\n4. Ugdomieji u\u017esi\u0117mimai.\r\n5. Lyderyst\u0117 savo srities pramon\u0117je.\r\n6. Lojalumas ir s\u0105\u017einingumas patikimiems darbuotojams ir verslo partneriams.\r\n<h3><strong>Garantija<\/strong><\/h3>\r\nGamintojas tiki, kad maisto papildai tur\u0117t\u0173 atne\u0161ti pastebimus\r\nrezultatus. Trace minerals \u012fsipareigojimas siekti pastebim\u0173 rezultat\u0173 yra\r\n\"Trace Minerals research\" filosofija.\r\n\r\nBeveik penkis de\u0161imtme\u010dius \"Trace Minerals\" prek\u0117s \u017eenklo produktai pad\u0117jo \u017emon\u0117ms priimti pagr\u012fstus sprendimus pasirenkant tinkamus produktus. Trce Minerals t\u0119stinis \u012fsipareigojimas yra paprastas: gaminti auk\u0161\u010diausios kokyb\u0117s produktus, paremtus moksliniais tyrimais, pagamintus u\u017e teising\u0105 kain\u0105 ir garantuojama, kad bus\r\npagerinti gyvenimai t\u0173, kurie vartoja kokybi\u0161kus produktus. Trace minerals visada tai dar\u0117 ir toliau t\u0105 darys.\r\n\r\nhttps:\/\/youtu.be\/hbeINVcx5FY?t=77\r\n<h3><strong>Mokslas ir tyrimai<\/strong><\/h3>\r\nGamintojas gavo \u0161e\u0161i\u0173 m\u0117nesi\u0173 klinikinio tyrimo \"ConcenTrace\u00ae\" rezultatus. \"Trace Mineral Drops\", jo pavyzdinis jonini\u0173 mineralinis papildas, kuriame yra visas spektras nat\u016braliai atsirandan\u010di\u0173 mikroelement\u0173.\r\n\r\nDalyviams buvo skiriama po 40 la\u0161\u0173 ConcenTrace\u00ae arba placebo per par\u0105\r\n24 savaites. Tyrime teigiama, kad \"veiksmingum\u0105 objektyviai patvirtino\r\n\u012fvertinti s\u0105nari\u0173 kremzl\u0117s storio, s\u0105nario erdv\u0117s plo\u010dio poky\u010dius\r\nir sinovinio skys\u010dio sud\u0117tis\". 24 savai\u010di\u0173 rezultatai rodo, kad \"ultrasonografija ir sinovinio skys\u010dio tyrimas atskleid\u0117 kremzl\u0117s\r\nstrukt\u016bros pager\u0117jim\u0105\".\r\n\r\n\u0160is preliminarus tyrimas parodo, kad ConcenTrace\u00ae pagerina s\u0105nari\u0173 sveikat\u0105.\r\n<h3><strong>Sertifikatai<\/strong><\/h3>\r\nKokyb\u0117 visada buvo svarbiausias <a href=\"https:\/\/www.traceminerals.com\/\" target=\"_blank\" rel=\"noopener\">\"Trace Minerals\"<\/a> prioritetas. Per daugel\u012f met\u0173\u00a0 akylai tobulino gamybos procesus. Tikima, kad geriausi procesai padeda gaminti geriausius ir sveikiausius produktus. Tai yra pagrindin\u0117 prie\u017eastis, kod\u0117l grie\u017etai kontroliuojama produkt\u0173 kokyb\u0117 ir kod\u0117l turima daugyb\u0117 sertifikat\u0173.\r\n<ul>\r\n \t<li><a href=\"https:\/\/grmalliance.org\/\" target=\"_blank\" rel=\"noopener\">GRMA\/UL GMP Certified<\/a><\/li>\r\n \t<li>GRAS Certified<\/li>\r\n \t<li>BPA Free<\/li>\r\n \t<li>Kosher<\/li>\r\n \t<li>Halal<\/li>\r\n \t<li>Non-GMO Verified<\/li>\r\n \t<li>Transparency<\/li>\r\n<\/ul>","parent":0,"count":19,"filter":"raw"}],"product_brand":[],"product_cat":[23],"product_tag":[89,91,96,98],"class_list":{"0":"post-3787","1":"product","2":"type-product","3":"status-publish","4":"has-post-thumbnail","6":"brand-trace-minerals","7":"product_cat-vitaminai","8":"product_tag-atminciai-ir-koncentracijai","9":"product_tag-imunitetui","10":"product_tag-raumenims","11":"product_tag-tvirtiems-kaulams","13":"first","14":"outofstock","15":"taxable","16":"shipping-taxable","17":"purchasable","18":"product-type-simple"},"acf":[],"_links":{"self":[{"href":"https:\/\/findvit.com\/lv\/wp-json\/wp\/v2\/product\/3787","targetHints":{"allow":["GET"]}}],"collection":[{"href":"https:\/\/findvit.com\/lv\/wp-json\/wp\/v2\/product"}],"about":[{"href":"https:\/\/findvit.com\/lv\/wp-json\/wp\/v2\/types\/product"}],"replies":[{"embeddable":true,"href":"https:\/\/findvit.com\/lv\/wp-json\/wp\/v2\/comments?post=3787"}],"version-history":[{"count":15,"href":"https:\/\/findvit.com\/lv\/wp-json\/wp\/v2\/product\/3787\/revisions"}],"predecessor-version":[{"id":18880,"href":"https:\/\/findvit.com\/lv\/wp-json\/wp\/v2\/product\/3787\/revisions\/18880"}],"wp:featuredmedia":[{"embeddable":true,"href":"https:\/\/findvit.com\/lv\/wp-json\/wp\/v2\/media\/3788"}],"wp:attachment":[{"href":"https:\/\/findvit.com\/lv\/wp-json\/wp\/v2\/media?parent=3787"}],"wp:term":[{"taxonomy":"brand","embeddable":true,"href":"https:\/\/findvit.com\/lv\/wp-json\/wp\/v2\/etheme_brands?post=3787"},{"taxonomy":"product_brand","embeddable":true,"href":"https:\/\/findvit.com\/lv\/wp-json\/wp\/v2\/product_brand?post=3787"},{"taxonomy":"product_cat","embeddable":true,"href":"https:\/\/findvit.com\/lv\/wp-json\/wp\/v2\/product_cat?post=3787"},{"taxonomy":"product_tag","embeddable":true,"href":"https:\/\/findvit.com\/lv\/wp-json\/wp\/v2\/product_tag?post=3787"}],"curies":[{"name":"wp","href":"https:\/\/api.w.org\/{rel}","templated":true}]}}